{"id":13590,"date":"2025-05-28T22:51:56","date_gmt":"2025-05-28T22:51:56","guid":{"rendered":"https:\/\/vitablanca.ma\/product\/giorgio-armani-code-eau-de-toilette-125ml-gift-set\/"},"modified":"2025-07-06T19:58:15","modified_gmt":"2025-07-06T19:58:15","slug":"giorgio-armani-code-eau-de-toilette-125ml-gift-set","status":"publish","type":"product","link":"https:\/\/vitablanca.ma\/ar\/product-2\/giorgio-armani-code-eau-de-toilette-125ml-gift-set\/","title":{"rendered":"\u0645\u062c\u0645\u0648\u0639\u0629 \u0647\u062f\u0627\u064a\u0627 \u062c\u0648\u0631\u062c\u064a\u0648 \u0627\u0631\u0645\u0627\u0646\u064a \u0643\u0648\u062f \u0627\u0648 \u062f\u064a \u062a\u0648\u0627\u0644\u064a\u062a 125 \u0645\u0644"},"content":{"rendered":"<h3>Coffret Cadeau Armani Code \u2013 Eau de Toilette 125 ml<\/h3>\n<p>D\u00e9couvrez le charme irr\u00e9sistible de <strong>Armani Code Eau de Toilette<\/strong> avec ce somptueux coffret cadeau, id\u00e9al pour un homme raffin\u00e9. Ce parfum s\u2019ouvre sur des notes d\u2019agrumes lumineuses avec la mandarine verte de Calabre, sourc\u00e9e de mani\u00e8re durable en Italie, apportant une fra\u00eecheur \u00e9clatante et naturelle.<\/p>\n<p>En c\u0153ur, le lavandin de Provence, \u00e9galement d\u2019origine durable, d\u00e9voile des facettes modernes et aromatiques, conf\u00e9rant au parfum un effet magn\u00e9tique. En fond, deux notes signature d\u2019Armani Code s\u2019imposent : l\u2019absolu de f\u00e8ve tonka, apportant une chaleur sensuelle, et le bois de c\u00e8dre, offrant une intensit\u00e9 bois\u00e9e r\u00e9confortante et enveloppante.<\/p>\n<p>Le coffret cadeau Armani est une cr\u00e9ation couture, soigneusement confectionn\u00e9e avec du papier de haute qualit\u00e9 et orn\u00e9e de marquage argent\u00e9 \u00e0 chaud. Con\u00e7u dans un esprit de luxe durable, ce coffret est sans plastique et pens\u00e9 pour durer. Son \u00e9l\u00e9gant bo\u00eetier rouge d\u00e9cor\u00e9 est con\u00e7u pour \u00eatre conserv\u00e9 et r\u00e9utilis\u00e9.<\/p>\n<p><strong>\u0645\u062d\u062a\u0648\u064a\u0627\u062a \u0627\u0644\u0635\u0646\u062f\u0648\u0642:<\/strong><\/p>\n<ul>\n<li>Armani Code Eau de Toilette 125 ml<\/li>\n<li>Armani Code Eau de Toilette 15 ml (format voyage)<\/li>\n<li>Gel Douche 75 ml\n<\/li>\n<\/ul>","protected":false},"excerpt":{"rendered":"<p>Coffret Cadeau Armani Code \u2013 Eau de Toilette 125 ml D\u00e9couvrez le charme irr\u00e9sistible de Armani Code Eau de Toilette avec ce somptueux coffret cadeau, id\u00e9al pour un homme raffin\u00e9. Ce parfum s\u2019ouvre sur des notes d\u2019agrumes lumineuses avec la mandarine verte de Calabre, sourc\u00e9e de mani\u00e8re durable en Italie, apportant une fra\u00eecheur \u00e9clatante et [&hellip;]<\/p>\n","protected":false},"featured_media":13587,"template":"","meta":{"om_disable_all_campaigns":false},"product_brand":[],"product_cat":[15],"product_tag":[],"class_list":{"0":"post-13590","1":"product","2":"type-product","3":"status-publish","4":"has-post-thumbnail","6":"product_cat-beaute-sante-complements-alimentaires-soins-et-bien-etre-au-meilleur-prix","8":"first","9":"instock","10":"taxable","11":"shipping-taxable","12":"purchasable","13":"product-type-simple"},"yoast_head":"<!-- This site is optimized with the Yoast SEO plugin v27.5 - https:\/\/yoast.com\/product\/yoast-seo-wordpress\/ -->\n<title>Giorgio Armani Code Eau de Toilette 125ml Gift Set - Maroc Prix<\/title>\n<meta name=\"description\" content=\"D\u00e9couvrez le Coffret Giorgio Armani Code EDT 125ml au Maroc. Ce parfum bois\u00e9 ambr\u00e9 intemporel, alliant mandarine verte, lavandin et f\u00e8ve tonka,\" \/>\n<meta name=\"robots\" content=\"index, follow, max-snippet:-1, max-image-preview:large, max-video-preview:-1\" \/>\n<link rel=\"canonical\" href=\"https:\/\/vitablanca.ma\/ar\/product-2\/giorgio-armani-code-eau-de-toilette-125ml-gift-set\/\" \/>\n<meta property=\"og:locale\" content=\"ar_AR\" \/>\n<meta property=\"og:type\" content=\"article\" \/>\n<meta property=\"og:title\" content=\"Giorgio Armani Code Eau de Toilette 125ml Gift Set - Maroc Prix\" \/>\n<meta property=\"og:description\" content=\"D\u00e9couvrez le Coffret Giorgio Armani Code EDT 125ml au Maroc. Ce parfum bois\u00e9 ambr\u00e9 intemporel, alliant mandarine verte, lavandin et f\u00e8ve tonka,\" \/>\n<meta property=\"og:url\" content=\"https:\/\/vitablanca.ma\/ar\/product-2\/giorgio-armani-code-eau-de-toilette-125ml-gift-set\/\" \/>\n<meta property=\"og:site_name\" content=\"Vitablanca.ma &ndash; Sant&eacute;, vitalit&eacute; et bien-&ecirc;tre pour tous les Marocains\" \/>\n<meta property=\"article:publisher\" content=\"https:\/\/www.facebook.com\/profile.php?id=61576678196717\" \/>\n<meta property=\"article:modified_time\" content=\"2025-07-06T19:58:15+00:00\" \/>\n<meta property=\"og:image\" content=\"https:\/\/vitablanca.ma\/wp-content\/uploads\/2025\/05\/3614274337136_1_1800x1800_2737dcfd-b2d8-4b50-bab8-59e6321aedd2.jpg\" \/>\n\t<meta property=\"og:image:width\" content=\"1200\" \/>\n\t<meta property=\"og:image:height\" content=\"1200\" \/>\n\t<meta property=\"og:image:type\" content=\"image\/jpeg\" \/>\n<meta name=\"twitter:card\" content=\"summary_large_image\" \/>\n<meta name=\"twitter:label1\" content=\"\u0648\u0642\u062a \u0627\u0644\u0642\u0631\u0627\u0621\u0629 \u0627\u0644\u0645\u064f\u0642\u062f\u0651\u0631\" \/>\n\t<meta name=\"twitter:data1\" content=\"\u062f\u0642\u064a\u0642\u062a\u0627\u0646\" \/>\n<script type=\"application\/ld+json\" class=\"yoast-schema-graph\">{\"@context\":\"https:\\\/\\\/schema.org\",\"@graph\":[{\"@type\":[\"WebPage\",\"ItemPage\"],\"@id\":\"https:\\\/\\\/vitablanca.ma\\\/produit\\\/giorgio-armani-code-eau-de-toilette-125ml-gift-set\\\/\",\"url\":\"https:\\\/\\\/vitablanca.ma\\\/produit\\\/giorgio-armani-code-eau-de-toilette-125ml-gift-set\\\/\",\"name\":\"Giorgio Armani Code Eau de Toilette 125ml Gift Set - Maroc Prix\",\"isPartOf\":{\"@id\":\"https:\\\/\\\/vitablanca.ma\\\/#website\"},\"primaryImageOfPage\":{\"@id\":\"https:\\\/\\\/vitablanca.ma\\\/produit\\\/giorgio-armani-code-eau-de-toilette-125ml-gift-set\\\/#primaryimage\"},\"image\":{\"@id\":\"https:\\\/\\\/vitablanca.ma\\\/produit\\\/giorgio-armani-code-eau-de-toilette-125ml-gift-set\\\/#primaryimage\"},\"thumbnailUrl\":\"https:\\\/\\\/vitablanca.ma\\\/wp-content\\\/uploads\\\/2025\\\/05\\\/3614274337136_1_1800x1800_2737dcfd-b2d8-4b50-bab8-59e6321aedd2.jpg\",\"datePublished\":\"2025-05-28T22:51:56+00:00\",\"dateModified\":\"2025-07-06T19:58:15+00:00\",\"description\":\"D\u00e9couvrez le Coffret Giorgio Armani Code EDT 125ml au Maroc. Ce parfum bois\u00e9 ambr\u00e9 intemporel, alliant mandarine verte, lavandin et f\u00e8ve tonka,\",\"breadcrumb\":{\"@id\":\"https:\\\/\\\/vitablanca.ma\\\/produit\\\/giorgio-armani-code-eau-de-toilette-125ml-gift-set\\\/#breadcrumb\"},\"inLanguage\":\"ar\",\"potentialAction\":[{\"@type\":\"ReadAction\",\"target\":[\"https:\\\/\\\/vitablanca.ma\\\/produit\\\/giorgio-armani-code-eau-de-toilette-125ml-gift-set\\\/\"]}]},{\"@type\":\"ImageObject\",\"inLanguage\":\"ar\",\"@id\":\"https:\\\/\\\/vitablanca.ma\\\/produit\\\/giorgio-armani-code-eau-de-toilette-125ml-gift-set\\\/#primaryimage\",\"url\":\"https:\\\/\\\/vitablanca.ma\\\/wp-content\\\/uploads\\\/2025\\\/05\\\/3614274337136_1_1800x1800_2737dcfd-b2d8-4b50-bab8-59e6321aedd2.jpg\",\"contentUrl\":\"https:\\\/\\\/vitablanca.ma\\\/wp-content\\\/uploads\\\/2025\\\/05\\\/3614274337136_1_1800x1800_2737dcfd-b2d8-4b50-bab8-59e6321aedd2.jpg\",\"width\":1200,\"height\":1200},{\"@type\":\"BreadcrumbList\",\"@id\":\"https:\\\/\\\/vitablanca.ma\\\/produit\\\/giorgio-armani-code-eau-de-toilette-125ml-gift-set\\\/#breadcrumb\",\"itemListElement\":[{\"@type\":\"ListItem\",\"position\":1,\"name\":\"Home\",\"item\":\"https:\\\/\\\/vitablanca.ma\\\/\"},{\"@type\":\"ListItem\",\"position\":2,\"name\":\"Tous Les Produits\",\"item\":\"https:\\\/\\\/vitablanca.ma\\\/tous-les-produits\\\/\"},{\"@type\":\"ListItem\",\"position\":3,\"name\":\"Giorgio Armani Code Eau de Toilette 125ml Gift Set\"}]},{\"@type\":\"WebSite\",\"@id\":\"https:\\\/\\\/vitablanca.ma\\\/#website\",\"url\":\"https:\\\/\\\/vitablanca.ma\\\/\",\"name\":\"VitaBlanca.ma | Compl\u00e9ments alimentaires, sant\u00e9 & beaut\u00e9 au Maroc\",\"description\":\"vendre vitamines et compl\u00e9ments premium des USA &amp; Canada, Nouvelle Z\u00e9lande,Maroc (NOW Foods, Solgar, Manuka). Livraison rapide partout au Maroc.\",\"publisher\":{\"@id\":\"https:\\\/\\\/vitablanca.ma\\\/#organization\"},\"alternateName\":\"VitaBlanca.ma\",\"potentialAction\":[{\"@type\":\"SearchAction\",\"target\":{\"@type\":\"EntryPoint\",\"urlTemplate\":\"https:\\\/\\\/vitablanca.ma\\\/?s={search_term_string}\"},\"query-input\":{\"@type\":\"PropertyValueSpecification\",\"valueRequired\":true,\"valueName\":\"search_term_string\"}}],\"inLanguage\":\"ar\"},{\"@type\":\"Organization\",\"@id\":\"https:\\\/\\\/vitablanca.ma\\\/#organization\",\"name\":\"VitaBlanca\",\"url\":\"https:\\\/\\\/vitablanca.ma\\\/\",\"logo\":{\"@type\":\"ImageObject\",\"inLanguage\":\"ar\",\"@id\":\"https:\\\/\\\/vitablanca.ma\\\/#\\\/schema\\\/logo\\\/image\\\/\",\"url\":\"https:\\\/\\\/vitablanca.ma\\\/wp-content\\\/uploads\\\/2025\\\/05\\\/cropped-vitablanca.png\",\"contentUrl\":\"https:\\\/\\\/vitablanca.ma\\\/wp-content\\\/uploads\\\/2025\\\/05\\\/cropped-vitablanca.png\",\"width\":360,\"height\":67,\"caption\":\"VitaBlanca\"},\"image\":{\"@id\":\"https:\\\/\\\/vitablanca.ma\\\/#\\\/schema\\\/logo\\\/image\\\/\"},\"sameAs\":[\"https:\\\/\\\/www.facebook.com\\\/profile.php?id=61576678196717\",\"https:\\\/\\\/www.tiktok.com\\\/@vitablanca.ma\",\"https:\\\/\\\/www.instagram.com\\\/vitablanca.ma\\\/\"]}]}<\/script>\n<!-- \/ Yoast SEO plugin. -->","yoast_head_json":{"title":"Giorgio Armani Code Eau de Toilette 125ml Gift Set - Maroc Prix","description":"D\u00e9couvrez le Coffret Giorgio Armani Code EDT 125ml au Maroc. Ce parfum bois\u00e9 ambr\u00e9 intemporel, alliant mandarine verte, lavandin et f\u00e8ve tonka,","robots":{"index":"index","follow":"follow","max-snippet":"max-snippet:-1","max-image-preview":"max-image-preview:large","max-video-preview":"max-video-preview:-1"},"canonical":"https:\/\/vitablanca.ma\/ar\/product-2\/giorgio-armani-code-eau-de-toilette-125ml-gift-set\/","og_locale":"ar_AR","og_type":"article","og_title":"Giorgio Armani Code Eau de Toilette 125ml Gift Set - Maroc Prix","og_description":"D\u00e9couvrez le Coffret Giorgio Armani Code EDT 125ml au Maroc. Ce parfum bois\u00e9 ambr\u00e9 intemporel, alliant mandarine verte, lavandin et f\u00e8ve tonka,","og_url":"https:\/\/vitablanca.ma\/ar\/product-2\/giorgio-armani-code-eau-de-toilette-125ml-gift-set\/","og_site_name":"Vitablanca.ma &ndash; Sant&eacute;, vitalit&eacute; et bien-&ecirc;tre pour tous les Marocains","article_publisher":"https:\/\/www.facebook.com\/profile.php?id=61576678196717","article_modified_time":"2025-07-06T19:58:15+00:00","og_image":[{"width":1200,"height":1200,"url":"https:\/\/vitablanca.ma\/wp-content\/uploads\/2025\/05\/3614274337136_1_1800x1800_2737dcfd-b2d8-4b50-bab8-59e6321aedd2.jpg","type":"image\/jpeg"}],"twitter_card":"summary_large_image","twitter_misc":{"\u0648\u0642\u062a \u0627\u0644\u0642\u0631\u0627\u0621\u0629 \u0627\u0644\u0645\u064f\u0642\u062f\u0651\u0631":"\u062f\u0642\u064a\u0642\u062a\u0627\u0646"},"schema":{"@context":"https:\/\/schema.org","@graph":[{"@type":["WebPage","ItemPage"],"@id":"https:\/\/vitablanca.ma\/produit\/giorgio-armani-code-eau-de-toilette-125ml-gift-set\/","url":"https:\/\/vitablanca.ma\/produit\/giorgio-armani-code-eau-de-toilette-125ml-gift-set\/","name":"Giorgio Armani Code Eau de Toilette 125ml Gift Set - Maroc Prix","isPartOf":{"@id":"https:\/\/vitablanca.ma\/#website"},"primaryImageOfPage":{"@id":"https:\/\/vitablanca.ma\/produit\/giorgio-armani-code-eau-de-toilette-125ml-gift-set\/#primaryimage"},"image":{"@id":"https:\/\/vitablanca.ma\/produit\/giorgio-armani-code-eau-de-toilette-125ml-gift-set\/#primaryimage"},"thumbnailUrl":"https:\/\/vitablanca.ma\/wp-content\/uploads\/2025\/05\/3614274337136_1_1800x1800_2737dcfd-b2d8-4b50-bab8-59e6321aedd2.jpg","datePublished":"2025-05-28T22:51:56+00:00","dateModified":"2025-07-06T19:58:15+00:00","description":"D\u00e9couvrez le Coffret Giorgio Armani Code EDT 125ml au Maroc. Ce parfum bois\u00e9 ambr\u00e9 intemporel, alliant mandarine verte, lavandin et f\u00e8ve tonka,","breadcrumb":{"@id":"https:\/\/vitablanca.ma\/produit\/giorgio-armani-code-eau-de-toilette-125ml-gift-set\/#breadcrumb"},"inLanguage":"ar","potentialAction":[{"@type":"ReadAction","target":["https:\/\/vitablanca.ma\/produit\/giorgio-armani-code-eau-de-toilette-125ml-gift-set\/"]}]},{"@type":"ImageObject","inLanguage":"ar","@id":"https:\/\/vitablanca.ma\/produit\/giorgio-armani-code-eau-de-toilette-125ml-gift-set\/#primaryimage","url":"https:\/\/vitablanca.ma\/wp-content\/uploads\/2025\/05\/3614274337136_1_1800x1800_2737dcfd-b2d8-4b50-bab8-59e6321aedd2.jpg","contentUrl":"https:\/\/vitablanca.ma\/wp-content\/uploads\/2025\/05\/3614274337136_1_1800x1800_2737dcfd-b2d8-4b50-bab8-59e6321aedd2.jpg","width":1200,"height":1200},{"@type":"BreadcrumbList","@id":"https:\/\/vitablanca.ma\/produit\/giorgio-armani-code-eau-de-toilette-125ml-gift-set\/#breadcrumb","itemListElement":[{"@type":"ListItem","position":1,"name":"Home","item":"https:\/\/vitablanca.ma\/"},{"@type":"ListItem","position":2,"name":"Tous Les Produits","item":"https:\/\/vitablanca.ma\/tous-les-produits\/"},{"@type":"ListItem","position":3,"name":"Giorgio Armani Code Eau de Toilette 125ml Gift Set"}]},{"@type":"WebSite","@id":"https:\/\/vitablanca.ma\/#website","url":"https:\/\/vitablanca.ma\/","name":"VitaBlanca.ma | \u0627\u0644\u0645\u0643\u0645\u0644\u0627\u062a \u0627\u0644\u063a\u0630\u0627\u0626\u064a\u0629\u060c \u0627\u0644\u0635\u062d\u0629 \u0648\u0627\u0644\u062c\u0645\u0627\u0644 \u0641\u064a \u0627\u0644\u0645\u063a\u0631\u0628","description":"\u0646\u0628\u064a\u0639 \u0641\u064a\u062a\u0627\u0645\u064a\u0646\u0627\u062a \u0648\u0645\u0643\u0645\u0644\u0627\u062a \u063a\u0630\u0627\u0626\u064a\u0629 \u0641\u0627\u062e\u0631\u0629 \u0645\u0646 \u0627\u0644\u0648\u0644\u0627\u064a\u0627\u062a \u0627\u0644\u0645\u062a\u062d\u062f\u0629 \u0627\u0644\u0623\u0645\u0631\u064a\u0643\u064a\u0629 \u0648\u0643\u0646\u062f\u0627 \u0648\u0646\u064a\u0648\u0632\u064a\u0644\u0646\u062f\u0627 \u0648\u0627\u0644\u0645\u063a\u0631\u0628 (\u0646\u0627\u0648 \u0641\u0648\u062f\u0632\u060c \u0633\u0648\u0644\u062c\u0627\u0631\u060c \u0645\u0627\u0646\u0648\u0643\u0627). \u062a\u0648\u0635\u064a\u0644 \u0633\u0631\u064a\u0639 \u0625\u0644\u0649 \u062c\u0645\u064a\u0639 \u0623\u0646\u062d\u0627\u0621 \u0627\u0644\u0645\u063a\u0631\u0628.","publisher":{"@id":"https:\/\/vitablanca.ma\/#organization"},"alternateName":"VitaBlanca.ma","potentialAction":[{"@type":"SearchAction","target":{"@type":"EntryPoint","urlTemplate":"https:\/\/vitablanca.ma\/?s={search_term_string}"},"query-input":{"@type":"PropertyValueSpecification","valueRequired":true,"valueName":"search_term_string"}}],"inLanguage":"ar"},{"@type":"Organization","@id":"https:\/\/vitablanca.ma\/#organization","name":"\u0641\u064a\u062a\u0627\u0628\u0644\u0627\u0646\u0643\u0627","url":"https:\/\/vitablanca.ma\/","logo":{"@type":"ImageObject","inLanguage":"ar","@id":"https:\/\/vitablanca.ma\/#\/schema\/logo\/image\/","url":"https:\/\/vitablanca.ma\/wp-content\/uploads\/2025\/05\/cropped-vitablanca.png","contentUrl":"https:\/\/vitablanca.ma\/wp-content\/uploads\/2025\/05\/cropped-vitablanca.png","width":360,"height":67,"caption":"VitaBlanca"},"image":{"@id":"https:\/\/vitablanca.ma\/#\/schema\/logo\/image\/"},"sameAs":["https:\/\/www.facebook.com\/profile.php?id=61576678196717","https:\/\/www.tiktok.com\/@vitablanca.ma","https:\/\/www.instagram.com\/vitablanca.ma\/"]}]}},"jetpack_sharing_enabled":true,"_links":{"self":[{"href":"https:\/\/vitablanca.ma\/ar\/wp-json\/wp\/v2\/product\/13590","targetHints":{"allow":["GET"]}}],"collection":[{"href":"https:\/\/vitablanca.ma\/ar\/wp-json\/wp\/v2\/product"}],"about":[{"href":"https:\/\/vitablanca.ma\/ar\/wp-json\/wp\/v2\/types\/product"}],"wp:featuredmedia":[{"embeddable":true,"href":"https:\/\/vitablanca.ma\/ar\/wp-json\/wp\/v2\/media\/13587"}],"wp:attachment":[{"href":"https:\/\/vitablanca.ma\/ar\/wp-json\/wp\/v2\/media?parent=13590"}],"wp:term":[{"taxonomy":"product_brand","embeddable":true,"href":"https:\/\/vitablanca.ma\/ar\/wp-json\/wp\/v2\/product_brand?post=13590"},{"taxonomy":"product_cat","embeddable":true,"href":"https:\/\/vitablanca.ma\/ar\/wp-json\/wp\/v2\/product_cat?post=13590"},{"taxonomy":"product_tag","embeddable":true,"href":"https:\/\/vitablanca.ma\/ar\/wp-json\/wp\/v2\/product_tag?post=13590"}],"curies":[{"name":"wp","href":"https:\/\/api.w.org\/{rel}","templated":true}]}}