{"id":13530,"date":"2025-05-28T22:50:18","date_gmt":"2025-05-28T22:50:18","guid":{"rendered":"https:\/\/vitablanca.ma\/product\/ibraheem-al-qurashi-eau-de-parfum-black-diamond-aqua-200ml\/"},"modified":"2026-03-15T23:14:41","modified_gmt":"2026-03-15T23:14:41","slug":"ibraheem-al-qurashi-eau-de-parfum-black-diamond-aqua-200ml","status":"publish","type":"product","link":"https:\/\/vitablanca.ma\/ar\/product-2\/ibraheem-al-qurashi-eau-de-parfum-black-diamond-aqua-200ml\/","title":{"rendered":"\u0627\u0628\u0631\u0627\u0647\u064a\u0645 \u0627\u0644\u0642\u0631\u0634\u064a \u0627\u0648 \u062f\u064a \u0628\u0627\u0631\u0641\u0627\u0646 \u0628\u0644\u0627\u0643 \u062f\u0627\u064a\u0645\u0648\u0646\u062f \u0627\u0643\u0648\u0627 200 \u0645\u0644"},"content":{"rendered":"<p><span><br \/>Profitez de l&rsquo;ar\u00f4me irr\u00e9sistible de Ibraheem Al Qurashi Eau De Parfum Black Diamond Aqua 200ml. Avec un contenu de 200ml, ce parfum est parfait pour les occasions sp\u00e9ciales. Son parfum unique et raffin\u00e9 vous fera vous sentir confiant et \u00e9l\u00e9gant tout au long de la journ\u00e9e. Faites-vous plaisir avec cette fragrance de qualit\u00e9 sup\u00e9rieure.<\/span><\/p>","protected":false},"excerpt":{"rendered":"<p>Profitez de l&rsquo;ar\u00f4me irr\u00e9sistible de Ibraheem Al Qurashi Eau De Parfum Black Diamond Aqua 200ml. Avec un contenu de 200ml, ce parfum est parfait pour les occasions sp\u00e9ciales. Son parfum unique et raffin\u00e9 vous fera vous sentir confiant et \u00e9l\u00e9gant tout au long de la journ\u00e9e. Faites-vous plaisir avec cette fragrance de qualit\u00e9 sup\u00e9rieure.<\/p>","protected":false},"featured_media":13525,"template":"","meta":{"om_disable_all_campaigns":false},"product_brand":[3168],"product_cat":[18,1091],"product_tag":[3251,3250,3174,3177,3175,3176,3179,3178,3169,3173,3170,3171,3172,3252],"class_list":{"0":"post-13530","1":"product","2":"type-product","3":"status-publish","4":"has-post-thumbnail","6":"product_brand-ibrahim-al-qurashi-prix-maroc","7":"product_cat-beaute-sante","8":"product_cat-beaute-parfums-maroc-prix","9":"product_tag-eau-de-parfum","10":"product_tag-eau-de-parfum-maroc","11":"product_tag-ibraheem-al-qurashi","12":"product_tag-ibraheem-al-qurashi-authentique","13":"product_tag-ibraheem-al-qurashi-maroc","14":"product_tag-ibraheem-al-qurashi-morocco","15":"product_tag-ibraheem-al-qurashi-parfum","16":"product_tag-ibraheem-al-qurashi-parfums","17":"product_tag-ibrahim-al-qurashi","18":"product_tag-ibrahim-al-qurashi-casa","19":"product_tag-ibrahim-al-qurashi-maroc","20":"product_tag-ibrahim-al-qurashi-morocco","21":"product_tag-ibrahim-al-qurashi-rabat","22":"product_tag-parfum-au-maroc","24":"first","25":"outofstock","26":"taxable","27":"shipping-taxable","28":"purchasable","29":"product-type-simple"},"yoast_head":"<!-- This site is optimized with the Yoast SEO plugin v27.4 - https:\/\/yoast.com\/product\/yoast-seo-wordpress\/ -->\n<title>Ibraheem Al Qurashi Black Diamond incense Eau De Parfum - Maroc<\/title>\n<meta name=\"description\" content=\"D\u00e9couvrez l&#039;Eau de Parfum Blue Diamond incense Aqua 200ml d&#039;IBRAHEEM AL QURASHI au Maroc. Un parfum unisexe frais et sophistiqu\u00e9, m\u00ealant notes marines,\" \/>\n<meta name=\"robots\" content=\"index, follow, max-snippet:-1, max-image-preview:large, max-video-preview:-1\" \/>\n<link rel=\"canonical\" href=\"https:\/\/vitablanca.ma\/ar\/product-2\/ibraheem-al-qurashi-eau-de-parfum-black-diamond-aqua-200ml\/\" \/>\n<meta property=\"og:locale\" content=\"ar_AR\" \/>\n<meta property=\"og:type\" content=\"article\" \/>\n<meta property=\"og:title\" content=\"Ibraheem Al Qurashi Black Diamond incense Eau De Parfum - Maroc\" \/>\n<meta property=\"og:description\" content=\"D\u00e9couvrez l&#039;Eau de Parfum Blue Diamond incense Aqua 200ml d&#039;IBRAHEEM AL QURASHI au Maroc. Un parfum unisexe frais et sophistiqu\u00e9, m\u00ealant notes marines,\" \/>\n<meta property=\"og:url\" content=\"https:\/\/vitablanca.ma\/ar\/product-2\/ibraheem-al-qurashi-eau-de-parfum-black-diamond-aqua-200ml\/\" \/>\n<meta property=\"og:site_name\" content=\"Vitablanca.ma &ndash; Sant&eacute;, vitalit&eacute; et bien-&ecirc;tre pour tous les Marocains\" \/>\n<meta property=\"article:publisher\" content=\"https:\/\/www.facebook.com\/profile.php?id=61576678196717\" \/>\n<meta property=\"article:modified_time\" content=\"2026-03-15T23:14:41+00:00\" \/>\n<meta property=\"og:image\" content=\"https:\/\/vitablanca.ma\/wp-content\/uploads\/2025\/05\/IMG-2957.png\" \/>\n\t<meta property=\"og:image:width\" content=\"1000\" \/>\n\t<meta property=\"og:image:height\" content=\"1000\" \/>\n\t<meta property=\"og:image:type\" content=\"image\/png\" \/>\n<meta name=\"twitter:card\" content=\"summary_large_image\" \/>\n<meta name=\"twitter:label1\" content=\"\u0648\u0642\u062a \u0627\u0644\u0642\u0631\u0627\u0621\u0629 \u0627\u0644\u0645\u064f\u0642\u062f\u0651\u0631\" \/>\n\t<meta name=\"twitter:data1\" content=\"\u062f\u0642\u064a\u0642\u0629 \u0648\u0627\u062d\u062f\u0629\" \/>\n<script type=\"application\/ld+json\" class=\"yoast-schema-graph\">{\"@context\":\"https:\\\/\\\/schema.org\",\"@graph\":[{\"@type\":[\"WebPage\",\"ItemPage\"],\"@id\":\"https:\\\/\\\/vitablanca.ma\\\/produit\\\/ibraheem-al-qurashi-eau-de-parfum-black-diamond-aqua-200ml\\\/\",\"url\":\"https:\\\/\\\/vitablanca.ma\\\/produit\\\/ibraheem-al-qurashi-eau-de-parfum-black-diamond-aqua-200ml\\\/\",\"name\":\"Ibraheem Al Qurashi Black Diamond incense Eau De Parfum - Maroc\",\"isPartOf\":{\"@id\":\"https:\\\/\\\/vitablanca.ma\\\/#website\"},\"primaryImageOfPage\":{\"@id\":\"https:\\\/\\\/vitablanca.ma\\\/produit\\\/ibraheem-al-qurashi-eau-de-parfum-black-diamond-aqua-200ml\\\/#primaryimage\"},\"image\":{\"@id\":\"https:\\\/\\\/vitablanca.ma\\\/produit\\\/ibraheem-al-qurashi-eau-de-parfum-black-diamond-aqua-200ml\\\/#primaryimage\"},\"thumbnailUrl\":\"https:\\\/\\\/vitablanca.ma\\\/wp-content\\\/uploads\\\/2025\\\/05\\\/IMG-2957.png\",\"datePublished\":\"2025-05-28T22:50:18+00:00\",\"dateModified\":\"2026-03-15T23:14:41+00:00\",\"description\":\"D\u00e9couvrez l'Eau de Parfum Blue Diamond incense Aqua 200ml d'IBRAHEEM AL QURASHI au Maroc. Un parfum unisexe frais et sophistiqu\u00e9, m\u00ealant notes marines,\",\"breadcrumb\":{\"@id\":\"https:\\\/\\\/vitablanca.ma\\\/produit\\\/ibraheem-al-qurashi-eau-de-parfum-black-diamond-aqua-200ml\\\/#breadcrumb\"},\"inLanguage\":\"ar\",\"potentialAction\":[{\"@type\":\"ReadAction\",\"target\":[\"https:\\\/\\\/vitablanca.ma\\\/produit\\\/ibraheem-al-qurashi-eau-de-parfum-black-diamond-aqua-200ml\\\/\"]}]},{\"@type\":\"ImageObject\",\"inLanguage\":\"ar\",\"@id\":\"https:\\\/\\\/vitablanca.ma\\\/produit\\\/ibraheem-al-qurashi-eau-de-parfum-black-diamond-aqua-200ml\\\/#primaryimage\",\"url\":\"https:\\\/\\\/vitablanca.ma\\\/wp-content\\\/uploads\\\/2025\\\/05\\\/IMG-2957.png\",\"contentUrl\":\"https:\\\/\\\/vitablanca.ma\\\/wp-content\\\/uploads\\\/2025\\\/05\\\/IMG-2957.png\",\"width\":1000,\"height\":1000},{\"@type\":\"BreadcrumbList\",\"@id\":\"https:\\\/\\\/vitablanca.ma\\\/produit\\\/ibraheem-al-qurashi-eau-de-parfum-black-diamond-aqua-200ml\\\/#breadcrumb\",\"itemListElement\":[{\"@type\":\"ListItem\",\"position\":1,\"name\":\"Home\",\"item\":\"https:\\\/\\\/vitablanca.ma\\\/\"},{\"@type\":\"ListItem\",\"position\":2,\"name\":\"Tous Les Produits\",\"item\":\"https:\\\/\\\/vitablanca.ma\\\/tous-les-produits\\\/\"},{\"@type\":\"ListItem\",\"position\":3,\"name\":\"Ibraheem Al Qurashi Eau De Parfum Black Diamond Aqua 200ml\"}]},{\"@type\":\"WebSite\",\"@id\":\"https:\\\/\\\/vitablanca.ma\\\/#website\",\"url\":\"https:\\\/\\\/vitablanca.ma\\\/\",\"name\":\"VitaBlanca.ma | Compl\u00e9ments alimentaires, sant\u00e9 & beaut\u00e9 au Maroc\",\"description\":\"vendre vitamines et compl\u00e9ments premium des USA &amp; Canada, Nouvelle Z\u00e9lande,Maroc (NOW Foods, Solgar, Manuka). Livraison rapide partout au Maroc.\",\"publisher\":{\"@id\":\"https:\\\/\\\/vitablanca.ma\\\/#organization\"},\"alternateName\":\"VitaBlanca.ma\",\"potentialAction\":[{\"@type\":\"SearchAction\",\"target\":{\"@type\":\"EntryPoint\",\"urlTemplate\":\"https:\\\/\\\/vitablanca.ma\\\/?s={search_term_string}\"},\"query-input\":{\"@type\":\"PropertyValueSpecification\",\"valueRequired\":true,\"valueName\":\"search_term_string\"}}],\"inLanguage\":\"ar\"},{\"@type\":\"Organization\",\"@id\":\"https:\\\/\\\/vitablanca.ma\\\/#organization\",\"name\":\"VitaBlanca\",\"url\":\"https:\\\/\\\/vitablanca.ma\\\/\",\"logo\":{\"@type\":\"ImageObject\",\"inLanguage\":\"ar\",\"@id\":\"https:\\\/\\\/vitablanca.ma\\\/#\\\/schema\\\/logo\\\/image\\\/\",\"url\":\"https:\\\/\\\/vitablanca.ma\\\/wp-content\\\/uploads\\\/2025\\\/05\\\/cropped-vitablanca.png\",\"contentUrl\":\"https:\\\/\\\/vitablanca.ma\\\/wp-content\\\/uploads\\\/2025\\\/05\\\/cropped-vitablanca.png\",\"width\":360,\"height\":67,\"caption\":\"VitaBlanca\"},\"image\":{\"@id\":\"https:\\\/\\\/vitablanca.ma\\\/#\\\/schema\\\/logo\\\/image\\\/\"},\"sameAs\":[\"https:\\\/\\\/www.facebook.com\\\/profile.php?id=61576678196717\",\"https:\\\/\\\/www.tiktok.com\\\/@vitablanca.ma\",\"https:\\\/\\\/www.instagram.com\\\/vitablanca.ma\\\/\"]}]}<\/script>\n<!-- \/ Yoast SEO plugin. -->","yoast_head_json":{"title":"Ibraheem Al Qurashi Black Diamond incense Eau De Parfum - Maroc","description":"D\u00e9couvrez l'Eau de Parfum Blue Diamond incense Aqua 200ml d'IBRAHEEM AL QURASHI au Maroc. Un parfum unisexe frais et sophistiqu\u00e9, m\u00ealant notes marines,","robots":{"index":"index","follow":"follow","max-snippet":"max-snippet:-1","max-image-preview":"max-image-preview:large","max-video-preview":"max-video-preview:-1"},"canonical":"https:\/\/vitablanca.ma\/ar\/product-2\/ibraheem-al-qurashi-eau-de-parfum-black-diamond-aqua-200ml\/","og_locale":"ar_AR","og_type":"article","og_title":"Ibraheem Al Qurashi Black Diamond incense Eau De Parfum - Maroc","og_description":"D\u00e9couvrez l'Eau de Parfum Blue Diamond incense Aqua 200ml d'IBRAHEEM AL QURASHI au Maroc. Un parfum unisexe frais et sophistiqu\u00e9, m\u00ealant notes marines,","og_url":"https:\/\/vitablanca.ma\/ar\/product-2\/ibraheem-al-qurashi-eau-de-parfum-black-diamond-aqua-200ml\/","og_site_name":"Vitablanca.ma &ndash; Sant&eacute;, vitalit&eacute; et bien-&ecirc;tre pour tous les Marocains","article_publisher":"https:\/\/www.facebook.com\/profile.php?id=61576678196717","article_modified_time":"2026-03-15T23:14:41+00:00","og_image":[{"width":1000,"height":1000,"url":"https:\/\/vitablanca.ma\/wp-content\/uploads\/2025\/05\/IMG-2957.png","type":"image\/png"}],"twitter_card":"summary_large_image","twitter_misc":{"\u0648\u0642\u062a \u0627\u0644\u0642\u0631\u0627\u0621\u0629 \u0627\u0644\u0645\u064f\u0642\u062f\u0651\u0631":"\u062f\u0642\u064a\u0642\u0629 \u0648\u0627\u062d\u062f\u0629"},"schema":{"@context":"https:\/\/schema.org","@graph":[{"@type":["WebPage","ItemPage"],"@id":"https:\/\/vitablanca.ma\/produit\/ibraheem-al-qurashi-eau-de-parfum-black-diamond-aqua-200ml\/","url":"https:\/\/vitablanca.ma\/produit\/ibraheem-al-qurashi-eau-de-parfum-black-diamond-aqua-200ml\/","name":"Ibraheem Al Qurashi Black Diamond incense Eau De Parfum - Maroc","isPartOf":{"@id":"https:\/\/vitablanca.ma\/#website"},"primaryImageOfPage":{"@id":"https:\/\/vitablanca.ma\/produit\/ibraheem-al-qurashi-eau-de-parfum-black-diamond-aqua-200ml\/#primaryimage"},"image":{"@id":"https:\/\/vitablanca.ma\/produit\/ibraheem-al-qurashi-eau-de-parfum-black-diamond-aqua-200ml\/#primaryimage"},"thumbnailUrl":"https:\/\/vitablanca.ma\/wp-content\/uploads\/2025\/05\/IMG-2957.png","datePublished":"2025-05-28T22:50:18+00:00","dateModified":"2026-03-15T23:14:41+00:00","description":"D\u00e9couvrez l'Eau de Parfum Blue Diamond incense Aqua 200ml d'IBRAHEEM AL QURASHI au Maroc. Un parfum unisexe frais et sophistiqu\u00e9, m\u00ealant notes marines,","breadcrumb":{"@id":"https:\/\/vitablanca.ma\/produit\/ibraheem-al-qurashi-eau-de-parfum-black-diamond-aqua-200ml\/#breadcrumb"},"inLanguage":"ar","potentialAction":[{"@type":"ReadAction","target":["https:\/\/vitablanca.ma\/produit\/ibraheem-al-qurashi-eau-de-parfum-black-diamond-aqua-200ml\/"]}]},{"@type":"ImageObject","inLanguage":"ar","@id":"https:\/\/vitablanca.ma\/produit\/ibraheem-al-qurashi-eau-de-parfum-black-diamond-aqua-200ml\/#primaryimage","url":"https:\/\/vitablanca.ma\/wp-content\/uploads\/2025\/05\/IMG-2957.png","contentUrl":"https:\/\/vitablanca.ma\/wp-content\/uploads\/2025\/05\/IMG-2957.png","width":1000,"height":1000},{"@type":"BreadcrumbList","@id":"https:\/\/vitablanca.ma\/produit\/ibraheem-al-qurashi-eau-de-parfum-black-diamond-aqua-200ml\/#breadcrumb","itemListElement":[{"@type":"ListItem","position":1,"name":"Home","item":"https:\/\/vitablanca.ma\/"},{"@type":"ListItem","position":2,"name":"Tous Les Produits","item":"https:\/\/vitablanca.ma\/tous-les-produits\/"},{"@type":"ListItem","position":3,"name":"Ibraheem Al Qurashi Eau De Parfum Black Diamond Aqua 200ml"}]},{"@type":"WebSite","@id":"https:\/\/vitablanca.ma\/#website","url":"https:\/\/vitablanca.ma\/","name":"VitaBlanca.ma | \u0627\u0644\u0645\u0643\u0645\u0644\u0627\u062a \u0627\u0644\u063a\u0630\u0627\u0626\u064a\u0629\u060c \u0627\u0644\u0635\u062d\u0629 \u0648\u0627\u0644\u062c\u0645\u0627\u0644 \u0641\u064a \u0627\u0644\u0645\u063a\u0631\u0628","description":"\u0646\u0628\u064a\u0639 \u0641\u064a\u062a\u0627\u0645\u064a\u0646\u0627\u062a \u0648\u0645\u0643\u0645\u0644\u0627\u062a \u063a\u0630\u0627\u0626\u064a\u0629 \u0641\u0627\u062e\u0631\u0629 \u0645\u0646 \u0627\u0644\u0648\u0644\u0627\u064a\u0627\u062a \u0627\u0644\u0645\u062a\u062d\u062f\u0629 \u0627\u0644\u0623\u0645\u0631\u064a\u0643\u064a\u0629 \u0648\u0643\u0646\u062f\u0627 \u0648\u0646\u064a\u0648\u0632\u064a\u0644\u0646\u062f\u0627 \u0648\u0627\u0644\u0645\u063a\u0631\u0628 (\u0646\u0627\u0648 \u0641\u0648\u062f\u0632\u060c \u0633\u0648\u0644\u062c\u0627\u0631\u060c \u0645\u0627\u0646\u0648\u0643\u0627). \u062a\u0648\u0635\u064a\u0644 \u0633\u0631\u064a\u0639 \u0625\u0644\u0649 \u062c\u0645\u064a\u0639 \u0623\u0646\u062d\u0627\u0621 \u0627\u0644\u0645\u063a\u0631\u0628.","publisher":{"@id":"https:\/\/vitablanca.ma\/#organization"},"alternateName":"VitaBlanca.ma","potentialAction":[{"@type":"SearchAction","target":{"@type":"EntryPoint","urlTemplate":"https:\/\/vitablanca.ma\/?s={search_term_string}"},"query-input":{"@type":"PropertyValueSpecification","valueRequired":true,"valueName":"search_term_string"}}],"inLanguage":"ar"},{"@type":"Organization","@id":"https:\/\/vitablanca.ma\/#organization","name":"\u0641\u064a\u062a\u0627\u0628\u0644\u0627\u0646\u0643\u0627","url":"https:\/\/vitablanca.ma\/","logo":{"@type":"ImageObject","inLanguage":"ar","@id":"https:\/\/vitablanca.ma\/#\/schema\/logo\/image\/","url":"https:\/\/vitablanca.ma\/wp-content\/uploads\/2025\/05\/cropped-vitablanca.png","contentUrl":"https:\/\/vitablanca.ma\/wp-content\/uploads\/2025\/05\/cropped-vitablanca.png","width":360,"height":67,"caption":"VitaBlanca"},"image":{"@id":"https:\/\/vitablanca.ma\/#\/schema\/logo\/image\/"},"sameAs":["https:\/\/www.facebook.com\/profile.php?id=61576678196717","https:\/\/www.tiktok.com\/@vitablanca.ma","https:\/\/www.instagram.com\/vitablanca.ma\/"]}]}},"jetpack_sharing_enabled":true,"_links":{"self":[{"href":"https:\/\/vitablanca.ma\/ar\/wp-json\/wp\/v2\/product\/13530","targetHints":{"allow":["GET"]}}],"collection":[{"href":"https:\/\/vitablanca.ma\/ar\/wp-json\/wp\/v2\/product"}],"about":[{"href":"https:\/\/vitablanca.ma\/ar\/wp-json\/wp\/v2\/types\/product"}],"wp:featuredmedia":[{"embeddable":true,"href":"https:\/\/vitablanca.ma\/ar\/wp-json\/wp\/v2\/media\/13525"}],"wp:attachment":[{"href":"https:\/\/vitablanca.ma\/ar\/wp-json\/wp\/v2\/media?parent=13530"}],"wp:term":[{"taxonomy":"product_brand","embeddable":true,"href":"https:\/\/vitablanca.ma\/ar\/wp-json\/wp\/v2\/product_brand?post=13530"},{"taxonomy":"product_cat","embeddable":true,"href":"https:\/\/vitablanca.ma\/ar\/wp-json\/wp\/v2\/product_cat?post=13530"},{"taxonomy":"product_tag","embeddable":true,"href":"https:\/\/vitablanca.ma\/ar\/wp-json\/wp\/v2\/product_tag?post=13530"}],"curies":[{"name":"wp","href":"https:\/\/api.w.org\/{rel}","templated":true}]}}