{"id":13173,"date":"2025-05-28T22:43:41","date_gmt":"2025-05-28T22:43:41","guid":{"rendered":"https:\/\/vitablanca.ma\/product\/revlon-one-step-volumizer-dryer-and-hot-air-brush\/"},"modified":"2026-04-13T22:13:19","modified_gmt":"2026-04-13T22:13:19","slug":"revlon-one-step-volumizer-dryer-and-hot-air-brush","status":"publish","type":"product","link":"https:\/\/vitablanca.ma\/ar\/product-2\/revlon-one-step-volumizer-dryer-and-hot-air-brush\/","title":{"rendered":"\u0645\u062c\u0641\u0641 \u0631\u064a\u0641\u0644\u0648\u0646 \u0648\u0646 \u0633\u062a\u064a\u0628 \u0641\u0648\u0644\u0648\u0645\u0627\u064a\u0632\u0631 \u0648\u0641\u0631\u0634\u0627\u0629 \u0627\u0644\u0647\u0648\u0627\u0621 \u0627\u0644\u0633\u0627\u062e\u0646"},"content":{"rendered":"<p>Cette brosse permet de r\u00e9aliser un brushing en reproduisant automatiquement le geste brushing du coiffeur, tout en s\u00e9chant simultan\u00e9ment les cheveux. Adaptez la vitesse et la temp\u00e9rature selon le type de coiffure \u00e0 r\u00e9aliser gr\u00e2ce \u00e0 ses 3 niveaux de chauffage et 2 niveaux de vitesse.La technologie ionique permet de renforcer l\u2019effet anti-statique, ainsi vous \u00e9vitez le dess\u00e8chement de vos cheveux pour laisser place \u00e0 une chevelure lisse et brillante. Les ions n\u00e9gatifs r\u00e9duisent la taille des gouttelettes d\u2019eau pour un s\u00e9chage plus rapide.<\/p>","protected":false},"excerpt":{"rendered":"<p>Cette brosse permet de r\u00e9aliser un brushing en reproduisant automatiquement le geste brushing du coiffeur, tout en s\u00e9chant simultan\u00e9ment les cheveux. Adaptez la vitesse et la temp\u00e9rature selon le type de coiffure \u00e0 r\u00e9aliser gr\u00e2ce \u00e0 ses 3 niveaux de chauffage et 2 niveaux de vitesse.La technologie ionique permet de renforcer l\u2019effet anti-statique, ainsi vous [&hellip;]<\/p>\n","protected":false},"featured_media":13157,"template":"","meta":{"om_disable_all_campaigns":false},"product_brand":[3442],"product_cat":[18],"product_tag":[],"class_list":{"0":"post-13173","1":"product","2":"type-product","3":"status-publish","4":"has-post-thumbnail","6":"product_brand-revlon-maroc-prix","7":"product_cat-beaute-sante","9":"first","10":"instock","11":"sale","12":"taxable","13":"shipping-taxable","14":"purchasable","15":"product-type-simple"},"yoast_head":"<!-- This site is optimized with the Yoast SEO plugin v27.5 - https:\/\/yoast.com\/product\/yoast-seo-wordpress\/ -->\n<title>REVLON One-Step Volumizer Dryer and Hot Air Brush - Maroc Prix<\/title>\n<meta name=\"description\" content=\"D\u00e9couvrez la Revlon One-Step Volumizer Dryer &amp; Hot Air Brush, la brosse s\u00e8che-cheveux qui cr\u00e9e du volume, s\u00e8che et coiffe en un seul geste.\" \/>\n<meta name=\"robots\" content=\"index, follow, max-snippet:-1, max-image-preview:large, max-video-preview:-1\" \/>\n<link rel=\"canonical\" href=\"https:\/\/vitablanca.ma\/ar\/product-2\/revlon-one-step-volumizer-dryer-and-hot-air-brush\/\" \/>\n<meta property=\"og:locale\" content=\"ar_AR\" \/>\n<meta property=\"og:type\" content=\"article\" \/>\n<meta property=\"og:title\" content=\"REVLON One-Step Volumizer Dryer and Hot Air Brush - Maroc Prix\" \/>\n<meta property=\"og:description\" content=\"D\u00e9couvrez la Revlon One-Step Volumizer Dryer &amp; Hot Air Brush, la brosse s\u00e8che-cheveux qui cr\u00e9e du volume, s\u00e8che et coiffe en un seul geste.\" \/>\n<meta property=\"og:url\" content=\"https:\/\/vitablanca.ma\/ar\/product-2\/revlon-one-step-volumizer-dryer-and-hot-air-brush\/\" \/>\n<meta property=\"og:site_name\" content=\"Vitablanca.ma &ndash; Sant&eacute;, vitalit&eacute; et bien-&ecirc;tre pour tous les Marocains\" \/>\n<meta property=\"article:publisher\" content=\"https:\/\/www.facebook.com\/profile.php?id=61576678196717\" \/>\n<meta property=\"article:modified_time\" content=\"2026-04-13T22:13:19+00:00\" \/>\n<meta property=\"og:image\" content=\"https:\/\/vitablanca.ma\/wp-content\/uploads\/2025\/05\/13231940-1145096041235310.jpg\" \/>\n\t<meta property=\"og:image:width\" content=\"1500\" \/>\n\t<meta property=\"og:image:height\" content=\"1500\" \/>\n\t<meta property=\"og:image:type\" content=\"image\/jpeg\" \/>\n<meta name=\"twitter:card\" content=\"summary_large_image\" \/>\n<meta name=\"twitter:label1\" content=\"\u0648\u0642\u062a \u0627\u0644\u0642\u0631\u0627\u0621\u0629 \u0627\u0644\u0645\u064f\u0642\u062f\u0651\u0631\" \/>\n\t<meta name=\"twitter:data1\" content=\"\u062f\u0642\u064a\u0642\u0629 \u0648\u0627\u062d\u062f\u0629\" \/>\n<script type=\"application\/ld+json\" class=\"yoast-schema-graph\">{\"@context\":\"https:\\\/\\\/schema.org\",\"@graph\":[{\"@type\":[\"WebPage\",\"ItemPage\"],\"@id\":\"https:\\\/\\\/vitablanca.ma\\\/produit\\\/revlon-one-step-volumizer-dryer-and-hot-air-brush\\\/\",\"url\":\"https:\\\/\\\/vitablanca.ma\\\/produit\\\/revlon-one-step-volumizer-dryer-and-hot-air-brush\\\/\",\"name\":\"REVLON One-Step Volumizer Dryer and Hot Air Brush - Maroc Prix\",\"isPartOf\":{\"@id\":\"https:\\\/\\\/vitablanca.ma\\\/#website\"},\"primaryImageOfPage\":{\"@id\":\"https:\\\/\\\/vitablanca.ma\\\/produit\\\/revlon-one-step-volumizer-dryer-and-hot-air-brush\\\/#primaryimage\"},\"image\":{\"@id\":\"https:\\\/\\\/vitablanca.ma\\\/produit\\\/revlon-one-step-volumizer-dryer-and-hot-air-brush\\\/#primaryimage\"},\"thumbnailUrl\":\"https:\\\/\\\/vitablanca.ma\\\/wp-content\\\/uploads\\\/2025\\\/05\\\/13231940-1145096041235310.jpg\",\"datePublished\":\"2025-05-28T22:43:41+00:00\",\"dateModified\":\"2026-04-13T22:13:19+00:00\",\"description\":\"D\u00e9couvrez la Revlon One-Step Volumizer Dryer & Hot Air Brush, la brosse s\u00e8che-cheveux qui cr\u00e9e du volume, s\u00e8che et coiffe en un seul geste.\",\"breadcrumb\":{\"@id\":\"https:\\\/\\\/vitablanca.ma\\\/produit\\\/revlon-one-step-volumizer-dryer-and-hot-air-brush\\\/#breadcrumb\"},\"inLanguage\":\"ar\",\"potentialAction\":[{\"@type\":\"ReadAction\",\"target\":[\"https:\\\/\\\/vitablanca.ma\\\/produit\\\/revlon-one-step-volumizer-dryer-and-hot-air-brush\\\/\"]}]},{\"@type\":\"ImageObject\",\"inLanguage\":\"ar\",\"@id\":\"https:\\\/\\\/vitablanca.ma\\\/produit\\\/revlon-one-step-volumizer-dryer-and-hot-air-brush\\\/#primaryimage\",\"url\":\"https:\\\/\\\/vitablanca.ma\\\/wp-content\\\/uploads\\\/2025\\\/05\\\/13231940-1145096041235310.jpg\",\"contentUrl\":\"https:\\\/\\\/vitablanca.ma\\\/wp-content\\\/uploads\\\/2025\\\/05\\\/13231940-1145096041235310.jpg\",\"width\":1500,\"height\":1500},{\"@type\":\"BreadcrumbList\",\"@id\":\"https:\\\/\\\/vitablanca.ma\\\/produit\\\/revlon-one-step-volumizer-dryer-and-hot-air-brush\\\/#breadcrumb\",\"itemListElement\":[{\"@type\":\"ListItem\",\"position\":1,\"name\":\"Home\",\"item\":\"https:\\\/\\\/vitablanca.ma\\\/\"},{\"@type\":\"ListItem\",\"position\":2,\"name\":\"Tous Les Produits\",\"item\":\"https:\\\/\\\/vitablanca.ma\\\/tous-les-produits\\\/\"},{\"@type\":\"ListItem\",\"position\":3,\"name\":\"REVLON One-Step Volumizer Dryer and Hot Air Brush\"}]},{\"@type\":\"WebSite\",\"@id\":\"https:\\\/\\\/vitablanca.ma\\\/#website\",\"url\":\"https:\\\/\\\/vitablanca.ma\\\/\",\"name\":\"VitaBlanca.ma | Compl\u00e9ments alimentaires, sant\u00e9 & beaut\u00e9 au Maroc\",\"description\":\"vendre vitamines et compl\u00e9ments premium des USA &amp; Canada, Nouvelle Z\u00e9lande,Maroc (NOW Foods, Solgar, Manuka). Livraison rapide partout au Maroc.\",\"publisher\":{\"@id\":\"https:\\\/\\\/vitablanca.ma\\\/#organization\"},\"alternateName\":\"VitaBlanca.ma\",\"potentialAction\":[{\"@type\":\"SearchAction\",\"target\":{\"@type\":\"EntryPoint\",\"urlTemplate\":\"https:\\\/\\\/vitablanca.ma\\\/?s={search_term_string}\"},\"query-input\":{\"@type\":\"PropertyValueSpecification\",\"valueRequired\":true,\"valueName\":\"search_term_string\"}}],\"inLanguage\":\"ar\"},{\"@type\":\"Organization\",\"@id\":\"https:\\\/\\\/vitablanca.ma\\\/#organization\",\"name\":\"VitaBlanca\",\"url\":\"https:\\\/\\\/vitablanca.ma\\\/\",\"logo\":{\"@type\":\"ImageObject\",\"inLanguage\":\"ar\",\"@id\":\"https:\\\/\\\/vitablanca.ma\\\/#\\\/schema\\\/logo\\\/image\\\/\",\"url\":\"https:\\\/\\\/vitablanca.ma\\\/wp-content\\\/uploads\\\/2025\\\/05\\\/cropped-vitablanca.png\",\"contentUrl\":\"https:\\\/\\\/vitablanca.ma\\\/wp-content\\\/uploads\\\/2025\\\/05\\\/cropped-vitablanca.png\",\"width\":360,\"height\":67,\"caption\":\"VitaBlanca\"},\"image\":{\"@id\":\"https:\\\/\\\/vitablanca.ma\\\/#\\\/schema\\\/logo\\\/image\\\/\"},\"sameAs\":[\"https:\\\/\\\/www.facebook.com\\\/profile.php?id=61576678196717\",\"https:\\\/\\\/www.tiktok.com\\\/@vitablanca.ma\",\"https:\\\/\\\/www.instagram.com\\\/vitablanca.ma\\\/\"]}]}<\/script>\n<!-- \/ Yoast SEO plugin. -->","yoast_head_json":{"title":"REVLON One-Step Volumizer Dryer and Hot Air Brush - Maroc Prix","description":"D\u00e9couvrez la Revlon One-Step Volumizer Dryer & Hot Air Brush, la brosse s\u00e8che-cheveux qui cr\u00e9e du volume, s\u00e8che et coiffe en un seul geste.","robots":{"index":"index","follow":"follow","max-snippet":"max-snippet:-1","max-image-preview":"max-image-preview:large","max-video-preview":"max-video-preview:-1"},"canonical":"https:\/\/vitablanca.ma\/ar\/product-2\/revlon-one-step-volumizer-dryer-and-hot-air-brush\/","og_locale":"ar_AR","og_type":"article","og_title":"REVLON One-Step Volumizer Dryer and Hot Air Brush - Maroc Prix","og_description":"D\u00e9couvrez la Revlon One-Step Volumizer Dryer & Hot Air Brush, la brosse s\u00e8che-cheveux qui cr\u00e9e du volume, s\u00e8che et coiffe en un seul geste.","og_url":"https:\/\/vitablanca.ma\/ar\/product-2\/revlon-one-step-volumizer-dryer-and-hot-air-brush\/","og_site_name":"Vitablanca.ma &ndash; Sant&eacute;, vitalit&eacute; et bien-&ecirc;tre pour tous les Marocains","article_publisher":"https:\/\/www.facebook.com\/profile.php?id=61576678196717","article_modified_time":"2026-04-13T22:13:19+00:00","og_image":[{"width":1500,"height":1500,"url":"https:\/\/vitablanca.ma\/wp-content\/uploads\/2025\/05\/13231940-1145096041235310.jpg","type":"image\/jpeg"}],"twitter_card":"summary_large_image","twitter_misc":{"\u0648\u0642\u062a \u0627\u0644\u0642\u0631\u0627\u0621\u0629 \u0627\u0644\u0645\u064f\u0642\u062f\u0651\u0631":"\u062f\u0642\u064a\u0642\u0629 \u0648\u0627\u062d\u062f\u0629"},"schema":{"@context":"https:\/\/schema.org","@graph":[{"@type":["WebPage","ItemPage"],"@id":"https:\/\/vitablanca.ma\/produit\/revlon-one-step-volumizer-dryer-and-hot-air-brush\/","url":"https:\/\/vitablanca.ma\/produit\/revlon-one-step-volumizer-dryer-and-hot-air-brush\/","name":"REVLON One-Step Volumizer Dryer and Hot Air Brush - Maroc Prix","isPartOf":{"@id":"https:\/\/vitablanca.ma\/#website"},"primaryImageOfPage":{"@id":"https:\/\/vitablanca.ma\/produit\/revlon-one-step-volumizer-dryer-and-hot-air-brush\/#primaryimage"},"image":{"@id":"https:\/\/vitablanca.ma\/produit\/revlon-one-step-volumizer-dryer-and-hot-air-brush\/#primaryimage"},"thumbnailUrl":"https:\/\/vitablanca.ma\/wp-content\/uploads\/2025\/05\/13231940-1145096041235310.jpg","datePublished":"2025-05-28T22:43:41+00:00","dateModified":"2026-04-13T22:13:19+00:00","description":"D\u00e9couvrez la Revlon One-Step Volumizer Dryer & Hot Air Brush, la brosse s\u00e8che-cheveux qui cr\u00e9e du volume, s\u00e8che et coiffe en un seul geste.","breadcrumb":{"@id":"https:\/\/vitablanca.ma\/produit\/revlon-one-step-volumizer-dryer-and-hot-air-brush\/#breadcrumb"},"inLanguage":"ar","potentialAction":[{"@type":"ReadAction","target":["https:\/\/vitablanca.ma\/produit\/revlon-one-step-volumizer-dryer-and-hot-air-brush\/"]}]},{"@type":"ImageObject","inLanguage":"ar","@id":"https:\/\/vitablanca.ma\/produit\/revlon-one-step-volumizer-dryer-and-hot-air-brush\/#primaryimage","url":"https:\/\/vitablanca.ma\/wp-content\/uploads\/2025\/05\/13231940-1145096041235310.jpg","contentUrl":"https:\/\/vitablanca.ma\/wp-content\/uploads\/2025\/05\/13231940-1145096041235310.jpg","width":1500,"height":1500},{"@type":"BreadcrumbList","@id":"https:\/\/vitablanca.ma\/produit\/revlon-one-step-volumizer-dryer-and-hot-air-brush\/#breadcrumb","itemListElement":[{"@type":"ListItem","position":1,"name":"Home","item":"https:\/\/vitablanca.ma\/"},{"@type":"ListItem","position":2,"name":"Tous Les Produits","item":"https:\/\/vitablanca.ma\/tous-les-produits\/"},{"@type":"ListItem","position":3,"name":"REVLON One-Step Volumizer Dryer and Hot Air Brush"}]},{"@type":"WebSite","@id":"https:\/\/vitablanca.ma\/#website","url":"https:\/\/vitablanca.ma\/","name":"VitaBlanca.ma | \u0627\u0644\u0645\u0643\u0645\u0644\u0627\u062a \u0627\u0644\u063a\u0630\u0627\u0626\u064a\u0629\u060c \u0627\u0644\u0635\u062d\u0629 \u0648\u0627\u0644\u062c\u0645\u0627\u0644 \u0641\u064a \u0627\u0644\u0645\u063a\u0631\u0628","description":"\u0646\u0628\u064a\u0639 \u0641\u064a\u062a\u0627\u0645\u064a\u0646\u0627\u062a \u0648\u0645\u0643\u0645\u0644\u0627\u062a \u063a\u0630\u0627\u0626\u064a\u0629 \u0641\u0627\u062e\u0631\u0629 \u0645\u0646 \u0627\u0644\u0648\u0644\u0627\u064a\u0627\u062a \u0627\u0644\u0645\u062a\u062d\u062f\u0629 \u0627\u0644\u0623\u0645\u0631\u064a\u0643\u064a\u0629 \u0648\u0643\u0646\u062f\u0627 \u0648\u0646\u064a\u0648\u0632\u064a\u0644\u0646\u062f\u0627 \u0648\u0627\u0644\u0645\u063a\u0631\u0628 (\u0646\u0627\u0648 \u0641\u0648\u062f\u0632\u060c \u0633\u0648\u0644\u062c\u0627\u0631\u060c \u0645\u0627\u0646\u0648\u0643\u0627). \u062a\u0648\u0635\u064a\u0644 \u0633\u0631\u064a\u0639 \u0625\u0644\u0649 \u062c\u0645\u064a\u0639 \u0623\u0646\u062d\u0627\u0621 \u0627\u0644\u0645\u063a\u0631\u0628.","publisher":{"@id":"https:\/\/vitablanca.ma\/#organization"},"alternateName":"VitaBlanca.ma","potentialAction":[{"@type":"SearchAction","target":{"@type":"EntryPoint","urlTemplate":"https:\/\/vitablanca.ma\/?s={search_term_string}"},"query-input":{"@type":"PropertyValueSpecification","valueRequired":true,"valueName":"search_term_string"}}],"inLanguage":"ar"},{"@type":"Organization","@id":"https:\/\/vitablanca.ma\/#organization","name":"\u0641\u064a\u062a\u0627\u0628\u0644\u0627\u0646\u0643\u0627","url":"https:\/\/vitablanca.ma\/","logo":{"@type":"ImageObject","inLanguage":"ar","@id":"https:\/\/vitablanca.ma\/#\/schema\/logo\/image\/","url":"https:\/\/vitablanca.ma\/wp-content\/uploads\/2025\/05\/cropped-vitablanca.png","contentUrl":"https:\/\/vitablanca.ma\/wp-content\/uploads\/2025\/05\/cropped-vitablanca.png","width":360,"height":67,"caption":"VitaBlanca"},"image":{"@id":"https:\/\/vitablanca.ma\/#\/schema\/logo\/image\/"},"sameAs":["https:\/\/www.facebook.com\/profile.php?id=61576678196717","https:\/\/www.tiktok.com\/@vitablanca.ma","https:\/\/www.instagram.com\/vitablanca.ma\/"]}]}},"jetpack_sharing_enabled":true,"_links":{"self":[{"href":"https:\/\/vitablanca.ma\/ar\/wp-json\/wp\/v2\/product\/13173","targetHints":{"allow":["GET"]}}],"collection":[{"href":"https:\/\/vitablanca.ma\/ar\/wp-json\/wp\/v2\/product"}],"about":[{"href":"https:\/\/vitablanca.ma\/ar\/wp-json\/wp\/v2\/types\/product"}],"wp:featuredmedia":[{"embeddable":true,"href":"https:\/\/vitablanca.ma\/ar\/wp-json\/wp\/v2\/media\/13157"}],"wp:attachment":[{"href":"https:\/\/vitablanca.ma\/ar\/wp-json\/wp\/v2\/media?parent=13173"}],"wp:term":[{"taxonomy":"product_brand","embeddable":true,"href":"https:\/\/vitablanca.ma\/ar\/wp-json\/wp\/v2\/product_brand?post=13173"},{"taxonomy":"product_cat","embeddable":true,"href":"https:\/\/vitablanca.ma\/ar\/wp-json\/wp\/v2\/product_cat?post=13173"},{"taxonomy":"product_tag","embeddable":true,"href":"https:\/\/vitablanca.ma\/ar\/wp-json\/wp\/v2\/product_tag?post=13173"}],"curies":[{"name":"wp","href":"https:\/\/api.w.org\/{rel}","templated":true}]}}