{"id":13026,"date":"2025-05-28T22:37:50","date_gmt":"2025-05-28T22:37:50","guid":{"rendered":"https:\/\/vitablanca.ma\/product\/maui-moisture-conditioner-shea-butter-for-dry-damaged-hair\/"},"modified":"2026-03-19T12:59:55","modified_gmt":"2026-03-19T12:59:55","slug":"maui-moisture-conditioner-shea-butter-for-dry-damaged-hair","status":"publish","type":"product","link":"https:\/\/vitablanca.ma\/ar\/product-2\/maui-moisture-conditioner-shea-butter-for-dry-damaged-hair\/","title":{"rendered":"\u0628\u0644\u0633\u0645 \u0645\u0627\u0648\u064a \u0645\u0648\u064a\u0633\u062a\u0634\u0631 \u0628\u0632\u0628\u062f\u0629 \u0627\u0644\u0634\u064a\u0627 \u0644\u0644\u0634\u0639\u0631 \u0627\u0644\u062c\u0627\u0641 \u0648\u0627\u0644\u062a\u0627\u0644\u0641"},"content":{"rendered":"<p><span><br \/>Ce revitalisant Maui Moisture Heal &amp; Hydrate + Beurre de Karit\u00e9 hydrate en profondeur les cheveux boucl\u00e9s serr\u00e9s. Rehaussez la brillance et la douceur de vos boucles gr\u00e2ce \u00e0 ce beurre de karit\u00e9 nourrissant et hydratant. Maintenez vos cheveux sains et hydrat\u00e9s pour un look \u00e9clatant de sant\u00e9.<\/span><\/p>","protected":false},"excerpt":{"rendered":"<p>Ce revitalisant Maui Moisture Heal &amp; Hydrate + Beurre de Karit\u00e9 hydrate en profondeur les cheveux boucl\u00e9s serr\u00e9s. Rehaussez la brillance et la douceur de vos boucles gr\u00e2ce \u00e0 ce beurre de karit\u00e9 nourrissant et hydratant. Maintenez vos cheveux sains et hydrat\u00e9s pour un look \u00e9clatant de sant\u00e9.<\/p>","protected":false},"featured_media":13022,"template":"","meta":{"om_disable_all_campaigns":false},"product_brand":[],"product_cat":[15],"product_tag":[],"class_list":{"0":"post-13026","1":"product","2":"type-product","3":"status-publish","4":"has-post-thumbnail","6":"product_cat-beaute-sante-complements-alimentaires-soins-et-bien-etre-au-meilleur-prix","8":"first","9":"outofstock","10":"taxable","11":"shipping-taxable","12":"purchasable","13":"product-type-simple"},"yoast_head":"<!-- This site is optimized with the Yoast SEO plugin v27.4 - https:\/\/yoast.com\/product\/yoast-seo-wordpress\/ -->\n<title>Maui Moisture Conditioner Shea Butter Dry Damaged Hair - Maroc<\/title>\n<meta name=\"description\" content=\"D\u00e9couvrez le Maui Moisture Shea Butter Conditioner 385ml au Maroc. Cet apr\u00e8s-shampoing sans sulfate ni silicone, \u00e0 base d&#039;aloe vera et beurre de karit\u00e9,\" \/>\n<meta name=\"robots\" content=\"index, follow, max-snippet:-1, max-image-preview:large, max-video-preview:-1\" \/>\n<link rel=\"canonical\" href=\"https:\/\/vitablanca.ma\/ar\/product-2\/maui-moisture-conditioner-shea-butter-for-dry-damaged-hair\/\" \/>\n<meta property=\"og:locale\" content=\"ar_AR\" \/>\n<meta property=\"og:type\" content=\"article\" \/>\n<meta property=\"og:title\" content=\"Maui Moisture Conditioner Shea Butter Dry Damaged Hair - Maroc\" \/>\n<meta property=\"og:description\" content=\"D\u00e9couvrez le Maui Moisture Shea Butter Conditioner 385ml au Maroc. Cet apr\u00e8s-shampoing sans sulfate ni silicone, \u00e0 base d&#039;aloe vera et beurre de karit\u00e9,\" \/>\n<meta property=\"og:url\" content=\"https:\/\/vitablanca.ma\/ar\/product-2\/maui-moisture-conditioner-shea-butter-for-dry-damaged-hair\/\" \/>\n<meta property=\"og:site_name\" content=\"Vitablanca.ma &ndash; Sant&eacute;, vitalit&eacute; et bien-&ecirc;tre pour tous les Marocains\" \/>\n<meta property=\"article:publisher\" content=\"https:\/\/www.facebook.com\/profile.php?id=61576678196717\" \/>\n<meta property=\"article:modified_time\" content=\"2026-03-19T12:59:55+00:00\" \/>\n<meta property=\"og:image\" content=\"https:\/\/vitablanca.ma\/wp-content\/uploads\/2025\/05\/white-SHEACOND.jpg\" \/>\n\t<meta property=\"og:image:width\" content=\"1740\" \/>\n\t<meta property=\"og:image:height\" content=\"1740\" \/>\n\t<meta property=\"og:image:type\" content=\"image\/jpeg\" \/>\n<meta name=\"twitter:card\" content=\"summary_large_image\" \/>\n<meta name=\"twitter:label1\" content=\"\u0648\u0642\u062a \u0627\u0644\u0642\u0631\u0627\u0621\u0629 \u0627\u0644\u0645\u064f\u0642\u062f\u0651\u0631\" \/>\n\t<meta name=\"twitter:data1\" content=\"\u062f\u0642\u064a\u0642\u0629 \u0648\u0627\u062d\u062f\u0629\" \/>\n<script type=\"application\/ld+json\" class=\"yoast-schema-graph\">{\"@context\":\"https:\\\/\\\/schema.org\",\"@graph\":[{\"@type\":[\"WebPage\",\"ItemPage\"],\"@id\":\"https:\\\/\\\/vitablanca.ma\\\/produit\\\/maui-moisture-conditioner-shea-butter-for-dry-damaged-hair\\\/\",\"url\":\"https:\\\/\\\/vitablanca.ma\\\/produit\\\/maui-moisture-conditioner-shea-butter-for-dry-damaged-hair\\\/\",\"name\":\"Maui Moisture Conditioner Shea Butter Dry Damaged Hair - Maroc\",\"isPartOf\":{\"@id\":\"https:\\\/\\\/vitablanca.ma\\\/#website\"},\"primaryImageOfPage\":{\"@id\":\"https:\\\/\\\/vitablanca.ma\\\/produit\\\/maui-moisture-conditioner-shea-butter-for-dry-damaged-hair\\\/#primaryimage\"},\"image\":{\"@id\":\"https:\\\/\\\/vitablanca.ma\\\/produit\\\/maui-moisture-conditioner-shea-butter-for-dry-damaged-hair\\\/#primaryimage\"},\"thumbnailUrl\":\"https:\\\/\\\/vitablanca.ma\\\/wp-content\\\/uploads\\\/2025\\\/05\\\/white-SHEACOND.jpg\",\"datePublished\":\"2025-05-28T22:37:50+00:00\",\"dateModified\":\"2026-03-19T12:59:55+00:00\",\"description\":\"D\u00e9couvrez le Maui Moisture Shea Butter Conditioner 385ml au Maroc. Cet apr\u00e8s-shampoing sans sulfate ni silicone, \u00e0 base d'aloe vera et beurre de karit\u00e9,\",\"breadcrumb\":{\"@id\":\"https:\\\/\\\/vitablanca.ma\\\/produit\\\/maui-moisture-conditioner-shea-butter-for-dry-damaged-hair\\\/#breadcrumb\"},\"inLanguage\":\"ar\",\"potentialAction\":[{\"@type\":\"ReadAction\",\"target\":[\"https:\\\/\\\/vitablanca.ma\\\/produit\\\/maui-moisture-conditioner-shea-butter-for-dry-damaged-hair\\\/\"]}]},{\"@type\":\"ImageObject\",\"inLanguage\":\"ar\",\"@id\":\"https:\\\/\\\/vitablanca.ma\\\/produit\\\/maui-moisture-conditioner-shea-butter-for-dry-damaged-hair\\\/#primaryimage\",\"url\":\"https:\\\/\\\/vitablanca.ma\\\/wp-content\\\/uploads\\\/2025\\\/05\\\/white-SHEACOND.jpg\",\"contentUrl\":\"https:\\\/\\\/vitablanca.ma\\\/wp-content\\\/uploads\\\/2025\\\/05\\\/white-SHEACOND.jpg\",\"width\":1740,\"height\":1740},{\"@type\":\"BreadcrumbList\",\"@id\":\"https:\\\/\\\/vitablanca.ma\\\/produit\\\/maui-moisture-conditioner-shea-butter-for-dry-damaged-hair\\\/#breadcrumb\",\"itemListElement\":[{\"@type\":\"ListItem\",\"position\":1,\"name\":\"Home\",\"item\":\"https:\\\/\\\/vitablanca.ma\\\/\"},{\"@type\":\"ListItem\",\"position\":2,\"name\":\"Tous Les Produits\",\"item\":\"https:\\\/\\\/vitablanca.ma\\\/tous-les-produits\\\/\"},{\"@type\":\"ListItem\",\"position\":3,\"name\":\"Maui Moisture Conditioner Shea Butter for Dry Damaged Hair\"}]},{\"@type\":\"WebSite\",\"@id\":\"https:\\\/\\\/vitablanca.ma\\\/#website\",\"url\":\"https:\\\/\\\/vitablanca.ma\\\/\",\"name\":\"VitaBlanca.ma | Compl\u00e9ments alimentaires, sant\u00e9 & beaut\u00e9 au Maroc\",\"description\":\"vendre vitamines et compl\u00e9ments premium des USA &amp; Canada, Nouvelle Z\u00e9lande,Maroc (NOW Foods, Solgar, Manuka). Livraison rapide partout au Maroc.\",\"publisher\":{\"@id\":\"https:\\\/\\\/vitablanca.ma\\\/#organization\"},\"alternateName\":\"VitaBlanca.ma\",\"potentialAction\":[{\"@type\":\"SearchAction\",\"target\":{\"@type\":\"EntryPoint\",\"urlTemplate\":\"https:\\\/\\\/vitablanca.ma\\\/?s={search_term_string}\"},\"query-input\":{\"@type\":\"PropertyValueSpecification\",\"valueRequired\":true,\"valueName\":\"search_term_string\"}}],\"inLanguage\":\"ar\"},{\"@type\":\"Organization\",\"@id\":\"https:\\\/\\\/vitablanca.ma\\\/#organization\",\"name\":\"VitaBlanca\",\"url\":\"https:\\\/\\\/vitablanca.ma\\\/\",\"logo\":{\"@type\":\"ImageObject\",\"inLanguage\":\"ar\",\"@id\":\"https:\\\/\\\/vitablanca.ma\\\/#\\\/schema\\\/logo\\\/image\\\/\",\"url\":\"https:\\\/\\\/vitablanca.ma\\\/wp-content\\\/uploads\\\/2025\\\/05\\\/cropped-vitablanca.png\",\"contentUrl\":\"https:\\\/\\\/vitablanca.ma\\\/wp-content\\\/uploads\\\/2025\\\/05\\\/cropped-vitablanca.png\",\"width\":360,\"height\":67,\"caption\":\"VitaBlanca\"},\"image\":{\"@id\":\"https:\\\/\\\/vitablanca.ma\\\/#\\\/schema\\\/logo\\\/image\\\/\"},\"sameAs\":[\"https:\\\/\\\/www.facebook.com\\\/profile.php?id=61576678196717\",\"https:\\\/\\\/www.tiktok.com\\\/@vitablanca.ma\",\"https:\\\/\\\/www.instagram.com\\\/vitablanca.ma\\\/\"]}]}<\/script>\n<!-- \/ Yoast SEO plugin. -->","yoast_head_json":{"title":"Maui Moisture Conditioner Shea Butter Dry Damaged Hair - Maroc","description":"D\u00e9couvrez le Maui Moisture Shea Butter Conditioner 385ml au Maroc. Cet apr\u00e8s-shampoing sans sulfate ni silicone, \u00e0 base d'aloe vera et beurre de karit\u00e9,","robots":{"index":"index","follow":"follow","max-snippet":"max-snippet:-1","max-image-preview":"max-image-preview:large","max-video-preview":"max-video-preview:-1"},"canonical":"https:\/\/vitablanca.ma\/ar\/product-2\/maui-moisture-conditioner-shea-butter-for-dry-damaged-hair\/","og_locale":"ar_AR","og_type":"article","og_title":"Maui Moisture Conditioner Shea Butter Dry Damaged Hair - Maroc","og_description":"D\u00e9couvrez le Maui Moisture Shea Butter Conditioner 385ml au Maroc. Cet apr\u00e8s-shampoing sans sulfate ni silicone, \u00e0 base d'aloe vera et beurre de karit\u00e9,","og_url":"https:\/\/vitablanca.ma\/ar\/product-2\/maui-moisture-conditioner-shea-butter-for-dry-damaged-hair\/","og_site_name":"Vitablanca.ma &ndash; Sant&eacute;, vitalit&eacute; et bien-&ecirc;tre pour tous les Marocains","article_publisher":"https:\/\/www.facebook.com\/profile.php?id=61576678196717","article_modified_time":"2026-03-19T12:59:55+00:00","og_image":[{"width":1740,"height":1740,"url":"https:\/\/vitablanca.ma\/wp-content\/uploads\/2025\/05\/white-SHEACOND.jpg","type":"image\/jpeg"}],"twitter_card":"summary_large_image","twitter_misc":{"\u0648\u0642\u062a \u0627\u0644\u0642\u0631\u0627\u0621\u0629 \u0627\u0644\u0645\u064f\u0642\u062f\u0651\u0631":"\u062f\u0642\u064a\u0642\u0629 \u0648\u0627\u062d\u062f\u0629"},"schema":{"@context":"https:\/\/schema.org","@graph":[{"@type":["WebPage","ItemPage"],"@id":"https:\/\/vitablanca.ma\/produit\/maui-moisture-conditioner-shea-butter-for-dry-damaged-hair\/","url":"https:\/\/vitablanca.ma\/produit\/maui-moisture-conditioner-shea-butter-for-dry-damaged-hair\/","name":"Maui Moisture Conditioner Shea Butter Dry Damaged Hair - Maroc","isPartOf":{"@id":"https:\/\/vitablanca.ma\/#website"},"primaryImageOfPage":{"@id":"https:\/\/vitablanca.ma\/produit\/maui-moisture-conditioner-shea-butter-for-dry-damaged-hair\/#primaryimage"},"image":{"@id":"https:\/\/vitablanca.ma\/produit\/maui-moisture-conditioner-shea-butter-for-dry-damaged-hair\/#primaryimage"},"thumbnailUrl":"https:\/\/vitablanca.ma\/wp-content\/uploads\/2025\/05\/white-SHEACOND.jpg","datePublished":"2025-05-28T22:37:50+00:00","dateModified":"2026-03-19T12:59:55+00:00","description":"D\u00e9couvrez le Maui Moisture Shea Butter Conditioner 385ml au Maroc. Cet apr\u00e8s-shampoing sans sulfate ni silicone, \u00e0 base d'aloe vera et beurre de karit\u00e9,","breadcrumb":{"@id":"https:\/\/vitablanca.ma\/produit\/maui-moisture-conditioner-shea-butter-for-dry-damaged-hair\/#breadcrumb"},"inLanguage":"ar","potentialAction":[{"@type":"ReadAction","target":["https:\/\/vitablanca.ma\/produit\/maui-moisture-conditioner-shea-butter-for-dry-damaged-hair\/"]}]},{"@type":"ImageObject","inLanguage":"ar","@id":"https:\/\/vitablanca.ma\/produit\/maui-moisture-conditioner-shea-butter-for-dry-damaged-hair\/#primaryimage","url":"https:\/\/vitablanca.ma\/wp-content\/uploads\/2025\/05\/white-SHEACOND.jpg","contentUrl":"https:\/\/vitablanca.ma\/wp-content\/uploads\/2025\/05\/white-SHEACOND.jpg","width":1740,"height":1740},{"@type":"BreadcrumbList","@id":"https:\/\/vitablanca.ma\/produit\/maui-moisture-conditioner-shea-butter-for-dry-damaged-hair\/#breadcrumb","itemListElement":[{"@type":"ListItem","position":1,"name":"Home","item":"https:\/\/vitablanca.ma\/"},{"@type":"ListItem","position":2,"name":"Tous Les Produits","item":"https:\/\/vitablanca.ma\/tous-les-produits\/"},{"@type":"ListItem","position":3,"name":"Maui Moisture Conditioner Shea Butter for Dry Damaged Hair"}]},{"@type":"WebSite","@id":"https:\/\/vitablanca.ma\/#website","url":"https:\/\/vitablanca.ma\/","name":"VitaBlanca.ma | \u0627\u0644\u0645\u0643\u0645\u0644\u0627\u062a \u0627\u0644\u063a\u0630\u0627\u0626\u064a\u0629\u060c \u0627\u0644\u0635\u062d\u0629 \u0648\u0627\u0644\u062c\u0645\u0627\u0644 \u0641\u064a \u0627\u0644\u0645\u063a\u0631\u0628","description":"\u0646\u0628\u064a\u0639 \u0641\u064a\u062a\u0627\u0645\u064a\u0646\u0627\u062a \u0648\u0645\u0643\u0645\u0644\u0627\u062a \u063a\u0630\u0627\u0626\u064a\u0629 \u0641\u0627\u062e\u0631\u0629 \u0645\u0646 \u0627\u0644\u0648\u0644\u0627\u064a\u0627\u062a \u0627\u0644\u0645\u062a\u062d\u062f\u0629 \u0627\u0644\u0623\u0645\u0631\u064a\u0643\u064a\u0629 \u0648\u0643\u0646\u062f\u0627 \u0648\u0646\u064a\u0648\u0632\u064a\u0644\u0646\u062f\u0627 \u0648\u0627\u0644\u0645\u063a\u0631\u0628 (\u0646\u0627\u0648 \u0641\u0648\u062f\u0632\u060c \u0633\u0648\u0644\u062c\u0627\u0631\u060c \u0645\u0627\u0646\u0648\u0643\u0627). \u062a\u0648\u0635\u064a\u0644 \u0633\u0631\u064a\u0639 \u0625\u0644\u0649 \u062c\u0645\u064a\u0639 \u0623\u0646\u062d\u0627\u0621 \u0627\u0644\u0645\u063a\u0631\u0628.","publisher":{"@id":"https:\/\/vitablanca.ma\/#organization"},"alternateName":"VitaBlanca.ma","potentialAction":[{"@type":"SearchAction","target":{"@type":"EntryPoint","urlTemplate":"https:\/\/vitablanca.ma\/?s={search_term_string}"},"query-input":{"@type":"PropertyValueSpecification","valueRequired":true,"valueName":"search_term_string"}}],"inLanguage":"ar"},{"@type":"Organization","@id":"https:\/\/vitablanca.ma\/#organization","name":"\u0641\u064a\u062a\u0627\u0628\u0644\u0627\u0646\u0643\u0627","url":"https:\/\/vitablanca.ma\/","logo":{"@type":"ImageObject","inLanguage":"ar","@id":"https:\/\/vitablanca.ma\/#\/schema\/logo\/image\/","url":"https:\/\/vitablanca.ma\/wp-content\/uploads\/2025\/05\/cropped-vitablanca.png","contentUrl":"https:\/\/vitablanca.ma\/wp-content\/uploads\/2025\/05\/cropped-vitablanca.png","width":360,"height":67,"caption":"VitaBlanca"},"image":{"@id":"https:\/\/vitablanca.ma\/#\/schema\/logo\/image\/"},"sameAs":["https:\/\/www.facebook.com\/profile.php?id=61576678196717","https:\/\/www.tiktok.com\/@vitablanca.ma","https:\/\/www.instagram.com\/vitablanca.ma\/"]}]}},"jetpack_sharing_enabled":true,"_links":{"self":[{"href":"https:\/\/vitablanca.ma\/ar\/wp-json\/wp\/v2\/product\/13026","targetHints":{"allow":["GET"]}}],"collection":[{"href":"https:\/\/vitablanca.ma\/ar\/wp-json\/wp\/v2\/product"}],"about":[{"href":"https:\/\/vitablanca.ma\/ar\/wp-json\/wp\/v2\/types\/product"}],"wp:featuredmedia":[{"embeddable":true,"href":"https:\/\/vitablanca.ma\/ar\/wp-json\/wp\/v2\/media\/13022"}],"wp:attachment":[{"href":"https:\/\/vitablanca.ma\/ar\/wp-json\/wp\/v2\/media?parent=13026"}],"wp:term":[{"taxonomy":"product_brand","embeddable":true,"href":"https:\/\/vitablanca.ma\/ar\/wp-json\/wp\/v2\/product_brand?post=13026"},{"taxonomy":"product_cat","embeddable":true,"href":"https:\/\/vitablanca.ma\/ar\/wp-json\/wp\/v2\/product_cat?post=13026"},{"taxonomy":"product_tag","embeddable":true,"href":"https:\/\/vitablanca.ma\/ar\/wp-json\/wp\/v2\/product_tag?post=13026"}],"curies":[{"name":"wp","href":"https:\/\/api.w.org\/{rel}","templated":true}]}}