{"id":12981,"date":"2025-05-28T22:34:17","date_gmt":"2025-05-28T22:34:17","guid":{"rendered":"https:\/\/vitablanca.ma\/product\/kerastase-blond-absolu-bain-lumiere-shampoing-250ml\/"},"modified":"2025-11-13T13:17:59","modified_gmt":"2025-11-13T13:17:59","slug":"kerastase-blond-absolu-bain-lumiere-shampoing-250ml","status":"publish","type":"product","link":"https:\/\/vitablanca.ma\/ar\/product-2\/kerastase-blond-absolu-bain-lumiere-shampoing-250ml\/","title":{"rendered":"KERASTASE BLOND ABSOLU BAIN LUMIERE SHAMPOING 250ML"},"content":{"rendered":"<p>Shampooing hydratant pour les cheveux blonds \u00e0 la recherche d\u2019une brillance \u00e9clatante, tout en l\u00e9g\u00e8ret\u00e9.<br \/>\nCette formule \u00e0 base d\u2019acide hyaluronique permet un nettoyage tout en douceur, laissant les cheveux l\u00e9gers, souples et hydrat\u00e9s, des racines jusqu\u2019aux pointes. Il illumine et embellis les reflets blonds.<br \/>\nIl d\u00e9toxifie \u00e9galement le cheveu de la pollution. Enrichie en fleur d\u2019Edelweiss, la formule du Bain Lumi\u00e8re est hautement concentr\u00e9e en antioxydants ce qui permet de prot\u00e9ger la fibre des agressions quotidiennes. Appliquer le shampooing sur cheveux mouill\u00e9s.<\/p>","protected":false},"excerpt":{"rendered":"<p>Shampooing hydratant pour les cheveux blonds \u00e0 la recherche d\u2019une brillance \u00e9clatante, tout en l\u00e9g\u00e8ret\u00e9. Cette formule \u00e0 base d\u2019acide hyaluronique permet un nettoyage tout en douceur, laissant les cheveux l\u00e9gers, souples et hydrat\u00e9s, des racines jusqu\u2019aux pointes. Il illumine et embellis les reflets blonds. Il d\u00e9toxifie \u00e9galement le cheveu de la pollution. Enrichie en [&hellip;]<\/p>\n","protected":false},"featured_media":12980,"template":"","meta":{"om_disable_all_campaigns":false},"product_brand":[],"product_cat":[15],"product_tag":[],"class_list":{"0":"post-12981","1":"product","2":"type-product","3":"status-publish","4":"has-post-thumbnail","6":"product_cat-beaute-sante-complements-alimentaires-soins-et-bien-etre-au-meilleur-prix","8":"first","9":"instock","10":"taxable","11":"shipping-taxable","12":"purchasable","13":"product-type-simple"},"yoast_head":"<!-- This site is optimized with the Yoast SEO plugin v27.5 - https:\/\/yoast.com\/product\/yoast-seo-wordpress\/ -->\n<title>KERASTASE BLOND ABSOLU BAIN LUMIERE SHAMPOING 250ML - Maroc Prix<\/title>\n<meta name=\"description\" content=\"KERASTASE BLOND ABSOLU BAIN LUMIERE SHAMPOING 250ML\" \/>\n<meta name=\"robots\" content=\"index, follow, max-snippet:-1, max-image-preview:large, max-video-preview:-1\" \/>\n<link rel=\"canonical\" href=\"https:\/\/vitablanca.ma\/ar\/product-2\/kerastase-blond-absolu-bain-lumiere-shampoing-250ml\/\" \/>\n<meta property=\"og:locale\" content=\"ar_AR\" \/>\n<meta property=\"og:type\" content=\"article\" \/>\n<meta property=\"og:title\" content=\"KERASTASE BLOND ABSOLU BAIN LUMIERE SHAMPOING 250ML - Maroc Prix\" \/>\n<meta property=\"og:description\" content=\"KERASTASE BLOND ABSOLU BAIN LUMIERE SHAMPOING 250ML\" \/>\n<meta property=\"og:url\" content=\"https:\/\/vitablanca.ma\/ar\/product-2\/kerastase-blond-absolu-bain-lumiere-shampoing-250ml\/\" \/>\n<meta property=\"og:site_name\" content=\"Vitablanca.ma &ndash; Sant&eacute;, vitalit&eacute; et bien-&ecirc;tre pour tous les Marocains\" \/>\n<meta property=\"article:publisher\" content=\"https:\/\/www.facebook.com\/profile.php?id=61576678196717\" \/>\n<meta property=\"article:modified_time\" content=\"2025-11-13T13:17:59+00:00\" \/>\n<meta property=\"og:image\" content=\"https:\/\/vitablanca.ma\/wp-content\/uploads\/2025\/05\/kerastase-bain-lumiere_3915de93-475b-41ed-b9be-4795d745d491.jpg\" \/>\n\t<meta property=\"og:image:width\" content=\"800\" \/>\n\t<meta property=\"og:image:height\" content=\"800\" \/>\n\t<meta property=\"og:image:type\" content=\"image\/jpeg\" \/>\n<meta name=\"twitter:card\" content=\"summary_large_image\" \/>\n<script type=\"application\/ld+json\" class=\"yoast-schema-graph\">{\"@context\":\"https:\\\/\\\/schema.org\",\"@graph\":[{\"@type\":[\"WebPage\",\"ItemPage\"],\"@id\":\"https:\\\/\\\/vitablanca.ma\\\/produit\\\/kerastase-blond-absolu-bain-lumiere-shampoing-250ml\\\/\",\"url\":\"https:\\\/\\\/vitablanca.ma\\\/produit\\\/kerastase-blond-absolu-bain-lumiere-shampoing-250ml\\\/\",\"name\":\"KERASTASE BLOND ABSOLU BAIN LUMIERE SHAMPOING 250ML - Maroc Prix\",\"isPartOf\":{\"@id\":\"https:\\\/\\\/vitablanca.ma\\\/#website\"},\"primaryImageOfPage\":{\"@id\":\"https:\\\/\\\/vitablanca.ma\\\/produit\\\/kerastase-blond-absolu-bain-lumiere-shampoing-250ml\\\/#primaryimage\"},\"image\":{\"@id\":\"https:\\\/\\\/vitablanca.ma\\\/produit\\\/kerastase-blond-absolu-bain-lumiere-shampoing-250ml\\\/#primaryimage\"},\"thumbnailUrl\":\"https:\\\/\\\/vitablanca.ma\\\/wp-content\\\/uploads\\\/2025\\\/05\\\/kerastase-bain-lumiere_3915de93-475b-41ed-b9be-4795d745d491.jpg\",\"datePublished\":\"2025-05-28T22:34:17+00:00\",\"dateModified\":\"2025-11-13T13:17:59+00:00\",\"description\":\"KERASTASE BLOND ABSOLU BAIN LUMIERE SHAMPOING 250ML\",\"breadcrumb\":{\"@id\":\"https:\\\/\\\/vitablanca.ma\\\/produit\\\/kerastase-blond-absolu-bain-lumiere-shampoing-250ml\\\/#breadcrumb\"},\"inLanguage\":\"ar\",\"potentialAction\":[{\"@type\":\"ReadAction\",\"target\":[\"https:\\\/\\\/vitablanca.ma\\\/produit\\\/kerastase-blond-absolu-bain-lumiere-shampoing-250ml\\\/\"]}]},{\"@type\":\"ImageObject\",\"inLanguage\":\"ar\",\"@id\":\"https:\\\/\\\/vitablanca.ma\\\/produit\\\/kerastase-blond-absolu-bain-lumiere-shampoing-250ml\\\/#primaryimage\",\"url\":\"https:\\\/\\\/vitablanca.ma\\\/wp-content\\\/uploads\\\/2025\\\/05\\\/kerastase-bain-lumiere_3915de93-475b-41ed-b9be-4795d745d491.jpg\",\"contentUrl\":\"https:\\\/\\\/vitablanca.ma\\\/wp-content\\\/uploads\\\/2025\\\/05\\\/kerastase-bain-lumiere_3915de93-475b-41ed-b9be-4795d745d491.jpg\",\"width\":800,\"height\":800},{\"@type\":\"BreadcrumbList\",\"@id\":\"https:\\\/\\\/vitablanca.ma\\\/produit\\\/kerastase-blond-absolu-bain-lumiere-shampoing-250ml\\\/#breadcrumb\",\"itemListElement\":[{\"@type\":\"ListItem\",\"position\":1,\"name\":\"Home\",\"item\":\"https:\\\/\\\/vitablanca.ma\\\/\"},{\"@type\":\"ListItem\",\"position\":2,\"name\":\"Tous Les Produits\",\"item\":\"https:\\\/\\\/vitablanca.ma\\\/tous-les-produits\\\/\"},{\"@type\":\"ListItem\",\"position\":3,\"name\":\"KERASTASE BLOND ABSOLU BAIN LUMIERE SHAMPOING 250ML\"}]},{\"@type\":\"WebSite\",\"@id\":\"https:\\\/\\\/vitablanca.ma\\\/#website\",\"url\":\"https:\\\/\\\/vitablanca.ma\\\/\",\"name\":\"VitaBlanca.ma | Compl\u00e9ments alimentaires, sant\u00e9 & beaut\u00e9 au Maroc\",\"description\":\"vendre vitamines et compl\u00e9ments premium des USA &amp; Canada, Nouvelle Z\u00e9lande,Maroc (NOW Foods, Solgar, Manuka). Livraison rapide partout au Maroc.\",\"publisher\":{\"@id\":\"https:\\\/\\\/vitablanca.ma\\\/#organization\"},\"alternateName\":\"VitaBlanca.ma\",\"potentialAction\":[{\"@type\":\"SearchAction\",\"target\":{\"@type\":\"EntryPoint\",\"urlTemplate\":\"https:\\\/\\\/vitablanca.ma\\\/?s={search_term_string}\"},\"query-input\":{\"@type\":\"PropertyValueSpecification\",\"valueRequired\":true,\"valueName\":\"search_term_string\"}}],\"inLanguage\":\"ar\"},{\"@type\":\"Organization\",\"@id\":\"https:\\\/\\\/vitablanca.ma\\\/#organization\",\"name\":\"VitaBlanca\",\"url\":\"https:\\\/\\\/vitablanca.ma\\\/\",\"logo\":{\"@type\":\"ImageObject\",\"inLanguage\":\"ar\",\"@id\":\"https:\\\/\\\/vitablanca.ma\\\/#\\\/schema\\\/logo\\\/image\\\/\",\"url\":\"https:\\\/\\\/vitablanca.ma\\\/wp-content\\\/uploads\\\/2025\\\/05\\\/cropped-vitablanca.png\",\"contentUrl\":\"https:\\\/\\\/vitablanca.ma\\\/wp-content\\\/uploads\\\/2025\\\/05\\\/cropped-vitablanca.png\",\"width\":360,\"height\":67,\"caption\":\"VitaBlanca\"},\"image\":{\"@id\":\"https:\\\/\\\/vitablanca.ma\\\/#\\\/schema\\\/logo\\\/image\\\/\"},\"sameAs\":[\"https:\\\/\\\/www.facebook.com\\\/profile.php?id=61576678196717\",\"https:\\\/\\\/www.tiktok.com\\\/@vitablanca.ma\",\"https:\\\/\\\/www.instagram.com\\\/vitablanca.ma\\\/\"]}]}<\/script>\n<!-- \/ Yoast SEO plugin. -->","yoast_head_json":{"title":"KERASTASE BLOND ABSOLU BAIN LUMIERE SHAMPOING 250ML - Maroc Prix","description":"KERASTASE BLOND ABSOLU BAIN LUMIERE SHAMPOING 250ML","robots":{"index":"index","follow":"follow","max-snippet":"max-snippet:-1","max-image-preview":"max-image-preview:large","max-video-preview":"max-video-preview:-1"},"canonical":"https:\/\/vitablanca.ma\/ar\/product-2\/kerastase-blond-absolu-bain-lumiere-shampoing-250ml\/","og_locale":"ar_AR","og_type":"article","og_title":"KERASTASE BLOND ABSOLU BAIN LUMIERE SHAMPOING 250ML - Maroc Prix","og_description":"KERASTASE BLOND ABSOLU BAIN LUMIERE SHAMPOING 250ML","og_url":"https:\/\/vitablanca.ma\/ar\/product-2\/kerastase-blond-absolu-bain-lumiere-shampoing-250ml\/","og_site_name":"Vitablanca.ma &ndash; Sant&eacute;, vitalit&eacute; et bien-&ecirc;tre pour tous les Marocains","article_publisher":"https:\/\/www.facebook.com\/profile.php?id=61576678196717","article_modified_time":"2025-11-13T13:17:59+00:00","og_image":[{"width":800,"height":800,"url":"https:\/\/vitablanca.ma\/wp-content\/uploads\/2025\/05\/kerastase-bain-lumiere_3915de93-475b-41ed-b9be-4795d745d491.jpg","type":"image\/jpeg"}],"twitter_card":"summary_large_image","schema":{"@context":"https:\/\/schema.org","@graph":[{"@type":["WebPage","ItemPage"],"@id":"https:\/\/vitablanca.ma\/produit\/kerastase-blond-absolu-bain-lumiere-shampoing-250ml\/","url":"https:\/\/vitablanca.ma\/produit\/kerastase-blond-absolu-bain-lumiere-shampoing-250ml\/","name":"KERASTASE BLOND ABSOLU BAIN LUMIERE SHAMPOING 250ML - Maroc Prix","isPartOf":{"@id":"https:\/\/vitablanca.ma\/#website"},"primaryImageOfPage":{"@id":"https:\/\/vitablanca.ma\/produit\/kerastase-blond-absolu-bain-lumiere-shampoing-250ml\/#primaryimage"},"image":{"@id":"https:\/\/vitablanca.ma\/produit\/kerastase-blond-absolu-bain-lumiere-shampoing-250ml\/#primaryimage"},"thumbnailUrl":"https:\/\/vitablanca.ma\/wp-content\/uploads\/2025\/05\/kerastase-bain-lumiere_3915de93-475b-41ed-b9be-4795d745d491.jpg","datePublished":"2025-05-28T22:34:17+00:00","dateModified":"2025-11-13T13:17:59+00:00","description":"KERASTASE BLOND ABSOLU BAIN LUMIERE SHAMPOING 250ML","breadcrumb":{"@id":"https:\/\/vitablanca.ma\/produit\/kerastase-blond-absolu-bain-lumiere-shampoing-250ml\/#breadcrumb"},"inLanguage":"ar","potentialAction":[{"@type":"ReadAction","target":["https:\/\/vitablanca.ma\/produit\/kerastase-blond-absolu-bain-lumiere-shampoing-250ml\/"]}]},{"@type":"ImageObject","inLanguage":"ar","@id":"https:\/\/vitablanca.ma\/produit\/kerastase-blond-absolu-bain-lumiere-shampoing-250ml\/#primaryimage","url":"https:\/\/vitablanca.ma\/wp-content\/uploads\/2025\/05\/kerastase-bain-lumiere_3915de93-475b-41ed-b9be-4795d745d491.jpg","contentUrl":"https:\/\/vitablanca.ma\/wp-content\/uploads\/2025\/05\/kerastase-bain-lumiere_3915de93-475b-41ed-b9be-4795d745d491.jpg","width":800,"height":800},{"@type":"BreadcrumbList","@id":"https:\/\/vitablanca.ma\/produit\/kerastase-blond-absolu-bain-lumiere-shampoing-250ml\/#breadcrumb","itemListElement":[{"@type":"ListItem","position":1,"name":"Home","item":"https:\/\/vitablanca.ma\/"},{"@type":"ListItem","position":2,"name":"Tous Les Produits","item":"https:\/\/vitablanca.ma\/tous-les-produits\/"},{"@type":"ListItem","position":3,"name":"KERASTASE BLOND ABSOLU BAIN LUMIERE SHAMPOING 250ML"}]},{"@type":"WebSite","@id":"https:\/\/vitablanca.ma\/#website","url":"https:\/\/vitablanca.ma\/","name":"VitaBlanca.ma | \u0627\u0644\u0645\u0643\u0645\u0644\u0627\u062a \u0627\u0644\u063a\u0630\u0627\u0626\u064a\u0629\u060c \u0627\u0644\u0635\u062d\u0629 \u0648\u0627\u0644\u062c\u0645\u0627\u0644 \u0641\u064a \u0627\u0644\u0645\u063a\u0631\u0628","description":"\u0646\u0628\u064a\u0639 \u0641\u064a\u062a\u0627\u0645\u064a\u0646\u0627\u062a \u0648\u0645\u0643\u0645\u0644\u0627\u062a \u063a\u0630\u0627\u0626\u064a\u0629 \u0641\u0627\u062e\u0631\u0629 \u0645\u0646 \u0627\u0644\u0648\u0644\u0627\u064a\u0627\u062a \u0627\u0644\u0645\u062a\u062d\u062f\u0629 \u0627\u0644\u0623\u0645\u0631\u064a\u0643\u064a\u0629 \u0648\u0643\u0646\u062f\u0627 \u0648\u0646\u064a\u0648\u0632\u064a\u0644\u0646\u062f\u0627 \u0648\u0627\u0644\u0645\u063a\u0631\u0628 (\u0646\u0627\u0648 \u0641\u0648\u062f\u0632\u060c \u0633\u0648\u0644\u062c\u0627\u0631\u060c \u0645\u0627\u0646\u0648\u0643\u0627). \u062a\u0648\u0635\u064a\u0644 \u0633\u0631\u064a\u0639 \u0625\u0644\u0649 \u062c\u0645\u064a\u0639 \u0623\u0646\u062d\u0627\u0621 \u0627\u0644\u0645\u063a\u0631\u0628.","publisher":{"@id":"https:\/\/vitablanca.ma\/#organization"},"alternateName":"VitaBlanca.ma","potentialAction":[{"@type":"SearchAction","target":{"@type":"EntryPoint","urlTemplate":"https:\/\/vitablanca.ma\/?s={search_term_string}"},"query-input":{"@type":"PropertyValueSpecification","valueRequired":true,"valueName":"search_term_string"}}],"inLanguage":"ar"},{"@type":"Organization","@id":"https:\/\/vitablanca.ma\/#organization","name":"\u0641\u064a\u062a\u0627\u0628\u0644\u0627\u0646\u0643\u0627","url":"https:\/\/vitablanca.ma\/","logo":{"@type":"ImageObject","inLanguage":"ar","@id":"https:\/\/vitablanca.ma\/#\/schema\/logo\/image\/","url":"https:\/\/vitablanca.ma\/wp-content\/uploads\/2025\/05\/cropped-vitablanca.png","contentUrl":"https:\/\/vitablanca.ma\/wp-content\/uploads\/2025\/05\/cropped-vitablanca.png","width":360,"height":67,"caption":"VitaBlanca"},"image":{"@id":"https:\/\/vitablanca.ma\/#\/schema\/logo\/image\/"},"sameAs":["https:\/\/www.facebook.com\/profile.php?id=61576678196717","https:\/\/www.tiktok.com\/@vitablanca.ma","https:\/\/www.instagram.com\/vitablanca.ma\/"]}]}},"jetpack_sharing_enabled":true,"_links":{"self":[{"href":"https:\/\/vitablanca.ma\/ar\/wp-json\/wp\/v2\/product\/12981","targetHints":{"allow":["GET"]}}],"collection":[{"href":"https:\/\/vitablanca.ma\/ar\/wp-json\/wp\/v2\/product"}],"about":[{"href":"https:\/\/vitablanca.ma\/ar\/wp-json\/wp\/v2\/types\/product"}],"wp:featuredmedia":[{"embeddable":true,"href":"https:\/\/vitablanca.ma\/ar\/wp-json\/wp\/v2\/media\/12980"}],"wp:attachment":[{"href":"https:\/\/vitablanca.ma\/ar\/wp-json\/wp\/v2\/media?parent=12981"}],"wp:term":[{"taxonomy":"product_brand","embeddable":true,"href":"https:\/\/vitablanca.ma\/ar\/wp-json\/wp\/v2\/product_brand?post=12981"},{"taxonomy":"product_cat","embeddable":true,"href":"https:\/\/vitablanca.ma\/ar\/wp-json\/wp\/v2\/product_cat?post=12981"},{"taxonomy":"product_tag","embeddable":true,"href":"https:\/\/vitablanca.ma\/ar\/wp-json\/wp\/v2\/product_tag?post=12981"}],"curies":[{"name":"wp","href":"https:\/\/api.w.org\/{rel}","templated":true}]}}