{"id":12942,"date":"2025-05-28T22:32:32","date_gmt":"2025-05-28T22:32:32","guid":{"rendered":"https:\/\/vitablanca.ma\/product\/k18-peptide-prep-ph-maintenance-shampooing\/"},"modified":"2025-06-09T01:50:02","modified_gmt":"2025-06-09T01:50:02","slug":"k18-peptide-prep-ph-maintenance-shampooing","status":"publish","type":"product","link":"https:\/\/vitablanca.ma\/ar\/product-2\/k18-peptide-prep-ph-maintenance-shampooing\/","title":{"rendered":"\u0634\u0627\u0645\u0628\u0648 K18 \u0628\u0628\u062a\u064a\u062f \u0628\u0631\u064a\u0628 \u0644\u0644\u062d\u0641\u0627\u0638 \u0639\u0644\u0649 \u062f\u0631\u062c\u0629 \u0627\u0644\u062d\u0645\u0648\u0636\u0629"},"content":{"rendered":"<p data-mce-fragment=\"1\">Offrez \u00e0 vos cheveux le maintien dont ils ont besoin avec le shampooing K18 PEPTIDE PREP PH MAINTENANCE. Formul\u00e9 avec le peptide brevet\u00e9 K18PEPTIDEMC, il nettoie en douceur tout en maintenant l\u2019\u00e9quilibre du pH et la sant\u00e9 des cheveux. Ce shampooing prot\u00e8ge \u00e9galement contre la casse et les frisottis, pr\u00e9serve la couleur et am\u00e9liore le brillant de tout type de cheveu.<\/p>","protected":false},"excerpt":{"rendered":"<p>Offrez \u00e0 vos cheveux le maintien dont ils ont besoin avec le shampooing K18 PEPTIDE PREP PH MAINTENANCE. Formul\u00e9 avec le peptide brevet\u00e9 K18PEPTIDEMC, il nettoie en douceur tout en maintenant l\u2019\u00e9quilibre du pH et la sant\u00e9 des cheveux. Ce shampooing prot\u00e8ge \u00e9galement contre la casse et les frisottis, pr\u00e9serve la couleur et am\u00e9liore le [&hellip;]<\/p>\n","protected":false},"featured_media":12940,"template":"","meta":{"om_disable_all_campaigns":false},"product_brand":[],"product_cat":[15],"product_tag":[],"class_list":{"0":"post-12942","1":"product","2":"type-product","3":"status-publish","4":"has-post-thumbnail","6":"product_cat-beaute-sante-complements-alimentaires-soins-et-bien-etre-au-meilleur-prix","8":"first","9":"instock","10":"taxable","11":"shipping-taxable","12":"purchasable","13":"product-type-variable"},"yoast_head":"<!-- This site is optimized with the Yoast SEO plugin v27.5 - https:\/\/yoast.com\/product\/yoast-seo-wordpress\/ -->\n<title>K18 PEPTIDE PREP PH MAINTENANCE SHAMPOOING - Maroc Prix<\/title>\n<meta name=\"description\" content=\"K18 PEPTIDE PREP PH MAINTENANCE SHAMPOOING\" \/>\n<meta name=\"robots\" content=\"index, follow, max-snippet:-1, max-image-preview:large, max-video-preview:-1\" \/>\n<link rel=\"canonical\" href=\"https:\/\/vitablanca.ma\/ar\/product-2\/k18-peptide-prep-ph-maintenance-shampooing\/\" \/>\n<meta property=\"og:locale\" content=\"ar_AR\" \/>\n<meta property=\"og:type\" content=\"article\" \/>\n<meta property=\"og:title\" content=\"K18 PEPTIDE PREP PH MAINTENANCE SHAMPOOING - Maroc Prix\" \/>\n<meta property=\"og:description\" content=\"K18 PEPTIDE PREP PH MAINTENANCE SHAMPOOING\" \/>\n<meta property=\"og:url\" content=\"https:\/\/vitablanca.ma\/ar\/product-2\/k18-peptide-prep-ph-maintenance-shampooing\/\" \/>\n<meta property=\"og:site_name\" content=\"Vitablanca.ma &ndash; Sant&eacute;, vitalit&eacute; et bien-&ecirc;tre pour tous les Marocains\" \/>\n<meta property=\"article:publisher\" content=\"https:\/\/www.facebook.com\/profile.php?id=61576678196717\" \/>\n<meta property=\"article:modified_time\" content=\"2025-06-09T01:50:02+00:00\" \/>\n<meta property=\"og:image\" content=\"https:\/\/vitablanca.ma\/wp-content\/uploads\/2025\/05\/K18-Peptide-Prep-pH-Maintenance-Shampoo-930-ml.jpg\" \/>\n\t<meta property=\"og:image:width\" content=\"800\" \/>\n\t<meta property=\"og:image:height\" content=\"800\" \/>\n\t<meta property=\"og:image:type\" content=\"image\/jpeg\" \/>\n<meta name=\"twitter:card\" content=\"summary_large_image\" \/>\n<script type=\"application\/ld+json\" class=\"yoast-schema-graph\">{\"@context\":\"https:\\\/\\\/schema.org\",\"@graph\":[{\"@type\":[\"WebPage\",\"ItemPage\"],\"@id\":\"https:\\\/\\\/vitablanca.ma\\\/produit\\\/k18-peptide-prep-ph-maintenance-shampooing\\\/\",\"url\":\"https:\\\/\\\/vitablanca.ma\\\/produit\\\/k18-peptide-prep-ph-maintenance-shampooing\\\/\",\"name\":\"K18 PEPTIDE PREP PH MAINTENANCE SHAMPOOING - Maroc Prix\",\"isPartOf\":{\"@id\":\"https:\\\/\\\/vitablanca.ma\\\/#website\"},\"primaryImageOfPage\":{\"@id\":\"https:\\\/\\\/vitablanca.ma\\\/produit\\\/k18-peptide-prep-ph-maintenance-shampooing\\\/#primaryimage\"},\"image\":{\"@id\":\"https:\\\/\\\/vitablanca.ma\\\/produit\\\/k18-peptide-prep-ph-maintenance-shampooing\\\/#primaryimage\"},\"thumbnailUrl\":\"https:\\\/\\\/vitablanca.ma\\\/wp-content\\\/uploads\\\/2025\\\/05\\\/K18-Peptide-Prep-pH-Maintenance-Shampoo-930-ml.jpg\",\"datePublished\":\"2025-05-28T22:32:32+00:00\",\"dateModified\":\"2025-06-09T01:50:02+00:00\",\"description\":\"K18 PEPTIDE PREP PH MAINTENANCE SHAMPOOING\",\"breadcrumb\":{\"@id\":\"https:\\\/\\\/vitablanca.ma\\\/produit\\\/k18-peptide-prep-ph-maintenance-shampooing\\\/#breadcrumb\"},\"inLanguage\":\"ar\",\"potentialAction\":[{\"@type\":\"ReadAction\",\"target\":[\"https:\\\/\\\/vitablanca.ma\\\/produit\\\/k18-peptide-prep-ph-maintenance-shampooing\\\/\"]}]},{\"@type\":\"ImageObject\",\"inLanguage\":\"ar\",\"@id\":\"https:\\\/\\\/vitablanca.ma\\\/produit\\\/k18-peptide-prep-ph-maintenance-shampooing\\\/#primaryimage\",\"url\":\"https:\\\/\\\/vitablanca.ma\\\/wp-content\\\/uploads\\\/2025\\\/05\\\/K18-Peptide-Prep-pH-Maintenance-Shampoo-930-ml.jpg\",\"contentUrl\":\"https:\\\/\\\/vitablanca.ma\\\/wp-content\\\/uploads\\\/2025\\\/05\\\/K18-Peptide-Prep-pH-Maintenance-Shampoo-930-ml.jpg\",\"width\":800,\"height\":800},{\"@type\":\"BreadcrumbList\",\"@id\":\"https:\\\/\\\/vitablanca.ma\\\/produit\\\/k18-peptide-prep-ph-maintenance-shampooing\\\/#breadcrumb\",\"itemListElement\":[{\"@type\":\"ListItem\",\"position\":1,\"name\":\"Home\",\"item\":\"https:\\\/\\\/vitablanca.ma\\\/\"},{\"@type\":\"ListItem\",\"position\":2,\"name\":\"Tous Les Produits\",\"item\":\"https:\\\/\\\/vitablanca.ma\\\/tous-les-produits\\\/\"},{\"@type\":\"ListItem\",\"position\":3,\"name\":\"K18 PEPTIDE PREP PH MAINTENANCE SHAMPOOING\"}]},{\"@type\":\"WebSite\",\"@id\":\"https:\\\/\\\/vitablanca.ma\\\/#website\",\"url\":\"https:\\\/\\\/vitablanca.ma\\\/\",\"name\":\"VitaBlanca.ma | Compl\u00e9ments alimentaires, sant\u00e9 & beaut\u00e9 au Maroc\",\"description\":\"vendre vitamines et compl\u00e9ments premium des USA &amp; Canada, Nouvelle Z\u00e9lande,Maroc (NOW Foods, Solgar, Manuka). Livraison rapide partout au Maroc.\",\"publisher\":{\"@id\":\"https:\\\/\\\/vitablanca.ma\\\/#organization\"},\"alternateName\":\"VitaBlanca.ma\",\"potentialAction\":[{\"@type\":\"SearchAction\",\"target\":{\"@type\":\"EntryPoint\",\"urlTemplate\":\"https:\\\/\\\/vitablanca.ma\\\/?s={search_term_string}\"},\"query-input\":{\"@type\":\"PropertyValueSpecification\",\"valueRequired\":true,\"valueName\":\"search_term_string\"}}],\"inLanguage\":\"ar\"},{\"@type\":\"Organization\",\"@id\":\"https:\\\/\\\/vitablanca.ma\\\/#organization\",\"name\":\"VitaBlanca\",\"url\":\"https:\\\/\\\/vitablanca.ma\\\/\",\"logo\":{\"@type\":\"ImageObject\",\"inLanguage\":\"ar\",\"@id\":\"https:\\\/\\\/vitablanca.ma\\\/#\\\/schema\\\/logo\\\/image\\\/\",\"url\":\"https:\\\/\\\/vitablanca.ma\\\/wp-content\\\/uploads\\\/2025\\\/05\\\/cropped-vitablanca.png\",\"contentUrl\":\"https:\\\/\\\/vitablanca.ma\\\/wp-content\\\/uploads\\\/2025\\\/05\\\/cropped-vitablanca.png\",\"width\":360,\"height\":67,\"caption\":\"VitaBlanca\"},\"image\":{\"@id\":\"https:\\\/\\\/vitablanca.ma\\\/#\\\/schema\\\/logo\\\/image\\\/\"},\"sameAs\":[\"https:\\\/\\\/www.facebook.com\\\/profile.php?id=61576678196717\",\"https:\\\/\\\/www.tiktok.com\\\/@vitablanca.ma\",\"https:\\\/\\\/www.instagram.com\\\/vitablanca.ma\\\/\"]}]}<\/script>\n<!-- \/ Yoast SEO plugin. -->","yoast_head_json":{"title":"\u0634\u0627\u0645\u0628\u0648 K18 \u0628\u0628\u062a\u064a\u062f \u0628\u0631\u064a\u0628 \u0644\u0644\u062d\u0641\u0627\u0638 \u0639\u0644\u0649 \u062f\u0631\u062c\u0629 \u0627\u0644\u062d\u0645\u0648\u0636\u0629 - \u0633\u0639\u0631 \u0627\u0644\u0645\u063a\u0631\u0628","description":"\u0634\u0627\u0645\u0628\u0648 K18 \u0628\u0628\u062a\u064a\u062f \u0628\u0631\u064a\u0628 \u0644\u0644\u062d\u0641\u0627\u0638 \u0639\u0644\u0649 \u062f\u0631\u062c\u0629 \u0627\u0644\u062d\u0645\u0648\u0636\u0629","robots":{"index":"index","follow":"follow","max-snippet":"max-snippet:-1","max-image-preview":"max-image-preview:large","max-video-preview":"max-video-preview:-1"},"canonical":"https:\/\/vitablanca.ma\/ar\/product-2\/k18-peptide-prep-ph-maintenance-shampooing\/","og_locale":"ar_AR","og_type":"article","og_title":"K18 PEPTIDE PREP PH MAINTENANCE SHAMPOOING - Maroc Prix","og_description":"K18 PEPTIDE PREP PH MAINTENANCE SHAMPOOING","og_url":"https:\/\/vitablanca.ma\/ar\/product-2\/k18-peptide-prep-ph-maintenance-shampooing\/","og_site_name":"Vitablanca.ma &ndash; Sant&eacute;, vitalit&eacute; et bien-&ecirc;tre pour tous les Marocains","article_publisher":"https:\/\/www.facebook.com\/profile.php?id=61576678196717","article_modified_time":"2025-06-09T01:50:02+00:00","og_image":[{"width":800,"height":800,"url":"https:\/\/vitablanca.ma\/wp-content\/uploads\/2025\/05\/K18-Peptide-Prep-pH-Maintenance-Shampoo-930-ml.jpg","type":"image\/jpeg"}],"twitter_card":"summary_large_image","schema":{"@context":"https:\/\/schema.org","@graph":[{"@type":["WebPage","ItemPage"],"@id":"https:\/\/vitablanca.ma\/produit\/k18-peptide-prep-ph-maintenance-shampooing\/","url":"https:\/\/vitablanca.ma\/produit\/k18-peptide-prep-ph-maintenance-shampooing\/","name":"\u0634\u0627\u0645\u0628\u0648 K18 \u0628\u0628\u062a\u064a\u062f \u0628\u0631\u064a\u0628 \u0644\u0644\u062d\u0641\u0627\u0638 \u0639\u0644\u0649 \u062f\u0631\u062c\u0629 \u0627\u0644\u062d\u0645\u0648\u0636\u0629 - \u0633\u0639\u0631 \u0627\u0644\u0645\u063a\u0631\u0628","isPartOf":{"@id":"https:\/\/vitablanca.ma\/#website"},"primaryImageOfPage":{"@id":"https:\/\/vitablanca.ma\/produit\/k18-peptide-prep-ph-maintenance-shampooing\/#primaryimage"},"image":{"@id":"https:\/\/vitablanca.ma\/produit\/k18-peptide-prep-ph-maintenance-shampooing\/#primaryimage"},"thumbnailUrl":"https:\/\/vitablanca.ma\/wp-content\/uploads\/2025\/05\/K18-Peptide-Prep-pH-Maintenance-Shampoo-930-ml.jpg","datePublished":"2025-05-28T22:32:32+00:00","dateModified":"2025-06-09T01:50:02+00:00","description":"\u0634\u0627\u0645\u0628\u0648 K18 \u0628\u0628\u062a\u064a\u062f \u0628\u0631\u064a\u0628 \u0644\u0644\u062d\u0641\u0627\u0638 \u0639\u0644\u0649 \u062f\u0631\u062c\u0629 \u0627\u0644\u062d\u0645\u0648\u0636\u0629","breadcrumb":{"@id":"https:\/\/vitablanca.ma\/produit\/k18-peptide-prep-ph-maintenance-shampooing\/#breadcrumb"},"inLanguage":"ar","potentialAction":[{"@type":"ReadAction","target":["https:\/\/vitablanca.ma\/produit\/k18-peptide-prep-ph-maintenance-shampooing\/"]}]},{"@type":"ImageObject","inLanguage":"ar","@id":"https:\/\/vitablanca.ma\/produit\/k18-peptide-prep-ph-maintenance-shampooing\/#primaryimage","url":"https:\/\/vitablanca.ma\/wp-content\/uploads\/2025\/05\/K18-Peptide-Prep-pH-Maintenance-Shampoo-930-ml.jpg","contentUrl":"https:\/\/vitablanca.ma\/wp-content\/uploads\/2025\/05\/K18-Peptide-Prep-pH-Maintenance-Shampoo-930-ml.jpg","width":800,"height":800},{"@type":"BreadcrumbList","@id":"https:\/\/vitablanca.ma\/produit\/k18-peptide-prep-ph-maintenance-shampooing\/#breadcrumb","itemListElement":[{"@type":"ListItem","position":1,"name":"Home","item":"https:\/\/vitablanca.ma\/"},{"@type":"ListItem","position":2,"name":"Tous Les Produits","item":"https:\/\/vitablanca.ma\/tous-les-produits\/"},{"@type":"ListItem","position":3,"name":"K18 PEPTIDE PREP PH MAINTENANCE SHAMPOOING"}]},{"@type":"WebSite","@id":"https:\/\/vitablanca.ma\/#website","url":"https:\/\/vitablanca.ma\/","name":"VitaBlanca.ma | \u0627\u0644\u0645\u0643\u0645\u0644\u0627\u062a \u0627\u0644\u063a\u0630\u0627\u0626\u064a\u0629\u060c \u0627\u0644\u0635\u062d\u0629 \u0648\u0627\u0644\u062c\u0645\u0627\u0644 \u0641\u064a \u0627\u0644\u0645\u063a\u0631\u0628","description":"\u0646\u0628\u064a\u0639 \u0641\u064a\u062a\u0627\u0645\u064a\u0646\u0627\u062a \u0648\u0645\u0643\u0645\u0644\u0627\u062a \u063a\u0630\u0627\u0626\u064a\u0629 \u0641\u0627\u062e\u0631\u0629 \u0645\u0646 \u0627\u0644\u0648\u0644\u0627\u064a\u0627\u062a \u0627\u0644\u0645\u062a\u062d\u062f\u0629 \u0627\u0644\u0623\u0645\u0631\u064a\u0643\u064a\u0629 \u0648\u0643\u0646\u062f\u0627 \u0648\u0646\u064a\u0648\u0632\u064a\u0644\u0646\u062f\u0627 \u0648\u0627\u0644\u0645\u063a\u0631\u0628 (\u0646\u0627\u0648 \u0641\u0648\u062f\u0632\u060c \u0633\u0648\u0644\u062c\u0627\u0631\u060c \u0645\u0627\u0646\u0648\u0643\u0627). \u062a\u0648\u0635\u064a\u0644 \u0633\u0631\u064a\u0639 \u0625\u0644\u0649 \u062c\u0645\u064a\u0639 \u0623\u0646\u062d\u0627\u0621 \u0627\u0644\u0645\u063a\u0631\u0628.","publisher":{"@id":"https:\/\/vitablanca.ma\/#organization"},"alternateName":"VitaBlanca.ma","potentialAction":[{"@type":"SearchAction","target":{"@type":"EntryPoint","urlTemplate":"https:\/\/vitablanca.ma\/?s={search_term_string}"},"query-input":{"@type":"PropertyValueSpecification","valueRequired":true,"valueName":"search_term_string"}}],"inLanguage":"ar"},{"@type":"Organization","@id":"https:\/\/vitablanca.ma\/#organization","name":"\u0641\u064a\u062a\u0627\u0628\u0644\u0627\u0646\u0643\u0627","url":"https:\/\/vitablanca.ma\/","logo":{"@type":"ImageObject","inLanguage":"ar","@id":"https:\/\/vitablanca.ma\/#\/schema\/logo\/image\/","url":"https:\/\/vitablanca.ma\/wp-content\/uploads\/2025\/05\/cropped-vitablanca.png","contentUrl":"https:\/\/vitablanca.ma\/wp-content\/uploads\/2025\/05\/cropped-vitablanca.png","width":360,"height":67,"caption":"VitaBlanca"},"image":{"@id":"https:\/\/vitablanca.ma\/#\/schema\/logo\/image\/"},"sameAs":["https:\/\/www.facebook.com\/profile.php?id=61576678196717","https:\/\/www.tiktok.com\/@vitablanca.ma","https:\/\/www.instagram.com\/vitablanca.ma\/"]}]}},"jetpack_sharing_enabled":true,"_links":{"self":[{"href":"https:\/\/vitablanca.ma\/ar\/wp-json\/wp\/v2\/product\/12942","targetHints":{"allow":["GET"]}}],"collection":[{"href":"https:\/\/vitablanca.ma\/ar\/wp-json\/wp\/v2\/product"}],"about":[{"href":"https:\/\/vitablanca.ma\/ar\/wp-json\/wp\/v2\/types\/product"}],"wp:featuredmedia":[{"embeddable":true,"href":"https:\/\/vitablanca.ma\/ar\/wp-json\/wp\/v2\/media\/12940"}],"wp:attachment":[{"href":"https:\/\/vitablanca.ma\/ar\/wp-json\/wp\/v2\/media?parent=12942"}],"wp:term":[{"taxonomy":"product_brand","embeddable":true,"href":"https:\/\/vitablanca.ma\/ar\/wp-json\/wp\/v2\/product_brand?post=12942"},{"taxonomy":"product_cat","embeddable":true,"href":"https:\/\/vitablanca.ma\/ar\/wp-json\/wp\/v2\/product_cat?post=12942"},{"taxonomy":"product_tag","embeddable":true,"href":"https:\/\/vitablanca.ma\/ar\/wp-json\/wp\/v2\/product_tag?post=12942"}],"curies":[{"name":"wp","href":"https:\/\/api.w.org\/{rel}","templated":true}]}}