{"id":12916,"date":"2025-05-28T22:31:49","date_gmt":"2025-05-28T22:31:49","guid":{"rendered":"https:\/\/vitablanca.ma\/product\/capiderma-shampooing-antipelliculaire-anti-dandruff-shampoo-200ml\/"},"modified":"2025-05-28T22:31:49","modified_gmt":"2025-05-28T22:31:49","slug":"capiderma-shampooing-antipelliculaire-anti-dandruff-shampoo-200ml","status":"publish","type":"product","link":"https:\/\/vitablanca.ma\/ar\/product-2\/capiderma-shampooing-antipelliculaire-anti-dandruff-shampoo-200ml\/","title":{"rendered":"CAPIDERMA SHAMPOOING ANTIPELLICULAIRE ANTI-DANDRUFF SHAMPOO 200ML"},"content":{"rendered":"<p data-mce-fragment=\"1\">CAPIDERMA SHAMPOOING ANTIPELLICULAIRE ANTI-DANDRUFF SHAMPOO est un produit r\u00e9volutionnaire pour \u00e9liminer les pellicules et pr\u00e9venir leur r\u00e9apparition. Formul\u00e9 avec des ingr\u00e9dients naturels, il lutte efficacement contre les d\u00e9mangeaisons du cuir chevelu et offre une solution compl\u00e8te aux probl\u00e8mes de pellicules.<\/p>","protected":false},"excerpt":{"rendered":"<p>CAPIDERMA SHAMPOOING ANTIPELLICULAIRE ANTI-DANDRUFF SHAMPOO est un produit r\u00e9volutionnaire pour \u00e9liminer les pellicules et pr\u00e9venir leur r\u00e9apparition. Formul\u00e9 avec des ingr\u00e9dients naturels, il lutte efficacement contre les d\u00e9mangeaisons du cuir chevelu et offre une solution compl\u00e8te aux probl\u00e8mes de pellicules.<\/p>","protected":false},"featured_media":12914,"template":"","meta":{"om_disable_all_campaigns":false},"product_brand":[],"product_cat":[15],"product_tag":[],"class_list":{"0":"post-12916","1":"product","2":"type-product","3":"status-publish","4":"has-post-thumbnail","6":"product_cat-beaute-sante-complements-alimentaires-soins-et-bien-etre-au-meilleur-prix","8":"first","9":"instock","10":"taxable","11":"shipping-taxable","12":"purchasable","13":"product-type-simple"},"yoast_head":"<!-- This site is optimized with the Yoast SEO plugin v27.5 - https:\/\/yoast.com\/product\/yoast-seo-wordpress\/ -->\n<title>CAPIDERMA SHAMPOOING ANTIPELLICULAIRE ANTI-DANDRUFF SHAMPOO 200ML - Maroc Prix<\/title>\n<meta name=\"description\" content=\"CAPIDERMA SHAMPOOING ANTIPELLICULAIRE ANTI-DANDRUFF SHAMPOO 200ML\" \/>\n<meta name=\"robots\" content=\"index, follow, max-snippet:-1, max-image-preview:large, max-video-preview:-1\" \/>\n<link rel=\"canonical\" href=\"https:\/\/vitablanca.ma\/ar\/product-2\/capiderma-shampooing-antipelliculaire-anti-dandruff-shampoo-200ml\/\" \/>\n<meta property=\"og:locale\" content=\"ar_AR\" \/>\n<meta property=\"og:type\" content=\"article\" \/>\n<meta property=\"og:title\" content=\"CAPIDERMA SHAMPOOING ANTIPELLICULAIRE ANTI-DANDRUFF SHAMPOO 200ML - Maroc Prix\" \/>\n<meta property=\"og:description\" content=\"CAPIDERMA SHAMPOOING ANTIPELLICULAIRE ANTI-DANDRUFF SHAMPOO 200ML\" \/>\n<meta property=\"og:url\" content=\"https:\/\/vitablanca.ma\/ar\/product-2\/capiderma-shampooing-antipelliculaire-anti-dandruff-shampoo-200ml\/\" \/>\n<meta property=\"og:site_name\" content=\"Vitablanca.ma &ndash; Sant&eacute;, vitalit&eacute; et bien-&ecirc;tre pour tous les Marocains\" \/>\n<meta property=\"article:publisher\" content=\"https:\/\/www.facebook.com\/profile.php?id=61576678196717\" \/>\n<meta property=\"og:image\" content=\"https:\/\/vitablanca.ma\/wp-content\/uploads\/2025\/05\/Screenshot2024-02-04133350.png\" \/>\n\t<meta property=\"og:image:width\" content=\"902\" \/>\n\t<meta property=\"og:image:height\" content=\"903\" \/>\n\t<meta property=\"og:image:type\" content=\"image\/png\" \/>\n<meta name=\"twitter:card\" content=\"summary_large_image\" \/>\n<script type=\"application\/ld+json\" class=\"yoast-schema-graph\">{\"@context\":\"https:\\\/\\\/schema.org\",\"@graph\":[{\"@type\":[\"WebPage\",\"ItemPage\"],\"@id\":\"https:\\\/\\\/vitablanca.ma\\\/produit\\\/capiderma-shampooing-antipelliculaire-anti-dandruff-shampoo-200ml\\\/\",\"url\":\"https:\\\/\\\/vitablanca.ma\\\/produit\\\/capiderma-shampooing-antipelliculaire-anti-dandruff-shampoo-200ml\\\/\",\"name\":\"CAPIDERMA SHAMPOOING ANTIPELLICULAIRE ANTI-DANDRUFF SHAMPOO 200ML - Maroc Prix\",\"isPartOf\":{\"@id\":\"https:\\\/\\\/vitablanca.ma\\\/#website\"},\"primaryImageOfPage\":{\"@id\":\"https:\\\/\\\/vitablanca.ma\\\/produit\\\/capiderma-shampooing-antipelliculaire-anti-dandruff-shampoo-200ml\\\/#primaryimage\"},\"image\":{\"@id\":\"https:\\\/\\\/vitablanca.ma\\\/produit\\\/capiderma-shampooing-antipelliculaire-anti-dandruff-shampoo-200ml\\\/#primaryimage\"},\"thumbnailUrl\":\"https:\\\/\\\/vitablanca.ma\\\/wp-content\\\/uploads\\\/2025\\\/05\\\/Screenshot2024-02-04133350.png\",\"datePublished\":\"2025-05-28T22:31:49+00:00\",\"description\":\"CAPIDERMA SHAMPOOING ANTIPELLICULAIRE ANTI-DANDRUFF SHAMPOO 200ML\",\"breadcrumb\":{\"@id\":\"https:\\\/\\\/vitablanca.ma\\\/produit\\\/capiderma-shampooing-antipelliculaire-anti-dandruff-shampoo-200ml\\\/#breadcrumb\"},\"inLanguage\":\"ar\",\"potentialAction\":[{\"@type\":\"ReadAction\",\"target\":[\"https:\\\/\\\/vitablanca.ma\\\/produit\\\/capiderma-shampooing-antipelliculaire-anti-dandruff-shampoo-200ml\\\/\"]}]},{\"@type\":\"ImageObject\",\"inLanguage\":\"ar\",\"@id\":\"https:\\\/\\\/vitablanca.ma\\\/produit\\\/capiderma-shampooing-antipelliculaire-anti-dandruff-shampoo-200ml\\\/#primaryimage\",\"url\":\"https:\\\/\\\/vitablanca.ma\\\/wp-content\\\/uploads\\\/2025\\\/05\\\/Screenshot2024-02-04133350.png\",\"contentUrl\":\"https:\\\/\\\/vitablanca.ma\\\/wp-content\\\/uploads\\\/2025\\\/05\\\/Screenshot2024-02-04133350.png\",\"width\":902,\"height\":903},{\"@type\":\"BreadcrumbList\",\"@id\":\"https:\\\/\\\/vitablanca.ma\\\/produit\\\/capiderma-shampooing-antipelliculaire-anti-dandruff-shampoo-200ml\\\/#breadcrumb\",\"itemListElement\":[{\"@type\":\"ListItem\",\"position\":1,\"name\":\"Home\",\"item\":\"https:\\\/\\\/vitablanca.ma\\\/\"},{\"@type\":\"ListItem\",\"position\":2,\"name\":\"Tous Les Produits\",\"item\":\"https:\\\/\\\/vitablanca.ma\\\/tous-les-produits\\\/\"},{\"@type\":\"ListItem\",\"position\":3,\"name\":\"CAPIDERMA SHAMPOOING ANTIPELLICULAIRE ANTI-DANDRUFF SHAMPOO 200ML\"}]},{\"@type\":\"WebSite\",\"@id\":\"https:\\\/\\\/vitablanca.ma\\\/#website\",\"url\":\"https:\\\/\\\/vitablanca.ma\\\/\",\"name\":\"VitaBlanca.ma | Compl\u00e9ments alimentaires, sant\u00e9 & beaut\u00e9 au Maroc\",\"description\":\"vendre vitamines et compl\u00e9ments premium des USA &amp; Canada, Nouvelle Z\u00e9lande,Maroc (NOW Foods, Solgar, Manuka). Livraison rapide partout au Maroc.\",\"publisher\":{\"@id\":\"https:\\\/\\\/vitablanca.ma\\\/#organization\"},\"alternateName\":\"VitaBlanca.ma\",\"potentialAction\":[{\"@type\":\"SearchAction\",\"target\":{\"@type\":\"EntryPoint\",\"urlTemplate\":\"https:\\\/\\\/vitablanca.ma\\\/?s={search_term_string}\"},\"query-input\":{\"@type\":\"PropertyValueSpecification\",\"valueRequired\":true,\"valueName\":\"search_term_string\"}}],\"inLanguage\":\"ar\"},{\"@type\":\"Organization\",\"@id\":\"https:\\\/\\\/vitablanca.ma\\\/#organization\",\"name\":\"VitaBlanca\",\"url\":\"https:\\\/\\\/vitablanca.ma\\\/\",\"logo\":{\"@type\":\"ImageObject\",\"inLanguage\":\"ar\",\"@id\":\"https:\\\/\\\/vitablanca.ma\\\/#\\\/schema\\\/logo\\\/image\\\/\",\"url\":\"https:\\\/\\\/vitablanca.ma\\\/wp-content\\\/uploads\\\/2025\\\/05\\\/cropped-vitablanca.png\",\"contentUrl\":\"https:\\\/\\\/vitablanca.ma\\\/wp-content\\\/uploads\\\/2025\\\/05\\\/cropped-vitablanca.png\",\"width\":360,\"height\":67,\"caption\":\"VitaBlanca\"},\"image\":{\"@id\":\"https:\\\/\\\/vitablanca.ma\\\/#\\\/schema\\\/logo\\\/image\\\/\"},\"sameAs\":[\"https:\\\/\\\/www.facebook.com\\\/profile.php?id=61576678196717\",\"https:\\\/\\\/www.tiktok.com\\\/@vitablanca.ma\",\"https:\\\/\\\/www.instagram.com\\\/vitablanca.ma\\\/\"]}]}<\/script>\n<!-- \/ Yoast SEO plugin. -->","yoast_head_json":{"title":"CAPIDERMA SHAMPOOING ANTIPELLICULAIRE ANTI-DANDRUFF SHAMPOO 200ML - Maroc Prix","description":"CAPIDERMA SHAMPOOING ANTIPELLICULAIRE ANTI-DANDRUFF SHAMPOO 200ML","robots":{"index":"index","follow":"follow","max-snippet":"max-snippet:-1","max-image-preview":"max-image-preview:large","max-video-preview":"max-video-preview:-1"},"canonical":"https:\/\/vitablanca.ma\/ar\/product-2\/capiderma-shampooing-antipelliculaire-anti-dandruff-shampoo-200ml\/","og_locale":"ar_AR","og_type":"article","og_title":"CAPIDERMA SHAMPOOING ANTIPELLICULAIRE ANTI-DANDRUFF SHAMPOO 200ML - Maroc Prix","og_description":"CAPIDERMA SHAMPOOING ANTIPELLICULAIRE ANTI-DANDRUFF SHAMPOO 200ML","og_url":"https:\/\/vitablanca.ma\/ar\/product-2\/capiderma-shampooing-antipelliculaire-anti-dandruff-shampoo-200ml\/","og_site_name":"Vitablanca.ma &ndash; Sant&eacute;, vitalit&eacute; et bien-&ecirc;tre pour tous les Marocains","article_publisher":"https:\/\/www.facebook.com\/profile.php?id=61576678196717","og_image":[{"width":902,"height":903,"url":"https:\/\/vitablanca.ma\/wp-content\/uploads\/2025\/05\/Screenshot2024-02-04133350.png","type":"image\/png"}],"twitter_card":"summary_large_image","schema":{"@context":"https:\/\/schema.org","@graph":[{"@type":["WebPage","ItemPage"],"@id":"https:\/\/vitablanca.ma\/produit\/capiderma-shampooing-antipelliculaire-anti-dandruff-shampoo-200ml\/","url":"https:\/\/vitablanca.ma\/produit\/capiderma-shampooing-antipelliculaire-anti-dandruff-shampoo-200ml\/","name":"CAPIDERMA SHAMPOOING ANTIPELLICULAIRE ANTI-DANDRUFF SHAMPOO 200ML - Maroc Prix","isPartOf":{"@id":"https:\/\/vitablanca.ma\/#website"},"primaryImageOfPage":{"@id":"https:\/\/vitablanca.ma\/produit\/capiderma-shampooing-antipelliculaire-anti-dandruff-shampoo-200ml\/#primaryimage"},"image":{"@id":"https:\/\/vitablanca.ma\/produit\/capiderma-shampooing-antipelliculaire-anti-dandruff-shampoo-200ml\/#primaryimage"},"thumbnailUrl":"https:\/\/vitablanca.ma\/wp-content\/uploads\/2025\/05\/Screenshot2024-02-04133350.png","datePublished":"2025-05-28T22:31:49+00:00","description":"CAPIDERMA SHAMPOOING ANTIPELLICULAIRE ANTI-DANDRUFF SHAMPOO 200ML","breadcrumb":{"@id":"https:\/\/vitablanca.ma\/produit\/capiderma-shampooing-antipelliculaire-anti-dandruff-shampoo-200ml\/#breadcrumb"},"inLanguage":"ar","potentialAction":[{"@type":"ReadAction","target":["https:\/\/vitablanca.ma\/produit\/capiderma-shampooing-antipelliculaire-anti-dandruff-shampoo-200ml\/"]}]},{"@type":"ImageObject","inLanguage":"ar","@id":"https:\/\/vitablanca.ma\/produit\/capiderma-shampooing-antipelliculaire-anti-dandruff-shampoo-200ml\/#primaryimage","url":"https:\/\/vitablanca.ma\/wp-content\/uploads\/2025\/05\/Screenshot2024-02-04133350.png","contentUrl":"https:\/\/vitablanca.ma\/wp-content\/uploads\/2025\/05\/Screenshot2024-02-04133350.png","width":902,"height":903},{"@type":"BreadcrumbList","@id":"https:\/\/vitablanca.ma\/produit\/capiderma-shampooing-antipelliculaire-anti-dandruff-shampoo-200ml\/#breadcrumb","itemListElement":[{"@type":"ListItem","position":1,"name":"Home","item":"https:\/\/vitablanca.ma\/"},{"@type":"ListItem","position":2,"name":"Tous Les Produits","item":"https:\/\/vitablanca.ma\/tous-les-produits\/"},{"@type":"ListItem","position":3,"name":"CAPIDERMA SHAMPOOING ANTIPELLICULAIRE ANTI-DANDRUFF SHAMPOO 200ML"}]},{"@type":"WebSite","@id":"https:\/\/vitablanca.ma\/#website","url":"https:\/\/vitablanca.ma\/","name":"VitaBlanca.ma | \u0627\u0644\u0645\u0643\u0645\u0644\u0627\u062a \u0627\u0644\u063a\u0630\u0627\u0626\u064a\u0629\u060c \u0627\u0644\u0635\u062d\u0629 \u0648\u0627\u0644\u062c\u0645\u0627\u0644 \u0641\u064a \u0627\u0644\u0645\u063a\u0631\u0628","description":"\u0646\u0628\u064a\u0639 \u0641\u064a\u062a\u0627\u0645\u064a\u0646\u0627\u062a \u0648\u0645\u0643\u0645\u0644\u0627\u062a \u063a\u0630\u0627\u0626\u064a\u0629 \u0641\u0627\u062e\u0631\u0629 \u0645\u0646 \u0627\u0644\u0648\u0644\u0627\u064a\u0627\u062a \u0627\u0644\u0645\u062a\u062d\u062f\u0629 \u0627\u0644\u0623\u0645\u0631\u064a\u0643\u064a\u0629 \u0648\u0643\u0646\u062f\u0627 \u0648\u0646\u064a\u0648\u0632\u064a\u0644\u0646\u062f\u0627 \u0648\u0627\u0644\u0645\u063a\u0631\u0628 (\u0646\u0627\u0648 \u0641\u0648\u062f\u0632\u060c \u0633\u0648\u0644\u062c\u0627\u0631\u060c \u0645\u0627\u0646\u0648\u0643\u0627). \u062a\u0648\u0635\u064a\u0644 \u0633\u0631\u064a\u0639 \u0625\u0644\u0649 \u062c\u0645\u064a\u0639 \u0623\u0646\u062d\u0627\u0621 \u0627\u0644\u0645\u063a\u0631\u0628.","publisher":{"@id":"https:\/\/vitablanca.ma\/#organization"},"alternateName":"VitaBlanca.ma","potentialAction":[{"@type":"SearchAction","target":{"@type":"EntryPoint","urlTemplate":"https:\/\/vitablanca.ma\/?s={search_term_string}"},"query-input":{"@type":"PropertyValueSpecification","valueRequired":true,"valueName":"search_term_string"}}],"inLanguage":"ar"},{"@type":"Organization","@id":"https:\/\/vitablanca.ma\/#organization","name":"\u0641\u064a\u062a\u0627\u0628\u0644\u0627\u0646\u0643\u0627","url":"https:\/\/vitablanca.ma\/","logo":{"@type":"ImageObject","inLanguage":"ar","@id":"https:\/\/vitablanca.ma\/#\/schema\/logo\/image\/","url":"https:\/\/vitablanca.ma\/wp-content\/uploads\/2025\/05\/cropped-vitablanca.png","contentUrl":"https:\/\/vitablanca.ma\/wp-content\/uploads\/2025\/05\/cropped-vitablanca.png","width":360,"height":67,"caption":"VitaBlanca"},"image":{"@id":"https:\/\/vitablanca.ma\/#\/schema\/logo\/image\/"},"sameAs":["https:\/\/www.facebook.com\/profile.php?id=61576678196717","https:\/\/www.tiktok.com\/@vitablanca.ma","https:\/\/www.instagram.com\/vitablanca.ma\/"]}]}},"jetpack_sharing_enabled":true,"_links":{"self":[{"href":"https:\/\/vitablanca.ma\/ar\/wp-json\/wp\/v2\/product\/12916","targetHints":{"allow":["GET"]}}],"collection":[{"href":"https:\/\/vitablanca.ma\/ar\/wp-json\/wp\/v2\/product"}],"about":[{"href":"https:\/\/vitablanca.ma\/ar\/wp-json\/wp\/v2\/types\/product"}],"wp:featuredmedia":[{"embeddable":true,"href":"https:\/\/vitablanca.ma\/ar\/wp-json\/wp\/v2\/media\/12914"}],"wp:attachment":[{"href":"https:\/\/vitablanca.ma\/ar\/wp-json\/wp\/v2\/media?parent=12916"}],"wp:term":[{"taxonomy":"product_brand","embeddable":true,"href":"https:\/\/vitablanca.ma\/ar\/wp-json\/wp\/v2\/product_brand?post=12916"},{"taxonomy":"product_cat","embeddable":true,"href":"https:\/\/vitablanca.ma\/ar\/wp-json\/wp\/v2\/product_cat?post=12916"},{"taxonomy":"product_tag","embeddable":true,"href":"https:\/\/vitablanca.ma\/ar\/wp-json\/wp\/v2\/product_tag?post=12916"}],"curies":[{"name":"wp","href":"https:\/\/api.w.org\/{rel}","templated":true}]}}