{"id":12884,"date":"2025-05-28T22:30:48","date_gmt":"2025-05-28T22:30:48","guid":{"rendered":"https:\/\/vitablanca.ma\/product\/qa-strengthening-conditioner-250ml\/"},"modified":"2026-03-19T13:19:58","modified_gmt":"2026-03-19T13:19:58","slug":"qa-strengthening-conditioner-250ml","status":"publish","type":"product","link":"https:\/\/vitablanca.ma\/ar\/product-2\/qa-strengthening-conditioner-250ml\/","title":{"rendered":"Q+A &#8211; Strengthening Conditioner 250ml"},"content":{"rendered":"<p>.g-product&#8211;badges { display: flex; flex-wrap: wrap; gap: 20px; \/* Adjust spacing between items *\/ list-style: none; padding: 0; align-items: center; } .g-product&#8211;badges&#8211;item { display: flex; flex-direction: column; align-items: center; text-align: center; } .g-product&#8211;badges&#8211;icon img { width: 48px; \/* Adjust image size if needed *\/ height: auto; } .g-product&#8211;badges&#8211;label { font-size: 14px; margin-top: 5px; }\u00a0<\/p>\n<h2>\u0648\u0635\u0641<\/h2>\n<p>Le Q+A Strengthening Conditioner est l&rsquo;apr\u00e8s-shampoing r\u00e9parateur id\u00e9al pour traiter les cheveux ab\u00eem\u00e9s et les pointes fourchues. Cette formule naturelle, enrichie en k\u00e9ratine v\u00e9g\u00e9tale, c\u00e9ramides et huile d&rsquo;argan, nourrit intens\u00e9ment, hydrate et renforce les fibres capillaires. Le r\u00e9sultat ? Des m\u00e8ches saines, r\u00e9sistantes, brillantes et douces au toucher.<\/p>\n<p>L&rsquo;apr\u00e8s-shampoing aide \u00e0 r\u00e9duire la casse, restaure la structure des cheveux et lisse les pointes fourchues tout en am\u00e9liorant la sant\u00e9 globale des cheveux. Offrez \u00e0 vos cheveux les soins dont ils ont besoin et constatez la diff\u00e9rence.<\/p>\n<h2>Ce conditionneur :<\/h2>\n<ul>\n<li>R\u00e9pare les cheveux ab\u00eem\u00e9s<\/li>\n<li>Lisse et r\u00e9duit les pointes fourchues<\/li>\n<li>Enrichi en k\u00e9ratine v\u00e9g\u00e9tale pour renforcer<\/li>\n<li>Contient des c\u00e9ramides pour une structure capillaire saine<\/li>\n<li>Huile d&rsquo;argan pour une nutrition et une hydratation en profondeur<\/li>\n<li>Sans huiles min\u00e9rales ni colorants artificiels<\/li>\n<li>\u0645\u0646\u0627\u0633\u0628 \u0644\u0644\u0627\u0633\u062a\u062e\u062f\u0627\u0645 \u0627\u0644\u064a\u0648\u0645\u064a<\/li>\n<li>Vegan &amp; Cruelty-Free\u00a0 \u00a0 \u00a0 \u00a0 \u00a0 \u00a0 \u00a0 \u00a0 \u00a0 \u00a0 \u00a0 \u00a0 \u00a0 \u00a0 \u00a0 \u00a0 \u00a0 \u00a0 \u00a0 \u00a0 \u00a0 \u00a0 \u00a0 \u00a0 \u00a0 \u00a0 \u00a0 \u00a0 \u00a0 \u00a0 \u00a0 \u00a0 \u00a0 \u00a0 \u00a0 \u00a0 \u00a0 \u00a0 \u00a0 \u00a0 \u00a0 \u00a0 \u00a0 \u00a0 \u00a0 \u00a0 \u00a0 \u00a0 \u00a0\u00a0<\/li>\n<li>\n<p><img decoding=\"async\" src=\"https:\/\/www.qandaskin.com\/cdn\/shop\/files\/Natural_c788c8a6-2a53-45d7-94a8-3da6a9974df8.svg?v=1694434640&amp;width=48\" alt=\"Naturel\"><\/p>\n<p>96% Naturel<\/p>\n<\/li>\n<li>\n<p><img decoding=\"async\" src=\"https:\/\/www.qandaskin.com\/cdn\/shop\/files\/Cruelty-Free.svg?v=1694429273&amp;width=48\" alt=\"Sans cruaut\u00e9\"><\/p>\n<p>Sans cruaut\u00e9<\/p>\n<\/li>\n<li>\n<p><img decoding=\"async\" src=\"https:\/\/www.qandaskin.com\/cdn\/shop\/files\/alcohol_free.svg?v=1694430243&amp;width=48\" alt=\"\u062e\u0627\u0644\u064a \u0645\u0646 \u0627\u0644\u0643\u062d\u0648\u0644\"><\/p>\n<p>\u062e\u0627\u0644\u064a \u0645\u0646 \u0627\u0644\u0643\u062d\u0648\u0644<\/p>\n<\/li>\n<li>\n<p><img decoding=\"async\" src=\"https:\/\/www.qandaskin.com\/cdn\/shop\/files\/fragfree.svg?v=1694430746&amp;width=48\" alt=\"\u062e\u0627\u0644\u064a \u0645\u0646 \u0627\u0644\u0639\u0637\u0648\u0631\"><\/p>\n<p>\u062e\u0627\u0644\u064a \u0645\u0646 \u0627\u0644\u0639\u0637\u0648\u0631<\/p>\n<\/li>\n<li>\n<p><img decoding=\"async\" src=\"https:\/\/www.qandaskin.com\/cdn\/shop\/files\/VeganFriendly.svg?v=1694430913&amp;width=48\" alt=\"\u0646\u0628\u0627\u062a\u064a\"><\/p>\n<p>\u0646\u0628\u0627\u062a\u064a<\/p>\n<\/li>\n<\/ul>\n<h2>\u0643\u064a\u0641\u064a\u0629 \u0627\u0644\u0627\u0633\u062a\u062e\u062f\u0627\u0645<\/h2>\n<p>Appliquez l&rsquo;apr\u00e8s-shampoing sur cheveux humides et massez doucement. Laissez poser 3 \u00e0 5 minutes, puis rincez abondamment \u00e0 l&rsquo;eau claire.<\/p>\n<h2>\u0645\u0639\u0644\u0648\u0645\u0627\u062a \u0627\u0644\u0645\u0646\u062a\u062c<\/h2>\n<p><strong>\u0645\u0642\u0627\u0633 :<\/strong> 250 \u0645\u0644<\/p>\n<p>\u0635\u064f\u0646\u0639 \u0641\u064a \u0627\u0644\u0645\u0645\u0644\u0643\u0629 \u0627\u0644\u0645\u062a\u062d\u062f\u0629.<\/p>\n<p>Ce produit convient aux v\u00e9gans. Les produits Q+A ne sont pas test\u00e9s sur les animaux et ne le seront jamais.<\/p>\n<p>\u0643\u064a\u0641\u064a\u0629 \u0625\u0639\u0627\u062f\u0629 \u0627\u0644\u062a\u062f\u0648\u064a\u0631:<\/p>\n<p>Retirez votre bouteille de son emballage. Nos cartons sont recyclables \u00e0 100 % et peuvent \u00eatre jet\u00e9s dans votre centre de recyclage. Nettoyez et s\u00e9chez la bouteille avant de la recycler.<\/p>\n<p><i><strong>\u0645\u0643\u0648\u0646\u0627\u062a :<\/strong> Aqua (Water), Brassica Campestris (Canola) Seed Oil, Caprylic\/capric Triglyceride, Glycerin, Salicylic Acid, Avena Sativa (Oat) Kernel Flour, Salix Alba (White Willow) Bark Extract, Coco Caprylate\/caprate, Microcrystalline Cellulose, Cetearyl Alcohol, Caprylyl Glycol, Phenoxyethanol, Carbomer, Sodium Gluconate, Sodium Stearoyl Glutamate, Glucose, Parfum (Fragrance), C14-22 Alcohols, C12-20 Alkyl Glucoside, Sodium Hydroxide, Limonene, Alpha-isomethyl Ionone, Eugenol, Linalool, Citronellol, Hydroxycitronell<\/i><\/p>","protected":false},"excerpt":{"rendered":"<p>.g-product&#8211;badges { display: flex; flex-wrap: wrap; gap: 20px; \/* Adjust spacing between items *\/ list-style: none; padding: 0; align-items: center; } .g-product&#8211;badges&#8211;item { display: flex; flex-direction: column; align-items: center; text-align: center; } .g-product&#8211;badges&#8211;icon img { width: 48px; \/* Adjust image size if needed *\/ height: auto; } .g-product&#8211;badges&#8211;label { font-size: 14px; margin-top: 5px; }\u00a0 Description [&hellip;]<\/p>\n","protected":false},"featured_media":12879,"template":"","meta":{"om_disable_all_campaigns":false},"product_brand":[4357],"product_cat":[18],"product_tag":[],"class_list":{"0":"post-12884","1":"product","2":"type-product","3":"status-publish","4":"has-post-thumbnail","6":"product_brand-qa-maroc-prix-para","7":"product_cat-beaute-sante","9":"first","10":"outofstock","11":"taxable","12":"shipping-taxable","13":"purchasable","14":"product-type-simple"},"yoast_head":"<!-- This site is optimized with the Yoast SEO plugin v27.4 - https:\/\/yoast.com\/product\/yoast-seo-wordpress\/ -->\n<title>Q+A - Strengthening Conditioner 250ml - Maroc Prix<\/title>\n<meta name=\"description\" content=\"Q+A - Strengthening Conditioner 250ml\" \/>\n<meta name=\"robots\" content=\"index, follow, max-snippet:-1, max-image-preview:large, max-video-preview:-1\" \/>\n<link rel=\"canonical\" href=\"https:\/\/vitablanca.ma\/ar\/product-2\/qa-strengthening-conditioner-250ml\/\" \/>\n<meta property=\"og:locale\" content=\"ar_AR\" \/>\n<meta property=\"og:type\" content=\"article\" \/>\n<meta property=\"og:title\" content=\"Q+A - Strengthening Conditioner 250ml - Maroc Prix\" \/>\n<meta property=\"og:description\" content=\"Q+A - Strengthening Conditioner 250ml\" \/>\n<meta property=\"og:url\" content=\"https:\/\/vitablanca.ma\/ar\/product-2\/qa-strengthening-conditioner-250ml\/\" \/>\n<meta property=\"og:site_name\" content=\"Vitablanca.ma &ndash; Sant&eacute;, vitalit&eacute; et bien-&ecirc;tre pour tous les Marocains\" \/>\n<meta property=\"article:publisher\" content=\"https:\/\/www.facebook.com\/profile.php?id=61576678196717\" \/>\n<meta property=\"article:modified_time\" content=\"2026-03-19T13:19:58+00:00\" \/>\n<meta property=\"og:image\" content=\"https:\/\/vitablanca.ma\/wp-content\/uploads\/2025\/05\/z4zsNFj5uth57kae-medium.jpg\" \/>\n\t<meta property=\"og:image:width\" content=\"1600\" \/>\n\t<meta property=\"og:image:height\" content=\"1600\" \/>\n\t<meta property=\"og:image:type\" content=\"image\/jpeg\" \/>\n<meta name=\"twitter:card\" content=\"summary_large_image\" \/>\n<meta name=\"twitter:label1\" content=\"\u0648\u0642\u062a \u0627\u0644\u0642\u0631\u0627\u0621\u0629 \u0627\u0644\u0645\u064f\u0642\u062f\u0651\u0631\" \/>\n\t<meta name=\"twitter:data1\" content=\"\u062f\u0642\u064a\u0642\u062a\u0627\u0646\" \/>\n<script type=\"application\/ld+json\" class=\"yoast-schema-graph\">{\"@context\":\"https:\\\/\\\/schema.org\",\"@graph\":[{\"@type\":[\"WebPage\",\"ItemPage\"],\"@id\":\"https:\\\/\\\/vitablanca.ma\\\/produit\\\/qa-strengthening-conditioner-250ml\\\/\",\"url\":\"https:\\\/\\\/vitablanca.ma\\\/produit\\\/qa-strengthening-conditioner-250ml\\\/\",\"name\":\"Q+A - Strengthening Conditioner 250ml - Maroc Prix\",\"isPartOf\":{\"@id\":\"https:\\\/\\\/vitablanca.ma\\\/#website\"},\"primaryImageOfPage\":{\"@id\":\"https:\\\/\\\/vitablanca.ma\\\/produit\\\/qa-strengthening-conditioner-250ml\\\/#primaryimage\"},\"image\":{\"@id\":\"https:\\\/\\\/vitablanca.ma\\\/produit\\\/qa-strengthening-conditioner-250ml\\\/#primaryimage\"},\"thumbnailUrl\":\"https:\\\/\\\/vitablanca.ma\\\/wp-content\\\/uploads\\\/2025\\\/05\\\/z4zsNFj5uth57kae-medium.jpg\",\"datePublished\":\"2025-05-28T22:30:48+00:00\",\"dateModified\":\"2026-03-19T13:19:58+00:00\",\"description\":\"Q+A - Strengthening Conditioner 250ml\",\"breadcrumb\":{\"@id\":\"https:\\\/\\\/vitablanca.ma\\\/produit\\\/qa-strengthening-conditioner-250ml\\\/#breadcrumb\"},\"inLanguage\":\"ar\",\"potentialAction\":[{\"@type\":\"ReadAction\",\"target\":[\"https:\\\/\\\/vitablanca.ma\\\/produit\\\/qa-strengthening-conditioner-250ml\\\/\"]}]},{\"@type\":\"ImageObject\",\"inLanguage\":\"ar\",\"@id\":\"https:\\\/\\\/vitablanca.ma\\\/produit\\\/qa-strengthening-conditioner-250ml\\\/#primaryimage\",\"url\":\"https:\\\/\\\/vitablanca.ma\\\/wp-content\\\/uploads\\\/2025\\\/05\\\/z4zsNFj5uth57kae-medium.jpg\",\"contentUrl\":\"https:\\\/\\\/vitablanca.ma\\\/wp-content\\\/uploads\\\/2025\\\/05\\\/z4zsNFj5uth57kae-medium.jpg\",\"width\":1600,\"height\":1600},{\"@type\":\"BreadcrumbList\",\"@id\":\"https:\\\/\\\/vitablanca.ma\\\/produit\\\/qa-strengthening-conditioner-250ml\\\/#breadcrumb\",\"itemListElement\":[{\"@type\":\"ListItem\",\"position\":1,\"name\":\"Home\",\"item\":\"https:\\\/\\\/vitablanca.ma\\\/\"},{\"@type\":\"ListItem\",\"position\":2,\"name\":\"Tous Les Produits\",\"item\":\"https:\\\/\\\/vitablanca.ma\\\/tous-les-produits\\\/\"},{\"@type\":\"ListItem\",\"position\":3,\"name\":\"Q+A &#8211; Strengthening Conditioner 250ml\"}]},{\"@type\":\"WebSite\",\"@id\":\"https:\\\/\\\/vitablanca.ma\\\/#website\",\"url\":\"https:\\\/\\\/vitablanca.ma\\\/\",\"name\":\"VitaBlanca.ma | Compl\u00e9ments alimentaires, sant\u00e9 & beaut\u00e9 au Maroc\",\"description\":\"vendre vitamines et compl\u00e9ments premium des USA &amp; Canada, Nouvelle Z\u00e9lande,Maroc (NOW Foods, Solgar, Manuka). Livraison rapide partout au Maroc.\",\"publisher\":{\"@id\":\"https:\\\/\\\/vitablanca.ma\\\/#organization\"},\"alternateName\":\"VitaBlanca.ma\",\"potentialAction\":[{\"@type\":\"SearchAction\",\"target\":{\"@type\":\"EntryPoint\",\"urlTemplate\":\"https:\\\/\\\/vitablanca.ma\\\/?s={search_term_string}\"},\"query-input\":{\"@type\":\"PropertyValueSpecification\",\"valueRequired\":true,\"valueName\":\"search_term_string\"}}],\"inLanguage\":\"ar\"},{\"@type\":\"Organization\",\"@id\":\"https:\\\/\\\/vitablanca.ma\\\/#organization\",\"name\":\"VitaBlanca\",\"url\":\"https:\\\/\\\/vitablanca.ma\\\/\",\"logo\":{\"@type\":\"ImageObject\",\"inLanguage\":\"ar\",\"@id\":\"https:\\\/\\\/vitablanca.ma\\\/#\\\/schema\\\/logo\\\/image\\\/\",\"url\":\"https:\\\/\\\/vitablanca.ma\\\/wp-content\\\/uploads\\\/2025\\\/05\\\/cropped-vitablanca.png\",\"contentUrl\":\"https:\\\/\\\/vitablanca.ma\\\/wp-content\\\/uploads\\\/2025\\\/05\\\/cropped-vitablanca.png\",\"width\":360,\"height\":67,\"caption\":\"VitaBlanca\"},\"image\":{\"@id\":\"https:\\\/\\\/vitablanca.ma\\\/#\\\/schema\\\/logo\\\/image\\\/\"},\"sameAs\":[\"https:\\\/\\\/www.facebook.com\\\/profile.php?id=61576678196717\",\"https:\\\/\\\/www.tiktok.com\\\/@vitablanca.ma\",\"https:\\\/\\\/www.instagram.com\\\/vitablanca.ma\\\/\"]}]}<\/script>\n<!-- \/ Yoast SEO plugin. -->","yoast_head_json":{"title":"Q+A - Strengthening Conditioner 250ml - Maroc Prix","description":"Q+A - Strengthening Conditioner 250ml","robots":{"index":"index","follow":"follow","max-snippet":"max-snippet:-1","max-image-preview":"max-image-preview:large","max-video-preview":"max-video-preview:-1"},"canonical":"https:\/\/vitablanca.ma\/ar\/product-2\/qa-strengthening-conditioner-250ml\/","og_locale":"ar_AR","og_type":"article","og_title":"Q+A - Strengthening Conditioner 250ml - Maroc Prix","og_description":"Q+A - Strengthening Conditioner 250ml","og_url":"https:\/\/vitablanca.ma\/ar\/product-2\/qa-strengthening-conditioner-250ml\/","og_site_name":"Vitablanca.ma &ndash; Sant&eacute;, vitalit&eacute; et bien-&ecirc;tre pour tous les Marocains","article_publisher":"https:\/\/www.facebook.com\/profile.php?id=61576678196717","article_modified_time":"2026-03-19T13:19:58+00:00","og_image":[{"width":1600,"height":1600,"url":"https:\/\/vitablanca.ma\/wp-content\/uploads\/2025\/05\/z4zsNFj5uth57kae-medium.jpg","type":"image\/jpeg"}],"twitter_card":"summary_large_image","twitter_misc":{"\u0648\u0642\u062a \u0627\u0644\u0642\u0631\u0627\u0621\u0629 \u0627\u0644\u0645\u064f\u0642\u062f\u0651\u0631":"\u062f\u0642\u064a\u0642\u062a\u0627\u0646"},"schema":{"@context":"https:\/\/schema.org","@graph":[{"@type":["WebPage","ItemPage"],"@id":"https:\/\/vitablanca.ma\/produit\/qa-strengthening-conditioner-250ml\/","url":"https:\/\/vitablanca.ma\/produit\/qa-strengthening-conditioner-250ml\/","name":"Q+A - Strengthening Conditioner 250ml - Maroc Prix","isPartOf":{"@id":"https:\/\/vitablanca.ma\/#website"},"primaryImageOfPage":{"@id":"https:\/\/vitablanca.ma\/produit\/qa-strengthening-conditioner-250ml\/#primaryimage"},"image":{"@id":"https:\/\/vitablanca.ma\/produit\/qa-strengthening-conditioner-250ml\/#primaryimage"},"thumbnailUrl":"https:\/\/vitablanca.ma\/wp-content\/uploads\/2025\/05\/z4zsNFj5uth57kae-medium.jpg","datePublished":"2025-05-28T22:30:48+00:00","dateModified":"2026-03-19T13:19:58+00:00","description":"Q+A - Strengthening Conditioner 250ml","breadcrumb":{"@id":"https:\/\/vitablanca.ma\/produit\/qa-strengthening-conditioner-250ml\/#breadcrumb"},"inLanguage":"ar","potentialAction":[{"@type":"ReadAction","target":["https:\/\/vitablanca.ma\/produit\/qa-strengthening-conditioner-250ml\/"]}]},{"@type":"ImageObject","inLanguage":"ar","@id":"https:\/\/vitablanca.ma\/produit\/qa-strengthening-conditioner-250ml\/#primaryimage","url":"https:\/\/vitablanca.ma\/wp-content\/uploads\/2025\/05\/z4zsNFj5uth57kae-medium.jpg","contentUrl":"https:\/\/vitablanca.ma\/wp-content\/uploads\/2025\/05\/z4zsNFj5uth57kae-medium.jpg","width":1600,"height":1600},{"@type":"BreadcrumbList","@id":"https:\/\/vitablanca.ma\/produit\/qa-strengthening-conditioner-250ml\/#breadcrumb","itemListElement":[{"@type":"ListItem","position":1,"name":"Home","item":"https:\/\/vitablanca.ma\/"},{"@type":"ListItem","position":2,"name":"Tous Les Produits","item":"https:\/\/vitablanca.ma\/tous-les-produits\/"},{"@type":"ListItem","position":3,"name":"Q+A &#8211; Strengthening Conditioner 250ml"}]},{"@type":"WebSite","@id":"https:\/\/vitablanca.ma\/#website","url":"https:\/\/vitablanca.ma\/","name":"VitaBlanca.ma | \u0627\u0644\u0645\u0643\u0645\u0644\u0627\u062a \u0627\u0644\u063a\u0630\u0627\u0626\u064a\u0629\u060c \u0627\u0644\u0635\u062d\u0629 \u0648\u0627\u0644\u062c\u0645\u0627\u0644 \u0641\u064a \u0627\u0644\u0645\u063a\u0631\u0628","description":"\u0646\u0628\u064a\u0639 \u0641\u064a\u062a\u0627\u0645\u064a\u0646\u0627\u062a \u0648\u0645\u0643\u0645\u0644\u0627\u062a \u063a\u0630\u0627\u0626\u064a\u0629 \u0641\u0627\u062e\u0631\u0629 \u0645\u0646 \u0627\u0644\u0648\u0644\u0627\u064a\u0627\u062a \u0627\u0644\u0645\u062a\u062d\u062f\u0629 \u0627\u0644\u0623\u0645\u0631\u064a\u0643\u064a\u0629 \u0648\u0643\u0646\u062f\u0627 \u0648\u0646\u064a\u0648\u0632\u064a\u0644\u0646\u062f\u0627 \u0648\u0627\u0644\u0645\u063a\u0631\u0628 (\u0646\u0627\u0648 \u0641\u0648\u062f\u0632\u060c \u0633\u0648\u0644\u062c\u0627\u0631\u060c \u0645\u0627\u0646\u0648\u0643\u0627). \u062a\u0648\u0635\u064a\u0644 \u0633\u0631\u064a\u0639 \u0625\u0644\u0649 \u062c\u0645\u064a\u0639 \u0623\u0646\u062d\u0627\u0621 \u0627\u0644\u0645\u063a\u0631\u0628.","publisher":{"@id":"https:\/\/vitablanca.ma\/#organization"},"alternateName":"VitaBlanca.ma","potentialAction":[{"@type":"SearchAction","target":{"@type":"EntryPoint","urlTemplate":"https:\/\/vitablanca.ma\/?s={search_term_string}"},"query-input":{"@type":"PropertyValueSpecification","valueRequired":true,"valueName":"search_term_string"}}],"inLanguage":"ar"},{"@type":"Organization","@id":"https:\/\/vitablanca.ma\/#organization","name":"\u0641\u064a\u062a\u0627\u0628\u0644\u0627\u0646\u0643\u0627","url":"https:\/\/vitablanca.ma\/","logo":{"@type":"ImageObject","inLanguage":"ar","@id":"https:\/\/vitablanca.ma\/#\/schema\/logo\/image\/","url":"https:\/\/vitablanca.ma\/wp-content\/uploads\/2025\/05\/cropped-vitablanca.png","contentUrl":"https:\/\/vitablanca.ma\/wp-content\/uploads\/2025\/05\/cropped-vitablanca.png","width":360,"height":67,"caption":"VitaBlanca"},"image":{"@id":"https:\/\/vitablanca.ma\/#\/schema\/logo\/image\/"},"sameAs":["https:\/\/www.facebook.com\/profile.php?id=61576678196717","https:\/\/www.tiktok.com\/@vitablanca.ma","https:\/\/www.instagram.com\/vitablanca.ma\/"]}]}},"jetpack_sharing_enabled":true,"_links":{"self":[{"href":"https:\/\/vitablanca.ma\/ar\/wp-json\/wp\/v2\/product\/12884","targetHints":{"allow":["GET"]}}],"collection":[{"href":"https:\/\/vitablanca.ma\/ar\/wp-json\/wp\/v2\/product"}],"about":[{"href":"https:\/\/vitablanca.ma\/ar\/wp-json\/wp\/v2\/types\/product"}],"wp:featuredmedia":[{"embeddable":true,"href":"https:\/\/vitablanca.ma\/ar\/wp-json\/wp\/v2\/media\/12879"}],"wp:attachment":[{"href":"https:\/\/vitablanca.ma\/ar\/wp-json\/wp\/v2\/media?parent=12884"}],"wp:term":[{"taxonomy":"product_brand","embeddable":true,"href":"https:\/\/vitablanca.ma\/ar\/wp-json\/wp\/v2\/product_brand?post=12884"},{"taxonomy":"product_cat","embeddable":true,"href":"https:\/\/vitablanca.ma\/ar\/wp-json\/wp\/v2\/product_cat?post=12884"},{"taxonomy":"product_tag","embeddable":true,"href":"https:\/\/vitablanca.ma\/ar\/wp-json\/wp\/v2\/product_tag?post=12884"}],"curies":[{"name":"wp","href":"https:\/\/api.w.org\/{rel}","templated":true}]}}