{"id":12877,"date":"2025-05-28T22:30:37","date_gmt":"2025-05-28T22:30:37","guid":{"rendered":"https:\/\/vitablanca.ma\/product\/qa-curl-defining-conditioner-250ml\/"},"modified":"2026-03-19T13:19:58","modified_gmt":"2026-03-19T13:19:58","slug":"qa-curl-defining-conditioner-250ml","status":"publish","type":"product","link":"https:\/\/vitablanca.ma\/ar\/product-2\/qa-curl-defining-conditioner-250ml\/","title":{"rendered":"Q+A &#8211; Curl defining conditioner 250ml"},"content":{"rendered":"<p>.g-product&#8211;badges { display: flex; flex-wrap: wrap; gap: 20px; \/* Adjust spacing between items *\/ list-style: none; padding: 0; align-items: center; } .g-product&#8211;badges&#8211;item { display: flex; flex-direction: column; align-items: center; text-align: center; } .g-product&#8211;badges&#8211;icon img { width: 48px; \/* Adjust image size if needed *\/ height: auto; } .g-product&#8211;badges&#8211;label { font-size: 14px; margin-top: 5px; }\u00a0<\/p>\n<h2>\u0648\u0635\u0641<\/h2>\n<p>Le Curl Defining Conditioner est l&rsquo;apr\u00e8s-shampoing ultime pour prendre soin de vos boucles naturelles. Enrichie en coco, beurre de karit\u00e9 et avocat, cette formule hydrate, renforce et nourrit vos cheveux de la racine aux pointes. Le r\u00e9sultat ? Des boucles d\u00e9finies, rebondies et brillantes qui illuminent votre chevelure !<\/p>\n<p>Les ingr\u00e9dients riches et nourrissants agissent ensemble pour lutter contre la s\u00e9cheresse, adoucir vos cheveux et r\u00e9duire les frisottis. Pour de meilleurs r\u00e9sultats, utilisez cet apr\u00e8s-shampoing en combinaison avec le Curl Defining Shampoo de Q+A. Offrez \u00e0 vos boucles l&rsquo;amour et les soins qu&rsquo;elles m\u00e9ritent \u2013 chaque jour !<\/p>\n<p>Ses b\u00e9n\u00e9fices cl\u00e9s :<\/p>\n<ul>\n<li>Apporte d\u00e9finition et \u00e9lasticit\u00e9 aux boucles naturelles.<\/li>\n<li>Hydrate et renforce les cheveux.<\/li>\n<li>Nourrit de la racine aux pointes.<\/li>\n<li>R\u00e9duit les frisottis et ajoute de la brillance.<\/li>\n<li>\u062a\u0645 \u0627\u062e\u062a\u0628\u0627\u0631\u0647 \u0645\u0646 \u0642\u0628\u0644 \u0623\u0637\u0628\u0627\u0621 \u0627\u0644\u062c\u0644\u062f\u064a\u0629.<\/li>\n<li>\n<p><img decoding=\"async\" src=\"https:\/\/www.qandaskin.com\/cdn\/shop\/files\/Natural_c788c8a6-2a53-45d7-94a8-3da6a9974df8.svg?v=1694434640&amp;width=48\" alt=\"Naturel\"><\/p>\n<p>96% Naturel<\/p>\n<\/li>\n<li>\n<p><img decoding=\"async\" src=\"https:\/\/www.qandaskin.com\/cdn\/shop\/files\/Cruelty-Free.svg?v=1694429273&amp;width=48\" alt=\"Sans cruaut\u00e9\"><\/p>\n<p>Sans cruaut\u00e9<\/p>\n<\/li>\n<li>\n<p><img decoding=\"async\" src=\"https:\/\/www.qandaskin.com\/cdn\/shop\/files\/alcohol_free.svg?v=1694430243&amp;width=48\" alt=\"\u062e\u0627\u0644\u064a \u0645\u0646 \u0627\u0644\u0643\u062d\u0648\u0644\"><\/p>\n<p>\u062e\u0627\u0644\u064a \u0645\u0646 \u0627\u0644\u0643\u062d\u0648\u0644<\/p>\n<\/li>\n<li>\n<p><img decoding=\"async\" src=\"https:\/\/www.qandaskin.com\/cdn\/shop\/files\/fragfree.svg?v=1694430746&amp;width=48\" alt=\"\u062e\u0627\u0644\u064a \u0645\u0646 \u0627\u0644\u0639\u0637\u0648\u0631\"><\/p>\n<p>\u062e\u0627\u0644\u064a \u0645\u0646 \u0627\u0644\u0639\u0637\u0648\u0631<\/p>\n<\/li>\n<li>\n<p><img decoding=\"async\" src=\"https:\/\/www.qandaskin.com\/cdn\/shop\/files\/VeganFriendly.svg?v=1694430913&amp;width=48\" alt=\"\u0646\u0628\u0627\u062a\u064a\"><\/p>\n<p>\u0646\u0628\u0627\u062a\u064a<\/p>\n<\/li>\n<\/ul>\n<h2>\u0643\u064a\u0641\u064a\u0629 \u0627\u0644\u0627\u0633\u062a\u062e\u062f\u0627\u0645<\/h2>\n<p>Appliquez l&rsquo;apr\u00e8s-shampoing sur cheveux humides et massez doucement. Laissez agir 3 \u00e0 5 minutes, puis rincez abondamment \u00e0 l&rsquo;eau claire.<\/p>\n<p>\u0645\u0639\u0644\u0648\u0645\u0627\u062a \u0627\u0644\u0645\u0646\u062a\u062c<\/p>\n<p><strong>\u0645\u0642\u0627\u0633 :<\/strong> 250 \u0645\u0644<\/p>\n<p>\u0635\u064f\u0646\u0639 \u0641\u064a \u0627\u0644\u0645\u0645\u0644\u0643\u0629 \u0627\u0644\u0645\u062a\u062d\u062f\u0629.<\/p>\n<p>Ce produit convient aux v\u00e9gans. Les produits Q+A ne sont pas test\u00e9s sur les animaux et ne le seront jamais.<\/p>\n<p>\u0643\u064a\u0641\u064a\u0629 \u0625\u0639\u0627\u062f\u0629 \u0627\u0644\u062a\u062f\u0648\u064a\u0631:<\/p>\n<p>Retirez votre bouteille de son emballage. Nos cartons sont recyclables \u00e0 100 % et peuvent \u00eatre jet\u00e9s dans votre centre de recyclage. Nettoyez et s\u00e9chez la bouteille avant de la recycler.<\/p>\n<p><i><strong>\u0645\u0643\u0648\u0646\u0627\u062a :<\/strong> Aqua (water), Glycerin, Cetearyl Alcohol, Glyceryl Stearate, Caprylic\/Capric Triglyceride, Helianthus Annuus (Sunflower) Seed Oil, Ceramide NP, Ananas Sativus (Pineapple) Fruit Extract, Squalane, Simmondsia Chinensis (Jojoba) Seed Oil, Vitis Vinifera (Grape) Seed Oil, Olive Glycerides, Xylitol, Xylitylglucoside, Carbomer, Caprylyl Glycol, Sodium Stearoyl Glutamate, Glucose, Sodium Gluconate, Coco-Glucoside, Cyclodextrin, Anhydroxylitol, Parfum (Fragrance), Phenoxyethanol, Coconut Alcohol, Sodium Hydroxide, Hexyl Cinnamal, Linalool, Benzyl Salicylate, Coumarin.<\/i><\/p>","protected":false},"excerpt":{"rendered":"<p>.g-product&#8211;badges { display: flex; flex-wrap: wrap; gap: 20px; \/* Adjust spacing between items *\/ list-style: none; padding: 0; align-items: center; } .g-product&#8211;badges&#8211;item { display: flex; flex-direction: column; align-items: center; text-align: center; } .g-product&#8211;badges&#8211;icon img { width: 48px; \/* Adjust image size if needed *\/ height: auto; } .g-product&#8211;badges&#8211;label { font-size: 14px; margin-top: 5px; }\u00a0 Description [&hellip;]<\/p>\n","protected":false},"featured_media":12872,"template":"","meta":{"om_disable_all_campaigns":false},"product_brand":[4357],"product_cat":[18],"product_tag":[],"class_list":{"0":"post-12877","1":"product","2":"type-product","3":"status-publish","4":"has-post-thumbnail","6":"product_brand-qa-maroc-prix-para","7":"product_cat-beaute-sante","9":"first","10":"outofstock","11":"taxable","12":"shipping-taxable","13":"purchasable","14":"product-type-simple"},"yoast_head":"<!-- This site is optimized with the Yoast SEO plugin v27.4 - https:\/\/yoast.com\/product\/yoast-seo-wordpress\/ -->\n<title>Q+A - Curl defining conditioner 250ml - Maroc Prix<\/title>\n<meta name=\"description\" content=\"Q+A - Curl defining conditioner 250ml\" \/>\n<meta name=\"robots\" content=\"index, follow, max-snippet:-1, max-image-preview:large, max-video-preview:-1\" \/>\n<link rel=\"canonical\" href=\"https:\/\/vitablanca.ma\/ar\/product-2\/qa-curl-defining-conditioner-250ml\/\" \/>\n<meta property=\"og:locale\" content=\"ar_AR\" \/>\n<meta property=\"og:type\" content=\"article\" \/>\n<meta property=\"og:title\" content=\"Q+A - Curl defining conditioner 250ml - Maroc Prix\" \/>\n<meta property=\"og:description\" content=\"Q+A - Curl defining conditioner 250ml\" \/>\n<meta property=\"og:url\" content=\"https:\/\/vitablanca.ma\/ar\/product-2\/qa-curl-defining-conditioner-250ml\/\" \/>\n<meta property=\"og:site_name\" content=\"Vitablanca.ma &ndash; Sant&eacute;, vitalit&eacute; et bien-&ecirc;tre pour tous les Marocains\" \/>\n<meta property=\"article:publisher\" content=\"https:\/\/www.facebook.com\/profile.php?id=61576678196717\" \/>\n<meta property=\"article:modified_time\" content=\"2026-03-19T13:19:58+00:00\" \/>\n<meta property=\"og:image\" content=\"https:\/\/vitablanca.ma\/wp-content\/uploads\/2025\/05\/kNJLcQLjv3Pon8yn-medium.jpg\" \/>\n\t<meta property=\"og:image:width\" content=\"1600\" \/>\n\t<meta property=\"og:image:height\" content=\"1600\" \/>\n\t<meta property=\"og:image:type\" content=\"image\/jpeg\" \/>\n<meta name=\"twitter:card\" content=\"summary_large_image\" \/>\n<meta name=\"twitter:label1\" content=\"\u0648\u0642\u062a \u0627\u0644\u0642\u0631\u0627\u0621\u0629 \u0627\u0644\u0645\u064f\u0642\u062f\u0651\u0631\" \/>\n\t<meta name=\"twitter:data1\" content=\"\u062f\u0642\u064a\u0642\u062a\u0627\u0646\" \/>\n<script type=\"application\/ld+json\" class=\"yoast-schema-graph\">{\"@context\":\"https:\\\/\\\/schema.org\",\"@graph\":[{\"@type\":[\"WebPage\",\"ItemPage\"],\"@id\":\"https:\\\/\\\/vitablanca.ma\\\/produit\\\/qa-curl-defining-conditioner-250ml\\\/\",\"url\":\"https:\\\/\\\/vitablanca.ma\\\/produit\\\/qa-curl-defining-conditioner-250ml\\\/\",\"name\":\"Q+A - Curl defining conditioner 250ml - Maroc Prix\",\"isPartOf\":{\"@id\":\"https:\\\/\\\/vitablanca.ma\\\/#website\"},\"primaryImageOfPage\":{\"@id\":\"https:\\\/\\\/vitablanca.ma\\\/produit\\\/qa-curl-defining-conditioner-250ml\\\/#primaryimage\"},\"image\":{\"@id\":\"https:\\\/\\\/vitablanca.ma\\\/produit\\\/qa-curl-defining-conditioner-250ml\\\/#primaryimage\"},\"thumbnailUrl\":\"https:\\\/\\\/vitablanca.ma\\\/wp-content\\\/uploads\\\/2025\\\/05\\\/kNJLcQLjv3Pon8yn-medium.jpg\",\"datePublished\":\"2025-05-28T22:30:37+00:00\",\"dateModified\":\"2026-03-19T13:19:58+00:00\",\"description\":\"Q+A - Curl defining conditioner 250ml\",\"breadcrumb\":{\"@id\":\"https:\\\/\\\/vitablanca.ma\\\/produit\\\/qa-curl-defining-conditioner-250ml\\\/#breadcrumb\"},\"inLanguage\":\"ar\",\"potentialAction\":[{\"@type\":\"ReadAction\",\"target\":[\"https:\\\/\\\/vitablanca.ma\\\/produit\\\/qa-curl-defining-conditioner-250ml\\\/\"]}]},{\"@type\":\"ImageObject\",\"inLanguage\":\"ar\",\"@id\":\"https:\\\/\\\/vitablanca.ma\\\/produit\\\/qa-curl-defining-conditioner-250ml\\\/#primaryimage\",\"url\":\"https:\\\/\\\/vitablanca.ma\\\/wp-content\\\/uploads\\\/2025\\\/05\\\/kNJLcQLjv3Pon8yn-medium.jpg\",\"contentUrl\":\"https:\\\/\\\/vitablanca.ma\\\/wp-content\\\/uploads\\\/2025\\\/05\\\/kNJLcQLjv3Pon8yn-medium.jpg\",\"width\":1600,\"height\":1600},{\"@type\":\"BreadcrumbList\",\"@id\":\"https:\\\/\\\/vitablanca.ma\\\/produit\\\/qa-curl-defining-conditioner-250ml\\\/#breadcrumb\",\"itemListElement\":[{\"@type\":\"ListItem\",\"position\":1,\"name\":\"Home\",\"item\":\"https:\\\/\\\/vitablanca.ma\\\/\"},{\"@type\":\"ListItem\",\"position\":2,\"name\":\"Tous Les Produits\",\"item\":\"https:\\\/\\\/vitablanca.ma\\\/tous-les-produits\\\/\"},{\"@type\":\"ListItem\",\"position\":3,\"name\":\"Q+A &#8211; Curl defining conditioner 250ml\"}]},{\"@type\":\"WebSite\",\"@id\":\"https:\\\/\\\/vitablanca.ma\\\/#website\",\"url\":\"https:\\\/\\\/vitablanca.ma\\\/\",\"name\":\"VitaBlanca.ma | Compl\u00e9ments alimentaires, sant\u00e9 & beaut\u00e9 au Maroc\",\"description\":\"vendre vitamines et compl\u00e9ments premium des USA &amp; Canada, Nouvelle Z\u00e9lande,Maroc (NOW Foods, Solgar, Manuka). Livraison rapide partout au Maroc.\",\"publisher\":{\"@id\":\"https:\\\/\\\/vitablanca.ma\\\/#organization\"},\"alternateName\":\"VitaBlanca.ma\",\"potentialAction\":[{\"@type\":\"SearchAction\",\"target\":{\"@type\":\"EntryPoint\",\"urlTemplate\":\"https:\\\/\\\/vitablanca.ma\\\/?s={search_term_string}\"},\"query-input\":{\"@type\":\"PropertyValueSpecification\",\"valueRequired\":true,\"valueName\":\"search_term_string\"}}],\"inLanguage\":\"ar\"},{\"@type\":\"Organization\",\"@id\":\"https:\\\/\\\/vitablanca.ma\\\/#organization\",\"name\":\"VitaBlanca\",\"url\":\"https:\\\/\\\/vitablanca.ma\\\/\",\"logo\":{\"@type\":\"ImageObject\",\"inLanguage\":\"ar\",\"@id\":\"https:\\\/\\\/vitablanca.ma\\\/#\\\/schema\\\/logo\\\/image\\\/\",\"url\":\"https:\\\/\\\/vitablanca.ma\\\/wp-content\\\/uploads\\\/2025\\\/05\\\/cropped-vitablanca.png\",\"contentUrl\":\"https:\\\/\\\/vitablanca.ma\\\/wp-content\\\/uploads\\\/2025\\\/05\\\/cropped-vitablanca.png\",\"width\":360,\"height\":67,\"caption\":\"VitaBlanca\"},\"image\":{\"@id\":\"https:\\\/\\\/vitablanca.ma\\\/#\\\/schema\\\/logo\\\/image\\\/\"},\"sameAs\":[\"https:\\\/\\\/www.facebook.com\\\/profile.php?id=61576678196717\",\"https:\\\/\\\/www.tiktok.com\\\/@vitablanca.ma\",\"https:\\\/\\\/www.instagram.com\\\/vitablanca.ma\\\/\"]}]}<\/script>\n<!-- \/ Yoast SEO plugin. -->","yoast_head_json":{"title":"Q+A - Curl defining conditioner 250ml - Maroc Prix","description":"Q+A - Curl defining conditioner 250ml","robots":{"index":"index","follow":"follow","max-snippet":"max-snippet:-1","max-image-preview":"max-image-preview:large","max-video-preview":"max-video-preview:-1"},"canonical":"https:\/\/vitablanca.ma\/ar\/product-2\/qa-curl-defining-conditioner-250ml\/","og_locale":"ar_AR","og_type":"article","og_title":"Q+A - Curl defining conditioner 250ml - Maroc Prix","og_description":"Q+A - Curl defining conditioner 250ml","og_url":"https:\/\/vitablanca.ma\/ar\/product-2\/qa-curl-defining-conditioner-250ml\/","og_site_name":"Vitablanca.ma &ndash; Sant&eacute;, vitalit&eacute; et bien-&ecirc;tre pour tous les Marocains","article_publisher":"https:\/\/www.facebook.com\/profile.php?id=61576678196717","article_modified_time":"2026-03-19T13:19:58+00:00","og_image":[{"width":1600,"height":1600,"url":"https:\/\/vitablanca.ma\/wp-content\/uploads\/2025\/05\/kNJLcQLjv3Pon8yn-medium.jpg","type":"image\/jpeg"}],"twitter_card":"summary_large_image","twitter_misc":{"\u0648\u0642\u062a \u0627\u0644\u0642\u0631\u0627\u0621\u0629 \u0627\u0644\u0645\u064f\u0642\u062f\u0651\u0631":"\u062f\u0642\u064a\u0642\u062a\u0627\u0646"},"schema":{"@context":"https:\/\/schema.org","@graph":[{"@type":["WebPage","ItemPage"],"@id":"https:\/\/vitablanca.ma\/produit\/qa-curl-defining-conditioner-250ml\/","url":"https:\/\/vitablanca.ma\/produit\/qa-curl-defining-conditioner-250ml\/","name":"Q+A - Curl defining conditioner 250ml - Maroc Prix","isPartOf":{"@id":"https:\/\/vitablanca.ma\/#website"},"primaryImageOfPage":{"@id":"https:\/\/vitablanca.ma\/produit\/qa-curl-defining-conditioner-250ml\/#primaryimage"},"image":{"@id":"https:\/\/vitablanca.ma\/produit\/qa-curl-defining-conditioner-250ml\/#primaryimage"},"thumbnailUrl":"https:\/\/vitablanca.ma\/wp-content\/uploads\/2025\/05\/kNJLcQLjv3Pon8yn-medium.jpg","datePublished":"2025-05-28T22:30:37+00:00","dateModified":"2026-03-19T13:19:58+00:00","description":"Q+A - Curl defining conditioner 250ml","breadcrumb":{"@id":"https:\/\/vitablanca.ma\/produit\/qa-curl-defining-conditioner-250ml\/#breadcrumb"},"inLanguage":"ar","potentialAction":[{"@type":"ReadAction","target":["https:\/\/vitablanca.ma\/produit\/qa-curl-defining-conditioner-250ml\/"]}]},{"@type":"ImageObject","inLanguage":"ar","@id":"https:\/\/vitablanca.ma\/produit\/qa-curl-defining-conditioner-250ml\/#primaryimage","url":"https:\/\/vitablanca.ma\/wp-content\/uploads\/2025\/05\/kNJLcQLjv3Pon8yn-medium.jpg","contentUrl":"https:\/\/vitablanca.ma\/wp-content\/uploads\/2025\/05\/kNJLcQLjv3Pon8yn-medium.jpg","width":1600,"height":1600},{"@type":"BreadcrumbList","@id":"https:\/\/vitablanca.ma\/produit\/qa-curl-defining-conditioner-250ml\/#breadcrumb","itemListElement":[{"@type":"ListItem","position":1,"name":"Home","item":"https:\/\/vitablanca.ma\/"},{"@type":"ListItem","position":2,"name":"Tous Les Produits","item":"https:\/\/vitablanca.ma\/tous-les-produits\/"},{"@type":"ListItem","position":3,"name":"Q+A &#8211; Curl defining conditioner 250ml"}]},{"@type":"WebSite","@id":"https:\/\/vitablanca.ma\/#website","url":"https:\/\/vitablanca.ma\/","name":"VitaBlanca.ma | \u0627\u0644\u0645\u0643\u0645\u0644\u0627\u062a \u0627\u0644\u063a\u0630\u0627\u0626\u064a\u0629\u060c \u0627\u0644\u0635\u062d\u0629 \u0648\u0627\u0644\u062c\u0645\u0627\u0644 \u0641\u064a \u0627\u0644\u0645\u063a\u0631\u0628","description":"\u0646\u0628\u064a\u0639 \u0641\u064a\u062a\u0627\u0645\u064a\u0646\u0627\u062a \u0648\u0645\u0643\u0645\u0644\u0627\u062a \u063a\u0630\u0627\u0626\u064a\u0629 \u0641\u0627\u062e\u0631\u0629 \u0645\u0646 \u0627\u0644\u0648\u0644\u0627\u064a\u0627\u062a \u0627\u0644\u0645\u062a\u062d\u062f\u0629 \u0627\u0644\u0623\u0645\u0631\u064a\u0643\u064a\u0629 \u0648\u0643\u0646\u062f\u0627 \u0648\u0646\u064a\u0648\u0632\u064a\u0644\u0646\u062f\u0627 \u0648\u0627\u0644\u0645\u063a\u0631\u0628 (\u0646\u0627\u0648 \u0641\u0648\u062f\u0632\u060c \u0633\u0648\u0644\u062c\u0627\u0631\u060c \u0645\u0627\u0646\u0648\u0643\u0627). \u062a\u0648\u0635\u064a\u0644 \u0633\u0631\u064a\u0639 \u0625\u0644\u0649 \u062c\u0645\u064a\u0639 \u0623\u0646\u062d\u0627\u0621 \u0627\u0644\u0645\u063a\u0631\u0628.","publisher":{"@id":"https:\/\/vitablanca.ma\/#organization"},"alternateName":"VitaBlanca.ma","potentialAction":[{"@type":"SearchAction","target":{"@type":"EntryPoint","urlTemplate":"https:\/\/vitablanca.ma\/?s={search_term_string}"},"query-input":{"@type":"PropertyValueSpecification","valueRequired":true,"valueName":"search_term_string"}}],"inLanguage":"ar"},{"@type":"Organization","@id":"https:\/\/vitablanca.ma\/#organization","name":"\u0641\u064a\u062a\u0627\u0628\u0644\u0627\u0646\u0643\u0627","url":"https:\/\/vitablanca.ma\/","logo":{"@type":"ImageObject","inLanguage":"ar","@id":"https:\/\/vitablanca.ma\/#\/schema\/logo\/image\/","url":"https:\/\/vitablanca.ma\/wp-content\/uploads\/2025\/05\/cropped-vitablanca.png","contentUrl":"https:\/\/vitablanca.ma\/wp-content\/uploads\/2025\/05\/cropped-vitablanca.png","width":360,"height":67,"caption":"VitaBlanca"},"image":{"@id":"https:\/\/vitablanca.ma\/#\/schema\/logo\/image\/"},"sameAs":["https:\/\/www.facebook.com\/profile.php?id=61576678196717","https:\/\/www.tiktok.com\/@vitablanca.ma","https:\/\/www.instagram.com\/vitablanca.ma\/"]}]}},"jetpack_sharing_enabled":true,"_links":{"self":[{"href":"https:\/\/vitablanca.ma\/ar\/wp-json\/wp\/v2\/product\/12877","targetHints":{"allow":["GET"]}}],"collection":[{"href":"https:\/\/vitablanca.ma\/ar\/wp-json\/wp\/v2\/product"}],"about":[{"href":"https:\/\/vitablanca.ma\/ar\/wp-json\/wp\/v2\/types\/product"}],"wp:featuredmedia":[{"embeddable":true,"href":"https:\/\/vitablanca.ma\/ar\/wp-json\/wp\/v2\/media\/12872"}],"wp:attachment":[{"href":"https:\/\/vitablanca.ma\/ar\/wp-json\/wp\/v2\/media?parent=12877"}],"wp:term":[{"taxonomy":"product_brand","embeddable":true,"href":"https:\/\/vitablanca.ma\/ar\/wp-json\/wp\/v2\/product_brand?post=12877"},{"taxonomy":"product_cat","embeddable":true,"href":"https:\/\/vitablanca.ma\/ar\/wp-json\/wp\/v2\/product_cat?post=12877"},{"taxonomy":"product_tag","embeddable":true,"href":"https:\/\/vitablanca.ma\/ar\/wp-json\/wp\/v2\/product_tag?post=12877"}],"curies":[{"name":"wp","href":"https:\/\/api.w.org\/{rel}","templated":true}]}}