{"id":12846,"date":"2025-05-28T22:27:17","date_gmt":"2025-05-28T22:27:17","guid":{"rendered":"https:\/\/vitablanca.ma\/product\/j-beverly-hills-blonde-shampoo\/"},"modified":"2025-05-28T22:27:17","modified_gmt":"2025-05-28T22:27:17","slug":"j-beverly-hills-blonde-shampoo","status":"publish","type":"product","link":"https:\/\/vitablanca.ma\/ar\/product-2\/j-beverly-hills-blonde-shampoo\/","title":{"rendered":"J Beverly Hills BLONDE SHAMPOO"},"content":{"rendered":"<p><!-- Product: Blonde Shampoo --><\/p>\n<p>Gardez votre \u00e9clat. Formul\u00e9 avec de la mauve bleue, de la camomille, de la noix de coco et de l&rsquo;\u00e9chinac\u00e9e, Blonde Shampoo nettoie en douceur et aide \u00e0 neutraliser les tons jaunes ind\u00e9sirables.<\/p>\n<p>\u0627\u0644\u0645\u0645\u064a\u0632\u0627\u062a \u0648\u0627\u0644\u0641\u0648\u0627\u0626\u062f:<\/p>\n<ul>\n<li>Nettoie en Douceur<\/li>\n<li>\u0647\u064a\u062f\u0631\u0627\u062a<\/li>\n<li>Neutralise les Tons Jaunes<\/li>\n<li>Sans Sulfates<\/li>\n<\/ul>\n<p><strong>\u0637\u0631\u064a\u0642\u0629 \u0627\u0644\u0627\u0633\u062a\u062e\u062f\u0627\u0645:<\/strong> Sur cheveux mouill\u00e9s, appliquez une quantit\u00e9 g\u00e9n\u00e9reuse de Blonde Shampoo, massez pour obtenir une mousse riche. Rincez, r\u00e9p\u00e9tez et laissez agir pendant 2-3 minutes pour neutraliser les tons jaunes. Pour de meilleurs r\u00e9sultats, suivez avec Blonde Conditioner. Id\u00e9al pour le toning, \u00e0 utiliser selon les besoins.<\/p>\n<p>\u0627\u0644\u062d\u062c\u0645: 350 \u0645\u0644<\/p>\n<p>    <button id=\"myBtn\">\u0627\u0646\u0638\u0631 \u0627\u0644\u0642\u0627\u0626\u0645\u0629 \u0627\u0644\u0643\u0627\u0645\u0644\u0629 \u0644\u0644\u0645\u0643\u0648\u0646\u0627\u062a<\/button><\/p>\n<div class=\"modal\" id=\"myModal\">\n<div class=\"modal-content\">\n            <span class=\"close\">\u00d7<\/span><\/p>\n<p>\u0645\u0643\u0648\u0646\u0627\u062a :<\/p>\n<p>                EAU, SULFONATE DE SODIUM Cl4-l6 OL\u00c9FINE, B\u00c9TA\u00cfNE DE COCAMIDOPROPYLE, COCAMIDE MIPA, ST\u00c9ARATE DE GLYCOL, CHLORURE DE SODIUM, POLYQUATERNIUM-7, POLYQUATERNIUM-10, M\u00c9THYLCELLULOSE HYDROXYPROPYL\u00c9E, EDTA T\u00c9TRASODIQUE, DIST\u00c9ARATE DE PEG-150, OCTOXYNOL-40, POLYM\u00c8RE DE HUILE DE RICIN HYDROG\u00c9N\u00c9E\/ACIDE S\u00c9BACIQUE, EXTRAIT DE FRUIT D&rsquo;OLIVE (OLEA EUROPAEA), EXTRAIT DE CAMOMILLE RECUTITA, EXTRAIT DE MYRTILLE, EXTRAIT DE MELON, EXTRAIT DE P\u00c9PIN DE RAISIN, EXTRAIT DE YAOURT HYDROLYS\u00c9, EXTRAIT DE FIGUE, EXTRAIT DE NOIX (JUGLANS REGIA), EXTRAIT DE CACAO (THEOBROMA CACAO), EXTRAIT DE MIEL, GLYCOL DE PROPYL\u00c8NE, PANTH\u00c9NOL, PROT\u00c9INE DE BL\u00c9 HYDROLYS\u00c9E, ACIDES AMIN\u00c9S DE SOIE, ACIDE CITRIQUE, PHENOXY\u00c9THANOL, \u00c9THYLHEXYLGLYC\u00c9RINE, PARFUM\n            <\/p>\n<\/p><\/div>\n<\/p><\/div>","protected":false},"excerpt":{"rendered":"<p>Gardez votre \u00e9clat. Formul\u00e9 avec de la mauve bleue, de la camomille, de la noix de coco et de l&rsquo;\u00e9chinac\u00e9e, Blonde Shampoo nettoie en douceur et aide \u00e0 neutraliser les tons jaunes ind\u00e9sirables. CARACT\u00c9RISTIQUES &amp; AVANTAGES : Nettoie en Douceur Hydrate Neutralise les Tons Jaunes Sans Sulfates Mode d&#8217;emploi : Sur cheveux mouill\u00e9s, appliquez une [&hellip;]<\/p>\n","protected":false},"featured_media":12840,"template":"","meta":{"om_disable_all_campaigns":false},"product_brand":[],"product_cat":[15],"product_tag":[],"class_list":{"0":"post-12846","1":"product","2":"type-product","3":"status-publish","4":"has-post-thumbnail","6":"product_cat-beaute-sante-complements-alimentaires-soins-et-bien-etre-au-meilleur-prix","8":"first","9":"instock","10":"taxable","11":"shipping-taxable","12":"purchasable","13":"product-type-simple"},"yoast_head":"<!-- This site is optimized with the Yoast SEO plugin v27.4 - https:\/\/yoast.com\/product\/yoast-seo-wordpress\/ -->\n<title>J Beverly Hills BLONDE SHAMPOO - Maroc Prix<\/title>\n<meta name=\"description\" content=\"J Beverly Hills BLONDE SHAMPOO\" \/>\n<meta name=\"robots\" content=\"index, follow, max-snippet:-1, max-image-preview:large, max-video-preview:-1\" \/>\n<link rel=\"canonical\" href=\"https:\/\/vitablanca.ma\/ar\/product-2\/j-beverly-hills-blonde-shampoo\/\" \/>\n<meta property=\"og:locale\" content=\"ar_AR\" \/>\n<meta property=\"og:type\" content=\"article\" \/>\n<meta property=\"og:title\" content=\"J Beverly Hills BLONDE SHAMPOO - Maroc Prix\" \/>\n<meta property=\"og:description\" content=\"J Beverly Hills BLONDE SHAMPOO\" \/>\n<meta property=\"og:url\" content=\"https:\/\/vitablanca.ma\/ar\/product-2\/j-beverly-hills-blonde-shampoo\/\" \/>\n<meta property=\"og:site_name\" content=\"Vitablanca.ma &ndash; Sant&eacute;, vitalit&eacute; et bien-&ecirc;tre pour tous les Marocains\" \/>\n<meta property=\"article:publisher\" content=\"https:\/\/www.facebook.com\/profile.php?id=61576678196717\" \/>\n<meta property=\"og:image\" content=\"https:\/\/vitablanca.ma\/wp-content\/uploads\/2025\/05\/blondeshampoo_12oz.png\" \/>\n\t<meta property=\"og:image:width\" content=\"2048\" \/>\n\t<meta property=\"og:image:height\" content=\"2048\" \/>\n\t<meta property=\"og:image:type\" content=\"image\/png\" \/>\n<meta name=\"twitter:card\" content=\"summary_large_image\" \/>\n<meta name=\"twitter:label1\" content=\"\u0648\u0642\u062a \u0627\u0644\u0642\u0631\u0627\u0621\u0629 \u0627\u0644\u0645\u064f\u0642\u062f\u0651\u0631\" \/>\n\t<meta name=\"twitter:data1\" content=\"\u062f\u0642\u064a\u0642\u0629 \u0648\u0627\u062d\u062f\u0629\" \/>\n<script type=\"application\/ld+json\" class=\"yoast-schema-graph\">{\"@context\":\"https:\\\/\\\/schema.org\",\"@graph\":[{\"@type\":[\"WebPage\",\"ItemPage\"],\"@id\":\"https:\\\/\\\/vitablanca.ma\\\/produit\\\/j-beverly-hills-blonde-shampoo\\\/\",\"url\":\"https:\\\/\\\/vitablanca.ma\\\/produit\\\/j-beverly-hills-blonde-shampoo\\\/\",\"name\":\"J Beverly Hills BLONDE SHAMPOO - Maroc Prix\",\"isPartOf\":{\"@id\":\"https:\\\/\\\/vitablanca.ma\\\/#website\"},\"primaryImageOfPage\":{\"@id\":\"https:\\\/\\\/vitablanca.ma\\\/produit\\\/j-beverly-hills-blonde-shampoo\\\/#primaryimage\"},\"image\":{\"@id\":\"https:\\\/\\\/vitablanca.ma\\\/produit\\\/j-beverly-hills-blonde-shampoo\\\/#primaryimage\"},\"thumbnailUrl\":\"https:\\\/\\\/vitablanca.ma\\\/wp-content\\\/uploads\\\/2025\\\/05\\\/blondeshampoo_12oz.png\",\"datePublished\":\"2025-05-28T22:27:17+00:00\",\"description\":\"J Beverly Hills BLONDE SHAMPOO\",\"breadcrumb\":{\"@id\":\"https:\\\/\\\/vitablanca.ma\\\/produit\\\/j-beverly-hills-blonde-shampoo\\\/#breadcrumb\"},\"inLanguage\":\"ar\",\"potentialAction\":[{\"@type\":\"ReadAction\",\"target\":[\"https:\\\/\\\/vitablanca.ma\\\/produit\\\/j-beverly-hills-blonde-shampoo\\\/\"]}]},{\"@type\":\"ImageObject\",\"inLanguage\":\"ar\",\"@id\":\"https:\\\/\\\/vitablanca.ma\\\/produit\\\/j-beverly-hills-blonde-shampoo\\\/#primaryimage\",\"url\":\"https:\\\/\\\/vitablanca.ma\\\/wp-content\\\/uploads\\\/2025\\\/05\\\/blondeshampoo_12oz.png\",\"contentUrl\":\"https:\\\/\\\/vitablanca.ma\\\/wp-content\\\/uploads\\\/2025\\\/05\\\/blondeshampoo_12oz.png\",\"width\":2048,\"height\":2048},{\"@type\":\"BreadcrumbList\",\"@id\":\"https:\\\/\\\/vitablanca.ma\\\/produit\\\/j-beverly-hills-blonde-shampoo\\\/#breadcrumb\",\"itemListElement\":[{\"@type\":\"ListItem\",\"position\":1,\"name\":\"Home\",\"item\":\"https:\\\/\\\/vitablanca.ma\\\/\"},{\"@type\":\"ListItem\",\"position\":2,\"name\":\"Tous Les Produits\",\"item\":\"https:\\\/\\\/vitablanca.ma\\\/tous-les-produits\\\/\"},{\"@type\":\"ListItem\",\"position\":3,\"name\":\"J Beverly Hills BLONDE SHAMPOO\"}]},{\"@type\":\"WebSite\",\"@id\":\"https:\\\/\\\/vitablanca.ma\\\/#website\",\"url\":\"https:\\\/\\\/vitablanca.ma\\\/\",\"name\":\"VitaBlanca.ma | Compl\u00e9ments alimentaires, sant\u00e9 & beaut\u00e9 au Maroc\",\"description\":\"vendre vitamines et compl\u00e9ments premium des USA &amp; Canada, Nouvelle Z\u00e9lande,Maroc (NOW Foods, Solgar, Manuka). Livraison rapide partout au Maroc.\",\"publisher\":{\"@id\":\"https:\\\/\\\/vitablanca.ma\\\/#organization\"},\"alternateName\":\"VitaBlanca.ma\",\"potentialAction\":[{\"@type\":\"SearchAction\",\"target\":{\"@type\":\"EntryPoint\",\"urlTemplate\":\"https:\\\/\\\/vitablanca.ma\\\/?s={search_term_string}\"},\"query-input\":{\"@type\":\"PropertyValueSpecification\",\"valueRequired\":true,\"valueName\":\"search_term_string\"}}],\"inLanguage\":\"ar\"},{\"@type\":\"Organization\",\"@id\":\"https:\\\/\\\/vitablanca.ma\\\/#organization\",\"name\":\"VitaBlanca\",\"url\":\"https:\\\/\\\/vitablanca.ma\\\/\",\"logo\":{\"@type\":\"ImageObject\",\"inLanguage\":\"ar\",\"@id\":\"https:\\\/\\\/vitablanca.ma\\\/#\\\/schema\\\/logo\\\/image\\\/\",\"url\":\"https:\\\/\\\/vitablanca.ma\\\/wp-content\\\/uploads\\\/2025\\\/05\\\/cropped-vitablanca.png\",\"contentUrl\":\"https:\\\/\\\/vitablanca.ma\\\/wp-content\\\/uploads\\\/2025\\\/05\\\/cropped-vitablanca.png\",\"width\":360,\"height\":67,\"caption\":\"VitaBlanca\"},\"image\":{\"@id\":\"https:\\\/\\\/vitablanca.ma\\\/#\\\/schema\\\/logo\\\/image\\\/\"},\"sameAs\":[\"https:\\\/\\\/www.facebook.com\\\/profile.php?id=61576678196717\",\"https:\\\/\\\/www.tiktok.com\\\/@vitablanca.ma\",\"https:\\\/\\\/www.instagram.com\\\/vitablanca.ma\\\/\"]}]}<\/script>\n<!-- \/ Yoast SEO plugin. -->","yoast_head_json":{"title":"J Beverly Hills BLONDE SHAMPOO - Maroc Prix","description":"J Beverly Hills BLONDE SHAMPOO","robots":{"index":"index","follow":"follow","max-snippet":"max-snippet:-1","max-image-preview":"max-image-preview:large","max-video-preview":"max-video-preview:-1"},"canonical":"https:\/\/vitablanca.ma\/ar\/product-2\/j-beverly-hills-blonde-shampoo\/","og_locale":"ar_AR","og_type":"article","og_title":"J Beverly Hills BLONDE SHAMPOO - Maroc Prix","og_description":"J Beverly Hills BLONDE SHAMPOO","og_url":"https:\/\/vitablanca.ma\/ar\/product-2\/j-beverly-hills-blonde-shampoo\/","og_site_name":"Vitablanca.ma &ndash; Sant&eacute;, vitalit&eacute; et bien-&ecirc;tre pour tous les Marocains","article_publisher":"https:\/\/www.facebook.com\/profile.php?id=61576678196717","og_image":[{"width":2048,"height":2048,"url":"https:\/\/vitablanca.ma\/wp-content\/uploads\/2025\/05\/blondeshampoo_12oz.png","type":"image\/png"}],"twitter_card":"summary_large_image","twitter_misc":{"\u0648\u0642\u062a \u0627\u0644\u0642\u0631\u0627\u0621\u0629 \u0627\u0644\u0645\u064f\u0642\u062f\u0651\u0631":"\u062f\u0642\u064a\u0642\u0629 \u0648\u0627\u062d\u062f\u0629"},"schema":{"@context":"https:\/\/schema.org","@graph":[{"@type":["WebPage","ItemPage"],"@id":"https:\/\/vitablanca.ma\/produit\/j-beverly-hills-blonde-shampoo\/","url":"https:\/\/vitablanca.ma\/produit\/j-beverly-hills-blonde-shampoo\/","name":"J Beverly Hills BLONDE SHAMPOO - Maroc Prix","isPartOf":{"@id":"https:\/\/vitablanca.ma\/#website"},"primaryImageOfPage":{"@id":"https:\/\/vitablanca.ma\/produit\/j-beverly-hills-blonde-shampoo\/#primaryimage"},"image":{"@id":"https:\/\/vitablanca.ma\/produit\/j-beverly-hills-blonde-shampoo\/#primaryimage"},"thumbnailUrl":"https:\/\/vitablanca.ma\/wp-content\/uploads\/2025\/05\/blondeshampoo_12oz.png","datePublished":"2025-05-28T22:27:17+00:00","description":"J Beverly Hills BLONDE SHAMPOO","breadcrumb":{"@id":"https:\/\/vitablanca.ma\/produit\/j-beverly-hills-blonde-shampoo\/#breadcrumb"},"inLanguage":"ar","potentialAction":[{"@type":"ReadAction","target":["https:\/\/vitablanca.ma\/produit\/j-beverly-hills-blonde-shampoo\/"]}]},{"@type":"ImageObject","inLanguage":"ar","@id":"https:\/\/vitablanca.ma\/produit\/j-beverly-hills-blonde-shampoo\/#primaryimage","url":"https:\/\/vitablanca.ma\/wp-content\/uploads\/2025\/05\/blondeshampoo_12oz.png","contentUrl":"https:\/\/vitablanca.ma\/wp-content\/uploads\/2025\/05\/blondeshampoo_12oz.png","width":2048,"height":2048},{"@type":"BreadcrumbList","@id":"https:\/\/vitablanca.ma\/produit\/j-beverly-hills-blonde-shampoo\/#breadcrumb","itemListElement":[{"@type":"ListItem","position":1,"name":"Home","item":"https:\/\/vitablanca.ma\/"},{"@type":"ListItem","position":2,"name":"Tous Les Produits","item":"https:\/\/vitablanca.ma\/tous-les-produits\/"},{"@type":"ListItem","position":3,"name":"J Beverly Hills BLONDE SHAMPOO"}]},{"@type":"WebSite","@id":"https:\/\/vitablanca.ma\/#website","url":"https:\/\/vitablanca.ma\/","name":"VitaBlanca.ma | \u0627\u0644\u0645\u0643\u0645\u0644\u0627\u062a \u0627\u0644\u063a\u0630\u0627\u0626\u064a\u0629\u060c \u0627\u0644\u0635\u062d\u0629 \u0648\u0627\u0644\u062c\u0645\u0627\u0644 \u0641\u064a \u0627\u0644\u0645\u063a\u0631\u0628","description":"\u0646\u0628\u064a\u0639 \u0641\u064a\u062a\u0627\u0645\u064a\u0646\u0627\u062a \u0648\u0645\u0643\u0645\u0644\u0627\u062a \u063a\u0630\u0627\u0626\u064a\u0629 \u0641\u0627\u062e\u0631\u0629 \u0645\u0646 \u0627\u0644\u0648\u0644\u0627\u064a\u0627\u062a \u0627\u0644\u0645\u062a\u062d\u062f\u0629 \u0627\u0644\u0623\u0645\u0631\u064a\u0643\u064a\u0629 \u0648\u0643\u0646\u062f\u0627 \u0648\u0646\u064a\u0648\u0632\u064a\u0644\u0646\u062f\u0627 \u0648\u0627\u0644\u0645\u063a\u0631\u0628 (\u0646\u0627\u0648 \u0641\u0648\u062f\u0632\u060c \u0633\u0648\u0644\u062c\u0627\u0631\u060c \u0645\u0627\u0646\u0648\u0643\u0627). \u062a\u0648\u0635\u064a\u0644 \u0633\u0631\u064a\u0639 \u0625\u0644\u0649 \u062c\u0645\u064a\u0639 \u0623\u0646\u062d\u0627\u0621 \u0627\u0644\u0645\u063a\u0631\u0628.","publisher":{"@id":"https:\/\/vitablanca.ma\/#organization"},"alternateName":"VitaBlanca.ma","potentialAction":[{"@type":"SearchAction","target":{"@type":"EntryPoint","urlTemplate":"https:\/\/vitablanca.ma\/?s={search_term_string}"},"query-input":{"@type":"PropertyValueSpecification","valueRequired":true,"valueName":"search_term_string"}}],"inLanguage":"ar"},{"@type":"Organization","@id":"https:\/\/vitablanca.ma\/#organization","name":"\u0641\u064a\u062a\u0627\u0628\u0644\u0627\u0646\u0643\u0627","url":"https:\/\/vitablanca.ma\/","logo":{"@type":"ImageObject","inLanguage":"ar","@id":"https:\/\/vitablanca.ma\/#\/schema\/logo\/image\/","url":"https:\/\/vitablanca.ma\/wp-content\/uploads\/2025\/05\/cropped-vitablanca.png","contentUrl":"https:\/\/vitablanca.ma\/wp-content\/uploads\/2025\/05\/cropped-vitablanca.png","width":360,"height":67,"caption":"VitaBlanca"},"image":{"@id":"https:\/\/vitablanca.ma\/#\/schema\/logo\/image\/"},"sameAs":["https:\/\/www.facebook.com\/profile.php?id=61576678196717","https:\/\/www.tiktok.com\/@vitablanca.ma","https:\/\/www.instagram.com\/vitablanca.ma\/"]}]}},"jetpack_sharing_enabled":true,"_links":{"self":[{"href":"https:\/\/vitablanca.ma\/ar\/wp-json\/wp\/v2\/product\/12846","targetHints":{"allow":["GET"]}}],"collection":[{"href":"https:\/\/vitablanca.ma\/ar\/wp-json\/wp\/v2\/product"}],"about":[{"href":"https:\/\/vitablanca.ma\/ar\/wp-json\/wp\/v2\/types\/product"}],"wp:featuredmedia":[{"embeddable":true,"href":"https:\/\/vitablanca.ma\/ar\/wp-json\/wp\/v2\/media\/12840"}],"wp:attachment":[{"href":"https:\/\/vitablanca.ma\/ar\/wp-json\/wp\/v2\/media?parent=12846"}],"wp:term":[{"taxonomy":"product_brand","embeddable":true,"href":"https:\/\/vitablanca.ma\/ar\/wp-json\/wp\/v2\/product_brand?post=12846"},{"taxonomy":"product_cat","embeddable":true,"href":"https:\/\/vitablanca.ma\/ar\/wp-json\/wp\/v2\/product_cat?post=12846"},{"taxonomy":"product_tag","embeddable":true,"href":"https:\/\/vitablanca.ma\/ar\/wp-json\/wp\/v2\/product_tag?post=12846"}],"curies":[{"name":"wp","href":"https:\/\/api.w.org\/{rel}","templated":true}]}}