{"id":12819,"date":"2025-05-28T22:21:56","date_gmt":"2025-05-28T22:21:56","guid":{"rendered":"https:\/\/vitablanca.ma\/product\/mustela-sac-banane-shampooing-200ml-lait-de-toilette-500ml-creme-de-change-lingettes\/"},"modified":"2025-05-28T22:21:56","modified_gmt":"2025-05-28T22:21:56","slug":"mustela-sac-banane-shampooing-200ml-lait-de-toilette-500ml-creme-de-change-lingettes","status":"publish","type":"product","link":"https:\/\/vitablanca.ma\/ar\/product-2\/mustela-sac-banane-shampooing-200ml-lait-de-toilette-500ml-creme-de-change-lingettes\/","title":{"rendered":"\u062d\u0642\u064a\u0628\u0629 \u062e\u0635\u0631 \u0645\u0648\u0633\u062a\u064a\u0644\u0627 + \u0634\u0627\u0645\u0628\u0648 200 \u0645\u0644 + \u062d\u0644\u064a\u0628 \u0645\u0646\u0638\u0641 500 \u0645\u0644 + \u0643\u0631\u064a\u0645 \u062d\u0641\u0627\u0636\u0627\u062a + \u0645\u0646\u0627\u062f\u064a\u0644"},"content":{"rendered":"<p data-start=\"52\" data-end=\"231\">\u062f\u0644\u0644\u064a \u0637\u0641\u0644\u0643\u0650 \u0628\u0623\u0641\u0636\u0644 \u0639\u0646\u0627\u064a\u0629 \u0645\u0639 \u0645\u062c\u0645\u0648\u0639\u0629 \u0645\u0648\u0633\u062a\u064a\u0644\u0627 \u0627\u0644\u0645\u0635\u0645\u0645\u0629 \u062e\u0635\u064a\u0635\u064b\u0627 \u0644\u062a\u0644\u0628\u064a\u0629 \u0627\u062d\u062a\u064a\u0627\u062c\u0627\u062a \u0628\u0634\u0631\u062a\u0647 \u0627\u0644\u062d\u0633\u0627\u0633\u0629. \u0645\u062b\u0627\u0644\u064a\u0629 \u0644\u0644\u0627\u0633\u062a\u062e\u062f\u0627\u0645 \u0627\u0644\u064a\u0648\u0645\u064a\u060c \u062a\u062a\u0636\u0645\u0646 \u0647\u0630\u0647 \u0627\u0644\u0645\u062c\u0645\u0648\u0639\u0629:<\/p>\n<p data-start=\"233\" data-end=\"857\">\u2714 <strong data-start=\"235\" data-end=\"257\">\u062d\u0642\u064a\u0628\u0629 \u0627\u0644\u062e\u0635\u0631 \u0645\u0648\u0633\u062a\u064a\u0644\u0627<\/strong> - \u0639\u0645\u0644\u064a\u0629 \u0648\u0639\u0635\u0631\u064a\u0629\u060c \u0645\u062b\u0627\u0644\u064a\u0629 \u0644\u062d\u0645\u0644 \u0645\u0633\u062a\u0644\u0632\u0645\u0627\u062a \u0627\u0644\u0637\u0641\u0644 \u0628\u0643\u0644 \u0633\u0647\u0648\u0644\u0629.<br data-start=\"350\" data-end=\"353\">\u2714 <strong data-start=\"355\" data-end=\"380\">\u0634\u0627\u0645\u0628\u0648 \u0644\u0637\u064a\u0641 200 \u0645\u0644<\/strong> - \u064a\u0646\u0638\u0641 \u0634\u0639\u0631 \u0627\u0644\u0637\u0641\u0644 \u0627\u0644\u0646\u0627\u0639\u0645 \u0628\u0644\u0637\u0641 \u0648\u064a\u062d\u0627\u0641\u0638 \u0639\u0644\u0649 \u062a\u0648\u0627\u0632\u0646 \u0641\u0631\u0648\u0629 \u0627\u0644\u0631\u0623\u0633.<br data-start=\"469\" data-end=\"472\" data-is-only-node=\"\">\u2714 <strong data-start=\"474\" data-end=\"500\">\u062d\u0644\u064a\u0628 \u0627\u0644\u062a\u0646\u0638\u064a\u0641 500 \u0645\u0644<\/strong> - \u064a\u0646\u0638\u0641 \u0628\u0634\u0631\u0629 \u0627\u0644\u0637\u0641\u0644 \u0628\u0644\u0637\u0641 \u0645\u0639 \u062a\u0631\u0637\u064a\u0628\u0647\u0627 \u0648\u062a\u0631\u0643\u0647\u0627 \u0646\u0627\u0639\u0645\u0629 \u0648\u0645\u062d\u0645\u064a\u0629.<br data-start=\"595\" data-end=\"598\">\u2714 <strong data-start=\"600\" data-end=\"619\">\u0643\u0631\u064a\u0645 \u0627\u0644\u062d\u0641\u0627\u0636\u0627\u062a<\/strong> - \u064a\u062d\u0645\u064a \u0648\u064a\u0647\u062f\u0626 \u0648\u064a\u0635\u0644\u062d \u0627\u0644\u0628\u0634\u0631\u0629 \u0627\u0644\u0647\u0634\u0629 \u0641\u064a \u0645\u0646\u0637\u0642\u0629 \u0627\u0644\u062d\u0641\u0627\u0636\u0627\u062a \u0636\u062f \u0627\u0644\u062a\u0647\u064a\u062c \u0648\u0627\u0644\u0627\u062d\u0645\u0631\u0627\u0631.<br data-start=\"712\" data-end=\"715\">\u2714 <strong data-start=\"717\" data-end=\"742\">\u0645\u0646\u0627\u062f\u064a\u0644 \u0627\u0644\u062a\u0646\u0638\u064a\u0641<\/strong> - \u0646\u0627\u0639\u0645\u0629 \u0644\u0644\u063a\u0627\u064a\u0629 \u0648\u0644\u0627 \u062a\u062d\u062a\u0627\u062c \u0625\u0644\u0649 \u0634\u0637\u0641\u060c \u0645\u0645\u0627 \u064a\u0636\u0645\u0646 \u062a\u0646\u0638\u064a\u0641\u064b\u0627 \u0633\u0631\u064a\u0639\u064b\u0627 \u0648\u0641\u0639\u0627\u0644\u064b\u0627 \u0644\u0644\u0648\u062c\u0647 \u0648\u0627\u0644\u064a\u062f\u064a\u0646 \u0648\u0627\u0644\u0623\u0631\u062f\u0627\u0641.<\/p>\n<p data-start=\"859\" data-end=\"1023\">\ud83d\udc99 <strong data-start=\"862\" data-end=\"933\">\u0645\u0636\u0627\u062f \u0644\u0644\u062d\u0633\u0627\u0633\u064a\u0629\u060c \u062a\u0645 \u0627\u062e\u062a\u0628\u0627\u0631\u0647 \u062a\u062d\u062a \u0625\u0634\u0631\u0627\u0641 \u0623\u0637\u0628\u0627\u0621 \u0627\u0644\u062c\u0644\u062f\u064a\u0629 \u0648\u0623\u0637\u0628\u0627\u0621 \u0627\u0644\u0623\u0637\u0641\u0627\u0644<\/strong><br data-start=\"933\" data-end=\"936\">\ud83c\udf3f <strong data-start=\"939\" data-end=\"1021\">\u062a\u0631\u0643\u064a\u0628\u0627\u062a \u0645\u0635\u0646\u0648\u0639\u0629 \u0645\u0646 \u0645\u0643\u0648\u0646\u0627\u062a \u0645\u0634\u062a\u0642\u0629 \u0645\u0646 \u0627\u0644\u0637\u0628\u064a\u0639\u0629\u060c \u0648\u062e\u0627\u0644\u064a\u0629 \u0645\u0646 \u0627\u0644\u0628\u0627\u0631\u0627\u0628\u064a\u0646 \u0648\u0627\u0644\u0641\u062b\u0627\u0644\u0627\u062a<\/strong><\/p>\n<p data-start=\"1025\" data-end=\"1102\" data-is-last-node=\"\" data-is-only-node=\"\">\u0645\u062c\u0645\u0648\u0639\u0629 \u0623\u0633\u0627\u0633\u064a\u0629 \u0644\u0644\u0639\u0646\u0627\u064a\u0629 \u0628\u0628\u0634\u0631\u0629 \u0637\u0641\u0644\u0643 \u0641\u064a \u0623\u064a \u0648\u0642\u062a! \ud83d\udc76\u2728<\/p>","protected":false},"excerpt":{"rendered":"<p>Offrez \u00e0 votre b\u00e9b\u00e9 le meilleur des soins avec ce pack Mustela sp\u00e9cialement con\u00e7u pour r\u00e9pondre aux besoins de sa peau d\u00e9licate. Id\u00e9al pour un usage quotidien, ce lot comprend : \u2714 Sac banane Mustela \u2013 Pratique et tendance, parfait pour transporter les essentiels de b\u00e9b\u00e9 en toute simplicit\u00e9.\u2714 Shampooing Doux 200ml \u2013 Nettoie d\u00e9licatement [&hellip;]<\/p>\n","protected":false},"featured_media":12818,"template":"","meta":{"om_disable_all_campaigns":false},"product_brand":[],"product_cat":[15],"product_tag":[],"class_list":{"0":"post-12819","1":"product","2":"type-product","3":"status-publish","4":"has-post-thumbnail","6":"product_cat-beaute-sante-complements-alimentaires-soins-et-bien-etre-au-meilleur-prix","8":"first","9":"instock","10":"taxable","11":"shipping-taxable","12":"purchasable","13":"product-type-simple"},"yoast_head":"<!-- This site is optimized with the Yoast SEO plugin v27.4 - https:\/\/yoast.com\/product\/yoast-seo-wordpress\/ -->\n<title>Mustela sac banane + Shampooing 200ml + lait de toilette 500ml + cr\u00e8me de change + lingettes - Maroc Prix<\/title>\n<meta name=\"description\" content=\"Mustela sac banane + Shampooing 200ml + lait de toilette 500ml + cr\u00e8me de change + lingettes\" \/>\n<meta name=\"robots\" content=\"index, follow, max-snippet:-1, max-image-preview:large, max-video-preview:-1\" \/>\n<link rel=\"canonical\" href=\"https:\/\/vitablanca.ma\/ar\/product-2\/mustela-sac-banane-shampooing-200ml-lait-de-toilette-500ml-creme-de-change-lingettes\/\" \/>\n<meta property=\"og:locale\" content=\"ar_AR\" \/>\n<meta property=\"og:type\" content=\"article\" \/>\n<meta property=\"og:title\" content=\"Mustela sac banane + Shampooing 200ml + lait de toilette 500ml + cr\u00e8me de change + lingettes - Maroc Prix\" \/>\n<meta property=\"og:description\" content=\"Mustela sac banane + Shampooing 200ml + lait de toilette 500ml + cr\u00e8me de change + lingettes\" \/>\n<meta property=\"og:url\" content=\"https:\/\/vitablanca.ma\/ar\/product-2\/mustela-sac-banane-shampooing-200ml-lait-de-toilette-500ml-creme-de-change-lingettes\/\" \/>\n<meta property=\"og:site_name\" content=\"Vitablanca.ma &ndash; Sant&eacute;, vitalit&eacute; et bien-&ecirc;tre pour tous les Marocains\" \/>\n<meta property=\"article:publisher\" content=\"https:\/\/www.facebook.com\/profile.php?id=61576678196717\" \/>\n<meta property=\"og:image\" content=\"https:\/\/vitablanca.ma\/wp-content\/uploads\/2025\/05\/Mustela-sac-banane-Shampooing-200ml-lait-de-toilette-500ml-creme-de-change-lingettes.jpg\" \/>\n\t<meta property=\"og:image:width\" content=\"600\" \/>\n\t<meta property=\"og:image:height\" content=\"600\" \/>\n\t<meta property=\"og:image:type\" content=\"image\/jpeg\" \/>\n<meta name=\"twitter:card\" content=\"summary_large_image\" \/>\n<meta name=\"twitter:label1\" content=\"\u0648\u0642\u062a \u0627\u0644\u0642\u0631\u0627\u0621\u0629 \u0627\u0644\u0645\u064f\u0642\u062f\u0651\u0631\" \/>\n\t<meta name=\"twitter:data1\" content=\"\u062f\u0642\u064a\u0642\u0629 \u0648\u0627\u062d\u062f\u0629\" \/>\n<script type=\"application\/ld+json\" class=\"yoast-schema-graph\">{\"@context\":\"https:\\\/\\\/schema.org\",\"@graph\":[{\"@type\":[\"WebPage\",\"ItemPage\"],\"@id\":\"https:\\\/\\\/vitablanca.ma\\\/produit\\\/mustela-sac-banane-shampooing-200ml-lait-de-toilette-500ml-creme-de-change-lingettes\\\/\",\"url\":\"https:\\\/\\\/vitablanca.ma\\\/produit\\\/mustela-sac-banane-shampooing-200ml-lait-de-toilette-500ml-creme-de-change-lingettes\\\/\",\"name\":\"Mustela sac banane + Shampooing 200ml + lait de toilette 500ml + cr\u00e8me de change + lingettes - Maroc Prix\",\"isPartOf\":{\"@id\":\"https:\\\/\\\/vitablanca.ma\\\/#website\"},\"primaryImageOfPage\":{\"@id\":\"https:\\\/\\\/vitablanca.ma\\\/produit\\\/mustela-sac-banane-shampooing-200ml-lait-de-toilette-500ml-creme-de-change-lingettes\\\/#primaryimage\"},\"image\":{\"@id\":\"https:\\\/\\\/vitablanca.ma\\\/produit\\\/mustela-sac-banane-shampooing-200ml-lait-de-toilette-500ml-creme-de-change-lingettes\\\/#primaryimage\"},\"thumbnailUrl\":\"https:\\\/\\\/vitablanca.ma\\\/wp-content\\\/uploads\\\/2025\\\/05\\\/Mustela-sac-banane-Shampooing-200ml-lait-de-toilette-500ml-creme-de-change-lingettes.jpg\",\"datePublished\":\"2025-05-28T22:21:56+00:00\",\"description\":\"Mustela sac banane + Shampooing 200ml + lait de toilette 500ml + cr\u00e8me de change + lingettes\",\"breadcrumb\":{\"@id\":\"https:\\\/\\\/vitablanca.ma\\\/produit\\\/mustela-sac-banane-shampooing-200ml-lait-de-toilette-500ml-creme-de-change-lingettes\\\/#breadcrumb\"},\"inLanguage\":\"ar\",\"potentialAction\":[{\"@type\":\"ReadAction\",\"target\":[\"https:\\\/\\\/vitablanca.ma\\\/produit\\\/mustela-sac-banane-shampooing-200ml-lait-de-toilette-500ml-creme-de-change-lingettes\\\/\"]}]},{\"@type\":\"ImageObject\",\"inLanguage\":\"ar\",\"@id\":\"https:\\\/\\\/vitablanca.ma\\\/produit\\\/mustela-sac-banane-shampooing-200ml-lait-de-toilette-500ml-creme-de-change-lingettes\\\/#primaryimage\",\"url\":\"https:\\\/\\\/vitablanca.ma\\\/wp-content\\\/uploads\\\/2025\\\/05\\\/Mustela-sac-banane-Shampooing-200ml-lait-de-toilette-500ml-creme-de-change-lingettes.jpg\",\"contentUrl\":\"https:\\\/\\\/vitablanca.ma\\\/wp-content\\\/uploads\\\/2025\\\/05\\\/Mustela-sac-banane-Shampooing-200ml-lait-de-toilette-500ml-creme-de-change-lingettes.jpg\",\"width\":600,\"height\":600},{\"@type\":\"BreadcrumbList\",\"@id\":\"https:\\\/\\\/vitablanca.ma\\\/produit\\\/mustela-sac-banane-shampooing-200ml-lait-de-toilette-500ml-creme-de-change-lingettes\\\/#breadcrumb\",\"itemListElement\":[{\"@type\":\"ListItem\",\"position\":1,\"name\":\"Home\",\"item\":\"https:\\\/\\\/vitablanca.ma\\\/\"},{\"@type\":\"ListItem\",\"position\":2,\"name\":\"Tous Les Produits\",\"item\":\"https:\\\/\\\/vitablanca.ma\\\/tous-les-produits\\\/\"},{\"@type\":\"ListItem\",\"position\":3,\"name\":\"Mustela sac banane + Shampooing 200ml + lait de toilette 500ml + cr\u00e8me de change + lingettes\"}]},{\"@type\":\"WebSite\",\"@id\":\"https:\\\/\\\/vitablanca.ma\\\/#website\",\"url\":\"https:\\\/\\\/vitablanca.ma\\\/\",\"name\":\"VitaBlanca.ma | Compl\u00e9ments alimentaires, sant\u00e9 & beaut\u00e9 au Maroc\",\"description\":\"vendre vitamines et compl\u00e9ments premium des USA &amp; Canada, Nouvelle Z\u00e9lande,Maroc (NOW Foods, Solgar, Manuka). Livraison rapide partout au Maroc.\",\"publisher\":{\"@id\":\"https:\\\/\\\/vitablanca.ma\\\/#organization\"},\"alternateName\":\"VitaBlanca.ma\",\"potentialAction\":[{\"@type\":\"SearchAction\",\"target\":{\"@type\":\"EntryPoint\",\"urlTemplate\":\"https:\\\/\\\/vitablanca.ma\\\/?s={search_term_string}\"},\"query-input\":{\"@type\":\"PropertyValueSpecification\",\"valueRequired\":true,\"valueName\":\"search_term_string\"}}],\"inLanguage\":\"ar\"},{\"@type\":\"Organization\",\"@id\":\"https:\\\/\\\/vitablanca.ma\\\/#organization\",\"name\":\"VitaBlanca\",\"url\":\"https:\\\/\\\/vitablanca.ma\\\/\",\"logo\":{\"@type\":\"ImageObject\",\"inLanguage\":\"ar\",\"@id\":\"https:\\\/\\\/vitablanca.ma\\\/#\\\/schema\\\/logo\\\/image\\\/\",\"url\":\"https:\\\/\\\/vitablanca.ma\\\/wp-content\\\/uploads\\\/2025\\\/05\\\/cropped-vitablanca.png\",\"contentUrl\":\"https:\\\/\\\/vitablanca.ma\\\/wp-content\\\/uploads\\\/2025\\\/05\\\/cropped-vitablanca.png\",\"width\":360,\"height\":67,\"caption\":\"VitaBlanca\"},\"image\":{\"@id\":\"https:\\\/\\\/vitablanca.ma\\\/#\\\/schema\\\/logo\\\/image\\\/\"},\"sameAs\":[\"https:\\\/\\\/www.facebook.com\\\/profile.php?id=61576678196717\",\"https:\\\/\\\/www.tiktok.com\\\/@vitablanca.ma\",\"https:\\\/\\\/www.instagram.com\\\/vitablanca.ma\\\/\"]}]}<\/script>\n<!-- \/ Yoast SEO plugin. -->","yoast_head_json":{"title":"\u062d\u0642\u064a\u0628\u0629 \u0645\u0648\u0633\u062a\u064a\u0644\u0627 + \u0634\u0627\u0645\u0628\u0648 200 \u0645\u0644 + \u062d\u0644\u064a\u0628 \u0645\u0646\u0638\u0641 500 \u0645\u0644 + \u0643\u0631\u064a\u0645 \u062d\u0641\u0627\u0636\u0627\u062a + \u0645\u0646\u0627\u062f\u064a\u0644 - \u0633\u0639\u0631 \u0627\u0644\u0645\u063a\u0631\u0628","description":"\u062d\u0642\u064a\u0628\u0629 \u062e\u0635\u0631 \u0645\u0648\u0633\u062a\u064a\u0644\u0627 + \u0634\u0627\u0645\u0628\u0648 200 \u0645\u0644 + \u062d\u0644\u064a\u0628 \u0645\u0646\u0638\u0641 500 \u0645\u0644 + \u0643\u0631\u064a\u0645 \u062d\u0641\u0627\u0636\u0627\u062a + \u0645\u0646\u0627\u062f\u064a\u0644","robots":{"index":"index","follow":"follow","max-snippet":"max-snippet:-1","max-image-preview":"max-image-preview:large","max-video-preview":"max-video-preview:-1"},"canonical":"https:\/\/vitablanca.ma\/ar\/product-2\/mustela-sac-banane-shampooing-200ml-lait-de-toilette-500ml-creme-de-change-lingettes\/","og_locale":"ar_AR","og_type":"article","og_title":"Mustela sac banane + Shampooing 200ml + lait de toilette 500ml + cr\u00e8me de change + lingettes - Maroc Prix","og_description":"Mustela sac banane + Shampooing 200ml + lait de toilette 500ml + cr\u00e8me de change + lingettes","og_url":"https:\/\/vitablanca.ma\/ar\/product-2\/mustela-sac-banane-shampooing-200ml-lait-de-toilette-500ml-creme-de-change-lingettes\/","og_site_name":"Vitablanca.ma &ndash; Sant&eacute;, vitalit&eacute; et bien-&ecirc;tre pour tous les Marocains","article_publisher":"https:\/\/www.facebook.com\/profile.php?id=61576678196717","og_image":[{"width":600,"height":600,"url":"https:\/\/vitablanca.ma\/wp-content\/uploads\/2025\/05\/Mustela-sac-banane-Shampooing-200ml-lait-de-toilette-500ml-creme-de-change-lingettes.jpg","type":"image\/jpeg"}],"twitter_card":"summary_large_image","twitter_misc":{"\u0648\u0642\u062a \u0627\u0644\u0642\u0631\u0627\u0621\u0629 \u0627\u0644\u0645\u064f\u0642\u062f\u0651\u0631":"\u062f\u0642\u064a\u0642\u0629 \u0648\u0627\u062d\u062f\u0629"},"schema":{"@context":"https:\/\/schema.org","@graph":[{"@type":["WebPage","ItemPage"],"@id":"https:\/\/vitablanca.ma\/produit\/mustela-sac-banane-shampooing-200ml-lait-de-toilette-500ml-creme-de-change-lingettes\/","url":"https:\/\/vitablanca.ma\/produit\/mustela-sac-banane-shampooing-200ml-lait-de-toilette-500ml-creme-de-change-lingettes\/","name":"\u062d\u0642\u064a\u0628\u0629 \u0645\u0648\u0633\u062a\u064a\u0644\u0627 + \u0634\u0627\u0645\u0628\u0648 200 \u0645\u0644 + \u062d\u0644\u064a\u0628 \u0645\u0646\u0638\u0641 500 \u0645\u0644 + \u0643\u0631\u064a\u0645 \u062d\u0641\u0627\u0636\u0627\u062a + \u0645\u0646\u0627\u062f\u064a\u0644 - \u0633\u0639\u0631 \u0627\u0644\u0645\u063a\u0631\u0628","isPartOf":{"@id":"https:\/\/vitablanca.ma\/#website"},"primaryImageOfPage":{"@id":"https:\/\/vitablanca.ma\/produit\/mustela-sac-banane-shampooing-200ml-lait-de-toilette-500ml-creme-de-change-lingettes\/#primaryimage"},"image":{"@id":"https:\/\/vitablanca.ma\/produit\/mustela-sac-banane-shampooing-200ml-lait-de-toilette-500ml-creme-de-change-lingettes\/#primaryimage"},"thumbnailUrl":"https:\/\/vitablanca.ma\/wp-content\/uploads\/2025\/05\/Mustela-sac-banane-Shampooing-200ml-lait-de-toilette-500ml-creme-de-change-lingettes.jpg","datePublished":"2025-05-28T22:21:56+00:00","description":"\u062d\u0642\u064a\u0628\u0629 \u062e\u0635\u0631 \u0645\u0648\u0633\u062a\u064a\u0644\u0627 + \u0634\u0627\u0645\u0628\u0648 200 \u0645\u0644 + \u062d\u0644\u064a\u0628 \u0645\u0646\u0638\u0641 500 \u0645\u0644 + \u0643\u0631\u064a\u0645 \u062d\u0641\u0627\u0636\u0627\u062a + \u0645\u0646\u0627\u062f\u064a\u0644","breadcrumb":{"@id":"https:\/\/vitablanca.ma\/produit\/mustela-sac-banane-shampooing-200ml-lait-de-toilette-500ml-creme-de-change-lingettes\/#breadcrumb"},"inLanguage":"ar","potentialAction":[{"@type":"ReadAction","target":["https:\/\/vitablanca.ma\/produit\/mustela-sac-banane-shampooing-200ml-lait-de-toilette-500ml-creme-de-change-lingettes\/"]}]},{"@type":"ImageObject","inLanguage":"ar","@id":"https:\/\/vitablanca.ma\/produit\/mustela-sac-banane-shampooing-200ml-lait-de-toilette-500ml-creme-de-change-lingettes\/#primaryimage","url":"https:\/\/vitablanca.ma\/wp-content\/uploads\/2025\/05\/Mustela-sac-banane-Shampooing-200ml-lait-de-toilette-500ml-creme-de-change-lingettes.jpg","contentUrl":"https:\/\/vitablanca.ma\/wp-content\/uploads\/2025\/05\/Mustela-sac-banane-Shampooing-200ml-lait-de-toilette-500ml-creme-de-change-lingettes.jpg","width":600,"height":600},{"@type":"BreadcrumbList","@id":"https:\/\/vitablanca.ma\/produit\/mustela-sac-banane-shampooing-200ml-lait-de-toilette-500ml-creme-de-change-lingettes\/#breadcrumb","itemListElement":[{"@type":"ListItem","position":1,"name":"Home","item":"https:\/\/vitablanca.ma\/"},{"@type":"ListItem","position":2,"name":"Tous Les Produits","item":"https:\/\/vitablanca.ma\/tous-les-produits\/"},{"@type":"ListItem","position":3,"name":"Mustela sac banane + Shampooing 200ml + lait de toilette 500ml + cr\u00e8me de change + lingettes"}]},{"@type":"WebSite","@id":"https:\/\/vitablanca.ma\/#website","url":"https:\/\/vitablanca.ma\/","name":"VitaBlanca.ma | \u0627\u0644\u0645\u0643\u0645\u0644\u0627\u062a \u0627\u0644\u063a\u0630\u0627\u0626\u064a\u0629\u060c \u0627\u0644\u0635\u062d\u0629 \u0648\u0627\u0644\u062c\u0645\u0627\u0644 \u0641\u064a \u0627\u0644\u0645\u063a\u0631\u0628","description":"\u0646\u0628\u064a\u0639 \u0641\u064a\u062a\u0627\u0645\u064a\u0646\u0627\u062a \u0648\u0645\u0643\u0645\u0644\u0627\u062a \u063a\u0630\u0627\u0626\u064a\u0629 \u0641\u0627\u062e\u0631\u0629 \u0645\u0646 \u0627\u0644\u0648\u0644\u0627\u064a\u0627\u062a \u0627\u0644\u0645\u062a\u062d\u062f\u0629 \u0627\u0644\u0623\u0645\u0631\u064a\u0643\u064a\u0629 \u0648\u0643\u0646\u062f\u0627 \u0648\u0646\u064a\u0648\u0632\u064a\u0644\u0646\u062f\u0627 \u0648\u0627\u0644\u0645\u063a\u0631\u0628 (\u0646\u0627\u0648 \u0641\u0648\u062f\u0632\u060c \u0633\u0648\u0644\u062c\u0627\u0631\u060c \u0645\u0627\u0646\u0648\u0643\u0627). \u062a\u0648\u0635\u064a\u0644 \u0633\u0631\u064a\u0639 \u0625\u0644\u0649 \u062c\u0645\u064a\u0639 \u0623\u0646\u062d\u0627\u0621 \u0627\u0644\u0645\u063a\u0631\u0628.","publisher":{"@id":"https:\/\/vitablanca.ma\/#organization"},"alternateName":"VitaBlanca.ma","potentialAction":[{"@type":"SearchAction","target":{"@type":"EntryPoint","urlTemplate":"https:\/\/vitablanca.ma\/?s={search_term_string}"},"query-input":{"@type":"PropertyValueSpecification","valueRequired":true,"valueName":"search_term_string"}}],"inLanguage":"ar"},{"@type":"Organization","@id":"https:\/\/vitablanca.ma\/#organization","name":"\u0641\u064a\u062a\u0627\u0628\u0644\u0627\u0646\u0643\u0627","url":"https:\/\/vitablanca.ma\/","logo":{"@type":"ImageObject","inLanguage":"ar","@id":"https:\/\/vitablanca.ma\/#\/schema\/logo\/image\/","url":"https:\/\/vitablanca.ma\/wp-content\/uploads\/2025\/05\/cropped-vitablanca.png","contentUrl":"https:\/\/vitablanca.ma\/wp-content\/uploads\/2025\/05\/cropped-vitablanca.png","width":360,"height":67,"caption":"VitaBlanca"},"image":{"@id":"https:\/\/vitablanca.ma\/#\/schema\/logo\/image\/"},"sameAs":["https:\/\/www.facebook.com\/profile.php?id=61576678196717","https:\/\/www.tiktok.com\/@vitablanca.ma","https:\/\/www.instagram.com\/vitablanca.ma\/"]}]}},"jetpack_sharing_enabled":true,"_links":{"self":[{"href":"https:\/\/vitablanca.ma\/ar\/wp-json\/wp\/v2\/product\/12819","targetHints":{"allow":["GET"]}}],"collection":[{"href":"https:\/\/vitablanca.ma\/ar\/wp-json\/wp\/v2\/product"}],"about":[{"href":"https:\/\/vitablanca.ma\/ar\/wp-json\/wp\/v2\/types\/product"}],"wp:featuredmedia":[{"embeddable":true,"href":"https:\/\/vitablanca.ma\/ar\/wp-json\/wp\/v2\/media\/12818"}],"wp:attachment":[{"href":"https:\/\/vitablanca.ma\/ar\/wp-json\/wp\/v2\/media?parent=12819"}],"wp:term":[{"taxonomy":"product_brand","embeddable":true,"href":"https:\/\/vitablanca.ma\/ar\/wp-json\/wp\/v2\/product_brand?post=12819"},{"taxonomy":"product_cat","embeddable":true,"href":"https:\/\/vitablanca.ma\/ar\/wp-json\/wp\/v2\/product_cat?post=12819"},{"taxonomy":"product_tag","embeddable":true,"href":"https:\/\/vitablanca.ma\/ar\/wp-json\/wp\/v2\/product_tag?post=12819"}],"curies":[{"name":"wp","href":"https:\/\/api.w.org\/{rel}","templated":true}]}}