{"id":12795,"date":"2025-05-28T22:20:49","date_gmt":"2025-05-28T22:20:49","guid":{"rendered":"https:\/\/vitablanca.ma\/product\/kerastase-genesis-bain-hydra-fortifiant-500-ml\/"},"modified":"2025-11-13T13:17:59","modified_gmt":"2025-11-13T13:17:59","slug":"kerastase-genesis-bain-hydra-fortifiant-500-ml","status":"publish","type":"product","link":"https:\/\/vitablanca.ma\/ar\/product-2\/kerastase-genesis-bain-hydra-fortifiant-500-ml\/","title":{"rendered":"\u0643\u064a\u0631\u0627\u0633\u062a\u0627\u0633 \u062c\u064a\u0646\u064a\u0633\u064a\u0633 \u0647\u064a\u062f\u0631\u0627 \u0641\u0648\u0631\u062a\u064a\u0641\u064a\u0627\u0646\u062a \u062d\u0645\u0627\u0645 500 \u0645\u0644"},"content":{"rendered":"<p>Une combinaison unique de racine de gingembre et cellules natives d\u2019Edelweiss.<br \/>\nLa racine de gingembre prot\u00e8ge les cheveux des agressions ext\u00e9rieures. Les cellules natives d\u2019Edelweiss sont connues pour leurs propri\u00e9t\u00e9s antioxydantes et leur pouvoir de pr\u00e9servation du collag\u00e8ne. La fleur d\u2019Edelweiss porte le surnom de \u00ab Reine des montagnes \u00bb pour sa capacit\u00e9 \u00e0 pousser dans les conditions les plus extr\u00eames. Shampooing fortifiant anti-chute pour cheveux fragiles, ayant tendance \u00e0 tomber. Sa formule d\u00e9licate et sensorielle est con\u00e7ue pour les cheveux fins et\/ou \u00e0 tendance grasse pour \u00e9liminer l\u2019exc\u00e8s de s\u00e9bum et les impuret\u00e9s du cuir chevelu. Il nettoie en douceur et renforce la fibre capillaire pour une r\u00e9duire la chute de cheveux li\u00e9e \u00e0 la casse. Les cheveux sont hydrat\u00e9s des racines jusqu\u2019aux pointes et d\u2019une l\u00e9g\u00e8ret\u00e9 incomparable. Enrichie en racine de gingembre et cellules natives d\u2019Edelweiss, cette formule fortifie la fibre pour la rendre plus forte, plus belle, et de nouveau en pleine sant\u00e9. Appliquer le shampooing en petite quantit\u00e9 sur cheveux mouill\u00e9s puis \u00e9mulsionner.<\/p>","protected":false},"excerpt":{"rendered":"<p>Une combinaison unique de racine de gingembre et cellules natives d\u2019Edelweiss. La racine de gingembre prot\u00e8ge les cheveux des agressions ext\u00e9rieures. Les cellules natives d\u2019Edelweiss sont connues pour leurs propri\u00e9t\u00e9s antioxydantes et leur pouvoir de pr\u00e9servation du collag\u00e8ne. La fleur d\u2019Edelweiss porte le surnom de \u00ab Reine des montagnes \u00bb pour sa capacit\u00e9 \u00e0 pousser [&hellip;]<\/p>\n","protected":false},"featured_media":12794,"template":"","meta":{"om_disable_all_campaigns":false},"product_brand":[],"product_cat":[15],"product_tag":[],"class_list":{"0":"post-12795","1":"product","2":"type-product","3":"status-publish","4":"has-post-thumbnail","6":"product_cat-beaute-sante-complements-alimentaires-soins-et-bien-etre-au-meilleur-prix","8":"first","9":"instock","10":"taxable","11":"shipping-taxable","12":"purchasable","13":"product-type-simple"},"yoast_head":"<!-- This site is optimized with the Yoast SEO plugin v27.5 - https:\/\/yoast.com\/product\/yoast-seo-wordpress\/ -->\n<title>KERASTASE GENESIS BAIN HYDRA FORTIFIANT 500 ML - Maroc Prix<\/title>\n<meta name=\"description\" content=\"KERASTASE GENESIS BAIN HYDRA FORTIFIANT 500 ML\" \/>\n<meta name=\"robots\" content=\"index, follow, max-snippet:-1, max-image-preview:large, max-video-preview:-1\" \/>\n<link rel=\"canonical\" href=\"https:\/\/vitablanca.ma\/ar\/product-2\/kerastase-genesis-bain-hydra-fortifiant-500-ml\/\" \/>\n<meta property=\"og:locale\" content=\"ar_AR\" \/>\n<meta property=\"og:type\" content=\"article\" \/>\n<meta property=\"og:title\" content=\"KERASTASE GENESIS BAIN HYDRA FORTIFIANT 500 ML - Maroc Prix\" \/>\n<meta property=\"og:description\" content=\"KERASTASE GENESIS BAIN HYDRA FORTIFIANT 500 ML\" \/>\n<meta property=\"og:url\" content=\"https:\/\/vitablanca.ma\/ar\/product-2\/kerastase-genesis-bain-hydra-fortifiant-500-ml\/\" \/>\n<meta property=\"og:site_name\" content=\"Vitablanca.ma &ndash; Sant&eacute;, vitalit&eacute; et bien-&ecirc;tre pour tous les Marocains\" \/>\n<meta property=\"article:publisher\" content=\"https:\/\/www.facebook.com\/profile.php?id=61576678196717\" \/>\n<meta property=\"article:modified_time\" content=\"2025-11-13T13:17:59+00:00\" \/>\n<meta property=\"og:image\" content=\"https:\/\/vitablanca.ma\/wp-content\/uploads\/2025\/05\/GENESIS.jpg\" \/>\n\t<meta property=\"og:image:width\" content=\"800\" \/>\n\t<meta property=\"og:image:height\" content=\"800\" \/>\n\t<meta property=\"og:image:type\" content=\"image\/jpeg\" \/>\n<meta name=\"twitter:card\" content=\"summary_large_image\" \/>\n<meta name=\"twitter:label1\" content=\"\u0648\u0642\u062a \u0627\u0644\u0642\u0631\u0627\u0621\u0629 \u0627\u0644\u0645\u064f\u0642\u062f\u0651\u0631\" \/>\n\t<meta name=\"twitter:data1\" content=\"\u062f\u0642\u064a\u0642\u0629 \u0648\u0627\u062d\u062f\u0629\" \/>\n<script type=\"application\/ld+json\" class=\"yoast-schema-graph\">{\"@context\":\"https:\\\/\\\/schema.org\",\"@graph\":[{\"@type\":[\"WebPage\",\"ItemPage\"],\"@id\":\"https:\\\/\\\/vitablanca.ma\\\/produit\\\/kerastase-genesis-bain-hydra-fortifiant-500-ml\\\/\",\"url\":\"https:\\\/\\\/vitablanca.ma\\\/produit\\\/kerastase-genesis-bain-hydra-fortifiant-500-ml\\\/\",\"name\":\"KERASTASE GENESIS BAIN HYDRA FORTIFIANT 500 ML - Maroc Prix\",\"isPartOf\":{\"@id\":\"https:\\\/\\\/vitablanca.ma\\\/#website\"},\"primaryImageOfPage\":{\"@id\":\"https:\\\/\\\/vitablanca.ma\\\/produit\\\/kerastase-genesis-bain-hydra-fortifiant-500-ml\\\/#primaryimage\"},\"image\":{\"@id\":\"https:\\\/\\\/vitablanca.ma\\\/produit\\\/kerastase-genesis-bain-hydra-fortifiant-500-ml\\\/#primaryimage\"},\"thumbnailUrl\":\"https:\\\/\\\/vitablanca.ma\\\/wp-content\\\/uploads\\\/2025\\\/05\\\/GENESIS.jpg\",\"datePublished\":\"2025-05-28T22:20:49+00:00\",\"dateModified\":\"2025-11-13T13:17:59+00:00\",\"description\":\"KERASTASE GENESIS BAIN HYDRA FORTIFIANT 500 ML\",\"breadcrumb\":{\"@id\":\"https:\\\/\\\/vitablanca.ma\\\/produit\\\/kerastase-genesis-bain-hydra-fortifiant-500-ml\\\/#breadcrumb\"},\"inLanguage\":\"ar\",\"potentialAction\":[{\"@type\":\"ReadAction\",\"target\":[\"https:\\\/\\\/vitablanca.ma\\\/produit\\\/kerastase-genesis-bain-hydra-fortifiant-500-ml\\\/\"]}]},{\"@type\":\"ImageObject\",\"inLanguage\":\"ar\",\"@id\":\"https:\\\/\\\/vitablanca.ma\\\/produit\\\/kerastase-genesis-bain-hydra-fortifiant-500-ml\\\/#primaryimage\",\"url\":\"https:\\\/\\\/vitablanca.ma\\\/wp-content\\\/uploads\\\/2025\\\/05\\\/GENESIS.jpg\",\"contentUrl\":\"https:\\\/\\\/vitablanca.ma\\\/wp-content\\\/uploads\\\/2025\\\/05\\\/GENESIS.jpg\",\"width\":800,\"height\":800},{\"@type\":\"BreadcrumbList\",\"@id\":\"https:\\\/\\\/vitablanca.ma\\\/produit\\\/kerastase-genesis-bain-hydra-fortifiant-500-ml\\\/#breadcrumb\",\"itemListElement\":[{\"@type\":\"ListItem\",\"position\":1,\"name\":\"Home\",\"item\":\"https:\\\/\\\/vitablanca.ma\\\/\"},{\"@type\":\"ListItem\",\"position\":2,\"name\":\"Tous Les Produits\",\"item\":\"https:\\\/\\\/vitablanca.ma\\\/tous-les-produits\\\/\"},{\"@type\":\"ListItem\",\"position\":3,\"name\":\"KERASTASE GENESIS BAIN HYDRA FORTIFIANT 500 ML\"}]},{\"@type\":\"WebSite\",\"@id\":\"https:\\\/\\\/vitablanca.ma\\\/#website\",\"url\":\"https:\\\/\\\/vitablanca.ma\\\/\",\"name\":\"VitaBlanca.ma | Compl\u00e9ments alimentaires, sant\u00e9 & beaut\u00e9 au Maroc\",\"description\":\"vendre vitamines et compl\u00e9ments premium des USA &amp; Canada, Nouvelle Z\u00e9lande,Maroc (NOW Foods, Solgar, Manuka). Livraison rapide partout au Maroc.\",\"publisher\":{\"@id\":\"https:\\\/\\\/vitablanca.ma\\\/#organization\"},\"alternateName\":\"VitaBlanca.ma\",\"potentialAction\":[{\"@type\":\"SearchAction\",\"target\":{\"@type\":\"EntryPoint\",\"urlTemplate\":\"https:\\\/\\\/vitablanca.ma\\\/?s={search_term_string}\"},\"query-input\":{\"@type\":\"PropertyValueSpecification\",\"valueRequired\":true,\"valueName\":\"search_term_string\"}}],\"inLanguage\":\"ar\"},{\"@type\":\"Organization\",\"@id\":\"https:\\\/\\\/vitablanca.ma\\\/#organization\",\"name\":\"VitaBlanca\",\"url\":\"https:\\\/\\\/vitablanca.ma\\\/\",\"logo\":{\"@type\":\"ImageObject\",\"inLanguage\":\"ar\",\"@id\":\"https:\\\/\\\/vitablanca.ma\\\/#\\\/schema\\\/logo\\\/image\\\/\",\"url\":\"https:\\\/\\\/vitablanca.ma\\\/wp-content\\\/uploads\\\/2025\\\/05\\\/cropped-vitablanca.png\",\"contentUrl\":\"https:\\\/\\\/vitablanca.ma\\\/wp-content\\\/uploads\\\/2025\\\/05\\\/cropped-vitablanca.png\",\"width\":360,\"height\":67,\"caption\":\"VitaBlanca\"},\"image\":{\"@id\":\"https:\\\/\\\/vitablanca.ma\\\/#\\\/schema\\\/logo\\\/image\\\/\"},\"sameAs\":[\"https:\\\/\\\/www.facebook.com\\\/profile.php?id=61576678196717\",\"https:\\\/\\\/www.tiktok.com\\\/@vitablanca.ma\",\"https:\\\/\\\/www.instagram.com\\\/vitablanca.ma\\\/\"]}]}<\/script>\n<!-- \/ Yoast SEO plugin. -->","yoast_head_json":{"title":"KERASTASE GENESIS BAIN HYDRA FORTIFIANT 500 ML - Maroc Prix","description":"\u0643\u064a\u0631\u0627\u0633\u062a\u0627\u0633 \u062c\u064a\u0646\u064a\u0633\u064a\u0633 \u0647\u064a\u062f\u0631\u0627 \u0641\u0648\u0631\u062a\u064a\u0641\u064a\u0627\u0646\u062a \u062d\u0645\u0627\u0645 500 \u0645\u0644","robots":{"index":"index","follow":"follow","max-snippet":"max-snippet:-1","max-image-preview":"max-image-preview:large","max-video-preview":"max-video-preview:-1"},"canonical":"https:\/\/vitablanca.ma\/ar\/product-2\/kerastase-genesis-bain-hydra-fortifiant-500-ml\/","og_locale":"ar_AR","og_type":"article","og_title":"KERASTASE GENESIS BAIN HYDRA FORTIFIANT 500 ML - Maroc Prix","og_description":"KERASTASE GENESIS BAIN HYDRA FORTIFIANT 500 ML","og_url":"https:\/\/vitablanca.ma\/ar\/product-2\/kerastase-genesis-bain-hydra-fortifiant-500-ml\/","og_site_name":"Vitablanca.ma &ndash; Sant&eacute;, vitalit&eacute; et bien-&ecirc;tre pour tous les Marocains","article_publisher":"https:\/\/www.facebook.com\/profile.php?id=61576678196717","article_modified_time":"2025-11-13T13:17:59+00:00","og_image":[{"width":800,"height":800,"url":"https:\/\/vitablanca.ma\/wp-content\/uploads\/2025\/05\/GENESIS.jpg","type":"image\/jpeg"}],"twitter_card":"summary_large_image","twitter_misc":{"\u0648\u0642\u062a \u0627\u0644\u0642\u0631\u0627\u0621\u0629 \u0627\u0644\u0645\u064f\u0642\u062f\u0651\u0631":"\u062f\u0642\u064a\u0642\u0629 \u0648\u0627\u062d\u062f\u0629"},"schema":{"@context":"https:\/\/schema.org","@graph":[{"@type":["WebPage","ItemPage"],"@id":"https:\/\/vitablanca.ma\/produit\/kerastase-genesis-bain-hydra-fortifiant-500-ml\/","url":"https:\/\/vitablanca.ma\/produit\/kerastase-genesis-bain-hydra-fortifiant-500-ml\/","name":"KERASTASE GENESIS BAIN HYDRA FORTIFIANT 500 ML - Maroc Prix","isPartOf":{"@id":"https:\/\/vitablanca.ma\/#website"},"primaryImageOfPage":{"@id":"https:\/\/vitablanca.ma\/produit\/kerastase-genesis-bain-hydra-fortifiant-500-ml\/#primaryimage"},"image":{"@id":"https:\/\/vitablanca.ma\/produit\/kerastase-genesis-bain-hydra-fortifiant-500-ml\/#primaryimage"},"thumbnailUrl":"https:\/\/vitablanca.ma\/wp-content\/uploads\/2025\/05\/GENESIS.jpg","datePublished":"2025-05-28T22:20:49+00:00","dateModified":"2025-11-13T13:17:59+00:00","description":"\u0643\u064a\u0631\u0627\u0633\u062a\u0627\u0633 \u062c\u064a\u0646\u064a\u0633\u064a\u0633 \u0647\u064a\u062f\u0631\u0627 \u0641\u0648\u0631\u062a\u064a\u0641\u064a\u0627\u0646\u062a \u062d\u0645\u0627\u0645 500 \u0645\u0644","breadcrumb":{"@id":"https:\/\/vitablanca.ma\/produit\/kerastase-genesis-bain-hydra-fortifiant-500-ml\/#breadcrumb"},"inLanguage":"ar","potentialAction":[{"@type":"ReadAction","target":["https:\/\/vitablanca.ma\/produit\/kerastase-genesis-bain-hydra-fortifiant-500-ml\/"]}]},{"@type":"ImageObject","inLanguage":"ar","@id":"https:\/\/vitablanca.ma\/produit\/kerastase-genesis-bain-hydra-fortifiant-500-ml\/#primaryimage","url":"https:\/\/vitablanca.ma\/wp-content\/uploads\/2025\/05\/GENESIS.jpg","contentUrl":"https:\/\/vitablanca.ma\/wp-content\/uploads\/2025\/05\/GENESIS.jpg","width":800,"height":800},{"@type":"BreadcrumbList","@id":"https:\/\/vitablanca.ma\/produit\/kerastase-genesis-bain-hydra-fortifiant-500-ml\/#breadcrumb","itemListElement":[{"@type":"ListItem","position":1,"name":"Home","item":"https:\/\/vitablanca.ma\/"},{"@type":"ListItem","position":2,"name":"Tous Les Produits","item":"https:\/\/vitablanca.ma\/tous-les-produits\/"},{"@type":"ListItem","position":3,"name":"KERASTASE GENESIS BAIN HYDRA FORTIFIANT 500 ML"}]},{"@type":"WebSite","@id":"https:\/\/vitablanca.ma\/#website","url":"https:\/\/vitablanca.ma\/","name":"VitaBlanca.ma | \u0627\u0644\u0645\u0643\u0645\u0644\u0627\u062a \u0627\u0644\u063a\u0630\u0627\u0626\u064a\u0629\u060c \u0627\u0644\u0635\u062d\u0629 \u0648\u0627\u0644\u062c\u0645\u0627\u0644 \u0641\u064a \u0627\u0644\u0645\u063a\u0631\u0628","description":"\u0646\u0628\u064a\u0639 \u0641\u064a\u062a\u0627\u0645\u064a\u0646\u0627\u062a \u0648\u0645\u0643\u0645\u0644\u0627\u062a \u063a\u0630\u0627\u0626\u064a\u0629 \u0641\u0627\u062e\u0631\u0629 \u0645\u0646 \u0627\u0644\u0648\u0644\u0627\u064a\u0627\u062a \u0627\u0644\u0645\u062a\u062d\u062f\u0629 \u0627\u0644\u0623\u0645\u0631\u064a\u0643\u064a\u0629 \u0648\u0643\u0646\u062f\u0627 \u0648\u0646\u064a\u0648\u0632\u064a\u0644\u0646\u062f\u0627 \u0648\u0627\u0644\u0645\u063a\u0631\u0628 (\u0646\u0627\u0648 \u0641\u0648\u062f\u0632\u060c \u0633\u0648\u0644\u062c\u0627\u0631\u060c \u0645\u0627\u0646\u0648\u0643\u0627). \u062a\u0648\u0635\u064a\u0644 \u0633\u0631\u064a\u0639 \u0625\u0644\u0649 \u062c\u0645\u064a\u0639 \u0623\u0646\u062d\u0627\u0621 \u0627\u0644\u0645\u063a\u0631\u0628.","publisher":{"@id":"https:\/\/vitablanca.ma\/#organization"},"alternateName":"VitaBlanca.ma","potentialAction":[{"@type":"SearchAction","target":{"@type":"EntryPoint","urlTemplate":"https:\/\/vitablanca.ma\/?s={search_term_string}"},"query-input":{"@type":"PropertyValueSpecification","valueRequired":true,"valueName":"search_term_string"}}],"inLanguage":"ar"},{"@type":"Organization","@id":"https:\/\/vitablanca.ma\/#organization","name":"\u0641\u064a\u062a\u0627\u0628\u0644\u0627\u0646\u0643\u0627","url":"https:\/\/vitablanca.ma\/","logo":{"@type":"ImageObject","inLanguage":"ar","@id":"https:\/\/vitablanca.ma\/#\/schema\/logo\/image\/","url":"https:\/\/vitablanca.ma\/wp-content\/uploads\/2025\/05\/cropped-vitablanca.png","contentUrl":"https:\/\/vitablanca.ma\/wp-content\/uploads\/2025\/05\/cropped-vitablanca.png","width":360,"height":67,"caption":"VitaBlanca"},"image":{"@id":"https:\/\/vitablanca.ma\/#\/schema\/logo\/image\/"},"sameAs":["https:\/\/www.facebook.com\/profile.php?id=61576678196717","https:\/\/www.tiktok.com\/@vitablanca.ma","https:\/\/www.instagram.com\/vitablanca.ma\/"]}]}},"jetpack_sharing_enabled":true,"_links":{"self":[{"href":"https:\/\/vitablanca.ma\/ar\/wp-json\/wp\/v2\/product\/12795","targetHints":{"allow":["GET"]}}],"collection":[{"href":"https:\/\/vitablanca.ma\/ar\/wp-json\/wp\/v2\/product"}],"about":[{"href":"https:\/\/vitablanca.ma\/ar\/wp-json\/wp\/v2\/types\/product"}],"wp:featuredmedia":[{"embeddable":true,"href":"https:\/\/vitablanca.ma\/ar\/wp-json\/wp\/v2\/media\/12794"}],"wp:attachment":[{"href":"https:\/\/vitablanca.ma\/ar\/wp-json\/wp\/v2\/media?parent=12795"}],"wp:term":[{"taxonomy":"product_brand","embeddable":true,"href":"https:\/\/vitablanca.ma\/ar\/wp-json\/wp\/v2\/product_brand?post=12795"},{"taxonomy":"product_cat","embeddable":true,"href":"https:\/\/vitablanca.ma\/ar\/wp-json\/wp\/v2\/product_cat?post=12795"},{"taxonomy":"product_tag","embeddable":true,"href":"https:\/\/vitablanca.ma\/ar\/wp-json\/wp\/v2\/product_tag?post=12795"}],"curies":[{"name":"wp","href":"https:\/\/api.w.org\/{rel}","templated":true}]}}