{"id":12739,"date":"2025-05-28T22:15:38","date_gmt":"2025-05-28T22:15:38","guid":{"rendered":"https:\/\/vitablanca.ma\/product\/qa-curl-defining-shampoo-250ml\/"},"modified":"2026-03-19T13:19:59","modified_gmt":"2026-03-19T13:19:59","slug":"qa-curl-defining-shampoo-250ml","status":"publish","type":"product","link":"https:\/\/vitablanca.ma\/ar\/product-2\/qa-curl-defining-shampoo-250ml\/","title":{"rendered":"Q+A &#8211; Curl Defining Shampoo 250ml"},"content":{"rendered":"<p>.g-product&#8211;badges { display: flex; flex-wrap: wrap; gap: 20px; \/* Adjust spacing between items *\/ list-style: none; padding: 0; align-items: center; } .g-product&#8211;badges&#8211;item { display: flex; flex-direction: column; align-items: center; text-align: center; } .g-product&#8211;badges&#8211;icon img { width: 48px; \/* Adjust image size if needed *\/ height: auto; } .g-product&#8211;badges&#8211;label { font-size: 14px; margin-top: 5px; }\u00a0<\/p>\n<h2>\u0648\u0635\u0641<\/h2>\n<p>Le Shampooing D\u00e9finition Boucles Q+A est un shampooing am\u00e9liorateur de boucles qui renforce, hydrate et d\u00e9finit vos boucles naturelles. Gr\u00e2ce \u00e0 une formule enrichie en noix de coco, beurre de karit\u00e9 et avocat, ce shampooing nourrit en profondeur vos cheveux et leur donne un rebond remarquable. Il est parfait pour dompter les frisottis et apporter une brillance \u00e9clatante, garantissant que vos boucles restent au meilleur de leur forme.<\/p>\n<p>Ce shampooing naturel nettoie en douceur tout en respectant la texture de vos cheveux, et ses ingr\u00e9dients nourrissants assurent une hydratation et une d\u00e9finition longue dur\u00e9e. Pour de meilleurs r\u00e9sultats, utilisez ce shampooing avec l&rsquo;Apr\u00e8s-Shampooing D\u00e9finition Boucles Q+A. Offrez \u00e0 vos boucles le soin qu&rsquo;elles m\u00e9ritent \u2013 rebondissantes, brillantes et pleines de vie !<\/p>\n<ul>\n<li>\n<p><img decoding=\"async\" src=\"https:\/\/www.qandaskin.com\/cdn\/shop\/files\/Natural_c788c8a6-2a53-45d7-94a8-3da6a9974df8.svg?v=1694434640&amp;width=48\" alt=\"Naturel\"><\/p>\n<p>96% Naturel<\/p>\n<\/li>\n<li>\n<p><img decoding=\"async\" src=\"https:\/\/www.qandaskin.com\/cdn\/shop\/files\/Cruelty-Free.svg?v=1694429273&amp;width=48\" alt=\"Sans cruaut\u00e9\"><\/p>\n<p>Sans cruaut\u00e9<\/p>\n<\/li>\n<li>\n<p><img decoding=\"async\" src=\"https:\/\/www.qandaskin.com\/cdn\/shop\/files\/alcohol_free.svg?v=1694430243&amp;width=48\" alt=\"\u062e\u0627\u0644\u064a \u0645\u0646 \u0627\u0644\u0643\u062d\u0648\u0644\"><\/p>\n<p>\u062e\u0627\u0644\u064a \u0645\u0646 \u0627\u0644\u0643\u062d\u0648\u0644<\/p>\n<\/li>\n<li>\n<p><img decoding=\"async\" src=\"https:\/\/www.qandaskin.com\/cdn\/shop\/files\/fragfree.svg?v=1694430746&amp;width=48\" alt=\"\u062e\u0627\u0644\u064a \u0645\u0646 \u0627\u0644\u0639\u0637\u0648\u0631\"><\/p>\n<p>\u062e\u0627\u0644\u064a \u0645\u0646 \u0627\u0644\u0639\u0637\u0648\u0631<\/p>\n<\/li>\n<li>\n<p><img decoding=\"async\" src=\"https:\/\/www.qandaskin.com\/cdn\/shop\/files\/VeganFriendly.svg?v=1694430913&amp;width=48\" alt=\"\u0646\u0628\u0627\u062a\u064a\"><\/p>\n<p>\u0646\u0628\u0627\u062a\u064a<\/p>\n<\/li>\n<\/ul>\n<p>\u00a0<\/p>\n<h2>\u0627\u0644\u0645\u0643\u0648\u0646\u0627\u062a \u0627\u0644\u0631\u0626\u064a\u0633\u064a\u0629<\/h2>\n<h3>Huile de Noix de Coco \ud83e\udd65<\/h3>\n<p>Apporte une hydratation intense tout en prot\u00e9geant les cheveux contre la casse et en pr\u00e9servant la d\u00e9finition des boucles.<\/p>\n<h3>Beurre de Karit\u00e9 \ud83c\udf30<\/h3>\n<p>Offre une nutrition en profondeur et aide \u00e0 renforcer les cheveux, rendant les boucles plus douces et plus souples.<\/p>\n<h3>Extrait d&rsquo;Avocat \ud83e\udd51<\/h3>\n<p>Riche en acides gras et vitamines, l&rsquo;avocat nourrit et revitalise les boucles pour des cheveux brillants et en pleine sant\u00e9.<\/p>\n<h2>\u0643\u064a\u0641\u064a\u0629 \u0627\u0644\u0627\u0633\u062a\u062e\u062f\u0627\u0645<\/h2>\n<p>Massez sur cheveux mouill\u00e9s en insistant sur le cuir chevelu et les racines.<\/p>\n<p>\u00a0Rincez abondamment, puis appliquez l&rsquo;Apr\u00e8s-Shampooing D\u00e9finition Boucles Q+A.<\/p>\n<h2>\u0645\u0639\u0644\u0648\u0645\u0627\u062a \u0627\u0644\u0645\u0646\u062a\u062c<\/h2>\n<p><strong>\u0645\u0642\u0627\u0633 :<\/strong> 250 \u0645\u0644<\/p>\n<p>\u0635\u064f\u0646\u0639 \u0641\u064a \u0627\u0644\u0645\u0645\u0644\u0643\u0629 \u0627\u0644\u0645\u062a\u062d\u062f\u0629.<\/p>\n<p>Ce produit convient aux v\u00e9gans. Les produits Q+A ne sont pas test\u00e9s sur les animaux et ne le seront jamais.<\/p>\n<p>\u0643\u064a\u0641\u064a\u0629 \u0625\u0639\u0627\u062f\u0629 \u0627\u0644\u062a\u062f\u0648\u064a\u0631:<\/p>\n<p>Retirez votre bouteille de son emballage. Nos cartons sont recyclables \u00e0 100 % et peuvent \u00eatre jet\u00e9s dans votre centre de recyclage. Nettoyez et s\u00e9chez la bouteille avant de la recycler.<\/p>\n<p><i><strong>\u0645\u0643\u0648\u0646\u0627\u062a :<\/strong> Aqua (Water), Sodium Coco-sulfate, Cocamidopropyl Betaine, Decyl Glucoside, Lauryl Glucoside, Sodium Lauroyl Sarcosinate, Coconut Oil Glycereth-8 Esters, Shea Butter Polyglyceryl-4 Esters, Persea Gratissima (Avocado) Fruit Extract, Nymphaea Alba (Water Lily) Root Extract, Panthenol, Phytantriol, Sorbitol, Propylene Glycol, Glycol Distearate, Coco-glucoside, Glyceryl Oleate, Potassium Sorbate, Sodium Gluconate, Laureth-4, Sodium Chloride, Guar Hydroxypropyltrimonium Chloride, Lactobacillus Ferment, Parfum (Fragrance), Sodium Benzoate, Lactic Acid, Citric Acid, Coumarin.<\/i><\/p>","protected":false},"excerpt":{"rendered":"<p>.g-product&#8211;badges { display: flex; flex-wrap: wrap; gap: 20px; \/* Adjust spacing between items *\/ list-style: none; padding: 0; align-items: center; } .g-product&#8211;badges&#8211;item { display: flex; flex-direction: column; align-items: center; text-align: center; } .g-product&#8211;badges&#8211;icon img { width: 48px; \/* Adjust image size if needed *\/ height: auto; } .g-product&#8211;badges&#8211;label { font-size: 14px; margin-top: 5px; }\u00a0 Description [&hellip;]<\/p>\n","protected":false},"featured_media":12736,"template":"","meta":{"om_disable_all_campaigns":false},"product_brand":[4357],"product_cat":[18],"product_tag":[],"class_list":{"0":"post-12739","1":"product","2":"type-product","3":"status-publish","4":"has-post-thumbnail","6":"product_brand-qa-maroc-prix-para","7":"product_cat-beaute-sante","9":"first","10":"outofstock","11":"taxable","12":"shipping-taxable","13":"purchasable","14":"product-type-simple"},"yoast_head":"<!-- This site is optimized with the Yoast SEO plugin v27.4 - https:\/\/yoast.com\/product\/yoast-seo-wordpress\/ -->\n<title>Q+A - Curl Defining Shampoo 250ml - Maroc Prix<\/title>\n<meta name=\"description\" content=\"Q+A - Curl Defining Shampoo 250ml\" \/>\n<meta name=\"robots\" content=\"index, follow, max-snippet:-1, max-image-preview:large, max-video-preview:-1\" \/>\n<link rel=\"canonical\" href=\"https:\/\/vitablanca.ma\/ar\/product-2\/qa-curl-defining-shampoo-250ml\/\" \/>\n<meta property=\"og:locale\" content=\"ar_AR\" \/>\n<meta property=\"og:type\" content=\"article\" \/>\n<meta property=\"og:title\" content=\"Q+A - Curl Defining Shampoo 250ml - Maroc Prix\" \/>\n<meta property=\"og:description\" content=\"Q+A - Curl Defining Shampoo 250ml\" \/>\n<meta property=\"og:url\" content=\"https:\/\/vitablanca.ma\/ar\/product-2\/qa-curl-defining-shampoo-250ml\/\" \/>\n<meta property=\"og:site_name\" content=\"Vitablanca.ma &ndash; Sant&eacute;, vitalit&eacute; et bien-&ecirc;tre pour tous les Marocains\" \/>\n<meta property=\"article:publisher\" content=\"https:\/\/www.facebook.com\/profile.php?id=61576678196717\" \/>\n<meta property=\"article:modified_time\" content=\"2026-03-19T13:19:59+00:00\" \/>\n<meta property=\"og:image\" content=\"https:\/\/vitablanca.ma\/wp-content\/uploads\/2025\/05\/KhR4IoaydsB86zeN-medium_1.jpg\" \/>\n\t<meta property=\"og:image:width\" content=\"1600\" \/>\n\t<meta property=\"og:image:height\" content=\"1600\" \/>\n\t<meta property=\"og:image:type\" content=\"image\/jpeg\" \/>\n<meta name=\"twitter:card\" content=\"summary_large_image\" \/>\n<meta name=\"twitter:label1\" content=\"\u0648\u0642\u062a \u0627\u0644\u0642\u0631\u0627\u0621\u0629 \u0627\u0644\u0645\u064f\u0642\u062f\u0651\u0631\" \/>\n\t<meta name=\"twitter:data1\" content=\"\u062f\u0642\u064a\u0642\u062a\u0627\u0646\" \/>\n<script type=\"application\/ld+json\" class=\"yoast-schema-graph\">{\"@context\":\"https:\\\/\\\/schema.org\",\"@graph\":[{\"@type\":[\"WebPage\",\"ItemPage\"],\"@id\":\"https:\\\/\\\/vitablanca.ma\\\/produit\\\/qa-curl-defining-shampoo-250ml\\\/\",\"url\":\"https:\\\/\\\/vitablanca.ma\\\/produit\\\/qa-curl-defining-shampoo-250ml\\\/\",\"name\":\"Q+A - Curl Defining Shampoo 250ml - Maroc Prix\",\"isPartOf\":{\"@id\":\"https:\\\/\\\/vitablanca.ma\\\/#website\"},\"primaryImageOfPage\":{\"@id\":\"https:\\\/\\\/vitablanca.ma\\\/produit\\\/qa-curl-defining-shampoo-250ml\\\/#primaryimage\"},\"image\":{\"@id\":\"https:\\\/\\\/vitablanca.ma\\\/produit\\\/qa-curl-defining-shampoo-250ml\\\/#primaryimage\"},\"thumbnailUrl\":\"https:\\\/\\\/vitablanca.ma\\\/wp-content\\\/uploads\\\/2025\\\/05\\\/KhR4IoaydsB86zeN-medium_1.jpg\",\"datePublished\":\"2025-05-28T22:15:38+00:00\",\"dateModified\":\"2026-03-19T13:19:59+00:00\",\"description\":\"Q+A - Curl Defining Shampoo 250ml\",\"breadcrumb\":{\"@id\":\"https:\\\/\\\/vitablanca.ma\\\/produit\\\/qa-curl-defining-shampoo-250ml\\\/#breadcrumb\"},\"inLanguage\":\"ar\",\"potentialAction\":[{\"@type\":\"ReadAction\",\"target\":[\"https:\\\/\\\/vitablanca.ma\\\/produit\\\/qa-curl-defining-shampoo-250ml\\\/\"]}]},{\"@type\":\"ImageObject\",\"inLanguage\":\"ar\",\"@id\":\"https:\\\/\\\/vitablanca.ma\\\/produit\\\/qa-curl-defining-shampoo-250ml\\\/#primaryimage\",\"url\":\"https:\\\/\\\/vitablanca.ma\\\/wp-content\\\/uploads\\\/2025\\\/05\\\/KhR4IoaydsB86zeN-medium_1.jpg\",\"contentUrl\":\"https:\\\/\\\/vitablanca.ma\\\/wp-content\\\/uploads\\\/2025\\\/05\\\/KhR4IoaydsB86zeN-medium_1.jpg\",\"width\":1600,\"height\":1600},{\"@type\":\"BreadcrumbList\",\"@id\":\"https:\\\/\\\/vitablanca.ma\\\/produit\\\/qa-curl-defining-shampoo-250ml\\\/#breadcrumb\",\"itemListElement\":[{\"@type\":\"ListItem\",\"position\":1,\"name\":\"Home\",\"item\":\"https:\\\/\\\/vitablanca.ma\\\/\"},{\"@type\":\"ListItem\",\"position\":2,\"name\":\"Tous Les Produits\",\"item\":\"https:\\\/\\\/vitablanca.ma\\\/tous-les-produits\\\/\"},{\"@type\":\"ListItem\",\"position\":3,\"name\":\"Q+A &#8211; Curl Defining Shampoo 250ml\"}]},{\"@type\":\"WebSite\",\"@id\":\"https:\\\/\\\/vitablanca.ma\\\/#website\",\"url\":\"https:\\\/\\\/vitablanca.ma\\\/\",\"name\":\"VitaBlanca.ma | Compl\u00e9ments alimentaires, sant\u00e9 & beaut\u00e9 au Maroc\",\"description\":\"vendre vitamines et compl\u00e9ments premium des USA &amp; Canada, Nouvelle Z\u00e9lande,Maroc (NOW Foods, Solgar, Manuka). Livraison rapide partout au Maroc.\",\"publisher\":{\"@id\":\"https:\\\/\\\/vitablanca.ma\\\/#organization\"},\"alternateName\":\"VitaBlanca.ma\",\"potentialAction\":[{\"@type\":\"SearchAction\",\"target\":{\"@type\":\"EntryPoint\",\"urlTemplate\":\"https:\\\/\\\/vitablanca.ma\\\/?s={search_term_string}\"},\"query-input\":{\"@type\":\"PropertyValueSpecification\",\"valueRequired\":true,\"valueName\":\"search_term_string\"}}],\"inLanguage\":\"ar\"},{\"@type\":\"Organization\",\"@id\":\"https:\\\/\\\/vitablanca.ma\\\/#organization\",\"name\":\"VitaBlanca\",\"url\":\"https:\\\/\\\/vitablanca.ma\\\/\",\"logo\":{\"@type\":\"ImageObject\",\"inLanguage\":\"ar\",\"@id\":\"https:\\\/\\\/vitablanca.ma\\\/#\\\/schema\\\/logo\\\/image\\\/\",\"url\":\"https:\\\/\\\/vitablanca.ma\\\/wp-content\\\/uploads\\\/2025\\\/05\\\/cropped-vitablanca.png\",\"contentUrl\":\"https:\\\/\\\/vitablanca.ma\\\/wp-content\\\/uploads\\\/2025\\\/05\\\/cropped-vitablanca.png\",\"width\":360,\"height\":67,\"caption\":\"VitaBlanca\"},\"image\":{\"@id\":\"https:\\\/\\\/vitablanca.ma\\\/#\\\/schema\\\/logo\\\/image\\\/\"},\"sameAs\":[\"https:\\\/\\\/www.facebook.com\\\/profile.php?id=61576678196717\",\"https:\\\/\\\/www.tiktok.com\\\/@vitablanca.ma\",\"https:\\\/\\\/www.instagram.com\\\/vitablanca.ma\\\/\"]}]}<\/script>\n<!-- \/ Yoast SEO plugin. -->","yoast_head_json":{"title":"Q+A - Curl Defining Shampoo 250ml - Maroc Prix","description":"Q+A - Curl Defining Shampoo 250ml","robots":{"index":"index","follow":"follow","max-snippet":"max-snippet:-1","max-image-preview":"max-image-preview:large","max-video-preview":"max-video-preview:-1"},"canonical":"https:\/\/vitablanca.ma\/ar\/product-2\/qa-curl-defining-shampoo-250ml\/","og_locale":"ar_AR","og_type":"article","og_title":"Q+A - Curl Defining Shampoo 250ml - Maroc Prix","og_description":"Q+A - Curl Defining Shampoo 250ml","og_url":"https:\/\/vitablanca.ma\/ar\/product-2\/qa-curl-defining-shampoo-250ml\/","og_site_name":"Vitablanca.ma &ndash; Sant&eacute;, vitalit&eacute; et bien-&ecirc;tre pour tous les Marocains","article_publisher":"https:\/\/www.facebook.com\/profile.php?id=61576678196717","article_modified_time":"2026-03-19T13:19:59+00:00","og_image":[{"width":1600,"height":1600,"url":"https:\/\/vitablanca.ma\/wp-content\/uploads\/2025\/05\/KhR4IoaydsB86zeN-medium_1.jpg","type":"image\/jpeg"}],"twitter_card":"summary_large_image","twitter_misc":{"\u0648\u0642\u062a \u0627\u0644\u0642\u0631\u0627\u0621\u0629 \u0627\u0644\u0645\u064f\u0642\u062f\u0651\u0631":"\u062f\u0642\u064a\u0642\u062a\u0627\u0646"},"schema":{"@context":"https:\/\/schema.org","@graph":[{"@type":["WebPage","ItemPage"],"@id":"https:\/\/vitablanca.ma\/produit\/qa-curl-defining-shampoo-250ml\/","url":"https:\/\/vitablanca.ma\/produit\/qa-curl-defining-shampoo-250ml\/","name":"Q+A - Curl Defining Shampoo 250ml - Maroc Prix","isPartOf":{"@id":"https:\/\/vitablanca.ma\/#website"},"primaryImageOfPage":{"@id":"https:\/\/vitablanca.ma\/produit\/qa-curl-defining-shampoo-250ml\/#primaryimage"},"image":{"@id":"https:\/\/vitablanca.ma\/produit\/qa-curl-defining-shampoo-250ml\/#primaryimage"},"thumbnailUrl":"https:\/\/vitablanca.ma\/wp-content\/uploads\/2025\/05\/KhR4IoaydsB86zeN-medium_1.jpg","datePublished":"2025-05-28T22:15:38+00:00","dateModified":"2026-03-19T13:19:59+00:00","description":"Q+A - Curl Defining Shampoo 250ml","breadcrumb":{"@id":"https:\/\/vitablanca.ma\/produit\/qa-curl-defining-shampoo-250ml\/#breadcrumb"},"inLanguage":"ar","potentialAction":[{"@type":"ReadAction","target":["https:\/\/vitablanca.ma\/produit\/qa-curl-defining-shampoo-250ml\/"]}]},{"@type":"ImageObject","inLanguage":"ar","@id":"https:\/\/vitablanca.ma\/produit\/qa-curl-defining-shampoo-250ml\/#primaryimage","url":"https:\/\/vitablanca.ma\/wp-content\/uploads\/2025\/05\/KhR4IoaydsB86zeN-medium_1.jpg","contentUrl":"https:\/\/vitablanca.ma\/wp-content\/uploads\/2025\/05\/KhR4IoaydsB86zeN-medium_1.jpg","width":1600,"height":1600},{"@type":"BreadcrumbList","@id":"https:\/\/vitablanca.ma\/produit\/qa-curl-defining-shampoo-250ml\/#breadcrumb","itemListElement":[{"@type":"ListItem","position":1,"name":"Home","item":"https:\/\/vitablanca.ma\/"},{"@type":"ListItem","position":2,"name":"Tous Les Produits","item":"https:\/\/vitablanca.ma\/tous-les-produits\/"},{"@type":"ListItem","position":3,"name":"Q+A &#8211; Curl Defining Shampoo 250ml"}]},{"@type":"WebSite","@id":"https:\/\/vitablanca.ma\/#website","url":"https:\/\/vitablanca.ma\/","name":"VitaBlanca.ma | \u0627\u0644\u0645\u0643\u0645\u0644\u0627\u062a \u0627\u0644\u063a\u0630\u0627\u0626\u064a\u0629\u060c \u0627\u0644\u0635\u062d\u0629 \u0648\u0627\u0644\u062c\u0645\u0627\u0644 \u0641\u064a \u0627\u0644\u0645\u063a\u0631\u0628","description":"\u0646\u0628\u064a\u0639 \u0641\u064a\u062a\u0627\u0645\u064a\u0646\u0627\u062a \u0648\u0645\u0643\u0645\u0644\u0627\u062a \u063a\u0630\u0627\u0626\u064a\u0629 \u0641\u0627\u062e\u0631\u0629 \u0645\u0646 \u0627\u0644\u0648\u0644\u0627\u064a\u0627\u062a \u0627\u0644\u0645\u062a\u062d\u062f\u0629 \u0627\u0644\u0623\u0645\u0631\u064a\u0643\u064a\u0629 \u0648\u0643\u0646\u062f\u0627 \u0648\u0646\u064a\u0648\u0632\u064a\u0644\u0646\u062f\u0627 \u0648\u0627\u0644\u0645\u063a\u0631\u0628 (\u0646\u0627\u0648 \u0641\u0648\u062f\u0632\u060c \u0633\u0648\u0644\u062c\u0627\u0631\u060c \u0645\u0627\u0646\u0648\u0643\u0627). \u062a\u0648\u0635\u064a\u0644 \u0633\u0631\u064a\u0639 \u0625\u0644\u0649 \u062c\u0645\u064a\u0639 \u0623\u0646\u062d\u0627\u0621 \u0627\u0644\u0645\u063a\u0631\u0628.","publisher":{"@id":"https:\/\/vitablanca.ma\/#organization"},"alternateName":"VitaBlanca.ma","potentialAction":[{"@type":"SearchAction","target":{"@type":"EntryPoint","urlTemplate":"https:\/\/vitablanca.ma\/?s={search_term_string}"},"query-input":{"@type":"PropertyValueSpecification","valueRequired":true,"valueName":"search_term_string"}}],"inLanguage":"ar"},{"@type":"Organization","@id":"https:\/\/vitablanca.ma\/#organization","name":"\u0641\u064a\u062a\u0627\u0628\u0644\u0627\u0646\u0643\u0627","url":"https:\/\/vitablanca.ma\/","logo":{"@type":"ImageObject","inLanguage":"ar","@id":"https:\/\/vitablanca.ma\/#\/schema\/logo\/image\/","url":"https:\/\/vitablanca.ma\/wp-content\/uploads\/2025\/05\/cropped-vitablanca.png","contentUrl":"https:\/\/vitablanca.ma\/wp-content\/uploads\/2025\/05\/cropped-vitablanca.png","width":360,"height":67,"caption":"VitaBlanca"},"image":{"@id":"https:\/\/vitablanca.ma\/#\/schema\/logo\/image\/"},"sameAs":["https:\/\/www.facebook.com\/profile.php?id=61576678196717","https:\/\/www.tiktok.com\/@vitablanca.ma","https:\/\/www.instagram.com\/vitablanca.ma\/"]}]}},"jetpack_sharing_enabled":true,"_links":{"self":[{"href":"https:\/\/vitablanca.ma\/ar\/wp-json\/wp\/v2\/product\/12739","targetHints":{"allow":["GET"]}}],"collection":[{"href":"https:\/\/vitablanca.ma\/ar\/wp-json\/wp\/v2\/product"}],"about":[{"href":"https:\/\/vitablanca.ma\/ar\/wp-json\/wp\/v2\/types\/product"}],"wp:featuredmedia":[{"embeddable":true,"href":"https:\/\/vitablanca.ma\/ar\/wp-json\/wp\/v2\/media\/12736"}],"wp:attachment":[{"href":"https:\/\/vitablanca.ma\/ar\/wp-json\/wp\/v2\/media?parent=12739"}],"wp:term":[{"taxonomy":"product_brand","embeddable":true,"href":"https:\/\/vitablanca.ma\/ar\/wp-json\/wp\/v2\/product_brand?post=12739"},{"taxonomy":"product_cat","embeddable":true,"href":"https:\/\/vitablanca.ma\/ar\/wp-json\/wp\/v2\/product_cat?post=12739"},{"taxonomy":"product_tag","embeddable":true,"href":"https:\/\/vitablanca.ma\/ar\/wp-json\/wp\/v2\/product_tag?post=12739"}],"curies":[{"name":"wp","href":"https:\/\/api.w.org\/{rel}","templated":true}]}}