{"id":12674,"date":"2025-05-28T22:13:36","date_gmt":"2025-05-28T22:13:36","guid":{"rendered":"https:\/\/vitablanca.ma\/product\/ogx-thick-full-biotin-collagen-shampoo-385-ml\/"},"modified":"2026-02-22T02:14:26","modified_gmt":"2026-02-22T02:14:26","slug":"ogx-thick-full-biotin-collagen-shampoo-385-ml","status":"publish","type":"product","link":"https:\/\/vitablanca.ma\/ar\/product-2\/ogx-thick-full-biotin-collagen-shampoo-385-ml\/","title":{"rendered":"\u0634\u0627\u0645\u0628\u0648 \u0623\u0648 \u062c\u064a \u0625\u0643\u0633 \u0644\u0644\u0634\u0639\u0631 \u0627\u0644\u0643\u062b\u064a\u0641 \u0648\u0627\u0644\u0643\u0627\u0645\u0644 \u0628\u0627\u0644\u0628\u064a\u0648\u062a\u064a\u0646 \u0648\u0627\u0644\u0643\u0648\u0644\u0627\u062c\u064a\u0646 385 \u0645\u0644"},"content":{"rendered":"<p>Un m\u00e9lange d&rsquo;ingr\u00e9dients de qualit\u00e9 sup\u00e9rieure infus\u00e9 avec de l&rsquo;extrait de fibre de bambou et des prot\u00e9ines de bl\u00e9 hydrolys\u00e9es cr\u00e9e un shampooing repulpant s\u00fbr de la couleur con\u00e7u pour nourrir les cheveux avec tout ce dont ils ont besoin pour \u00eatre sains et beaux.<\/p>","protected":false},"excerpt":{"rendered":"<p>Un m\u00e9lange d&rsquo;ingr\u00e9dients de qualit\u00e9 sup\u00e9rieure infus\u00e9 avec de l&rsquo;extrait de fibre de bambou et des prot\u00e9ines de bl\u00e9 hydrolys\u00e9es cr\u00e9e un shampooing repulpant s\u00fbr de la couleur con\u00e7u pour nourrir les cheveux avec tout ce dont ils ont besoin pour \u00eatre sains et beaux.<\/p>","protected":false},"featured_media":12673,"template":"","meta":{"om_disable_all_campaigns":false},"product_brand":[],"product_cat":[15],"product_tag":[],"class_list":{"0":"post-12674","1":"product","2":"type-product","3":"status-publish","4":"has-post-thumbnail","6":"product_cat-beaute-sante-complements-alimentaires-soins-et-bien-etre-au-meilleur-prix","8":"first","9":"instock","10":"sale","11":"taxable","12":"shipping-taxable","13":"purchasable","14":"product-type-simple"},"yoast_head":"<!-- This site is optimized with the Yoast SEO plugin v27.4 - https:\/\/yoast.com\/product\/yoast-seo-wordpress\/ -->\n<title>OGX Thick &amp; Full + Biotin &amp; Collagen Shampoo 385 ML - Maroc Prix<\/title>\n<meta name=\"description\" content=\"OGX Thick &amp; Full + Biotin &amp; Collagen Shampoo 385 ML\" \/>\n<meta name=\"robots\" content=\"index, follow, max-snippet:-1, max-image-preview:large, max-video-preview:-1\" \/>\n<link rel=\"canonical\" href=\"https:\/\/vitablanca.ma\/ar\/product-2\/ogx-thick-full-biotin-collagen-shampoo-385-ml\/\" \/>\n<meta property=\"og:locale\" content=\"ar_AR\" \/>\n<meta property=\"og:type\" content=\"article\" \/>\n<meta property=\"og:title\" content=\"OGX Thick &amp; Full + Biotin &amp; Collagen Shampoo 385 ML - Maroc Prix\" \/>\n<meta property=\"og:description\" content=\"OGX Thick &amp; Full + Biotin &amp; Collagen Shampoo 385 ML\" \/>\n<meta property=\"og:url\" content=\"https:\/\/vitablanca.ma\/ar\/product-2\/ogx-thick-full-biotin-collagen-shampoo-385-ml\/\" \/>\n<meta property=\"og:site_name\" content=\"Vitablanca.ma &ndash; Sant&eacute;, vitalit&eacute; et bien-&ecirc;tre pour tous les Marocains\" \/>\n<meta property=\"article:publisher\" content=\"https:\/\/www.facebook.com\/profile.php?id=61576678196717\" \/>\n<meta property=\"article:modified_time\" content=\"2026-02-22T02:14:26+00:00\" \/>\n<meta property=\"og:image\" content=\"https:\/\/vitablanca.ma\/wp-content\/uploads\/2025\/05\/ogx-shampoo-biotin_collagen-700.jpg\" \/>\n\t<meta property=\"og:image:width\" content=\"700\" \/>\n\t<meta property=\"og:image:height\" content=\"700\" \/>\n\t<meta property=\"og:image:type\" content=\"image\/jpeg\" \/>\n<meta name=\"twitter:card\" content=\"summary_large_image\" \/>\n<script type=\"application\/ld+json\" class=\"yoast-schema-graph\">{\"@context\":\"https:\\\/\\\/schema.org\",\"@graph\":[{\"@type\":[\"WebPage\",\"ItemPage\"],\"@id\":\"https:\\\/\\\/vitablanca.ma\\\/produit\\\/ogx-thick-full-biotin-collagen-shampoo-385-ml\\\/\",\"url\":\"https:\\\/\\\/vitablanca.ma\\\/produit\\\/ogx-thick-full-biotin-collagen-shampoo-385-ml\\\/\",\"name\":\"OGX Thick &amp; Full + Biotin &amp; Collagen Shampoo 385 ML - Maroc Prix\",\"isPartOf\":{\"@id\":\"https:\\\/\\\/vitablanca.ma\\\/#website\"},\"primaryImageOfPage\":{\"@id\":\"https:\\\/\\\/vitablanca.ma\\\/produit\\\/ogx-thick-full-biotin-collagen-shampoo-385-ml\\\/#primaryimage\"},\"image\":{\"@id\":\"https:\\\/\\\/vitablanca.ma\\\/produit\\\/ogx-thick-full-biotin-collagen-shampoo-385-ml\\\/#primaryimage\"},\"thumbnailUrl\":\"https:\\\/\\\/vitablanca.ma\\\/wp-content\\\/uploads\\\/2025\\\/05\\\/ogx-shampoo-biotin_collagen-700.jpg\",\"datePublished\":\"2025-05-28T22:13:36+00:00\",\"dateModified\":\"2026-02-22T02:14:26+00:00\",\"description\":\"OGX Thick &amp; Full + Biotin &amp; Collagen Shampoo 385 ML\",\"breadcrumb\":{\"@id\":\"https:\\\/\\\/vitablanca.ma\\\/produit\\\/ogx-thick-full-biotin-collagen-shampoo-385-ml\\\/#breadcrumb\"},\"inLanguage\":\"ar\",\"potentialAction\":[{\"@type\":\"ReadAction\",\"target\":[\"https:\\\/\\\/vitablanca.ma\\\/produit\\\/ogx-thick-full-biotin-collagen-shampoo-385-ml\\\/\"]}]},{\"@type\":\"ImageObject\",\"inLanguage\":\"ar\",\"@id\":\"https:\\\/\\\/vitablanca.ma\\\/produit\\\/ogx-thick-full-biotin-collagen-shampoo-385-ml\\\/#primaryimage\",\"url\":\"https:\\\/\\\/vitablanca.ma\\\/wp-content\\\/uploads\\\/2025\\\/05\\\/ogx-shampoo-biotin_collagen-700.jpg\",\"contentUrl\":\"https:\\\/\\\/vitablanca.ma\\\/wp-content\\\/uploads\\\/2025\\\/05\\\/ogx-shampoo-biotin_collagen-700.jpg\",\"width\":700,\"height\":700},{\"@type\":\"BreadcrumbList\",\"@id\":\"https:\\\/\\\/vitablanca.ma\\\/produit\\\/ogx-thick-full-biotin-collagen-shampoo-385-ml\\\/#breadcrumb\",\"itemListElement\":[{\"@type\":\"ListItem\",\"position\":1,\"name\":\"Home\",\"item\":\"https:\\\/\\\/vitablanca.ma\\\/\"},{\"@type\":\"ListItem\",\"position\":2,\"name\":\"Tous Les Produits\",\"item\":\"https:\\\/\\\/vitablanca.ma\\\/tous-les-produits\\\/\"},{\"@type\":\"ListItem\",\"position\":3,\"name\":\"OGX Thick &amp; Full + Biotin &amp; Collagen Shampoo 385 ML\"}]},{\"@type\":\"WebSite\",\"@id\":\"https:\\\/\\\/vitablanca.ma\\\/#website\",\"url\":\"https:\\\/\\\/vitablanca.ma\\\/\",\"name\":\"VitaBlanca.ma | Compl\u00e9ments alimentaires, sant\u00e9 & beaut\u00e9 au Maroc\",\"description\":\"vendre vitamines et compl\u00e9ments premium des USA &amp; Canada, Nouvelle Z\u00e9lande,Maroc (NOW Foods, Solgar, Manuka). Livraison rapide partout au Maroc.\",\"publisher\":{\"@id\":\"https:\\\/\\\/vitablanca.ma\\\/#organization\"},\"alternateName\":\"VitaBlanca.ma\",\"potentialAction\":[{\"@type\":\"SearchAction\",\"target\":{\"@type\":\"EntryPoint\",\"urlTemplate\":\"https:\\\/\\\/vitablanca.ma\\\/?s={search_term_string}\"},\"query-input\":{\"@type\":\"PropertyValueSpecification\",\"valueRequired\":true,\"valueName\":\"search_term_string\"}}],\"inLanguage\":\"ar\"},{\"@type\":\"Organization\",\"@id\":\"https:\\\/\\\/vitablanca.ma\\\/#organization\",\"name\":\"VitaBlanca\",\"url\":\"https:\\\/\\\/vitablanca.ma\\\/\",\"logo\":{\"@type\":\"ImageObject\",\"inLanguage\":\"ar\",\"@id\":\"https:\\\/\\\/vitablanca.ma\\\/#\\\/schema\\\/logo\\\/image\\\/\",\"url\":\"https:\\\/\\\/vitablanca.ma\\\/wp-content\\\/uploads\\\/2025\\\/05\\\/cropped-vitablanca.png\",\"contentUrl\":\"https:\\\/\\\/vitablanca.ma\\\/wp-content\\\/uploads\\\/2025\\\/05\\\/cropped-vitablanca.png\",\"width\":360,\"height\":67,\"caption\":\"VitaBlanca\"},\"image\":{\"@id\":\"https:\\\/\\\/vitablanca.ma\\\/#\\\/schema\\\/logo\\\/image\\\/\"},\"sameAs\":[\"https:\\\/\\\/www.facebook.com\\\/profile.php?id=61576678196717\",\"https:\\\/\\\/www.tiktok.com\\\/@vitablanca.ma\",\"https:\\\/\\\/www.instagram.com\\\/vitablanca.ma\\\/\"]}]}<\/script>\n<!-- \/ Yoast SEO plugin. -->","yoast_head_json":{"title":"OGX Thick &amp; Full + Biotin &amp; Collagen Shampoo 385 ML - Maroc Prix","description":"\u0634\u0627\u0645\u0628\u0648 \u0623\u0648 \u062c\u064a \u0625\u0643\u0633 \u0644\u0644\u0634\u0639\u0631 \u0627\u0644\u0643\u062b\u064a\u0641 \u0648\u0627\u0644\u0643\u0627\u0645\u0644 \u0628\u0627\u0644\u0628\u064a\u0648\u062a\u064a\u0646 \u0648\u0627\u0644\u0643\u0648\u0644\u0627\u062c\u064a\u0646 385 \u0645\u0644","robots":{"index":"index","follow":"follow","max-snippet":"max-snippet:-1","max-image-preview":"max-image-preview:large","max-video-preview":"max-video-preview:-1"},"canonical":"https:\/\/vitablanca.ma\/ar\/product-2\/ogx-thick-full-biotin-collagen-shampoo-385-ml\/","og_locale":"ar_AR","og_type":"article","og_title":"OGX Thick &amp; Full + Biotin &amp; Collagen Shampoo 385 ML - Maroc Prix","og_description":"OGX Thick &amp; Full + Biotin &amp; Collagen Shampoo 385 ML","og_url":"https:\/\/vitablanca.ma\/ar\/product-2\/ogx-thick-full-biotin-collagen-shampoo-385-ml\/","og_site_name":"Vitablanca.ma &ndash; Sant&eacute;, vitalit&eacute; et bien-&ecirc;tre pour tous les Marocains","article_publisher":"https:\/\/www.facebook.com\/profile.php?id=61576678196717","article_modified_time":"2026-02-22T02:14:26+00:00","og_image":[{"width":700,"height":700,"url":"https:\/\/vitablanca.ma\/wp-content\/uploads\/2025\/05\/ogx-shampoo-biotin_collagen-700.jpg","type":"image\/jpeg"}],"twitter_card":"summary_large_image","schema":{"@context":"https:\/\/schema.org","@graph":[{"@type":["WebPage","ItemPage"],"@id":"https:\/\/vitablanca.ma\/produit\/ogx-thick-full-biotin-collagen-shampoo-385-ml\/","url":"https:\/\/vitablanca.ma\/produit\/ogx-thick-full-biotin-collagen-shampoo-385-ml\/","name":"OGX Thick &amp; Full + Biotin &amp; Collagen Shampoo 385 ML - Maroc Prix","isPartOf":{"@id":"https:\/\/vitablanca.ma\/#website"},"primaryImageOfPage":{"@id":"https:\/\/vitablanca.ma\/produit\/ogx-thick-full-biotin-collagen-shampoo-385-ml\/#primaryimage"},"image":{"@id":"https:\/\/vitablanca.ma\/produit\/ogx-thick-full-biotin-collagen-shampoo-385-ml\/#primaryimage"},"thumbnailUrl":"https:\/\/vitablanca.ma\/wp-content\/uploads\/2025\/05\/ogx-shampoo-biotin_collagen-700.jpg","datePublished":"2025-05-28T22:13:36+00:00","dateModified":"2026-02-22T02:14:26+00:00","description":"\u0634\u0627\u0645\u0628\u0648 \u0623\u0648 \u062c\u064a \u0625\u0643\u0633 \u0644\u0644\u0634\u0639\u0631 \u0627\u0644\u0643\u062b\u064a\u0641 \u0648\u0627\u0644\u0643\u0627\u0645\u0644 \u0628\u0627\u0644\u0628\u064a\u0648\u062a\u064a\u0646 \u0648\u0627\u0644\u0643\u0648\u0644\u0627\u062c\u064a\u0646 385 \u0645\u0644","breadcrumb":{"@id":"https:\/\/vitablanca.ma\/produit\/ogx-thick-full-biotin-collagen-shampoo-385-ml\/#breadcrumb"},"inLanguage":"ar","potentialAction":[{"@type":"ReadAction","target":["https:\/\/vitablanca.ma\/produit\/ogx-thick-full-biotin-collagen-shampoo-385-ml\/"]}]},{"@type":"ImageObject","inLanguage":"ar","@id":"https:\/\/vitablanca.ma\/produit\/ogx-thick-full-biotin-collagen-shampoo-385-ml\/#primaryimage","url":"https:\/\/vitablanca.ma\/wp-content\/uploads\/2025\/05\/ogx-shampoo-biotin_collagen-700.jpg","contentUrl":"https:\/\/vitablanca.ma\/wp-content\/uploads\/2025\/05\/ogx-shampoo-biotin_collagen-700.jpg","width":700,"height":700},{"@type":"BreadcrumbList","@id":"https:\/\/vitablanca.ma\/produit\/ogx-thick-full-biotin-collagen-shampoo-385-ml\/#breadcrumb","itemListElement":[{"@type":"ListItem","position":1,"name":"Home","item":"https:\/\/vitablanca.ma\/"},{"@type":"ListItem","position":2,"name":"Tous Les Produits","item":"https:\/\/vitablanca.ma\/tous-les-produits\/"},{"@type":"ListItem","position":3,"name":"OGX Thick &amp; Full + Biotin &amp; Collagen Shampoo 385 ML"}]},{"@type":"WebSite","@id":"https:\/\/vitablanca.ma\/#website","url":"https:\/\/vitablanca.ma\/","name":"VitaBlanca.ma | \u0627\u0644\u0645\u0643\u0645\u0644\u0627\u062a \u0627\u0644\u063a\u0630\u0627\u0626\u064a\u0629\u060c \u0627\u0644\u0635\u062d\u0629 \u0648\u0627\u0644\u062c\u0645\u0627\u0644 \u0641\u064a \u0627\u0644\u0645\u063a\u0631\u0628","description":"\u0646\u0628\u064a\u0639 \u0641\u064a\u062a\u0627\u0645\u064a\u0646\u0627\u062a \u0648\u0645\u0643\u0645\u0644\u0627\u062a \u063a\u0630\u0627\u0626\u064a\u0629 \u0641\u0627\u062e\u0631\u0629 \u0645\u0646 \u0627\u0644\u0648\u0644\u0627\u064a\u0627\u062a \u0627\u0644\u0645\u062a\u062d\u062f\u0629 \u0627\u0644\u0623\u0645\u0631\u064a\u0643\u064a\u0629 \u0648\u0643\u0646\u062f\u0627 \u0648\u0646\u064a\u0648\u0632\u064a\u0644\u0646\u062f\u0627 \u0648\u0627\u0644\u0645\u063a\u0631\u0628 (\u0646\u0627\u0648 \u0641\u0648\u062f\u0632\u060c \u0633\u0648\u0644\u062c\u0627\u0631\u060c \u0645\u0627\u0646\u0648\u0643\u0627). \u062a\u0648\u0635\u064a\u0644 \u0633\u0631\u064a\u0639 \u0625\u0644\u0649 \u062c\u0645\u064a\u0639 \u0623\u0646\u062d\u0627\u0621 \u0627\u0644\u0645\u063a\u0631\u0628.","publisher":{"@id":"https:\/\/vitablanca.ma\/#organization"},"alternateName":"VitaBlanca.ma","potentialAction":[{"@type":"SearchAction","target":{"@type":"EntryPoint","urlTemplate":"https:\/\/vitablanca.ma\/?s={search_term_string}"},"query-input":{"@type":"PropertyValueSpecification","valueRequired":true,"valueName":"search_term_string"}}],"inLanguage":"ar"},{"@type":"Organization","@id":"https:\/\/vitablanca.ma\/#organization","name":"\u0641\u064a\u062a\u0627\u0628\u0644\u0627\u0646\u0643\u0627","url":"https:\/\/vitablanca.ma\/","logo":{"@type":"ImageObject","inLanguage":"ar","@id":"https:\/\/vitablanca.ma\/#\/schema\/logo\/image\/","url":"https:\/\/vitablanca.ma\/wp-content\/uploads\/2025\/05\/cropped-vitablanca.png","contentUrl":"https:\/\/vitablanca.ma\/wp-content\/uploads\/2025\/05\/cropped-vitablanca.png","width":360,"height":67,"caption":"VitaBlanca"},"image":{"@id":"https:\/\/vitablanca.ma\/#\/schema\/logo\/image\/"},"sameAs":["https:\/\/www.facebook.com\/profile.php?id=61576678196717","https:\/\/www.tiktok.com\/@vitablanca.ma","https:\/\/www.instagram.com\/vitablanca.ma\/"]}]}},"jetpack_sharing_enabled":true,"_links":{"self":[{"href":"https:\/\/vitablanca.ma\/ar\/wp-json\/wp\/v2\/product\/12674","targetHints":{"allow":["GET"]}}],"collection":[{"href":"https:\/\/vitablanca.ma\/ar\/wp-json\/wp\/v2\/product"}],"about":[{"href":"https:\/\/vitablanca.ma\/ar\/wp-json\/wp\/v2\/types\/product"}],"wp:featuredmedia":[{"embeddable":true,"href":"https:\/\/vitablanca.ma\/ar\/wp-json\/wp\/v2\/media\/12673"}],"wp:attachment":[{"href":"https:\/\/vitablanca.ma\/ar\/wp-json\/wp\/v2\/media?parent=12674"}],"wp:term":[{"taxonomy":"product_brand","embeddable":true,"href":"https:\/\/vitablanca.ma\/ar\/wp-json\/wp\/v2\/product_brand?post=12674"},{"taxonomy":"product_cat","embeddable":true,"href":"https:\/\/vitablanca.ma\/ar\/wp-json\/wp\/v2\/product_cat?post=12674"},{"taxonomy":"product_tag","embeddable":true,"href":"https:\/\/vitablanca.ma\/ar\/wp-json\/wp\/v2\/product_tag?post=12674"}],"curies":[{"name":"wp","href":"https:\/\/api.w.org\/{rel}","templated":true}]}}