{"id":12634,"date":"2025-05-28T22:12:16","date_gmt":"2025-05-28T22:12:16","guid":{"rendered":"https:\/\/vitablanca.ma\/product\/disaar-shampooing-et-teinture-capillaire-au-collagene-et-a-lhuile\/"},"modified":"2025-05-28T22:12:16","modified_gmt":"2025-05-28T22:12:16","slug":"disaar-shampooing-et-teinture-capillaire-au-collagene-et-a-lhuile","status":"publish","type":"product","link":"https:\/\/vitablanca.ma\/ar\/product-2\/disaar-shampooing-et-teinture-capillaire-au-collagene-et-a-lhuile\/","title":{"rendered":"\u0634\u0627\u0645\u0628\u0648 \u0648\u0635\u0628\u063a\u0629 \u0634\u0639\u0631 \u062f\u064a\u0633\u0627\u0631 \u0628\u0627\u0644\u0643\u0648\u0644\u0627\u062c\u064a\u0646 \u0648\u0627\u0644\u0632\u064a\u062a"},"content":{"rendered":"<p>Capacit\u00e9 nette de 400 ml, r\u00e9pond \u00e0 vos besoins d\u2019utilisation, pratique pour votre usage domestique quotidien. Non gras, agr\u00e9able \u00e0 utiliser.<\/p>\n<p>2. \u062a\u0633\u0627\u0639\u062f \u0627\u0644\u0645\u0633\u062a\u062e\u0644\u0635\u0627\u062a \u0627\u0644\u0646\u0628\u0627\u062a\u064a\u0629 \u0627\u0644\u0646\u0642\u064a\u0629 \u0639\u0644\u0649 \u062a\u062d\u0633\u064a\u0646 \u0627\u0644\u0645\u0643\u0648\u0646\u0627\u062a \u0627\u0644\u0643\u064a\u0645\u064a\u0627\u0626\u064a\u0629 \u0627\u0644\u062a\u064a \u062a\u0636\u0631 \u0627\u0644\u0634\u0639\u0631 \u0648\u0627\u0644\u0628\u0634\u0631\u0629.<\/p>\n<p>3. \u0633\u0647\u0644 \u0627\u0644\u0627\u0633\u062a\u062e\u062f\u0627\u0645\u060c \u0627\u0631\u062a\u062f\u064a \u0627\u0644\u0642\u0641\u0627\u0632\u0627\u062a \u0648\u0623\u062e\u0631\u062c \u0627\u0644\u0634\u0627\u0645\u0628\u0648 \u0648\u0627\u0641\u0631\u0643\u0647 \u0644\u0628\u0636\u0639 \u062f\u0642\u0627\u0626\u0642\u060c \u062a\u0645\u0627\u0645\u064b\u0627 \u0645\u062b\u0644 \u0627\u0644\u0634\u0627\u0645\u0628\u0648 \u0627\u0644\u0639\u0627\u062f\u064a.<\/p>\n<p>4. \u064a\u0635\u0628\u063a \u0634\u0639\u0631\u0643 \u0627\u0644\u0631\u0645\u0627\u062f\u064a \u0628\u0633\u0631\u0639\u0629 \u0648\u064a\u063a\u0637\u064a\u0647 \u0639\u0644\u0649 \u0627\u0644\u0641\u0648\u0631\u060c \u0648\u064a\u062a\u0631\u0643 \u0634\u0639\u0631\u0643 \u0644\u0627\u0645\u0639\u064b\u0627 \u0648\u0641\u0639\u0627\u0644\u064b\u0627 \u0648\u0639\u0645\u0644\u064a\u064b\u0627.<\/p>\n<p>5. Des ingr\u00e9dients s\u00fbrs, doux et non irritants, n\u2019endommageront pas votre cuir chevelu ou vos cheveux, vous pouvez les utiliser en toute confiance.<\/p>\n<p>\u00a0<\/p>\n<p>\u00a0<\/p>\n<p>\u0645\u0648\u0627\u0635\u0641\u0629:<\/p>\n<p>\u00c9tat : 100 % neuf Type d\u2019article : shampoing pour teinture capillaire<\/p>\n<p>\u0627\u0644\u0645\u062d\u062a\u0648\u0649 \u0627\u0644\u0635\u0627\u0641\u064a: 400 \u0645\u0644<\/p>\n<p>\u0646\u0648\u0639 \u0627\u0644\u0634\u0639\u0631 \u0627\u0644\u0645\u0646\u0627\u0633\u0628: \u062c\u0645\u064a\u0639 \u0623\u0646\u0648\u0627\u0639 \u0627\u0644\u0634\u0639\u0631<\/p>\n<p>\u00a0<\/p>","protected":false},"excerpt":{"rendered":"<p>Capacit\u00e9 nette de 400 ml, r\u00e9pond \u00e0 vos besoins d\u2019utilisation, pratique pour votre usage domestique quotidien. Non gras, agr\u00e9able \u00e0 utiliser. 2. Les extraits de plantes pures aident \u00e0 am\u00e9liorer les composants chimiques qui endommagent les cheveux et la peau. 3. Facile \u00e0 utiliser, portez des gants et pressez le shampooing, frottez pendant quelques minutes, [&hellip;]<\/p>\n","protected":false},"featured_media":12633,"template":"","meta":{"om_disable_all_campaigns":false},"product_brand":[],"product_cat":[15],"product_tag":[],"class_list":{"0":"post-12634","1":"product","2":"type-product","3":"status-publish","4":"has-post-thumbnail","6":"product_cat-beaute-sante-complements-alimentaires-soins-et-bien-etre-au-meilleur-prix","8":"first","9":"instock","10":"taxable","11":"shipping-taxable","12":"purchasable","13":"product-type-simple"},"yoast_head":"<!-- This site is optimized with the Yoast SEO plugin v27.5 - https:\/\/yoast.com\/product\/yoast-seo-wordpress\/ -->\n<title>Disaar Shampooing et teinture capillaire au collag\u00e8ne et \u00e0 l&#039;huile - Maroc Prix<\/title>\n<meta name=\"description\" content=\"Disaar Shampooing et teinture capillaire au collag\u00e8ne et \u00e0 l&#039;huile\" \/>\n<meta name=\"robots\" content=\"index, follow, max-snippet:-1, max-image-preview:large, max-video-preview:-1\" \/>\n<link rel=\"canonical\" href=\"https:\/\/vitablanca.ma\/ar\/product-2\/disaar-shampooing-et-teinture-capillaire-au-collagene-et-a-lhuile\/\" \/>\n<meta property=\"og:locale\" content=\"ar_AR\" \/>\n<meta property=\"og:type\" content=\"article\" \/>\n<meta property=\"og:title\" content=\"Disaar Shampooing et teinture capillaire au collag\u00e8ne et \u00e0 l&#039;huile - Maroc Prix\" \/>\n<meta property=\"og:description\" content=\"Disaar Shampooing et teinture capillaire au collag\u00e8ne et \u00e0 l&#039;huile\" \/>\n<meta property=\"og:url\" content=\"https:\/\/vitablanca.ma\/ar\/product-2\/disaar-shampooing-et-teinture-capillaire-au-collagene-et-a-lhuile\/\" \/>\n<meta property=\"og:site_name\" content=\"Vitablanca.ma &ndash; Sant&eacute;, vitalit&eacute; et bien-&ecirc;tre pour tous les Marocains\" \/>\n<meta property=\"article:publisher\" content=\"https:\/\/www.facebook.com\/profile.php?id=61576678196717\" \/>\n<meta property=\"og:image\" content=\"https:\/\/vitablanca.ma\/wp-content\/uploads\/2025\/05\/1-_3.jpg\" \/>\n\t<meta property=\"og:image:width\" content=\"500\" \/>\n\t<meta property=\"og:image:height\" content=\"500\" \/>\n\t<meta property=\"og:image:type\" content=\"image\/jpeg\" \/>\n<meta name=\"twitter:card\" content=\"summary_large_image\" \/>\n<meta name=\"twitter:label1\" content=\"\u0648\u0642\u062a \u0627\u0644\u0642\u0631\u0627\u0621\u0629 \u0627\u0644\u0645\u064f\u0642\u062f\u0651\u0631\" \/>\n\t<meta name=\"twitter:data1\" content=\"\u062f\u0642\u064a\u0642\u0629 \u0648\u0627\u062d\u062f\u0629\" \/>\n<script type=\"application\/ld+json\" class=\"yoast-schema-graph\">{\"@context\":\"https:\\\/\\\/schema.org\",\"@graph\":[{\"@type\":[\"WebPage\",\"ItemPage\"],\"@id\":\"https:\\\/\\\/vitablanca.ma\\\/produit\\\/disaar-shampooing-et-teinture-capillaire-au-collagene-et-a-lhuile\\\/\",\"url\":\"https:\\\/\\\/vitablanca.ma\\\/produit\\\/disaar-shampooing-et-teinture-capillaire-au-collagene-et-a-lhuile\\\/\",\"name\":\"Disaar Shampooing et teinture capillaire au collag\u00e8ne et \u00e0 l'huile - Maroc Prix\",\"isPartOf\":{\"@id\":\"https:\\\/\\\/vitablanca.ma\\\/#website\"},\"primaryImageOfPage\":{\"@id\":\"https:\\\/\\\/vitablanca.ma\\\/produit\\\/disaar-shampooing-et-teinture-capillaire-au-collagene-et-a-lhuile\\\/#primaryimage\"},\"image\":{\"@id\":\"https:\\\/\\\/vitablanca.ma\\\/produit\\\/disaar-shampooing-et-teinture-capillaire-au-collagene-et-a-lhuile\\\/#primaryimage\"},\"thumbnailUrl\":\"https:\\\/\\\/vitablanca.ma\\\/wp-content\\\/uploads\\\/2025\\\/05\\\/1-_3.jpg\",\"datePublished\":\"2025-05-28T22:12:16+00:00\",\"description\":\"Disaar Shampooing et teinture capillaire au collag\u00e8ne et \u00e0 l'huile\",\"breadcrumb\":{\"@id\":\"https:\\\/\\\/vitablanca.ma\\\/produit\\\/disaar-shampooing-et-teinture-capillaire-au-collagene-et-a-lhuile\\\/#breadcrumb\"},\"inLanguage\":\"ar\",\"potentialAction\":[{\"@type\":\"ReadAction\",\"target\":[\"https:\\\/\\\/vitablanca.ma\\\/produit\\\/disaar-shampooing-et-teinture-capillaire-au-collagene-et-a-lhuile\\\/\"]}]},{\"@type\":\"ImageObject\",\"inLanguage\":\"ar\",\"@id\":\"https:\\\/\\\/vitablanca.ma\\\/produit\\\/disaar-shampooing-et-teinture-capillaire-au-collagene-et-a-lhuile\\\/#primaryimage\",\"url\":\"https:\\\/\\\/vitablanca.ma\\\/wp-content\\\/uploads\\\/2025\\\/05\\\/1-_3.jpg\",\"contentUrl\":\"https:\\\/\\\/vitablanca.ma\\\/wp-content\\\/uploads\\\/2025\\\/05\\\/1-_3.jpg\",\"width\":500,\"height\":500},{\"@type\":\"BreadcrumbList\",\"@id\":\"https:\\\/\\\/vitablanca.ma\\\/produit\\\/disaar-shampooing-et-teinture-capillaire-au-collagene-et-a-lhuile\\\/#breadcrumb\",\"itemListElement\":[{\"@type\":\"ListItem\",\"position\":1,\"name\":\"Home\",\"item\":\"https:\\\/\\\/vitablanca.ma\\\/\"},{\"@type\":\"ListItem\",\"position\":2,\"name\":\"Tous Les Produits\",\"item\":\"https:\\\/\\\/vitablanca.ma\\\/tous-les-produits\\\/\"},{\"@type\":\"ListItem\",\"position\":3,\"name\":\"Disaar Shampooing et teinture capillaire au collag\u00e8ne et \u00e0 l&#8217;huile\"}]},{\"@type\":\"WebSite\",\"@id\":\"https:\\\/\\\/vitablanca.ma\\\/#website\",\"url\":\"https:\\\/\\\/vitablanca.ma\\\/\",\"name\":\"VitaBlanca.ma | Compl\u00e9ments alimentaires, sant\u00e9 & beaut\u00e9 au Maroc\",\"description\":\"vendre vitamines et compl\u00e9ments premium des USA &amp; Canada, Nouvelle Z\u00e9lande,Maroc (NOW Foods, Solgar, Manuka). Livraison rapide partout au Maroc.\",\"publisher\":{\"@id\":\"https:\\\/\\\/vitablanca.ma\\\/#organization\"},\"alternateName\":\"VitaBlanca.ma\",\"potentialAction\":[{\"@type\":\"SearchAction\",\"target\":{\"@type\":\"EntryPoint\",\"urlTemplate\":\"https:\\\/\\\/vitablanca.ma\\\/?s={search_term_string}\"},\"query-input\":{\"@type\":\"PropertyValueSpecification\",\"valueRequired\":true,\"valueName\":\"search_term_string\"}}],\"inLanguage\":\"ar\"},{\"@type\":\"Organization\",\"@id\":\"https:\\\/\\\/vitablanca.ma\\\/#organization\",\"name\":\"VitaBlanca\",\"url\":\"https:\\\/\\\/vitablanca.ma\\\/\",\"logo\":{\"@type\":\"ImageObject\",\"inLanguage\":\"ar\",\"@id\":\"https:\\\/\\\/vitablanca.ma\\\/#\\\/schema\\\/logo\\\/image\\\/\",\"url\":\"https:\\\/\\\/vitablanca.ma\\\/wp-content\\\/uploads\\\/2025\\\/05\\\/cropped-vitablanca.png\",\"contentUrl\":\"https:\\\/\\\/vitablanca.ma\\\/wp-content\\\/uploads\\\/2025\\\/05\\\/cropped-vitablanca.png\",\"width\":360,\"height\":67,\"caption\":\"VitaBlanca\"},\"image\":{\"@id\":\"https:\\\/\\\/vitablanca.ma\\\/#\\\/schema\\\/logo\\\/image\\\/\"},\"sameAs\":[\"https:\\\/\\\/www.facebook.com\\\/profile.php?id=61576678196717\",\"https:\\\/\\\/www.tiktok.com\\\/@vitablanca.ma\",\"https:\\\/\\\/www.instagram.com\\\/vitablanca.ma\\\/\"]}]}<\/script>\n<!-- \/ Yoast SEO plugin. -->","yoast_head_json":{"title":"\u0634\u0627\u0645\u0628\u0648 \u0648\u0635\u0628\u063a\u0629 \u0634\u0639\u0631 \u062f\u064a\u0633\u0627\u0631 \u0628\u0627\u0644\u0643\u0648\u0644\u0627\u062c\u064a\u0646 \u0648\u0627\u0644\u0632\u064a\u062a - \u0633\u0639\u0631 \u0627\u0644\u0645\u063a\u0631\u0628","description":"\u0634\u0627\u0645\u0628\u0648 \u0648\u0635\u0628\u063a\u0629 \u0634\u0639\u0631 \u062f\u064a\u0633\u0627\u0631 \u0628\u0627\u0644\u0643\u0648\u0644\u0627\u062c\u064a\u0646 \u0648\u0627\u0644\u0632\u064a\u062a","robots":{"index":"index","follow":"follow","max-snippet":"max-snippet:-1","max-image-preview":"max-image-preview:large","max-video-preview":"max-video-preview:-1"},"canonical":"https:\/\/vitablanca.ma\/ar\/product-2\/disaar-shampooing-et-teinture-capillaire-au-collagene-et-a-lhuile\/","og_locale":"ar_AR","og_type":"article","og_title":"Disaar Shampooing et teinture capillaire au collag\u00e8ne et \u00e0 l'huile - Maroc Prix","og_description":"Disaar Shampooing et teinture capillaire au collag\u00e8ne et \u00e0 l'huile","og_url":"https:\/\/vitablanca.ma\/ar\/product-2\/disaar-shampooing-et-teinture-capillaire-au-collagene-et-a-lhuile\/","og_site_name":"Vitablanca.ma &ndash; Sant&eacute;, vitalit&eacute; et bien-&ecirc;tre pour tous les Marocains","article_publisher":"https:\/\/www.facebook.com\/profile.php?id=61576678196717","og_image":[{"width":500,"height":500,"url":"https:\/\/vitablanca.ma\/wp-content\/uploads\/2025\/05\/1-_3.jpg","type":"image\/jpeg"}],"twitter_card":"summary_large_image","twitter_misc":{"\u0648\u0642\u062a \u0627\u0644\u0642\u0631\u0627\u0621\u0629 \u0627\u0644\u0645\u064f\u0642\u062f\u0651\u0631":"\u062f\u0642\u064a\u0642\u0629 \u0648\u0627\u062d\u062f\u0629"},"schema":{"@context":"https:\/\/schema.org","@graph":[{"@type":["WebPage","ItemPage"],"@id":"https:\/\/vitablanca.ma\/produit\/disaar-shampooing-et-teinture-capillaire-au-collagene-et-a-lhuile\/","url":"https:\/\/vitablanca.ma\/produit\/disaar-shampooing-et-teinture-capillaire-au-collagene-et-a-lhuile\/","name":"\u0634\u0627\u0645\u0628\u0648 \u0648\u0635\u0628\u063a\u0629 \u0634\u0639\u0631 \u062f\u064a\u0633\u0627\u0631 \u0628\u0627\u0644\u0643\u0648\u0644\u0627\u062c\u064a\u0646 \u0648\u0627\u0644\u0632\u064a\u062a - \u0633\u0639\u0631 \u0627\u0644\u0645\u063a\u0631\u0628","isPartOf":{"@id":"https:\/\/vitablanca.ma\/#website"},"primaryImageOfPage":{"@id":"https:\/\/vitablanca.ma\/produit\/disaar-shampooing-et-teinture-capillaire-au-collagene-et-a-lhuile\/#primaryimage"},"image":{"@id":"https:\/\/vitablanca.ma\/produit\/disaar-shampooing-et-teinture-capillaire-au-collagene-et-a-lhuile\/#primaryimage"},"thumbnailUrl":"https:\/\/vitablanca.ma\/wp-content\/uploads\/2025\/05\/1-_3.jpg","datePublished":"2025-05-28T22:12:16+00:00","description":"\u0634\u0627\u0645\u0628\u0648 \u0648\u0635\u0628\u063a\u0629 \u0634\u0639\u0631 \u062f\u064a\u0633\u0627\u0631 \u0628\u0627\u0644\u0643\u0648\u0644\u0627\u062c\u064a\u0646 \u0648\u0627\u0644\u0632\u064a\u062a","breadcrumb":{"@id":"https:\/\/vitablanca.ma\/produit\/disaar-shampooing-et-teinture-capillaire-au-collagene-et-a-lhuile\/#breadcrumb"},"inLanguage":"ar","potentialAction":[{"@type":"ReadAction","target":["https:\/\/vitablanca.ma\/produit\/disaar-shampooing-et-teinture-capillaire-au-collagene-et-a-lhuile\/"]}]},{"@type":"ImageObject","inLanguage":"ar","@id":"https:\/\/vitablanca.ma\/produit\/disaar-shampooing-et-teinture-capillaire-au-collagene-et-a-lhuile\/#primaryimage","url":"https:\/\/vitablanca.ma\/wp-content\/uploads\/2025\/05\/1-_3.jpg","contentUrl":"https:\/\/vitablanca.ma\/wp-content\/uploads\/2025\/05\/1-_3.jpg","width":500,"height":500},{"@type":"BreadcrumbList","@id":"https:\/\/vitablanca.ma\/produit\/disaar-shampooing-et-teinture-capillaire-au-collagene-et-a-lhuile\/#breadcrumb","itemListElement":[{"@type":"ListItem","position":1,"name":"Home","item":"https:\/\/vitablanca.ma\/"},{"@type":"ListItem","position":2,"name":"Tous Les Produits","item":"https:\/\/vitablanca.ma\/tous-les-produits\/"},{"@type":"ListItem","position":3,"name":"Disaar Shampooing et teinture capillaire au collag\u00e8ne et \u00e0 l&#8217;huile"}]},{"@type":"WebSite","@id":"https:\/\/vitablanca.ma\/#website","url":"https:\/\/vitablanca.ma\/","name":"VitaBlanca.ma | \u0627\u0644\u0645\u0643\u0645\u0644\u0627\u062a \u0627\u0644\u063a\u0630\u0627\u0626\u064a\u0629\u060c \u0627\u0644\u0635\u062d\u0629 \u0648\u0627\u0644\u062c\u0645\u0627\u0644 \u0641\u064a \u0627\u0644\u0645\u063a\u0631\u0628","description":"\u0646\u0628\u064a\u0639 \u0641\u064a\u062a\u0627\u0645\u064a\u0646\u0627\u062a \u0648\u0645\u0643\u0645\u0644\u0627\u062a \u063a\u0630\u0627\u0626\u064a\u0629 \u0641\u0627\u062e\u0631\u0629 \u0645\u0646 \u0627\u0644\u0648\u0644\u0627\u064a\u0627\u062a \u0627\u0644\u0645\u062a\u062d\u062f\u0629 \u0627\u0644\u0623\u0645\u0631\u064a\u0643\u064a\u0629 \u0648\u0643\u0646\u062f\u0627 \u0648\u0646\u064a\u0648\u0632\u064a\u0644\u0646\u062f\u0627 \u0648\u0627\u0644\u0645\u063a\u0631\u0628 (\u0646\u0627\u0648 \u0641\u0648\u062f\u0632\u060c \u0633\u0648\u0644\u062c\u0627\u0631\u060c \u0645\u0627\u0646\u0648\u0643\u0627). \u062a\u0648\u0635\u064a\u0644 \u0633\u0631\u064a\u0639 \u0625\u0644\u0649 \u062c\u0645\u064a\u0639 \u0623\u0646\u062d\u0627\u0621 \u0627\u0644\u0645\u063a\u0631\u0628.","publisher":{"@id":"https:\/\/vitablanca.ma\/#organization"},"alternateName":"VitaBlanca.ma","potentialAction":[{"@type":"SearchAction","target":{"@type":"EntryPoint","urlTemplate":"https:\/\/vitablanca.ma\/?s={search_term_string}"},"query-input":{"@type":"PropertyValueSpecification","valueRequired":true,"valueName":"search_term_string"}}],"inLanguage":"ar"},{"@type":"Organization","@id":"https:\/\/vitablanca.ma\/#organization","name":"\u0641\u064a\u062a\u0627\u0628\u0644\u0627\u0646\u0643\u0627","url":"https:\/\/vitablanca.ma\/","logo":{"@type":"ImageObject","inLanguage":"ar","@id":"https:\/\/vitablanca.ma\/#\/schema\/logo\/image\/","url":"https:\/\/vitablanca.ma\/wp-content\/uploads\/2025\/05\/cropped-vitablanca.png","contentUrl":"https:\/\/vitablanca.ma\/wp-content\/uploads\/2025\/05\/cropped-vitablanca.png","width":360,"height":67,"caption":"VitaBlanca"},"image":{"@id":"https:\/\/vitablanca.ma\/#\/schema\/logo\/image\/"},"sameAs":["https:\/\/www.facebook.com\/profile.php?id=61576678196717","https:\/\/www.tiktok.com\/@vitablanca.ma","https:\/\/www.instagram.com\/vitablanca.ma\/"]}]}},"jetpack_sharing_enabled":true,"_links":{"self":[{"href":"https:\/\/vitablanca.ma\/ar\/wp-json\/wp\/v2\/product\/12634","targetHints":{"allow":["GET"]}}],"collection":[{"href":"https:\/\/vitablanca.ma\/ar\/wp-json\/wp\/v2\/product"}],"about":[{"href":"https:\/\/vitablanca.ma\/ar\/wp-json\/wp\/v2\/types\/product"}],"wp:featuredmedia":[{"embeddable":true,"href":"https:\/\/vitablanca.ma\/ar\/wp-json\/wp\/v2\/media\/12633"}],"wp:attachment":[{"href":"https:\/\/vitablanca.ma\/ar\/wp-json\/wp\/v2\/media?parent=12634"}],"wp:term":[{"taxonomy":"product_brand","embeddable":true,"href":"https:\/\/vitablanca.ma\/ar\/wp-json\/wp\/v2\/product_brand?post=12634"},{"taxonomy":"product_cat","embeddable":true,"href":"https:\/\/vitablanca.ma\/ar\/wp-json\/wp\/v2\/product_cat?post=12634"},{"taxonomy":"product_tag","embeddable":true,"href":"https:\/\/vitablanca.ma\/ar\/wp-json\/wp\/v2\/product_tag?post=12634"}],"curies":[{"name":"wp","href":"https:\/\/api.w.org\/{rel}","templated":true}]}}