{"id":12622,"date":"2025-05-28T22:11:54","date_gmt":"2025-05-28T22:11:54","guid":{"rendered":"https:\/\/vitablanca.ma\/product\/shea-moisture-raw-shea-butter-moisture-retention-shampoo\/"},"modified":"2026-03-19T12:59:55","modified_gmt":"2026-03-19T12:59:55","slug":"shea-moisture-raw-shea-butter-moisture-retention-shampoo","status":"publish","type":"product","link":"https:\/\/vitablanca.ma\/ar\/product-2\/shea-moisture-raw-shea-butter-moisture-retention-shampoo\/","title":{"rendered":"\u0634\u0627\u0645\u0628\u0648 \u0634\u064a\u0627 \u0645\u0648\u064a\u0633\u062a\u0634\u0631 \u0628\u0632\u0628\u062f\u0629 \u0627\u0644\u0634\u064a\u0627 \u0627\u0644\u062e\u0627\u0645 \u0644\u0644\u062d\u0641\u0627\u0638 \u0639\u0644\u0649 \u0627\u0644\u0631\u0637\u0648\u0628\u0629"},"content":{"rendered":"<p>Notre shampooing Shea Moisture Raw Shea Butter Moisture Retention est enrichi d\u2019un m\u00e9lange unique de beurre de karit\u00e9 vierge, offrant jusqu\u2019\u00e0 3x plus d\u2019hydratation \u00e0 vos boucles et m\u00e8ches. Sa formule sans sulfate, aux algues marines et \u00e0 l\u2019huile d\u2019argan, nettoie en douceur les cheveux secs et rendra \u00e0 votre chevelure une apparence plus saine et plus douce. Id\u00e9al pour les cheveux naturels ou en transition.<\/p>","protected":false},"excerpt":{"rendered":"<p>Notre shampooing Shea Moisture Raw Shea Butter Moisture Retention est enrichi d\u2019un m\u00e9lange unique de beurre de karit\u00e9 vierge, offrant jusqu\u2019\u00e0 3x plus d\u2019hydratation \u00e0 vos boucles et m\u00e8ches. Sa formule sans sulfate, aux algues marines et \u00e0 l\u2019huile d\u2019argan, nettoie en douceur les cheveux secs et rendra \u00e0 votre chevelure une apparence plus saine [&hellip;]<\/p>\n","protected":false},"featured_media":12620,"template":"","meta":{"om_disable_all_campaigns":false},"product_brand":[],"product_cat":[15],"product_tag":[],"class_list":{"0":"post-12622","1":"product","2":"type-product","3":"status-publish","4":"has-post-thumbnail","6":"product_cat-beaute-sante-complements-alimentaires-soins-et-bien-etre-au-meilleur-prix","8":"first","9":"outofstock","10":"taxable","11":"shipping-taxable","12":"purchasable","13":"product-type-simple"},"yoast_head":"<!-- This site is optimized with the Yoast SEO plugin v27.5 - https:\/\/yoast.com\/product\/yoast-seo-wordpress\/ -->\n<title>Shea Moisture Raw Shea Butter Moisture Retention - Maroc Prix<\/title>\n<meta name=\"description\" content=\"D\u00e9couvrez le Shea Moisture Raw Shea Butter Shampoo 384ml au Maroc. Ce shampoing sans sulfate hydrate et fortifie intens\u00e9ment les cheveux secs,\" \/>\n<meta name=\"robots\" content=\"index, follow, max-snippet:-1, max-image-preview:large, max-video-preview:-1\" \/>\n<link rel=\"canonical\" href=\"https:\/\/vitablanca.ma\/ar\/product-2\/shea-moisture-raw-shea-butter-moisture-retention-shampoo\/\" \/>\n<meta property=\"og:locale\" content=\"ar_AR\" \/>\n<meta property=\"og:type\" content=\"article\" \/>\n<meta property=\"og:title\" content=\"Shea Moisture Raw Shea Butter Moisture Retention - Maroc Prix\" \/>\n<meta property=\"og:description\" content=\"D\u00e9couvrez le Shea Moisture Raw Shea Butter Shampoo 384ml au Maroc. Ce shampoing sans sulfate hydrate et fortifie intens\u00e9ment les cheveux secs,\" \/>\n<meta property=\"og:url\" content=\"https:\/\/vitablanca.ma\/ar\/product-2\/shea-moisture-raw-shea-butter-moisture-retention-shampoo\/\" \/>\n<meta property=\"og:site_name\" content=\"Vitablanca.ma &ndash; Sant&eacute;, vitalit&eacute; et bien-&ecirc;tre pour tous les Marocains\" \/>\n<meta property=\"article:publisher\" content=\"https:\/\/www.facebook.com\/profile.php?id=61576678196717\" \/>\n<meta property=\"article:modified_time\" content=\"2026-03-19T12:59:55+00:00\" \/>\n<meta property=\"og:image\" content=\"https:\/\/vitablanca.ma\/wp-content\/uploads\/2025\/05\/f56d44d4c87a2d176aa5ade9b13fb0291476c1cc-5000x5000-1.png\" \/>\n\t<meta property=\"og:image:width\" content=\"600\" \/>\n\t<meta property=\"og:image:height\" content=\"600\" \/>\n\t<meta property=\"og:image:type\" content=\"image\/png\" \/>\n<meta name=\"twitter:card\" content=\"summary_large_image\" \/>\n<meta name=\"twitter:label1\" content=\"\u0648\u0642\u062a \u0627\u0644\u0642\u0631\u0627\u0621\u0629 \u0627\u0644\u0645\u064f\u0642\u062f\u0651\u0631\" \/>\n\t<meta name=\"twitter:data1\" content=\"\u062f\u0642\u064a\u0642\u0629 \u0648\u0627\u062d\u062f\u0629\" \/>\n<script type=\"application\/ld+json\" class=\"yoast-schema-graph\">{\"@context\":\"https:\\\/\\\/schema.org\",\"@graph\":[{\"@type\":[\"WebPage\",\"ItemPage\"],\"@id\":\"https:\\\/\\\/vitablanca.ma\\\/produit\\\/shea-moisture-raw-shea-butter-moisture-retention-shampoo\\\/\",\"url\":\"https:\\\/\\\/vitablanca.ma\\\/produit\\\/shea-moisture-raw-shea-butter-moisture-retention-shampoo\\\/\",\"name\":\"Shea Moisture Raw Shea Butter Moisture Retention - Maroc Prix\",\"isPartOf\":{\"@id\":\"https:\\\/\\\/vitablanca.ma\\\/#website\"},\"primaryImageOfPage\":{\"@id\":\"https:\\\/\\\/vitablanca.ma\\\/produit\\\/shea-moisture-raw-shea-butter-moisture-retention-shampoo\\\/#primaryimage\"},\"image\":{\"@id\":\"https:\\\/\\\/vitablanca.ma\\\/produit\\\/shea-moisture-raw-shea-butter-moisture-retention-shampoo\\\/#primaryimage\"},\"thumbnailUrl\":\"https:\\\/\\\/vitablanca.ma\\\/wp-content\\\/uploads\\\/2025\\\/05\\\/f56d44d4c87a2d176aa5ade9b13fb0291476c1cc-5000x5000-1.png\",\"datePublished\":\"2025-05-28T22:11:54+00:00\",\"dateModified\":\"2026-03-19T12:59:55+00:00\",\"description\":\"D\u00e9couvrez le Shea Moisture Raw Shea Butter Shampoo 384ml au Maroc. Ce shampoing sans sulfate hydrate et fortifie intens\u00e9ment les cheveux secs,\",\"breadcrumb\":{\"@id\":\"https:\\\/\\\/vitablanca.ma\\\/produit\\\/shea-moisture-raw-shea-butter-moisture-retention-shampoo\\\/#breadcrumb\"},\"inLanguage\":\"ar\",\"potentialAction\":[{\"@type\":\"ReadAction\",\"target\":[\"https:\\\/\\\/vitablanca.ma\\\/produit\\\/shea-moisture-raw-shea-butter-moisture-retention-shampoo\\\/\"]}]},{\"@type\":\"ImageObject\",\"inLanguage\":\"ar\",\"@id\":\"https:\\\/\\\/vitablanca.ma\\\/produit\\\/shea-moisture-raw-shea-butter-moisture-retention-shampoo\\\/#primaryimage\",\"url\":\"https:\\\/\\\/vitablanca.ma\\\/wp-content\\\/uploads\\\/2025\\\/05\\\/f56d44d4c87a2d176aa5ade9b13fb0291476c1cc-5000x5000-1.png\",\"contentUrl\":\"https:\\\/\\\/vitablanca.ma\\\/wp-content\\\/uploads\\\/2025\\\/05\\\/f56d44d4c87a2d176aa5ade9b13fb0291476c1cc-5000x5000-1.png\",\"width\":600,\"height\":600},{\"@type\":\"BreadcrumbList\",\"@id\":\"https:\\\/\\\/vitablanca.ma\\\/produit\\\/shea-moisture-raw-shea-butter-moisture-retention-shampoo\\\/#breadcrumb\",\"itemListElement\":[{\"@type\":\"ListItem\",\"position\":1,\"name\":\"Home\",\"item\":\"https:\\\/\\\/vitablanca.ma\\\/\"},{\"@type\":\"ListItem\",\"position\":2,\"name\":\"Tous Les Produits\",\"item\":\"https:\\\/\\\/vitablanca.ma\\\/tous-les-produits\\\/\"},{\"@type\":\"ListItem\",\"position\":3,\"name\":\"Shea Moisture Raw Shea Butter Moisture Retention Shampoo\"}]},{\"@type\":\"WebSite\",\"@id\":\"https:\\\/\\\/vitablanca.ma\\\/#website\",\"url\":\"https:\\\/\\\/vitablanca.ma\\\/\",\"name\":\"VitaBlanca.ma | Compl\u00e9ments alimentaires, sant\u00e9 & beaut\u00e9 au Maroc\",\"description\":\"vendre vitamines et compl\u00e9ments premium des USA &amp; Canada, Nouvelle Z\u00e9lande,Maroc (NOW Foods, Solgar, Manuka). Livraison rapide partout au Maroc.\",\"publisher\":{\"@id\":\"https:\\\/\\\/vitablanca.ma\\\/#organization\"},\"alternateName\":\"VitaBlanca.ma\",\"potentialAction\":[{\"@type\":\"SearchAction\",\"target\":{\"@type\":\"EntryPoint\",\"urlTemplate\":\"https:\\\/\\\/vitablanca.ma\\\/?s={search_term_string}\"},\"query-input\":{\"@type\":\"PropertyValueSpecification\",\"valueRequired\":true,\"valueName\":\"search_term_string\"}}],\"inLanguage\":\"ar\"},{\"@type\":\"Organization\",\"@id\":\"https:\\\/\\\/vitablanca.ma\\\/#organization\",\"name\":\"VitaBlanca\",\"url\":\"https:\\\/\\\/vitablanca.ma\\\/\",\"logo\":{\"@type\":\"ImageObject\",\"inLanguage\":\"ar\",\"@id\":\"https:\\\/\\\/vitablanca.ma\\\/#\\\/schema\\\/logo\\\/image\\\/\",\"url\":\"https:\\\/\\\/vitablanca.ma\\\/wp-content\\\/uploads\\\/2025\\\/05\\\/cropped-vitablanca.png\",\"contentUrl\":\"https:\\\/\\\/vitablanca.ma\\\/wp-content\\\/uploads\\\/2025\\\/05\\\/cropped-vitablanca.png\",\"width\":360,\"height\":67,\"caption\":\"VitaBlanca\"},\"image\":{\"@id\":\"https:\\\/\\\/vitablanca.ma\\\/#\\\/schema\\\/logo\\\/image\\\/\"},\"sameAs\":[\"https:\\\/\\\/www.facebook.com\\\/profile.php?id=61576678196717\",\"https:\\\/\\\/www.tiktok.com\\\/@vitablanca.ma\",\"https:\\\/\\\/www.instagram.com\\\/vitablanca.ma\\\/\"]}]}<\/script>\n<!-- \/ Yoast SEO plugin. -->","yoast_head_json":{"title":"\u0632\u0628\u062f\u0629 \u0627\u0644\u0634\u064a\u0627 \u0627\u0644\u062e\u0627\u0645 \u0645\u0646 \u0634\u064a\u0627 \u0645\u0648\u064a\u0633\u062a\u0634\u0631 \u0644\u0644\u062d\u0641\u0627\u0638 \u0639\u0644\u0649 \u0627\u0644\u0631\u0637\u0648\u0628\u0629 - \u0633\u0639\u0631 \u0627\u0644\u0645\u063a\u0631\u0628","description":"\u0627\u0643\u062a\u0634\u0641\u064a \u0634\u0627\u0645\u0628\u0648 \u0632\u0628\u062f\u0629 \u0627\u0644\u0634\u064a\u0627 \u0627\u0644\u062e\u0627\u0645 \u0645\u0646 \u0634\u064a\u0627 \u0645\u0648\u064a\u0633\u062a\u0634\u0631\u060c \u0633\u0639\u0629 384 \u0645\u0644\u060c \u0641\u064a \u0627\u0644\u0645\u063a\u0631\u0628. \u0647\u0630\u0627 \u0627\u0644\u0634\u0627\u0645\u0628\u0648 \u0627\u0644\u062e\u0627\u0644\u064a \u0645\u0646 \u0627\u0644\u0643\u0628\u0631\u064a\u062a\u0627\u062a \u064a\u064f\u0631\u0637\u0628 \u0627\u0644\u0634\u0639\u0631 \u0627\u0644\u062c\u0627\u0641 \u0648\u064a\u0642\u0648\u064a\u0647 \u0628\u0643\u062b\u0627\u0641\u0629.","robots":{"index":"index","follow":"follow","max-snippet":"max-snippet:-1","max-image-preview":"max-image-preview:large","max-video-preview":"max-video-preview:-1"},"canonical":"https:\/\/vitablanca.ma\/ar\/product-2\/shea-moisture-raw-shea-butter-moisture-retention-shampoo\/","og_locale":"ar_AR","og_type":"article","og_title":"Shea Moisture Raw Shea Butter Moisture Retention - Maroc Prix","og_description":"D\u00e9couvrez le Shea Moisture Raw Shea Butter Shampoo 384ml au Maroc. Ce shampoing sans sulfate hydrate et fortifie intens\u00e9ment les cheveux secs,","og_url":"https:\/\/vitablanca.ma\/ar\/product-2\/shea-moisture-raw-shea-butter-moisture-retention-shampoo\/","og_site_name":"Vitablanca.ma &ndash; Sant&eacute;, vitalit&eacute; et bien-&ecirc;tre pour tous les Marocains","article_publisher":"https:\/\/www.facebook.com\/profile.php?id=61576678196717","article_modified_time":"2026-03-19T12:59:55+00:00","og_image":[{"width":600,"height":600,"url":"https:\/\/vitablanca.ma\/wp-content\/uploads\/2025\/05\/f56d44d4c87a2d176aa5ade9b13fb0291476c1cc-5000x5000-1.png","type":"image\/png"}],"twitter_card":"summary_large_image","twitter_misc":{"\u0648\u0642\u062a \u0627\u0644\u0642\u0631\u0627\u0621\u0629 \u0627\u0644\u0645\u064f\u0642\u062f\u0651\u0631":"\u062f\u0642\u064a\u0642\u0629 \u0648\u0627\u062d\u062f\u0629"},"schema":{"@context":"https:\/\/schema.org","@graph":[{"@type":["WebPage","ItemPage"],"@id":"https:\/\/vitablanca.ma\/produit\/shea-moisture-raw-shea-butter-moisture-retention-shampoo\/","url":"https:\/\/vitablanca.ma\/produit\/shea-moisture-raw-shea-butter-moisture-retention-shampoo\/","name":"\u0632\u0628\u062f\u0629 \u0627\u0644\u0634\u064a\u0627 \u0627\u0644\u062e\u0627\u0645 \u0645\u0646 \u0634\u064a\u0627 \u0645\u0648\u064a\u0633\u062a\u0634\u0631 \u0644\u0644\u062d\u0641\u0627\u0638 \u0639\u0644\u0649 \u0627\u0644\u0631\u0637\u0648\u0628\u0629 - \u0633\u0639\u0631 \u0627\u0644\u0645\u063a\u0631\u0628","isPartOf":{"@id":"https:\/\/vitablanca.ma\/#website"},"primaryImageOfPage":{"@id":"https:\/\/vitablanca.ma\/produit\/shea-moisture-raw-shea-butter-moisture-retention-shampoo\/#primaryimage"},"image":{"@id":"https:\/\/vitablanca.ma\/produit\/shea-moisture-raw-shea-butter-moisture-retention-shampoo\/#primaryimage"},"thumbnailUrl":"https:\/\/vitablanca.ma\/wp-content\/uploads\/2025\/05\/f56d44d4c87a2d176aa5ade9b13fb0291476c1cc-5000x5000-1.png","datePublished":"2025-05-28T22:11:54+00:00","dateModified":"2026-03-19T12:59:55+00:00","description":"\u0627\u0643\u062a\u0634\u0641\u064a \u0634\u0627\u0645\u0628\u0648 \u0632\u0628\u062f\u0629 \u0627\u0644\u0634\u064a\u0627 \u0627\u0644\u062e\u0627\u0645 \u0645\u0646 \u0634\u064a\u0627 \u0645\u0648\u064a\u0633\u062a\u0634\u0631\u060c \u0633\u0639\u0629 384 \u0645\u0644\u060c \u0641\u064a \u0627\u0644\u0645\u063a\u0631\u0628. \u0647\u0630\u0627 \u0627\u0644\u0634\u0627\u0645\u0628\u0648 \u0627\u0644\u062e\u0627\u0644\u064a \u0645\u0646 \u0627\u0644\u0643\u0628\u0631\u064a\u062a\u0627\u062a \u064a\u064f\u0631\u0637\u0628 \u0627\u0644\u0634\u0639\u0631 \u0627\u0644\u062c\u0627\u0641 \u0648\u064a\u0642\u0648\u064a\u0647 \u0628\u0643\u062b\u0627\u0641\u0629.","breadcrumb":{"@id":"https:\/\/vitablanca.ma\/produit\/shea-moisture-raw-shea-butter-moisture-retention-shampoo\/#breadcrumb"},"inLanguage":"ar","potentialAction":[{"@type":"ReadAction","target":["https:\/\/vitablanca.ma\/produit\/shea-moisture-raw-shea-butter-moisture-retention-shampoo\/"]}]},{"@type":"ImageObject","inLanguage":"ar","@id":"https:\/\/vitablanca.ma\/produit\/shea-moisture-raw-shea-butter-moisture-retention-shampoo\/#primaryimage","url":"https:\/\/vitablanca.ma\/wp-content\/uploads\/2025\/05\/f56d44d4c87a2d176aa5ade9b13fb0291476c1cc-5000x5000-1.png","contentUrl":"https:\/\/vitablanca.ma\/wp-content\/uploads\/2025\/05\/f56d44d4c87a2d176aa5ade9b13fb0291476c1cc-5000x5000-1.png","width":600,"height":600},{"@type":"BreadcrumbList","@id":"https:\/\/vitablanca.ma\/produit\/shea-moisture-raw-shea-butter-moisture-retention-shampoo\/#breadcrumb","itemListElement":[{"@type":"ListItem","position":1,"name":"Home","item":"https:\/\/vitablanca.ma\/"},{"@type":"ListItem","position":2,"name":"Tous Les Produits","item":"https:\/\/vitablanca.ma\/tous-les-produits\/"},{"@type":"ListItem","position":3,"name":"Shea Moisture Raw Shea Butter Moisture Retention Shampoo"}]},{"@type":"WebSite","@id":"https:\/\/vitablanca.ma\/#website","url":"https:\/\/vitablanca.ma\/","name":"VitaBlanca.ma | \u0627\u0644\u0645\u0643\u0645\u0644\u0627\u062a \u0627\u0644\u063a\u0630\u0627\u0626\u064a\u0629\u060c \u0627\u0644\u0635\u062d\u0629 \u0648\u0627\u0644\u062c\u0645\u0627\u0644 \u0641\u064a \u0627\u0644\u0645\u063a\u0631\u0628","description":"\u0646\u0628\u064a\u0639 \u0641\u064a\u062a\u0627\u0645\u064a\u0646\u0627\u062a \u0648\u0645\u0643\u0645\u0644\u0627\u062a \u063a\u0630\u0627\u0626\u064a\u0629 \u0641\u0627\u062e\u0631\u0629 \u0645\u0646 \u0627\u0644\u0648\u0644\u0627\u064a\u0627\u062a \u0627\u0644\u0645\u062a\u062d\u062f\u0629 \u0627\u0644\u0623\u0645\u0631\u064a\u0643\u064a\u0629 \u0648\u0643\u0646\u062f\u0627 \u0648\u0646\u064a\u0648\u0632\u064a\u0644\u0646\u062f\u0627 \u0648\u0627\u0644\u0645\u063a\u0631\u0628 (\u0646\u0627\u0648 \u0641\u0648\u062f\u0632\u060c \u0633\u0648\u0644\u062c\u0627\u0631\u060c \u0645\u0627\u0646\u0648\u0643\u0627). \u062a\u0648\u0635\u064a\u0644 \u0633\u0631\u064a\u0639 \u0625\u0644\u0649 \u062c\u0645\u064a\u0639 \u0623\u0646\u062d\u0627\u0621 \u0627\u0644\u0645\u063a\u0631\u0628.","publisher":{"@id":"https:\/\/vitablanca.ma\/#organization"},"alternateName":"VitaBlanca.ma","potentialAction":[{"@type":"SearchAction","target":{"@type":"EntryPoint","urlTemplate":"https:\/\/vitablanca.ma\/?s={search_term_string}"},"query-input":{"@type":"PropertyValueSpecification","valueRequired":true,"valueName":"search_term_string"}}],"inLanguage":"ar"},{"@type":"Organization","@id":"https:\/\/vitablanca.ma\/#organization","name":"\u0641\u064a\u062a\u0627\u0628\u0644\u0627\u0646\u0643\u0627","url":"https:\/\/vitablanca.ma\/","logo":{"@type":"ImageObject","inLanguage":"ar","@id":"https:\/\/vitablanca.ma\/#\/schema\/logo\/image\/","url":"https:\/\/vitablanca.ma\/wp-content\/uploads\/2025\/05\/cropped-vitablanca.png","contentUrl":"https:\/\/vitablanca.ma\/wp-content\/uploads\/2025\/05\/cropped-vitablanca.png","width":360,"height":67,"caption":"VitaBlanca"},"image":{"@id":"https:\/\/vitablanca.ma\/#\/schema\/logo\/image\/"},"sameAs":["https:\/\/www.facebook.com\/profile.php?id=61576678196717","https:\/\/www.tiktok.com\/@vitablanca.ma","https:\/\/www.instagram.com\/vitablanca.ma\/"]}]}},"jetpack_sharing_enabled":true,"_links":{"self":[{"href":"https:\/\/vitablanca.ma\/ar\/wp-json\/wp\/v2\/product\/12622","targetHints":{"allow":["GET"]}}],"collection":[{"href":"https:\/\/vitablanca.ma\/ar\/wp-json\/wp\/v2\/product"}],"about":[{"href":"https:\/\/vitablanca.ma\/ar\/wp-json\/wp\/v2\/types\/product"}],"wp:featuredmedia":[{"embeddable":true,"href":"https:\/\/vitablanca.ma\/ar\/wp-json\/wp\/v2\/media\/12620"}],"wp:attachment":[{"href":"https:\/\/vitablanca.ma\/ar\/wp-json\/wp\/v2\/media?parent=12622"}],"wp:term":[{"taxonomy":"product_brand","embeddable":true,"href":"https:\/\/vitablanca.ma\/ar\/wp-json\/wp\/v2\/product_brand?post=12622"},{"taxonomy":"product_cat","embeddable":true,"href":"https:\/\/vitablanca.ma\/ar\/wp-json\/wp\/v2\/product_cat?post=12622"},{"taxonomy":"product_tag","embeddable":true,"href":"https:\/\/vitablanca.ma\/ar\/wp-json\/wp\/v2\/product_tag?post=12622"}],"curies":[{"name":"wp","href":"https:\/\/api.w.org\/{rel}","templated":true}]}}