{"id":12613,"date":"2025-05-28T22:11:39","date_gmt":"2025-05-28T22:11:39","guid":{"rendered":"https:\/\/vitablanca.ma\/product\/rose-baie-shampoing-a-la-keratine-et-a-lhuile-de-figue-de-barbarie\/"},"modified":"2025-05-28T22:11:39","modified_gmt":"2025-05-28T22:11:39","slug":"rose-baie-shampoing-a-la-keratine-et-a-lhuile-de-figue-de-barbarie","status":"publish","type":"product","link":"https:\/\/vitablanca.ma\/ar\/product-2\/rose-baie-shampoing-a-la-keratine-et-a-lhuile-de-figue-de-barbarie\/","title":{"rendered":"\u0634\u0627\u0645\u0628\u0648 \u0631\u0648\u0632 \u0628\u0627\u064a \u0628\u0627\u0644\u0643\u064a\u0631\u0627\u062a\u064a\u0646 \u0648\u0632\u064a\u062a \u0627\u0644\u0635\u0628\u0627\u0631 \u0627\u0644\u0634\u0627\u0626\u0643"},"content":{"rendered":"<p data-mce-fragment=\"1\">Shampoing traitant hydratant \u00e0 base d\u2019huile de figue de Barbarie.<br data-mce-fragment=\"1\">Recommand\u00e9 pour les cheveux \u00e0 tendance grasse, fris\u00e9s ou cr\u00e9pus.<br data-mce-fragment=\"1\">\u064a\u0632\u064a\u0644 \u0627\u0644\u062a\u062c\u0639\u062f\u060c \u0648\u064a\u0631\u0637\u0628 \u0627\u0644\u0634\u0639\u0631 \u0648\u064a\u062c\u0639\u0644\u0647 \u0644\u0627\u0645\u0639\u064b\u0627.<\/p>\n<p data-mce-fragment=\"1\">\u0627\u0644\u0643\u064a\u0631\u0627\u062a\u064a\u0646 \u064a\u062d\u0645\u064a \u0648\u064a\u0646\u0639\u0645 \u0648\u064a\u0639\u064a\u062f \u0627\u0644\u0642\u0648\u0629 \u0648\u0627\u0644\u0644\u0645\u0639\u0627\u0646 \u0644\u0634\u0639\u0631\u0643.<\/p>\n<p data-mce-fragment=\"1\">\u064a\u062a\u0645\u064a\u0632 \u0627\u0644\u062a\u064a\u0646 \u0627\u0644\u0628\u0631\u0628\u0631\u064a \u0628\u062a\u0623\u062b\u064a\u0631\u0647 \u0627\u0644\u0645\u0646\u0638\u0645 \u0644\u0644\u062f\u0647\u0648\u0646. \u0628\u0641\u0636\u0644 \u0645\u062d\u062a\u0648\u0627\u0647 \u0627\u0644\u0639\u0627\u0644\u064a \u0645\u0646 \u0641\u064a\u062a\u0627\u0645\u064a\u0646 \u0647\u0640\u060c \u064a\u0633\u0627\u0639\u062f \u0639\u0644\u0649<br data-mce-fragment=\"1\">\u0627\u0644\u0639\u0646\u0627\u064a\u0629 \u0628\u0627\u0644\u0634\u0639\u0631 \u0628\u0634\u0643\u0644 \u0639\u0645\u064a\u0642 \u062f\u0648\u0646 \u062c\u0639\u0644\u0647 \u062f\u0647\u0646\u064a\u064b\u0627 \u0623\u0648 \u062c\u0627\u0641\u064b\u0627 \u0644\u0644\u063a\u0627\u064a\u0629.<\/p>\n<p data-mce-fragment=\"1\"><strong>\u062e\u0627\u0644\u064a \u0645\u0646 \u0627\u0644\u0628\u0627\u0631\u0627\u0628\u064a\u0646 \u0648\u0627\u0644\u0643\u0628\u0631\u064a\u062a\u0627\u062a.<\/strong><\/p>","protected":false},"excerpt":{"rendered":"<p>Shampoing traitant hydratant \u00e0 base d\u2019huile de figue de Barbarie.Recommand\u00e9 pour les cheveux \u00e0 tendance grasse, fris\u00e9s ou cr\u00e9pus.Il \u00e9limine les frisottis, hydrate et fait briller vos cheveux. LA KERATINE prot\u00e8ge, lisse, et redonne force et brillance \u00e0 vos cheveux. La Figue de Barabarie a une action s\u00e9bo-r\u00e9gulatrice. Avec sa forte contenance en vitamine E, [&hellip;]<\/p>\n","protected":false},"featured_media":12612,"template":"","meta":{"om_disable_all_campaigns":false},"product_brand":[],"product_cat":[15],"product_tag":[],"class_list":{"0":"post-12613","1":"product","2":"type-product","3":"status-publish","4":"has-post-thumbnail","6":"product_cat-beaute-sante-complements-alimentaires-soins-et-bien-etre-au-meilleur-prix","8":"first","9":"instock","10":"sale","11":"taxable","12":"shipping-taxable","13":"purchasable","14":"product-type-simple"},"yoast_head":"<!-- This site is optimized with the Yoast SEO plugin v27.5 - https:\/\/yoast.com\/product\/yoast-seo-wordpress\/ -->\n<title>Rose Baie Shampoing \u00c0 La K\u00e9ratine Et \u00c0 L\u2019huile De Figue De Barbarie - Maroc Prix<\/title>\n<meta name=\"description\" content=\"Rose Baie Shampoing \u00c0 La K\u00e9ratine Et \u00c0 L\u2019huile De Figue De Barbarie\" \/>\n<meta name=\"robots\" content=\"index, follow, max-snippet:-1, max-image-preview:large, max-video-preview:-1\" \/>\n<link rel=\"canonical\" href=\"https:\/\/vitablanca.ma\/ar\/product-2\/rose-baie-shampoing-a-la-keratine-et-a-lhuile-de-figue-de-barbarie\/\" \/>\n<meta property=\"og:locale\" content=\"ar_AR\" \/>\n<meta property=\"og:type\" content=\"article\" \/>\n<meta property=\"og:title\" content=\"Rose Baie Shampoing \u00c0 La K\u00e9ratine Et \u00c0 L\u2019huile De Figue De Barbarie - Maroc Prix\" \/>\n<meta property=\"og:description\" content=\"Rose Baie Shampoing \u00c0 La K\u00e9ratine Et \u00c0 L\u2019huile De Figue De Barbarie\" \/>\n<meta property=\"og:url\" content=\"https:\/\/vitablanca.ma\/ar\/product-2\/rose-baie-shampoing-a-la-keratine-et-a-lhuile-de-figue-de-barbarie\/\" \/>\n<meta property=\"og:site_name\" content=\"Vitablanca.ma &ndash; Sant&eacute;, vitalit&eacute; et bien-&ecirc;tre pour tous les Marocains\" \/>\n<meta property=\"article:publisher\" content=\"https:\/\/www.facebook.com\/profile.php?id=61576678196717\" \/>\n<meta property=\"og:image\" content=\"https:\/\/vitablanca.ma\/wp-content\/uploads\/2025\/05\/FIGUE-DE-BARBARIE_007-Copie.jpg\" \/>\n\t<meta property=\"og:image:width\" content=\"1500\" \/>\n\t<meta property=\"og:image:height\" content=\"1500\" \/>\n\t<meta property=\"og:image:type\" content=\"image\/jpeg\" \/>\n<meta name=\"twitter:card\" content=\"summary_large_image\" \/>\n<script type=\"application\/ld+json\" class=\"yoast-schema-graph\">{\"@context\":\"https:\\\/\\\/schema.org\",\"@graph\":[{\"@type\":[\"WebPage\",\"ItemPage\"],\"@id\":\"https:\\\/\\\/vitablanca.ma\\\/produit\\\/rose-baie-shampoing-a-la-keratine-et-a-lhuile-de-figue-de-barbarie\\\/\",\"url\":\"https:\\\/\\\/vitablanca.ma\\\/produit\\\/rose-baie-shampoing-a-la-keratine-et-a-lhuile-de-figue-de-barbarie\\\/\",\"name\":\"Rose Baie Shampoing \u00c0 La K\u00e9ratine Et \u00c0 L\u2019huile De Figue De Barbarie - Maroc Prix\",\"isPartOf\":{\"@id\":\"https:\\\/\\\/vitablanca.ma\\\/#website\"},\"primaryImageOfPage\":{\"@id\":\"https:\\\/\\\/vitablanca.ma\\\/produit\\\/rose-baie-shampoing-a-la-keratine-et-a-lhuile-de-figue-de-barbarie\\\/#primaryimage\"},\"image\":{\"@id\":\"https:\\\/\\\/vitablanca.ma\\\/produit\\\/rose-baie-shampoing-a-la-keratine-et-a-lhuile-de-figue-de-barbarie\\\/#primaryimage\"},\"thumbnailUrl\":\"https:\\\/\\\/vitablanca.ma\\\/wp-content\\\/uploads\\\/2025\\\/05\\\/FIGUE-DE-BARBARIE_007-Copie.jpg\",\"datePublished\":\"2025-05-28T22:11:39+00:00\",\"description\":\"Rose Baie Shampoing \u00c0 La K\u00e9ratine Et \u00c0 L\u2019huile De Figue De Barbarie\",\"breadcrumb\":{\"@id\":\"https:\\\/\\\/vitablanca.ma\\\/produit\\\/rose-baie-shampoing-a-la-keratine-et-a-lhuile-de-figue-de-barbarie\\\/#breadcrumb\"},\"inLanguage\":\"ar\",\"potentialAction\":[{\"@type\":\"ReadAction\",\"target\":[\"https:\\\/\\\/vitablanca.ma\\\/produit\\\/rose-baie-shampoing-a-la-keratine-et-a-lhuile-de-figue-de-barbarie\\\/\"]}]},{\"@type\":\"ImageObject\",\"inLanguage\":\"ar\",\"@id\":\"https:\\\/\\\/vitablanca.ma\\\/produit\\\/rose-baie-shampoing-a-la-keratine-et-a-lhuile-de-figue-de-barbarie\\\/#primaryimage\",\"url\":\"https:\\\/\\\/vitablanca.ma\\\/wp-content\\\/uploads\\\/2025\\\/05\\\/FIGUE-DE-BARBARIE_007-Copie.jpg\",\"contentUrl\":\"https:\\\/\\\/vitablanca.ma\\\/wp-content\\\/uploads\\\/2025\\\/05\\\/FIGUE-DE-BARBARIE_007-Copie.jpg\",\"width\":1500,\"height\":1500},{\"@type\":\"BreadcrumbList\",\"@id\":\"https:\\\/\\\/vitablanca.ma\\\/produit\\\/rose-baie-shampoing-a-la-keratine-et-a-lhuile-de-figue-de-barbarie\\\/#breadcrumb\",\"itemListElement\":[{\"@type\":\"ListItem\",\"position\":1,\"name\":\"Home\",\"item\":\"https:\\\/\\\/vitablanca.ma\\\/\"},{\"@type\":\"ListItem\",\"position\":2,\"name\":\"Tous Les Produits\",\"item\":\"https:\\\/\\\/vitablanca.ma\\\/tous-les-produits\\\/\"},{\"@type\":\"ListItem\",\"position\":3,\"name\":\"Rose Baie Shampoing \u00c0 La K\u00e9ratine Et \u00c0 L\u2019huile De Figue De Barbarie\"}]},{\"@type\":\"WebSite\",\"@id\":\"https:\\\/\\\/vitablanca.ma\\\/#website\",\"url\":\"https:\\\/\\\/vitablanca.ma\\\/\",\"name\":\"VitaBlanca.ma | Compl\u00e9ments alimentaires, sant\u00e9 & beaut\u00e9 au Maroc\",\"description\":\"vendre vitamines et compl\u00e9ments premium des USA &amp; Canada, Nouvelle Z\u00e9lande,Maroc (NOW Foods, Solgar, Manuka). Livraison rapide partout au Maroc.\",\"publisher\":{\"@id\":\"https:\\\/\\\/vitablanca.ma\\\/#organization\"},\"alternateName\":\"VitaBlanca.ma\",\"potentialAction\":[{\"@type\":\"SearchAction\",\"target\":{\"@type\":\"EntryPoint\",\"urlTemplate\":\"https:\\\/\\\/vitablanca.ma\\\/?s={search_term_string}\"},\"query-input\":{\"@type\":\"PropertyValueSpecification\",\"valueRequired\":true,\"valueName\":\"search_term_string\"}}],\"inLanguage\":\"ar\"},{\"@type\":\"Organization\",\"@id\":\"https:\\\/\\\/vitablanca.ma\\\/#organization\",\"name\":\"VitaBlanca\",\"url\":\"https:\\\/\\\/vitablanca.ma\\\/\",\"logo\":{\"@type\":\"ImageObject\",\"inLanguage\":\"ar\",\"@id\":\"https:\\\/\\\/vitablanca.ma\\\/#\\\/schema\\\/logo\\\/image\\\/\",\"url\":\"https:\\\/\\\/vitablanca.ma\\\/wp-content\\\/uploads\\\/2025\\\/05\\\/cropped-vitablanca.png\",\"contentUrl\":\"https:\\\/\\\/vitablanca.ma\\\/wp-content\\\/uploads\\\/2025\\\/05\\\/cropped-vitablanca.png\",\"width\":360,\"height\":67,\"caption\":\"VitaBlanca\"},\"image\":{\"@id\":\"https:\\\/\\\/vitablanca.ma\\\/#\\\/schema\\\/logo\\\/image\\\/\"},\"sameAs\":[\"https:\\\/\\\/www.facebook.com\\\/profile.php?id=61576678196717\",\"https:\\\/\\\/www.tiktok.com\\\/@vitablanca.ma\",\"https:\\\/\\\/www.instagram.com\\\/vitablanca.ma\\\/\"]}]}<\/script>\n<!-- \/ Yoast SEO plugin. -->","yoast_head_json":{"title":"Rose Baie Shampoing \u00c0 La K\u00e9ratine Et \u00c0 L\u2019huile De Figue De Barbarie - Maroc Prix","description":"\u0634\u0627\u0645\u0628\u0648 \u0631\u0648\u0632 \u0628\u0627\u064a \u0628\u0627\u0644\u0643\u064a\u0631\u0627\u062a\u064a\u0646 \u0648\u0632\u064a\u062a \u0627\u0644\u0635\u0628\u0627\u0631 \u0627\u0644\u0634\u0627\u0626\u0643","robots":{"index":"index","follow":"follow","max-snippet":"max-snippet:-1","max-image-preview":"max-image-preview:large","max-video-preview":"max-video-preview:-1"},"canonical":"https:\/\/vitablanca.ma\/ar\/product-2\/rose-baie-shampoing-a-la-keratine-et-a-lhuile-de-figue-de-barbarie\/","og_locale":"ar_AR","og_type":"article","og_title":"Rose Baie Shampoing \u00c0 La K\u00e9ratine Et \u00c0 L\u2019huile De Figue De Barbarie - Maroc Prix","og_description":"Rose Baie Shampoing \u00c0 La K\u00e9ratine Et \u00c0 L\u2019huile De Figue De Barbarie","og_url":"https:\/\/vitablanca.ma\/ar\/product-2\/rose-baie-shampoing-a-la-keratine-et-a-lhuile-de-figue-de-barbarie\/","og_site_name":"Vitablanca.ma &ndash; Sant&eacute;, vitalit&eacute; et bien-&ecirc;tre pour tous les Marocains","article_publisher":"https:\/\/www.facebook.com\/profile.php?id=61576678196717","og_image":[{"width":1500,"height":1500,"url":"https:\/\/vitablanca.ma\/wp-content\/uploads\/2025\/05\/FIGUE-DE-BARBARIE_007-Copie.jpg","type":"image\/jpeg"}],"twitter_card":"summary_large_image","schema":{"@context":"https:\/\/schema.org","@graph":[{"@type":["WebPage","ItemPage"],"@id":"https:\/\/vitablanca.ma\/produit\/rose-baie-shampoing-a-la-keratine-et-a-lhuile-de-figue-de-barbarie\/","url":"https:\/\/vitablanca.ma\/produit\/rose-baie-shampoing-a-la-keratine-et-a-lhuile-de-figue-de-barbarie\/","name":"Rose Baie Shampoing \u00c0 La K\u00e9ratine Et \u00c0 L\u2019huile De Figue De Barbarie - Maroc Prix","isPartOf":{"@id":"https:\/\/vitablanca.ma\/#website"},"primaryImageOfPage":{"@id":"https:\/\/vitablanca.ma\/produit\/rose-baie-shampoing-a-la-keratine-et-a-lhuile-de-figue-de-barbarie\/#primaryimage"},"image":{"@id":"https:\/\/vitablanca.ma\/produit\/rose-baie-shampoing-a-la-keratine-et-a-lhuile-de-figue-de-barbarie\/#primaryimage"},"thumbnailUrl":"https:\/\/vitablanca.ma\/wp-content\/uploads\/2025\/05\/FIGUE-DE-BARBARIE_007-Copie.jpg","datePublished":"2025-05-28T22:11:39+00:00","description":"\u0634\u0627\u0645\u0628\u0648 \u0631\u0648\u0632 \u0628\u0627\u064a \u0628\u0627\u0644\u0643\u064a\u0631\u0627\u062a\u064a\u0646 \u0648\u0632\u064a\u062a \u0627\u0644\u0635\u0628\u0627\u0631 \u0627\u0644\u0634\u0627\u0626\u0643","breadcrumb":{"@id":"https:\/\/vitablanca.ma\/produit\/rose-baie-shampoing-a-la-keratine-et-a-lhuile-de-figue-de-barbarie\/#breadcrumb"},"inLanguage":"ar","potentialAction":[{"@type":"ReadAction","target":["https:\/\/vitablanca.ma\/produit\/rose-baie-shampoing-a-la-keratine-et-a-lhuile-de-figue-de-barbarie\/"]}]},{"@type":"ImageObject","inLanguage":"ar","@id":"https:\/\/vitablanca.ma\/produit\/rose-baie-shampoing-a-la-keratine-et-a-lhuile-de-figue-de-barbarie\/#primaryimage","url":"https:\/\/vitablanca.ma\/wp-content\/uploads\/2025\/05\/FIGUE-DE-BARBARIE_007-Copie.jpg","contentUrl":"https:\/\/vitablanca.ma\/wp-content\/uploads\/2025\/05\/FIGUE-DE-BARBARIE_007-Copie.jpg","width":1500,"height":1500},{"@type":"BreadcrumbList","@id":"https:\/\/vitablanca.ma\/produit\/rose-baie-shampoing-a-la-keratine-et-a-lhuile-de-figue-de-barbarie\/#breadcrumb","itemListElement":[{"@type":"ListItem","position":1,"name":"Home","item":"https:\/\/vitablanca.ma\/"},{"@type":"ListItem","position":2,"name":"Tous Les Produits","item":"https:\/\/vitablanca.ma\/tous-les-produits\/"},{"@type":"ListItem","position":3,"name":"Rose Baie Shampoing \u00c0 La K\u00e9ratine Et \u00c0 L\u2019huile De Figue De Barbarie"}]},{"@type":"WebSite","@id":"https:\/\/vitablanca.ma\/#website","url":"https:\/\/vitablanca.ma\/","name":"VitaBlanca.ma | \u0627\u0644\u0645\u0643\u0645\u0644\u0627\u062a \u0627\u0644\u063a\u0630\u0627\u0626\u064a\u0629\u060c \u0627\u0644\u0635\u062d\u0629 \u0648\u0627\u0644\u062c\u0645\u0627\u0644 \u0641\u064a \u0627\u0644\u0645\u063a\u0631\u0628","description":"\u0646\u0628\u064a\u0639 \u0641\u064a\u062a\u0627\u0645\u064a\u0646\u0627\u062a \u0648\u0645\u0643\u0645\u0644\u0627\u062a \u063a\u0630\u0627\u0626\u064a\u0629 \u0641\u0627\u062e\u0631\u0629 \u0645\u0646 \u0627\u0644\u0648\u0644\u0627\u064a\u0627\u062a \u0627\u0644\u0645\u062a\u062d\u062f\u0629 \u0627\u0644\u0623\u0645\u0631\u064a\u0643\u064a\u0629 \u0648\u0643\u0646\u062f\u0627 \u0648\u0646\u064a\u0648\u0632\u064a\u0644\u0646\u062f\u0627 \u0648\u0627\u0644\u0645\u063a\u0631\u0628 (\u0646\u0627\u0648 \u0641\u0648\u062f\u0632\u060c \u0633\u0648\u0644\u062c\u0627\u0631\u060c \u0645\u0627\u0646\u0648\u0643\u0627). \u062a\u0648\u0635\u064a\u0644 \u0633\u0631\u064a\u0639 \u0625\u0644\u0649 \u062c\u0645\u064a\u0639 \u0623\u0646\u062d\u0627\u0621 \u0627\u0644\u0645\u063a\u0631\u0628.","publisher":{"@id":"https:\/\/vitablanca.ma\/#organization"},"alternateName":"VitaBlanca.ma","potentialAction":[{"@type":"SearchAction","target":{"@type":"EntryPoint","urlTemplate":"https:\/\/vitablanca.ma\/?s={search_term_string}"},"query-input":{"@type":"PropertyValueSpecification","valueRequired":true,"valueName":"search_term_string"}}],"inLanguage":"ar"},{"@type":"Organization","@id":"https:\/\/vitablanca.ma\/#organization","name":"\u0641\u064a\u062a\u0627\u0628\u0644\u0627\u0646\u0643\u0627","url":"https:\/\/vitablanca.ma\/","logo":{"@type":"ImageObject","inLanguage":"ar","@id":"https:\/\/vitablanca.ma\/#\/schema\/logo\/image\/","url":"https:\/\/vitablanca.ma\/wp-content\/uploads\/2025\/05\/cropped-vitablanca.png","contentUrl":"https:\/\/vitablanca.ma\/wp-content\/uploads\/2025\/05\/cropped-vitablanca.png","width":360,"height":67,"caption":"VitaBlanca"},"image":{"@id":"https:\/\/vitablanca.ma\/#\/schema\/logo\/image\/"},"sameAs":["https:\/\/www.facebook.com\/profile.php?id=61576678196717","https:\/\/www.tiktok.com\/@vitablanca.ma","https:\/\/www.instagram.com\/vitablanca.ma\/"]}]}},"jetpack_sharing_enabled":true,"_links":{"self":[{"href":"https:\/\/vitablanca.ma\/ar\/wp-json\/wp\/v2\/product\/12613","targetHints":{"allow":["GET"]}}],"collection":[{"href":"https:\/\/vitablanca.ma\/ar\/wp-json\/wp\/v2\/product"}],"about":[{"href":"https:\/\/vitablanca.ma\/ar\/wp-json\/wp\/v2\/types\/product"}],"wp:featuredmedia":[{"embeddable":true,"href":"https:\/\/vitablanca.ma\/ar\/wp-json\/wp\/v2\/media\/12612"}],"wp:attachment":[{"href":"https:\/\/vitablanca.ma\/ar\/wp-json\/wp\/v2\/media?parent=12613"}],"wp:term":[{"taxonomy":"product_brand","embeddable":true,"href":"https:\/\/vitablanca.ma\/ar\/wp-json\/wp\/v2\/product_brand?post=12613"},{"taxonomy":"product_cat","embeddable":true,"href":"https:\/\/vitablanca.ma\/ar\/wp-json\/wp\/v2\/product_cat?post=12613"},{"taxonomy":"product_tag","embeddable":true,"href":"https:\/\/vitablanca.ma\/ar\/wp-json\/wp\/v2\/product_tag?post=12613"}],"curies":[{"name":"wp","href":"https:\/\/api.w.org\/{rel}","templated":true}]}}