{"id":12600,"date":"2025-05-28T22:11:16","date_gmt":"2025-05-28T22:11:16","guid":{"rendered":"https:\/\/vitablanca.ma\/product\/shea-moisture-manuka-honey-yogurt-hydrate-repair-shampoo-384ml\/"},"modified":"2026-03-19T12:59:56","modified_gmt":"2026-03-19T12:59:56","slug":"shea-moisture-manuka-honey-yogurt-hydrate-repair-shampoo-384ml","status":"publish","type":"product","link":"https:\/\/vitablanca.ma\/ar\/product-2\/shea-moisture-manuka-honey-yogurt-hydrate-repair-shampoo-384ml\/","title":{"rendered":"\u0634\u0627\u0645\u0628\u0648 \u0634\u064a\u0627 \u0645\u0648\u064a\u0633\u062a\u0634\u0631 \u0628\u0639\u0633\u0644 \u0627\u0644\u0645\u0627\u0646\u0648\u0643\u0627 \u0648\u0627\u0644\u0632\u0628\u0627\u062f\u064a \u0644\u062a\u0631\u0637\u064a\u0628 \u0648\u0625\u0635\u0644\u0627\u062d \u0627\u0644\u0634\u0639\u0631 384 \u0645\u0644"},"content":{"rendered":"<p>\u0646\u0638\u0641\u064a \u0634\u0639\u0631\u0643 \u062c\u064a\u062f\u064b\u0627 \u0628\u0627\u0633\u062a\u062e\u062f\u0627\u0645<span>\u00a0<\/span><strong>\u0634\u0627\u0645\u0628\u0648 \u062a\u0631\u0637\u064a\u0628 \u0648\u0627\u0633\u062a\u0639\u0627\u062f\u0629 \u0639\u0633\u0644 \u0645\u0627\u0646\u0648\u0643\u0627 \u0648\u0627\u0644\u0632\u0628\u0627\u062f\u064a \u0645\u0646 \u0634\u064a\u0627 \u0645\u0648\u0633\u062a\u0648\u0631<\/strong>\u0634\u0627\u0645\u0628\u0648 \u062e\u0627\u0644\u064d \u0645\u0646 \u0627\u0644\u0643\u0628\u0631\u064a\u062a\u0627\u062a\u060c \u064a\u0632\u064a\u0644 \u0628\u0641\u0639\u0627\u0644\u064a\u0629 \u0627\u0644\u0634\u0648\u0627\u0626\u0628 \u0648\u0627\u0644\u0632\u064a\u0648\u062a \u0648\u062a\u0631\u0627\u0643\u0645 \u0627\u0644\u0645\u0646\u062a\u062c\u0627\u062a\u060c \u0648\u064a\u0645\u0646\u062d \u0627\u0644\u0634\u0639\u0631 \u062a\u0631\u0637\u064a\u0628\u064b\u0627 \u0645\u0643\u062b\u0641\u064b\u0627\u060c \u0648\u0628\u0631\u0648\u062a\u064a\u0646\u0627\u062a \u0645\u064f\u062c\u062f\u062f\u0629\u060c \u0648\u0645\u063a\u0630\u064a\u0627\u062a \u062a\u064f\u0639\u0632\u0632 \u0644\u0645\u0639\u0627\u0646\u0647. \u064a\u064f\u063a\u0644\u0651\u0641 \u0627\u0644\u0634\u0639\u0631 \u0628\u0645\u0632\u064a\u062c \u0645\u064f\u0642\u0648\u064d\u0651 \u0648\u0645\u064f\u0631\u0637\u0628 \u0644\u0644\u063a\u0627\u064a\u0629 \u0645\u0646 \u0632\u0628\u062f\u0629 \u0627\u0644\u0634\u064a\u0627 \u0627\u0644\u0639\u0636\u0648\u064a\u0629 \u0627\u0644\u0645\u064f\u0639\u062a\u0645\u062f\u0629\u060c \u0648\u0639\u0633\u0644 \u0627\u0644\u0645\u0627\u0646\u0648\u0643\u0627\u060c \u0648\u0627\u0644\u0632\u0628\u0627\u062f\u064a. \u062a\u064f\u062d\u0648\u0651\u0644 \u062a\u0631\u0643\u064a\u0628\u062a\u0647 \u0627\u0644\u0645\u064f\u0631\u0645\u0651\u0645\u0629 \u0627\u0644\u0634\u0639\u0631 \u0627\u0644\u0645\u064f\u062c\u0639\u0651\u062f \u0648\u0627\u0644\u0647\u0634\u0651 \u0645\u0646 \u062e\u0644\u0627\u0644 \u062a\u062d\u0633\u064a\u0646 \u0646\u0639\u0648\u0645\u062a\u0647 \u0648\u0645\u0644\u0645\u0633\u0647 \u0648\u0633\u0647\u0648\u0644\u0629 \u062a\u0635\u0641\u064a\u0641\u0647.\u00a0<\/p>\n<p><em>\u062e\u0627\u0644\u064a \u0645\u0646 \u0627\u0644\u0643\u0628\u0631\u064a\u062a\u0627\u062a \u0648\u0627\u0644\u0641\u062b\u0627\u0644\u0627\u062a \u0648\u0627\u0644\u0628\u0627\u0631\u0627\u0628\u064a\u0646 \u0648\u0627\u0644\u0628\u0631\u0648\u0628\u064a\u0644\u064a\u0646 \u062c\u0644\u064a\u0643\u0648\u0644 \u0648\u0627\u0644\u0632\u064a\u0648\u062a \u0627\u0644\u0645\u0639\u062f\u0646\u064a\u0629 \u0648\u0627\u0644\u0628\u062a\u0631\u0648\u0644.<\/em><\/p>\n<p><em>\u0644\u0645 \u064a\u062a\u0645 \u0627\u062e\u062a\u0628\u0627\u0631\u0647 \u0639\u0644\u0649 \u0627\u0644\u062d\u064a\u0648\u0627\u0646\u0627\u062a.<\/em><\/p>","protected":false},"excerpt":{"rendered":"<p>Nettoyez vos cheveux en profondeur avec le\u00a0Manuka Honey &amp; Yogurt Hydrate &amp; Recover Shampoo Shea Mosture, un shampooing sans sulfate qui \u00e9limine efficacement les impuret\u00e9s, le s\u00e9bum et l&rsquo;accumulation de produits tout en apportant aux cheveux une hydratation intensive, des prot\u00e9ines reconstituantes et des nutriments qui rehaussent la brillance. Enveloppant les cheveux dans un m\u00e9lange [&hellip;]<\/p>\n","protected":false},"featured_media":12599,"template":"","meta":{"om_disable_all_campaigns":false},"product_brand":[],"product_cat":[15],"product_tag":[],"class_list":{"0":"post-12600","1":"product","2":"type-product","3":"status-publish","4":"has-post-thumbnail","6":"product_cat-beaute-sante-complements-alimentaires-soins-et-bien-etre-au-meilleur-prix","8":"first","9":"outofstock","10":"taxable","11":"shipping-taxable","12":"purchasable","13":"product-type-simple"},"yoast_head":"<!-- This site is optimized with the Yoast SEO plugin v27.4 - https:\/\/yoast.com\/product\/yoast-seo-wordpress\/ -->\n<title>SHEA MOISTURE manuka honey &amp; yogurt hydrate 384ML - Maroc<\/title>\n<meta name=\"description\" content=\"D\u00e9couvrez le Shea Moisture Manuka Honey &amp; Yogurt Shampoo 384ml au Maroc. Ce shampoing sans sulfate hydrate et r\u00e9pare intens\u00e9ment les cheveux tr\u00e8s secs\" \/>\n<meta name=\"robots\" content=\"index, follow, max-snippet:-1, max-image-preview:large, max-video-preview:-1\" \/>\n<link rel=\"canonical\" href=\"https:\/\/vitablanca.ma\/ar\/product-2\/shea-moisture-manuka-honey-yogurt-hydrate-repair-shampoo-384ml\/\" \/>\n<meta property=\"og:locale\" content=\"ar_AR\" \/>\n<meta property=\"og:type\" content=\"article\" \/>\n<meta property=\"og:title\" content=\"SHEA MOISTURE manuka honey &amp; yogurt hydrate 384ML - Maroc\" \/>\n<meta property=\"og:description\" content=\"D\u00e9couvrez le Shea Moisture Manuka Honey &amp; Yogurt Shampoo 384ml au Maroc. Ce shampoing sans sulfate hydrate et r\u00e9pare intens\u00e9ment les cheveux tr\u00e8s secs\" \/>\n<meta property=\"og:url\" content=\"https:\/\/vitablanca.ma\/ar\/product-2\/shea-moisture-manuka-honey-yogurt-hydrate-repair-shampoo-384ml\/\" \/>\n<meta property=\"og:site_name\" content=\"Vitablanca.ma &ndash; Sant&eacute;, vitalit&eacute; et bien-&ecirc;tre pour tous les Marocains\" \/>\n<meta property=\"article:publisher\" content=\"https:\/\/www.facebook.com\/profile.php?id=61576678196717\" \/>\n<meta property=\"article:modified_time\" content=\"2026-03-19T12:59:56+00:00\" \/>\n<meta property=\"og:image\" content=\"https:\/\/vitablanca.ma\/wp-content\/uploads\/2025\/05\/shea-moisture-cheveux-manuka-honey-and-yogurt-hydrate-repair-shampoo-conditioner.jpg\" \/>\n\t<meta property=\"og:image:width\" content=\"800\" \/>\n\t<meta property=\"og:image:height\" content=\"800\" \/>\n\t<meta property=\"og:image:type\" content=\"image\/jpeg\" \/>\n<meta name=\"twitter:card\" content=\"summary_large_image\" \/>\n<meta name=\"twitter:label1\" content=\"\u0648\u0642\u062a \u0627\u0644\u0642\u0631\u0627\u0621\u0629 \u0627\u0644\u0645\u064f\u0642\u062f\u0651\u0631\" \/>\n\t<meta name=\"twitter:data1\" content=\"\u062f\u0642\u064a\u0642\u0629 \u0648\u0627\u062d\u062f\u0629\" \/>\n<script type=\"application\/ld+json\" class=\"yoast-schema-graph\">{\"@context\":\"https:\\\/\\\/schema.org\",\"@graph\":[{\"@type\":[\"WebPage\",\"ItemPage\"],\"@id\":\"https:\\\/\\\/vitablanca.ma\\\/produit\\\/shea-moisture-manuka-honey-yogurt-hydrate-repair-shampoo-384ml\\\/\",\"url\":\"https:\\\/\\\/vitablanca.ma\\\/produit\\\/shea-moisture-manuka-honey-yogurt-hydrate-repair-shampoo-384ml\\\/\",\"name\":\"SHEA MOISTURE manuka honey & yogurt hydrate 384ML - Maroc\",\"isPartOf\":{\"@id\":\"https:\\\/\\\/vitablanca.ma\\\/#website\"},\"primaryImageOfPage\":{\"@id\":\"https:\\\/\\\/vitablanca.ma\\\/produit\\\/shea-moisture-manuka-honey-yogurt-hydrate-repair-shampoo-384ml\\\/#primaryimage\"},\"image\":{\"@id\":\"https:\\\/\\\/vitablanca.ma\\\/produit\\\/shea-moisture-manuka-honey-yogurt-hydrate-repair-shampoo-384ml\\\/#primaryimage\"},\"thumbnailUrl\":\"https:\\\/\\\/vitablanca.ma\\\/wp-content\\\/uploads\\\/2025\\\/05\\\/shea-moisture-cheveux-manuka-honey-and-yogurt-hydrate-repair-shampoo-conditioner.jpg\",\"datePublished\":\"2025-05-28T22:11:16+00:00\",\"dateModified\":\"2026-03-19T12:59:56+00:00\",\"description\":\"D\u00e9couvrez le Shea Moisture Manuka Honey & Yogurt Shampoo 384ml au Maroc. Ce shampoing sans sulfate hydrate et r\u00e9pare intens\u00e9ment les cheveux tr\u00e8s secs\",\"breadcrumb\":{\"@id\":\"https:\\\/\\\/vitablanca.ma\\\/produit\\\/shea-moisture-manuka-honey-yogurt-hydrate-repair-shampoo-384ml\\\/#breadcrumb\"},\"inLanguage\":\"ar\",\"potentialAction\":[{\"@type\":\"ReadAction\",\"target\":[\"https:\\\/\\\/vitablanca.ma\\\/produit\\\/shea-moisture-manuka-honey-yogurt-hydrate-repair-shampoo-384ml\\\/\"]}]},{\"@type\":\"ImageObject\",\"inLanguage\":\"ar\",\"@id\":\"https:\\\/\\\/vitablanca.ma\\\/produit\\\/shea-moisture-manuka-honey-yogurt-hydrate-repair-shampoo-384ml\\\/#primaryimage\",\"url\":\"https:\\\/\\\/vitablanca.ma\\\/wp-content\\\/uploads\\\/2025\\\/05\\\/shea-moisture-cheveux-manuka-honey-and-yogurt-hydrate-repair-shampoo-conditioner.jpg\",\"contentUrl\":\"https:\\\/\\\/vitablanca.ma\\\/wp-content\\\/uploads\\\/2025\\\/05\\\/shea-moisture-cheveux-manuka-honey-and-yogurt-hydrate-repair-shampoo-conditioner.jpg\",\"width\":800,\"height\":800},{\"@type\":\"BreadcrumbList\",\"@id\":\"https:\\\/\\\/vitablanca.ma\\\/produit\\\/shea-moisture-manuka-honey-yogurt-hydrate-repair-shampoo-384ml\\\/#breadcrumb\",\"itemListElement\":[{\"@type\":\"ListItem\",\"position\":1,\"name\":\"Home\",\"item\":\"https:\\\/\\\/vitablanca.ma\\\/\"},{\"@type\":\"ListItem\",\"position\":2,\"name\":\"Tous Les Produits\",\"item\":\"https:\\\/\\\/vitablanca.ma\\\/tous-les-produits\\\/\"},{\"@type\":\"ListItem\",\"position\":3,\"name\":\"SHEA MOISTURE manuka honey &amp; yogurt hydrate + repair shampoo 384ML\"}]},{\"@type\":\"WebSite\",\"@id\":\"https:\\\/\\\/vitablanca.ma\\\/#website\",\"url\":\"https:\\\/\\\/vitablanca.ma\\\/\",\"name\":\"VitaBlanca.ma | Compl\u00e9ments alimentaires, sant\u00e9 & beaut\u00e9 au Maroc\",\"description\":\"vendre vitamines et compl\u00e9ments premium des USA &amp; Canada, Nouvelle Z\u00e9lande,Maroc (NOW Foods, Solgar, Manuka). Livraison rapide partout au Maroc.\",\"publisher\":{\"@id\":\"https:\\\/\\\/vitablanca.ma\\\/#organization\"},\"alternateName\":\"VitaBlanca.ma\",\"potentialAction\":[{\"@type\":\"SearchAction\",\"target\":{\"@type\":\"EntryPoint\",\"urlTemplate\":\"https:\\\/\\\/vitablanca.ma\\\/?s={search_term_string}\"},\"query-input\":{\"@type\":\"PropertyValueSpecification\",\"valueRequired\":true,\"valueName\":\"search_term_string\"}}],\"inLanguage\":\"ar\"},{\"@type\":\"Organization\",\"@id\":\"https:\\\/\\\/vitablanca.ma\\\/#organization\",\"name\":\"VitaBlanca\",\"url\":\"https:\\\/\\\/vitablanca.ma\\\/\",\"logo\":{\"@type\":\"ImageObject\",\"inLanguage\":\"ar\",\"@id\":\"https:\\\/\\\/vitablanca.ma\\\/#\\\/schema\\\/logo\\\/image\\\/\",\"url\":\"https:\\\/\\\/vitablanca.ma\\\/wp-content\\\/uploads\\\/2025\\\/05\\\/cropped-vitablanca.png\",\"contentUrl\":\"https:\\\/\\\/vitablanca.ma\\\/wp-content\\\/uploads\\\/2025\\\/05\\\/cropped-vitablanca.png\",\"width\":360,\"height\":67,\"caption\":\"VitaBlanca\"},\"image\":{\"@id\":\"https:\\\/\\\/vitablanca.ma\\\/#\\\/schema\\\/logo\\\/image\\\/\"},\"sameAs\":[\"https:\\\/\\\/www.facebook.com\\\/profile.php?id=61576678196717\",\"https:\\\/\\\/www.tiktok.com\\\/@vitablanca.ma\",\"https:\\\/\\\/www.instagram.com\\\/vitablanca.ma\\\/\"]}]}<\/script>\n<!-- \/ Yoast SEO plugin. -->","yoast_head_json":{"title":"\u0645\u0631\u0637\u0628 \u0634\u064a\u0627 \u0645\u0648\u064a\u0633\u062a\u0634\u0631 \u0628\u0639\u0633\u0644 \u0627\u0644\u0645\u0627\u0646\u0648\u0643\u0627 \u0648\u0627\u0644\u0632\u0628\u0627\u062f\u064a 384 \u0645\u0644 - \u0627\u0644\u0645\u063a\u0631\u0628","description":"\u0627\u0643\u062a\u0634\u0641\u064a \u0634\u0627\u0645\u0628\u0648 \u0634\u064a\u0627 \u0645\u0648\u064a\u0633\u062a\u0634\u0631 \u0628\u0639\u0633\u0644 \u0645\u0627\u0646\u0648\u0643\u0627 \u0648\u0627\u0644\u0632\u0628\u0627\u062f\u064a\u060c \u0633\u0639\u0629 384 \u0645\u0644\u060c \u0641\u064a \u0627\u0644\u0645\u063a\u0631\u0628. \u0647\u0630\u0627 \u0627\u0644\u0634\u0627\u0645\u0628\u0648 \u0627\u0644\u062e\u0627\u0644\u064a \u0645\u0646 \u0627\u0644\u0643\u0628\u0631\u064a\u062a\u0627\u062a \u064a\u064f\u0631\u0637\u0628 \u0627\u0644\u0634\u0639\u0631 \u0627\u0644\u062c\u0627\u0641 \u062c\u062f\u064b\u0627 \u0648\u064a\u064f\u0635\u0644\u062d\u0647 \u0628\u0643\u062b\u0627\u0641\u0629.","robots":{"index":"index","follow":"follow","max-snippet":"max-snippet:-1","max-image-preview":"max-image-preview:large","max-video-preview":"max-video-preview:-1"},"canonical":"https:\/\/vitablanca.ma\/ar\/product-2\/shea-moisture-manuka-honey-yogurt-hydrate-repair-shampoo-384ml\/","og_locale":"ar_AR","og_type":"article","og_title":"SHEA MOISTURE manuka honey & yogurt hydrate 384ML - Maroc","og_description":"D\u00e9couvrez le Shea Moisture Manuka Honey & Yogurt Shampoo 384ml au Maroc. Ce shampoing sans sulfate hydrate et r\u00e9pare intens\u00e9ment les cheveux tr\u00e8s secs","og_url":"https:\/\/vitablanca.ma\/ar\/product-2\/shea-moisture-manuka-honey-yogurt-hydrate-repair-shampoo-384ml\/","og_site_name":"Vitablanca.ma &ndash; Sant&eacute;, vitalit&eacute; et bien-&ecirc;tre pour tous les Marocains","article_publisher":"https:\/\/www.facebook.com\/profile.php?id=61576678196717","article_modified_time":"2026-03-19T12:59:56+00:00","og_image":[{"width":800,"height":800,"url":"https:\/\/vitablanca.ma\/wp-content\/uploads\/2025\/05\/shea-moisture-cheveux-manuka-honey-and-yogurt-hydrate-repair-shampoo-conditioner.jpg","type":"image\/jpeg"}],"twitter_card":"summary_large_image","twitter_misc":{"\u0648\u0642\u062a \u0627\u0644\u0642\u0631\u0627\u0621\u0629 \u0627\u0644\u0645\u064f\u0642\u062f\u0651\u0631":"\u062f\u0642\u064a\u0642\u0629 \u0648\u0627\u062d\u062f\u0629"},"schema":{"@context":"https:\/\/schema.org","@graph":[{"@type":["WebPage","ItemPage"],"@id":"https:\/\/vitablanca.ma\/produit\/shea-moisture-manuka-honey-yogurt-hydrate-repair-shampoo-384ml\/","url":"https:\/\/vitablanca.ma\/produit\/shea-moisture-manuka-honey-yogurt-hydrate-repair-shampoo-384ml\/","name":"\u0645\u0631\u0637\u0628 \u0634\u064a\u0627 \u0645\u0648\u064a\u0633\u062a\u0634\u0631 \u0628\u0639\u0633\u0644 \u0627\u0644\u0645\u0627\u0646\u0648\u0643\u0627 \u0648\u0627\u0644\u0632\u0628\u0627\u062f\u064a 384 \u0645\u0644 - \u0627\u0644\u0645\u063a\u0631\u0628","isPartOf":{"@id":"https:\/\/vitablanca.ma\/#website"},"primaryImageOfPage":{"@id":"https:\/\/vitablanca.ma\/produit\/shea-moisture-manuka-honey-yogurt-hydrate-repair-shampoo-384ml\/#primaryimage"},"image":{"@id":"https:\/\/vitablanca.ma\/produit\/shea-moisture-manuka-honey-yogurt-hydrate-repair-shampoo-384ml\/#primaryimage"},"thumbnailUrl":"https:\/\/vitablanca.ma\/wp-content\/uploads\/2025\/05\/shea-moisture-cheveux-manuka-honey-and-yogurt-hydrate-repair-shampoo-conditioner.jpg","datePublished":"2025-05-28T22:11:16+00:00","dateModified":"2026-03-19T12:59:56+00:00","description":"\u0627\u0643\u062a\u0634\u0641\u064a \u0634\u0627\u0645\u0628\u0648 \u0634\u064a\u0627 \u0645\u0648\u064a\u0633\u062a\u0634\u0631 \u0628\u0639\u0633\u0644 \u0645\u0627\u0646\u0648\u0643\u0627 \u0648\u0627\u0644\u0632\u0628\u0627\u062f\u064a\u060c \u0633\u0639\u0629 384 \u0645\u0644\u060c \u0641\u064a \u0627\u0644\u0645\u063a\u0631\u0628. \u0647\u0630\u0627 \u0627\u0644\u0634\u0627\u0645\u0628\u0648 \u0627\u0644\u062e\u0627\u0644\u064a \u0645\u0646 \u0627\u0644\u0643\u0628\u0631\u064a\u062a\u0627\u062a \u064a\u064f\u0631\u0637\u0628 \u0627\u0644\u0634\u0639\u0631 \u0627\u0644\u062c\u0627\u0641 \u062c\u062f\u064b\u0627 \u0648\u064a\u064f\u0635\u0644\u062d\u0647 \u0628\u0643\u062b\u0627\u0641\u0629.","breadcrumb":{"@id":"https:\/\/vitablanca.ma\/produit\/shea-moisture-manuka-honey-yogurt-hydrate-repair-shampoo-384ml\/#breadcrumb"},"inLanguage":"ar","potentialAction":[{"@type":"ReadAction","target":["https:\/\/vitablanca.ma\/produit\/shea-moisture-manuka-honey-yogurt-hydrate-repair-shampoo-384ml\/"]}]},{"@type":"ImageObject","inLanguage":"ar","@id":"https:\/\/vitablanca.ma\/produit\/shea-moisture-manuka-honey-yogurt-hydrate-repair-shampoo-384ml\/#primaryimage","url":"https:\/\/vitablanca.ma\/wp-content\/uploads\/2025\/05\/shea-moisture-cheveux-manuka-honey-and-yogurt-hydrate-repair-shampoo-conditioner.jpg","contentUrl":"https:\/\/vitablanca.ma\/wp-content\/uploads\/2025\/05\/shea-moisture-cheveux-manuka-honey-and-yogurt-hydrate-repair-shampoo-conditioner.jpg","width":800,"height":800},{"@type":"BreadcrumbList","@id":"https:\/\/vitablanca.ma\/produit\/shea-moisture-manuka-honey-yogurt-hydrate-repair-shampoo-384ml\/#breadcrumb","itemListElement":[{"@type":"ListItem","position":1,"name":"Home","item":"https:\/\/vitablanca.ma\/"},{"@type":"ListItem","position":2,"name":"Tous Les Produits","item":"https:\/\/vitablanca.ma\/tous-les-produits\/"},{"@type":"ListItem","position":3,"name":"SHEA MOISTURE manuka honey &amp; yogurt hydrate + repair shampoo 384ML"}]},{"@type":"WebSite","@id":"https:\/\/vitablanca.ma\/#website","url":"https:\/\/vitablanca.ma\/","name":"VitaBlanca.ma | \u0627\u0644\u0645\u0643\u0645\u0644\u0627\u062a \u0627\u0644\u063a\u0630\u0627\u0626\u064a\u0629\u060c \u0627\u0644\u0635\u062d\u0629 \u0648\u0627\u0644\u062c\u0645\u0627\u0644 \u0641\u064a \u0627\u0644\u0645\u063a\u0631\u0628","description":"\u0646\u0628\u064a\u0639 \u0641\u064a\u062a\u0627\u0645\u064a\u0646\u0627\u062a \u0648\u0645\u0643\u0645\u0644\u0627\u062a \u063a\u0630\u0627\u0626\u064a\u0629 \u0641\u0627\u062e\u0631\u0629 \u0645\u0646 \u0627\u0644\u0648\u0644\u0627\u064a\u0627\u062a \u0627\u0644\u0645\u062a\u062d\u062f\u0629 \u0627\u0644\u0623\u0645\u0631\u064a\u0643\u064a\u0629 \u0648\u0643\u0646\u062f\u0627 \u0648\u0646\u064a\u0648\u0632\u064a\u0644\u0646\u062f\u0627 \u0648\u0627\u0644\u0645\u063a\u0631\u0628 (\u0646\u0627\u0648 \u0641\u0648\u062f\u0632\u060c \u0633\u0648\u0644\u062c\u0627\u0631\u060c \u0645\u0627\u0646\u0648\u0643\u0627). \u062a\u0648\u0635\u064a\u0644 \u0633\u0631\u064a\u0639 \u0625\u0644\u0649 \u062c\u0645\u064a\u0639 \u0623\u0646\u062d\u0627\u0621 \u0627\u0644\u0645\u063a\u0631\u0628.","publisher":{"@id":"https:\/\/vitablanca.ma\/#organization"},"alternateName":"VitaBlanca.ma","potentialAction":[{"@type":"SearchAction","target":{"@type":"EntryPoint","urlTemplate":"https:\/\/vitablanca.ma\/?s={search_term_string}"},"query-input":{"@type":"PropertyValueSpecification","valueRequired":true,"valueName":"search_term_string"}}],"inLanguage":"ar"},{"@type":"Organization","@id":"https:\/\/vitablanca.ma\/#organization","name":"\u0641\u064a\u062a\u0627\u0628\u0644\u0627\u0646\u0643\u0627","url":"https:\/\/vitablanca.ma\/","logo":{"@type":"ImageObject","inLanguage":"ar","@id":"https:\/\/vitablanca.ma\/#\/schema\/logo\/image\/","url":"https:\/\/vitablanca.ma\/wp-content\/uploads\/2025\/05\/cropped-vitablanca.png","contentUrl":"https:\/\/vitablanca.ma\/wp-content\/uploads\/2025\/05\/cropped-vitablanca.png","width":360,"height":67,"caption":"VitaBlanca"},"image":{"@id":"https:\/\/vitablanca.ma\/#\/schema\/logo\/image\/"},"sameAs":["https:\/\/www.facebook.com\/profile.php?id=61576678196717","https:\/\/www.tiktok.com\/@vitablanca.ma","https:\/\/www.instagram.com\/vitablanca.ma\/"]}]}},"jetpack_sharing_enabled":true,"_links":{"self":[{"href":"https:\/\/vitablanca.ma\/ar\/wp-json\/wp\/v2\/product\/12600","targetHints":{"allow":["GET"]}}],"collection":[{"href":"https:\/\/vitablanca.ma\/ar\/wp-json\/wp\/v2\/product"}],"about":[{"href":"https:\/\/vitablanca.ma\/ar\/wp-json\/wp\/v2\/types\/product"}],"wp:featuredmedia":[{"embeddable":true,"href":"https:\/\/vitablanca.ma\/ar\/wp-json\/wp\/v2\/media\/12599"}],"wp:attachment":[{"href":"https:\/\/vitablanca.ma\/ar\/wp-json\/wp\/v2\/media?parent=12600"}],"wp:term":[{"taxonomy":"product_brand","embeddable":true,"href":"https:\/\/vitablanca.ma\/ar\/wp-json\/wp\/v2\/product_brand?post=12600"},{"taxonomy":"product_cat","embeddable":true,"href":"https:\/\/vitablanca.ma\/ar\/wp-json\/wp\/v2\/product_cat?post=12600"},{"taxonomy":"product_tag","embeddable":true,"href":"https:\/\/vitablanca.ma\/ar\/wp-json\/wp\/v2\/product_tag?post=12600"}],"curies":[{"name":"wp","href":"https:\/\/api.w.org\/{rel}","templated":true}]}}