{"id":12588,"date":"2025-05-28T22:04:41","date_gmt":"2025-05-28T22:04:41","guid":{"rendered":"https:\/\/vitablanca.ma\/product\/the-ritual-of-sakura-lotion-pour-les-mains-70-ml\/"},"modified":"2026-02-27T03:21:15","modified_gmt":"2026-02-27T03:21:15","slug":"the-ritual-of-sakura-lotion-pour-les-mains-70-ml","status":"publish","type":"product","link":"https:\/\/vitablanca.ma\/ar\/product-2\/the-ritual-of-sakura-lotion-pour-les-mains-70-ml\/","title":{"rendered":"THE RITUAL OF SAKURA LOTION POUR LES MAINS 70 ML"},"content":{"rendered":"<p>La lotion pour les mains Ritual of Sakura est ultra-apaisante, laissant vos mains hydrat\u00e9es et douces. Contenant plus de 95 % d&rsquo;ingr\u00e9dients naturels, cette lotion pour les mains de soin instantan\u00e9 enrobe l\u00e9g\u00e8rement vos mains et vos cuticules du parfum d\u00e9licatement magnifique de la fleur de cerisier et du lait de riz, pour une peau douce et souple.<\/p>","protected":false},"excerpt":{"rendered":"<p>La lotion pour les mains Ritual of Sakura est ultra-apaisante, laissant vos mains hydrat\u00e9es et douces. Contenant plus de 95 % d&rsquo;ingr\u00e9dients naturels, cette lotion pour les mains de soin instantan\u00e9 enrobe l\u00e9g\u00e8rement vos mains et vos cuticules du parfum d\u00e9licatement magnifique de la fleur de cerisier et du lait de riz, pour une peau [&hellip;]<\/p>\n","protected":false},"featured_media":12587,"template":"","meta":{"om_disable_all_campaigns":false},"product_brand":[5971],"product_cat":[18,15],"product_tag":[5974,5977,5973,5978,5976,5975,5960,5956,5972],"class_list":{"0":"post-12588","1":"product","2":"type-product","3":"status-publish","4":"has-post-thumbnail","6":"product_brand-rituals-maroc-prix","7":"product_cat-beaute-sante","8":"product_cat-beaute-sante-complements-alimentaires-soins-et-bien-etre-au-meilleur-prix","9":"product_tag-bien-etre-luxe-maroc","10":"product_tag-brume-rituals","11":"product_tag-parfum-rituals","12":"product_tag-produits-rituals-maroc","13":"product_tag-ritual-of-ayurveda-maroc","14":"product_tag-ritual-of-sakura-maroc","15":"product_tag-rituals-cosmetics-maroc","16":"product_tag-rituals-maroc","17":"product_tag-soins-corps-rituals","19":"first","20":"instock","21":"sale","22":"taxable","23":"shipping-taxable","24":"purchasable","25":"product-type-simple"},"yoast_head":"<!-- This site is optimized with the Yoast SEO plugin v27.4 - https:\/\/yoast.com\/product\/yoast-seo-wordpress\/ -->\n<title>THE RITUAL OF SAKURA LOTION POUR LES MAINS 70 ML - Maroc Prix<\/title>\n<meta name=\"description\" content=\"THE RITUAL OF SAKURA LOTION POUR LES MAINS 70 ML\" \/>\n<meta name=\"robots\" content=\"index, follow, max-snippet:-1, max-image-preview:large, max-video-preview:-1\" \/>\n<link rel=\"canonical\" href=\"https:\/\/vitablanca.ma\/ar\/product-2\/the-ritual-of-sakura-lotion-pour-les-mains-70-ml\/\" \/>\n<meta property=\"og:locale\" content=\"ar_AR\" \/>\n<meta property=\"og:type\" content=\"article\" \/>\n<meta property=\"og:title\" content=\"THE RITUAL OF SAKURA LOTION POUR LES MAINS 70 ML - Maroc Prix\" \/>\n<meta property=\"og:description\" content=\"THE RITUAL OF SAKURA LOTION POUR LES MAINS 70 ML\" \/>\n<meta property=\"og:url\" content=\"https:\/\/vitablanca.ma\/ar\/product-2\/the-ritual-of-sakura-lotion-pour-les-mains-70-ml\/\" \/>\n<meta property=\"og:site_name\" content=\"Vitablanca.ma &ndash; Sant&eacute;, vitalit&eacute; et bien-&ecirc;tre pour tous les Marocains\" \/>\n<meta property=\"article:publisher\" content=\"https:\/\/www.facebook.com\/profile.php?id=61576678196717\" \/>\n<meta property=\"article:modified_time\" content=\"2026-02-27T03:21:15+00:00\" \/>\n<meta property=\"og:image\" content=\"https:\/\/vitablanca.ma\/wp-content\/uploads\/2025\/05\/ezgif.com-gif-maker_1_ff9db40e-354f-4a21-a45d-2b2562524f5c.jpg\" \/>\n\t<meta property=\"og:image:width\" content=\"1000\" \/>\n\t<meta property=\"og:image:height\" content=\"1000\" \/>\n\t<meta property=\"og:image:type\" content=\"image\/jpeg\" \/>\n<meta name=\"twitter:card\" content=\"summary_large_image\" \/>\n<meta name=\"twitter:label1\" content=\"\u0648\u0642\u062a \u0627\u0644\u0642\u0631\u0627\u0621\u0629 \u0627\u0644\u0645\u064f\u0642\u062f\u0651\u0631\" \/>\n\t<meta name=\"twitter:data1\" content=\"\u062f\u0642\u064a\u0642\u0629 \u0648\u0627\u062d\u062f\u0629\" \/>\n<script type=\"application\/ld+json\" class=\"yoast-schema-graph\">{\"@context\":\"https:\\\/\\\/schema.org\",\"@graph\":[{\"@type\":[\"WebPage\",\"ItemPage\"],\"@id\":\"https:\\\/\\\/vitablanca.ma\\\/produit\\\/the-ritual-of-sakura-lotion-pour-les-mains-70-ml\\\/\",\"url\":\"https:\\\/\\\/vitablanca.ma\\\/produit\\\/the-ritual-of-sakura-lotion-pour-les-mains-70-ml\\\/\",\"name\":\"THE RITUAL OF SAKURA LOTION POUR LES MAINS 70 ML - Maroc Prix\",\"isPartOf\":{\"@id\":\"https:\\\/\\\/vitablanca.ma\\\/#website\"},\"primaryImageOfPage\":{\"@id\":\"https:\\\/\\\/vitablanca.ma\\\/produit\\\/the-ritual-of-sakura-lotion-pour-les-mains-70-ml\\\/#primaryimage\"},\"image\":{\"@id\":\"https:\\\/\\\/vitablanca.ma\\\/produit\\\/the-ritual-of-sakura-lotion-pour-les-mains-70-ml\\\/#primaryimage\"},\"thumbnailUrl\":\"https:\\\/\\\/vitablanca.ma\\\/wp-content\\\/uploads\\\/2025\\\/05\\\/ezgif.com-gif-maker_1_ff9db40e-354f-4a21-a45d-2b2562524f5c.jpg\",\"datePublished\":\"2025-05-28T22:04:41+00:00\",\"dateModified\":\"2026-02-27T03:21:15+00:00\",\"description\":\"THE RITUAL OF SAKURA LOTION POUR LES MAINS 70 ML\",\"breadcrumb\":{\"@id\":\"https:\\\/\\\/vitablanca.ma\\\/produit\\\/the-ritual-of-sakura-lotion-pour-les-mains-70-ml\\\/#breadcrumb\"},\"inLanguage\":\"ar\",\"potentialAction\":[{\"@type\":\"ReadAction\",\"target\":[\"https:\\\/\\\/vitablanca.ma\\\/produit\\\/the-ritual-of-sakura-lotion-pour-les-mains-70-ml\\\/\"]}]},{\"@type\":\"ImageObject\",\"inLanguage\":\"ar\",\"@id\":\"https:\\\/\\\/vitablanca.ma\\\/produit\\\/the-ritual-of-sakura-lotion-pour-les-mains-70-ml\\\/#primaryimage\",\"url\":\"https:\\\/\\\/vitablanca.ma\\\/wp-content\\\/uploads\\\/2025\\\/05\\\/ezgif.com-gif-maker_1_ff9db40e-354f-4a21-a45d-2b2562524f5c.jpg\",\"contentUrl\":\"https:\\\/\\\/vitablanca.ma\\\/wp-content\\\/uploads\\\/2025\\\/05\\\/ezgif.com-gif-maker_1_ff9db40e-354f-4a21-a45d-2b2562524f5c.jpg\",\"width\":1000,\"height\":1000},{\"@type\":\"BreadcrumbList\",\"@id\":\"https:\\\/\\\/vitablanca.ma\\\/produit\\\/the-ritual-of-sakura-lotion-pour-les-mains-70-ml\\\/#breadcrumb\",\"itemListElement\":[{\"@type\":\"ListItem\",\"position\":1,\"name\":\"Home\",\"item\":\"https:\\\/\\\/vitablanca.ma\\\/\"},{\"@type\":\"ListItem\",\"position\":2,\"name\":\"Tous Les Produits\",\"item\":\"https:\\\/\\\/vitablanca.ma\\\/tous-les-produits\\\/\"},{\"@type\":\"ListItem\",\"position\":3,\"name\":\"THE RITUAL OF SAKURA LOTION POUR LES MAINS 70 ML\"}]},{\"@type\":\"WebSite\",\"@id\":\"https:\\\/\\\/vitablanca.ma\\\/#website\",\"url\":\"https:\\\/\\\/vitablanca.ma\\\/\",\"name\":\"VitaBlanca.ma | Compl\u00e9ments alimentaires, sant\u00e9 & beaut\u00e9 au Maroc\",\"description\":\"vendre vitamines et compl\u00e9ments premium des USA &amp; Canada, Nouvelle Z\u00e9lande,Maroc (NOW Foods, Solgar, Manuka). Livraison rapide partout au Maroc.\",\"publisher\":{\"@id\":\"https:\\\/\\\/vitablanca.ma\\\/#organization\"},\"alternateName\":\"VitaBlanca.ma\",\"potentialAction\":[{\"@type\":\"SearchAction\",\"target\":{\"@type\":\"EntryPoint\",\"urlTemplate\":\"https:\\\/\\\/vitablanca.ma\\\/?s={search_term_string}\"},\"query-input\":{\"@type\":\"PropertyValueSpecification\",\"valueRequired\":true,\"valueName\":\"search_term_string\"}}],\"inLanguage\":\"ar\"},{\"@type\":\"Organization\",\"@id\":\"https:\\\/\\\/vitablanca.ma\\\/#organization\",\"name\":\"VitaBlanca\",\"url\":\"https:\\\/\\\/vitablanca.ma\\\/\",\"logo\":{\"@type\":\"ImageObject\",\"inLanguage\":\"ar\",\"@id\":\"https:\\\/\\\/vitablanca.ma\\\/#\\\/schema\\\/logo\\\/image\\\/\",\"url\":\"https:\\\/\\\/vitablanca.ma\\\/wp-content\\\/uploads\\\/2025\\\/05\\\/cropped-vitablanca.png\",\"contentUrl\":\"https:\\\/\\\/vitablanca.ma\\\/wp-content\\\/uploads\\\/2025\\\/05\\\/cropped-vitablanca.png\",\"width\":360,\"height\":67,\"caption\":\"VitaBlanca\"},\"image\":{\"@id\":\"https:\\\/\\\/vitablanca.ma\\\/#\\\/schema\\\/logo\\\/image\\\/\"},\"sameAs\":[\"https:\\\/\\\/www.facebook.com\\\/profile.php?id=61576678196717\",\"https:\\\/\\\/www.tiktok.com\\\/@vitablanca.ma\",\"https:\\\/\\\/www.instagram.com\\\/vitablanca.ma\\\/\"]}]}<\/script>\n<!-- \/ Yoast SEO plugin. -->","yoast_head_json":{"title":"THE RITUAL OF SAKURA LOTION POUR LES MAINS 70 ML - Maroc Prix","description":"THE RITUAL OF SAKURA LOTION POUR LES MAINS 70 ML","robots":{"index":"index","follow":"follow","max-snippet":"max-snippet:-1","max-image-preview":"max-image-preview:large","max-video-preview":"max-video-preview:-1"},"canonical":"https:\/\/vitablanca.ma\/ar\/product-2\/the-ritual-of-sakura-lotion-pour-les-mains-70-ml\/","og_locale":"ar_AR","og_type":"article","og_title":"THE RITUAL OF SAKURA LOTION POUR LES MAINS 70 ML - Maroc Prix","og_description":"THE RITUAL OF SAKURA LOTION POUR LES MAINS 70 ML","og_url":"https:\/\/vitablanca.ma\/ar\/product-2\/the-ritual-of-sakura-lotion-pour-les-mains-70-ml\/","og_site_name":"Vitablanca.ma &ndash; Sant&eacute;, vitalit&eacute; et bien-&ecirc;tre pour tous les Marocains","article_publisher":"https:\/\/www.facebook.com\/profile.php?id=61576678196717","article_modified_time":"2026-02-27T03:21:15+00:00","og_image":[{"width":1000,"height":1000,"url":"https:\/\/vitablanca.ma\/wp-content\/uploads\/2025\/05\/ezgif.com-gif-maker_1_ff9db40e-354f-4a21-a45d-2b2562524f5c.jpg","type":"image\/jpeg"}],"twitter_card":"summary_large_image","twitter_misc":{"\u0648\u0642\u062a \u0627\u0644\u0642\u0631\u0627\u0621\u0629 \u0627\u0644\u0645\u064f\u0642\u062f\u0651\u0631":"\u062f\u0642\u064a\u0642\u0629 \u0648\u0627\u062d\u062f\u0629"},"schema":{"@context":"https:\/\/schema.org","@graph":[{"@type":["WebPage","ItemPage"],"@id":"https:\/\/vitablanca.ma\/produit\/the-ritual-of-sakura-lotion-pour-les-mains-70-ml\/","url":"https:\/\/vitablanca.ma\/produit\/the-ritual-of-sakura-lotion-pour-les-mains-70-ml\/","name":"THE RITUAL OF SAKURA LOTION POUR LES MAINS 70 ML - Maroc Prix","isPartOf":{"@id":"https:\/\/vitablanca.ma\/#website"},"primaryImageOfPage":{"@id":"https:\/\/vitablanca.ma\/produit\/the-ritual-of-sakura-lotion-pour-les-mains-70-ml\/#primaryimage"},"image":{"@id":"https:\/\/vitablanca.ma\/produit\/the-ritual-of-sakura-lotion-pour-les-mains-70-ml\/#primaryimage"},"thumbnailUrl":"https:\/\/vitablanca.ma\/wp-content\/uploads\/2025\/05\/ezgif.com-gif-maker_1_ff9db40e-354f-4a21-a45d-2b2562524f5c.jpg","datePublished":"2025-05-28T22:04:41+00:00","dateModified":"2026-02-27T03:21:15+00:00","description":"THE RITUAL OF SAKURA LOTION POUR LES MAINS 70 ML","breadcrumb":{"@id":"https:\/\/vitablanca.ma\/produit\/the-ritual-of-sakura-lotion-pour-les-mains-70-ml\/#breadcrumb"},"inLanguage":"ar","potentialAction":[{"@type":"ReadAction","target":["https:\/\/vitablanca.ma\/produit\/the-ritual-of-sakura-lotion-pour-les-mains-70-ml\/"]}]},{"@type":"ImageObject","inLanguage":"ar","@id":"https:\/\/vitablanca.ma\/produit\/the-ritual-of-sakura-lotion-pour-les-mains-70-ml\/#primaryimage","url":"https:\/\/vitablanca.ma\/wp-content\/uploads\/2025\/05\/ezgif.com-gif-maker_1_ff9db40e-354f-4a21-a45d-2b2562524f5c.jpg","contentUrl":"https:\/\/vitablanca.ma\/wp-content\/uploads\/2025\/05\/ezgif.com-gif-maker_1_ff9db40e-354f-4a21-a45d-2b2562524f5c.jpg","width":1000,"height":1000},{"@type":"BreadcrumbList","@id":"https:\/\/vitablanca.ma\/produit\/the-ritual-of-sakura-lotion-pour-les-mains-70-ml\/#breadcrumb","itemListElement":[{"@type":"ListItem","position":1,"name":"Home","item":"https:\/\/vitablanca.ma\/"},{"@type":"ListItem","position":2,"name":"Tous Les Produits","item":"https:\/\/vitablanca.ma\/tous-les-produits\/"},{"@type":"ListItem","position":3,"name":"THE RITUAL OF SAKURA LOTION POUR LES MAINS 70 ML"}]},{"@type":"WebSite","@id":"https:\/\/vitablanca.ma\/#website","url":"https:\/\/vitablanca.ma\/","name":"VitaBlanca.ma | \u0627\u0644\u0645\u0643\u0645\u0644\u0627\u062a \u0627\u0644\u063a\u0630\u0627\u0626\u064a\u0629\u060c \u0627\u0644\u0635\u062d\u0629 \u0648\u0627\u0644\u062c\u0645\u0627\u0644 \u0641\u064a \u0627\u0644\u0645\u063a\u0631\u0628","description":"\u0646\u0628\u064a\u0639 \u0641\u064a\u062a\u0627\u0645\u064a\u0646\u0627\u062a \u0648\u0645\u0643\u0645\u0644\u0627\u062a \u063a\u0630\u0627\u0626\u064a\u0629 \u0641\u0627\u062e\u0631\u0629 \u0645\u0646 \u0627\u0644\u0648\u0644\u0627\u064a\u0627\u062a \u0627\u0644\u0645\u062a\u062d\u062f\u0629 \u0627\u0644\u0623\u0645\u0631\u064a\u0643\u064a\u0629 \u0648\u0643\u0646\u062f\u0627 \u0648\u0646\u064a\u0648\u0632\u064a\u0644\u0646\u062f\u0627 \u0648\u0627\u0644\u0645\u063a\u0631\u0628 (\u0646\u0627\u0648 \u0641\u0648\u062f\u0632\u060c \u0633\u0648\u0644\u062c\u0627\u0631\u060c \u0645\u0627\u0646\u0648\u0643\u0627). \u062a\u0648\u0635\u064a\u0644 \u0633\u0631\u064a\u0639 \u0625\u0644\u0649 \u062c\u0645\u064a\u0639 \u0623\u0646\u062d\u0627\u0621 \u0627\u0644\u0645\u063a\u0631\u0628.","publisher":{"@id":"https:\/\/vitablanca.ma\/#organization"},"alternateName":"VitaBlanca.ma","potentialAction":[{"@type":"SearchAction","target":{"@type":"EntryPoint","urlTemplate":"https:\/\/vitablanca.ma\/?s={search_term_string}"},"query-input":{"@type":"PropertyValueSpecification","valueRequired":true,"valueName":"search_term_string"}}],"inLanguage":"ar"},{"@type":"Organization","@id":"https:\/\/vitablanca.ma\/#organization","name":"\u0641\u064a\u062a\u0627\u0628\u0644\u0627\u0646\u0643\u0627","url":"https:\/\/vitablanca.ma\/","logo":{"@type":"ImageObject","inLanguage":"ar","@id":"https:\/\/vitablanca.ma\/#\/schema\/logo\/image\/","url":"https:\/\/vitablanca.ma\/wp-content\/uploads\/2025\/05\/cropped-vitablanca.png","contentUrl":"https:\/\/vitablanca.ma\/wp-content\/uploads\/2025\/05\/cropped-vitablanca.png","width":360,"height":67,"caption":"VitaBlanca"},"image":{"@id":"https:\/\/vitablanca.ma\/#\/schema\/logo\/image\/"},"sameAs":["https:\/\/www.facebook.com\/profile.php?id=61576678196717","https:\/\/www.tiktok.com\/@vitablanca.ma","https:\/\/www.instagram.com\/vitablanca.ma\/"]}]}},"jetpack_sharing_enabled":true,"_links":{"self":[{"href":"https:\/\/vitablanca.ma\/ar\/wp-json\/wp\/v2\/product\/12588","targetHints":{"allow":["GET"]}}],"collection":[{"href":"https:\/\/vitablanca.ma\/ar\/wp-json\/wp\/v2\/product"}],"about":[{"href":"https:\/\/vitablanca.ma\/ar\/wp-json\/wp\/v2\/types\/product"}],"wp:featuredmedia":[{"embeddable":true,"href":"https:\/\/vitablanca.ma\/ar\/wp-json\/wp\/v2\/media\/12587"}],"wp:attachment":[{"href":"https:\/\/vitablanca.ma\/ar\/wp-json\/wp\/v2\/media?parent=12588"}],"wp:term":[{"taxonomy":"product_brand","embeddable":true,"href":"https:\/\/vitablanca.ma\/ar\/wp-json\/wp\/v2\/product_brand?post=12588"},{"taxonomy":"product_cat","embeddable":true,"href":"https:\/\/vitablanca.ma\/ar\/wp-json\/wp\/v2\/product_cat?post=12588"},{"taxonomy":"product_tag","embeddable":true,"href":"https:\/\/vitablanca.ma\/ar\/wp-json\/wp\/v2\/product_tag?post=12588"}],"curies":[{"name":"wp","href":"https:\/\/api.w.org\/{rel}","templated":true}]}}