{"id":12576,"date":"2025-05-28T22:02:05","date_gmt":"2025-05-28T22:02:05","guid":{"rendered":"https:\/\/vitablanca.ma\/product\/crest-whitening-emulsions\/"},"modified":"2025-12-28T14:13:21","modified_gmt":"2025-12-28T14:13:21","slug":"crest-whitening-emulsions","status":"publish","type":"product","link":"https:\/\/vitablanca.ma\/ar\/product-2\/crest-whitening-emulsions\/","title":{"rendered":"\u0643\u0631\u064a\u0633\u062a \u2013 \u0645\u0633\u062a\u062d\u0644\u0628\u0627\u062a \u0627\u0644\u062a\u0628\u064a\u064a\u0636"},"content":{"rendered":"<p>Crest \u00c9mulsions blanchissantes s&rsquo;applique en quelques secondes et est efficace imm\u00e9diatement, pour offrir une exp\u00e9rience de blanchiment de sourire plus facile que jamais. Pour des r\u00e9sultats encore plus rapides, appliquez jusqu&rsquo;\u00e0 4X par jour pour un sourire plus blanc et \u00e9clatant, qui dure longtemps.<\/p>\n<p data-start=\"916\" data-end=\"1241\"><strong data-start=\"916\" data-end=\"945\">Crest Whitening Emulsions<\/strong> est une solution de blanchiment dentaire moderne con\u00e7ue pour offrir un sourire visiblement plus blanc en toute simplicit\u00e9. Gr\u00e2ce \u00e0 sa formule avanc\u00e9e, ce soin agit directement sur les taches superficielles et profondes, sans n\u00e9cessiter de rin\u00e7age ni de brossage suppl\u00e9mentaire apr\u00e8s application.<\/p>\n<h3 data-start=\"1243\" data-end=\"1286\"><strong data-start=\"1247\" data-end=\"1286\">Un blanchiment pratique et efficace<\/strong><\/h3>\n<p data-start=\"1287\" data-end=\"1502\">La texture l\u00e9g\u00e8re de Whitening Emulsions permet une application facile sur les dents, sans sensation collante. Le produit p\u00e9n\u00e8tre rapidement et agit en continu pour am\u00e9liorer la blancheur du sourire jour apr\u00e8s jour.<\/p>\n<h3 data-start=\"1504\" data-end=\"1532\"><strong data-start=\"1508\" data-end=\"1532\">Principaux bienfaits<\/strong><\/h3>\n<ul data-start=\"1533\" data-end=\"1761\">\n<li data-start=\"1533\" data-end=\"1603\">\n<p data-start=\"1535\" data-end=\"1603\">Aide \u00e0 \u00e9liminer les taches caus\u00e9es par le caf\u00e9, le th\u00e9 et le tabac<\/p>\n<\/li>\n<li data-start=\"1604\" data-end=\"1651\">\n<p data-start=\"1606\" data-end=\"1651\">Am\u00e9liore visiblement la blancheur des dents<\/p>\n<\/li>\n<li data-start=\"1652\" data-end=\"1688\">\n<p data-start=\"1654\" data-end=\"1688\">Utilisation simple, sans rin\u00e7age<\/p>\n<\/li>\n<li data-start=\"1689\" data-end=\"1718\">\n<p data-start=\"1691\" data-end=\"1718\">Respecte l\u2019\u00e9mail dentaire<\/p>\n<\/li>\n<li data-start=\"1719\" data-end=\"1761\">\n<p data-start=\"1721\" data-end=\"1761\">\u0645\u0646\u0627\u0633\u0628 \u0644\u0644\u0627\u0633\u062a\u062e\u062f\u0627\u0645 \u0627\u0644\u064a\u0648\u0645\u064a<\/p>\n<\/li>\n<\/ul>\n<h3 data-start=\"1763\" data-end=\"1813\"><strong data-start=\"1767\" data-end=\"1813\">Pourquoi choisir Crest Whitening Emulsions<\/strong><\/h3>\n<p data-start=\"1814\" data-end=\"2067\">Crest est une marque mondialement reconnue dans le domaine de l\u2019hygi\u00e8ne bucco-dentaire. Whitening Emulsions combine efficacit\u00e9, innovation et confort d\u2019utilisation pour r\u00e9pondre aux besoins de ceux qui souhaitent un blanchiment visible sans contraintes.<\/p>\n<h3 data-start=\"2069\" data-end=\"2099\"><strong data-start=\"2073\" data-end=\"2099\">\u0637\u0631\u064a\u0642\u0629 \u0627\u0644\u0627\u0633\u062a\u062e\u062f\u0627\u0645<\/strong><\/h3>\n<p data-start=\"2100\" data-end=\"2263\">Appliquer une petite quantit\u00e9 sur les dents propres \u00e0 l\u2019aide de l\u2019applicateur. Ne pas rincer apr\u00e8s application. Utiliser r\u00e9guli\u00e8rement pour des r\u00e9sultats optimaux.<\/p>","protected":false},"excerpt":{"rendered":"<p data-start=\"696\" data-end=\"868\">Crest Whitening Emulsions est un soin de blanchiment dentaire innovant, facile \u00e0 utiliser, qui aide \u00e0 \u00e9liminer les taches et \u00e0 \u00e9claircir le sourire sans rin\u00e7age ni r\u00e9sidus.<\/p>","protected":false},"featured_media":12575,"template":"","meta":{"om_disable_all_campaigns":false},"product_brand":[5556],"product_cat":[18],"product_tag":[5573,5559,5563,5571,5587,5560,5574,5562,5557,5590,5588,5558,5577,5561,5589],"class_list":{"0":"post-12576","1":"product","2":"type-product","3":"status-publish","4":"has-post-thumbnail","6":"product_brand-crest-maroc-prix","7":"product_cat-beaute-sante","8":"product_tag-blanchiment-dentaire-maroc","9":"product_tag-blanchiment-dents-maison-maroc","10":"product_tag-crest-maroc","11":"product_tag-crest-original-maroc","12":"product_tag-crest-whitening-emulsions-maroc","13":"product_tag-dentifrice-americain-maroc","14":"product_tag-dents-blanches-maroc","15":"product_tag-hygiene-dentaire-premium-maroc","16":"product_tag-marque-crest-maroc","17":"product_tag-produit-blanchiment-dents-maroc","18":"product_tag-soin-dentaire-crest-maroc","19":"product_tag-soins-bucco-dentaires-maroc","20":"product_tag-sourire-blanc-maroc","21":"product_tag-white-strips-maroc","22":"product_tag-whitening-teeth-maroc","24":"first","25":"instock","26":"taxable","27":"shipping-taxable","28":"purchasable","29":"product-type-simple"},"yoast_head":"<!-- This site is optimized with the Yoast SEO plugin v27.4 - https:\/\/yoast.com\/product\/yoast-seo-wordpress\/ -->\n<title>Crest Whitening Emulsions \u2013 Blanchiment Dentaire Avanc\u00e9 | Maroc<\/title>\n<meta name=\"description\" content=\"Crest Whitening Emulsions offre un blanchiment dentaire rapide et efficace sans rin\u00e7age. Sourire plus blanc en quelques jours. Disponible au Maroc.\" \/>\n<meta name=\"robots\" content=\"index, follow, max-snippet:-1, max-image-preview:large, max-video-preview:-1\" \/>\n<link rel=\"canonical\" href=\"https:\/\/vitablanca.ma\/ar\/product-2\/crest-whitening-emulsions\/\" \/>\n<meta property=\"og:locale\" content=\"ar_AR\" \/>\n<meta property=\"og:type\" content=\"article\" \/>\n<meta property=\"og:title\" content=\"Crest Whitening Emulsions \u2013 Blanchiment Dentaire Avanc\u00e9 | Maroc\" \/>\n<meta property=\"og:description\" content=\"Crest Whitening Emulsions offre un blanchiment dentaire rapide et efficace sans rin\u00e7age. Sourire plus blanc en quelques jours. Disponible au Maroc.\" \/>\n<meta property=\"og:url\" content=\"https:\/\/vitablanca.ma\/ar\/product-2\/crest-whitening-emulsions\/\" \/>\n<meta property=\"og:site_name\" content=\"Vitablanca.ma &ndash; Sant&eacute;, vitalit&eacute; et bien-&ecirc;tre pour tous les Marocains\" \/>\n<meta property=\"article:publisher\" content=\"https:\/\/www.facebook.com\/profile.php?id=61576678196717\" \/>\n<meta property=\"article:modified_time\" content=\"2025-12-28T14:13:21+00:00\" \/>\n<meta property=\"og:image\" content=\"https:\/\/vitablanca.ma\/wp-content\/uploads\/2025\/05\/Crest-Whitening-Emulsions-LED_Light-Primary_f6c72d7c-b89e-4020-a2d0-918254806c66.jpg\" \/>\n\t<meta property=\"og:image:width\" content=\"800\" \/>\n\t<meta property=\"og:image:height\" content=\"800\" \/>\n\t<meta property=\"og:image:type\" content=\"image\/jpeg\" \/>\n<meta name=\"twitter:card\" content=\"summary_large_image\" \/>\n<meta name=\"twitter:label1\" content=\"\u0648\u0642\u062a \u0627\u0644\u0642\u0631\u0627\u0621\u0629 \u0627\u0644\u0645\u064f\u0642\u062f\u0651\u0631\" \/>\n\t<meta name=\"twitter:data1\" content=\"\u062f\u0642\u064a\u0642\u062a\u0627\u0646\" \/>\n<script type=\"application\/ld+json\" class=\"yoast-schema-graph\">{\"@context\":\"https:\\\/\\\/schema.org\",\"@graph\":[{\"@type\":[\"WebPage\",\"ItemPage\"],\"@id\":\"https:\\\/\\\/vitablanca.ma\\\/produit\\\/crest-whitening-emulsions\\\/\",\"url\":\"https:\\\/\\\/vitablanca.ma\\\/produit\\\/crest-whitening-emulsions\\\/\",\"name\":\"Crest Whitening Emulsions \u2013 Blanchiment Dentaire Avanc\u00e9 | Maroc\",\"isPartOf\":{\"@id\":\"https:\\\/\\\/vitablanca.ma\\\/#website\"},\"primaryImageOfPage\":{\"@id\":\"https:\\\/\\\/vitablanca.ma\\\/produit\\\/crest-whitening-emulsions\\\/#primaryimage\"},\"image\":{\"@id\":\"https:\\\/\\\/vitablanca.ma\\\/produit\\\/crest-whitening-emulsions\\\/#primaryimage\"},\"thumbnailUrl\":\"https:\\\/\\\/vitablanca.ma\\\/wp-content\\\/uploads\\\/2025\\\/05\\\/Crest-Whitening-Emulsions-LED_Light-Primary_f6c72d7c-b89e-4020-a2d0-918254806c66.jpg\",\"datePublished\":\"2025-05-28T22:02:05+00:00\",\"dateModified\":\"2025-12-28T14:13:21+00:00\",\"description\":\"Crest Whitening Emulsions offre un blanchiment dentaire rapide et efficace sans rin\u00e7age. Sourire plus blanc en quelques jours. Disponible au Maroc.\",\"breadcrumb\":{\"@id\":\"https:\\\/\\\/vitablanca.ma\\\/produit\\\/crest-whitening-emulsions\\\/#breadcrumb\"},\"inLanguage\":\"ar\",\"potentialAction\":[{\"@type\":\"ReadAction\",\"target\":[\"https:\\\/\\\/vitablanca.ma\\\/produit\\\/crest-whitening-emulsions\\\/\"]}]},{\"@type\":\"ImageObject\",\"inLanguage\":\"ar\",\"@id\":\"https:\\\/\\\/vitablanca.ma\\\/produit\\\/crest-whitening-emulsions\\\/#primaryimage\",\"url\":\"https:\\\/\\\/vitablanca.ma\\\/wp-content\\\/uploads\\\/2025\\\/05\\\/Crest-Whitening-Emulsions-LED_Light-Primary_f6c72d7c-b89e-4020-a2d0-918254806c66.jpg\",\"contentUrl\":\"https:\\\/\\\/vitablanca.ma\\\/wp-content\\\/uploads\\\/2025\\\/05\\\/Crest-Whitening-Emulsions-LED_Light-Primary_f6c72d7c-b89e-4020-a2d0-918254806c66.jpg\",\"width\":800,\"height\":800},{\"@type\":\"BreadcrumbList\",\"@id\":\"https:\\\/\\\/vitablanca.ma\\\/produit\\\/crest-whitening-emulsions\\\/#breadcrumb\",\"itemListElement\":[{\"@type\":\"ListItem\",\"position\":1,\"name\":\"Home\",\"item\":\"https:\\\/\\\/vitablanca.ma\\\/\"},{\"@type\":\"ListItem\",\"position\":2,\"name\":\"Tous Les Produits\",\"item\":\"https:\\\/\\\/vitablanca.ma\\\/tous-les-produits\\\/\"},{\"@type\":\"ListItem\",\"position\":3,\"name\":\"Crest &#8211; Whitening Emulsions\"}]},{\"@type\":\"WebSite\",\"@id\":\"https:\\\/\\\/vitablanca.ma\\\/#website\",\"url\":\"https:\\\/\\\/vitablanca.ma\\\/\",\"name\":\"VitaBlanca.ma | Compl\u00e9ments alimentaires, sant\u00e9 & beaut\u00e9 au Maroc\",\"description\":\"vendre vitamines et compl\u00e9ments premium des USA &amp; Canada, Nouvelle Z\u00e9lande,Maroc (NOW Foods, Solgar, Manuka). Livraison rapide partout au Maroc.\",\"publisher\":{\"@id\":\"https:\\\/\\\/vitablanca.ma\\\/#organization\"},\"alternateName\":\"VitaBlanca.ma\",\"potentialAction\":[{\"@type\":\"SearchAction\",\"target\":{\"@type\":\"EntryPoint\",\"urlTemplate\":\"https:\\\/\\\/vitablanca.ma\\\/?s={search_term_string}\"},\"query-input\":{\"@type\":\"PropertyValueSpecification\",\"valueRequired\":true,\"valueName\":\"search_term_string\"}}],\"inLanguage\":\"ar\"},{\"@type\":\"Organization\",\"@id\":\"https:\\\/\\\/vitablanca.ma\\\/#organization\",\"name\":\"VitaBlanca\",\"url\":\"https:\\\/\\\/vitablanca.ma\\\/\",\"logo\":{\"@type\":\"ImageObject\",\"inLanguage\":\"ar\",\"@id\":\"https:\\\/\\\/vitablanca.ma\\\/#\\\/schema\\\/logo\\\/image\\\/\",\"url\":\"https:\\\/\\\/vitablanca.ma\\\/wp-content\\\/uploads\\\/2025\\\/05\\\/cropped-vitablanca.png\",\"contentUrl\":\"https:\\\/\\\/vitablanca.ma\\\/wp-content\\\/uploads\\\/2025\\\/05\\\/cropped-vitablanca.png\",\"width\":360,\"height\":67,\"caption\":\"VitaBlanca\"},\"image\":{\"@id\":\"https:\\\/\\\/vitablanca.ma\\\/#\\\/schema\\\/logo\\\/image\\\/\"},\"sameAs\":[\"https:\\\/\\\/www.facebook.com\\\/profile.php?id=61576678196717\",\"https:\\\/\\\/www.tiktok.com\\\/@vitablanca.ma\",\"https:\\\/\\\/www.instagram.com\\\/vitablanca.ma\\\/\"]}]}<\/script>\n<!-- \/ Yoast SEO plugin. -->","yoast_head_json":{"title":"Crest Whitening Emulsions \u2013 Blanchiment Dentaire Avanc\u00e9 | Maroc","description":"Crest Whitening Emulsions offre un blanchiment dentaire rapide et efficace sans rin\u00e7age. Sourire plus blanc en quelques jours. Disponible au Maroc.","robots":{"index":"index","follow":"follow","max-snippet":"max-snippet:-1","max-image-preview":"max-image-preview:large","max-video-preview":"max-video-preview:-1"},"canonical":"https:\/\/vitablanca.ma\/ar\/product-2\/crest-whitening-emulsions\/","og_locale":"ar_AR","og_type":"article","og_title":"Crest Whitening Emulsions \u2013 Blanchiment Dentaire Avanc\u00e9 | Maroc","og_description":"Crest Whitening Emulsions offre un blanchiment dentaire rapide et efficace sans rin\u00e7age. Sourire plus blanc en quelques jours. Disponible au Maroc.","og_url":"https:\/\/vitablanca.ma\/ar\/product-2\/crest-whitening-emulsions\/","og_site_name":"Vitablanca.ma &ndash; Sant&eacute;, vitalit&eacute; et bien-&ecirc;tre pour tous les Marocains","article_publisher":"https:\/\/www.facebook.com\/profile.php?id=61576678196717","article_modified_time":"2025-12-28T14:13:21+00:00","og_image":[{"width":800,"height":800,"url":"https:\/\/vitablanca.ma\/wp-content\/uploads\/2025\/05\/Crest-Whitening-Emulsions-LED_Light-Primary_f6c72d7c-b89e-4020-a2d0-918254806c66.jpg","type":"image\/jpeg"}],"twitter_card":"summary_large_image","twitter_misc":{"\u0648\u0642\u062a \u0627\u0644\u0642\u0631\u0627\u0621\u0629 \u0627\u0644\u0645\u064f\u0642\u062f\u0651\u0631":"\u062f\u0642\u064a\u0642\u062a\u0627\u0646"},"schema":{"@context":"https:\/\/schema.org","@graph":[{"@type":["WebPage","ItemPage"],"@id":"https:\/\/vitablanca.ma\/produit\/crest-whitening-emulsions\/","url":"https:\/\/vitablanca.ma\/produit\/crest-whitening-emulsions\/","name":"Crest Whitening Emulsions \u2013 Blanchiment Dentaire Avanc\u00e9 | Maroc","isPartOf":{"@id":"https:\/\/vitablanca.ma\/#website"},"primaryImageOfPage":{"@id":"https:\/\/vitablanca.ma\/produit\/crest-whitening-emulsions\/#primaryimage"},"image":{"@id":"https:\/\/vitablanca.ma\/produit\/crest-whitening-emulsions\/#primaryimage"},"thumbnailUrl":"https:\/\/vitablanca.ma\/wp-content\/uploads\/2025\/05\/Crest-Whitening-Emulsions-LED_Light-Primary_f6c72d7c-b89e-4020-a2d0-918254806c66.jpg","datePublished":"2025-05-28T22:02:05+00:00","dateModified":"2025-12-28T14:13:21+00:00","description":"Crest Whitening Emulsions offre un blanchiment dentaire rapide et efficace sans rin\u00e7age. Sourire plus blanc en quelques jours. Disponible au Maroc.","breadcrumb":{"@id":"https:\/\/vitablanca.ma\/produit\/crest-whitening-emulsions\/#breadcrumb"},"inLanguage":"ar","potentialAction":[{"@type":"ReadAction","target":["https:\/\/vitablanca.ma\/produit\/crest-whitening-emulsions\/"]}]},{"@type":"ImageObject","inLanguage":"ar","@id":"https:\/\/vitablanca.ma\/produit\/crest-whitening-emulsions\/#primaryimage","url":"https:\/\/vitablanca.ma\/wp-content\/uploads\/2025\/05\/Crest-Whitening-Emulsions-LED_Light-Primary_f6c72d7c-b89e-4020-a2d0-918254806c66.jpg","contentUrl":"https:\/\/vitablanca.ma\/wp-content\/uploads\/2025\/05\/Crest-Whitening-Emulsions-LED_Light-Primary_f6c72d7c-b89e-4020-a2d0-918254806c66.jpg","width":800,"height":800},{"@type":"BreadcrumbList","@id":"https:\/\/vitablanca.ma\/produit\/crest-whitening-emulsions\/#breadcrumb","itemListElement":[{"@type":"ListItem","position":1,"name":"Home","item":"https:\/\/vitablanca.ma\/"},{"@type":"ListItem","position":2,"name":"Tous Les Produits","item":"https:\/\/vitablanca.ma\/tous-les-produits\/"},{"@type":"ListItem","position":3,"name":"Crest &#8211; Whitening Emulsions"}]},{"@type":"WebSite","@id":"https:\/\/vitablanca.ma\/#website","url":"https:\/\/vitablanca.ma\/","name":"VitaBlanca.ma | \u0627\u0644\u0645\u0643\u0645\u0644\u0627\u062a \u0627\u0644\u063a\u0630\u0627\u0626\u064a\u0629\u060c \u0627\u0644\u0635\u062d\u0629 \u0648\u0627\u0644\u062c\u0645\u0627\u0644 \u0641\u064a \u0627\u0644\u0645\u063a\u0631\u0628","description":"\u0646\u0628\u064a\u0639 \u0641\u064a\u062a\u0627\u0645\u064a\u0646\u0627\u062a \u0648\u0645\u0643\u0645\u0644\u0627\u062a \u063a\u0630\u0627\u0626\u064a\u0629 \u0641\u0627\u062e\u0631\u0629 \u0645\u0646 \u0627\u0644\u0648\u0644\u0627\u064a\u0627\u062a \u0627\u0644\u0645\u062a\u062d\u062f\u0629 \u0627\u0644\u0623\u0645\u0631\u064a\u0643\u064a\u0629 \u0648\u0643\u0646\u062f\u0627 \u0648\u0646\u064a\u0648\u0632\u064a\u0644\u0646\u062f\u0627 \u0648\u0627\u0644\u0645\u063a\u0631\u0628 (\u0646\u0627\u0648 \u0641\u0648\u062f\u0632\u060c \u0633\u0648\u0644\u062c\u0627\u0631\u060c \u0645\u0627\u0646\u0648\u0643\u0627). \u062a\u0648\u0635\u064a\u0644 \u0633\u0631\u064a\u0639 \u0625\u0644\u0649 \u062c\u0645\u064a\u0639 \u0623\u0646\u062d\u0627\u0621 \u0627\u0644\u0645\u063a\u0631\u0628.","publisher":{"@id":"https:\/\/vitablanca.ma\/#organization"},"alternateName":"VitaBlanca.ma","potentialAction":[{"@type":"SearchAction","target":{"@type":"EntryPoint","urlTemplate":"https:\/\/vitablanca.ma\/?s={search_term_string}"},"query-input":{"@type":"PropertyValueSpecification","valueRequired":true,"valueName":"search_term_string"}}],"inLanguage":"ar"},{"@type":"Organization","@id":"https:\/\/vitablanca.ma\/#organization","name":"\u0641\u064a\u062a\u0627\u0628\u0644\u0627\u0646\u0643\u0627","url":"https:\/\/vitablanca.ma\/","logo":{"@type":"ImageObject","inLanguage":"ar","@id":"https:\/\/vitablanca.ma\/#\/schema\/logo\/image\/","url":"https:\/\/vitablanca.ma\/wp-content\/uploads\/2025\/05\/cropped-vitablanca.png","contentUrl":"https:\/\/vitablanca.ma\/wp-content\/uploads\/2025\/05\/cropped-vitablanca.png","width":360,"height":67,"caption":"VitaBlanca"},"image":{"@id":"https:\/\/vitablanca.ma\/#\/schema\/logo\/image\/"},"sameAs":["https:\/\/www.facebook.com\/profile.php?id=61576678196717","https:\/\/www.tiktok.com\/@vitablanca.ma","https:\/\/www.instagram.com\/vitablanca.ma\/"]}]}},"jetpack_sharing_enabled":true,"_links":{"self":[{"href":"https:\/\/vitablanca.ma\/ar\/wp-json\/wp\/v2\/product\/12576","targetHints":{"allow":["GET"]}}],"collection":[{"href":"https:\/\/vitablanca.ma\/ar\/wp-json\/wp\/v2\/product"}],"about":[{"href":"https:\/\/vitablanca.ma\/ar\/wp-json\/wp\/v2\/types\/product"}],"wp:featuredmedia":[{"embeddable":true,"href":"https:\/\/vitablanca.ma\/ar\/wp-json\/wp\/v2\/media\/12575"}],"wp:attachment":[{"href":"https:\/\/vitablanca.ma\/ar\/wp-json\/wp\/v2\/media?parent=12576"}],"wp:term":[{"taxonomy":"product_brand","embeddable":true,"href":"https:\/\/vitablanca.ma\/ar\/wp-json\/wp\/v2\/product_brand?post=12576"},{"taxonomy":"product_cat","embeddable":true,"href":"https:\/\/vitablanca.ma\/ar\/wp-json\/wp\/v2\/product_cat?post=12576"},{"taxonomy":"product_tag","embeddable":true,"href":"https:\/\/vitablanca.ma\/ar\/wp-json\/wp\/v2\/product_tag?post=12576"}],"curies":[{"name":"wp","href":"https:\/\/api.w.org\/{rel}","templated":true}]}}