{"id":12476,"date":"2025-05-28T21:59:42","date_gmt":"2025-05-28T21:59:42","guid":{"rendered":"https:\/\/vitablanca.ma\/product\/secret-deodorant-solide-invisible-original-powder-fresh\/"},"modified":"2025-05-28T21:59:42","modified_gmt":"2025-05-28T21:59:42","slug":"secret-deodorant-solide-invisible-original-powder-fresh","status":"publish","type":"product","link":"https:\/\/vitablanca.ma\/ar\/product-2\/secret-deodorant-solide-invisible-original-powder-fresh\/","title":{"rendered":"\u0633\u064a\u0643\u0631\u064a\u062a \u2013 \u0645\u0632\u064a\u0644 \u0627\u0644\u0639\u0631\u0642 \u0627\u0644\u0623\u0635\u0644\u064a \u063a\u064a\u0631 \u0627\u0644\u0645\u0631\u0626\u064a \u0627\u0644\u0635\u0644\u0628 \u2013 \u0628\u0648\u062f\u0631\u0629 \u0645\u0646\u0639\u0634\u0629"},"content":{"rendered":"<p>\u0648\u0635\u0641<br \/>\nD\u00e9odorant solide et invisible 24 heures<br \/>\nAluminum zirconium trichlorohydrex GLY<br \/>\nVous pouvez toujours faire confiance \u00e0 sa formule efficace et invisible au pH \u00e9quilibr\u00e9 pour vous offrir une protection fiable contre les odeurs et la transpiration.<\/p>\n<p>Utilisation : r\u00e9duit la transpiration sous les aisselles.<\/p>","protected":false},"excerpt":{"rendered":"<p>Description D\u00e9odorant solide et invisible 24 heures Aluminum zirconium trichlorohydrex GLY Vous pouvez toujours faire confiance \u00e0 sa formule efficace et invisible au pH \u00e9quilibr\u00e9 pour vous offrir une protection fiable contre les odeurs et la transpiration. Utilisation : r\u00e9duit la transpiration sous les aisselles.<\/p>","protected":false},"featured_media":12475,"template":"","meta":{"om_disable_all_campaigns":false},"product_brand":[],"product_cat":[15],"product_tag":[],"class_list":{"0":"post-12476","1":"product","2":"type-product","3":"status-publish","4":"has-post-thumbnail","6":"product_cat-beaute-sante-complements-alimentaires-soins-et-bien-etre-au-meilleur-prix","8":"first","9":"instock","10":"taxable","11":"shipping-taxable","12":"purchasable","13":"product-type-simple"},"yoast_head":"<!-- This site is optimized with the Yoast SEO plugin v27.4 - https:\/\/yoast.com\/product\/yoast-seo-wordpress\/ -->\n<title>Secret \u2013 D\u00e9odorant solide invisible original \u2013 Powder Fresh - Maroc Prix<\/title>\n<meta name=\"description\" content=\"Secret \u2013 D\u00e9odorant solide invisible original \u2013 Powder Fresh\" \/>\n<meta name=\"robots\" content=\"index, follow, max-snippet:-1, max-image-preview:large, max-video-preview:-1\" \/>\n<link rel=\"canonical\" href=\"https:\/\/vitablanca.ma\/ar\/product-2\/secret-deodorant-solide-invisible-original-powder-fresh\/\" \/>\n<meta property=\"og:locale\" content=\"ar_AR\" \/>\n<meta property=\"og:type\" content=\"article\" \/>\n<meta property=\"og:title\" content=\"Secret \u2013 D\u00e9odorant solide invisible original \u2013 Powder Fresh - Maroc Prix\" \/>\n<meta property=\"og:description\" content=\"Secret \u2013 D\u00e9odorant solide invisible original \u2013 Powder Fresh\" \/>\n<meta property=\"og:url\" content=\"https:\/\/vitablanca.ma\/ar\/product-2\/secret-deodorant-solide-invisible-original-powder-fresh\/\" \/>\n<meta property=\"og:site_name\" content=\"Vitablanca.ma &ndash; Sant&eacute;, vitalit&eacute; et bien-&ecirc;tre pour tous les Marocains\" \/>\n<meta property=\"article:publisher\" content=\"https:\/\/www.facebook.com\/profile.php?id=61576678196717\" \/>\n<meta property=\"og:image\" content=\"https:\/\/vitablanca.ma\/wp-content\/uploads\/2025\/05\/Secret_-_Power_Fresh.jpg\" \/>\n\t<meta property=\"og:image:width\" content=\"800\" \/>\n\t<meta property=\"og:image:height\" content=\"800\" \/>\n\t<meta property=\"og:image:type\" content=\"image\/jpeg\" \/>\n<meta name=\"twitter:card\" content=\"summary_large_image\" \/>\n<script type=\"application\/ld+json\" class=\"yoast-schema-graph\">{\"@context\":\"https:\\\/\\\/schema.org\",\"@graph\":[{\"@type\":[\"WebPage\",\"ItemPage\"],\"@id\":\"https:\\\/\\\/vitablanca.ma\\\/produit\\\/secret-deodorant-solide-invisible-original-powder-fresh\\\/\",\"url\":\"https:\\\/\\\/vitablanca.ma\\\/produit\\\/secret-deodorant-solide-invisible-original-powder-fresh\\\/\",\"name\":\"Secret \u2013 D\u00e9odorant solide invisible original \u2013 Powder Fresh - Maroc Prix\",\"isPartOf\":{\"@id\":\"https:\\\/\\\/vitablanca.ma\\\/#website\"},\"primaryImageOfPage\":{\"@id\":\"https:\\\/\\\/vitablanca.ma\\\/produit\\\/secret-deodorant-solide-invisible-original-powder-fresh\\\/#primaryimage\"},\"image\":{\"@id\":\"https:\\\/\\\/vitablanca.ma\\\/produit\\\/secret-deodorant-solide-invisible-original-powder-fresh\\\/#primaryimage\"},\"thumbnailUrl\":\"https:\\\/\\\/vitablanca.ma\\\/wp-content\\\/uploads\\\/2025\\\/05\\\/Secret_-_Power_Fresh.jpg\",\"datePublished\":\"2025-05-28T21:59:42+00:00\",\"description\":\"Secret \u2013 D\u00e9odorant solide invisible original \u2013 Powder Fresh\",\"breadcrumb\":{\"@id\":\"https:\\\/\\\/vitablanca.ma\\\/produit\\\/secret-deodorant-solide-invisible-original-powder-fresh\\\/#breadcrumb\"},\"inLanguage\":\"ar\",\"potentialAction\":[{\"@type\":\"ReadAction\",\"target\":[\"https:\\\/\\\/vitablanca.ma\\\/produit\\\/secret-deodorant-solide-invisible-original-powder-fresh\\\/\"]}]},{\"@type\":\"ImageObject\",\"inLanguage\":\"ar\",\"@id\":\"https:\\\/\\\/vitablanca.ma\\\/produit\\\/secret-deodorant-solide-invisible-original-powder-fresh\\\/#primaryimage\",\"url\":\"https:\\\/\\\/vitablanca.ma\\\/wp-content\\\/uploads\\\/2025\\\/05\\\/Secret_-_Power_Fresh.jpg\",\"contentUrl\":\"https:\\\/\\\/vitablanca.ma\\\/wp-content\\\/uploads\\\/2025\\\/05\\\/Secret_-_Power_Fresh.jpg\",\"width\":800,\"height\":800},{\"@type\":\"BreadcrumbList\",\"@id\":\"https:\\\/\\\/vitablanca.ma\\\/produit\\\/secret-deodorant-solide-invisible-original-powder-fresh\\\/#breadcrumb\",\"itemListElement\":[{\"@type\":\"ListItem\",\"position\":1,\"name\":\"Home\",\"item\":\"https:\\\/\\\/vitablanca.ma\\\/\"},{\"@type\":\"ListItem\",\"position\":2,\"name\":\"Tous Les Produits\",\"item\":\"https:\\\/\\\/vitablanca.ma\\\/tous-les-produits\\\/\"},{\"@type\":\"ListItem\",\"position\":3,\"name\":\"Secret \u2013 D\u00e9odorant solide invisible original \u2013 Powder Fresh\"}]},{\"@type\":\"WebSite\",\"@id\":\"https:\\\/\\\/vitablanca.ma\\\/#website\",\"url\":\"https:\\\/\\\/vitablanca.ma\\\/\",\"name\":\"VitaBlanca.ma | Compl\u00e9ments alimentaires, sant\u00e9 & beaut\u00e9 au Maroc\",\"description\":\"vendre vitamines et compl\u00e9ments premium des USA &amp; Canada, Nouvelle Z\u00e9lande,Maroc (NOW Foods, Solgar, Manuka). Livraison rapide partout au Maroc.\",\"publisher\":{\"@id\":\"https:\\\/\\\/vitablanca.ma\\\/#organization\"},\"alternateName\":\"VitaBlanca.ma\",\"potentialAction\":[{\"@type\":\"SearchAction\",\"target\":{\"@type\":\"EntryPoint\",\"urlTemplate\":\"https:\\\/\\\/vitablanca.ma\\\/?s={search_term_string}\"},\"query-input\":{\"@type\":\"PropertyValueSpecification\",\"valueRequired\":true,\"valueName\":\"search_term_string\"}}],\"inLanguage\":\"ar\"},{\"@type\":\"Organization\",\"@id\":\"https:\\\/\\\/vitablanca.ma\\\/#organization\",\"name\":\"VitaBlanca\",\"url\":\"https:\\\/\\\/vitablanca.ma\\\/\",\"logo\":{\"@type\":\"ImageObject\",\"inLanguage\":\"ar\",\"@id\":\"https:\\\/\\\/vitablanca.ma\\\/#\\\/schema\\\/logo\\\/image\\\/\",\"url\":\"https:\\\/\\\/vitablanca.ma\\\/wp-content\\\/uploads\\\/2025\\\/05\\\/cropped-vitablanca.png\",\"contentUrl\":\"https:\\\/\\\/vitablanca.ma\\\/wp-content\\\/uploads\\\/2025\\\/05\\\/cropped-vitablanca.png\",\"width\":360,\"height\":67,\"caption\":\"VitaBlanca\"},\"image\":{\"@id\":\"https:\\\/\\\/vitablanca.ma\\\/#\\\/schema\\\/logo\\\/image\\\/\"},\"sameAs\":[\"https:\\\/\\\/www.facebook.com\\\/profile.php?id=61576678196717\",\"https:\\\/\\\/www.tiktok.com\\\/@vitablanca.ma\",\"https:\\\/\\\/www.instagram.com\\\/vitablanca.ma\\\/\"]}]}<\/script>\n<!-- \/ Yoast SEO plugin. -->","yoast_head_json":{"title":"Secret \u2013 D\u00e9odorant solide invisible original \u2013 Powder Fresh - Maroc Prix","description":"\u0633\u064a\u0643\u0631\u064a\u062a \u2013 \u0645\u0632\u064a\u0644 \u0627\u0644\u0639\u0631\u0642 \u0627\u0644\u0623\u0635\u0644\u064a \u063a\u064a\u0631 \u0627\u0644\u0645\u0631\u0626\u064a \u0627\u0644\u0635\u0644\u0628 \u2013 \u0628\u0648\u062f\u0631\u0629 \u0645\u0646\u0639\u0634\u0629","robots":{"index":"index","follow":"follow","max-snippet":"max-snippet:-1","max-image-preview":"max-image-preview:large","max-video-preview":"max-video-preview:-1"},"canonical":"https:\/\/vitablanca.ma\/ar\/product-2\/secret-deodorant-solide-invisible-original-powder-fresh\/","og_locale":"ar_AR","og_type":"article","og_title":"Secret \u2013 D\u00e9odorant solide invisible original \u2013 Powder Fresh - Maroc Prix","og_description":"Secret \u2013 D\u00e9odorant solide invisible original \u2013 Powder Fresh","og_url":"https:\/\/vitablanca.ma\/ar\/product-2\/secret-deodorant-solide-invisible-original-powder-fresh\/","og_site_name":"Vitablanca.ma &ndash; Sant&eacute;, vitalit&eacute; et bien-&ecirc;tre pour tous les Marocains","article_publisher":"https:\/\/www.facebook.com\/profile.php?id=61576678196717","og_image":[{"width":800,"height":800,"url":"https:\/\/vitablanca.ma\/wp-content\/uploads\/2025\/05\/Secret_-_Power_Fresh.jpg","type":"image\/jpeg"}],"twitter_card":"summary_large_image","schema":{"@context":"https:\/\/schema.org","@graph":[{"@type":["WebPage","ItemPage"],"@id":"https:\/\/vitablanca.ma\/produit\/secret-deodorant-solide-invisible-original-powder-fresh\/","url":"https:\/\/vitablanca.ma\/produit\/secret-deodorant-solide-invisible-original-powder-fresh\/","name":"Secret \u2013 D\u00e9odorant solide invisible original \u2013 Powder Fresh - Maroc Prix","isPartOf":{"@id":"https:\/\/vitablanca.ma\/#website"},"primaryImageOfPage":{"@id":"https:\/\/vitablanca.ma\/produit\/secret-deodorant-solide-invisible-original-powder-fresh\/#primaryimage"},"image":{"@id":"https:\/\/vitablanca.ma\/produit\/secret-deodorant-solide-invisible-original-powder-fresh\/#primaryimage"},"thumbnailUrl":"https:\/\/vitablanca.ma\/wp-content\/uploads\/2025\/05\/Secret_-_Power_Fresh.jpg","datePublished":"2025-05-28T21:59:42+00:00","description":"\u0633\u064a\u0643\u0631\u064a\u062a \u2013 \u0645\u0632\u064a\u0644 \u0627\u0644\u0639\u0631\u0642 \u0627\u0644\u0623\u0635\u0644\u064a \u063a\u064a\u0631 \u0627\u0644\u0645\u0631\u0626\u064a \u0627\u0644\u0635\u0644\u0628 \u2013 \u0628\u0648\u062f\u0631\u0629 \u0645\u0646\u0639\u0634\u0629","breadcrumb":{"@id":"https:\/\/vitablanca.ma\/produit\/secret-deodorant-solide-invisible-original-powder-fresh\/#breadcrumb"},"inLanguage":"ar","potentialAction":[{"@type":"ReadAction","target":["https:\/\/vitablanca.ma\/produit\/secret-deodorant-solide-invisible-original-powder-fresh\/"]}]},{"@type":"ImageObject","inLanguage":"ar","@id":"https:\/\/vitablanca.ma\/produit\/secret-deodorant-solide-invisible-original-powder-fresh\/#primaryimage","url":"https:\/\/vitablanca.ma\/wp-content\/uploads\/2025\/05\/Secret_-_Power_Fresh.jpg","contentUrl":"https:\/\/vitablanca.ma\/wp-content\/uploads\/2025\/05\/Secret_-_Power_Fresh.jpg","width":800,"height":800},{"@type":"BreadcrumbList","@id":"https:\/\/vitablanca.ma\/produit\/secret-deodorant-solide-invisible-original-powder-fresh\/#breadcrumb","itemListElement":[{"@type":"ListItem","position":1,"name":"Home","item":"https:\/\/vitablanca.ma\/"},{"@type":"ListItem","position":2,"name":"Tous Les Produits","item":"https:\/\/vitablanca.ma\/tous-les-produits\/"},{"@type":"ListItem","position":3,"name":"Secret \u2013 D\u00e9odorant solide invisible original \u2013 Powder Fresh"}]},{"@type":"WebSite","@id":"https:\/\/vitablanca.ma\/#website","url":"https:\/\/vitablanca.ma\/","name":"VitaBlanca.ma | \u0627\u0644\u0645\u0643\u0645\u0644\u0627\u062a \u0627\u0644\u063a\u0630\u0627\u0626\u064a\u0629\u060c \u0627\u0644\u0635\u062d\u0629 \u0648\u0627\u0644\u062c\u0645\u0627\u0644 \u0641\u064a \u0627\u0644\u0645\u063a\u0631\u0628","description":"\u0646\u0628\u064a\u0639 \u0641\u064a\u062a\u0627\u0645\u064a\u0646\u0627\u062a \u0648\u0645\u0643\u0645\u0644\u0627\u062a \u063a\u0630\u0627\u0626\u064a\u0629 \u0641\u0627\u062e\u0631\u0629 \u0645\u0646 \u0627\u0644\u0648\u0644\u0627\u064a\u0627\u062a \u0627\u0644\u0645\u062a\u062d\u062f\u0629 \u0627\u0644\u0623\u0645\u0631\u064a\u0643\u064a\u0629 \u0648\u0643\u0646\u062f\u0627 \u0648\u0646\u064a\u0648\u0632\u064a\u0644\u0646\u062f\u0627 \u0648\u0627\u0644\u0645\u063a\u0631\u0628 (\u0646\u0627\u0648 \u0641\u0648\u062f\u0632\u060c \u0633\u0648\u0644\u062c\u0627\u0631\u060c \u0645\u0627\u0646\u0648\u0643\u0627). \u062a\u0648\u0635\u064a\u0644 \u0633\u0631\u064a\u0639 \u0625\u0644\u0649 \u062c\u0645\u064a\u0639 \u0623\u0646\u062d\u0627\u0621 \u0627\u0644\u0645\u063a\u0631\u0628.","publisher":{"@id":"https:\/\/vitablanca.ma\/#organization"},"alternateName":"VitaBlanca.ma","potentialAction":[{"@type":"SearchAction","target":{"@type":"EntryPoint","urlTemplate":"https:\/\/vitablanca.ma\/?s={search_term_string}"},"query-input":{"@type":"PropertyValueSpecification","valueRequired":true,"valueName":"search_term_string"}}],"inLanguage":"ar"},{"@type":"Organization","@id":"https:\/\/vitablanca.ma\/#organization","name":"\u0641\u064a\u062a\u0627\u0628\u0644\u0627\u0646\u0643\u0627","url":"https:\/\/vitablanca.ma\/","logo":{"@type":"ImageObject","inLanguage":"ar","@id":"https:\/\/vitablanca.ma\/#\/schema\/logo\/image\/","url":"https:\/\/vitablanca.ma\/wp-content\/uploads\/2025\/05\/cropped-vitablanca.png","contentUrl":"https:\/\/vitablanca.ma\/wp-content\/uploads\/2025\/05\/cropped-vitablanca.png","width":360,"height":67,"caption":"VitaBlanca"},"image":{"@id":"https:\/\/vitablanca.ma\/#\/schema\/logo\/image\/"},"sameAs":["https:\/\/www.facebook.com\/profile.php?id=61576678196717","https:\/\/www.tiktok.com\/@vitablanca.ma","https:\/\/www.instagram.com\/vitablanca.ma\/"]}]}},"jetpack_sharing_enabled":true,"_links":{"self":[{"href":"https:\/\/vitablanca.ma\/ar\/wp-json\/wp\/v2\/product\/12476","targetHints":{"allow":["GET"]}}],"collection":[{"href":"https:\/\/vitablanca.ma\/ar\/wp-json\/wp\/v2\/product"}],"about":[{"href":"https:\/\/vitablanca.ma\/ar\/wp-json\/wp\/v2\/types\/product"}],"wp:featuredmedia":[{"embeddable":true,"href":"https:\/\/vitablanca.ma\/ar\/wp-json\/wp\/v2\/media\/12475"}],"wp:attachment":[{"href":"https:\/\/vitablanca.ma\/ar\/wp-json\/wp\/v2\/media?parent=12476"}],"wp:term":[{"taxonomy":"product_brand","embeddable":true,"href":"https:\/\/vitablanca.ma\/ar\/wp-json\/wp\/v2\/product_brand?post=12476"},{"taxonomy":"product_cat","embeddable":true,"href":"https:\/\/vitablanca.ma\/ar\/wp-json\/wp\/v2\/product_cat?post=12476"},{"taxonomy":"product_tag","embeddable":true,"href":"https:\/\/vitablanca.ma\/ar\/wp-json\/wp\/v2\/product_tag?post=12476"}],"curies":[{"name":"wp","href":"https:\/\/api.w.org\/{rel}","templated":true}]}}