{"id":12459,"date":"2025-05-28T21:57:14","date_gmt":"2025-05-28T21:57:14","guid":{"rendered":"https:\/\/vitablanca.ma\/product\/exfoliating-socks-1-paire-chaussettes-exfoliante-soin-anti-callosite\/"},"modified":"2025-07-17T16:09:08","modified_gmt":"2025-07-17T16:09:08","slug":"exfoliating-socks-1-paire-chaussettes-exfoliante-soin-anti-callosite","status":"publish","type":"product","link":"https:\/\/vitablanca.ma\/ar\/product-2\/exfoliating-socks-1-paire-chaussettes-exfoliante-soin-anti-callosite\/","title":{"rendered":"\u062c\u0648\u0627\u0631\u0628 \u062a\u0642\u0634\u064a\u0631 - \u0632\u0648\u062c \u0648\u0627\u062d\u062f \u0645\u0646 \u062c\u0648\u0627\u0631\u0628 \u0627\u0644\u062a\u0642\u0634\u064a\u0631 \u0644\u0644\u0639\u0646\u0627\u064a\u0629 \u0628\u0645\u0643\u0627\u0641\u062d\u0629 \u0627\u0644\u0643\u0627\u0644\u0648"},"content":{"rendered":"<p>R\u00e9duit la peau dure et les talons fissur\u00e9s avec une seule application.\u00a0Supprimez la peau morte ind\u00e9sirable de votre sensation.\u00a0Pas de coupure ni de frottement et de douleur.\u00a0Utilise un proc\u00e9d\u00e9 d\u2019\u00e9pluchage naturel des peaux pour r\u00e9v\u00e9ler une peau douce pour b\u00e9b\u00e9.<\/p>","protected":false},"excerpt":{"rendered":"<p>R\u00e9duit la peau dure et les talons fissur\u00e9s avec une seule application.\u00a0Supprimez la peau morte ind\u00e9sirable de votre sensation.\u00a0Pas de coupure ni de frottement et de douleur.\u00a0Utilise un proc\u00e9d\u00e9 d\u2019\u00e9pluchage naturel des peaux pour r\u00e9v\u00e9ler une peau douce pour b\u00e9b\u00e9.<\/p>","protected":false},"featured_media":12457,"template":"","meta":{"om_disable_all_campaigns":false},"product_brand":[],"product_cat":[15],"product_tag":[],"class_list":{"0":"post-12459","1":"product","2":"type-product","3":"status-publish","4":"has-post-thumbnail","6":"product_cat-beaute-sante-complements-alimentaires-soins-et-bien-etre-au-meilleur-prix","8":"first","9":"instock","10":"taxable","11":"shipping-taxable","12":"purchasable","13":"product-type-simple"},"yoast_head":"<!-- This site is optimized with the Yoast SEO plugin v27.5 - https:\/\/yoast.com\/product\/yoast-seo-wordpress\/ -->\n<title>exfoliating socks 1 Paire Chaussettes Exfoliante Soin Anti Callosit\u00e9<\/title>\n<meta name=\"description\" content=\"Les chaussettes exfoliantes sont une m\u00e9thode innovante et populaire pour retrouver des pieds doux et lisses \u00e0 domicile. Con\u00e7ues pour \u00e9liminer efficacement\" \/>\n<meta name=\"robots\" content=\"index, follow, max-snippet:-1, max-image-preview:large, max-video-preview:-1\" \/>\n<link rel=\"canonical\" href=\"https:\/\/vitablanca.ma\/ar\/product-2\/exfoliating-socks-1-paire-chaussettes-exfoliante-soin-anti-callosite\/\" \/>\n<meta property=\"og:locale\" content=\"ar_AR\" \/>\n<meta property=\"og:type\" content=\"article\" \/>\n<meta property=\"og:title\" content=\"exfoliating socks 1 Paire Chaussettes Exfoliante Soin Anti Callosit\u00e9\" \/>\n<meta property=\"og:description\" content=\"Les chaussettes exfoliantes sont une m\u00e9thode innovante et populaire pour retrouver des pieds doux et lisses \u00e0 domicile. Con\u00e7ues pour \u00e9liminer efficacement\" \/>\n<meta property=\"og:url\" content=\"https:\/\/vitablanca.ma\/ar\/product-2\/exfoliating-socks-1-paire-chaussettes-exfoliante-soin-anti-callosite\/\" \/>\n<meta property=\"og:site_name\" content=\"Vitablanca.ma &ndash; Sant&eacute;, vitalit&eacute; et bien-&ecirc;tre pour tous les Marocains\" \/>\n<meta property=\"article:publisher\" content=\"https:\/\/www.facebook.com\/profile.php?id=61576678196717\" \/>\n<meta property=\"article:modified_time\" content=\"2025-07-17T16:09:08+00:00\" \/>\n<meta property=\"og:image\" content=\"https:\/\/vitablanca.ma\/wp-content\/uploads\/2025\/05\/haytamepics.jpg\" \/>\n\t<meta property=\"og:image:width\" content=\"680\" \/>\n\t<meta property=\"og:image:height\" content=\"680\" \/>\n\t<meta property=\"og:image:type\" content=\"image\/jpeg\" \/>\n<meta name=\"twitter:card\" content=\"summary_large_image\" \/>\n<meta name=\"twitter:label1\" content=\"\u0648\u0642\u062a \u0627\u0644\u0642\u0631\u0627\u0621\u0629 \u0627\u0644\u0645\u064f\u0642\u062f\u0651\u0631\" \/>\n\t<meta name=\"twitter:data1\" content=\"\u062f\u0642\u064a\u0642\u0629 \u0648\u0627\u062d\u062f\u0629\" \/>\n<script type=\"application\/ld+json\" class=\"yoast-schema-graph\">{\"@context\":\"https:\\\/\\\/schema.org\",\"@graph\":[{\"@type\":[\"WebPage\",\"ItemPage\"],\"@id\":\"https:\\\/\\\/vitablanca.ma\\\/produit\\\/exfoliating-socks-1-paire-chaussettes-exfoliante-soin-anti-callosite\\\/\",\"url\":\"https:\\\/\\\/vitablanca.ma\\\/produit\\\/exfoliating-socks-1-paire-chaussettes-exfoliante-soin-anti-callosite\\\/\",\"name\":\"exfoliating socks 1 Paire Chaussettes Exfoliante Soin Anti Callosit\u00e9\",\"isPartOf\":{\"@id\":\"https:\\\/\\\/vitablanca.ma\\\/#website\"},\"primaryImageOfPage\":{\"@id\":\"https:\\\/\\\/vitablanca.ma\\\/produit\\\/exfoliating-socks-1-paire-chaussettes-exfoliante-soin-anti-callosite\\\/#primaryimage\"},\"image\":{\"@id\":\"https:\\\/\\\/vitablanca.ma\\\/produit\\\/exfoliating-socks-1-paire-chaussettes-exfoliante-soin-anti-callosite\\\/#primaryimage\"},\"thumbnailUrl\":\"https:\\\/\\\/vitablanca.ma\\\/wp-content\\\/uploads\\\/2025\\\/05\\\/haytamepics.jpg\",\"datePublished\":\"2025-05-28T21:57:14+00:00\",\"dateModified\":\"2025-07-17T16:09:08+00:00\",\"description\":\"Les chaussettes exfoliantes sont une m\u00e9thode innovante et populaire pour retrouver des pieds doux et lisses \u00e0 domicile. Con\u00e7ues pour \u00e9liminer efficacement\",\"breadcrumb\":{\"@id\":\"https:\\\/\\\/vitablanca.ma\\\/produit\\\/exfoliating-socks-1-paire-chaussettes-exfoliante-soin-anti-callosite\\\/#breadcrumb\"},\"inLanguage\":\"ar\",\"potentialAction\":[{\"@type\":\"ReadAction\",\"target\":[\"https:\\\/\\\/vitablanca.ma\\\/produit\\\/exfoliating-socks-1-paire-chaussettes-exfoliante-soin-anti-callosite\\\/\"]}]},{\"@type\":\"ImageObject\",\"inLanguage\":\"ar\",\"@id\":\"https:\\\/\\\/vitablanca.ma\\\/produit\\\/exfoliating-socks-1-paire-chaussettes-exfoliante-soin-anti-callosite\\\/#primaryimage\",\"url\":\"https:\\\/\\\/vitablanca.ma\\\/wp-content\\\/uploads\\\/2025\\\/05\\\/haytamepics.jpg\",\"contentUrl\":\"https:\\\/\\\/vitablanca.ma\\\/wp-content\\\/uploads\\\/2025\\\/05\\\/haytamepics.jpg\",\"width\":680,\"height\":680},{\"@type\":\"BreadcrumbList\",\"@id\":\"https:\\\/\\\/vitablanca.ma\\\/produit\\\/exfoliating-socks-1-paire-chaussettes-exfoliante-soin-anti-callosite\\\/#breadcrumb\",\"itemListElement\":[{\"@type\":\"ListItem\",\"position\":1,\"name\":\"Home\",\"item\":\"https:\\\/\\\/vitablanca.ma\\\/\"},{\"@type\":\"ListItem\",\"position\":2,\"name\":\"Tous Les Produits\",\"item\":\"https:\\\/\\\/vitablanca.ma\\\/tous-les-produits\\\/\"},{\"@type\":\"ListItem\",\"position\":3,\"name\":\"exfoliating socks 1 Paire Chaussettes Exfoliante Soin Anti Callosit\u00e9\"}]},{\"@type\":\"WebSite\",\"@id\":\"https:\\\/\\\/vitablanca.ma\\\/#website\",\"url\":\"https:\\\/\\\/vitablanca.ma\\\/\",\"name\":\"VitaBlanca.ma | Compl\u00e9ments alimentaires, sant\u00e9 & beaut\u00e9 au Maroc\",\"description\":\"vendre vitamines et compl\u00e9ments premium des USA &amp; Canada, Nouvelle Z\u00e9lande,Maroc (NOW Foods, Solgar, Manuka). Livraison rapide partout au Maroc.\",\"publisher\":{\"@id\":\"https:\\\/\\\/vitablanca.ma\\\/#organization\"},\"alternateName\":\"VitaBlanca.ma\",\"potentialAction\":[{\"@type\":\"SearchAction\",\"target\":{\"@type\":\"EntryPoint\",\"urlTemplate\":\"https:\\\/\\\/vitablanca.ma\\\/?s={search_term_string}\"},\"query-input\":{\"@type\":\"PropertyValueSpecification\",\"valueRequired\":true,\"valueName\":\"search_term_string\"}}],\"inLanguage\":\"ar\"},{\"@type\":\"Organization\",\"@id\":\"https:\\\/\\\/vitablanca.ma\\\/#organization\",\"name\":\"VitaBlanca\",\"url\":\"https:\\\/\\\/vitablanca.ma\\\/\",\"logo\":{\"@type\":\"ImageObject\",\"inLanguage\":\"ar\",\"@id\":\"https:\\\/\\\/vitablanca.ma\\\/#\\\/schema\\\/logo\\\/image\\\/\",\"url\":\"https:\\\/\\\/vitablanca.ma\\\/wp-content\\\/uploads\\\/2025\\\/05\\\/cropped-vitablanca.png\",\"contentUrl\":\"https:\\\/\\\/vitablanca.ma\\\/wp-content\\\/uploads\\\/2025\\\/05\\\/cropped-vitablanca.png\",\"width\":360,\"height\":67,\"caption\":\"VitaBlanca\"},\"image\":{\"@id\":\"https:\\\/\\\/vitablanca.ma\\\/#\\\/schema\\\/logo\\\/image\\\/\"},\"sameAs\":[\"https:\\\/\\\/www.facebook.com\\\/profile.php?id=61576678196717\",\"https:\\\/\\\/www.tiktok.com\\\/@vitablanca.ma\",\"https:\\\/\\\/www.instagram.com\\\/vitablanca.ma\\\/\"]}]}<\/script>\n<!-- \/ Yoast SEO plugin. -->","yoast_head_json":{"title":"\u062c\u0648\u0627\u0631\u0628 \u062a\u0642\u0634\u064a\u0631 - \u0632\u0648\u062c \u0648\u0627\u062d\u062f \u0645\u0646 \u062c\u0648\u0627\u0631\u0628 \u0627\u0644\u062a\u0642\u0634\u064a\u0631 \u0644\u0644\u0639\u0646\u0627\u064a\u0629 \u0628\u0645\u0643\u0627\u0641\u062d\u0629 \u0627\u0644\u0643\u0627\u0644\u0648","description":"Les chaussettes exfoliantes sont une m\u00e9thode innovante et populaire pour retrouver des pieds doux et lisses \u00e0 domicile. Con\u00e7ues pour \u00e9liminer efficacement","robots":{"index":"index","follow":"follow","max-snippet":"max-snippet:-1","max-image-preview":"max-image-preview:large","max-video-preview":"max-video-preview:-1"},"canonical":"https:\/\/vitablanca.ma\/ar\/product-2\/exfoliating-socks-1-paire-chaussettes-exfoliante-soin-anti-callosite\/","og_locale":"ar_AR","og_type":"article","og_title":"exfoliating socks 1 Paire Chaussettes Exfoliante Soin Anti Callosit\u00e9","og_description":"Les chaussettes exfoliantes sont une m\u00e9thode innovante et populaire pour retrouver des pieds doux et lisses \u00e0 domicile. Con\u00e7ues pour \u00e9liminer efficacement","og_url":"https:\/\/vitablanca.ma\/ar\/product-2\/exfoliating-socks-1-paire-chaussettes-exfoliante-soin-anti-callosite\/","og_site_name":"Vitablanca.ma &ndash; Sant&eacute;, vitalit&eacute; et bien-&ecirc;tre pour tous les Marocains","article_publisher":"https:\/\/www.facebook.com\/profile.php?id=61576678196717","article_modified_time":"2025-07-17T16:09:08+00:00","og_image":[{"width":680,"height":680,"url":"https:\/\/vitablanca.ma\/wp-content\/uploads\/2025\/05\/haytamepics.jpg","type":"image\/jpeg"}],"twitter_card":"summary_large_image","twitter_misc":{"\u0648\u0642\u062a \u0627\u0644\u0642\u0631\u0627\u0621\u0629 \u0627\u0644\u0645\u064f\u0642\u062f\u0651\u0631":"\u062f\u0642\u064a\u0642\u0629 \u0648\u0627\u062d\u062f\u0629"},"schema":{"@context":"https:\/\/schema.org","@graph":[{"@type":["WebPage","ItemPage"],"@id":"https:\/\/vitablanca.ma\/produit\/exfoliating-socks-1-paire-chaussettes-exfoliante-soin-anti-callosite\/","url":"https:\/\/vitablanca.ma\/produit\/exfoliating-socks-1-paire-chaussettes-exfoliante-soin-anti-callosite\/","name":"\u062c\u0648\u0627\u0631\u0628 \u062a\u0642\u0634\u064a\u0631 - \u0632\u0648\u062c \u0648\u0627\u062d\u062f \u0645\u0646 \u062c\u0648\u0627\u0631\u0628 \u0627\u0644\u062a\u0642\u0634\u064a\u0631 \u0644\u0644\u0639\u0646\u0627\u064a\u0629 \u0628\u0645\u0643\u0627\u0641\u062d\u0629 \u0627\u0644\u0643\u0627\u0644\u0648","isPartOf":{"@id":"https:\/\/vitablanca.ma\/#website"},"primaryImageOfPage":{"@id":"https:\/\/vitablanca.ma\/produit\/exfoliating-socks-1-paire-chaussettes-exfoliante-soin-anti-callosite\/#primaryimage"},"image":{"@id":"https:\/\/vitablanca.ma\/produit\/exfoliating-socks-1-paire-chaussettes-exfoliante-soin-anti-callosite\/#primaryimage"},"thumbnailUrl":"https:\/\/vitablanca.ma\/wp-content\/uploads\/2025\/05\/haytamepics.jpg","datePublished":"2025-05-28T21:57:14+00:00","dateModified":"2025-07-17T16:09:08+00:00","description":"Les chaussettes exfoliantes sont une m\u00e9thode innovante et populaire pour retrouver des pieds doux et lisses \u00e0 domicile. Con\u00e7ues pour \u00e9liminer efficacement","breadcrumb":{"@id":"https:\/\/vitablanca.ma\/produit\/exfoliating-socks-1-paire-chaussettes-exfoliante-soin-anti-callosite\/#breadcrumb"},"inLanguage":"ar","potentialAction":[{"@type":"ReadAction","target":["https:\/\/vitablanca.ma\/produit\/exfoliating-socks-1-paire-chaussettes-exfoliante-soin-anti-callosite\/"]}]},{"@type":"ImageObject","inLanguage":"ar","@id":"https:\/\/vitablanca.ma\/produit\/exfoliating-socks-1-paire-chaussettes-exfoliante-soin-anti-callosite\/#primaryimage","url":"https:\/\/vitablanca.ma\/wp-content\/uploads\/2025\/05\/haytamepics.jpg","contentUrl":"https:\/\/vitablanca.ma\/wp-content\/uploads\/2025\/05\/haytamepics.jpg","width":680,"height":680},{"@type":"BreadcrumbList","@id":"https:\/\/vitablanca.ma\/produit\/exfoliating-socks-1-paire-chaussettes-exfoliante-soin-anti-callosite\/#breadcrumb","itemListElement":[{"@type":"ListItem","position":1,"name":"Home","item":"https:\/\/vitablanca.ma\/"},{"@type":"ListItem","position":2,"name":"Tous Les Produits","item":"https:\/\/vitablanca.ma\/tous-les-produits\/"},{"@type":"ListItem","position":3,"name":"exfoliating socks 1 Paire Chaussettes Exfoliante Soin Anti Callosit\u00e9"}]},{"@type":"WebSite","@id":"https:\/\/vitablanca.ma\/#website","url":"https:\/\/vitablanca.ma\/","name":"VitaBlanca.ma | \u0627\u0644\u0645\u0643\u0645\u0644\u0627\u062a \u0627\u0644\u063a\u0630\u0627\u0626\u064a\u0629\u060c \u0627\u0644\u0635\u062d\u0629 \u0648\u0627\u0644\u062c\u0645\u0627\u0644 \u0641\u064a \u0627\u0644\u0645\u063a\u0631\u0628","description":"\u0646\u0628\u064a\u0639 \u0641\u064a\u062a\u0627\u0645\u064a\u0646\u0627\u062a \u0648\u0645\u0643\u0645\u0644\u0627\u062a \u063a\u0630\u0627\u0626\u064a\u0629 \u0641\u0627\u062e\u0631\u0629 \u0645\u0646 \u0627\u0644\u0648\u0644\u0627\u064a\u0627\u062a \u0627\u0644\u0645\u062a\u062d\u062f\u0629 \u0627\u0644\u0623\u0645\u0631\u064a\u0643\u064a\u0629 \u0648\u0643\u0646\u062f\u0627 \u0648\u0646\u064a\u0648\u0632\u064a\u0644\u0646\u062f\u0627 \u0648\u0627\u0644\u0645\u063a\u0631\u0628 (\u0646\u0627\u0648 \u0641\u0648\u062f\u0632\u060c \u0633\u0648\u0644\u062c\u0627\u0631\u060c \u0645\u0627\u0646\u0648\u0643\u0627). \u062a\u0648\u0635\u064a\u0644 \u0633\u0631\u064a\u0639 \u0625\u0644\u0649 \u062c\u0645\u064a\u0639 \u0623\u0646\u062d\u0627\u0621 \u0627\u0644\u0645\u063a\u0631\u0628.","publisher":{"@id":"https:\/\/vitablanca.ma\/#organization"},"alternateName":"VitaBlanca.ma","potentialAction":[{"@type":"SearchAction","target":{"@type":"EntryPoint","urlTemplate":"https:\/\/vitablanca.ma\/?s={search_term_string}"},"query-input":{"@type":"PropertyValueSpecification","valueRequired":true,"valueName":"search_term_string"}}],"inLanguage":"ar"},{"@type":"Organization","@id":"https:\/\/vitablanca.ma\/#organization","name":"\u0641\u064a\u062a\u0627\u0628\u0644\u0627\u0646\u0643\u0627","url":"https:\/\/vitablanca.ma\/","logo":{"@type":"ImageObject","inLanguage":"ar","@id":"https:\/\/vitablanca.ma\/#\/schema\/logo\/image\/","url":"https:\/\/vitablanca.ma\/wp-content\/uploads\/2025\/05\/cropped-vitablanca.png","contentUrl":"https:\/\/vitablanca.ma\/wp-content\/uploads\/2025\/05\/cropped-vitablanca.png","width":360,"height":67,"caption":"VitaBlanca"},"image":{"@id":"https:\/\/vitablanca.ma\/#\/schema\/logo\/image\/"},"sameAs":["https:\/\/www.facebook.com\/profile.php?id=61576678196717","https:\/\/www.tiktok.com\/@vitablanca.ma","https:\/\/www.instagram.com\/vitablanca.ma\/"]}]}},"jetpack_sharing_enabled":true,"_links":{"self":[{"href":"https:\/\/vitablanca.ma\/ar\/wp-json\/wp\/v2\/product\/12459","targetHints":{"allow":["GET"]}}],"collection":[{"href":"https:\/\/vitablanca.ma\/ar\/wp-json\/wp\/v2\/product"}],"about":[{"href":"https:\/\/vitablanca.ma\/ar\/wp-json\/wp\/v2\/types\/product"}],"wp:featuredmedia":[{"embeddable":true,"href":"https:\/\/vitablanca.ma\/ar\/wp-json\/wp\/v2\/media\/12457"}],"wp:attachment":[{"href":"https:\/\/vitablanca.ma\/ar\/wp-json\/wp\/v2\/media?parent=12459"}],"wp:term":[{"taxonomy":"product_brand","embeddable":true,"href":"https:\/\/vitablanca.ma\/ar\/wp-json\/wp\/v2\/product_brand?post=12459"},{"taxonomy":"product_cat","embeddable":true,"href":"https:\/\/vitablanca.ma\/ar\/wp-json\/wp\/v2\/product_cat?post=12459"},{"taxonomy":"product_tag","embeddable":true,"href":"https:\/\/vitablanca.ma\/ar\/wp-json\/wp\/v2\/product_tag?post=12459"}],"curies":[{"name":"wp","href":"https:\/\/api.w.org\/{rel}","templated":true}]}}