{"id":12295,"date":"2025-05-28T21:40:48","date_gmt":"2025-05-28T21:40:48","guid":{"rendered":"https:\/\/vitablanca.ma\/product\/revolution-ultra-blush-palette-hot-spice\/"},"modified":"2025-05-28T21:40:48","modified_gmt":"2025-05-28T21:40:48","slug":"revolution-ultra-blush-palette-hot-spice","status":"publish","type":"product","link":"https:\/\/vitablanca.ma\/ar\/product-2\/revolution-ultra-blush-palette-hot-spice\/","title":{"rendered":"Revolution &#8211; Ultra Blush Palette Hot Spice"},"content":{"rendered":"<p>Notre palette ULTRA Blush est parfaite pour l&rsquo;application professionnelle que nous souhaitons tous. Id\u00e9al pour le highlighting. Produits professionnels extr\u00eamement pigment\u00e9s, mais faciles \u00e0 m\u00e9langer, contenant 8 nuances compos\u00e9es de fards \u00e0 joues brillants et mats, d&rsquo;une fusion de blush et d&rsquo;une poudre de highlighter fusionn\u00e9e. La palette ULTIMATE vous offre 8 nuances en 1 pour toutes les occasions ! 8 nuances exclusives et uniques dans chaque palette peuvent \u00eatre utilis\u00e9es individuellement ou combin\u00e9es pour cr\u00e9er la nuance de votre choix. Avec une s\u00e9lection de mats et de brillants, les poudres dans chaque palette sont plac\u00e9es dans un bo\u00eetier compact avec miroir pour vos retouches en d\u00e9placement. Disponible en 2 palettes : 8 nuances uniques dans chaque Vegan. Non test\u00e9 sur les animaux. Sans gluten.<\/p>","protected":false},"excerpt":{"rendered":"<p>Notre palette ULTRA Blush est parfaite pour l&rsquo;application professionnelle que nous souhaitons tous. Id\u00e9al pour le highlighting. Produits professionnels extr\u00eamement pigment\u00e9s, mais faciles \u00e0 m\u00e9langer, contenant 8 nuances compos\u00e9es de fards \u00e0 joues brillants et mats, d&rsquo;une fusion de blush et d&rsquo;une poudre de highlighter fusionn\u00e9e. La palette ULTIMATE vous offre 8 nuances en 1 [&hellip;]<\/p>\n","protected":false},"featured_media":12294,"template":"","meta":{"om_disable_all_campaigns":false},"product_brand":[],"product_cat":[15],"product_tag":[],"class_list":{"0":"post-12295","1":"product","2":"type-product","3":"status-publish","4":"has-post-thumbnail","6":"product_cat-beaute-sante-complements-alimentaires-soins-et-bien-etre-au-meilleur-prix","8":"first","9":"instock","10":"taxable","11":"shipping-taxable","12":"purchasable","13":"product-type-simple"},"yoast_head":"<!-- This site is optimized with the Yoast SEO plugin v27.4 - https:\/\/yoast.com\/product\/yoast-seo-wordpress\/ -->\n<title>Revolution - Ultra Blush Palette Hot Spice - Maroc Prix<\/title>\n<meta name=\"description\" content=\"Revolution - Ultra Blush Palette Hot Spice\" \/>\n<meta name=\"robots\" content=\"index, follow, max-snippet:-1, max-image-preview:large, max-video-preview:-1\" \/>\n<link rel=\"canonical\" href=\"https:\/\/vitablanca.ma\/ar\/product-2\/revolution-ultra-blush-palette-hot-spice\/\" \/>\n<meta property=\"og:locale\" content=\"ar_AR\" \/>\n<meta property=\"og:type\" content=\"article\" \/>\n<meta property=\"og:title\" content=\"Revolution - Ultra Blush Palette Hot Spice - Maroc Prix\" \/>\n<meta property=\"og:description\" content=\"Revolution - Ultra Blush Palette Hot Spice\" \/>\n<meta property=\"og:url\" content=\"https:\/\/vitablanca.ma\/ar\/product-2\/revolution-ultra-blush-palette-hot-spice\/\" \/>\n<meta property=\"og:site_name\" content=\"Vitablanca.ma &ndash; Sant&eacute;, vitalit&eacute; et bien-&ecirc;tre pour tous les Marocains\" \/>\n<meta property=\"article:publisher\" content=\"https:\/\/www.facebook.com\/profile.php?id=61576678196717\" \/>\n<meta property=\"og:image\" content=\"https:\/\/vitablanca.ma\/wp-content\/uploads\/2025\/05\/Revolution-Ultra-Blush-Palette-hot-Spice_56992a47-33f5-44d5-af73-9eed3692c8c2.jpg\" \/>\n\t<meta property=\"og:image:width\" content=\"800\" \/>\n\t<meta property=\"og:image:height\" content=\"800\" \/>\n\t<meta property=\"og:image:type\" content=\"image\/jpeg\" \/>\n<meta name=\"twitter:card\" content=\"summary_large_image\" \/>\n<meta name=\"twitter:label1\" content=\"\u0648\u0642\u062a \u0627\u0644\u0642\u0631\u0627\u0621\u0629 \u0627\u0644\u0645\u064f\u0642\u062f\u0651\u0631\" \/>\n\t<meta name=\"twitter:data1\" content=\"\u062f\u0642\u064a\u0642\u0629 \u0648\u0627\u062d\u062f\u0629\" \/>\n<script type=\"application\/ld+json\" class=\"yoast-schema-graph\">{\"@context\":\"https:\\\/\\\/schema.org\",\"@graph\":[{\"@type\":[\"WebPage\",\"ItemPage\"],\"@id\":\"https:\\\/\\\/vitablanca.ma\\\/produit\\\/revolution-ultra-blush-palette-hot-spice\\\/\",\"url\":\"https:\\\/\\\/vitablanca.ma\\\/produit\\\/revolution-ultra-blush-palette-hot-spice\\\/\",\"name\":\"Revolution - Ultra Blush Palette Hot Spice - Maroc Prix\",\"isPartOf\":{\"@id\":\"https:\\\/\\\/vitablanca.ma\\\/#website\"},\"primaryImageOfPage\":{\"@id\":\"https:\\\/\\\/vitablanca.ma\\\/produit\\\/revolution-ultra-blush-palette-hot-spice\\\/#primaryimage\"},\"image\":{\"@id\":\"https:\\\/\\\/vitablanca.ma\\\/produit\\\/revolution-ultra-blush-palette-hot-spice\\\/#primaryimage\"},\"thumbnailUrl\":\"https:\\\/\\\/vitablanca.ma\\\/wp-content\\\/uploads\\\/2025\\\/05\\\/Revolution-Ultra-Blush-Palette-hot-Spice_56992a47-33f5-44d5-af73-9eed3692c8c2.jpg\",\"datePublished\":\"2025-05-28T21:40:48+00:00\",\"description\":\"Revolution - Ultra Blush Palette Hot Spice\",\"breadcrumb\":{\"@id\":\"https:\\\/\\\/vitablanca.ma\\\/produit\\\/revolution-ultra-blush-palette-hot-spice\\\/#breadcrumb\"},\"inLanguage\":\"ar\",\"potentialAction\":[{\"@type\":\"ReadAction\",\"target\":[\"https:\\\/\\\/vitablanca.ma\\\/produit\\\/revolution-ultra-blush-palette-hot-spice\\\/\"]}]},{\"@type\":\"ImageObject\",\"inLanguage\":\"ar\",\"@id\":\"https:\\\/\\\/vitablanca.ma\\\/produit\\\/revolution-ultra-blush-palette-hot-spice\\\/#primaryimage\",\"url\":\"https:\\\/\\\/vitablanca.ma\\\/wp-content\\\/uploads\\\/2025\\\/05\\\/Revolution-Ultra-Blush-Palette-hot-Spice_56992a47-33f5-44d5-af73-9eed3692c8c2.jpg\",\"contentUrl\":\"https:\\\/\\\/vitablanca.ma\\\/wp-content\\\/uploads\\\/2025\\\/05\\\/Revolution-Ultra-Blush-Palette-hot-Spice_56992a47-33f5-44d5-af73-9eed3692c8c2.jpg\",\"width\":800,\"height\":800},{\"@type\":\"BreadcrumbList\",\"@id\":\"https:\\\/\\\/vitablanca.ma\\\/produit\\\/revolution-ultra-blush-palette-hot-spice\\\/#breadcrumb\",\"itemListElement\":[{\"@type\":\"ListItem\",\"position\":1,\"name\":\"Home\",\"item\":\"https:\\\/\\\/vitablanca.ma\\\/\"},{\"@type\":\"ListItem\",\"position\":2,\"name\":\"Tous Les Produits\",\"item\":\"https:\\\/\\\/vitablanca.ma\\\/tous-les-produits\\\/\"},{\"@type\":\"ListItem\",\"position\":3,\"name\":\"Revolution &#8211; Ultra Blush Palette Hot Spice\"}]},{\"@type\":\"WebSite\",\"@id\":\"https:\\\/\\\/vitablanca.ma\\\/#website\",\"url\":\"https:\\\/\\\/vitablanca.ma\\\/\",\"name\":\"VitaBlanca.ma | Compl\u00e9ments alimentaires, sant\u00e9 & beaut\u00e9 au Maroc\",\"description\":\"vendre vitamines et compl\u00e9ments premium des USA &amp; Canada, Nouvelle Z\u00e9lande,Maroc (NOW Foods, Solgar, Manuka). Livraison rapide partout au Maroc.\",\"publisher\":{\"@id\":\"https:\\\/\\\/vitablanca.ma\\\/#organization\"},\"alternateName\":\"VitaBlanca.ma\",\"potentialAction\":[{\"@type\":\"SearchAction\",\"target\":{\"@type\":\"EntryPoint\",\"urlTemplate\":\"https:\\\/\\\/vitablanca.ma\\\/?s={search_term_string}\"},\"query-input\":{\"@type\":\"PropertyValueSpecification\",\"valueRequired\":true,\"valueName\":\"search_term_string\"}}],\"inLanguage\":\"ar\"},{\"@type\":\"Organization\",\"@id\":\"https:\\\/\\\/vitablanca.ma\\\/#organization\",\"name\":\"VitaBlanca\",\"url\":\"https:\\\/\\\/vitablanca.ma\\\/\",\"logo\":{\"@type\":\"ImageObject\",\"inLanguage\":\"ar\",\"@id\":\"https:\\\/\\\/vitablanca.ma\\\/#\\\/schema\\\/logo\\\/image\\\/\",\"url\":\"https:\\\/\\\/vitablanca.ma\\\/wp-content\\\/uploads\\\/2025\\\/05\\\/cropped-vitablanca.png\",\"contentUrl\":\"https:\\\/\\\/vitablanca.ma\\\/wp-content\\\/uploads\\\/2025\\\/05\\\/cropped-vitablanca.png\",\"width\":360,\"height\":67,\"caption\":\"VitaBlanca\"},\"image\":{\"@id\":\"https:\\\/\\\/vitablanca.ma\\\/#\\\/schema\\\/logo\\\/image\\\/\"},\"sameAs\":[\"https:\\\/\\\/www.facebook.com\\\/profile.php?id=61576678196717\",\"https:\\\/\\\/www.tiktok.com\\\/@vitablanca.ma\",\"https:\\\/\\\/www.instagram.com\\\/vitablanca.ma\\\/\"]}]}<\/script>\n<!-- \/ Yoast SEO plugin. -->","yoast_head_json":{"title":"Revolution - Ultra Blush Palette Hot Spice - Maroc Prix","description":"\u0631\u064a\u0641\u0648\u0644\u0648\u0634\u0646 - \u0644\u0648\u062d\u0629 \u0623\u062d\u0645\u0631 \u0627\u0644\u062e\u062f\u0648\u062f \u0627\u0644\u062a\u0631\u0627 \u0647\u0648\u062a \u0633\u0628\u0627\u064a\u0633","robots":{"index":"index","follow":"follow","max-snippet":"max-snippet:-1","max-image-preview":"max-image-preview:large","max-video-preview":"max-video-preview:-1"},"canonical":"https:\/\/vitablanca.ma\/ar\/product-2\/revolution-ultra-blush-palette-hot-spice\/","og_locale":"ar_AR","og_type":"article","og_title":"Revolution - Ultra Blush Palette Hot Spice - Maroc Prix","og_description":"Revolution - Ultra Blush Palette Hot Spice","og_url":"https:\/\/vitablanca.ma\/ar\/product-2\/revolution-ultra-blush-palette-hot-spice\/","og_site_name":"Vitablanca.ma &ndash; Sant&eacute;, vitalit&eacute; et bien-&ecirc;tre pour tous les Marocains","article_publisher":"https:\/\/www.facebook.com\/profile.php?id=61576678196717","og_image":[{"width":800,"height":800,"url":"https:\/\/vitablanca.ma\/wp-content\/uploads\/2025\/05\/Revolution-Ultra-Blush-Palette-hot-Spice_56992a47-33f5-44d5-af73-9eed3692c8c2.jpg","type":"image\/jpeg"}],"twitter_card":"summary_large_image","twitter_misc":{"\u0648\u0642\u062a \u0627\u0644\u0642\u0631\u0627\u0621\u0629 \u0627\u0644\u0645\u064f\u0642\u062f\u0651\u0631":"\u062f\u0642\u064a\u0642\u0629 \u0648\u0627\u062d\u062f\u0629"},"schema":{"@context":"https:\/\/schema.org","@graph":[{"@type":["WebPage","ItemPage"],"@id":"https:\/\/vitablanca.ma\/produit\/revolution-ultra-blush-palette-hot-spice\/","url":"https:\/\/vitablanca.ma\/produit\/revolution-ultra-blush-palette-hot-spice\/","name":"Revolution - Ultra Blush Palette Hot Spice - Maroc Prix","isPartOf":{"@id":"https:\/\/vitablanca.ma\/#website"},"primaryImageOfPage":{"@id":"https:\/\/vitablanca.ma\/produit\/revolution-ultra-blush-palette-hot-spice\/#primaryimage"},"image":{"@id":"https:\/\/vitablanca.ma\/produit\/revolution-ultra-blush-palette-hot-spice\/#primaryimage"},"thumbnailUrl":"https:\/\/vitablanca.ma\/wp-content\/uploads\/2025\/05\/Revolution-Ultra-Blush-Palette-hot-Spice_56992a47-33f5-44d5-af73-9eed3692c8c2.jpg","datePublished":"2025-05-28T21:40:48+00:00","description":"\u0631\u064a\u0641\u0648\u0644\u0648\u0634\u0646 - \u0644\u0648\u062d\u0629 \u0623\u062d\u0645\u0631 \u0627\u0644\u062e\u062f\u0648\u062f \u0627\u0644\u062a\u0631\u0627 \u0647\u0648\u062a \u0633\u0628\u0627\u064a\u0633","breadcrumb":{"@id":"https:\/\/vitablanca.ma\/produit\/revolution-ultra-blush-palette-hot-spice\/#breadcrumb"},"inLanguage":"ar","potentialAction":[{"@type":"ReadAction","target":["https:\/\/vitablanca.ma\/produit\/revolution-ultra-blush-palette-hot-spice\/"]}]},{"@type":"ImageObject","inLanguage":"ar","@id":"https:\/\/vitablanca.ma\/produit\/revolution-ultra-blush-palette-hot-spice\/#primaryimage","url":"https:\/\/vitablanca.ma\/wp-content\/uploads\/2025\/05\/Revolution-Ultra-Blush-Palette-hot-Spice_56992a47-33f5-44d5-af73-9eed3692c8c2.jpg","contentUrl":"https:\/\/vitablanca.ma\/wp-content\/uploads\/2025\/05\/Revolution-Ultra-Blush-Palette-hot-Spice_56992a47-33f5-44d5-af73-9eed3692c8c2.jpg","width":800,"height":800},{"@type":"BreadcrumbList","@id":"https:\/\/vitablanca.ma\/produit\/revolution-ultra-blush-palette-hot-spice\/#breadcrumb","itemListElement":[{"@type":"ListItem","position":1,"name":"Home","item":"https:\/\/vitablanca.ma\/"},{"@type":"ListItem","position":2,"name":"Tous Les Produits","item":"https:\/\/vitablanca.ma\/tous-les-produits\/"},{"@type":"ListItem","position":3,"name":"Revolution &#8211; Ultra Blush Palette Hot Spice"}]},{"@type":"WebSite","@id":"https:\/\/vitablanca.ma\/#website","url":"https:\/\/vitablanca.ma\/","name":"VitaBlanca.ma | \u0627\u0644\u0645\u0643\u0645\u0644\u0627\u062a \u0627\u0644\u063a\u0630\u0627\u0626\u064a\u0629\u060c \u0627\u0644\u0635\u062d\u0629 \u0648\u0627\u0644\u062c\u0645\u0627\u0644 \u0641\u064a \u0627\u0644\u0645\u063a\u0631\u0628","description":"\u0646\u0628\u064a\u0639 \u0641\u064a\u062a\u0627\u0645\u064a\u0646\u0627\u062a \u0648\u0645\u0643\u0645\u0644\u0627\u062a \u063a\u0630\u0627\u0626\u064a\u0629 \u0641\u0627\u062e\u0631\u0629 \u0645\u0646 \u0627\u0644\u0648\u0644\u0627\u064a\u0627\u062a \u0627\u0644\u0645\u062a\u062d\u062f\u0629 \u0627\u0644\u0623\u0645\u0631\u064a\u0643\u064a\u0629 \u0648\u0643\u0646\u062f\u0627 \u0648\u0646\u064a\u0648\u0632\u064a\u0644\u0646\u062f\u0627 \u0648\u0627\u0644\u0645\u063a\u0631\u0628 (\u0646\u0627\u0648 \u0641\u0648\u062f\u0632\u060c \u0633\u0648\u0644\u062c\u0627\u0631\u060c \u0645\u0627\u0646\u0648\u0643\u0627). \u062a\u0648\u0635\u064a\u0644 \u0633\u0631\u064a\u0639 \u0625\u0644\u0649 \u062c\u0645\u064a\u0639 \u0623\u0646\u062d\u0627\u0621 \u0627\u0644\u0645\u063a\u0631\u0628.","publisher":{"@id":"https:\/\/vitablanca.ma\/#organization"},"alternateName":"VitaBlanca.ma","potentialAction":[{"@type":"SearchAction","target":{"@type":"EntryPoint","urlTemplate":"https:\/\/vitablanca.ma\/?s={search_term_string}"},"query-input":{"@type":"PropertyValueSpecification","valueRequired":true,"valueName":"search_term_string"}}],"inLanguage":"ar"},{"@type":"Organization","@id":"https:\/\/vitablanca.ma\/#organization","name":"\u0641\u064a\u062a\u0627\u0628\u0644\u0627\u0646\u0643\u0627","url":"https:\/\/vitablanca.ma\/","logo":{"@type":"ImageObject","inLanguage":"ar","@id":"https:\/\/vitablanca.ma\/#\/schema\/logo\/image\/","url":"https:\/\/vitablanca.ma\/wp-content\/uploads\/2025\/05\/cropped-vitablanca.png","contentUrl":"https:\/\/vitablanca.ma\/wp-content\/uploads\/2025\/05\/cropped-vitablanca.png","width":360,"height":67,"caption":"VitaBlanca"},"image":{"@id":"https:\/\/vitablanca.ma\/#\/schema\/logo\/image\/"},"sameAs":["https:\/\/www.facebook.com\/profile.php?id=61576678196717","https:\/\/www.tiktok.com\/@vitablanca.ma","https:\/\/www.instagram.com\/vitablanca.ma\/"]}]}},"jetpack_sharing_enabled":true,"_links":{"self":[{"href":"https:\/\/vitablanca.ma\/ar\/wp-json\/wp\/v2\/product\/12295","targetHints":{"allow":["GET"]}}],"collection":[{"href":"https:\/\/vitablanca.ma\/ar\/wp-json\/wp\/v2\/product"}],"about":[{"href":"https:\/\/vitablanca.ma\/ar\/wp-json\/wp\/v2\/types\/product"}],"wp:featuredmedia":[{"embeddable":true,"href":"https:\/\/vitablanca.ma\/ar\/wp-json\/wp\/v2\/media\/12294"}],"wp:attachment":[{"href":"https:\/\/vitablanca.ma\/ar\/wp-json\/wp\/v2\/media?parent=12295"}],"wp:term":[{"taxonomy":"product_brand","embeddable":true,"href":"https:\/\/vitablanca.ma\/ar\/wp-json\/wp\/v2\/product_brand?post=12295"},{"taxonomy":"product_cat","embeddable":true,"href":"https:\/\/vitablanca.ma\/ar\/wp-json\/wp\/v2\/product_cat?post=12295"},{"taxonomy":"product_tag","embeddable":true,"href":"https:\/\/vitablanca.ma\/ar\/wp-json\/wp\/v2\/product_tag?post=12295"}],"curies":[{"name":"wp","href":"https:\/\/api.w.org\/{rel}","templated":true}]}}