{"id":11919,"date":"2025-05-28T21:29:01","date_gmt":"2025-05-28T21:29:01","guid":{"rendered":"https:\/\/vitablanca.ma\/product\/charlotte-tilbury-glowgasm-beauty-light-wand-blush\/"},"modified":"2025-05-28T21:29:01","modified_gmt":"2025-05-28T21:29:01","slug":"charlotte-tilbury-glowgasm-beauty-light-wand-blush","status":"publish","type":"product","link":"https:\/\/vitablanca.ma\/ar\/product-2\/charlotte-tilbury-glowgasm-beauty-light-wand-blush\/","title":{"rendered":"\u0623\u062d\u0645\u0631 \u0627\u0644\u062e\u062f\u0648\u062f Charlotte Tilbury GLOWGASM BEAUTY LIGHT WAND"},"content":{"rendered":"<p data-mce-fragment=\"1\">\u0623\u062d\u0645\u0631 \u0627\u0644\u062e\u062f\u0648\u062f \u0627\u0644\u062c\u062f\u064a\u062f \u0645\u0646 \u0634\u0627\u0631\u0644\u0648\u062a \u062a\u064a\u0644\u0628\u0648\u0631\u064a &quot;\u062c\u0644\u0648 \u063a\u0627\u0632\u0645 \u0628\u064a\u0648\u062a\u064a \u0644\u0627\u064a\u062a \u0648\u0627\u0646\u062f&quot; \u0647\u0648 \u0627\u0644\u0644\u0645\u0633\u0629 \u0627\u0644\u0646\u0647\u0627\u0626\u064a\u0629 \u0627\u0644\u062a\u064a \u062a\u064f\u0636\u0641\u064a \u0644\u0645\u0633\u0629\u064b \u0645\u0646 \u0627\u0644\u062a\u0623\u0644\u0642 \u0639\u0644\u0649 \u0625\u0637\u0644\u0627\u0644\u062a\u0643\u0650! \u064a\u064f\u0636\u0641\u064a \u0644\u0648\u0646\u064b\u0627 \u0648\u0631\u062f\u064a\u064b\u0627 \u0646\u0627\u0639\u0645\u064b\u0627 \u064a\u064f\u0628\u0631\u0632 \u062c\u0645\u0627\u0644 \u062e\u062f\u064a\u0643\u0650\u060c \u0648\u064a\u064f\u0636\u0641\u064a \u0639\u0644\u0649 \u0628\u0634\u0631\u062a\u0643\u0650 \u0644\u0645\u0633\u0629\u064b \u0645\u0646 \u0627\u0644\u0625\u0634\u0631\u0627\u0642\u0629 \u0648\u0627\u0644\u062a\u0623\u0644\u0642. \u0645\u0633\u062a\u0648\u062d\u0649\u064b \u0645\u0646 \u0641\u0648\u0627\u0626\u062f \u0627\u0644\u0645\u062a\u0639\u0629\u060c \u064a\u064f\u063a\u0644\u0641\u0643\u0650 \u0647\u0630\u0627 \u0627\u0644\u0623\u062d\u0645\u0631 \u0628\u0636\u0648\u0621\u064d \u0623\u0646\u064a\u0642 \u064a\u064f\u0636\u0641\u064a \u0644\u0645\u0633\u0629\u064b \u0645\u0646 \u0627\u0644\u062a\u0623\u0644\u0642 \u0639\u0644\u0649 \u0625\u0637\u0644\u0627\u0644\u062a\u0643\u0650!<\/p>","protected":false},"excerpt":{"rendered":"<p>Le nouveau blush Charlotte Tilbury GLOWGASM BEAUTY LIGHT WAND est la touche finale pour rehausser votre look! Il offre une couleur rose douce pour rehausser vos joues et un effet qui contribue \u00e0 un teint \u00e9clatant et lumineux. Inspir\u00e9 par les effets bienfaisants du plaisir, ce blush vous enveloppe dans une \u00e9l\u00e9gante lumi\u00e8re pour sublimer [&hellip;]<\/p>\n","protected":false},"featured_media":11917,"template":"","meta":{"om_disable_all_campaigns":false},"product_brand":[],"product_cat":[15],"product_tag":[],"class_list":{"0":"post-11919","1":"product","2":"type-product","3":"status-publish","4":"has-post-thumbnail","6":"product_cat-beaute-sante-complements-alimentaires-soins-et-bien-etre-au-meilleur-prix","8":"first","9":"instock","10":"taxable","11":"shipping-taxable","12":"purchasable","13":"product-type-simple"},"yoast_head":"<!-- This site is optimized with the Yoast SEO plugin v27.5 - https:\/\/yoast.com\/product\/yoast-seo-wordpress\/ -->\n<title>Charlotte Tilbury GLOWGASM BEAUTY LIGHT WAND blush - Maroc Prix<\/title>\n<meta name=\"description\" content=\"Charlotte Tilbury GLOWGASM BEAUTY LIGHT WAND blush\" \/>\n<meta name=\"robots\" content=\"index, follow, max-snippet:-1, max-image-preview:large, max-video-preview:-1\" \/>\n<link rel=\"canonical\" href=\"https:\/\/vitablanca.ma\/ar\/product-2\/charlotte-tilbury-glowgasm-beauty-light-wand-blush\/\" \/>\n<meta property=\"og:locale\" content=\"ar_AR\" \/>\n<meta property=\"og:type\" content=\"article\" \/>\n<meta property=\"og:title\" content=\"Charlotte Tilbury GLOWGASM BEAUTY LIGHT WAND blush - Maroc Prix\" \/>\n<meta property=\"og:description\" content=\"Charlotte Tilbury GLOWGASM BEAUTY LIGHT WAND blush\" \/>\n<meta property=\"og:url\" content=\"https:\/\/vitablanca.ma\/ar\/product-2\/charlotte-tilbury-glowgasm-beauty-light-wand-blush\/\" \/>\n<meta property=\"og:site_name\" content=\"Vitablanca.ma &ndash; Sant&eacute;, vitalit&eacute; et bien-&ecirc;tre pour tous les Marocains\" \/>\n<meta property=\"article:publisher\" content=\"https:\/\/www.facebook.com\/profile.php?id=61576678196717\" \/>\n<meta property=\"og:image\" content=\"https:\/\/vitablanca.ma\/wp-content\/uploads\/2025\/05\/Glowgasm_BeautyLightWand_Pinkgasm_Open.jpg\" \/>\n\t<meta property=\"og:image:width\" content=\"500\" \/>\n\t<meta property=\"og:image:height\" content=\"500\" \/>\n\t<meta property=\"og:image:type\" content=\"image\/jpeg\" \/>\n<meta name=\"twitter:card\" content=\"summary_large_image\" \/>\n<script type=\"application\/ld+json\" class=\"yoast-schema-graph\">{\"@context\":\"https:\\\/\\\/schema.org\",\"@graph\":[{\"@type\":[\"WebPage\",\"ItemPage\"],\"@id\":\"https:\\\/\\\/vitablanca.ma\\\/produit\\\/charlotte-tilbury-glowgasm-beauty-light-wand-blush\\\/\",\"url\":\"https:\\\/\\\/vitablanca.ma\\\/produit\\\/charlotte-tilbury-glowgasm-beauty-light-wand-blush\\\/\",\"name\":\"Charlotte Tilbury GLOWGASM BEAUTY LIGHT WAND blush - Maroc Prix\",\"isPartOf\":{\"@id\":\"https:\\\/\\\/vitablanca.ma\\\/#website\"},\"primaryImageOfPage\":{\"@id\":\"https:\\\/\\\/vitablanca.ma\\\/produit\\\/charlotte-tilbury-glowgasm-beauty-light-wand-blush\\\/#primaryimage\"},\"image\":{\"@id\":\"https:\\\/\\\/vitablanca.ma\\\/produit\\\/charlotte-tilbury-glowgasm-beauty-light-wand-blush\\\/#primaryimage\"},\"thumbnailUrl\":\"https:\\\/\\\/vitablanca.ma\\\/wp-content\\\/uploads\\\/2025\\\/05\\\/Glowgasm_BeautyLightWand_Pinkgasm_Open.jpg\",\"datePublished\":\"2025-05-28T21:29:01+00:00\",\"description\":\"Charlotte Tilbury GLOWGASM BEAUTY LIGHT WAND blush\",\"breadcrumb\":{\"@id\":\"https:\\\/\\\/vitablanca.ma\\\/produit\\\/charlotte-tilbury-glowgasm-beauty-light-wand-blush\\\/#breadcrumb\"},\"inLanguage\":\"ar\",\"potentialAction\":[{\"@type\":\"ReadAction\",\"target\":[\"https:\\\/\\\/vitablanca.ma\\\/produit\\\/charlotte-tilbury-glowgasm-beauty-light-wand-blush\\\/\"]}]},{\"@type\":\"ImageObject\",\"inLanguage\":\"ar\",\"@id\":\"https:\\\/\\\/vitablanca.ma\\\/produit\\\/charlotte-tilbury-glowgasm-beauty-light-wand-blush\\\/#primaryimage\",\"url\":\"https:\\\/\\\/vitablanca.ma\\\/wp-content\\\/uploads\\\/2025\\\/05\\\/Glowgasm_BeautyLightWand_Pinkgasm_Open.jpg\",\"contentUrl\":\"https:\\\/\\\/vitablanca.ma\\\/wp-content\\\/uploads\\\/2025\\\/05\\\/Glowgasm_BeautyLightWand_Pinkgasm_Open.jpg\",\"width\":500,\"height\":500},{\"@type\":\"BreadcrumbList\",\"@id\":\"https:\\\/\\\/vitablanca.ma\\\/produit\\\/charlotte-tilbury-glowgasm-beauty-light-wand-blush\\\/#breadcrumb\",\"itemListElement\":[{\"@type\":\"ListItem\",\"position\":1,\"name\":\"Home\",\"item\":\"https:\\\/\\\/vitablanca.ma\\\/\"},{\"@type\":\"ListItem\",\"position\":2,\"name\":\"Tous Les Produits\",\"item\":\"https:\\\/\\\/vitablanca.ma\\\/tous-les-produits\\\/\"},{\"@type\":\"ListItem\",\"position\":3,\"name\":\"Charlotte Tilbury GLOWGASM BEAUTY LIGHT WAND blush\"}]},{\"@type\":\"WebSite\",\"@id\":\"https:\\\/\\\/vitablanca.ma\\\/#website\",\"url\":\"https:\\\/\\\/vitablanca.ma\\\/\",\"name\":\"VitaBlanca.ma | Compl\u00e9ments alimentaires, sant\u00e9 & beaut\u00e9 au Maroc\",\"description\":\"vendre vitamines et compl\u00e9ments premium des USA &amp; Canada, Nouvelle Z\u00e9lande,Maroc (NOW Foods, Solgar, Manuka). Livraison rapide partout au Maroc.\",\"publisher\":{\"@id\":\"https:\\\/\\\/vitablanca.ma\\\/#organization\"},\"alternateName\":\"VitaBlanca.ma\",\"potentialAction\":[{\"@type\":\"SearchAction\",\"target\":{\"@type\":\"EntryPoint\",\"urlTemplate\":\"https:\\\/\\\/vitablanca.ma\\\/?s={search_term_string}\"},\"query-input\":{\"@type\":\"PropertyValueSpecification\",\"valueRequired\":true,\"valueName\":\"search_term_string\"}}],\"inLanguage\":\"ar\"},{\"@type\":\"Organization\",\"@id\":\"https:\\\/\\\/vitablanca.ma\\\/#organization\",\"name\":\"VitaBlanca\",\"url\":\"https:\\\/\\\/vitablanca.ma\\\/\",\"logo\":{\"@type\":\"ImageObject\",\"inLanguage\":\"ar\",\"@id\":\"https:\\\/\\\/vitablanca.ma\\\/#\\\/schema\\\/logo\\\/image\\\/\",\"url\":\"https:\\\/\\\/vitablanca.ma\\\/wp-content\\\/uploads\\\/2025\\\/05\\\/cropped-vitablanca.png\",\"contentUrl\":\"https:\\\/\\\/vitablanca.ma\\\/wp-content\\\/uploads\\\/2025\\\/05\\\/cropped-vitablanca.png\",\"width\":360,\"height\":67,\"caption\":\"VitaBlanca\"},\"image\":{\"@id\":\"https:\\\/\\\/vitablanca.ma\\\/#\\\/schema\\\/logo\\\/image\\\/\"},\"sameAs\":[\"https:\\\/\\\/www.facebook.com\\\/profile.php?id=61576678196717\",\"https:\\\/\\\/www.tiktok.com\\\/@vitablanca.ma\",\"https:\\\/\\\/www.instagram.com\\\/vitablanca.ma\\\/\"]}]}<\/script>\n<!-- \/ Yoast SEO plugin. -->","yoast_head_json":{"title":"\u0623\u062d\u0645\u0631 \u062e\u062f\u0648\u062f Charlotte Tilbury GLOWGASM BEAUTY LIGHT WAND - \u0633\u0639\u0631 \u0627\u0644\u0645\u063a\u0631\u0628","description":"\u0623\u062d\u0645\u0631 \u0627\u0644\u062e\u062f\u0648\u062f Charlotte Tilbury GLOWGASM BEAUTY LIGHT WAND","robots":{"index":"index","follow":"follow","max-snippet":"max-snippet:-1","max-image-preview":"max-image-preview:large","max-video-preview":"max-video-preview:-1"},"canonical":"https:\/\/vitablanca.ma\/ar\/product-2\/charlotte-tilbury-glowgasm-beauty-light-wand-blush\/","og_locale":"ar_AR","og_type":"article","og_title":"Charlotte Tilbury GLOWGASM BEAUTY LIGHT WAND blush - Maroc Prix","og_description":"Charlotte Tilbury GLOWGASM BEAUTY LIGHT WAND blush","og_url":"https:\/\/vitablanca.ma\/ar\/product-2\/charlotte-tilbury-glowgasm-beauty-light-wand-blush\/","og_site_name":"Vitablanca.ma &ndash; Sant&eacute;, vitalit&eacute; et bien-&ecirc;tre pour tous les Marocains","article_publisher":"https:\/\/www.facebook.com\/profile.php?id=61576678196717","og_image":[{"width":500,"height":500,"url":"https:\/\/vitablanca.ma\/wp-content\/uploads\/2025\/05\/Glowgasm_BeautyLightWand_Pinkgasm_Open.jpg","type":"image\/jpeg"}],"twitter_card":"summary_large_image","schema":{"@context":"https:\/\/schema.org","@graph":[{"@type":["WebPage","ItemPage"],"@id":"https:\/\/vitablanca.ma\/produit\/charlotte-tilbury-glowgasm-beauty-light-wand-blush\/","url":"https:\/\/vitablanca.ma\/produit\/charlotte-tilbury-glowgasm-beauty-light-wand-blush\/","name":"\u0623\u062d\u0645\u0631 \u062e\u062f\u0648\u062f Charlotte Tilbury GLOWGASM BEAUTY LIGHT WAND - \u0633\u0639\u0631 \u0627\u0644\u0645\u063a\u0631\u0628","isPartOf":{"@id":"https:\/\/vitablanca.ma\/#website"},"primaryImageOfPage":{"@id":"https:\/\/vitablanca.ma\/produit\/charlotte-tilbury-glowgasm-beauty-light-wand-blush\/#primaryimage"},"image":{"@id":"https:\/\/vitablanca.ma\/produit\/charlotte-tilbury-glowgasm-beauty-light-wand-blush\/#primaryimage"},"thumbnailUrl":"https:\/\/vitablanca.ma\/wp-content\/uploads\/2025\/05\/Glowgasm_BeautyLightWand_Pinkgasm_Open.jpg","datePublished":"2025-05-28T21:29:01+00:00","description":"\u0623\u062d\u0645\u0631 \u0627\u0644\u062e\u062f\u0648\u062f Charlotte Tilbury GLOWGASM BEAUTY LIGHT WAND","breadcrumb":{"@id":"https:\/\/vitablanca.ma\/produit\/charlotte-tilbury-glowgasm-beauty-light-wand-blush\/#breadcrumb"},"inLanguage":"ar","potentialAction":[{"@type":"ReadAction","target":["https:\/\/vitablanca.ma\/produit\/charlotte-tilbury-glowgasm-beauty-light-wand-blush\/"]}]},{"@type":"ImageObject","inLanguage":"ar","@id":"https:\/\/vitablanca.ma\/produit\/charlotte-tilbury-glowgasm-beauty-light-wand-blush\/#primaryimage","url":"https:\/\/vitablanca.ma\/wp-content\/uploads\/2025\/05\/Glowgasm_BeautyLightWand_Pinkgasm_Open.jpg","contentUrl":"https:\/\/vitablanca.ma\/wp-content\/uploads\/2025\/05\/Glowgasm_BeautyLightWand_Pinkgasm_Open.jpg","width":500,"height":500},{"@type":"BreadcrumbList","@id":"https:\/\/vitablanca.ma\/produit\/charlotte-tilbury-glowgasm-beauty-light-wand-blush\/#breadcrumb","itemListElement":[{"@type":"ListItem","position":1,"name":"Home","item":"https:\/\/vitablanca.ma\/"},{"@type":"ListItem","position":2,"name":"Tous Les Produits","item":"https:\/\/vitablanca.ma\/tous-les-produits\/"},{"@type":"ListItem","position":3,"name":"Charlotte Tilbury GLOWGASM BEAUTY LIGHT WAND blush"}]},{"@type":"WebSite","@id":"https:\/\/vitablanca.ma\/#website","url":"https:\/\/vitablanca.ma\/","name":"VitaBlanca.ma | \u0627\u0644\u0645\u0643\u0645\u0644\u0627\u062a \u0627\u0644\u063a\u0630\u0627\u0626\u064a\u0629\u060c \u0627\u0644\u0635\u062d\u0629 \u0648\u0627\u0644\u062c\u0645\u0627\u0644 \u0641\u064a \u0627\u0644\u0645\u063a\u0631\u0628","description":"\u0646\u0628\u064a\u0639 \u0641\u064a\u062a\u0627\u0645\u064a\u0646\u0627\u062a \u0648\u0645\u0643\u0645\u0644\u0627\u062a \u063a\u0630\u0627\u0626\u064a\u0629 \u0641\u0627\u062e\u0631\u0629 \u0645\u0646 \u0627\u0644\u0648\u0644\u0627\u064a\u0627\u062a \u0627\u0644\u0645\u062a\u062d\u062f\u0629 \u0627\u0644\u0623\u0645\u0631\u064a\u0643\u064a\u0629 \u0648\u0643\u0646\u062f\u0627 \u0648\u0646\u064a\u0648\u0632\u064a\u0644\u0646\u062f\u0627 \u0648\u0627\u0644\u0645\u063a\u0631\u0628 (\u0646\u0627\u0648 \u0641\u0648\u062f\u0632\u060c \u0633\u0648\u0644\u062c\u0627\u0631\u060c \u0645\u0627\u0646\u0648\u0643\u0627). \u062a\u0648\u0635\u064a\u0644 \u0633\u0631\u064a\u0639 \u0625\u0644\u0649 \u062c\u0645\u064a\u0639 \u0623\u0646\u062d\u0627\u0621 \u0627\u0644\u0645\u063a\u0631\u0628.","publisher":{"@id":"https:\/\/vitablanca.ma\/#organization"},"alternateName":"VitaBlanca.ma","potentialAction":[{"@type":"SearchAction","target":{"@type":"EntryPoint","urlTemplate":"https:\/\/vitablanca.ma\/?s={search_term_string}"},"query-input":{"@type":"PropertyValueSpecification","valueRequired":true,"valueName":"search_term_string"}}],"inLanguage":"ar"},{"@type":"Organization","@id":"https:\/\/vitablanca.ma\/#organization","name":"\u0641\u064a\u062a\u0627\u0628\u0644\u0627\u0646\u0643\u0627","url":"https:\/\/vitablanca.ma\/","logo":{"@type":"ImageObject","inLanguage":"ar","@id":"https:\/\/vitablanca.ma\/#\/schema\/logo\/image\/","url":"https:\/\/vitablanca.ma\/wp-content\/uploads\/2025\/05\/cropped-vitablanca.png","contentUrl":"https:\/\/vitablanca.ma\/wp-content\/uploads\/2025\/05\/cropped-vitablanca.png","width":360,"height":67,"caption":"VitaBlanca"},"image":{"@id":"https:\/\/vitablanca.ma\/#\/schema\/logo\/image\/"},"sameAs":["https:\/\/www.facebook.com\/profile.php?id=61576678196717","https:\/\/www.tiktok.com\/@vitablanca.ma","https:\/\/www.instagram.com\/vitablanca.ma\/"]}]}},"jetpack_sharing_enabled":true,"_links":{"self":[{"href":"https:\/\/vitablanca.ma\/ar\/wp-json\/wp\/v2\/product\/11919","targetHints":{"allow":["GET"]}}],"collection":[{"href":"https:\/\/vitablanca.ma\/ar\/wp-json\/wp\/v2\/product"}],"about":[{"href":"https:\/\/vitablanca.ma\/ar\/wp-json\/wp\/v2\/types\/product"}],"wp:featuredmedia":[{"embeddable":true,"href":"https:\/\/vitablanca.ma\/ar\/wp-json\/wp\/v2\/media\/11917"}],"wp:attachment":[{"href":"https:\/\/vitablanca.ma\/ar\/wp-json\/wp\/v2\/media?parent=11919"}],"wp:term":[{"taxonomy":"product_brand","embeddable":true,"href":"https:\/\/vitablanca.ma\/ar\/wp-json\/wp\/v2\/product_brand?post=11919"},{"taxonomy":"product_cat","embeddable":true,"href":"https:\/\/vitablanca.ma\/ar\/wp-json\/wp\/v2\/product_cat?post=11919"},{"taxonomy":"product_tag","embeddable":true,"href":"https:\/\/vitablanca.ma\/ar\/wp-json\/wp\/v2\/product_tag?post=11919"}],"curies":[{"name":"wp","href":"https:\/\/api.w.org\/{rel}","templated":true}]}}