{"id":11765,"date":"2025-05-28T21:26:05","date_gmt":"2025-05-28T21:26:05","guid":{"rendered":"https:\/\/vitablanca.ma\/product\/catrice-010-rose-gold-clean-id-highlighting-palette-2\/"},"modified":"2025-05-28T21:26:05","modified_gmt":"2025-05-28T21:26:05","slug":"catrice-010-rose-gold-clean-id-highlighting-palette-2","status":"publish","type":"product","link":"https:\/\/vitablanca.ma\/ar\/product-2\/catrice-010-rose-gold-clean-id-highlighting-palette-2\/","title":{"rendered":"\u0644\u0648\u062d\u0629 \u0625\u0636\u0627\u0621\u0629 \u0627\u0644\u0648\u062c\u0647 \u0643\u0627\u062a\u0631\u064a\u0633 010 \u0631\u0648\u0632 \u062c\u0648\u0644\u062f \u0643\u0644\u064a\u0646 \u0622\u064a \u062f\u064a"},"content":{"rendered":"<p>Il est temps de briller ! Un \u00e9clat naturel avec 76 % d\u2019ingr\u00e9dients naturels. La poudre de hightligher contient des min\u00e9raux pr\u00e9cieux et sa texture souple avec des pigments r\u00e9fl\u00e9chissant la lumi\u00e8re est s\u00fbre de donner \u00e0 chaque teint un \u00e9clat magnifique. Et ce qui est g\u00e9nial, c\u2019est que chaque palette contient trois teintes parfaitement align\u00e9es pour compl\u00e9ter n\u2019importe quel maquillage.<\/p>","protected":false},"excerpt":{"rendered":"<p>Il est temps de briller ! Un \u00e9clat naturel avec 76 % d\u2019ingr\u00e9dients naturels. La poudre de hightligher contient des min\u00e9raux pr\u00e9cieux et sa texture souple avec des pigments r\u00e9fl\u00e9chissant la lumi\u00e8re est s\u00fbre de donner \u00e0 chaque teint un \u00e9clat magnifique. Et ce qui est g\u00e9nial, c\u2019est que chaque palette contient trois teintes parfaitement [&hellip;]<\/p>\n","protected":false},"featured_media":11763,"template":"","meta":{"om_disable_all_campaigns":false},"product_brand":[],"product_cat":[15],"product_tag":[],"class_list":{"0":"post-11765","1":"product","2":"type-product","3":"status-publish","4":"has-post-thumbnail","6":"product_cat-beaute-sante-complements-alimentaires-soins-et-bien-etre-au-meilleur-prix","8":"first","9":"instock","10":"taxable","11":"shipping-taxable","12":"purchasable","13":"product-type-simple"},"yoast_head":"<!-- This site is optimized with the Yoast SEO plugin v27.5 - https:\/\/yoast.com\/product\/yoast-seo-wordpress\/ -->\n<title>CATRICE 010 ROSE GOLD CLEAN ID HIGHLIGHTING PALETTE - Maroc Prix<\/title>\n<meta name=\"description\" content=\"CATRICE 010 ROSE GOLD CLEAN ID HIGHLIGHTING PALETTE\" \/>\n<meta name=\"robots\" content=\"index, follow, max-snippet:-1, max-image-preview:large, max-video-preview:-1\" \/>\n<link rel=\"canonical\" href=\"https:\/\/vitablanca.ma\/ar\/product-2\/catrice-010-rose-gold-clean-id-highlighting-palette-2\/\" \/>\n<meta property=\"og:locale\" content=\"ar_AR\" \/>\n<meta property=\"og:type\" content=\"article\" \/>\n<meta property=\"og:title\" content=\"CATRICE 010 ROSE GOLD CLEAN ID HIGHLIGHTING PALETTE - Maroc Prix\" \/>\n<meta property=\"og:description\" content=\"CATRICE 010 ROSE GOLD CLEAN ID HIGHLIGHTING PALETTE\" \/>\n<meta property=\"og:url\" content=\"https:\/\/vitablanca.ma\/ar\/product-2\/catrice-010-rose-gold-clean-id-highlighting-palette-2\/\" \/>\n<meta property=\"og:site_name\" content=\"Vitablanca.ma &ndash; Sant&eacute;, vitalit&eacute; et bien-&ecirc;tre pour tous les Marocains\" \/>\n<meta property=\"article:publisher\" content=\"https:\/\/www.facebook.com\/profile.php?id=61576678196717\" \/>\n<meta property=\"og:image\" content=\"https:\/\/vitablanca.ma\/wp-content\/uploads\/2025\/05\/PicsArt_09-25-10.09.52-1.jpg\" \/>\n\t<meta property=\"og:image:width\" content=\"1080\" \/>\n\t<meta property=\"og:image:height\" content=\"1080\" \/>\n\t<meta property=\"og:image:type\" content=\"image\/jpeg\" \/>\n<meta name=\"twitter:card\" content=\"summary_large_image\" \/>\n<script type=\"application\/ld+json\" class=\"yoast-schema-graph\">{\"@context\":\"https:\\\/\\\/schema.org\",\"@graph\":[{\"@type\":[\"WebPage\",\"ItemPage\"],\"@id\":\"https:\\\/\\\/vitablanca.ma\\\/produit\\\/catrice-010-rose-gold-clean-id-highlighting-palette-2\\\/\",\"url\":\"https:\\\/\\\/vitablanca.ma\\\/produit\\\/catrice-010-rose-gold-clean-id-highlighting-palette-2\\\/\",\"name\":\"CATRICE 010 ROSE GOLD CLEAN ID HIGHLIGHTING PALETTE - Maroc Prix\",\"isPartOf\":{\"@id\":\"https:\\\/\\\/vitablanca.ma\\\/#website\"},\"primaryImageOfPage\":{\"@id\":\"https:\\\/\\\/vitablanca.ma\\\/produit\\\/catrice-010-rose-gold-clean-id-highlighting-palette-2\\\/#primaryimage\"},\"image\":{\"@id\":\"https:\\\/\\\/vitablanca.ma\\\/produit\\\/catrice-010-rose-gold-clean-id-highlighting-palette-2\\\/#primaryimage\"},\"thumbnailUrl\":\"https:\\\/\\\/vitablanca.ma\\\/wp-content\\\/uploads\\\/2025\\\/05\\\/PicsArt_09-25-10.09.52-1.jpg\",\"datePublished\":\"2025-05-28T21:26:05+00:00\",\"description\":\"CATRICE 010 ROSE GOLD CLEAN ID HIGHLIGHTING PALETTE\",\"breadcrumb\":{\"@id\":\"https:\\\/\\\/vitablanca.ma\\\/produit\\\/catrice-010-rose-gold-clean-id-highlighting-palette-2\\\/#breadcrumb\"},\"inLanguage\":\"ar\",\"potentialAction\":[{\"@type\":\"ReadAction\",\"target\":[\"https:\\\/\\\/vitablanca.ma\\\/produit\\\/catrice-010-rose-gold-clean-id-highlighting-palette-2\\\/\"]}]},{\"@type\":\"ImageObject\",\"inLanguage\":\"ar\",\"@id\":\"https:\\\/\\\/vitablanca.ma\\\/produit\\\/catrice-010-rose-gold-clean-id-highlighting-palette-2\\\/#primaryimage\",\"url\":\"https:\\\/\\\/vitablanca.ma\\\/wp-content\\\/uploads\\\/2025\\\/05\\\/PicsArt_09-25-10.09.52-1.jpg\",\"contentUrl\":\"https:\\\/\\\/vitablanca.ma\\\/wp-content\\\/uploads\\\/2025\\\/05\\\/PicsArt_09-25-10.09.52-1.jpg\",\"width\":1080,\"height\":1080},{\"@type\":\"BreadcrumbList\",\"@id\":\"https:\\\/\\\/vitablanca.ma\\\/produit\\\/catrice-010-rose-gold-clean-id-highlighting-palette-2\\\/#breadcrumb\",\"itemListElement\":[{\"@type\":\"ListItem\",\"position\":1,\"name\":\"Home\",\"item\":\"https:\\\/\\\/vitablanca.ma\\\/\"},{\"@type\":\"ListItem\",\"position\":2,\"name\":\"Tous Les Produits\",\"item\":\"https:\\\/\\\/vitablanca.ma\\\/tous-les-produits\\\/\"},{\"@type\":\"ListItem\",\"position\":3,\"name\":\"CATRICE 010 ROSE GOLD CLEAN ID HIGHLIGHTING PALETTE\"}]},{\"@type\":\"WebSite\",\"@id\":\"https:\\\/\\\/vitablanca.ma\\\/#website\",\"url\":\"https:\\\/\\\/vitablanca.ma\\\/\",\"name\":\"VitaBlanca.ma | Compl\u00e9ments alimentaires, sant\u00e9 & beaut\u00e9 au Maroc\",\"description\":\"vendre vitamines et compl\u00e9ments premium des USA &amp; Canada, Nouvelle Z\u00e9lande,Maroc (NOW Foods, Solgar, Manuka). Livraison rapide partout au Maroc.\",\"publisher\":{\"@id\":\"https:\\\/\\\/vitablanca.ma\\\/#organization\"},\"alternateName\":\"VitaBlanca.ma\",\"potentialAction\":[{\"@type\":\"SearchAction\",\"target\":{\"@type\":\"EntryPoint\",\"urlTemplate\":\"https:\\\/\\\/vitablanca.ma\\\/?s={search_term_string}\"},\"query-input\":{\"@type\":\"PropertyValueSpecification\",\"valueRequired\":true,\"valueName\":\"search_term_string\"}}],\"inLanguage\":\"ar\"},{\"@type\":\"Organization\",\"@id\":\"https:\\\/\\\/vitablanca.ma\\\/#organization\",\"name\":\"VitaBlanca\",\"url\":\"https:\\\/\\\/vitablanca.ma\\\/\",\"logo\":{\"@type\":\"ImageObject\",\"inLanguage\":\"ar\",\"@id\":\"https:\\\/\\\/vitablanca.ma\\\/#\\\/schema\\\/logo\\\/image\\\/\",\"url\":\"https:\\\/\\\/vitablanca.ma\\\/wp-content\\\/uploads\\\/2025\\\/05\\\/cropped-vitablanca.png\",\"contentUrl\":\"https:\\\/\\\/vitablanca.ma\\\/wp-content\\\/uploads\\\/2025\\\/05\\\/cropped-vitablanca.png\",\"width\":360,\"height\":67,\"caption\":\"VitaBlanca\"},\"image\":{\"@id\":\"https:\\\/\\\/vitablanca.ma\\\/#\\\/schema\\\/logo\\\/image\\\/\"},\"sameAs\":[\"https:\\\/\\\/www.facebook.com\\\/profile.php?id=61576678196717\",\"https:\\\/\\\/www.tiktok.com\\\/@vitablanca.ma\",\"https:\\\/\\\/www.instagram.com\\\/vitablanca.ma\\\/\"]}]}<\/script>\n<!-- \/ Yoast SEO plugin. -->","yoast_head_json":{"title":"\u0644\u0648\u062d\u0629 \u0625\u0636\u0627\u0621\u0629 \u0643\u0627\u062a\u0631\u064a\u0633 010 \u0631\u0648\u0632 \u062c\u0648\u0644\u062f \u0643\u0644\u064a\u0646 \u0622\u064a \u062f\u064a - \u0633\u0639\u0631 \u0627\u0644\u0645\u063a\u0631\u0628","description":"\u0644\u0648\u062d\u0629 \u0625\u0636\u0627\u0621\u0629 \u0627\u0644\u0648\u062c\u0647 \u0643\u0627\u062a\u0631\u064a\u0633 010 \u0631\u0648\u0632 \u062c\u0648\u0644\u062f \u0643\u0644\u064a\u0646 \u0622\u064a \u062f\u064a","robots":{"index":"index","follow":"follow","max-snippet":"max-snippet:-1","max-image-preview":"max-image-preview:large","max-video-preview":"max-video-preview:-1"},"canonical":"https:\/\/vitablanca.ma\/ar\/product-2\/catrice-010-rose-gold-clean-id-highlighting-palette-2\/","og_locale":"ar_AR","og_type":"article","og_title":"CATRICE 010 ROSE GOLD CLEAN ID HIGHLIGHTING PALETTE - Maroc Prix","og_description":"CATRICE 010 ROSE GOLD CLEAN ID HIGHLIGHTING PALETTE","og_url":"https:\/\/vitablanca.ma\/ar\/product-2\/catrice-010-rose-gold-clean-id-highlighting-palette-2\/","og_site_name":"Vitablanca.ma &ndash; Sant&eacute;, vitalit&eacute; et bien-&ecirc;tre pour tous les Marocains","article_publisher":"https:\/\/www.facebook.com\/profile.php?id=61576678196717","og_image":[{"width":1080,"height":1080,"url":"https:\/\/vitablanca.ma\/wp-content\/uploads\/2025\/05\/PicsArt_09-25-10.09.52-1.jpg","type":"image\/jpeg"}],"twitter_card":"summary_large_image","schema":{"@context":"https:\/\/schema.org","@graph":[{"@type":["WebPage","ItemPage"],"@id":"https:\/\/vitablanca.ma\/produit\/catrice-010-rose-gold-clean-id-highlighting-palette-2\/","url":"https:\/\/vitablanca.ma\/produit\/catrice-010-rose-gold-clean-id-highlighting-palette-2\/","name":"\u0644\u0648\u062d\u0629 \u0625\u0636\u0627\u0621\u0629 \u0643\u0627\u062a\u0631\u064a\u0633 010 \u0631\u0648\u0632 \u062c\u0648\u0644\u062f \u0643\u0644\u064a\u0646 \u0622\u064a \u062f\u064a - \u0633\u0639\u0631 \u0627\u0644\u0645\u063a\u0631\u0628","isPartOf":{"@id":"https:\/\/vitablanca.ma\/#website"},"primaryImageOfPage":{"@id":"https:\/\/vitablanca.ma\/produit\/catrice-010-rose-gold-clean-id-highlighting-palette-2\/#primaryimage"},"image":{"@id":"https:\/\/vitablanca.ma\/produit\/catrice-010-rose-gold-clean-id-highlighting-palette-2\/#primaryimage"},"thumbnailUrl":"https:\/\/vitablanca.ma\/wp-content\/uploads\/2025\/05\/PicsArt_09-25-10.09.52-1.jpg","datePublished":"2025-05-28T21:26:05+00:00","description":"\u0644\u0648\u062d\u0629 \u0625\u0636\u0627\u0621\u0629 \u0627\u0644\u0648\u062c\u0647 \u0643\u0627\u062a\u0631\u064a\u0633 010 \u0631\u0648\u0632 \u062c\u0648\u0644\u062f \u0643\u0644\u064a\u0646 \u0622\u064a \u062f\u064a","breadcrumb":{"@id":"https:\/\/vitablanca.ma\/produit\/catrice-010-rose-gold-clean-id-highlighting-palette-2\/#breadcrumb"},"inLanguage":"ar","potentialAction":[{"@type":"ReadAction","target":["https:\/\/vitablanca.ma\/produit\/catrice-010-rose-gold-clean-id-highlighting-palette-2\/"]}]},{"@type":"ImageObject","inLanguage":"ar","@id":"https:\/\/vitablanca.ma\/produit\/catrice-010-rose-gold-clean-id-highlighting-palette-2\/#primaryimage","url":"https:\/\/vitablanca.ma\/wp-content\/uploads\/2025\/05\/PicsArt_09-25-10.09.52-1.jpg","contentUrl":"https:\/\/vitablanca.ma\/wp-content\/uploads\/2025\/05\/PicsArt_09-25-10.09.52-1.jpg","width":1080,"height":1080},{"@type":"BreadcrumbList","@id":"https:\/\/vitablanca.ma\/produit\/catrice-010-rose-gold-clean-id-highlighting-palette-2\/#breadcrumb","itemListElement":[{"@type":"ListItem","position":1,"name":"Home","item":"https:\/\/vitablanca.ma\/"},{"@type":"ListItem","position":2,"name":"Tous Les Produits","item":"https:\/\/vitablanca.ma\/tous-les-produits\/"},{"@type":"ListItem","position":3,"name":"CATRICE 010 ROSE GOLD CLEAN ID HIGHLIGHTING PALETTE"}]},{"@type":"WebSite","@id":"https:\/\/vitablanca.ma\/#website","url":"https:\/\/vitablanca.ma\/","name":"VitaBlanca.ma | \u0627\u0644\u0645\u0643\u0645\u0644\u0627\u062a \u0627\u0644\u063a\u0630\u0627\u0626\u064a\u0629\u060c \u0627\u0644\u0635\u062d\u0629 \u0648\u0627\u0644\u062c\u0645\u0627\u0644 \u0641\u064a \u0627\u0644\u0645\u063a\u0631\u0628","description":"\u0646\u0628\u064a\u0639 \u0641\u064a\u062a\u0627\u0645\u064a\u0646\u0627\u062a \u0648\u0645\u0643\u0645\u0644\u0627\u062a \u063a\u0630\u0627\u0626\u064a\u0629 \u0641\u0627\u062e\u0631\u0629 \u0645\u0646 \u0627\u0644\u0648\u0644\u0627\u064a\u0627\u062a \u0627\u0644\u0645\u062a\u062d\u062f\u0629 \u0627\u0644\u0623\u0645\u0631\u064a\u0643\u064a\u0629 \u0648\u0643\u0646\u062f\u0627 \u0648\u0646\u064a\u0648\u0632\u064a\u0644\u0646\u062f\u0627 \u0648\u0627\u0644\u0645\u063a\u0631\u0628 (\u0646\u0627\u0648 \u0641\u0648\u062f\u0632\u060c \u0633\u0648\u0644\u062c\u0627\u0631\u060c \u0645\u0627\u0646\u0648\u0643\u0627). \u062a\u0648\u0635\u064a\u0644 \u0633\u0631\u064a\u0639 \u0625\u0644\u0649 \u062c\u0645\u064a\u0639 \u0623\u0646\u062d\u0627\u0621 \u0627\u0644\u0645\u063a\u0631\u0628.","publisher":{"@id":"https:\/\/vitablanca.ma\/#organization"},"alternateName":"VitaBlanca.ma","potentialAction":[{"@type":"SearchAction","target":{"@type":"EntryPoint","urlTemplate":"https:\/\/vitablanca.ma\/?s={search_term_string}"},"query-input":{"@type":"PropertyValueSpecification","valueRequired":true,"valueName":"search_term_string"}}],"inLanguage":"ar"},{"@type":"Organization","@id":"https:\/\/vitablanca.ma\/#organization","name":"\u0641\u064a\u062a\u0627\u0628\u0644\u0627\u0646\u0643\u0627","url":"https:\/\/vitablanca.ma\/","logo":{"@type":"ImageObject","inLanguage":"ar","@id":"https:\/\/vitablanca.ma\/#\/schema\/logo\/image\/","url":"https:\/\/vitablanca.ma\/wp-content\/uploads\/2025\/05\/cropped-vitablanca.png","contentUrl":"https:\/\/vitablanca.ma\/wp-content\/uploads\/2025\/05\/cropped-vitablanca.png","width":360,"height":67,"caption":"VitaBlanca"},"image":{"@id":"https:\/\/vitablanca.ma\/#\/schema\/logo\/image\/"},"sameAs":["https:\/\/www.facebook.com\/profile.php?id=61576678196717","https:\/\/www.tiktok.com\/@vitablanca.ma","https:\/\/www.instagram.com\/vitablanca.ma\/"]}]}},"jetpack_sharing_enabled":true,"_links":{"self":[{"href":"https:\/\/vitablanca.ma\/ar\/wp-json\/wp\/v2\/product\/11765","targetHints":{"allow":["GET"]}}],"collection":[{"href":"https:\/\/vitablanca.ma\/ar\/wp-json\/wp\/v2\/product"}],"about":[{"href":"https:\/\/vitablanca.ma\/ar\/wp-json\/wp\/v2\/types\/product"}],"wp:featuredmedia":[{"embeddable":true,"href":"https:\/\/vitablanca.ma\/ar\/wp-json\/wp\/v2\/media\/11763"}],"wp:attachment":[{"href":"https:\/\/vitablanca.ma\/ar\/wp-json\/wp\/v2\/media?parent=11765"}],"wp:term":[{"taxonomy":"product_brand","embeddable":true,"href":"https:\/\/vitablanca.ma\/ar\/wp-json\/wp\/v2\/product_brand?post=11765"},{"taxonomy":"product_cat","embeddable":true,"href":"https:\/\/vitablanca.ma\/ar\/wp-json\/wp\/v2\/product_cat?post=11765"},{"taxonomy":"product_tag","embeddable":true,"href":"https:\/\/vitablanca.ma\/ar\/wp-json\/wp\/v2\/product_tag?post=11765"}],"curies":[{"name":"wp","href":"https:\/\/api.w.org\/{rel}","templated":true}]}}