{"id":11762,"date":"2025-05-28T21:26:00","date_gmt":"2025-05-28T21:26:00","guid":{"rendered":"https:\/\/vitablanca.ma\/product\/victorias-secret-pink-highlighting-body-oil-peach-2\/"},"modified":"2025-05-28T21:26:00","modified_gmt":"2025-05-28T21:26:00","slug":"victorias-secret-pink-highlighting-body-oil-peach-2","status":"publish","type":"product","link":"https:\/\/vitablanca.ma\/ar\/product-2\/victorias-secret-pink-highlighting-body-oil-peach-2\/","title":{"rendered":"\u0632\u064a\u062a \u0627\u0644\u062c\u0633\u0645 \u0627\u0644\u0648\u0631\u062f\u064a \u0645\u0646 \u0641\u064a\u0643\u062a\u0648\u0631\u064a\u0627 \u0633\u064a\u0643\u0631\u064a\u062a - \u0644\u0648\u0646 \u0627\u0644\u062e\u0648\u062e"},"content":{"rendered":"<p><span><br \/>Le corps d&rsquo;huile en surbrillance PINK de VICTORIA\u2019S SECRET est con\u00e7u pour donner \u00e0 votre peau un \u00e9clat naturel et lumineux. Infus\u00e9 avec du p\u00eacher, ce produit hydratant nourrit votre peau tout en la laissant douce et radieuse. Parfait pour une brillance subtile sur tout le corps.<\/span><\/p>","protected":false},"excerpt":{"rendered":"<p>Le corps d&rsquo;huile en surbrillance PINK de VICTORIA\u2019S SECRET est con\u00e7u pour donner \u00e0 votre peau un \u00e9clat naturel et lumineux. Infus\u00e9 avec du p\u00eacher, ce produit hydratant nourrit votre peau tout en la laissant douce et radieuse. Parfait pour une brillance subtile sur tout le corps.<\/p>","protected":false},"featured_media":11761,"template":"","meta":{"om_disable_all_campaigns":false},"product_brand":[],"product_cat":[15],"product_tag":[],"class_list":{"0":"post-11762","1":"product","2":"type-product","3":"status-publish","4":"has-post-thumbnail","6":"product_cat-beaute-sante-complements-alimentaires-soins-et-bien-etre-au-meilleur-prix","8":"first","9":"instock","10":"taxable","11":"shipping-taxable","12":"purchasable","13":"product-type-simple"},"yoast_head":"<!-- This site is optimized with the Yoast SEO plugin v27.5 - https:\/\/yoast.com\/product\/yoast-seo-wordpress\/ -->\n<title>VICTORIA\u2019S SECRET PINK HIGHLIGHTING BODY OIL PEACH - Maroc Prix<\/title>\n<meta name=\"description\" content=\"VICTORIA\u2019S SECRET PINK HIGHLIGHTING BODY OIL PEACH\" \/>\n<meta name=\"robots\" content=\"index, follow, max-snippet:-1, max-image-preview:large, max-video-preview:-1\" \/>\n<link rel=\"canonical\" href=\"https:\/\/vitablanca.ma\/ar\/product-2\/victorias-secret-pink-highlighting-body-oil-peach-2\/\" \/>\n<meta property=\"og:locale\" content=\"ar_AR\" \/>\n<meta property=\"og:type\" content=\"article\" \/>\n<meta property=\"og:title\" content=\"VICTORIA\u2019S SECRET PINK HIGHLIGHTING BODY OIL PEACH - Maroc Prix\" \/>\n<meta property=\"og:description\" content=\"VICTORIA\u2019S SECRET PINK HIGHLIGHTING BODY OIL PEACH\" \/>\n<meta property=\"og:url\" content=\"https:\/\/vitablanca.ma\/ar\/product-2\/victorias-secret-pink-highlighting-body-oil-peach-2\/\" \/>\n<meta property=\"og:site_name\" content=\"Vitablanca.ma &ndash; Sant&eacute;, vitalit&eacute; et bien-&ecirc;tre pour tous les Marocains\" \/>\n<meta property=\"article:publisher\" content=\"https:\/\/www.facebook.com\/profile.php?id=61576678196717\" \/>\n<meta property=\"og:image\" content=\"https:\/\/vitablanca.ma\/wp-content\/uploads\/2025\/05\/6CE1EA6A-F431-4C0B-B911-B589CB6E8915-1.jpg\" \/>\n\t<meta property=\"og:image:width\" content=\"874\" \/>\n\t<meta property=\"og:image:height\" content=\"1165\" \/>\n\t<meta property=\"og:image:type\" content=\"image\/jpeg\" \/>\n<meta name=\"twitter:card\" content=\"summary_large_image\" \/>\n<script type=\"application\/ld+json\" class=\"yoast-schema-graph\">{\"@context\":\"https:\\\/\\\/schema.org\",\"@graph\":[{\"@type\":[\"WebPage\",\"ItemPage\"],\"@id\":\"https:\\\/\\\/vitablanca.ma\\\/produit\\\/victorias-secret-pink-highlighting-body-oil-peach-2\\\/\",\"url\":\"https:\\\/\\\/vitablanca.ma\\\/produit\\\/victorias-secret-pink-highlighting-body-oil-peach-2\\\/\",\"name\":\"VICTORIA\u2019S SECRET PINK HIGHLIGHTING BODY OIL PEACH - Maroc Prix\",\"isPartOf\":{\"@id\":\"https:\\\/\\\/vitablanca.ma\\\/#website\"},\"primaryImageOfPage\":{\"@id\":\"https:\\\/\\\/vitablanca.ma\\\/produit\\\/victorias-secret-pink-highlighting-body-oil-peach-2\\\/#primaryimage\"},\"image\":{\"@id\":\"https:\\\/\\\/vitablanca.ma\\\/produit\\\/victorias-secret-pink-highlighting-body-oil-peach-2\\\/#primaryimage\"},\"thumbnailUrl\":\"https:\\\/\\\/vitablanca.ma\\\/wp-content\\\/uploads\\\/2025\\\/05\\\/6CE1EA6A-F431-4C0B-B911-B589CB6E8915-1.jpg\",\"datePublished\":\"2025-05-28T21:26:00+00:00\",\"description\":\"VICTORIA\u2019S SECRET PINK HIGHLIGHTING BODY OIL PEACH\",\"breadcrumb\":{\"@id\":\"https:\\\/\\\/vitablanca.ma\\\/produit\\\/victorias-secret-pink-highlighting-body-oil-peach-2\\\/#breadcrumb\"},\"inLanguage\":\"ar\",\"potentialAction\":[{\"@type\":\"ReadAction\",\"target\":[\"https:\\\/\\\/vitablanca.ma\\\/produit\\\/victorias-secret-pink-highlighting-body-oil-peach-2\\\/\"]}]},{\"@type\":\"ImageObject\",\"inLanguage\":\"ar\",\"@id\":\"https:\\\/\\\/vitablanca.ma\\\/produit\\\/victorias-secret-pink-highlighting-body-oil-peach-2\\\/#primaryimage\",\"url\":\"https:\\\/\\\/vitablanca.ma\\\/wp-content\\\/uploads\\\/2025\\\/05\\\/6CE1EA6A-F431-4C0B-B911-B589CB6E8915-1.jpg\",\"contentUrl\":\"https:\\\/\\\/vitablanca.ma\\\/wp-content\\\/uploads\\\/2025\\\/05\\\/6CE1EA6A-F431-4C0B-B911-B589CB6E8915-1.jpg\",\"width\":874,\"height\":1165},{\"@type\":\"BreadcrumbList\",\"@id\":\"https:\\\/\\\/vitablanca.ma\\\/produit\\\/victorias-secret-pink-highlighting-body-oil-peach-2\\\/#breadcrumb\",\"itemListElement\":[{\"@type\":\"ListItem\",\"position\":1,\"name\":\"Home\",\"item\":\"https:\\\/\\\/vitablanca.ma\\\/\"},{\"@type\":\"ListItem\",\"position\":2,\"name\":\"Tous Les Produits\",\"item\":\"https:\\\/\\\/vitablanca.ma\\\/tous-les-produits\\\/\"},{\"@type\":\"ListItem\",\"position\":3,\"name\":\"VICTORIA\u2019S SECRET PINK HIGHLIGHTING BODY OIL PEACH\"}]},{\"@type\":\"WebSite\",\"@id\":\"https:\\\/\\\/vitablanca.ma\\\/#website\",\"url\":\"https:\\\/\\\/vitablanca.ma\\\/\",\"name\":\"VitaBlanca.ma | Compl\u00e9ments alimentaires, sant\u00e9 & beaut\u00e9 au Maroc\",\"description\":\"vendre vitamines et compl\u00e9ments premium des USA &amp; Canada, Nouvelle Z\u00e9lande,Maroc (NOW Foods, Solgar, Manuka). Livraison rapide partout au Maroc.\",\"publisher\":{\"@id\":\"https:\\\/\\\/vitablanca.ma\\\/#organization\"},\"alternateName\":\"VitaBlanca.ma\",\"potentialAction\":[{\"@type\":\"SearchAction\",\"target\":{\"@type\":\"EntryPoint\",\"urlTemplate\":\"https:\\\/\\\/vitablanca.ma\\\/?s={search_term_string}\"},\"query-input\":{\"@type\":\"PropertyValueSpecification\",\"valueRequired\":true,\"valueName\":\"search_term_string\"}}],\"inLanguage\":\"ar\"},{\"@type\":\"Organization\",\"@id\":\"https:\\\/\\\/vitablanca.ma\\\/#organization\",\"name\":\"VitaBlanca\",\"url\":\"https:\\\/\\\/vitablanca.ma\\\/\",\"logo\":{\"@type\":\"ImageObject\",\"inLanguage\":\"ar\",\"@id\":\"https:\\\/\\\/vitablanca.ma\\\/#\\\/schema\\\/logo\\\/image\\\/\",\"url\":\"https:\\\/\\\/vitablanca.ma\\\/wp-content\\\/uploads\\\/2025\\\/05\\\/cropped-vitablanca.png\",\"contentUrl\":\"https:\\\/\\\/vitablanca.ma\\\/wp-content\\\/uploads\\\/2025\\\/05\\\/cropped-vitablanca.png\",\"width\":360,\"height\":67,\"caption\":\"VitaBlanca\"},\"image\":{\"@id\":\"https:\\\/\\\/vitablanca.ma\\\/#\\\/schema\\\/logo\\\/image\\\/\"},\"sameAs\":[\"https:\\\/\\\/www.facebook.com\\\/profile.php?id=61576678196717\",\"https:\\\/\\\/www.tiktok.com\\\/@vitablanca.ma\",\"https:\\\/\\\/www.instagram.com\\\/vitablanca.ma\\\/\"]}]}<\/script>\n<!-- \/ Yoast SEO plugin. -->","yoast_head_json":{"title":"VICTORIA\u2019S SECRET PINK HIGHLIGHTING BODY OIL PEACH - Maroc Prix","description":"\u0632\u064a\u062a \u0627\u0644\u062c\u0633\u0645 \u0627\u0644\u0648\u0631\u062f\u064a \u0645\u0646 \u0641\u064a\u0643\u062a\u0648\u0631\u064a\u0627 \u0633\u064a\u0643\u0631\u064a\u062a - \u0644\u0648\u0646 \u0627\u0644\u062e\u0648\u062e","robots":{"index":"index","follow":"follow","max-snippet":"max-snippet:-1","max-image-preview":"max-image-preview:large","max-video-preview":"max-video-preview:-1"},"canonical":"https:\/\/vitablanca.ma\/ar\/product-2\/victorias-secret-pink-highlighting-body-oil-peach-2\/","og_locale":"ar_AR","og_type":"article","og_title":"VICTORIA\u2019S SECRET PINK HIGHLIGHTING BODY OIL PEACH - Maroc Prix","og_description":"VICTORIA\u2019S SECRET PINK HIGHLIGHTING BODY OIL PEACH","og_url":"https:\/\/vitablanca.ma\/ar\/product-2\/victorias-secret-pink-highlighting-body-oil-peach-2\/","og_site_name":"Vitablanca.ma &ndash; Sant&eacute;, vitalit&eacute; et bien-&ecirc;tre pour tous les Marocains","article_publisher":"https:\/\/www.facebook.com\/profile.php?id=61576678196717","og_image":[{"width":874,"height":1165,"url":"https:\/\/vitablanca.ma\/wp-content\/uploads\/2025\/05\/6CE1EA6A-F431-4C0B-B911-B589CB6E8915-1.jpg","type":"image\/jpeg"}],"twitter_card":"summary_large_image","schema":{"@context":"https:\/\/schema.org","@graph":[{"@type":["WebPage","ItemPage"],"@id":"https:\/\/vitablanca.ma\/produit\/victorias-secret-pink-highlighting-body-oil-peach-2\/","url":"https:\/\/vitablanca.ma\/produit\/victorias-secret-pink-highlighting-body-oil-peach-2\/","name":"VICTORIA\u2019S SECRET PINK HIGHLIGHTING BODY OIL PEACH - Maroc Prix","isPartOf":{"@id":"https:\/\/vitablanca.ma\/#website"},"primaryImageOfPage":{"@id":"https:\/\/vitablanca.ma\/produit\/victorias-secret-pink-highlighting-body-oil-peach-2\/#primaryimage"},"image":{"@id":"https:\/\/vitablanca.ma\/produit\/victorias-secret-pink-highlighting-body-oil-peach-2\/#primaryimage"},"thumbnailUrl":"https:\/\/vitablanca.ma\/wp-content\/uploads\/2025\/05\/6CE1EA6A-F431-4C0B-B911-B589CB6E8915-1.jpg","datePublished":"2025-05-28T21:26:00+00:00","description":"\u0632\u064a\u062a \u0627\u0644\u062c\u0633\u0645 \u0627\u0644\u0648\u0631\u062f\u064a \u0645\u0646 \u0641\u064a\u0643\u062a\u0648\u0631\u064a\u0627 \u0633\u064a\u0643\u0631\u064a\u062a - \u0644\u0648\u0646 \u0627\u0644\u062e\u0648\u062e","breadcrumb":{"@id":"https:\/\/vitablanca.ma\/produit\/victorias-secret-pink-highlighting-body-oil-peach-2\/#breadcrumb"},"inLanguage":"ar","potentialAction":[{"@type":"ReadAction","target":["https:\/\/vitablanca.ma\/produit\/victorias-secret-pink-highlighting-body-oil-peach-2\/"]}]},{"@type":"ImageObject","inLanguage":"ar","@id":"https:\/\/vitablanca.ma\/produit\/victorias-secret-pink-highlighting-body-oil-peach-2\/#primaryimage","url":"https:\/\/vitablanca.ma\/wp-content\/uploads\/2025\/05\/6CE1EA6A-F431-4C0B-B911-B589CB6E8915-1.jpg","contentUrl":"https:\/\/vitablanca.ma\/wp-content\/uploads\/2025\/05\/6CE1EA6A-F431-4C0B-B911-B589CB6E8915-1.jpg","width":874,"height":1165},{"@type":"BreadcrumbList","@id":"https:\/\/vitablanca.ma\/produit\/victorias-secret-pink-highlighting-body-oil-peach-2\/#breadcrumb","itemListElement":[{"@type":"ListItem","position":1,"name":"Home","item":"https:\/\/vitablanca.ma\/"},{"@type":"ListItem","position":2,"name":"Tous Les Produits","item":"https:\/\/vitablanca.ma\/tous-les-produits\/"},{"@type":"ListItem","position":3,"name":"VICTORIA\u2019S SECRET PINK HIGHLIGHTING BODY OIL PEACH"}]},{"@type":"WebSite","@id":"https:\/\/vitablanca.ma\/#website","url":"https:\/\/vitablanca.ma\/","name":"VitaBlanca.ma | \u0627\u0644\u0645\u0643\u0645\u0644\u0627\u062a \u0627\u0644\u063a\u0630\u0627\u0626\u064a\u0629\u060c \u0627\u0644\u0635\u062d\u0629 \u0648\u0627\u0644\u062c\u0645\u0627\u0644 \u0641\u064a \u0627\u0644\u0645\u063a\u0631\u0628","description":"\u0646\u0628\u064a\u0639 \u0641\u064a\u062a\u0627\u0645\u064a\u0646\u0627\u062a \u0648\u0645\u0643\u0645\u0644\u0627\u062a \u063a\u0630\u0627\u0626\u064a\u0629 \u0641\u0627\u062e\u0631\u0629 \u0645\u0646 \u0627\u0644\u0648\u0644\u0627\u064a\u0627\u062a \u0627\u0644\u0645\u062a\u062d\u062f\u0629 \u0627\u0644\u0623\u0645\u0631\u064a\u0643\u064a\u0629 \u0648\u0643\u0646\u062f\u0627 \u0648\u0646\u064a\u0648\u0632\u064a\u0644\u0646\u062f\u0627 \u0648\u0627\u0644\u0645\u063a\u0631\u0628 (\u0646\u0627\u0648 \u0641\u0648\u062f\u0632\u060c \u0633\u0648\u0644\u062c\u0627\u0631\u060c \u0645\u0627\u0646\u0648\u0643\u0627). \u062a\u0648\u0635\u064a\u0644 \u0633\u0631\u064a\u0639 \u0625\u0644\u0649 \u062c\u0645\u064a\u0639 \u0623\u0646\u062d\u0627\u0621 \u0627\u0644\u0645\u063a\u0631\u0628.","publisher":{"@id":"https:\/\/vitablanca.ma\/#organization"},"alternateName":"VitaBlanca.ma","potentialAction":[{"@type":"SearchAction","target":{"@type":"EntryPoint","urlTemplate":"https:\/\/vitablanca.ma\/?s={search_term_string}"},"query-input":{"@type":"PropertyValueSpecification","valueRequired":true,"valueName":"search_term_string"}}],"inLanguage":"ar"},{"@type":"Organization","@id":"https:\/\/vitablanca.ma\/#organization","name":"\u0641\u064a\u062a\u0627\u0628\u0644\u0627\u0646\u0643\u0627","url":"https:\/\/vitablanca.ma\/","logo":{"@type":"ImageObject","inLanguage":"ar","@id":"https:\/\/vitablanca.ma\/#\/schema\/logo\/image\/","url":"https:\/\/vitablanca.ma\/wp-content\/uploads\/2025\/05\/cropped-vitablanca.png","contentUrl":"https:\/\/vitablanca.ma\/wp-content\/uploads\/2025\/05\/cropped-vitablanca.png","width":360,"height":67,"caption":"VitaBlanca"},"image":{"@id":"https:\/\/vitablanca.ma\/#\/schema\/logo\/image\/"},"sameAs":["https:\/\/www.facebook.com\/profile.php?id=61576678196717","https:\/\/www.tiktok.com\/@vitablanca.ma","https:\/\/www.instagram.com\/vitablanca.ma\/"]}]}},"jetpack_sharing_enabled":true,"_links":{"self":[{"href":"https:\/\/vitablanca.ma\/ar\/wp-json\/wp\/v2\/product\/11762","targetHints":{"allow":["GET"]}}],"collection":[{"href":"https:\/\/vitablanca.ma\/ar\/wp-json\/wp\/v2\/product"}],"about":[{"href":"https:\/\/vitablanca.ma\/ar\/wp-json\/wp\/v2\/types\/product"}],"wp:featuredmedia":[{"embeddable":true,"href":"https:\/\/vitablanca.ma\/ar\/wp-json\/wp\/v2\/media\/11761"}],"wp:attachment":[{"href":"https:\/\/vitablanca.ma\/ar\/wp-json\/wp\/v2\/media?parent=11762"}],"wp:term":[{"taxonomy":"product_brand","embeddable":true,"href":"https:\/\/vitablanca.ma\/ar\/wp-json\/wp\/v2\/product_brand?post=11762"},{"taxonomy":"product_cat","embeddable":true,"href":"https:\/\/vitablanca.ma\/ar\/wp-json\/wp\/v2\/product_cat?post=11762"},{"taxonomy":"product_tag","embeddable":true,"href":"https:\/\/vitablanca.ma\/ar\/wp-json\/wp\/v2\/product_tag?post=11762"}],"curies":[{"name":"wp","href":"https:\/\/api.w.org\/{rel}","templated":true}]}}