{"id":11728,"date":"2025-05-28T21:25:28","date_gmt":"2025-05-28T21:25:28","guid":{"rendered":"https:\/\/vitablanca.ma\/product\/viva-look-lentilles-de-contact-journalieres-1-jour\/"},"modified":"2026-01-30T18:33:35","modified_gmt":"2026-01-30T18:33:35","slug":"viva-look-lentilles-de-contact-journalieres-1-jour","status":"publish","type":"product","link":"https:\/\/vitablanca.ma\/ar\/product-2\/viva-look-lentilles-de-contact-journalieres-1-jour\/","title":{"rendered":"\u0639\u062f\u0633\u0627\u062a \u0641\u064a\u0641\u0627 \u0644\u0648\u0643 \u0627\u0644\u0644\u0627\u0635\u0642\u0629 \u0627\u0644\u064a\u0648\u0645\u064a\u0629 - \u064a\u0648\u0645 \u0648\u0627\u062d\u062f"},"content":{"rendered":"<div id=\"nasa-single-product-tabs\" class=\"product-details\">\n<div class=\"nasa-tabs-content woocommerce-tabs nasa-classic-style nasa-classic-2d nasa-tabs-no-border\">\n<div class=\"nasa-panels\">\n<div id=\"nasa-tab-description\" class=\"nasa-panel nasa-content-description active\">\n<div class=\"nasa-panel-block\">\n<p>\u0647\u0644 \u062a\u0628\u062d\u062b \u0639\u0646 \u0625\u0645\u0643\u0627\u0646\u064a\u0629 \u062a\u063a\u064a\u064a\u0631 \u0644\u0648\u0646 \u0639\u064a\u0646\u064a\u0643 \u062f\u0648\u0646 \u0623\u064a \u0645\u0634\u0643\u0644\u0629\u061f\u00a0<b>\u0639\u062f\u0633\u0627\u062a \u0641\u064a\u0641\u0627\u0644\u0648\u0643 \u0627\u0644\u0644\u0627\u0635\u0642\u0629\u00a0<\/b>\u00a0\u0642\u0627\u0628\u0644\u0629 \u0644\u0625\u0639\u0627\u062f\u0629 \u0627\u0644\u0627\u0633\u062a\u062e\u062f\u0627\u0645 \u0644\u0645\u062f\u0629 \u062a\u0635\u0644 \u0625\u0644\u0649 \u064a\u0648\u0645 \u0648\u0627\u062d\u062f.<\/p>\n<p>\u0627\u0633\u062a\u0645\u062a\u0639 \u0628\u0627\u0644\u0645\u0638\u0647\u0631\u00a0<b>\u0641\u064a\u0641\u0627\u0644\u0648\u0643<\/b>\u00a0\u0645\u0646 \u0647\u0630\u0647 \u0627\u0644\u0642\u0632\u062d\u064a\u0629 \u0628\u062a\u0623\u062b\u064a\u0631 \u0648\u0627\u0642\u0639\u064a. \u0647\u0630\u0647\u00a0<b>\u0639\u062f\u0633\u0627\u062a \u0645\u0644\u0648\u0646\u0629 \u0637\u0628\u064a\u0639\u064a\u0629<\/b>\u00a0\u0633\u0648\u0641 \u064a\u0639\u064a\u062f \u0628\u0627\u0644\u062a\u0623\u0643\u064a\u062f \u0627\u0644\u062a\u0623\u0644\u0642 \u0625\u0644\u0649 \u0639\u064a\u0646\u064a\u0643 \u0648\u064a\u0633\u0645\u062d \u0644\u0643 \u0628\u0627\u0644\u0627\u0633\u062a\u0645\u062a\u0627\u0639 \u0628\u0623\u0644\u0648\u0627\u0646 \u062c\u062f\u064a\u062f\u0629.<\/p>\n<p>\u0633\u062a\u0645\u0646\u062d\u0643 \u0639\u062f\u0633\u0627\u062a \u0641\u064a\u0641\u0627\u0644\u0648\u0643 \u0647\u0630\u0647 \u0644\u0648\u0646 \u0639\u064a\u0646 \u062c\u062f\u064a\u062f.\u00a0<b>\u0639\u062f\u0633\u0627\u062a \u0641\u064a\u0641\u0627\u0644\u0648\u0643 \u0627\u0644\u0644\u0627\u0635\u0642\u0629 \u0627\u0644\u0645\u0644\u0648\u0646\u0629<\/b>\u00a0\u0645\u062b\u0627\u0644\u064a\u0629 \u0644\u0625\u062d\u062f\u0627\u062b \u062a\u063a\u064a\u064a\u0631 \u0645\u0645\u062a\u0639 \u0641\u064a \u0627\u0644\u062d\u064a\u0627\u0629 \u0627\u0644\u064a\u0648\u0645\u064a\u0629<\/p>\n<p><strong>\u0645\u0639\u0644\u0648\u0645\u0627\u062a \u0623\u0633\u0627\u0633\u064a\u0629 \u0639\u0646 \u0639\u062f\u0633\u0627\u062a \u0641\u064a\u0641\u0627\u0644\u0648\u0643 \u0627\u0644\u0644\u0627\u0635\u0642\u0629:<\/strong><\/p>\n<ul>\n<li>\u0644\u0644\u0627\u0633\u062a\u062e\u062f\u0627\u0645 \u0627\u0644\u062a\u062c\u0645\u064a\u0644\u064a \u0641\u0642\u0637<\/li>\n<li>\u0645\u0646\u0627\u0633\u0628 \u0644\u0644\u0627\u0633\u062a\u062e\u062f\u0627\u0645 \u0627\u0644\u064a\u0648\u0645\u064a \/ \u0644\u0644\u0627\u0633\u062a\u062e\u062f\u0627\u0645 \u0645\u0631\u0629 \u0648\u0627\u062d\u062f\u0629 \u0641\u0642\u0637<\/li>\n<li>\u064a\u0633\u062a\u0645\u0631 \u0644\u0645\u062f\u0629 \u064a\u0648\u0645 \u0648\u0627\u062d\u062f \u0628\u0645\u062c\u0631\u062f \u0641\u062a\u062d\u0647<\/li>\n<li>\u0645\u062d\u0641\u0648\u0638 \u0641\u064a \u0645\u062d\u0644\u0648\u0644 \u0645\u0644\u062d\u064a \u0645\u0639\u0642\u0645<\/li>\n<li>\u0635\u064f\u0646\u0639 \u0641\u064a \u0627\u0644\u062f\u0648\u0644 \u0627\u0644\u0627\u0633\u0643\u0646\u062f\u0646\u0627\u0641\u064a\u0629<\/li>\n<\/ul>\n<\/div>\n<\/div>\n<\/div>\n<\/div>\n<\/div>","protected":false},"excerpt":{"rendered":"<p>Cherchez-vous la possibilit\u00e9 de changer de couleur de vos yeux sans aucun probl\u00e8me? Les\u00a0Lentilles de Contact Vivalook\u00a0\u00a0sont r\u00e9utilisables jusqu\u2019\u00e0 1 jours. Profitez de l\u2019aspect\u00a0vivalook\u00a0de cet iris avec effet r\u00e9aliste. Ces\u00a0lentilles color\u00e9es naturelles\u00a0ne manqueront pas de redonner de l\u2019\u00e9clat \u00e0 vos yeux et vous permettront de profiter de nouvelles couleurs. Ces lentilles vivalook vous donneront une [&hellip;]<\/p>\n","protected":false},"featured_media":11714,"template":"","meta":{"om_disable_all_campaigns":false},"product_brand":[],"product_cat":[15],"product_tag":[],"class_list":{"0":"post-11728","1":"product","2":"type-product","3":"status-publish","4":"has-post-thumbnail","6":"product_cat-beaute-sante-complements-alimentaires-soins-et-bien-etre-au-meilleur-prix","8":"first","9":"outofstock","10":"taxable","11":"shipping-taxable","12":"purchasable","13":"product-type-variable"},"yoast_head":"<!-- This site is optimized with the Yoast SEO plugin v27.5 - https:\/\/yoast.com\/product\/yoast-seo-wordpress\/ -->\n<title>Viva Look Lentilles de contact journali\u00e8res \u2013 1 jour - Maroc Prix<\/title>\n<meta name=\"description\" content=\"Viva Look Lentilles de contact journali\u00e8res \u2013 1 jour\" \/>\n<meta name=\"robots\" content=\"index, follow, max-snippet:-1, max-image-preview:large, max-video-preview:-1\" \/>\n<link rel=\"canonical\" href=\"https:\/\/vitablanca.ma\/ar\/product-2\/viva-look-lentilles-de-contact-journalieres-1-jour\/\" \/>\n<meta property=\"og:locale\" content=\"ar_AR\" \/>\n<meta property=\"og:type\" content=\"article\" \/>\n<meta property=\"og:title\" content=\"Viva Look Lentilles de contact journali\u00e8res \u2013 1 jour - Maroc Prix\" \/>\n<meta property=\"og:description\" content=\"Viva Look Lentilles de contact journali\u00e8res \u2013 1 jour\" \/>\n<meta property=\"og:url\" content=\"https:\/\/vitablanca.ma\/ar\/product-2\/viva-look-lentilles-de-contact-journalieres-1-jour\/\" \/>\n<meta property=\"og:site_name\" content=\"Vitablanca.ma &ndash; Sant&eacute;, vitalit&eacute; et bien-&ecirc;tre pour tous les Marocains\" \/>\n<meta property=\"article:publisher\" content=\"https:\/\/www.facebook.com\/profile.php?id=61576678196717\" \/>\n<meta property=\"article:modified_time\" content=\"2026-01-30T18:33:35+00:00\" \/>\n<meta property=\"og:image\" content=\"https:\/\/vitablanca.ma\/wp-content\/uploads\/2025\/05\/31-royal-green-1-1.jpg\" \/>\n\t<meta property=\"og:image:width\" content=\"595\" \/>\n\t<meta property=\"og:image:height\" content=\"627\" \/>\n\t<meta property=\"og:image:type\" content=\"image\/jpeg\" \/>\n<meta name=\"twitter:card\" content=\"summary_large_image\" \/>\n<meta name=\"twitter:label1\" content=\"\u0648\u0642\u062a \u0627\u0644\u0642\u0631\u0627\u0621\u0629 \u0627\u0644\u0645\u064f\u0642\u062f\u0651\u0631\" \/>\n\t<meta name=\"twitter:data1\" content=\"\u062f\u0642\u064a\u0642\u0629 \u0648\u0627\u062d\u062f\u0629\" \/>\n<script type=\"application\/ld+json\" class=\"yoast-schema-graph\">{\"@context\":\"https:\\\/\\\/schema.org\",\"@graph\":[{\"@type\":[\"WebPage\",\"ItemPage\"],\"@id\":\"https:\\\/\\\/vitablanca.ma\\\/produit\\\/viva-look-lentilles-de-contact-journalieres-1-jour\\\/\",\"url\":\"https:\\\/\\\/vitablanca.ma\\\/produit\\\/viva-look-lentilles-de-contact-journalieres-1-jour\\\/\",\"name\":\"Viva Look Lentilles de contact journali\u00e8res \u2013 1 jour - Maroc Prix\",\"isPartOf\":{\"@id\":\"https:\\\/\\\/vitablanca.ma\\\/#website\"},\"primaryImageOfPage\":{\"@id\":\"https:\\\/\\\/vitablanca.ma\\\/produit\\\/viva-look-lentilles-de-contact-journalieres-1-jour\\\/#primaryimage\"},\"image\":{\"@id\":\"https:\\\/\\\/vitablanca.ma\\\/produit\\\/viva-look-lentilles-de-contact-journalieres-1-jour\\\/#primaryimage\"},\"thumbnailUrl\":\"https:\\\/\\\/vitablanca.ma\\\/wp-content\\\/uploads\\\/2025\\\/05\\\/31-royal-green-1-1.jpg\",\"datePublished\":\"2025-05-28T21:25:28+00:00\",\"dateModified\":\"2026-01-30T18:33:35+00:00\",\"description\":\"Viva Look Lentilles de contact journali\u00e8res \u2013 1 jour\",\"breadcrumb\":{\"@id\":\"https:\\\/\\\/vitablanca.ma\\\/produit\\\/viva-look-lentilles-de-contact-journalieres-1-jour\\\/#breadcrumb\"},\"inLanguage\":\"ar\",\"potentialAction\":[{\"@type\":\"ReadAction\",\"target\":[\"https:\\\/\\\/vitablanca.ma\\\/produit\\\/viva-look-lentilles-de-contact-journalieres-1-jour\\\/\"]}]},{\"@type\":\"ImageObject\",\"inLanguage\":\"ar\",\"@id\":\"https:\\\/\\\/vitablanca.ma\\\/produit\\\/viva-look-lentilles-de-contact-journalieres-1-jour\\\/#primaryimage\",\"url\":\"https:\\\/\\\/vitablanca.ma\\\/wp-content\\\/uploads\\\/2025\\\/05\\\/31-royal-green-1-1.jpg\",\"contentUrl\":\"https:\\\/\\\/vitablanca.ma\\\/wp-content\\\/uploads\\\/2025\\\/05\\\/31-royal-green-1-1.jpg\",\"width\":595,\"height\":627},{\"@type\":\"BreadcrumbList\",\"@id\":\"https:\\\/\\\/vitablanca.ma\\\/produit\\\/viva-look-lentilles-de-contact-journalieres-1-jour\\\/#breadcrumb\",\"itemListElement\":[{\"@type\":\"ListItem\",\"position\":1,\"name\":\"Home\",\"item\":\"https:\\\/\\\/vitablanca.ma\\\/\"},{\"@type\":\"ListItem\",\"position\":2,\"name\":\"Tous Les Produits\",\"item\":\"https:\\\/\\\/vitablanca.ma\\\/tous-les-produits\\\/\"},{\"@type\":\"ListItem\",\"position\":3,\"name\":\"Viva Look Lentilles de contact journali\u00e8res \u2013 1 jour\"}]},{\"@type\":\"WebSite\",\"@id\":\"https:\\\/\\\/vitablanca.ma\\\/#website\",\"url\":\"https:\\\/\\\/vitablanca.ma\\\/\",\"name\":\"VitaBlanca.ma | Compl\u00e9ments alimentaires, sant\u00e9 & beaut\u00e9 au Maroc\",\"description\":\"vendre vitamines et compl\u00e9ments premium des USA &amp; Canada, Nouvelle Z\u00e9lande,Maroc (NOW Foods, Solgar, Manuka). Livraison rapide partout au Maroc.\",\"publisher\":{\"@id\":\"https:\\\/\\\/vitablanca.ma\\\/#organization\"},\"alternateName\":\"VitaBlanca.ma\",\"potentialAction\":[{\"@type\":\"SearchAction\",\"target\":{\"@type\":\"EntryPoint\",\"urlTemplate\":\"https:\\\/\\\/vitablanca.ma\\\/?s={search_term_string}\"},\"query-input\":{\"@type\":\"PropertyValueSpecification\",\"valueRequired\":true,\"valueName\":\"search_term_string\"}}],\"inLanguage\":\"ar\"},{\"@type\":\"Organization\",\"@id\":\"https:\\\/\\\/vitablanca.ma\\\/#organization\",\"name\":\"VitaBlanca\",\"url\":\"https:\\\/\\\/vitablanca.ma\\\/\",\"logo\":{\"@type\":\"ImageObject\",\"inLanguage\":\"ar\",\"@id\":\"https:\\\/\\\/vitablanca.ma\\\/#\\\/schema\\\/logo\\\/image\\\/\",\"url\":\"https:\\\/\\\/vitablanca.ma\\\/wp-content\\\/uploads\\\/2025\\\/05\\\/cropped-vitablanca.png\",\"contentUrl\":\"https:\\\/\\\/vitablanca.ma\\\/wp-content\\\/uploads\\\/2025\\\/05\\\/cropped-vitablanca.png\",\"width\":360,\"height\":67,\"caption\":\"VitaBlanca\"},\"image\":{\"@id\":\"https:\\\/\\\/vitablanca.ma\\\/#\\\/schema\\\/logo\\\/image\\\/\"},\"sameAs\":[\"https:\\\/\\\/www.facebook.com\\\/profile.php?id=61576678196717\",\"https:\\\/\\\/www.tiktok.com\\\/@vitablanca.ma\",\"https:\\\/\\\/www.instagram.com\\\/vitablanca.ma\\\/\"]}]}<\/script>\n<!-- \/ Yoast SEO plugin. -->","yoast_head_json":{"title":"\u0639\u062f\u0633\u0627\u062a \u0641\u064a\u0641\u0627 \u0644\u0648\u0643 \u0627\u0644\u0644\u0627\u0635\u0642\u0629 \u0627\u0644\u064a\u0648\u0645\u064a\u0629 - \u064a\u0648\u0645 \u0648\u0627\u062d\u062f - \u0633\u0639\u0631 \u0627\u0644\u0645\u063a\u0631\u0628","description":"\u0639\u062f\u0633\u0627\u062a \u0641\u064a\u0641\u0627 \u0644\u0648\u0643 \u0627\u0644\u0644\u0627\u0635\u0642\u0629 \u0627\u0644\u064a\u0648\u0645\u064a\u0629 - \u064a\u0648\u0645 \u0648\u0627\u062d\u062f","robots":{"index":"index","follow":"follow","max-snippet":"max-snippet:-1","max-image-preview":"max-image-preview:large","max-video-preview":"max-video-preview:-1"},"canonical":"https:\/\/vitablanca.ma\/ar\/product-2\/viva-look-lentilles-de-contact-journalieres-1-jour\/","og_locale":"ar_AR","og_type":"article","og_title":"Viva Look Lentilles de contact journali\u00e8res \u2013 1 jour - Maroc Prix","og_description":"Viva Look Lentilles de contact journali\u00e8res \u2013 1 jour","og_url":"https:\/\/vitablanca.ma\/ar\/product-2\/viva-look-lentilles-de-contact-journalieres-1-jour\/","og_site_name":"Vitablanca.ma &ndash; Sant&eacute;, vitalit&eacute; et bien-&ecirc;tre pour tous les Marocains","article_publisher":"https:\/\/www.facebook.com\/profile.php?id=61576678196717","article_modified_time":"2026-01-30T18:33:35+00:00","og_image":[{"width":595,"height":627,"url":"https:\/\/vitablanca.ma\/wp-content\/uploads\/2025\/05\/31-royal-green-1-1.jpg","type":"image\/jpeg"}],"twitter_card":"summary_large_image","twitter_misc":{"\u0648\u0642\u062a \u0627\u0644\u0642\u0631\u0627\u0621\u0629 \u0627\u0644\u0645\u064f\u0642\u062f\u0651\u0631":"\u062f\u0642\u064a\u0642\u0629 \u0648\u0627\u062d\u062f\u0629"},"schema":{"@context":"https:\/\/schema.org","@graph":[{"@type":["WebPage","ItemPage"],"@id":"https:\/\/vitablanca.ma\/produit\/viva-look-lentilles-de-contact-journalieres-1-jour\/","url":"https:\/\/vitablanca.ma\/produit\/viva-look-lentilles-de-contact-journalieres-1-jour\/","name":"\u0639\u062f\u0633\u0627\u062a \u0641\u064a\u0641\u0627 \u0644\u0648\u0643 \u0627\u0644\u0644\u0627\u0635\u0642\u0629 \u0627\u0644\u064a\u0648\u0645\u064a\u0629 - \u064a\u0648\u0645 \u0648\u0627\u062d\u062f - \u0633\u0639\u0631 \u0627\u0644\u0645\u063a\u0631\u0628","isPartOf":{"@id":"https:\/\/vitablanca.ma\/#website"},"primaryImageOfPage":{"@id":"https:\/\/vitablanca.ma\/produit\/viva-look-lentilles-de-contact-journalieres-1-jour\/#primaryimage"},"image":{"@id":"https:\/\/vitablanca.ma\/produit\/viva-look-lentilles-de-contact-journalieres-1-jour\/#primaryimage"},"thumbnailUrl":"https:\/\/vitablanca.ma\/wp-content\/uploads\/2025\/05\/31-royal-green-1-1.jpg","datePublished":"2025-05-28T21:25:28+00:00","dateModified":"2026-01-30T18:33:35+00:00","description":"\u0639\u062f\u0633\u0627\u062a \u0641\u064a\u0641\u0627 \u0644\u0648\u0643 \u0627\u0644\u0644\u0627\u0635\u0642\u0629 \u0627\u0644\u064a\u0648\u0645\u064a\u0629 - \u064a\u0648\u0645 \u0648\u0627\u062d\u062f","breadcrumb":{"@id":"https:\/\/vitablanca.ma\/produit\/viva-look-lentilles-de-contact-journalieres-1-jour\/#breadcrumb"},"inLanguage":"ar","potentialAction":[{"@type":"ReadAction","target":["https:\/\/vitablanca.ma\/produit\/viva-look-lentilles-de-contact-journalieres-1-jour\/"]}]},{"@type":"ImageObject","inLanguage":"ar","@id":"https:\/\/vitablanca.ma\/produit\/viva-look-lentilles-de-contact-journalieres-1-jour\/#primaryimage","url":"https:\/\/vitablanca.ma\/wp-content\/uploads\/2025\/05\/31-royal-green-1-1.jpg","contentUrl":"https:\/\/vitablanca.ma\/wp-content\/uploads\/2025\/05\/31-royal-green-1-1.jpg","width":595,"height":627},{"@type":"BreadcrumbList","@id":"https:\/\/vitablanca.ma\/produit\/viva-look-lentilles-de-contact-journalieres-1-jour\/#breadcrumb","itemListElement":[{"@type":"ListItem","position":1,"name":"Home","item":"https:\/\/vitablanca.ma\/"},{"@type":"ListItem","position":2,"name":"Tous Les Produits","item":"https:\/\/vitablanca.ma\/tous-les-produits\/"},{"@type":"ListItem","position":3,"name":"Viva Look Lentilles de contact journali\u00e8res \u2013 1 jour"}]},{"@type":"WebSite","@id":"https:\/\/vitablanca.ma\/#website","url":"https:\/\/vitablanca.ma\/","name":"VitaBlanca.ma | \u0627\u0644\u0645\u0643\u0645\u0644\u0627\u062a \u0627\u0644\u063a\u0630\u0627\u0626\u064a\u0629\u060c \u0627\u0644\u0635\u062d\u0629 \u0648\u0627\u0644\u062c\u0645\u0627\u0644 \u0641\u064a \u0627\u0644\u0645\u063a\u0631\u0628","description":"\u0646\u0628\u064a\u0639 \u0641\u064a\u062a\u0627\u0645\u064a\u0646\u0627\u062a \u0648\u0645\u0643\u0645\u0644\u0627\u062a \u063a\u0630\u0627\u0626\u064a\u0629 \u0641\u0627\u062e\u0631\u0629 \u0645\u0646 \u0627\u0644\u0648\u0644\u0627\u064a\u0627\u062a \u0627\u0644\u0645\u062a\u062d\u062f\u0629 \u0627\u0644\u0623\u0645\u0631\u064a\u0643\u064a\u0629 \u0648\u0643\u0646\u062f\u0627 \u0648\u0646\u064a\u0648\u0632\u064a\u0644\u0646\u062f\u0627 \u0648\u0627\u0644\u0645\u063a\u0631\u0628 (\u0646\u0627\u0648 \u0641\u0648\u062f\u0632\u060c \u0633\u0648\u0644\u062c\u0627\u0631\u060c \u0645\u0627\u0646\u0648\u0643\u0627). \u062a\u0648\u0635\u064a\u0644 \u0633\u0631\u064a\u0639 \u0625\u0644\u0649 \u062c\u0645\u064a\u0639 \u0623\u0646\u062d\u0627\u0621 \u0627\u0644\u0645\u063a\u0631\u0628.","publisher":{"@id":"https:\/\/vitablanca.ma\/#organization"},"alternateName":"VitaBlanca.ma","potentialAction":[{"@type":"SearchAction","target":{"@type":"EntryPoint","urlTemplate":"https:\/\/vitablanca.ma\/?s={search_term_string}"},"query-input":{"@type":"PropertyValueSpecification","valueRequired":true,"valueName":"search_term_string"}}],"inLanguage":"ar"},{"@type":"Organization","@id":"https:\/\/vitablanca.ma\/#organization","name":"\u0641\u064a\u062a\u0627\u0628\u0644\u0627\u0646\u0643\u0627","url":"https:\/\/vitablanca.ma\/","logo":{"@type":"ImageObject","inLanguage":"ar","@id":"https:\/\/vitablanca.ma\/#\/schema\/logo\/image\/","url":"https:\/\/vitablanca.ma\/wp-content\/uploads\/2025\/05\/cropped-vitablanca.png","contentUrl":"https:\/\/vitablanca.ma\/wp-content\/uploads\/2025\/05\/cropped-vitablanca.png","width":360,"height":67,"caption":"VitaBlanca"},"image":{"@id":"https:\/\/vitablanca.ma\/#\/schema\/logo\/image\/"},"sameAs":["https:\/\/www.facebook.com\/profile.php?id=61576678196717","https:\/\/www.tiktok.com\/@vitablanca.ma","https:\/\/www.instagram.com\/vitablanca.ma\/"]}]}},"jetpack_sharing_enabled":true,"_links":{"self":[{"href":"https:\/\/vitablanca.ma\/ar\/wp-json\/wp\/v2\/product\/11728","targetHints":{"allow":["GET"]}}],"collection":[{"href":"https:\/\/vitablanca.ma\/ar\/wp-json\/wp\/v2\/product"}],"about":[{"href":"https:\/\/vitablanca.ma\/ar\/wp-json\/wp\/v2\/types\/product"}],"wp:featuredmedia":[{"embeddable":true,"href":"https:\/\/vitablanca.ma\/ar\/wp-json\/wp\/v2\/media\/11714"}],"wp:attachment":[{"href":"https:\/\/vitablanca.ma\/ar\/wp-json\/wp\/v2\/media?parent=11728"}],"wp:term":[{"taxonomy":"product_brand","embeddable":true,"href":"https:\/\/vitablanca.ma\/ar\/wp-json\/wp\/v2\/product_brand?post=11728"},{"taxonomy":"product_cat","embeddable":true,"href":"https:\/\/vitablanca.ma\/ar\/wp-json\/wp\/v2\/product_cat?post=11728"},{"taxonomy":"product_tag","embeddable":true,"href":"https:\/\/vitablanca.ma\/ar\/wp-json\/wp\/v2\/product_tag?post=11728"}],"curies":[{"name":"wp","href":"https:\/\/api.w.org\/{rel}","templated":true}]}}