{"id":11600,"date":"2025-05-28T20:27:50","date_gmt":"2025-05-28T20:27:50","guid":{"rendered":"https:\/\/vitablanca.ma\/product\/makeup-revolution-forever-flawless-flamboyance-flamingo-eyeshadow-palette\/"},"modified":"2025-05-28T20:27:50","modified_gmt":"2025-05-28T20:27:50","slug":"makeup-revolution-forever-flawless-flamboyance-flamingo-eyeshadow-palette","status":"publish","type":"product","link":"https:\/\/vitablanca.ma\/ar\/product-2\/makeup-revolution-forever-flawless-flamboyance-flamingo-eyeshadow-palette\/","title":{"rendered":"\u0644\u0648\u062d\u0629 \u0638\u0644\u0627\u0644 \u0627\u0644\u0639\u064a\u0648\u0646 &quot;\u0641\u0644\u0627\u0645\u0646\u062c\u0648&quot; \u0645\u0646 \u0645\u064a\u0643 \u0623\u0628 \u0631\u064a\u0641\u0648\u0644\u0648\u0634\u0646 \u0641\u0648\u0631 \u0625\u064a\u0641\u0631 \u0641\u0644\u0627\u0648\u0644\u064a\u0633 \u0641\u0644\u0627\u0645\u0628\u0648\u064a\u0627\u0646\u0633"},"content":{"rendered":"<p>Voyez la vie en rose avec la palette Makeup Revolution Forever Flawless Flamboyance Flamingo. Volez vers les 18 fards \u00e0 paupi\u00e8res hautement pigment\u00e9s pour cr\u00e9er des maquillages fabuleux.<br \/>\n Cette palette flamboyante sera parfaite pour les fans de smokey rose gold, avec ses rose vif et rose poudr\u00e9, ainsi que ses pointes de couleurs \u00e0 en faire tourner la t\u00eate. Son packaging en m\u00e9tal est d\u00e9cor\u00e9 avec des plumes roses et les fards ont des flamants roses grav\u00e9s. Cette palette apporte vraiment une signification \u00e0 la citation \u00ab\u00a0dans un monde de pigeons, choisissez d&rsquo;\u00eatre un flamant rose !<\/p>","protected":false},"excerpt":{"rendered":"<p>Voyez la vie en rose avec la palette Makeup Revolution Forever Flawless Flamboyance Flamingo. Volez vers les 18 fards \u00e0 paupi\u00e8res hautement pigment\u00e9s pour cr\u00e9er des maquillages fabuleux. Cette palette flamboyante sera parfaite pour les fans de smokey rose gold, avec ses rose vif et rose poudr\u00e9, ainsi que ses pointes de couleurs \u00e0 en [&hellip;]<\/p>\n","protected":false},"featured_media":11598,"template":"","meta":{"om_disable_all_campaigns":false},"product_brand":[],"product_cat":[15],"product_tag":[],"class_list":{"0":"post-11600","1":"product","2":"type-product","3":"status-publish","4":"has-post-thumbnail","6":"product_cat-beaute-sante-complements-alimentaires-soins-et-bien-etre-au-meilleur-prix","8":"first","9":"instock","10":"taxable","11":"shipping-taxable","12":"purchasable","13":"product-type-simple"},"yoast_head":"<!-- This site is optimized with the Yoast SEO plugin v27.4 - https:\/\/yoast.com\/product\/yoast-seo-wordpress\/ -->\n<title>MAKEUP REVOLUTION FOREVER FLAWLESS FLAMBOYANCE FLAMINGO EYESHADOW PALETTE - Maroc Prix<\/title>\n<meta name=\"description\" content=\"MAKEUP REVOLUTION FOREVER FLAWLESS FLAMBOYANCE FLAMINGO EYESHADOW PALETTE\" \/>\n<meta name=\"robots\" content=\"index, follow, max-snippet:-1, max-image-preview:large, max-video-preview:-1\" \/>\n<link rel=\"canonical\" href=\"https:\/\/vitablanca.ma\/ar\/product-2\/makeup-revolution-forever-flawless-flamboyance-flamingo-eyeshadow-palette\/\" \/>\n<meta property=\"og:locale\" content=\"ar_AR\" \/>\n<meta property=\"og:type\" content=\"article\" \/>\n<meta property=\"og:title\" content=\"MAKEUP REVOLUTION FOREVER FLAWLESS FLAMBOYANCE FLAMINGO EYESHADOW PALETTE - Maroc Prix\" \/>\n<meta property=\"og:description\" content=\"MAKEUP REVOLUTION FOREVER FLAWLESS FLAMBOYANCE FLAMINGO EYESHADOW PALETTE\" \/>\n<meta property=\"og:url\" content=\"https:\/\/vitablanca.ma\/ar\/product-2\/makeup-revolution-forever-flawless-flamboyance-flamingo-eyeshadow-palette\/\" \/>\n<meta property=\"og:site_name\" content=\"Vitablanca.ma &ndash; Sant&eacute;, vitalit&eacute; et bien-&ecirc;tre pour tous les Marocains\" \/>\n<meta property=\"article:publisher\" content=\"https:\/\/www.facebook.com\/profile.php?id=61576678196717\" \/>\n<meta property=\"og:image\" content=\"https:\/\/vitablanca.ma\/wp-content\/uploads\/2025\/05\/FLAMINGO-REV1.jpg\" \/>\n\t<meta property=\"og:image:width\" content=\"800\" \/>\n\t<meta property=\"og:image:height\" content=\"800\" \/>\n\t<meta property=\"og:image:type\" content=\"image\/jpeg\" \/>\n<meta name=\"twitter:card\" content=\"summary_large_image\" \/>\n<meta name=\"twitter:label1\" content=\"\u0648\u0642\u062a \u0627\u0644\u0642\u0631\u0627\u0621\u0629 \u0627\u0644\u0645\u064f\u0642\u062f\u0651\u0631\" \/>\n\t<meta name=\"twitter:data1\" content=\"\u062f\u0642\u064a\u0642\u0629 \u0648\u0627\u062d\u062f\u0629\" \/>\n<script type=\"application\/ld+json\" class=\"yoast-schema-graph\">{\"@context\":\"https:\\\/\\\/schema.org\",\"@graph\":[{\"@type\":[\"WebPage\",\"ItemPage\"],\"@id\":\"https:\\\/\\\/vitablanca.ma\\\/produit\\\/makeup-revolution-forever-flawless-flamboyance-flamingo-eyeshadow-palette\\\/\",\"url\":\"https:\\\/\\\/vitablanca.ma\\\/produit\\\/makeup-revolution-forever-flawless-flamboyance-flamingo-eyeshadow-palette\\\/\",\"name\":\"MAKEUP REVOLUTION FOREVER FLAWLESS FLAMBOYANCE FLAMINGO EYESHADOW PALETTE - Maroc Prix\",\"isPartOf\":{\"@id\":\"https:\\\/\\\/vitablanca.ma\\\/#website\"},\"primaryImageOfPage\":{\"@id\":\"https:\\\/\\\/vitablanca.ma\\\/produit\\\/makeup-revolution-forever-flawless-flamboyance-flamingo-eyeshadow-palette\\\/#primaryimage\"},\"image\":{\"@id\":\"https:\\\/\\\/vitablanca.ma\\\/produit\\\/makeup-revolution-forever-flawless-flamboyance-flamingo-eyeshadow-palette\\\/#primaryimage\"},\"thumbnailUrl\":\"https:\\\/\\\/vitablanca.ma\\\/wp-content\\\/uploads\\\/2025\\\/05\\\/FLAMINGO-REV1.jpg\",\"datePublished\":\"2025-05-28T20:27:50+00:00\",\"description\":\"MAKEUP REVOLUTION FOREVER FLAWLESS FLAMBOYANCE FLAMINGO EYESHADOW PALETTE\",\"breadcrumb\":{\"@id\":\"https:\\\/\\\/vitablanca.ma\\\/produit\\\/makeup-revolution-forever-flawless-flamboyance-flamingo-eyeshadow-palette\\\/#breadcrumb\"},\"inLanguage\":\"ar\",\"potentialAction\":[{\"@type\":\"ReadAction\",\"target\":[\"https:\\\/\\\/vitablanca.ma\\\/produit\\\/makeup-revolution-forever-flawless-flamboyance-flamingo-eyeshadow-palette\\\/\"]}]},{\"@type\":\"ImageObject\",\"inLanguage\":\"ar\",\"@id\":\"https:\\\/\\\/vitablanca.ma\\\/produit\\\/makeup-revolution-forever-flawless-flamboyance-flamingo-eyeshadow-palette\\\/#primaryimage\",\"url\":\"https:\\\/\\\/vitablanca.ma\\\/wp-content\\\/uploads\\\/2025\\\/05\\\/FLAMINGO-REV1.jpg\",\"contentUrl\":\"https:\\\/\\\/vitablanca.ma\\\/wp-content\\\/uploads\\\/2025\\\/05\\\/FLAMINGO-REV1.jpg\",\"width\":800,\"height\":800},{\"@type\":\"BreadcrumbList\",\"@id\":\"https:\\\/\\\/vitablanca.ma\\\/produit\\\/makeup-revolution-forever-flawless-flamboyance-flamingo-eyeshadow-palette\\\/#breadcrumb\",\"itemListElement\":[{\"@type\":\"ListItem\",\"position\":1,\"name\":\"Home\",\"item\":\"https:\\\/\\\/vitablanca.ma\\\/\"},{\"@type\":\"ListItem\",\"position\":2,\"name\":\"Tous Les Produits\",\"item\":\"https:\\\/\\\/vitablanca.ma\\\/tous-les-produits\\\/\"},{\"@type\":\"ListItem\",\"position\":3,\"name\":\"MAKEUP REVOLUTION FOREVER FLAWLESS FLAMBOYANCE FLAMINGO EYESHADOW PALETTE\"}]},{\"@type\":\"WebSite\",\"@id\":\"https:\\\/\\\/vitablanca.ma\\\/#website\",\"url\":\"https:\\\/\\\/vitablanca.ma\\\/\",\"name\":\"VitaBlanca.ma | Compl\u00e9ments alimentaires, sant\u00e9 & beaut\u00e9 au Maroc\",\"description\":\"vendre vitamines et compl\u00e9ments premium des USA &amp; Canada, Nouvelle Z\u00e9lande,Maroc (NOW Foods, Solgar, Manuka). Livraison rapide partout au Maroc.\",\"publisher\":{\"@id\":\"https:\\\/\\\/vitablanca.ma\\\/#organization\"},\"alternateName\":\"VitaBlanca.ma\",\"potentialAction\":[{\"@type\":\"SearchAction\",\"target\":{\"@type\":\"EntryPoint\",\"urlTemplate\":\"https:\\\/\\\/vitablanca.ma\\\/?s={search_term_string}\"},\"query-input\":{\"@type\":\"PropertyValueSpecification\",\"valueRequired\":true,\"valueName\":\"search_term_string\"}}],\"inLanguage\":\"ar\"},{\"@type\":\"Organization\",\"@id\":\"https:\\\/\\\/vitablanca.ma\\\/#organization\",\"name\":\"VitaBlanca\",\"url\":\"https:\\\/\\\/vitablanca.ma\\\/\",\"logo\":{\"@type\":\"ImageObject\",\"inLanguage\":\"ar\",\"@id\":\"https:\\\/\\\/vitablanca.ma\\\/#\\\/schema\\\/logo\\\/image\\\/\",\"url\":\"https:\\\/\\\/vitablanca.ma\\\/wp-content\\\/uploads\\\/2025\\\/05\\\/cropped-vitablanca.png\",\"contentUrl\":\"https:\\\/\\\/vitablanca.ma\\\/wp-content\\\/uploads\\\/2025\\\/05\\\/cropped-vitablanca.png\",\"width\":360,\"height\":67,\"caption\":\"VitaBlanca\"},\"image\":{\"@id\":\"https:\\\/\\\/vitablanca.ma\\\/#\\\/schema\\\/logo\\\/image\\\/\"},\"sameAs\":[\"https:\\\/\\\/www.facebook.com\\\/profile.php?id=61576678196717\",\"https:\\\/\\\/www.tiktok.com\\\/@vitablanca.ma\",\"https:\\\/\\\/www.instagram.com\\\/vitablanca.ma\\\/\"]}]}<\/script>\n<!-- \/ Yoast SEO plugin. -->","yoast_head_json":{"title":"MAKEUP REVOLUTION FOREVER FLAWLESS FLAMBOYANCE FLAMINGO EYESHADOW PALETTE - Maroc Prix","description":"\u0644\u0648\u062d\u0629 \u0638\u0644\u0627\u0644 \u0627\u0644\u0639\u064a\u0648\u0646 &quot;\u0641\u0644\u0627\u0645\u0646\u062c\u0648&quot; \u0645\u0646 \u0645\u064a\u0643 \u0623\u0628 \u0631\u064a\u0641\u0648\u0644\u0648\u0634\u0646 \u0641\u0648\u0631 \u0625\u064a\u0641\u0631 \u0641\u0644\u0627\u0648\u0644\u064a\u0633 \u0641\u0644\u0627\u0645\u0628\u0648\u064a\u0627\u0646\u0633","robots":{"index":"index","follow":"follow","max-snippet":"max-snippet:-1","max-image-preview":"max-image-preview:large","max-video-preview":"max-video-preview:-1"},"canonical":"https:\/\/vitablanca.ma\/ar\/product-2\/makeup-revolution-forever-flawless-flamboyance-flamingo-eyeshadow-palette\/","og_locale":"ar_AR","og_type":"article","og_title":"MAKEUP REVOLUTION FOREVER FLAWLESS FLAMBOYANCE FLAMINGO EYESHADOW PALETTE - Maroc Prix","og_description":"MAKEUP REVOLUTION FOREVER FLAWLESS FLAMBOYANCE FLAMINGO EYESHADOW PALETTE","og_url":"https:\/\/vitablanca.ma\/ar\/product-2\/makeup-revolution-forever-flawless-flamboyance-flamingo-eyeshadow-palette\/","og_site_name":"Vitablanca.ma &ndash; Sant&eacute;, vitalit&eacute; et bien-&ecirc;tre pour tous les Marocains","article_publisher":"https:\/\/www.facebook.com\/profile.php?id=61576678196717","og_image":[{"width":800,"height":800,"url":"https:\/\/vitablanca.ma\/wp-content\/uploads\/2025\/05\/FLAMINGO-REV1.jpg","type":"image\/jpeg"}],"twitter_card":"summary_large_image","twitter_misc":{"\u0648\u0642\u062a \u0627\u0644\u0642\u0631\u0627\u0621\u0629 \u0627\u0644\u0645\u064f\u0642\u062f\u0651\u0631":"\u062f\u0642\u064a\u0642\u0629 \u0648\u0627\u062d\u062f\u0629"},"schema":{"@context":"https:\/\/schema.org","@graph":[{"@type":["WebPage","ItemPage"],"@id":"https:\/\/vitablanca.ma\/produit\/makeup-revolution-forever-flawless-flamboyance-flamingo-eyeshadow-palette\/","url":"https:\/\/vitablanca.ma\/produit\/makeup-revolution-forever-flawless-flamboyance-flamingo-eyeshadow-palette\/","name":"MAKEUP REVOLUTION FOREVER FLAWLESS FLAMBOYANCE FLAMINGO EYESHADOW PALETTE - Maroc Prix","isPartOf":{"@id":"https:\/\/vitablanca.ma\/#website"},"primaryImageOfPage":{"@id":"https:\/\/vitablanca.ma\/produit\/makeup-revolution-forever-flawless-flamboyance-flamingo-eyeshadow-palette\/#primaryimage"},"image":{"@id":"https:\/\/vitablanca.ma\/produit\/makeup-revolution-forever-flawless-flamboyance-flamingo-eyeshadow-palette\/#primaryimage"},"thumbnailUrl":"https:\/\/vitablanca.ma\/wp-content\/uploads\/2025\/05\/FLAMINGO-REV1.jpg","datePublished":"2025-05-28T20:27:50+00:00","description":"\u0644\u0648\u062d\u0629 \u0638\u0644\u0627\u0644 \u0627\u0644\u0639\u064a\u0648\u0646 &quot;\u0641\u0644\u0627\u0645\u0646\u062c\u0648&quot; \u0645\u0646 \u0645\u064a\u0643 \u0623\u0628 \u0631\u064a\u0641\u0648\u0644\u0648\u0634\u0646 \u0641\u0648\u0631 \u0625\u064a\u0641\u0631 \u0641\u0644\u0627\u0648\u0644\u064a\u0633 \u0641\u0644\u0627\u0645\u0628\u0648\u064a\u0627\u0646\u0633","breadcrumb":{"@id":"https:\/\/vitablanca.ma\/produit\/makeup-revolution-forever-flawless-flamboyance-flamingo-eyeshadow-palette\/#breadcrumb"},"inLanguage":"ar","potentialAction":[{"@type":"ReadAction","target":["https:\/\/vitablanca.ma\/produit\/makeup-revolution-forever-flawless-flamboyance-flamingo-eyeshadow-palette\/"]}]},{"@type":"ImageObject","inLanguage":"ar","@id":"https:\/\/vitablanca.ma\/produit\/makeup-revolution-forever-flawless-flamboyance-flamingo-eyeshadow-palette\/#primaryimage","url":"https:\/\/vitablanca.ma\/wp-content\/uploads\/2025\/05\/FLAMINGO-REV1.jpg","contentUrl":"https:\/\/vitablanca.ma\/wp-content\/uploads\/2025\/05\/FLAMINGO-REV1.jpg","width":800,"height":800},{"@type":"BreadcrumbList","@id":"https:\/\/vitablanca.ma\/produit\/makeup-revolution-forever-flawless-flamboyance-flamingo-eyeshadow-palette\/#breadcrumb","itemListElement":[{"@type":"ListItem","position":1,"name":"Home","item":"https:\/\/vitablanca.ma\/"},{"@type":"ListItem","position":2,"name":"Tous Les Produits","item":"https:\/\/vitablanca.ma\/tous-les-produits\/"},{"@type":"ListItem","position":3,"name":"MAKEUP REVOLUTION FOREVER FLAWLESS FLAMBOYANCE FLAMINGO EYESHADOW PALETTE"}]},{"@type":"WebSite","@id":"https:\/\/vitablanca.ma\/#website","url":"https:\/\/vitablanca.ma\/","name":"VitaBlanca.ma | \u0627\u0644\u0645\u0643\u0645\u0644\u0627\u062a \u0627\u0644\u063a\u0630\u0627\u0626\u064a\u0629\u060c \u0627\u0644\u0635\u062d\u0629 \u0648\u0627\u0644\u062c\u0645\u0627\u0644 \u0641\u064a \u0627\u0644\u0645\u063a\u0631\u0628","description":"\u0646\u0628\u064a\u0639 \u0641\u064a\u062a\u0627\u0645\u064a\u0646\u0627\u062a \u0648\u0645\u0643\u0645\u0644\u0627\u062a \u063a\u0630\u0627\u0626\u064a\u0629 \u0641\u0627\u062e\u0631\u0629 \u0645\u0646 \u0627\u0644\u0648\u0644\u0627\u064a\u0627\u062a \u0627\u0644\u0645\u062a\u062d\u062f\u0629 \u0627\u0644\u0623\u0645\u0631\u064a\u0643\u064a\u0629 \u0648\u0643\u0646\u062f\u0627 \u0648\u0646\u064a\u0648\u0632\u064a\u0644\u0646\u062f\u0627 \u0648\u0627\u0644\u0645\u063a\u0631\u0628 (\u0646\u0627\u0648 \u0641\u0648\u062f\u0632\u060c \u0633\u0648\u0644\u062c\u0627\u0631\u060c \u0645\u0627\u0646\u0648\u0643\u0627). \u062a\u0648\u0635\u064a\u0644 \u0633\u0631\u064a\u0639 \u0625\u0644\u0649 \u062c\u0645\u064a\u0639 \u0623\u0646\u062d\u0627\u0621 \u0627\u0644\u0645\u063a\u0631\u0628.","publisher":{"@id":"https:\/\/vitablanca.ma\/#organization"},"alternateName":"VitaBlanca.ma","potentialAction":[{"@type":"SearchAction","target":{"@type":"EntryPoint","urlTemplate":"https:\/\/vitablanca.ma\/?s={search_term_string}"},"query-input":{"@type":"PropertyValueSpecification","valueRequired":true,"valueName":"search_term_string"}}],"inLanguage":"ar"},{"@type":"Organization","@id":"https:\/\/vitablanca.ma\/#organization","name":"\u0641\u064a\u062a\u0627\u0628\u0644\u0627\u0646\u0643\u0627","url":"https:\/\/vitablanca.ma\/","logo":{"@type":"ImageObject","inLanguage":"ar","@id":"https:\/\/vitablanca.ma\/#\/schema\/logo\/image\/","url":"https:\/\/vitablanca.ma\/wp-content\/uploads\/2025\/05\/cropped-vitablanca.png","contentUrl":"https:\/\/vitablanca.ma\/wp-content\/uploads\/2025\/05\/cropped-vitablanca.png","width":360,"height":67,"caption":"VitaBlanca"},"image":{"@id":"https:\/\/vitablanca.ma\/#\/schema\/logo\/image\/"},"sameAs":["https:\/\/www.facebook.com\/profile.php?id=61576678196717","https:\/\/www.tiktok.com\/@vitablanca.ma","https:\/\/www.instagram.com\/vitablanca.ma\/"]}]}},"jetpack_sharing_enabled":true,"_links":{"self":[{"href":"https:\/\/vitablanca.ma\/ar\/wp-json\/wp\/v2\/product\/11600","targetHints":{"allow":["GET"]}}],"collection":[{"href":"https:\/\/vitablanca.ma\/ar\/wp-json\/wp\/v2\/product"}],"about":[{"href":"https:\/\/vitablanca.ma\/ar\/wp-json\/wp\/v2\/types\/product"}],"wp:featuredmedia":[{"embeddable":true,"href":"https:\/\/vitablanca.ma\/ar\/wp-json\/wp\/v2\/media\/11598"}],"wp:attachment":[{"href":"https:\/\/vitablanca.ma\/ar\/wp-json\/wp\/v2\/media?parent=11600"}],"wp:term":[{"taxonomy":"product_brand","embeddable":true,"href":"https:\/\/vitablanca.ma\/ar\/wp-json\/wp\/v2\/product_brand?post=11600"},{"taxonomy":"product_cat","embeddable":true,"href":"https:\/\/vitablanca.ma\/ar\/wp-json\/wp\/v2\/product_cat?post=11600"},{"taxonomy":"product_tag","embeddable":true,"href":"https:\/\/vitablanca.ma\/ar\/wp-json\/wp\/v2\/product_tag?post=11600"}],"curies":[{"name":"wp","href":"https:\/\/api.w.org\/{rel}","templated":true}]}}