{"id":11199,"date":"2025-05-28T20:14:44","date_gmt":"2025-05-28T20:14:44","guid":{"rendered":"https:\/\/vitablanca.ma\/product\/sheonly-18-pcs-white-professional-makeup-brush-set-for-foundation-powder-concealers-eye-shadows-blush-3\/"},"modified":"2025-05-28T20:14:44","modified_gmt":"2025-05-28T20:14:44","slug":"sheonly-18-pcs-white-professional-makeup-brush-set-for-foundation-powder-concealers-eye-shadows-blush-3","status":"publish","type":"product","link":"https:\/\/vitablanca.ma\/ar\/product-2\/sheonly-18-pcs-white-professional-makeup-brush-set-for-foundation-powder-concealers-eye-shadows-blush-3\/","title":{"rendered":"\u0645\u062c\u0645\u0648\u0639\u0629 \u0641\u0631\u0634 \u0645\u0643\u064a\u0627\u062c \u0627\u062d\u062a\u0631\u0627\u0641\u064a\u0629 \u0645\u0646 SheOnly\u060c \u0645\u0643\u0648\u0646\u0629 \u0645\u0646 18 \u0642\u0637\u0639\u0629\u060c \u0644\u0643\u0631\u064a\u0645 \u0627\u0644\u0623\u0633\u0627\u0633 \u0648\u0627\u0644\u0628\u0648\u062f\u0631\u0629 \u0648\u0627\u0644\u0643\u0648\u0646\u0633\u064a\u0644\u0631 \u0648\u0638\u0644\u0627\u0644 \u0627\u0644\u0639\u064a\u0648\u0646 \u0648\u0623\u062d\u0645\u0631 \u0627\u0644\u062e\u062f\u0648\u062f"},"content":{"rendered":"<p>Am\u00e9liorez votre jeu de maquillage avec notre ensemble de pinceaux professionnels Sheonly, une collection compl\u00e8te qui r\u00e9pond \u00e0 tous vos besoins cosm\u00e9tiques. Avec ses 18 pinceaux de qualit\u00e9 professionnelle, cet ensemble garantit une application de maquillage impeccable, que vous cherchiez \u00e0 estomper, \u00e0 tracer ou \u00e0 m\u00e9langer. Chaque pinceau est m\u00e9ticuleusement con\u00e7u pour accentuer et am\u00e9liorer vos traits naturels, offrant pr\u00e9cision et polyvalence \u00e0 chaque coup de pinceau. De la fondation \u00e0 l\u2019ombre \u00e0 paupi\u00e8res en passant par le blush et l\u2019anti-cernes, cet ensemble vous couvre avec une gamme diversifi\u00e9e de pinceaux, notamment plats, arrondis, angulaires et de pr\u00e9cision. En plus des pinceaux essentiels, cet ensemble comprend \u00e9galement une \u00e9ponge cosm\u00e9tique pour une application facile<\/p>\n<p data-mce-fragment=\"1\"><strong data-mce-fragment=\"1\">\u0645\u062d\u062a\u0648\u064a\u0627\u062a \u0627\u0644\u062d\u0632\u0645\u0629<\/strong><\/p>\n<p data-mce-fragment=\"1\">18 \u0641\u0631\u0634\u0627\u0629 \u0645\u0643\u064a\u0627\u062c<\/p>\n<p data-mce-fragment=\"1\">1 \u00d7 \u0631\u0645\u0627\u062f\u064a<span data-mce-fragment=\"1\">-\u0623\u0628\u064a\u0636\u00a0<\/span>\u0628\u064a\u0636\u0629 \u0627\u0644\u062c\u0645\u0627\u0644<\/p>\n<p data-mce-fragment=\"1\">1 \u00d7 \u0646\u0641\u062e\u0629 \u0628\u0648\u062f\u0631\u0629 \u0648\u0631\u062f\u064a\u0629<\/p>\n<p data-mce-fragment=\"1\"><span data-mce-fragment=\"1\">1 \u00d7 \u062d\u0627\u0645\u0644 \u062a\u062e\u0632\u064a\u0646 \u0645\u0646 \u0645\u0627\u062f\u0629 \u0627\u0644\u0628\u0648\u0644\u064a \u064a\u0648\u0631\u064a\u062b\u064a\u0646<\/span><\/p>\n<p data-mce-fragment=\"1\">1 \u00d7 \u062d\u0642\u064a\u0628\u0629 \u062a\u062e\u0632\u064a\u0646 \u0628\u0627\u0644\u0644\u0648\u0646 \u0627\u0644\u0641\u0636\u064a \u0627\u0644\u0623\u0628\u064a\u0636<\/p>","protected":false},"excerpt":{"rendered":"<p>Am\u00e9liorez votre jeu de maquillage avec notre ensemble de pinceaux professionnels Sheonly, une collection compl\u00e8te qui r\u00e9pond \u00e0 tous vos besoins cosm\u00e9tiques. Avec ses 18 pinceaux de qualit\u00e9 professionnelle, cet ensemble garantit une application de maquillage impeccable, que vous cherchiez \u00e0 estomper, \u00e0 tracer ou \u00e0 m\u00e9langer. Chaque pinceau est m\u00e9ticuleusement con\u00e7u pour accentuer et [&hellip;]<\/p>\n","protected":false},"featured_media":11183,"template":"","meta":{"om_disable_all_campaigns":false},"product_brand":[],"product_cat":[15],"product_tag":[],"class_list":{"0":"post-11199","1":"product","2":"type-product","3":"status-publish","4":"has-post-thumbnail","6":"product_cat-beaute-sante-complements-alimentaires-soins-et-bien-etre-au-meilleur-prix","8":"first","9":"instock","10":"taxable","11":"shipping-taxable","12":"purchasable","13":"product-type-simple"},"yoast_head":"<!-- This site is optimized with the Yoast SEO plugin v27.5 - https:\/\/yoast.com\/product\/yoast-seo-wordpress\/ -->\n<title>SheOnly 18 Pcs White Professional Makeup Brush Set for Foundation Powder Concealers Eye Shadows Blush - Maroc Prix<\/title>\n<meta name=\"description\" content=\"SheOnly 18 Pcs White Professional Makeup Brush Set for Foundation Powder Concealers Eye Shadows Blush\" \/>\n<meta name=\"robots\" content=\"index, follow, max-snippet:-1, max-image-preview:large, max-video-preview:-1\" \/>\n<link rel=\"canonical\" href=\"https:\/\/vitablanca.ma\/ar\/product-2\/sheonly-18-pcs-white-professional-makeup-brush-set-for-foundation-powder-concealers-eye-shadows-blush-3\/\" \/>\n<meta property=\"og:locale\" content=\"ar_AR\" \/>\n<meta property=\"og:type\" content=\"article\" \/>\n<meta property=\"og:title\" content=\"SheOnly 18 Pcs White Professional Makeup Brush Set for Foundation Powder Concealers Eye Shadows Blush - Maroc Prix\" \/>\n<meta property=\"og:description\" content=\"SheOnly 18 Pcs White Professional Makeup Brush Set for Foundation Powder Concealers Eye Shadows Blush\" \/>\n<meta property=\"og:url\" content=\"https:\/\/vitablanca.ma\/ar\/product-2\/sheonly-18-pcs-white-professional-makeup-brush-set-for-foundation-powder-concealers-eye-shadows-blush-3\/\" \/>\n<meta property=\"og:site_name\" content=\"Vitablanca.ma &ndash; Sant&eacute;, vitalit&eacute; et bien-&ecirc;tre pour tous les Marocains\" \/>\n<meta property=\"article:publisher\" content=\"https:\/\/www.facebook.com\/profile.php?id=61576678196717\" \/>\n<meta property=\"og:image\" content=\"https:\/\/vitablanca.ma\/wp-content\/uploads\/2025\/05\/BU0424-1500-1-removebg-preview_81e79b56-b7cf-489d-b4df-e577acd8010d-2.png\" \/>\n\t<meta property=\"og:image:width\" content=\"408\" \/>\n\t<meta property=\"og:image:height\" content=\"411\" \/>\n\t<meta property=\"og:image:type\" content=\"image\/png\" \/>\n<meta name=\"twitter:card\" content=\"summary_large_image\" \/>\n<meta name=\"twitter:label1\" content=\"\u0648\u0642\u062a \u0627\u0644\u0642\u0631\u0627\u0621\u0629 \u0627\u0644\u0645\u064f\u0642\u062f\u0651\u0631\" \/>\n\t<meta name=\"twitter:data1\" content=\"\u062f\u0642\u064a\u0642\u0629 \u0648\u0627\u062d\u062f\u0629\" \/>\n<script type=\"application\/ld+json\" class=\"yoast-schema-graph\">{\"@context\":\"https:\\\/\\\/schema.org\",\"@graph\":[{\"@type\":[\"WebPage\",\"ItemPage\"],\"@id\":\"https:\\\/\\\/vitablanca.ma\\\/produit\\\/sheonly-18-pcs-white-professional-makeup-brush-set-for-foundation-powder-concealers-eye-shadows-blush-3\\\/\",\"url\":\"https:\\\/\\\/vitablanca.ma\\\/produit\\\/sheonly-18-pcs-white-professional-makeup-brush-set-for-foundation-powder-concealers-eye-shadows-blush-3\\\/\",\"name\":\"SheOnly 18 Pcs White Professional Makeup Brush Set for Foundation Powder Concealers Eye Shadows Blush - Maroc Prix\",\"isPartOf\":{\"@id\":\"https:\\\/\\\/vitablanca.ma\\\/#website\"},\"primaryImageOfPage\":{\"@id\":\"https:\\\/\\\/vitablanca.ma\\\/produit\\\/sheonly-18-pcs-white-professional-makeup-brush-set-for-foundation-powder-concealers-eye-shadows-blush-3\\\/#primaryimage\"},\"image\":{\"@id\":\"https:\\\/\\\/vitablanca.ma\\\/produit\\\/sheonly-18-pcs-white-professional-makeup-brush-set-for-foundation-powder-concealers-eye-shadows-blush-3\\\/#primaryimage\"},\"thumbnailUrl\":\"https:\\\/\\\/vitablanca.ma\\\/wp-content\\\/uploads\\\/2025\\\/05\\\/BU0424-1500-1-removebg-preview_81e79b56-b7cf-489d-b4df-e577acd8010d-2.png\",\"datePublished\":\"2025-05-28T20:14:44+00:00\",\"description\":\"SheOnly 18 Pcs White Professional Makeup Brush Set for Foundation Powder Concealers Eye Shadows Blush\",\"breadcrumb\":{\"@id\":\"https:\\\/\\\/vitablanca.ma\\\/produit\\\/sheonly-18-pcs-white-professional-makeup-brush-set-for-foundation-powder-concealers-eye-shadows-blush-3\\\/#breadcrumb\"},\"inLanguage\":\"ar\",\"potentialAction\":[{\"@type\":\"ReadAction\",\"target\":[\"https:\\\/\\\/vitablanca.ma\\\/produit\\\/sheonly-18-pcs-white-professional-makeup-brush-set-for-foundation-powder-concealers-eye-shadows-blush-3\\\/\"]}]},{\"@type\":\"ImageObject\",\"inLanguage\":\"ar\",\"@id\":\"https:\\\/\\\/vitablanca.ma\\\/produit\\\/sheonly-18-pcs-white-professional-makeup-brush-set-for-foundation-powder-concealers-eye-shadows-blush-3\\\/#primaryimage\",\"url\":\"https:\\\/\\\/vitablanca.ma\\\/wp-content\\\/uploads\\\/2025\\\/05\\\/BU0424-1500-1-removebg-preview_81e79b56-b7cf-489d-b4df-e577acd8010d-2.png\",\"contentUrl\":\"https:\\\/\\\/vitablanca.ma\\\/wp-content\\\/uploads\\\/2025\\\/05\\\/BU0424-1500-1-removebg-preview_81e79b56-b7cf-489d-b4df-e577acd8010d-2.png\",\"width\":408,\"height\":411},{\"@type\":\"BreadcrumbList\",\"@id\":\"https:\\\/\\\/vitablanca.ma\\\/produit\\\/sheonly-18-pcs-white-professional-makeup-brush-set-for-foundation-powder-concealers-eye-shadows-blush-3\\\/#breadcrumb\",\"itemListElement\":[{\"@type\":\"ListItem\",\"position\":1,\"name\":\"Home\",\"item\":\"https:\\\/\\\/vitablanca.ma\\\/\"},{\"@type\":\"ListItem\",\"position\":2,\"name\":\"Tous Les Produits\",\"item\":\"https:\\\/\\\/vitablanca.ma\\\/tous-les-produits\\\/\"},{\"@type\":\"ListItem\",\"position\":3,\"name\":\"SheOnly 18 Pcs White Professional Makeup Brush Set for Foundation Powder Concealers Eye Shadows Blush\"}]},{\"@type\":\"WebSite\",\"@id\":\"https:\\\/\\\/vitablanca.ma\\\/#website\",\"url\":\"https:\\\/\\\/vitablanca.ma\\\/\",\"name\":\"VitaBlanca.ma | Compl\u00e9ments alimentaires, sant\u00e9 & beaut\u00e9 au Maroc\",\"description\":\"vendre vitamines et compl\u00e9ments premium des USA &amp; Canada, Nouvelle Z\u00e9lande,Maroc (NOW Foods, Solgar, Manuka). Livraison rapide partout au Maroc.\",\"publisher\":{\"@id\":\"https:\\\/\\\/vitablanca.ma\\\/#organization\"},\"alternateName\":\"VitaBlanca.ma\",\"potentialAction\":[{\"@type\":\"SearchAction\",\"target\":{\"@type\":\"EntryPoint\",\"urlTemplate\":\"https:\\\/\\\/vitablanca.ma\\\/?s={search_term_string}\"},\"query-input\":{\"@type\":\"PropertyValueSpecification\",\"valueRequired\":true,\"valueName\":\"search_term_string\"}}],\"inLanguage\":\"ar\"},{\"@type\":\"Organization\",\"@id\":\"https:\\\/\\\/vitablanca.ma\\\/#organization\",\"name\":\"VitaBlanca\",\"url\":\"https:\\\/\\\/vitablanca.ma\\\/\",\"logo\":{\"@type\":\"ImageObject\",\"inLanguage\":\"ar\",\"@id\":\"https:\\\/\\\/vitablanca.ma\\\/#\\\/schema\\\/logo\\\/image\\\/\",\"url\":\"https:\\\/\\\/vitablanca.ma\\\/wp-content\\\/uploads\\\/2025\\\/05\\\/cropped-vitablanca.png\",\"contentUrl\":\"https:\\\/\\\/vitablanca.ma\\\/wp-content\\\/uploads\\\/2025\\\/05\\\/cropped-vitablanca.png\",\"width\":360,\"height\":67,\"caption\":\"VitaBlanca\"},\"image\":{\"@id\":\"https:\\\/\\\/vitablanca.ma\\\/#\\\/schema\\\/logo\\\/image\\\/\"},\"sameAs\":[\"https:\\\/\\\/www.facebook.com\\\/profile.php?id=61576678196717\",\"https:\\\/\\\/www.tiktok.com\\\/@vitablanca.ma\",\"https:\\\/\\\/www.instagram.com\\\/vitablanca.ma\\\/\"]}]}<\/script>\n<!-- \/ Yoast SEO plugin. -->","yoast_head_json":{"title":"\u0645\u062c\u0645\u0648\u0639\u0629 \u0641\u0631\u0634 \u0645\u0643\u064a\u0627\u062c \u0627\u062d\u062a\u0631\u0627\u0641\u064a\u0629 SheOnly\u060c \u0645\u0643\u0648\u0646\u0629 \u0645\u0646 18 \u0642\u0637\u0639\u0629\u060c \u0644\u0643\u0631\u064a\u0645 \u0627\u0644\u0623\u0633\u0627\u0633 \u0648\u0627\u0644\u0628\u0648\u062f\u0631\u0629 \u0648\u0627\u0644\u0643\u0648\u0646\u0633\u064a\u0644\u0631 \u0648\u0638\u0644\u0627\u0644 \u0627\u0644\u0639\u064a\u0648\u0646 \u0648\u0623\u062d\u0645\u0631 \u0627\u0644\u062e\u062f\u0648\u062f - \u0633\u0639\u0631 \u0627\u0644\u0645\u063a\u0631\u0628","description":"\u0645\u062c\u0645\u0648\u0639\u0629 \u0641\u0631\u0634 \u0645\u0643\u064a\u0627\u062c \u0627\u062d\u062a\u0631\u0627\u0641\u064a\u0629 \u0645\u0646 SheOnly\u060c \u0645\u0643\u0648\u0646\u0629 \u0645\u0646 18 \u0642\u0637\u0639\u0629\u060c \u0644\u0643\u0631\u064a\u0645 \u0627\u0644\u0623\u0633\u0627\u0633 \u0648\u0627\u0644\u0628\u0648\u062f\u0631\u0629 \u0648\u0627\u0644\u0643\u0648\u0646\u0633\u064a\u0644\u0631 \u0648\u0638\u0644\u0627\u0644 \u0627\u0644\u0639\u064a\u0648\u0646 \u0648\u0623\u062d\u0645\u0631 \u0627\u0644\u062e\u062f\u0648\u062f","robots":{"index":"index","follow":"follow","max-snippet":"max-snippet:-1","max-image-preview":"max-image-preview:large","max-video-preview":"max-video-preview:-1"},"canonical":"https:\/\/vitablanca.ma\/ar\/product-2\/sheonly-18-pcs-white-professional-makeup-brush-set-for-foundation-powder-concealers-eye-shadows-blush-3\/","og_locale":"ar_AR","og_type":"article","og_title":"SheOnly 18 Pcs White Professional Makeup Brush Set for Foundation Powder Concealers Eye Shadows Blush - Maroc Prix","og_description":"SheOnly 18 Pcs White Professional Makeup Brush Set for Foundation Powder Concealers Eye Shadows Blush","og_url":"https:\/\/vitablanca.ma\/ar\/product-2\/sheonly-18-pcs-white-professional-makeup-brush-set-for-foundation-powder-concealers-eye-shadows-blush-3\/","og_site_name":"Vitablanca.ma &ndash; Sant&eacute;, vitalit&eacute; et bien-&ecirc;tre pour tous les Marocains","article_publisher":"https:\/\/www.facebook.com\/profile.php?id=61576678196717","og_image":[{"width":408,"height":411,"url":"https:\/\/vitablanca.ma\/wp-content\/uploads\/2025\/05\/BU0424-1500-1-removebg-preview_81e79b56-b7cf-489d-b4df-e577acd8010d-2.png","type":"image\/png"}],"twitter_card":"summary_large_image","twitter_misc":{"\u0648\u0642\u062a \u0627\u0644\u0642\u0631\u0627\u0621\u0629 \u0627\u0644\u0645\u064f\u0642\u062f\u0651\u0631":"\u062f\u0642\u064a\u0642\u0629 \u0648\u0627\u062d\u062f\u0629"},"schema":{"@context":"https:\/\/schema.org","@graph":[{"@type":["WebPage","ItemPage"],"@id":"https:\/\/vitablanca.ma\/produit\/sheonly-18-pcs-white-professional-makeup-brush-set-for-foundation-powder-concealers-eye-shadows-blush-3\/","url":"https:\/\/vitablanca.ma\/produit\/sheonly-18-pcs-white-professional-makeup-brush-set-for-foundation-powder-concealers-eye-shadows-blush-3\/","name":"\u0645\u062c\u0645\u0648\u0639\u0629 \u0641\u0631\u0634 \u0645\u0643\u064a\u0627\u062c \u0627\u062d\u062a\u0631\u0627\u0641\u064a\u0629 SheOnly\u060c \u0645\u0643\u0648\u0646\u0629 \u0645\u0646 18 \u0642\u0637\u0639\u0629\u060c \u0644\u0643\u0631\u064a\u0645 \u0627\u0644\u0623\u0633\u0627\u0633 \u0648\u0627\u0644\u0628\u0648\u062f\u0631\u0629 \u0648\u0627\u0644\u0643\u0648\u0646\u0633\u064a\u0644\u0631 \u0648\u0638\u0644\u0627\u0644 \u0627\u0644\u0639\u064a\u0648\u0646 \u0648\u0623\u062d\u0645\u0631 \u0627\u0644\u062e\u062f\u0648\u062f - \u0633\u0639\u0631 \u0627\u0644\u0645\u063a\u0631\u0628","isPartOf":{"@id":"https:\/\/vitablanca.ma\/#website"},"primaryImageOfPage":{"@id":"https:\/\/vitablanca.ma\/produit\/sheonly-18-pcs-white-professional-makeup-brush-set-for-foundation-powder-concealers-eye-shadows-blush-3\/#primaryimage"},"image":{"@id":"https:\/\/vitablanca.ma\/produit\/sheonly-18-pcs-white-professional-makeup-brush-set-for-foundation-powder-concealers-eye-shadows-blush-3\/#primaryimage"},"thumbnailUrl":"https:\/\/vitablanca.ma\/wp-content\/uploads\/2025\/05\/BU0424-1500-1-removebg-preview_81e79b56-b7cf-489d-b4df-e577acd8010d-2.png","datePublished":"2025-05-28T20:14:44+00:00","description":"\u0645\u062c\u0645\u0648\u0639\u0629 \u0641\u0631\u0634 \u0645\u0643\u064a\u0627\u062c \u0627\u062d\u062a\u0631\u0627\u0641\u064a\u0629 \u0645\u0646 SheOnly\u060c \u0645\u0643\u0648\u0646\u0629 \u0645\u0646 18 \u0642\u0637\u0639\u0629\u060c \u0644\u0643\u0631\u064a\u0645 \u0627\u0644\u0623\u0633\u0627\u0633 \u0648\u0627\u0644\u0628\u0648\u062f\u0631\u0629 \u0648\u0627\u0644\u0643\u0648\u0646\u0633\u064a\u0644\u0631 \u0648\u0638\u0644\u0627\u0644 \u0627\u0644\u0639\u064a\u0648\u0646 \u0648\u0623\u062d\u0645\u0631 \u0627\u0644\u062e\u062f\u0648\u062f","breadcrumb":{"@id":"https:\/\/vitablanca.ma\/produit\/sheonly-18-pcs-white-professional-makeup-brush-set-for-foundation-powder-concealers-eye-shadows-blush-3\/#breadcrumb"},"inLanguage":"ar","potentialAction":[{"@type":"ReadAction","target":["https:\/\/vitablanca.ma\/produit\/sheonly-18-pcs-white-professional-makeup-brush-set-for-foundation-powder-concealers-eye-shadows-blush-3\/"]}]},{"@type":"ImageObject","inLanguage":"ar","@id":"https:\/\/vitablanca.ma\/produit\/sheonly-18-pcs-white-professional-makeup-brush-set-for-foundation-powder-concealers-eye-shadows-blush-3\/#primaryimage","url":"https:\/\/vitablanca.ma\/wp-content\/uploads\/2025\/05\/BU0424-1500-1-removebg-preview_81e79b56-b7cf-489d-b4df-e577acd8010d-2.png","contentUrl":"https:\/\/vitablanca.ma\/wp-content\/uploads\/2025\/05\/BU0424-1500-1-removebg-preview_81e79b56-b7cf-489d-b4df-e577acd8010d-2.png","width":408,"height":411},{"@type":"BreadcrumbList","@id":"https:\/\/vitablanca.ma\/produit\/sheonly-18-pcs-white-professional-makeup-brush-set-for-foundation-powder-concealers-eye-shadows-blush-3\/#breadcrumb","itemListElement":[{"@type":"ListItem","position":1,"name":"Home","item":"https:\/\/vitablanca.ma\/"},{"@type":"ListItem","position":2,"name":"Tous Les Produits","item":"https:\/\/vitablanca.ma\/tous-les-produits\/"},{"@type":"ListItem","position":3,"name":"SheOnly 18 Pcs White Professional Makeup Brush Set for Foundation Powder Concealers Eye Shadows Blush"}]},{"@type":"WebSite","@id":"https:\/\/vitablanca.ma\/#website","url":"https:\/\/vitablanca.ma\/","name":"VitaBlanca.ma | \u0627\u0644\u0645\u0643\u0645\u0644\u0627\u062a \u0627\u0644\u063a\u0630\u0627\u0626\u064a\u0629\u060c \u0627\u0644\u0635\u062d\u0629 \u0648\u0627\u0644\u062c\u0645\u0627\u0644 \u0641\u064a \u0627\u0644\u0645\u063a\u0631\u0628","description":"\u0646\u0628\u064a\u0639 \u0641\u064a\u062a\u0627\u0645\u064a\u0646\u0627\u062a \u0648\u0645\u0643\u0645\u0644\u0627\u062a \u063a\u0630\u0627\u0626\u064a\u0629 \u0641\u0627\u062e\u0631\u0629 \u0645\u0646 \u0627\u0644\u0648\u0644\u0627\u064a\u0627\u062a \u0627\u0644\u0645\u062a\u062d\u062f\u0629 \u0627\u0644\u0623\u0645\u0631\u064a\u0643\u064a\u0629 \u0648\u0643\u0646\u062f\u0627 \u0648\u0646\u064a\u0648\u0632\u064a\u0644\u0646\u062f\u0627 \u0648\u0627\u0644\u0645\u063a\u0631\u0628 (\u0646\u0627\u0648 \u0641\u0648\u062f\u0632\u060c \u0633\u0648\u0644\u062c\u0627\u0631\u060c \u0645\u0627\u0646\u0648\u0643\u0627). \u062a\u0648\u0635\u064a\u0644 \u0633\u0631\u064a\u0639 \u0625\u0644\u0649 \u062c\u0645\u064a\u0639 \u0623\u0646\u062d\u0627\u0621 \u0627\u0644\u0645\u063a\u0631\u0628.","publisher":{"@id":"https:\/\/vitablanca.ma\/#organization"},"alternateName":"VitaBlanca.ma","potentialAction":[{"@type":"SearchAction","target":{"@type":"EntryPoint","urlTemplate":"https:\/\/vitablanca.ma\/?s={search_term_string}"},"query-input":{"@type":"PropertyValueSpecification","valueRequired":true,"valueName":"search_term_string"}}],"inLanguage":"ar"},{"@type":"Organization","@id":"https:\/\/vitablanca.ma\/#organization","name":"\u0641\u064a\u062a\u0627\u0628\u0644\u0627\u0646\u0643\u0627","url":"https:\/\/vitablanca.ma\/","logo":{"@type":"ImageObject","inLanguage":"ar","@id":"https:\/\/vitablanca.ma\/#\/schema\/logo\/image\/","url":"https:\/\/vitablanca.ma\/wp-content\/uploads\/2025\/05\/cropped-vitablanca.png","contentUrl":"https:\/\/vitablanca.ma\/wp-content\/uploads\/2025\/05\/cropped-vitablanca.png","width":360,"height":67,"caption":"VitaBlanca"},"image":{"@id":"https:\/\/vitablanca.ma\/#\/schema\/logo\/image\/"},"sameAs":["https:\/\/www.facebook.com\/profile.php?id=61576678196717","https:\/\/www.tiktok.com\/@vitablanca.ma","https:\/\/www.instagram.com\/vitablanca.ma\/"]}]}},"jetpack_sharing_enabled":true,"_links":{"self":[{"href":"https:\/\/vitablanca.ma\/ar\/wp-json\/wp\/v2\/product\/11199","targetHints":{"allow":["GET"]}}],"collection":[{"href":"https:\/\/vitablanca.ma\/ar\/wp-json\/wp\/v2\/product"}],"about":[{"href":"https:\/\/vitablanca.ma\/ar\/wp-json\/wp\/v2\/types\/product"}],"wp:featuredmedia":[{"embeddable":true,"href":"https:\/\/vitablanca.ma\/ar\/wp-json\/wp\/v2\/media\/11183"}],"wp:attachment":[{"href":"https:\/\/vitablanca.ma\/ar\/wp-json\/wp\/v2\/media?parent=11199"}],"wp:term":[{"taxonomy":"product_brand","embeddable":true,"href":"https:\/\/vitablanca.ma\/ar\/wp-json\/wp\/v2\/product_brand?post=11199"},{"taxonomy":"product_cat","embeddable":true,"href":"https:\/\/vitablanca.ma\/ar\/wp-json\/wp\/v2\/product_cat?post=11199"},{"taxonomy":"product_tag","embeddable":true,"href":"https:\/\/vitablanca.ma\/ar\/wp-json\/wp\/v2\/product_tag?post=11199"}],"curies":[{"name":"wp","href":"https:\/\/api.w.org\/{rel}","templated":true}]}}