{"id":11164,"date":"2025-05-28T20:12:49","date_gmt":"2025-05-28T20:12:49","guid":{"rendered":"https:\/\/vitablanca.ma\/product\/the-purest-solutions-radiance-eye-contour-serum-caffeine-solutions-5-vitamin-c\/"},"modified":"2025-05-28T20:12:49","modified_gmt":"2025-05-28T20:12:49","slug":"the-purest-solutions-radiance-eye-contour-serum-caffeine-solutions-5-vitamin-c","status":"publish","type":"product","link":"https:\/\/vitablanca.ma\/ar\/product-2\/the-purest-solutions-radiance-eye-contour-serum-caffeine-solutions-5-vitamin-c\/","title":{"rendered":"\u0633\u064a\u0631\u0648\u0645 \u0645\u062d\u064a\u0637 \u0627\u0644\u0639\u064a\u0646 \u0645\u0646 \u0630\u0627 \u0623\u0646\u0642\u0649 \u0627\u0644\u062d\u0644\u0648\u0644 - \u0645\u062d\u0644\u0648\u0644 \u0627\u0644\u0643\u0627\u0641\u064a\u064a\u0646 5% + \u0641\u064a\u062a\u0627\u0645\u064a\u0646 \u0633\u064a"},"content":{"rendered":"<p data-mce-fragment=\"1\">Le s\u00e9rum Radiance Eye Contour Caffeine Solutions 5% + Vitamin C est con\u00e7u pour am\u00e9liorer l\u2019apparence de la zone sous les yeux et de la teinte de la peau. Sa formule renforce la luminosit\u00e9 et la fra\u00eecheur de la peau, r\u00e9duisant ainsi les signes de vieillissement autour du contour des yeux. On recommande l\u2019utilisation matin et soir, apr\u00e8s avoir nettoy\u00e9 le visage, en appliquant quelques gouttes sur toute la zone. \u00c9viter tout contact avec les yeux et le conserver au r\u00e9frig\u00e9rateur.<\/p>","protected":false},"excerpt":{"rendered":"<p>Le s\u00e9rum Radiance Eye Contour Caffeine Solutions 5% + Vitamin C est con\u00e7u pour am\u00e9liorer l\u2019apparence de la zone sous les yeux et de la teinte de la peau. Sa formule renforce la luminosit\u00e9 et la fra\u00eecheur de la peau, r\u00e9duisant ainsi les signes de vieillissement autour du contour des yeux. On recommande l\u2019utilisation matin [&hellip;]<\/p>\n","protected":false},"featured_media":11161,"template":"","meta":{"om_disable_all_campaigns":false},"product_brand":[],"product_cat":[15],"product_tag":[],"class_list":{"0":"post-11164","1":"product","2":"type-product","3":"status-publish","4":"has-post-thumbnail","6":"product_cat-beaute-sante-complements-alimentaires-soins-et-bien-etre-au-meilleur-prix","8":"first","9":"instock","10":"taxable","11":"shipping-taxable","12":"purchasable","13":"product-type-simple"},"yoast_head":"<!-- This site is optimized with the Yoast SEO plugin v27.5 - https:\/\/yoast.com\/product\/yoast-seo-wordpress\/ -->\n<title>The Purest Solutions Radiance Eye Contour Serum Caffeine Solutions 5% + Vitamin C - Maroc Prix<\/title>\n<meta name=\"description\" content=\"The Purest Solutions Radiance Eye Contour Serum Caffeine Solutions 5% + Vitamin C\" \/>\n<meta name=\"robots\" content=\"index, follow, max-snippet:-1, max-image-preview:large, max-video-preview:-1\" \/>\n<link rel=\"canonical\" href=\"https:\/\/vitablanca.ma\/ar\/product-2\/the-purest-solutions-radiance-eye-contour-serum-caffeine-solutions-5-vitamin-c\/\" \/>\n<meta property=\"og:locale\" content=\"ar_AR\" \/>\n<meta property=\"og:type\" content=\"article\" \/>\n<meta property=\"og:title\" content=\"The Purest Solutions Radiance Eye Contour Serum Caffeine Solutions 5% + Vitamin C - Maroc Prix\" \/>\n<meta property=\"og:description\" content=\"The Purest Solutions Radiance Eye Contour Serum Caffeine Solutions 5% + Vitamin C\" \/>\n<meta property=\"og:url\" content=\"https:\/\/vitablanca.ma\/ar\/product-2\/the-purest-solutions-radiance-eye-contour-serum-caffeine-solutions-5-vitamin-c\/\" \/>\n<meta property=\"og:site_name\" content=\"Vitablanca.ma &ndash; Sant&eacute;, vitalit&eacute; et bien-&ecirc;tre pour tous les Marocains\" \/>\n<meta property=\"article:publisher\" content=\"https:\/\/www.facebook.com\/profile.php?id=61576678196717\" \/>\n<meta property=\"og:image\" content=\"https:\/\/vitablanca.ma\/wp-content\/uploads\/2025\/05\/dfa3a043-92ce-4c74-8fdd-e8e89b9ceb19.jpg\" \/>\n\t<meta property=\"og:image:width\" content=\"1080\" \/>\n\t<meta property=\"og:image:height\" content=\"1080\" \/>\n\t<meta property=\"og:image:type\" content=\"image\/jpeg\" \/>\n<meta name=\"twitter:card\" content=\"summary_large_image\" \/>\n<script type=\"application\/ld+json\" class=\"yoast-schema-graph\">{\"@context\":\"https:\\\/\\\/schema.org\",\"@graph\":[{\"@type\":[\"WebPage\",\"ItemPage\"],\"@id\":\"https:\\\/\\\/vitablanca.ma\\\/produit\\\/the-purest-solutions-radiance-eye-contour-serum-caffeine-solutions-5-vitamin-c\\\/\",\"url\":\"https:\\\/\\\/vitablanca.ma\\\/produit\\\/the-purest-solutions-radiance-eye-contour-serum-caffeine-solutions-5-vitamin-c\\\/\",\"name\":\"The Purest Solutions Radiance Eye Contour Serum Caffeine Solutions 5% + Vitamin C - Maroc Prix\",\"isPartOf\":{\"@id\":\"https:\\\/\\\/vitablanca.ma\\\/#website\"},\"primaryImageOfPage\":{\"@id\":\"https:\\\/\\\/vitablanca.ma\\\/produit\\\/the-purest-solutions-radiance-eye-contour-serum-caffeine-solutions-5-vitamin-c\\\/#primaryimage\"},\"image\":{\"@id\":\"https:\\\/\\\/vitablanca.ma\\\/produit\\\/the-purest-solutions-radiance-eye-contour-serum-caffeine-solutions-5-vitamin-c\\\/#primaryimage\"},\"thumbnailUrl\":\"https:\\\/\\\/vitablanca.ma\\\/wp-content\\\/uploads\\\/2025\\\/05\\\/dfa3a043-92ce-4c74-8fdd-e8e89b9ceb19.jpg\",\"datePublished\":\"2025-05-28T20:12:49+00:00\",\"description\":\"The Purest Solutions Radiance Eye Contour Serum Caffeine Solutions 5% + Vitamin C\",\"breadcrumb\":{\"@id\":\"https:\\\/\\\/vitablanca.ma\\\/produit\\\/the-purest-solutions-radiance-eye-contour-serum-caffeine-solutions-5-vitamin-c\\\/#breadcrumb\"},\"inLanguage\":\"ar\",\"potentialAction\":[{\"@type\":\"ReadAction\",\"target\":[\"https:\\\/\\\/vitablanca.ma\\\/produit\\\/the-purest-solutions-radiance-eye-contour-serum-caffeine-solutions-5-vitamin-c\\\/\"]}]},{\"@type\":\"ImageObject\",\"inLanguage\":\"ar\",\"@id\":\"https:\\\/\\\/vitablanca.ma\\\/produit\\\/the-purest-solutions-radiance-eye-contour-serum-caffeine-solutions-5-vitamin-c\\\/#primaryimage\",\"url\":\"https:\\\/\\\/vitablanca.ma\\\/wp-content\\\/uploads\\\/2025\\\/05\\\/dfa3a043-92ce-4c74-8fdd-e8e89b9ceb19.jpg\",\"contentUrl\":\"https:\\\/\\\/vitablanca.ma\\\/wp-content\\\/uploads\\\/2025\\\/05\\\/dfa3a043-92ce-4c74-8fdd-e8e89b9ceb19.jpg\",\"width\":1080,\"height\":1080},{\"@type\":\"BreadcrumbList\",\"@id\":\"https:\\\/\\\/vitablanca.ma\\\/produit\\\/the-purest-solutions-radiance-eye-contour-serum-caffeine-solutions-5-vitamin-c\\\/#breadcrumb\",\"itemListElement\":[{\"@type\":\"ListItem\",\"position\":1,\"name\":\"Home\",\"item\":\"https:\\\/\\\/vitablanca.ma\\\/\"},{\"@type\":\"ListItem\",\"position\":2,\"name\":\"Tous Les Produits\",\"item\":\"https:\\\/\\\/vitablanca.ma\\\/tous-les-produits\\\/\"},{\"@type\":\"ListItem\",\"position\":3,\"name\":\"The Purest Solutions Radiance Eye Contour Serum Caffeine Solutions 5% + Vitamin C\"}]},{\"@type\":\"WebSite\",\"@id\":\"https:\\\/\\\/vitablanca.ma\\\/#website\",\"url\":\"https:\\\/\\\/vitablanca.ma\\\/\",\"name\":\"VitaBlanca.ma | Compl\u00e9ments alimentaires, sant\u00e9 & beaut\u00e9 au Maroc\",\"description\":\"vendre vitamines et compl\u00e9ments premium des USA &amp; Canada, Nouvelle Z\u00e9lande,Maroc (NOW Foods, Solgar, Manuka). Livraison rapide partout au Maroc.\",\"publisher\":{\"@id\":\"https:\\\/\\\/vitablanca.ma\\\/#organization\"},\"alternateName\":\"VitaBlanca.ma\",\"potentialAction\":[{\"@type\":\"SearchAction\",\"target\":{\"@type\":\"EntryPoint\",\"urlTemplate\":\"https:\\\/\\\/vitablanca.ma\\\/?s={search_term_string}\"},\"query-input\":{\"@type\":\"PropertyValueSpecification\",\"valueRequired\":true,\"valueName\":\"search_term_string\"}}],\"inLanguage\":\"ar\"},{\"@type\":\"Organization\",\"@id\":\"https:\\\/\\\/vitablanca.ma\\\/#organization\",\"name\":\"VitaBlanca\",\"url\":\"https:\\\/\\\/vitablanca.ma\\\/\",\"logo\":{\"@type\":\"ImageObject\",\"inLanguage\":\"ar\",\"@id\":\"https:\\\/\\\/vitablanca.ma\\\/#\\\/schema\\\/logo\\\/image\\\/\",\"url\":\"https:\\\/\\\/vitablanca.ma\\\/wp-content\\\/uploads\\\/2025\\\/05\\\/cropped-vitablanca.png\",\"contentUrl\":\"https:\\\/\\\/vitablanca.ma\\\/wp-content\\\/uploads\\\/2025\\\/05\\\/cropped-vitablanca.png\",\"width\":360,\"height\":67,\"caption\":\"VitaBlanca\"},\"image\":{\"@id\":\"https:\\\/\\\/vitablanca.ma\\\/#\\\/schema\\\/logo\\\/image\\\/\"},\"sameAs\":[\"https:\\\/\\\/www.facebook.com\\\/profile.php?id=61576678196717\",\"https:\\\/\\\/www.tiktok.com\\\/@vitablanca.ma\",\"https:\\\/\\\/www.instagram.com\\\/vitablanca.ma\\\/\"]}]}<\/script>\n<!-- \/ Yoast SEO plugin. -->","yoast_head_json":{"title":"The Purest Solutions Radiance Eye Contour Serum Caffeine Solutions 5% + Vitamin C - Maroc Prix","description":"\u0633\u064a\u0631\u0648\u0645 \u0645\u062d\u064a\u0637 \u0627\u0644\u0639\u064a\u0646 \u0645\u0646 \u0630\u0627 \u0623\u0646\u0642\u0649 \u0627\u0644\u062d\u0644\u0648\u0644 - \u0645\u062d\u0644\u0648\u0644 \u0627\u0644\u0643\u0627\u0641\u064a\u064a\u0646 5% + \u0641\u064a\u062a\u0627\u0645\u064a\u0646 \u0633\u064a","robots":{"index":"index","follow":"follow","max-snippet":"max-snippet:-1","max-image-preview":"max-image-preview:large","max-video-preview":"max-video-preview:-1"},"canonical":"https:\/\/vitablanca.ma\/ar\/product-2\/the-purest-solutions-radiance-eye-contour-serum-caffeine-solutions-5-vitamin-c\/","og_locale":"ar_AR","og_type":"article","og_title":"The Purest Solutions Radiance Eye Contour Serum Caffeine Solutions 5% + Vitamin C - Maroc Prix","og_description":"The Purest Solutions Radiance Eye Contour Serum Caffeine Solutions 5% + Vitamin C","og_url":"https:\/\/vitablanca.ma\/ar\/product-2\/the-purest-solutions-radiance-eye-contour-serum-caffeine-solutions-5-vitamin-c\/","og_site_name":"Vitablanca.ma &ndash; Sant&eacute;, vitalit&eacute; et bien-&ecirc;tre pour tous les Marocains","article_publisher":"https:\/\/www.facebook.com\/profile.php?id=61576678196717","og_image":[{"width":1080,"height":1080,"url":"https:\/\/vitablanca.ma\/wp-content\/uploads\/2025\/05\/dfa3a043-92ce-4c74-8fdd-e8e89b9ceb19.jpg","type":"image\/jpeg"}],"twitter_card":"summary_large_image","schema":{"@context":"https:\/\/schema.org","@graph":[{"@type":["WebPage","ItemPage"],"@id":"https:\/\/vitablanca.ma\/produit\/the-purest-solutions-radiance-eye-contour-serum-caffeine-solutions-5-vitamin-c\/","url":"https:\/\/vitablanca.ma\/produit\/the-purest-solutions-radiance-eye-contour-serum-caffeine-solutions-5-vitamin-c\/","name":"The Purest Solutions Radiance Eye Contour Serum Caffeine Solutions 5% + Vitamin C - Maroc Prix","isPartOf":{"@id":"https:\/\/vitablanca.ma\/#website"},"primaryImageOfPage":{"@id":"https:\/\/vitablanca.ma\/produit\/the-purest-solutions-radiance-eye-contour-serum-caffeine-solutions-5-vitamin-c\/#primaryimage"},"image":{"@id":"https:\/\/vitablanca.ma\/produit\/the-purest-solutions-radiance-eye-contour-serum-caffeine-solutions-5-vitamin-c\/#primaryimage"},"thumbnailUrl":"https:\/\/vitablanca.ma\/wp-content\/uploads\/2025\/05\/dfa3a043-92ce-4c74-8fdd-e8e89b9ceb19.jpg","datePublished":"2025-05-28T20:12:49+00:00","description":"\u0633\u064a\u0631\u0648\u0645 \u0645\u062d\u064a\u0637 \u0627\u0644\u0639\u064a\u0646 \u0645\u0646 \u0630\u0627 \u0623\u0646\u0642\u0649 \u0627\u0644\u062d\u0644\u0648\u0644 - \u0645\u062d\u0644\u0648\u0644 \u0627\u0644\u0643\u0627\u0641\u064a\u064a\u0646 5% + \u0641\u064a\u062a\u0627\u0645\u064a\u0646 \u0633\u064a","breadcrumb":{"@id":"https:\/\/vitablanca.ma\/produit\/the-purest-solutions-radiance-eye-contour-serum-caffeine-solutions-5-vitamin-c\/#breadcrumb"},"inLanguage":"ar","potentialAction":[{"@type":"ReadAction","target":["https:\/\/vitablanca.ma\/produit\/the-purest-solutions-radiance-eye-contour-serum-caffeine-solutions-5-vitamin-c\/"]}]},{"@type":"ImageObject","inLanguage":"ar","@id":"https:\/\/vitablanca.ma\/produit\/the-purest-solutions-radiance-eye-contour-serum-caffeine-solutions-5-vitamin-c\/#primaryimage","url":"https:\/\/vitablanca.ma\/wp-content\/uploads\/2025\/05\/dfa3a043-92ce-4c74-8fdd-e8e89b9ceb19.jpg","contentUrl":"https:\/\/vitablanca.ma\/wp-content\/uploads\/2025\/05\/dfa3a043-92ce-4c74-8fdd-e8e89b9ceb19.jpg","width":1080,"height":1080},{"@type":"BreadcrumbList","@id":"https:\/\/vitablanca.ma\/produit\/the-purest-solutions-radiance-eye-contour-serum-caffeine-solutions-5-vitamin-c\/#breadcrumb","itemListElement":[{"@type":"ListItem","position":1,"name":"Home","item":"https:\/\/vitablanca.ma\/"},{"@type":"ListItem","position":2,"name":"Tous Les Produits","item":"https:\/\/vitablanca.ma\/tous-les-produits\/"},{"@type":"ListItem","position":3,"name":"The Purest Solutions Radiance Eye Contour Serum Caffeine Solutions 5% + Vitamin C"}]},{"@type":"WebSite","@id":"https:\/\/vitablanca.ma\/#website","url":"https:\/\/vitablanca.ma\/","name":"VitaBlanca.ma | \u0627\u0644\u0645\u0643\u0645\u0644\u0627\u062a \u0627\u0644\u063a\u0630\u0627\u0626\u064a\u0629\u060c \u0627\u0644\u0635\u062d\u0629 \u0648\u0627\u0644\u062c\u0645\u0627\u0644 \u0641\u064a \u0627\u0644\u0645\u063a\u0631\u0628","description":"\u0646\u0628\u064a\u0639 \u0641\u064a\u062a\u0627\u0645\u064a\u0646\u0627\u062a \u0648\u0645\u0643\u0645\u0644\u0627\u062a \u063a\u0630\u0627\u0626\u064a\u0629 \u0641\u0627\u062e\u0631\u0629 \u0645\u0646 \u0627\u0644\u0648\u0644\u0627\u064a\u0627\u062a \u0627\u0644\u0645\u062a\u062d\u062f\u0629 \u0627\u0644\u0623\u0645\u0631\u064a\u0643\u064a\u0629 \u0648\u0643\u0646\u062f\u0627 \u0648\u0646\u064a\u0648\u0632\u064a\u0644\u0646\u062f\u0627 \u0648\u0627\u0644\u0645\u063a\u0631\u0628 (\u0646\u0627\u0648 \u0641\u0648\u062f\u0632\u060c \u0633\u0648\u0644\u062c\u0627\u0631\u060c \u0645\u0627\u0646\u0648\u0643\u0627). \u062a\u0648\u0635\u064a\u0644 \u0633\u0631\u064a\u0639 \u0625\u0644\u0649 \u062c\u0645\u064a\u0639 \u0623\u0646\u062d\u0627\u0621 \u0627\u0644\u0645\u063a\u0631\u0628.","publisher":{"@id":"https:\/\/vitablanca.ma\/#organization"},"alternateName":"VitaBlanca.ma","potentialAction":[{"@type":"SearchAction","target":{"@type":"EntryPoint","urlTemplate":"https:\/\/vitablanca.ma\/?s={search_term_string}"},"query-input":{"@type":"PropertyValueSpecification","valueRequired":true,"valueName":"search_term_string"}}],"inLanguage":"ar"},{"@type":"Organization","@id":"https:\/\/vitablanca.ma\/#organization","name":"\u0641\u064a\u062a\u0627\u0628\u0644\u0627\u0646\u0643\u0627","url":"https:\/\/vitablanca.ma\/","logo":{"@type":"ImageObject","inLanguage":"ar","@id":"https:\/\/vitablanca.ma\/#\/schema\/logo\/image\/","url":"https:\/\/vitablanca.ma\/wp-content\/uploads\/2025\/05\/cropped-vitablanca.png","contentUrl":"https:\/\/vitablanca.ma\/wp-content\/uploads\/2025\/05\/cropped-vitablanca.png","width":360,"height":67,"caption":"VitaBlanca"},"image":{"@id":"https:\/\/vitablanca.ma\/#\/schema\/logo\/image\/"},"sameAs":["https:\/\/www.facebook.com\/profile.php?id=61576678196717","https:\/\/www.tiktok.com\/@vitablanca.ma","https:\/\/www.instagram.com\/vitablanca.ma\/"]}]}},"jetpack_sharing_enabled":true,"_links":{"self":[{"href":"https:\/\/vitablanca.ma\/ar\/wp-json\/wp\/v2\/product\/11164","targetHints":{"allow":["GET"]}}],"collection":[{"href":"https:\/\/vitablanca.ma\/ar\/wp-json\/wp\/v2\/product"}],"about":[{"href":"https:\/\/vitablanca.ma\/ar\/wp-json\/wp\/v2\/types\/product"}],"wp:featuredmedia":[{"embeddable":true,"href":"https:\/\/vitablanca.ma\/ar\/wp-json\/wp\/v2\/media\/11161"}],"wp:attachment":[{"href":"https:\/\/vitablanca.ma\/ar\/wp-json\/wp\/v2\/media?parent=11164"}],"wp:term":[{"taxonomy":"product_brand","embeddable":true,"href":"https:\/\/vitablanca.ma\/ar\/wp-json\/wp\/v2\/product_brand?post=11164"},{"taxonomy":"product_cat","embeddable":true,"href":"https:\/\/vitablanca.ma\/ar\/wp-json\/wp\/v2\/product_cat?post=11164"},{"taxonomy":"product_tag","embeddable":true,"href":"https:\/\/vitablanca.ma\/ar\/wp-json\/wp\/v2\/product_tag?post=11164"}],"curies":[{"name":"wp","href":"https:\/\/api.w.org\/{rel}","templated":true}]}}