{"id":11157,"date":"2025-05-28T20:12:33","date_gmt":"2025-05-28T20:12:33","guid":{"rendered":"https:\/\/vitablanca.ma\/product\/guerlain-orchidee-imperiale-blackla-creme-contour-yeux-et-levres\/"},"modified":"2025-05-28T20:12:33","modified_gmt":"2025-05-28T20:12:33","slug":"guerlain-orchidee-imperiale-blackla-creme-contour-yeux-et-levres","status":"publish","type":"product","link":"https:\/\/vitablanca.ma\/ar\/product-2\/guerlain-orchidee-imperiale-blackla-creme-contour-yeux-et-levres\/","title":{"rendered":"GUERLAIN ORCHID\u00c9E IMP\u00c9RIALE BLACK\nLA CR\u00c8ME CONTOUR YEUX ET L\u00c8VRES"},"content":{"rendered":"<p>L\u2019ULTIME TALISMAN DE JEUNESSE<\/p>\n<p>Apr\u00e8s plus de quinze ans de recherche, l\u2019Orchidarium\u00ae et la recherche Guerlain d\u00e9voilent La Cr\u00e8me Contour Yeux et L\u00e8vres Orchid\u00e9e Imp\u00e9riale Black, chef d\u2019\u0153uvre du soin Guerlain. En son c\u0153ur est encapsul\u00e9 le pouvoir de la Black Orchid\u00b9. Originaire du P\u00e9rou, elle s\u2019adapte \u00e0 son environnement afin de maximiser sa survie, incarnant un talisman contre le temps. Elle donne naissance \u00e0 la technologie BlackImmune\u2122 qui cible 95% des cellules \u00e9pidermiques impliqu\u00e9es dans l\u2019auto-d\u00e9fense de la peau\u00b2.<\/p>","protected":false},"excerpt":{"rendered":"<p>L\u2019ULTIME TALISMAN DE JEUNESSE Apr\u00e8s plus de quinze ans de recherche, l\u2019Orchidarium\u00ae et la recherche Guerlain d\u00e9voilent La Cr\u00e8me Contour Yeux et L\u00e8vres Orchid\u00e9e Imp\u00e9riale Black, chef d\u2019\u0153uvre du soin Guerlain. En son c\u0153ur est encapsul\u00e9 le pouvoir de la Black Orchid\u00b9. Originaire du P\u00e9rou, elle s\u2019adapte \u00e0 son environnement afin de maximiser sa survie, [&hellip;]<\/p>\n","protected":false},"featured_media":11156,"template":"","meta":{"om_disable_all_campaigns":false},"product_brand":[],"product_cat":[15],"product_tag":[],"class_list":{"0":"post-11157","1":"product","2":"type-product","3":"status-publish","4":"has-post-thumbnail","6":"product_cat-beaute-sante-complements-alimentaires-soins-et-bien-etre-au-meilleur-prix","8":"first","9":"instock","10":"sale","11":"taxable","12":"shipping-taxable","13":"purchasable","14":"product-type-simple"},"yoast_head":"<!-- This site is optimized with the Yoast SEO plugin v27.5 - https:\/\/yoast.com\/product\/yoast-seo-wordpress\/ -->\n<title>GUERLAIN ORCHID\u00c9E IMP\u00c9RIALE BLACK LA CR\u00c8ME CONTOUR YEUX ET L\u00c8VRES - Maroc Prix<\/title>\n<meta name=\"description\" content=\"GUERLAIN ORCHID\u00c9E IMP\u00c9RIALE BLACK LA CR\u00c8ME CONTOUR YEUX ET L\u00c8VRES\" \/>\n<meta name=\"robots\" content=\"index, follow, max-snippet:-1, max-image-preview:large, max-video-preview:-1\" \/>\n<link rel=\"canonical\" href=\"https:\/\/vitablanca.ma\/ar\/product-2\/guerlain-orchidee-imperiale-blackla-creme-contour-yeux-et-levres\/\" \/>\n<meta property=\"og:locale\" content=\"ar_AR\" \/>\n<meta property=\"og:type\" content=\"article\" \/>\n<meta property=\"og:title\" content=\"GUERLAIN ORCHID\u00c9E IMP\u00c9RIALE BLACK LA CR\u00c8ME CONTOUR YEUX ET L\u00c8VRES - Maroc Prix\" \/>\n<meta property=\"og:description\" content=\"GUERLAIN ORCHID\u00c9E IMP\u00c9RIALE BLACK LA CR\u00c8ME CONTOUR YEUX ET L\u00c8VRES\" \/>\n<meta property=\"og:url\" content=\"https:\/\/vitablanca.ma\/ar\/product-2\/guerlain-orchidee-imperiale-blackla-creme-contour-yeux-et-levres\/\" \/>\n<meta property=\"og:site_name\" content=\"Vitablanca.ma &ndash; Sant&eacute;, vitalit&eacute; et bien-&ecirc;tre pour tous les Marocains\" \/>\n<meta property=\"article:publisher\" content=\"https:\/\/www.facebook.com\/profile.php?id=61576678196717\" \/>\n<meta property=\"og:image\" content=\"https:\/\/vitablanca.ma\/wp-content\/uploads\/2025\/05\/650x650.jpg\" \/>\n\t<meta property=\"og:image:width\" content=\"650\" \/>\n\t<meta property=\"og:image:height\" content=\"650\" \/>\n\t<meta property=\"og:image:type\" content=\"image\/jpeg\" \/>\n<meta name=\"twitter:card\" content=\"summary_large_image\" \/>\n<script type=\"application\/ld+json\" class=\"yoast-schema-graph\">{\"@context\":\"https:\\\/\\\/schema.org\",\"@graph\":[{\"@type\":[\"WebPage\",\"ItemPage\"],\"@id\":\"https:\\\/\\\/vitablanca.ma\\\/produit\\\/guerlain-orchidee-imperiale-blackla-creme-contour-yeux-et-levres\\\/\",\"url\":\"https:\\\/\\\/vitablanca.ma\\\/produit\\\/guerlain-orchidee-imperiale-blackla-creme-contour-yeux-et-levres\\\/\",\"name\":\"GUERLAIN ORCHID\u00c9E IMP\u00c9RIALE BLACK LA CR\u00c8ME CONTOUR YEUX ET L\u00c8VRES - Maroc Prix\",\"isPartOf\":{\"@id\":\"https:\\\/\\\/vitablanca.ma\\\/#website\"},\"primaryImageOfPage\":{\"@id\":\"https:\\\/\\\/vitablanca.ma\\\/produit\\\/guerlain-orchidee-imperiale-blackla-creme-contour-yeux-et-levres\\\/#primaryimage\"},\"image\":{\"@id\":\"https:\\\/\\\/vitablanca.ma\\\/produit\\\/guerlain-orchidee-imperiale-blackla-creme-contour-yeux-et-levres\\\/#primaryimage\"},\"thumbnailUrl\":\"https:\\\/\\\/vitablanca.ma\\\/wp-content\\\/uploads\\\/2025\\\/05\\\/650x650.jpg\",\"datePublished\":\"2025-05-28T20:12:33+00:00\",\"description\":\"GUERLAIN ORCHID\u00c9E IMP\u00c9RIALE BLACK LA CR\u00c8ME CONTOUR YEUX ET L\u00c8VRES\",\"breadcrumb\":{\"@id\":\"https:\\\/\\\/vitablanca.ma\\\/produit\\\/guerlain-orchidee-imperiale-blackla-creme-contour-yeux-et-levres\\\/#breadcrumb\"},\"inLanguage\":\"ar\",\"potentialAction\":[{\"@type\":\"ReadAction\",\"target\":[\"https:\\\/\\\/vitablanca.ma\\\/produit\\\/guerlain-orchidee-imperiale-blackla-creme-contour-yeux-et-levres\\\/\"]}]},{\"@type\":\"ImageObject\",\"inLanguage\":\"ar\",\"@id\":\"https:\\\/\\\/vitablanca.ma\\\/produit\\\/guerlain-orchidee-imperiale-blackla-creme-contour-yeux-et-levres\\\/#primaryimage\",\"url\":\"https:\\\/\\\/vitablanca.ma\\\/wp-content\\\/uploads\\\/2025\\\/05\\\/650x650.jpg\",\"contentUrl\":\"https:\\\/\\\/vitablanca.ma\\\/wp-content\\\/uploads\\\/2025\\\/05\\\/650x650.jpg\",\"width\":650,\"height\":650},{\"@type\":\"BreadcrumbList\",\"@id\":\"https:\\\/\\\/vitablanca.ma\\\/produit\\\/guerlain-orchidee-imperiale-blackla-creme-contour-yeux-et-levres\\\/#breadcrumb\",\"itemListElement\":[{\"@type\":\"ListItem\",\"position\":1,\"name\":\"Home\",\"item\":\"https:\\\/\\\/vitablanca.ma\\\/\"},{\"@type\":\"ListItem\",\"position\":2,\"name\":\"Tous Les Produits\",\"item\":\"https:\\\/\\\/vitablanca.ma\\\/tous-les-produits\\\/\"},{\"@type\":\"ListItem\",\"position\":3,\"name\":\"GUERLAIN ORCHID\u00c9E IMP\u00c9RIALE BLACK LA CR\u00c8ME CONTOUR YEUX ET L\u00c8VRES\"}]},{\"@type\":\"WebSite\",\"@id\":\"https:\\\/\\\/vitablanca.ma\\\/#website\",\"url\":\"https:\\\/\\\/vitablanca.ma\\\/\",\"name\":\"VitaBlanca.ma | Compl\u00e9ments alimentaires, sant\u00e9 & beaut\u00e9 au Maroc\",\"description\":\"vendre vitamines et compl\u00e9ments premium des USA &amp; Canada, Nouvelle Z\u00e9lande,Maroc (NOW Foods, Solgar, Manuka). Livraison rapide partout au Maroc.\",\"publisher\":{\"@id\":\"https:\\\/\\\/vitablanca.ma\\\/#organization\"},\"alternateName\":\"VitaBlanca.ma\",\"potentialAction\":[{\"@type\":\"SearchAction\",\"target\":{\"@type\":\"EntryPoint\",\"urlTemplate\":\"https:\\\/\\\/vitablanca.ma\\\/?s={search_term_string}\"},\"query-input\":{\"@type\":\"PropertyValueSpecification\",\"valueRequired\":true,\"valueName\":\"search_term_string\"}}],\"inLanguage\":\"ar\"},{\"@type\":\"Organization\",\"@id\":\"https:\\\/\\\/vitablanca.ma\\\/#organization\",\"name\":\"VitaBlanca\",\"url\":\"https:\\\/\\\/vitablanca.ma\\\/\",\"logo\":{\"@type\":\"ImageObject\",\"inLanguage\":\"ar\",\"@id\":\"https:\\\/\\\/vitablanca.ma\\\/#\\\/schema\\\/logo\\\/image\\\/\",\"url\":\"https:\\\/\\\/vitablanca.ma\\\/wp-content\\\/uploads\\\/2025\\\/05\\\/cropped-vitablanca.png\",\"contentUrl\":\"https:\\\/\\\/vitablanca.ma\\\/wp-content\\\/uploads\\\/2025\\\/05\\\/cropped-vitablanca.png\",\"width\":360,\"height\":67,\"caption\":\"VitaBlanca\"},\"image\":{\"@id\":\"https:\\\/\\\/vitablanca.ma\\\/#\\\/schema\\\/logo\\\/image\\\/\"},\"sameAs\":[\"https:\\\/\\\/www.facebook.com\\\/profile.php?id=61576678196717\",\"https:\\\/\\\/www.tiktok.com\\\/@vitablanca.ma\",\"https:\\\/\\\/www.instagram.com\\\/vitablanca.ma\\\/\"]}]}<\/script>\n<!-- \/ Yoast SEO plugin. -->","yoast_head_json":{"title":"GUERLAIN ORCHID\u00c9E IMP\u00c9RIALE BLACK LA CR\u00c8ME CONTOUR YEUX ET L\u00c8VRES - Maroc Prix","description":"GUERLAIN ORCHID\u00c9E IMP\u00c9RIALE BLACK LA CR\u00c8ME CONTOUR YEUX ET L\u00c8VRES","robots":{"index":"index","follow":"follow","max-snippet":"max-snippet:-1","max-image-preview":"max-image-preview:large","max-video-preview":"max-video-preview:-1"},"canonical":"https:\/\/vitablanca.ma\/ar\/product-2\/guerlain-orchidee-imperiale-blackla-creme-contour-yeux-et-levres\/","og_locale":"ar_AR","og_type":"article","og_title":"GUERLAIN ORCHID\u00c9E IMP\u00c9RIALE BLACK LA CR\u00c8ME CONTOUR YEUX ET L\u00c8VRES - Maroc Prix","og_description":"GUERLAIN ORCHID\u00c9E IMP\u00c9RIALE BLACK LA CR\u00c8ME CONTOUR YEUX ET L\u00c8VRES","og_url":"https:\/\/vitablanca.ma\/ar\/product-2\/guerlain-orchidee-imperiale-blackla-creme-contour-yeux-et-levres\/","og_site_name":"Vitablanca.ma &ndash; Sant&eacute;, vitalit&eacute; et bien-&ecirc;tre pour tous les Marocains","article_publisher":"https:\/\/www.facebook.com\/profile.php?id=61576678196717","og_image":[{"width":650,"height":650,"url":"https:\/\/vitablanca.ma\/wp-content\/uploads\/2025\/05\/650x650.jpg","type":"image\/jpeg"}],"twitter_card":"summary_large_image","schema":{"@context":"https:\/\/schema.org","@graph":[{"@type":["WebPage","ItemPage"],"@id":"https:\/\/vitablanca.ma\/produit\/guerlain-orchidee-imperiale-blackla-creme-contour-yeux-et-levres\/","url":"https:\/\/vitablanca.ma\/produit\/guerlain-orchidee-imperiale-blackla-creme-contour-yeux-et-levres\/","name":"GUERLAIN ORCHID\u00c9E IMP\u00c9RIALE BLACK LA CR\u00c8ME CONTOUR YEUX ET L\u00c8VRES - Maroc Prix","isPartOf":{"@id":"https:\/\/vitablanca.ma\/#website"},"primaryImageOfPage":{"@id":"https:\/\/vitablanca.ma\/produit\/guerlain-orchidee-imperiale-blackla-creme-contour-yeux-et-levres\/#primaryimage"},"image":{"@id":"https:\/\/vitablanca.ma\/produit\/guerlain-orchidee-imperiale-blackla-creme-contour-yeux-et-levres\/#primaryimage"},"thumbnailUrl":"https:\/\/vitablanca.ma\/wp-content\/uploads\/2025\/05\/650x650.jpg","datePublished":"2025-05-28T20:12:33+00:00","description":"GUERLAIN ORCHID\u00c9E IMP\u00c9RIALE BLACK LA CR\u00c8ME CONTOUR YEUX ET L\u00c8VRES","breadcrumb":{"@id":"https:\/\/vitablanca.ma\/produit\/guerlain-orchidee-imperiale-blackla-creme-contour-yeux-et-levres\/#breadcrumb"},"inLanguage":"ar","potentialAction":[{"@type":"ReadAction","target":["https:\/\/vitablanca.ma\/produit\/guerlain-orchidee-imperiale-blackla-creme-contour-yeux-et-levres\/"]}]},{"@type":"ImageObject","inLanguage":"ar","@id":"https:\/\/vitablanca.ma\/produit\/guerlain-orchidee-imperiale-blackla-creme-contour-yeux-et-levres\/#primaryimage","url":"https:\/\/vitablanca.ma\/wp-content\/uploads\/2025\/05\/650x650.jpg","contentUrl":"https:\/\/vitablanca.ma\/wp-content\/uploads\/2025\/05\/650x650.jpg","width":650,"height":650},{"@type":"BreadcrumbList","@id":"https:\/\/vitablanca.ma\/produit\/guerlain-orchidee-imperiale-blackla-creme-contour-yeux-et-levres\/#breadcrumb","itemListElement":[{"@type":"ListItem","position":1,"name":"Home","item":"https:\/\/vitablanca.ma\/"},{"@type":"ListItem","position":2,"name":"Tous Les Produits","item":"https:\/\/vitablanca.ma\/tous-les-produits\/"},{"@type":"ListItem","position":3,"name":"GUERLAIN ORCHID\u00c9E IMP\u00c9RIALE BLACK LA CR\u00c8ME CONTOUR YEUX ET L\u00c8VRES"}]},{"@type":"WebSite","@id":"https:\/\/vitablanca.ma\/#website","url":"https:\/\/vitablanca.ma\/","name":"VitaBlanca.ma | \u0627\u0644\u0645\u0643\u0645\u0644\u0627\u062a \u0627\u0644\u063a\u0630\u0627\u0626\u064a\u0629\u060c \u0627\u0644\u0635\u062d\u0629 \u0648\u0627\u0644\u062c\u0645\u0627\u0644 \u0641\u064a \u0627\u0644\u0645\u063a\u0631\u0628","description":"\u0646\u0628\u064a\u0639 \u0641\u064a\u062a\u0627\u0645\u064a\u0646\u0627\u062a \u0648\u0645\u0643\u0645\u0644\u0627\u062a \u063a\u0630\u0627\u0626\u064a\u0629 \u0641\u0627\u062e\u0631\u0629 \u0645\u0646 \u0627\u0644\u0648\u0644\u0627\u064a\u0627\u062a \u0627\u0644\u0645\u062a\u062d\u062f\u0629 \u0627\u0644\u0623\u0645\u0631\u064a\u0643\u064a\u0629 \u0648\u0643\u0646\u062f\u0627 \u0648\u0646\u064a\u0648\u0632\u064a\u0644\u0646\u062f\u0627 \u0648\u0627\u0644\u0645\u063a\u0631\u0628 (\u0646\u0627\u0648 \u0641\u0648\u062f\u0632\u060c \u0633\u0648\u0644\u062c\u0627\u0631\u060c \u0645\u0627\u0646\u0648\u0643\u0627). \u062a\u0648\u0635\u064a\u0644 \u0633\u0631\u064a\u0639 \u0625\u0644\u0649 \u062c\u0645\u064a\u0639 \u0623\u0646\u062d\u0627\u0621 \u0627\u0644\u0645\u063a\u0631\u0628.","publisher":{"@id":"https:\/\/vitablanca.ma\/#organization"},"alternateName":"VitaBlanca.ma","potentialAction":[{"@type":"SearchAction","target":{"@type":"EntryPoint","urlTemplate":"https:\/\/vitablanca.ma\/?s={search_term_string}"},"query-input":{"@type":"PropertyValueSpecification","valueRequired":true,"valueName":"search_term_string"}}],"inLanguage":"ar"},{"@type":"Organization","@id":"https:\/\/vitablanca.ma\/#organization","name":"\u0641\u064a\u062a\u0627\u0628\u0644\u0627\u0646\u0643\u0627","url":"https:\/\/vitablanca.ma\/","logo":{"@type":"ImageObject","inLanguage":"ar","@id":"https:\/\/vitablanca.ma\/#\/schema\/logo\/image\/","url":"https:\/\/vitablanca.ma\/wp-content\/uploads\/2025\/05\/cropped-vitablanca.png","contentUrl":"https:\/\/vitablanca.ma\/wp-content\/uploads\/2025\/05\/cropped-vitablanca.png","width":360,"height":67,"caption":"VitaBlanca"},"image":{"@id":"https:\/\/vitablanca.ma\/#\/schema\/logo\/image\/"},"sameAs":["https:\/\/www.facebook.com\/profile.php?id=61576678196717","https:\/\/www.tiktok.com\/@vitablanca.ma","https:\/\/www.instagram.com\/vitablanca.ma\/"]}]}},"jetpack_sharing_enabled":true,"_links":{"self":[{"href":"https:\/\/vitablanca.ma\/ar\/wp-json\/wp\/v2\/product\/11157","targetHints":{"allow":["GET"]}}],"collection":[{"href":"https:\/\/vitablanca.ma\/ar\/wp-json\/wp\/v2\/product"}],"about":[{"href":"https:\/\/vitablanca.ma\/ar\/wp-json\/wp\/v2\/types\/product"}],"wp:featuredmedia":[{"embeddable":true,"href":"https:\/\/vitablanca.ma\/ar\/wp-json\/wp\/v2\/media\/11156"}],"wp:attachment":[{"href":"https:\/\/vitablanca.ma\/ar\/wp-json\/wp\/v2\/media?parent=11157"}],"wp:term":[{"taxonomy":"product_brand","embeddable":true,"href":"https:\/\/vitablanca.ma\/ar\/wp-json\/wp\/v2\/product_brand?post=11157"},{"taxonomy":"product_cat","embeddable":true,"href":"https:\/\/vitablanca.ma\/ar\/wp-json\/wp\/v2\/product_cat?post=11157"},{"taxonomy":"product_tag","embeddable":true,"href":"https:\/\/vitablanca.ma\/ar\/wp-json\/wp\/v2\/product_tag?post=11157"}],"curies":[{"name":"wp","href":"https:\/\/api.w.org\/{rel}","templated":true}]}}