{"id":11006,"date":"2025-05-28T20:07:58","date_gmt":"2025-05-28T20:07:58","guid":{"rendered":"https:\/\/vitablanca.ma\/product\/make-up-forever-hd-skin-matte-velvet-foundation\/"},"modified":"2025-05-28T20:08:00","modified_gmt":"2025-05-28T20:08:00","slug":"make-up-forever-hd-skin-matte-velvet-foundation","status":"publish","type":"product","link":"https:\/\/vitablanca.ma\/ar\/product-2\/make-up-forever-hd-skin-matte-velvet-foundation\/","title":{"rendered":"\u0643\u0631\u064a\u0645 \u0623\u0633\u0627\u0633 HD SKIN MATTE VELVET \u0645\u0646 MAKE UP FOREVER"},"content":{"rendered":"<p data-mce-fragment=\"1\">MAKE UP FOREVER HD SKIN MATTE VELVET offre une couvrance moyenne \u00e0 compl\u00e8te et est l\u00e9g\u00e8re en texture. Sa formule clean* est sp\u00e9cialement con\u00e7ue pour flouter l\u2019apparence des imperfections, matifier la peau jusqu\u2019\u00e0 24 heures et obtenir un fini naturel. Sa texture plus soyeuse fond sur la peau pour une dur\u00e9e de port invisible, sans effet de paquet et sans plis. Cette formule r\u00e9sistante \u00e0 l\u2019eau et \u00e0 la sueur permet une hydratation maximale pour plus de confort.<\/p>","protected":false},"excerpt":{"rendered":"<p>MAKE UP FOREVER HD SKIN MATTE VELVET offre une couvrance moyenne \u00e0 compl\u00e8te et est l\u00e9g\u00e8re en texture. Sa formule clean* est sp\u00e9cialement con\u00e7ue pour flouter l\u2019apparence des imperfections, matifier la peau jusqu\u2019\u00e0 24 heures et obtenir un fini naturel. Sa texture plus soyeuse fond sur la peau pour une dur\u00e9e de port invisible, sans [&hellip;]<\/p>\n","protected":false},"featured_media":10997,"template":"","meta":{"om_disable_all_campaigns":false},"product_brand":[],"product_cat":[15],"product_tag":[],"class_list":{"0":"post-11006","1":"product","2":"type-product","3":"status-publish","4":"has-post-thumbnail","6":"product_cat-beaute-sante-complements-alimentaires-soins-et-bien-etre-au-meilleur-prix","8":"first","9":"instock","10":"taxable","11":"shipping-taxable","12":"purchasable","13":"product-type-variable"},"yoast_head":"<!-- This site is optimized with the Yoast SEO plugin v27.5 - https:\/\/yoast.com\/product\/yoast-seo-wordpress\/ -->\n<title>MAKE UP FOREVER HD SKIN MATTE VELVET FOUNDATION - Maroc Prix<\/title>\n<meta name=\"description\" content=\"MAKE UP FOREVER HD SKIN MATTE VELVET FOUNDATION\" \/>\n<meta name=\"robots\" content=\"index, follow, max-snippet:-1, max-image-preview:large, max-video-preview:-1\" \/>\n<link rel=\"canonical\" href=\"https:\/\/vitablanca.ma\/ar\/product-2\/make-up-forever-hd-skin-matte-velvet-foundation\/\" \/>\n<meta property=\"og:locale\" content=\"ar_AR\" \/>\n<meta property=\"og:type\" content=\"article\" \/>\n<meta property=\"og:title\" content=\"MAKE UP FOREVER HD SKIN MATTE VELVET FOUNDATION - Maroc Prix\" \/>\n<meta property=\"og:description\" content=\"MAKE UP FOREVER HD SKIN MATTE VELVET FOUNDATION\" \/>\n<meta property=\"og:url\" content=\"https:\/\/vitablanca.ma\/ar\/product-2\/make-up-forever-hd-skin-matte-velvet-foundation\/\" \/>\n<meta property=\"og:site_name\" content=\"Vitablanca.ma &ndash; Sant&eacute;, vitalit&eacute; et bien-&ecirc;tre pour tous les Marocains\" \/>\n<meta property=\"article:publisher\" content=\"https:\/\/www.facebook.com\/profile.php?id=61576678196717\" \/>\n<meta property=\"article:modified_time\" content=\"2025-05-28T20:08:00+00:00\" \/>\n<meta property=\"og:image\" content=\"https:\/\/vitablanca.ma\/wp-content\/uploads\/2025\/05\/US-3548752194730_I000064222_HD-SKIN-MATTE-VELVET-23-11g-2N22_Face_0.png\" \/>\n\t<meta property=\"og:image:width\" content=\"800\" \/>\n\t<meta property=\"og:image:height\" content=\"800\" \/>\n\t<meta property=\"og:image:type\" content=\"image\/png\" \/>\n<meta name=\"twitter:card\" content=\"summary_large_image\" \/>\n<script type=\"application\/ld+json\" class=\"yoast-schema-graph\">{\"@context\":\"https:\\\/\\\/schema.org\",\"@graph\":[{\"@type\":[\"WebPage\",\"ItemPage\"],\"@id\":\"https:\\\/\\\/vitablanca.ma\\\/produit\\\/make-up-forever-hd-skin-matte-velvet-foundation\\\/\",\"url\":\"https:\\\/\\\/vitablanca.ma\\\/produit\\\/make-up-forever-hd-skin-matte-velvet-foundation\\\/\",\"name\":\"MAKE UP FOREVER HD SKIN MATTE VELVET FOUNDATION - Maroc Prix\",\"isPartOf\":{\"@id\":\"https:\\\/\\\/vitablanca.ma\\\/#website\"},\"primaryImageOfPage\":{\"@id\":\"https:\\\/\\\/vitablanca.ma\\\/produit\\\/make-up-forever-hd-skin-matte-velvet-foundation\\\/#primaryimage\"},\"image\":{\"@id\":\"https:\\\/\\\/vitablanca.ma\\\/produit\\\/make-up-forever-hd-skin-matte-velvet-foundation\\\/#primaryimage\"},\"thumbnailUrl\":\"https:\\\/\\\/vitablanca.ma\\\/wp-content\\\/uploads\\\/2025\\\/05\\\/US-3548752194730_I000064222_HD-SKIN-MATTE-VELVET-23-11g-2N22_Face_0.png\",\"datePublished\":\"2025-05-28T20:07:58+00:00\",\"dateModified\":\"2025-05-28T20:08:00+00:00\",\"description\":\"MAKE UP FOREVER HD SKIN MATTE VELVET FOUNDATION\",\"breadcrumb\":{\"@id\":\"https:\\\/\\\/vitablanca.ma\\\/produit\\\/make-up-forever-hd-skin-matte-velvet-foundation\\\/#breadcrumb\"},\"inLanguage\":\"ar\",\"potentialAction\":[{\"@type\":\"ReadAction\",\"target\":[\"https:\\\/\\\/vitablanca.ma\\\/produit\\\/make-up-forever-hd-skin-matte-velvet-foundation\\\/\"]}]},{\"@type\":\"ImageObject\",\"inLanguage\":\"ar\",\"@id\":\"https:\\\/\\\/vitablanca.ma\\\/produit\\\/make-up-forever-hd-skin-matte-velvet-foundation\\\/#primaryimage\",\"url\":\"https:\\\/\\\/vitablanca.ma\\\/wp-content\\\/uploads\\\/2025\\\/05\\\/US-3548752194730_I000064222_HD-SKIN-MATTE-VELVET-23-11g-2N22_Face_0.png\",\"contentUrl\":\"https:\\\/\\\/vitablanca.ma\\\/wp-content\\\/uploads\\\/2025\\\/05\\\/US-3548752194730_I000064222_HD-SKIN-MATTE-VELVET-23-11g-2N22_Face_0.png\",\"width\":800,\"height\":800},{\"@type\":\"BreadcrumbList\",\"@id\":\"https:\\\/\\\/vitablanca.ma\\\/produit\\\/make-up-forever-hd-skin-matte-velvet-foundation\\\/#breadcrumb\",\"itemListElement\":[{\"@type\":\"ListItem\",\"position\":1,\"name\":\"Home\",\"item\":\"https:\\\/\\\/vitablanca.ma\\\/\"},{\"@type\":\"ListItem\",\"position\":2,\"name\":\"Tous Les Produits\",\"item\":\"https:\\\/\\\/vitablanca.ma\\\/tous-les-produits\\\/\"},{\"@type\":\"ListItem\",\"position\":3,\"name\":\"MAKE UP FOREVER HD SKIN MATTE VELVET FOUNDATION\"}]},{\"@type\":\"WebSite\",\"@id\":\"https:\\\/\\\/vitablanca.ma\\\/#website\",\"url\":\"https:\\\/\\\/vitablanca.ma\\\/\",\"name\":\"VitaBlanca.ma | Compl\u00e9ments alimentaires, sant\u00e9 & beaut\u00e9 au Maroc\",\"description\":\"vendre vitamines et compl\u00e9ments premium des USA &amp; Canada, Nouvelle Z\u00e9lande,Maroc (NOW Foods, Solgar, Manuka). Livraison rapide partout au Maroc.\",\"publisher\":{\"@id\":\"https:\\\/\\\/vitablanca.ma\\\/#organization\"},\"alternateName\":\"VitaBlanca.ma\",\"potentialAction\":[{\"@type\":\"SearchAction\",\"target\":{\"@type\":\"EntryPoint\",\"urlTemplate\":\"https:\\\/\\\/vitablanca.ma\\\/?s={search_term_string}\"},\"query-input\":{\"@type\":\"PropertyValueSpecification\",\"valueRequired\":true,\"valueName\":\"search_term_string\"}}],\"inLanguage\":\"ar\"},{\"@type\":\"Organization\",\"@id\":\"https:\\\/\\\/vitablanca.ma\\\/#organization\",\"name\":\"VitaBlanca\",\"url\":\"https:\\\/\\\/vitablanca.ma\\\/\",\"logo\":{\"@type\":\"ImageObject\",\"inLanguage\":\"ar\",\"@id\":\"https:\\\/\\\/vitablanca.ma\\\/#\\\/schema\\\/logo\\\/image\\\/\",\"url\":\"https:\\\/\\\/vitablanca.ma\\\/wp-content\\\/uploads\\\/2025\\\/05\\\/cropped-vitablanca.png\",\"contentUrl\":\"https:\\\/\\\/vitablanca.ma\\\/wp-content\\\/uploads\\\/2025\\\/05\\\/cropped-vitablanca.png\",\"width\":360,\"height\":67,\"caption\":\"VitaBlanca\"},\"image\":{\"@id\":\"https:\\\/\\\/vitablanca.ma\\\/#\\\/schema\\\/logo\\\/image\\\/\"},\"sameAs\":[\"https:\\\/\\\/www.facebook.com\\\/profile.php?id=61576678196717\",\"https:\\\/\\\/www.tiktok.com\\\/@vitablanca.ma\",\"https:\\\/\\\/www.instagram.com\\\/vitablanca.ma\\\/\"]}]}<\/script>\n<!-- \/ Yoast SEO plugin. -->","yoast_head_json":{"title":"MAKE UP FOREVER HD SKIN MATTE VELVET FOUNDATION - Maroc Prix","description":"\u0643\u0631\u064a\u0645 \u0623\u0633\u0627\u0633 HD SKIN MATTE VELVET \u0645\u0646 MAKE UP FOREVER","robots":{"index":"index","follow":"follow","max-snippet":"max-snippet:-1","max-image-preview":"max-image-preview:large","max-video-preview":"max-video-preview:-1"},"canonical":"https:\/\/vitablanca.ma\/ar\/product-2\/make-up-forever-hd-skin-matte-velvet-foundation\/","og_locale":"ar_AR","og_type":"article","og_title":"MAKE UP FOREVER HD SKIN MATTE VELVET FOUNDATION - Maroc Prix","og_description":"MAKE UP FOREVER HD SKIN MATTE VELVET FOUNDATION","og_url":"https:\/\/vitablanca.ma\/ar\/product-2\/make-up-forever-hd-skin-matte-velvet-foundation\/","og_site_name":"Vitablanca.ma &ndash; Sant&eacute;, vitalit&eacute; et bien-&ecirc;tre pour tous les Marocains","article_publisher":"https:\/\/www.facebook.com\/profile.php?id=61576678196717","article_modified_time":"2025-05-28T20:08:00+00:00","og_image":[{"width":800,"height":800,"url":"https:\/\/vitablanca.ma\/wp-content\/uploads\/2025\/05\/US-3548752194730_I000064222_HD-SKIN-MATTE-VELVET-23-11g-2N22_Face_0.png","type":"image\/png"}],"twitter_card":"summary_large_image","schema":{"@context":"https:\/\/schema.org","@graph":[{"@type":["WebPage","ItemPage"],"@id":"https:\/\/vitablanca.ma\/produit\/make-up-forever-hd-skin-matte-velvet-foundation\/","url":"https:\/\/vitablanca.ma\/produit\/make-up-forever-hd-skin-matte-velvet-foundation\/","name":"MAKE UP FOREVER HD SKIN MATTE VELVET FOUNDATION - Maroc Prix","isPartOf":{"@id":"https:\/\/vitablanca.ma\/#website"},"primaryImageOfPage":{"@id":"https:\/\/vitablanca.ma\/produit\/make-up-forever-hd-skin-matte-velvet-foundation\/#primaryimage"},"image":{"@id":"https:\/\/vitablanca.ma\/produit\/make-up-forever-hd-skin-matte-velvet-foundation\/#primaryimage"},"thumbnailUrl":"https:\/\/vitablanca.ma\/wp-content\/uploads\/2025\/05\/US-3548752194730_I000064222_HD-SKIN-MATTE-VELVET-23-11g-2N22_Face_0.png","datePublished":"2025-05-28T20:07:58+00:00","dateModified":"2025-05-28T20:08:00+00:00","description":"\u0643\u0631\u064a\u0645 \u0623\u0633\u0627\u0633 HD SKIN MATTE VELVET \u0645\u0646 MAKE UP FOREVER","breadcrumb":{"@id":"https:\/\/vitablanca.ma\/produit\/make-up-forever-hd-skin-matte-velvet-foundation\/#breadcrumb"},"inLanguage":"ar","potentialAction":[{"@type":"ReadAction","target":["https:\/\/vitablanca.ma\/produit\/make-up-forever-hd-skin-matte-velvet-foundation\/"]}]},{"@type":"ImageObject","inLanguage":"ar","@id":"https:\/\/vitablanca.ma\/produit\/make-up-forever-hd-skin-matte-velvet-foundation\/#primaryimage","url":"https:\/\/vitablanca.ma\/wp-content\/uploads\/2025\/05\/US-3548752194730_I000064222_HD-SKIN-MATTE-VELVET-23-11g-2N22_Face_0.png","contentUrl":"https:\/\/vitablanca.ma\/wp-content\/uploads\/2025\/05\/US-3548752194730_I000064222_HD-SKIN-MATTE-VELVET-23-11g-2N22_Face_0.png","width":800,"height":800},{"@type":"BreadcrumbList","@id":"https:\/\/vitablanca.ma\/produit\/make-up-forever-hd-skin-matte-velvet-foundation\/#breadcrumb","itemListElement":[{"@type":"ListItem","position":1,"name":"Home","item":"https:\/\/vitablanca.ma\/"},{"@type":"ListItem","position":2,"name":"Tous Les Produits","item":"https:\/\/vitablanca.ma\/tous-les-produits\/"},{"@type":"ListItem","position":3,"name":"MAKE UP FOREVER HD SKIN MATTE VELVET FOUNDATION"}]},{"@type":"WebSite","@id":"https:\/\/vitablanca.ma\/#website","url":"https:\/\/vitablanca.ma\/","name":"VitaBlanca.ma | \u0627\u0644\u0645\u0643\u0645\u0644\u0627\u062a \u0627\u0644\u063a\u0630\u0627\u0626\u064a\u0629\u060c \u0627\u0644\u0635\u062d\u0629 \u0648\u0627\u0644\u062c\u0645\u0627\u0644 \u0641\u064a \u0627\u0644\u0645\u063a\u0631\u0628","description":"\u0646\u0628\u064a\u0639 \u0641\u064a\u062a\u0627\u0645\u064a\u0646\u0627\u062a \u0648\u0645\u0643\u0645\u0644\u0627\u062a \u063a\u0630\u0627\u0626\u064a\u0629 \u0641\u0627\u062e\u0631\u0629 \u0645\u0646 \u0627\u0644\u0648\u0644\u0627\u064a\u0627\u062a \u0627\u0644\u0645\u062a\u062d\u062f\u0629 \u0627\u0644\u0623\u0645\u0631\u064a\u0643\u064a\u0629 \u0648\u0643\u0646\u062f\u0627 \u0648\u0646\u064a\u0648\u0632\u064a\u0644\u0646\u062f\u0627 \u0648\u0627\u0644\u0645\u063a\u0631\u0628 (\u0646\u0627\u0648 \u0641\u0648\u062f\u0632\u060c \u0633\u0648\u0644\u062c\u0627\u0631\u060c \u0645\u0627\u0646\u0648\u0643\u0627). \u062a\u0648\u0635\u064a\u0644 \u0633\u0631\u064a\u0639 \u0625\u0644\u0649 \u062c\u0645\u064a\u0639 \u0623\u0646\u062d\u0627\u0621 \u0627\u0644\u0645\u063a\u0631\u0628.","publisher":{"@id":"https:\/\/vitablanca.ma\/#organization"},"alternateName":"VitaBlanca.ma","potentialAction":[{"@type":"SearchAction","target":{"@type":"EntryPoint","urlTemplate":"https:\/\/vitablanca.ma\/?s={search_term_string}"},"query-input":{"@type":"PropertyValueSpecification","valueRequired":true,"valueName":"search_term_string"}}],"inLanguage":"ar"},{"@type":"Organization","@id":"https:\/\/vitablanca.ma\/#organization","name":"\u0641\u064a\u062a\u0627\u0628\u0644\u0627\u0646\u0643\u0627","url":"https:\/\/vitablanca.ma\/","logo":{"@type":"ImageObject","inLanguage":"ar","@id":"https:\/\/vitablanca.ma\/#\/schema\/logo\/image\/","url":"https:\/\/vitablanca.ma\/wp-content\/uploads\/2025\/05\/cropped-vitablanca.png","contentUrl":"https:\/\/vitablanca.ma\/wp-content\/uploads\/2025\/05\/cropped-vitablanca.png","width":360,"height":67,"caption":"VitaBlanca"},"image":{"@id":"https:\/\/vitablanca.ma\/#\/schema\/logo\/image\/"},"sameAs":["https:\/\/www.facebook.com\/profile.php?id=61576678196717","https:\/\/www.tiktok.com\/@vitablanca.ma","https:\/\/www.instagram.com\/vitablanca.ma\/"]}]}},"jetpack_sharing_enabled":true,"_links":{"self":[{"href":"https:\/\/vitablanca.ma\/ar\/wp-json\/wp\/v2\/product\/11006","targetHints":{"allow":["GET"]}}],"collection":[{"href":"https:\/\/vitablanca.ma\/ar\/wp-json\/wp\/v2\/product"}],"about":[{"href":"https:\/\/vitablanca.ma\/ar\/wp-json\/wp\/v2\/types\/product"}],"wp:featuredmedia":[{"embeddable":true,"href":"https:\/\/vitablanca.ma\/ar\/wp-json\/wp\/v2\/media\/10997"}],"wp:attachment":[{"href":"https:\/\/vitablanca.ma\/ar\/wp-json\/wp\/v2\/media?parent=11006"}],"wp:term":[{"taxonomy":"product_brand","embeddable":true,"href":"https:\/\/vitablanca.ma\/ar\/wp-json\/wp\/v2\/product_brand?post=11006"},{"taxonomy":"product_cat","embeddable":true,"href":"https:\/\/vitablanca.ma\/ar\/wp-json\/wp\/v2\/product_cat?post=11006"},{"taxonomy":"product_tag","embeddable":true,"href":"https:\/\/vitablanca.ma\/ar\/wp-json\/wp\/v2\/product_tag?post=11006"}],"curies":[{"name":"wp","href":"https:\/\/api.w.org\/{rel}","templated":true}]}}