{"id":10845,"date":"2025-05-28T20:04:46","date_gmt":"2025-05-28T20:04:46","guid":{"rendered":"https:\/\/vitablanca.ma\/product\/bourjois-contour-clubbing-waterproof-liner\/"},"modified":"2025-05-28T20:04:46","modified_gmt":"2025-05-28T20:04:46","slug":"bourjois-contour-clubbing-waterproof-liner","status":"publish","type":"product","link":"https:\/\/vitablanca.ma\/ar\/product-2\/bourjois-contour-clubbing-waterproof-liner\/","title":{"rendered":"\u0628\u0648\u0631\u062c\u0648\u0627 \u0643\u0648\u0646\u062a\u0648\u0631 \u0643\u0644\u0648\u0628\u064a\u0646\u062c \u0644\u0627\u064a\u0646\u0631 \u0645\u0642\u0627\u0648\u0645 \u0644\u0644\u0645\u0627\u0621"},"content":{"rendered":"<p>Contour Clubbing Waterproof est un crayon pour les yeux color\u00e9, longue tenue et r\u00e9sistant \u00e0 l\u2019eau. Sa texture ultra-douce glisse le long de la ligne des cils pour un effet intense et vibrant.<br \/>\nUne fois fix\u00e9e, la couleur ne bougera pas jusqu\u2019\u00e0 ce que vous l\u2019enleviez avec un d\u00e9maquillant waterproof. La formule, enrichie d\u2019huiles de jojoba et de coton, offre un confort absolu m\u00eame aux porteurs de lentilles de contact.<br \/>\nLe crayon peut \u00eatre utilis\u00e9 comme doublure ou peut \u00eatre tach\u00e9 comme un fard \u00e0 paupi\u00e8res. Faites ressortir vos yeux et choisissez l\u2019une des couleurs vibrantes qui ne coulera pas, ne se froissera pas, ne s\u2019estompera pas\u00a0!<br \/>\n\u064a\u0639\u062f \u0642\u0644\u0645 \u062a\u062d\u062f\u064a\u062f \u0627\u0644\u0639\u064a\u0648\u0646 \u0627\u0644\u0645\u0642\u0627\u0648\u0645 \u0644\u0644\u0645\u0627\u0621 Contour Clubbing \u0645\u0646 \u0627\u0644\u0639\u0646\u0627\u0635\u0631 \u0627\u0644\u0623\u0633\u0627\u0633\u064a\u0629 \u0641\u064a \u0645\u062c\u0645\u0648\u0639\u0629 \u0645\u0643\u064a\u0627\u062c\u0643 \u0627\u0644\u0644\u064a\u0644\u064a\u0629!<\/p>","protected":false},"excerpt":{"rendered":"<p>Contour Clubbing Waterproof est un crayon pour les yeux color\u00e9, longue tenue et r\u00e9sistant \u00e0 l\u2019eau. Sa texture ultra-douce glisse le long de la ligne des cils pour un effet intense et vibrant. Une fois fix\u00e9e, la couleur ne bougera pas jusqu\u2019\u00e0 ce que vous l\u2019enleviez avec un d\u00e9maquillant waterproof. La formule, enrichie d\u2019huiles de [&hellip;]<\/p>\n","protected":false},"featured_media":10844,"template":"","meta":{"om_disable_all_campaigns":false},"product_brand":[],"product_cat":[15],"product_tag":[],"class_list":{"0":"post-10845","1":"product","2":"type-product","3":"status-publish","4":"has-post-thumbnail","6":"product_cat-beaute-sante-complements-alimentaires-soins-et-bien-etre-au-meilleur-prix","8":"first","9":"instock","10":"taxable","11":"shipping-taxable","12":"purchasable","13":"product-type-simple"},"yoast_head":"<!-- This site is optimized with the Yoast SEO plugin v27.5 - https:\/\/yoast.com\/product\/yoast-seo-wordpress\/ -->\n<title>Bourjois Contour Clubbing Waterproof Liner - Maroc Prix<\/title>\n<meta name=\"description\" content=\"Bourjois Contour Clubbing Waterproof Liner\" \/>\n<meta name=\"robots\" content=\"index, follow, max-snippet:-1, max-image-preview:large, max-video-preview:-1\" \/>\n<link rel=\"canonical\" href=\"https:\/\/vitablanca.ma\/ar\/product-2\/bourjois-contour-clubbing-waterproof-liner\/\" \/>\n<meta property=\"og:locale\" content=\"ar_AR\" \/>\n<meta property=\"og:type\" content=\"article\" \/>\n<meta property=\"og:title\" content=\"Bourjois Contour Clubbing Waterproof Liner - Maroc Prix\" \/>\n<meta property=\"og:description\" content=\"Bourjois Contour Clubbing Waterproof Liner\" \/>\n<meta property=\"og:url\" content=\"https:\/\/vitablanca.ma\/ar\/product-2\/bourjois-contour-clubbing-waterproof-liner\/\" \/>\n<meta property=\"og:site_name\" content=\"Vitablanca.ma &ndash; Sant&eacute;, vitalit&eacute; et bien-&ecirc;tre pour tous les Marocains\" \/>\n<meta property=\"article:publisher\" content=\"https:\/\/www.facebook.com\/profile.php?id=61576678196717\" \/>\n<meta property=\"og:image\" content=\"https:\/\/vitablanca.ma\/wp-content\/uploads\/2025\/05\/bourgeois_606fad89-43e8-4413-9de5-7eba89752467.jpg\" \/>\n\t<meta property=\"og:image:width\" content=\"800\" \/>\n\t<meta property=\"og:image:height\" content=\"800\" \/>\n\t<meta property=\"og:image:type\" content=\"image\/jpeg\" \/>\n<meta name=\"twitter:card\" content=\"summary_large_image\" \/>\n<meta name=\"twitter:label1\" content=\"\u0648\u0642\u062a \u0627\u0644\u0642\u0631\u0627\u0621\u0629 \u0627\u0644\u0645\u064f\u0642\u062f\u0651\u0631\" \/>\n\t<meta name=\"twitter:data1\" content=\"\u062f\u0642\u064a\u0642\u0629 \u0648\u0627\u062d\u062f\u0629\" \/>\n<script type=\"application\/ld+json\" class=\"yoast-schema-graph\">{\"@context\":\"https:\\\/\\\/schema.org\",\"@graph\":[{\"@type\":[\"WebPage\",\"ItemPage\"],\"@id\":\"https:\\\/\\\/vitablanca.ma\\\/produit\\\/bourjois-contour-clubbing-waterproof-liner\\\/\",\"url\":\"https:\\\/\\\/vitablanca.ma\\\/produit\\\/bourjois-contour-clubbing-waterproof-liner\\\/\",\"name\":\"Bourjois Contour Clubbing Waterproof Liner - Maroc Prix\",\"isPartOf\":{\"@id\":\"https:\\\/\\\/vitablanca.ma\\\/#website\"},\"primaryImageOfPage\":{\"@id\":\"https:\\\/\\\/vitablanca.ma\\\/produit\\\/bourjois-contour-clubbing-waterproof-liner\\\/#primaryimage\"},\"image\":{\"@id\":\"https:\\\/\\\/vitablanca.ma\\\/produit\\\/bourjois-contour-clubbing-waterproof-liner\\\/#primaryimage\"},\"thumbnailUrl\":\"https:\\\/\\\/vitablanca.ma\\\/wp-content\\\/uploads\\\/2025\\\/05\\\/bourgeois_606fad89-43e8-4413-9de5-7eba89752467.jpg\",\"datePublished\":\"2025-05-28T20:04:46+00:00\",\"description\":\"Bourjois Contour Clubbing Waterproof Liner\",\"breadcrumb\":{\"@id\":\"https:\\\/\\\/vitablanca.ma\\\/produit\\\/bourjois-contour-clubbing-waterproof-liner\\\/#breadcrumb\"},\"inLanguage\":\"ar\",\"potentialAction\":[{\"@type\":\"ReadAction\",\"target\":[\"https:\\\/\\\/vitablanca.ma\\\/produit\\\/bourjois-contour-clubbing-waterproof-liner\\\/\"]}]},{\"@type\":\"ImageObject\",\"inLanguage\":\"ar\",\"@id\":\"https:\\\/\\\/vitablanca.ma\\\/produit\\\/bourjois-contour-clubbing-waterproof-liner\\\/#primaryimage\",\"url\":\"https:\\\/\\\/vitablanca.ma\\\/wp-content\\\/uploads\\\/2025\\\/05\\\/bourgeois_606fad89-43e8-4413-9de5-7eba89752467.jpg\",\"contentUrl\":\"https:\\\/\\\/vitablanca.ma\\\/wp-content\\\/uploads\\\/2025\\\/05\\\/bourgeois_606fad89-43e8-4413-9de5-7eba89752467.jpg\",\"width\":800,\"height\":800},{\"@type\":\"BreadcrumbList\",\"@id\":\"https:\\\/\\\/vitablanca.ma\\\/produit\\\/bourjois-contour-clubbing-waterproof-liner\\\/#breadcrumb\",\"itemListElement\":[{\"@type\":\"ListItem\",\"position\":1,\"name\":\"Home\",\"item\":\"https:\\\/\\\/vitablanca.ma\\\/\"},{\"@type\":\"ListItem\",\"position\":2,\"name\":\"Tous Les Produits\",\"item\":\"https:\\\/\\\/vitablanca.ma\\\/tous-les-produits\\\/\"},{\"@type\":\"ListItem\",\"position\":3,\"name\":\"Bourjois Contour Clubbing Waterproof Liner\"}]},{\"@type\":\"WebSite\",\"@id\":\"https:\\\/\\\/vitablanca.ma\\\/#website\",\"url\":\"https:\\\/\\\/vitablanca.ma\\\/\",\"name\":\"VitaBlanca.ma | Compl\u00e9ments alimentaires, sant\u00e9 & beaut\u00e9 au Maroc\",\"description\":\"vendre vitamines et compl\u00e9ments premium des USA &amp; Canada, Nouvelle Z\u00e9lande,Maroc (NOW Foods, Solgar, Manuka). Livraison rapide partout au Maroc.\",\"publisher\":{\"@id\":\"https:\\\/\\\/vitablanca.ma\\\/#organization\"},\"alternateName\":\"VitaBlanca.ma\",\"potentialAction\":[{\"@type\":\"SearchAction\",\"target\":{\"@type\":\"EntryPoint\",\"urlTemplate\":\"https:\\\/\\\/vitablanca.ma\\\/?s={search_term_string}\"},\"query-input\":{\"@type\":\"PropertyValueSpecification\",\"valueRequired\":true,\"valueName\":\"search_term_string\"}}],\"inLanguage\":\"ar\"},{\"@type\":\"Organization\",\"@id\":\"https:\\\/\\\/vitablanca.ma\\\/#organization\",\"name\":\"VitaBlanca\",\"url\":\"https:\\\/\\\/vitablanca.ma\\\/\",\"logo\":{\"@type\":\"ImageObject\",\"inLanguage\":\"ar\",\"@id\":\"https:\\\/\\\/vitablanca.ma\\\/#\\\/schema\\\/logo\\\/image\\\/\",\"url\":\"https:\\\/\\\/vitablanca.ma\\\/wp-content\\\/uploads\\\/2025\\\/05\\\/cropped-vitablanca.png\",\"contentUrl\":\"https:\\\/\\\/vitablanca.ma\\\/wp-content\\\/uploads\\\/2025\\\/05\\\/cropped-vitablanca.png\",\"width\":360,\"height\":67,\"caption\":\"VitaBlanca\"},\"image\":{\"@id\":\"https:\\\/\\\/vitablanca.ma\\\/#\\\/schema\\\/logo\\\/image\\\/\"},\"sameAs\":[\"https:\\\/\\\/www.facebook.com\\\/profile.php?id=61576678196717\",\"https:\\\/\\\/www.tiktok.com\\\/@vitablanca.ma\",\"https:\\\/\\\/www.instagram.com\\\/vitablanca.ma\\\/\"]}]}<\/script>\n<!-- \/ Yoast SEO plugin. -->","yoast_head_json":{"title":"\u0628\u0648\u0631\u062c\u0648\u0627 \u0643\u0648\u0646\u062a\u0648\u0631 \u0643\u0644\u0648\u0628\u064a\u0646\u062c \u0644\u0627\u064a\u0646\u0631 \u0645\u0642\u0627\u0648\u0645 \u0644\u0644\u0645\u0627\u0621 - \u0633\u0639\u0631 \u0627\u0644\u0645\u063a\u0631\u0628","description":"\u0628\u0648\u0631\u062c\u0648\u0627 \u0643\u0648\u0646\u062a\u0648\u0631 \u0643\u0644\u0648\u0628\u064a\u0646\u062c \u0644\u0627\u064a\u0646\u0631 \u0645\u0642\u0627\u0648\u0645 \u0644\u0644\u0645\u0627\u0621","robots":{"index":"index","follow":"follow","max-snippet":"max-snippet:-1","max-image-preview":"max-image-preview:large","max-video-preview":"max-video-preview:-1"},"canonical":"https:\/\/vitablanca.ma\/ar\/product-2\/bourjois-contour-clubbing-waterproof-liner\/","og_locale":"ar_AR","og_type":"article","og_title":"Bourjois Contour Clubbing Waterproof Liner - Maroc Prix","og_description":"Bourjois Contour Clubbing Waterproof Liner","og_url":"https:\/\/vitablanca.ma\/ar\/product-2\/bourjois-contour-clubbing-waterproof-liner\/","og_site_name":"Vitablanca.ma &ndash; Sant&eacute;, vitalit&eacute; et bien-&ecirc;tre pour tous les Marocains","article_publisher":"https:\/\/www.facebook.com\/profile.php?id=61576678196717","og_image":[{"width":800,"height":800,"url":"https:\/\/vitablanca.ma\/wp-content\/uploads\/2025\/05\/bourgeois_606fad89-43e8-4413-9de5-7eba89752467.jpg","type":"image\/jpeg"}],"twitter_card":"summary_large_image","twitter_misc":{"\u0648\u0642\u062a \u0627\u0644\u0642\u0631\u0627\u0621\u0629 \u0627\u0644\u0645\u064f\u0642\u062f\u0651\u0631":"\u062f\u0642\u064a\u0642\u0629 \u0648\u0627\u062d\u062f\u0629"},"schema":{"@context":"https:\/\/schema.org","@graph":[{"@type":["WebPage","ItemPage"],"@id":"https:\/\/vitablanca.ma\/produit\/bourjois-contour-clubbing-waterproof-liner\/","url":"https:\/\/vitablanca.ma\/produit\/bourjois-contour-clubbing-waterproof-liner\/","name":"\u0628\u0648\u0631\u062c\u0648\u0627 \u0643\u0648\u0646\u062a\u0648\u0631 \u0643\u0644\u0648\u0628\u064a\u0646\u062c \u0644\u0627\u064a\u0646\u0631 \u0645\u0642\u0627\u0648\u0645 \u0644\u0644\u0645\u0627\u0621 - \u0633\u0639\u0631 \u0627\u0644\u0645\u063a\u0631\u0628","isPartOf":{"@id":"https:\/\/vitablanca.ma\/#website"},"primaryImageOfPage":{"@id":"https:\/\/vitablanca.ma\/produit\/bourjois-contour-clubbing-waterproof-liner\/#primaryimage"},"image":{"@id":"https:\/\/vitablanca.ma\/produit\/bourjois-contour-clubbing-waterproof-liner\/#primaryimage"},"thumbnailUrl":"https:\/\/vitablanca.ma\/wp-content\/uploads\/2025\/05\/bourgeois_606fad89-43e8-4413-9de5-7eba89752467.jpg","datePublished":"2025-05-28T20:04:46+00:00","description":"\u0628\u0648\u0631\u062c\u0648\u0627 \u0643\u0648\u0646\u062a\u0648\u0631 \u0643\u0644\u0648\u0628\u064a\u0646\u062c \u0644\u0627\u064a\u0646\u0631 \u0645\u0642\u0627\u0648\u0645 \u0644\u0644\u0645\u0627\u0621","breadcrumb":{"@id":"https:\/\/vitablanca.ma\/produit\/bourjois-contour-clubbing-waterproof-liner\/#breadcrumb"},"inLanguage":"ar","potentialAction":[{"@type":"ReadAction","target":["https:\/\/vitablanca.ma\/produit\/bourjois-contour-clubbing-waterproof-liner\/"]}]},{"@type":"ImageObject","inLanguage":"ar","@id":"https:\/\/vitablanca.ma\/produit\/bourjois-contour-clubbing-waterproof-liner\/#primaryimage","url":"https:\/\/vitablanca.ma\/wp-content\/uploads\/2025\/05\/bourgeois_606fad89-43e8-4413-9de5-7eba89752467.jpg","contentUrl":"https:\/\/vitablanca.ma\/wp-content\/uploads\/2025\/05\/bourgeois_606fad89-43e8-4413-9de5-7eba89752467.jpg","width":800,"height":800},{"@type":"BreadcrumbList","@id":"https:\/\/vitablanca.ma\/produit\/bourjois-contour-clubbing-waterproof-liner\/#breadcrumb","itemListElement":[{"@type":"ListItem","position":1,"name":"Home","item":"https:\/\/vitablanca.ma\/"},{"@type":"ListItem","position":2,"name":"Tous Les Produits","item":"https:\/\/vitablanca.ma\/tous-les-produits\/"},{"@type":"ListItem","position":3,"name":"Bourjois Contour Clubbing Waterproof Liner"}]},{"@type":"WebSite","@id":"https:\/\/vitablanca.ma\/#website","url":"https:\/\/vitablanca.ma\/","name":"VitaBlanca.ma | \u0627\u0644\u0645\u0643\u0645\u0644\u0627\u062a \u0627\u0644\u063a\u0630\u0627\u0626\u064a\u0629\u060c \u0627\u0644\u0635\u062d\u0629 \u0648\u0627\u0644\u062c\u0645\u0627\u0644 \u0641\u064a \u0627\u0644\u0645\u063a\u0631\u0628","description":"\u0646\u0628\u064a\u0639 \u0641\u064a\u062a\u0627\u0645\u064a\u0646\u0627\u062a \u0648\u0645\u0643\u0645\u0644\u0627\u062a \u063a\u0630\u0627\u0626\u064a\u0629 \u0641\u0627\u062e\u0631\u0629 \u0645\u0646 \u0627\u0644\u0648\u0644\u0627\u064a\u0627\u062a \u0627\u0644\u0645\u062a\u062d\u062f\u0629 \u0627\u0644\u0623\u0645\u0631\u064a\u0643\u064a\u0629 \u0648\u0643\u0646\u062f\u0627 \u0648\u0646\u064a\u0648\u0632\u064a\u0644\u0646\u062f\u0627 \u0648\u0627\u0644\u0645\u063a\u0631\u0628 (\u0646\u0627\u0648 \u0641\u0648\u062f\u0632\u060c \u0633\u0648\u0644\u062c\u0627\u0631\u060c \u0645\u0627\u0646\u0648\u0643\u0627). \u062a\u0648\u0635\u064a\u0644 \u0633\u0631\u064a\u0639 \u0625\u0644\u0649 \u062c\u0645\u064a\u0639 \u0623\u0646\u062d\u0627\u0621 \u0627\u0644\u0645\u063a\u0631\u0628.","publisher":{"@id":"https:\/\/vitablanca.ma\/#organization"},"alternateName":"VitaBlanca.ma","potentialAction":[{"@type":"SearchAction","target":{"@type":"EntryPoint","urlTemplate":"https:\/\/vitablanca.ma\/?s={search_term_string}"},"query-input":{"@type":"PropertyValueSpecification","valueRequired":true,"valueName":"search_term_string"}}],"inLanguage":"ar"},{"@type":"Organization","@id":"https:\/\/vitablanca.ma\/#organization","name":"\u0641\u064a\u062a\u0627\u0628\u0644\u0627\u0646\u0643\u0627","url":"https:\/\/vitablanca.ma\/","logo":{"@type":"ImageObject","inLanguage":"ar","@id":"https:\/\/vitablanca.ma\/#\/schema\/logo\/image\/","url":"https:\/\/vitablanca.ma\/wp-content\/uploads\/2025\/05\/cropped-vitablanca.png","contentUrl":"https:\/\/vitablanca.ma\/wp-content\/uploads\/2025\/05\/cropped-vitablanca.png","width":360,"height":67,"caption":"VitaBlanca"},"image":{"@id":"https:\/\/vitablanca.ma\/#\/schema\/logo\/image\/"},"sameAs":["https:\/\/www.facebook.com\/profile.php?id=61576678196717","https:\/\/www.tiktok.com\/@vitablanca.ma","https:\/\/www.instagram.com\/vitablanca.ma\/"]}]}},"jetpack_sharing_enabled":true,"_links":{"self":[{"href":"https:\/\/vitablanca.ma\/ar\/wp-json\/wp\/v2\/product\/10845","targetHints":{"allow":["GET"]}}],"collection":[{"href":"https:\/\/vitablanca.ma\/ar\/wp-json\/wp\/v2\/product"}],"about":[{"href":"https:\/\/vitablanca.ma\/ar\/wp-json\/wp\/v2\/types\/product"}],"wp:featuredmedia":[{"embeddable":true,"href":"https:\/\/vitablanca.ma\/ar\/wp-json\/wp\/v2\/media\/10844"}],"wp:attachment":[{"href":"https:\/\/vitablanca.ma\/ar\/wp-json\/wp\/v2\/media?parent=10845"}],"wp:term":[{"taxonomy":"product_brand","embeddable":true,"href":"https:\/\/vitablanca.ma\/ar\/wp-json\/wp\/v2\/product_brand?post=10845"},{"taxonomy":"product_cat","embeddable":true,"href":"https:\/\/vitablanca.ma\/ar\/wp-json\/wp\/v2\/product_cat?post=10845"},{"taxonomy":"product_tag","embeddable":true,"href":"https:\/\/vitablanca.ma\/ar\/wp-json\/wp\/v2\/product_tag?post=10845"}],"curies":[{"name":"wp","href":"https:\/\/api.w.org\/{rel}","templated":true}]}}