{"id":10571,"date":"2025-05-28T19:53:30","date_gmt":"2025-05-28T19:53:30","guid":{"rendered":"https:\/\/vitablanca.ma\/product\/clarins-huile-santal-peaux-seches-30-ml\/"},"modified":"2025-05-28T19:55:29","modified_gmt":"2025-05-28T19:55:29","slug":"clarins-huile-santal-peaux-seches-30-ml","status":"publish","type":"product","link":"https:\/\/vitablanca.ma\/ar\/product-2\/clarins-huile-santal-peaux-seches-30-ml\/","title":{"rendered":"\u0632\u064a\u062a \u062e\u0634\u0628 \u0627\u0644\u0635\u0646\u062f\u0644 \u0645\u0646 \u0643\u0644\u0627\u0631\u0646\u0633 \u0644\u0644\u0628\u0634\u0631\u0629 \u0627\u0644\u062c\u0627\u0641\u0629 30 \u0645\u0644"},"content":{"rendered":"<p>Clarins Huile Santal Peaux s\u00e8ches ou ros\u00e9es<\/p>\n<div>Huile visage aux extraits de plantes<\/div>\n<div>Soin nourrissant visage Clarins<\/div>\n<div><span style=\"font-size: 1.6em\"><\/span><\/div>\n<div>\n<p><strong>Clarins Huile Santal Peaux s\u00e8ches ou ros\u00e9es<br \/>Huile visage aux extraits de plantes<br \/>Soin nourrissant visage Clarins<\/strong><\/p>\n<p>Cette huile pour le visage<span>\u00a0<\/span><strong>100 % purs extraits de plantes<span>\u00a0<\/span><\/strong>est un soin confort<span>\u00a0<\/span><strong>\u0645\u0647\u062f\u0626<span>\u00a0<\/span><\/strong>\u0645\u0646 \u0627\u062c\u0644<span>\u00a0<\/span><strong>peaux s\u00e8ches \u00e0 tr\u00e8s s\u00e8ches<\/strong>. \u0627\u0644<span>\u00a0<\/span><strong>huiles essentielles de santal<\/strong>, cardamome et lavande<span>\u00a0<\/span><strong>apaisent<span>\u00a0<\/span><\/strong>\u0648<span>\u00a0<\/span><strong>stimulent<span>\u00a0<\/span><\/strong>la peau. L\u2019<strong>huile de noisette nourrissante<span>\u00a0<\/span><\/strong>pr\u00e9vient la d\u00e9shydratation, assouplit et satine la peau. P\u00e9n\u00e8tre instantan\u00e9ment.<\/p>\n<\/div>","protected":false},"excerpt":{"rendered":"<p>Clarins Huile Santal Peaux s\u00e8ches ou ros\u00e9es Huile visage aux extraits de plantes Soin nourrissant visage Clarins Clarins Huile Santal Peaux s\u00e8ches ou ros\u00e9esHuile visage aux extraits de plantesSoin nourrissant visage Clarins Cette huile pour le visage\u00a0100 % purs extraits de plantes\u00a0est un soin confort\u00a0apaisant\u00a0pour les\u00a0peaux s\u00e8ches \u00e0 tr\u00e8s s\u00e8ches. Les\u00a0huiles essentielles de santal, cardamome [&hellip;]<\/p>\n","protected":false},"featured_media":10569,"template":"","meta":{"om_disable_all_campaigns":false},"product_brand":[],"product_cat":[18,15,1186],"product_tag":[],"class_list":{"0":"post-10571","1":"product","2":"type-product","3":"status-publish","4":"has-post-thumbnail","6":"product_cat-beaute-sante","7":"product_cat-beaute-sante-complements-alimentaires-soins-et-bien-etre-au-meilleur-prix","8":"product_cat-visage","10":"first","11":"instock","12":"taxable","13":"shipping-taxable","14":"purchasable","15":"product-type-simple"},"yoast_head":"<!-- This site is optimized with the Yoast SEO plugin v27.5 - https:\/\/yoast.com\/product\/yoast-seo-wordpress\/ -->\n<title>Clarins Huile Santal Peaux s\u00e8ches 30 ml - Maroc Prix<\/title>\n<meta name=\"description\" content=\"Clarins Huile Santal Peaux s\u00e8ches 30 ml\" \/>\n<meta name=\"robots\" content=\"index, follow, max-snippet:-1, max-image-preview:large, max-video-preview:-1\" \/>\n<link rel=\"canonical\" href=\"https:\/\/vitablanca.ma\/ar\/product-2\/clarins-huile-santal-peaux-seches-30-ml\/\" \/>\n<meta property=\"og:locale\" content=\"ar_AR\" \/>\n<meta property=\"og:type\" content=\"article\" \/>\n<meta property=\"og:title\" content=\"Clarins Huile Santal Peaux s\u00e8ches 30 ml - Maroc Prix\" \/>\n<meta property=\"og:description\" content=\"Clarins Huile Santal Peaux s\u00e8ches 30 ml\" \/>\n<meta property=\"og:url\" content=\"https:\/\/vitablanca.ma\/ar\/product-2\/clarins-huile-santal-peaux-seches-30-ml\/\" \/>\n<meta property=\"og:site_name\" content=\"Vitablanca.ma &ndash; Sant&eacute;, vitalit&eacute; et bien-&ecirc;tre pour tous les Marocains\" \/>\n<meta property=\"article:publisher\" content=\"https:\/\/www.facebook.com\/profile.php?id=61576678196717\" \/>\n<meta property=\"article:modified_time\" content=\"2025-05-28T19:55:29+00:00\" \/>\n<meta property=\"og:image\" content=\"https:\/\/vitablanca.ma\/wp-content\/uploads\/2025\/05\/PicsArt_09-15-02.11.16.jpg\" \/>\n\t<meta property=\"og:image:width\" content=\"1080\" \/>\n\t<meta property=\"og:image:height\" content=\"1080\" \/>\n\t<meta property=\"og:image:type\" content=\"image\/jpeg\" \/>\n<meta name=\"twitter:card\" content=\"summary_large_image\" \/>\n<script type=\"application\/ld+json\" class=\"yoast-schema-graph\">{\"@context\":\"https:\\\/\\\/schema.org\",\"@graph\":[{\"@type\":[\"WebPage\",\"ItemPage\"],\"@id\":\"https:\\\/\\\/vitablanca.ma\\\/produit\\\/clarins-huile-santal-peaux-seches-30-ml\\\/\",\"url\":\"https:\\\/\\\/vitablanca.ma\\\/produit\\\/clarins-huile-santal-peaux-seches-30-ml\\\/\",\"name\":\"Clarins Huile Santal Peaux s\u00e8ches 30 ml - Maroc Prix\",\"isPartOf\":{\"@id\":\"https:\\\/\\\/vitablanca.ma\\\/#website\"},\"primaryImageOfPage\":{\"@id\":\"https:\\\/\\\/vitablanca.ma\\\/produit\\\/clarins-huile-santal-peaux-seches-30-ml\\\/#primaryimage\"},\"image\":{\"@id\":\"https:\\\/\\\/vitablanca.ma\\\/produit\\\/clarins-huile-santal-peaux-seches-30-ml\\\/#primaryimage\"},\"thumbnailUrl\":\"https:\\\/\\\/vitablanca.ma\\\/wp-content\\\/uploads\\\/2025\\\/05\\\/PicsArt_09-15-02.11.16.jpg\",\"datePublished\":\"2025-05-28T19:53:30+00:00\",\"dateModified\":\"2025-05-28T19:55:29+00:00\",\"description\":\"Clarins Huile Santal Peaux s\u00e8ches 30 ml\",\"breadcrumb\":{\"@id\":\"https:\\\/\\\/vitablanca.ma\\\/produit\\\/clarins-huile-santal-peaux-seches-30-ml\\\/#breadcrumb\"},\"inLanguage\":\"ar\",\"potentialAction\":[{\"@type\":\"ReadAction\",\"target\":[\"https:\\\/\\\/vitablanca.ma\\\/produit\\\/clarins-huile-santal-peaux-seches-30-ml\\\/\"]}]},{\"@type\":\"ImageObject\",\"inLanguage\":\"ar\",\"@id\":\"https:\\\/\\\/vitablanca.ma\\\/produit\\\/clarins-huile-santal-peaux-seches-30-ml\\\/#primaryimage\",\"url\":\"https:\\\/\\\/vitablanca.ma\\\/wp-content\\\/uploads\\\/2025\\\/05\\\/PicsArt_09-15-02.11.16.jpg\",\"contentUrl\":\"https:\\\/\\\/vitablanca.ma\\\/wp-content\\\/uploads\\\/2025\\\/05\\\/PicsArt_09-15-02.11.16.jpg\",\"width\":1080,\"height\":1080},{\"@type\":\"BreadcrumbList\",\"@id\":\"https:\\\/\\\/vitablanca.ma\\\/produit\\\/clarins-huile-santal-peaux-seches-30-ml\\\/#breadcrumb\",\"itemListElement\":[{\"@type\":\"ListItem\",\"position\":1,\"name\":\"Home\",\"item\":\"https:\\\/\\\/vitablanca.ma\\\/\"},{\"@type\":\"ListItem\",\"position\":2,\"name\":\"Tous Les Produits\",\"item\":\"https:\\\/\\\/vitablanca.ma\\\/tous-les-produits\\\/\"},{\"@type\":\"ListItem\",\"position\":3,\"name\":\"Clarins Huile Santal Peaux s\u00e8ches 30 ml\"}]},{\"@type\":\"WebSite\",\"@id\":\"https:\\\/\\\/vitablanca.ma\\\/#website\",\"url\":\"https:\\\/\\\/vitablanca.ma\\\/\",\"name\":\"VitaBlanca.ma | Compl\u00e9ments alimentaires, sant\u00e9 & beaut\u00e9 au Maroc\",\"description\":\"vendre vitamines et compl\u00e9ments premium des USA &amp; Canada, Nouvelle Z\u00e9lande,Maroc (NOW Foods, Solgar, Manuka). Livraison rapide partout au Maroc.\",\"publisher\":{\"@id\":\"https:\\\/\\\/vitablanca.ma\\\/#organization\"},\"alternateName\":\"VitaBlanca.ma\",\"potentialAction\":[{\"@type\":\"SearchAction\",\"target\":{\"@type\":\"EntryPoint\",\"urlTemplate\":\"https:\\\/\\\/vitablanca.ma\\\/?s={search_term_string}\"},\"query-input\":{\"@type\":\"PropertyValueSpecification\",\"valueRequired\":true,\"valueName\":\"search_term_string\"}}],\"inLanguage\":\"ar\"},{\"@type\":\"Organization\",\"@id\":\"https:\\\/\\\/vitablanca.ma\\\/#organization\",\"name\":\"VitaBlanca\",\"url\":\"https:\\\/\\\/vitablanca.ma\\\/\",\"logo\":{\"@type\":\"ImageObject\",\"inLanguage\":\"ar\",\"@id\":\"https:\\\/\\\/vitablanca.ma\\\/#\\\/schema\\\/logo\\\/image\\\/\",\"url\":\"https:\\\/\\\/vitablanca.ma\\\/wp-content\\\/uploads\\\/2025\\\/05\\\/cropped-vitablanca.png\",\"contentUrl\":\"https:\\\/\\\/vitablanca.ma\\\/wp-content\\\/uploads\\\/2025\\\/05\\\/cropped-vitablanca.png\",\"width\":360,\"height\":67,\"caption\":\"VitaBlanca\"},\"image\":{\"@id\":\"https:\\\/\\\/vitablanca.ma\\\/#\\\/schema\\\/logo\\\/image\\\/\"},\"sameAs\":[\"https:\\\/\\\/www.facebook.com\\\/profile.php?id=61576678196717\",\"https:\\\/\\\/www.tiktok.com\\\/@vitablanca.ma\",\"https:\\\/\\\/www.instagram.com\\\/vitablanca.ma\\\/\"]}]}<\/script>\n<!-- \/ Yoast SEO plugin. -->","yoast_head_json":{"title":"Clarins Huile Santal Peaux s\u00e8ches 30 ml - Maroc Prix","description":"\u0632\u064a\u062a \u062e\u0634\u0628 \u0627\u0644\u0635\u0646\u062f\u0644 \u0645\u0646 \u0643\u0644\u0627\u0631\u0646\u0633 \u0644\u0644\u0628\u0634\u0631\u0629 \u0627\u0644\u062c\u0627\u0641\u0629 30 \u0645\u0644","robots":{"index":"index","follow":"follow","max-snippet":"max-snippet:-1","max-image-preview":"max-image-preview:large","max-video-preview":"max-video-preview:-1"},"canonical":"https:\/\/vitablanca.ma\/ar\/product-2\/clarins-huile-santal-peaux-seches-30-ml\/","og_locale":"ar_AR","og_type":"article","og_title":"Clarins Huile Santal Peaux s\u00e8ches 30 ml - Maroc Prix","og_description":"Clarins Huile Santal Peaux s\u00e8ches 30 ml","og_url":"https:\/\/vitablanca.ma\/ar\/product-2\/clarins-huile-santal-peaux-seches-30-ml\/","og_site_name":"Vitablanca.ma &ndash; Sant&eacute;, vitalit&eacute; et bien-&ecirc;tre pour tous les Marocains","article_publisher":"https:\/\/www.facebook.com\/profile.php?id=61576678196717","article_modified_time":"2025-05-28T19:55:29+00:00","og_image":[{"width":1080,"height":1080,"url":"https:\/\/vitablanca.ma\/wp-content\/uploads\/2025\/05\/PicsArt_09-15-02.11.16.jpg","type":"image\/jpeg"}],"twitter_card":"summary_large_image","schema":{"@context":"https:\/\/schema.org","@graph":[{"@type":["WebPage","ItemPage"],"@id":"https:\/\/vitablanca.ma\/produit\/clarins-huile-santal-peaux-seches-30-ml\/","url":"https:\/\/vitablanca.ma\/produit\/clarins-huile-santal-peaux-seches-30-ml\/","name":"Clarins Huile Santal Peaux s\u00e8ches 30 ml - Maroc Prix","isPartOf":{"@id":"https:\/\/vitablanca.ma\/#website"},"primaryImageOfPage":{"@id":"https:\/\/vitablanca.ma\/produit\/clarins-huile-santal-peaux-seches-30-ml\/#primaryimage"},"image":{"@id":"https:\/\/vitablanca.ma\/produit\/clarins-huile-santal-peaux-seches-30-ml\/#primaryimage"},"thumbnailUrl":"https:\/\/vitablanca.ma\/wp-content\/uploads\/2025\/05\/PicsArt_09-15-02.11.16.jpg","datePublished":"2025-05-28T19:53:30+00:00","dateModified":"2025-05-28T19:55:29+00:00","description":"\u0632\u064a\u062a \u062e\u0634\u0628 \u0627\u0644\u0635\u0646\u062f\u0644 \u0645\u0646 \u0643\u0644\u0627\u0631\u0646\u0633 \u0644\u0644\u0628\u0634\u0631\u0629 \u0627\u0644\u062c\u0627\u0641\u0629 30 \u0645\u0644","breadcrumb":{"@id":"https:\/\/vitablanca.ma\/produit\/clarins-huile-santal-peaux-seches-30-ml\/#breadcrumb"},"inLanguage":"ar","potentialAction":[{"@type":"ReadAction","target":["https:\/\/vitablanca.ma\/produit\/clarins-huile-santal-peaux-seches-30-ml\/"]}]},{"@type":"ImageObject","inLanguage":"ar","@id":"https:\/\/vitablanca.ma\/produit\/clarins-huile-santal-peaux-seches-30-ml\/#primaryimage","url":"https:\/\/vitablanca.ma\/wp-content\/uploads\/2025\/05\/PicsArt_09-15-02.11.16.jpg","contentUrl":"https:\/\/vitablanca.ma\/wp-content\/uploads\/2025\/05\/PicsArt_09-15-02.11.16.jpg","width":1080,"height":1080},{"@type":"BreadcrumbList","@id":"https:\/\/vitablanca.ma\/produit\/clarins-huile-santal-peaux-seches-30-ml\/#breadcrumb","itemListElement":[{"@type":"ListItem","position":1,"name":"Home","item":"https:\/\/vitablanca.ma\/"},{"@type":"ListItem","position":2,"name":"Tous Les Produits","item":"https:\/\/vitablanca.ma\/tous-les-produits\/"},{"@type":"ListItem","position":3,"name":"Clarins Huile Santal Peaux s\u00e8ches 30 ml"}]},{"@type":"WebSite","@id":"https:\/\/vitablanca.ma\/#website","url":"https:\/\/vitablanca.ma\/","name":"VitaBlanca.ma | \u0627\u0644\u0645\u0643\u0645\u0644\u0627\u062a \u0627\u0644\u063a\u0630\u0627\u0626\u064a\u0629\u060c \u0627\u0644\u0635\u062d\u0629 \u0648\u0627\u0644\u062c\u0645\u0627\u0644 \u0641\u064a \u0627\u0644\u0645\u063a\u0631\u0628","description":"\u0646\u0628\u064a\u0639 \u0641\u064a\u062a\u0627\u0645\u064a\u0646\u0627\u062a \u0648\u0645\u0643\u0645\u0644\u0627\u062a \u063a\u0630\u0627\u0626\u064a\u0629 \u0641\u0627\u062e\u0631\u0629 \u0645\u0646 \u0627\u0644\u0648\u0644\u0627\u064a\u0627\u062a \u0627\u0644\u0645\u062a\u062d\u062f\u0629 \u0627\u0644\u0623\u0645\u0631\u064a\u0643\u064a\u0629 \u0648\u0643\u0646\u062f\u0627 \u0648\u0646\u064a\u0648\u0632\u064a\u0644\u0646\u062f\u0627 \u0648\u0627\u0644\u0645\u063a\u0631\u0628 (\u0646\u0627\u0648 \u0641\u0648\u062f\u0632\u060c \u0633\u0648\u0644\u062c\u0627\u0631\u060c \u0645\u0627\u0646\u0648\u0643\u0627). \u062a\u0648\u0635\u064a\u0644 \u0633\u0631\u064a\u0639 \u0625\u0644\u0649 \u062c\u0645\u064a\u0639 \u0623\u0646\u062d\u0627\u0621 \u0627\u0644\u0645\u063a\u0631\u0628.","publisher":{"@id":"https:\/\/vitablanca.ma\/#organization"},"alternateName":"VitaBlanca.ma","potentialAction":[{"@type":"SearchAction","target":{"@type":"EntryPoint","urlTemplate":"https:\/\/vitablanca.ma\/?s={search_term_string}"},"query-input":{"@type":"PropertyValueSpecification","valueRequired":true,"valueName":"search_term_string"}}],"inLanguage":"ar"},{"@type":"Organization","@id":"https:\/\/vitablanca.ma\/#organization","name":"\u0641\u064a\u062a\u0627\u0628\u0644\u0627\u0646\u0643\u0627","url":"https:\/\/vitablanca.ma\/","logo":{"@type":"ImageObject","inLanguage":"ar","@id":"https:\/\/vitablanca.ma\/#\/schema\/logo\/image\/","url":"https:\/\/vitablanca.ma\/wp-content\/uploads\/2025\/05\/cropped-vitablanca.png","contentUrl":"https:\/\/vitablanca.ma\/wp-content\/uploads\/2025\/05\/cropped-vitablanca.png","width":360,"height":67,"caption":"VitaBlanca"},"image":{"@id":"https:\/\/vitablanca.ma\/#\/schema\/logo\/image\/"},"sameAs":["https:\/\/www.facebook.com\/profile.php?id=61576678196717","https:\/\/www.tiktok.com\/@vitablanca.ma","https:\/\/www.instagram.com\/vitablanca.ma\/"]}]}},"jetpack_sharing_enabled":true,"_links":{"self":[{"href":"https:\/\/vitablanca.ma\/ar\/wp-json\/wp\/v2\/product\/10571","targetHints":{"allow":["GET"]}}],"collection":[{"href":"https:\/\/vitablanca.ma\/ar\/wp-json\/wp\/v2\/product"}],"about":[{"href":"https:\/\/vitablanca.ma\/ar\/wp-json\/wp\/v2\/types\/product"}],"wp:featuredmedia":[{"embeddable":true,"href":"https:\/\/vitablanca.ma\/ar\/wp-json\/wp\/v2\/media\/10569"}],"wp:attachment":[{"href":"https:\/\/vitablanca.ma\/ar\/wp-json\/wp\/v2\/media?parent=10571"}],"wp:term":[{"taxonomy":"product_brand","embeddable":true,"href":"https:\/\/vitablanca.ma\/ar\/wp-json\/wp\/v2\/product_brand?post=10571"},{"taxonomy":"product_cat","embeddable":true,"href":"https:\/\/vitablanca.ma\/ar\/wp-json\/wp\/v2\/product_cat?post=10571"},{"taxonomy":"product_tag","embeddable":true,"href":"https:\/\/vitablanca.ma\/ar\/wp-json\/wp\/v2\/product_tag?post=10571"}],"curies":[{"name":"wp","href":"https:\/\/api.w.org\/{rel}","templated":true}]}}