{"id":10529,"date":"2025-05-28T19:52:06","date_gmt":"2025-05-28T19:52:06","guid":{"rendered":"https:\/\/vitablanca.ma\/product\/qa-snow-algae-intensive-face-cream\/"},"modified":"2026-03-19T13:19:59","modified_gmt":"2026-03-19T13:19:59","slug":"qa-snow-algae-intensive-face-cream","status":"publish","type":"product","link":"https:\/\/vitablanca.ma\/ar\/product-2\/qa-snow-algae-intensive-face-cream\/","title":{"rendered":"Q+A Snow Algae Intensive Face Cream"},"content":{"rendered":"<h5>\u0641\u0648\u0627\u0626\u062f<\/h5>\n<p>Mettez fin \u00e0 la peau s\u00e8che avec notre Cr\u00e8me Visage Intensive Snow Algae! Cette cr\u00e8me intensive et ultra-nourrissante aide \u00e0 renouveler et reconstituer votre teint. Ciblant \u00e0 la fois les couches externes et profondes de la peau, cette formule riche aide \u00e0 vous garder jeune et prot\u00e9g\u00e9 des \u00e9l\u00e9ments.<\/p>\n<h3>\u0642\u0627\u0626\u0645\u0629 \u0627\u0644\u062a\u062d\u0642\u0642 \u0644\u0644\u0639\u0646\u0627\u064a\u0629 \u0628\u0627\u0644\u0628\u0634\u0631\u0629<\/h3>\n<div style=\"text-align: left\"><img decoding=\"async\" src=\"https:\/\/cdn.shopify.com\/s\/files\/1\/0091\/3699\/6403\/files\/Snow_Algae_Intensive_Face_Cream_copy_1024x1024.jpg?v=1639669471\" alt=\"Checklist type de peau pour Cr\u00e8me Visage Snow Algae Q+A\" style=\"float: none\"><\/div>\n<p>98,4% Formule Naturelle \ud83c\udf38 Cruelty-Free \ud83d\udc07 Fragrance-Free \ud83c\udf08 Vegan-Friendly \ud83c\udf31<br \/><strong><br \/>Comment utiliser la Cr\u00e8me Visage Intensive Snow Algae?<\/strong> Appliquer avec parcimonie sur une peau propre. Peut \u00eatre utilis\u00e9e comme cr\u00e8me de jour ou de nuit.<\/p>\n<h5>\u0627\u0644\u0645\u0643\u0648\u0646\u0627\u062a \u0627\u0644\u0631\u0626\u064a\u0633\u064a\u0629<\/h5>\n<h3>Snow Algae \u2744\ufe0f<\/h3>\n<p>Le froid ralentit le vieillissement, et la Snow Algae ne fait pas exception! Elle ralentit la d\u00e9gradation des cellules de collag\u00e8ne et aide \u00e0 rajeunir votre peau au niveau cellulaire pour un teint plus fort et plus sain. L\u2019ingr\u00e9dient revitalisant ultime pour les peaux s\u00e8ches et matures!<\/p>\n<h3>Acide Hyaluronique \ud83d\udca7<\/h3>\n<p>Ne laissez pas le mot \u2018acide\u2019 vous effrayer! L\u2019acide hyaluronique rajeunit, hydrate et favorise une peau saine. Il est \u00e9galement r\u00e9put\u00e9 pour ses propri\u00e9t\u00e9s anti-\u00e2ge, ce qui en fait un ingr\u00e9dient cl\u00e9 pour les peaux matures.<\/p>\n<h3>Beurre de Karit\u00e9 \ud83c\udf30<\/h3>\n<p>Le beurre de karit\u00e9 procure \u00e0 votre peau une nutrition en profondeur, hydratant m\u00eame les peaux les plus s\u00e8ches. La haute concentration en acides gras naturels en fait un excellent adoucissant pour la peau.<\/p>\n<h5>\u0645\u0639\u0644\u0648\u0645\u0627\u062a \u0627\u0644\u0645\u0646\u062a\u062c<\/h5>\n<p><strong>\u0645\u0642\u0627\u0633:<\/strong> 50g<\/p>\n<p>\u0635\u064f\u0646\u0639 \u0641\u064a \u0627\u0644\u0645\u0645\u0644\u0643\u0629 \u0627\u0644\u0645\u062a\u062d\u062f\u0629.<\/p>\n<p>\u0647\u0630\u0627 \u0627\u0644\u0645\u0646\u062a\u062c \u0645\u0646\u0627\u0633\u0628 \u0644\u0644\u0646\u0628\u0627\u062a\u064a\u064a\u0646. \u0645\u0646\u062a\u062c\u0627\u062a Q+A \u0644\u0645 \u062a\u064f\u062c\u0631\u064e\u0651\u0628 \u0639\u0644\u0649 \u0627\u0644\u062d\u064a\u0648\u0627\u0646\u0627\u062a\u060c \u0648\u0644\u0646 \u062a\u064f\u062c\u0631\u064e\u0651\u0628 \u0623\u0628\u062f\u064b\u0627.<\/p>\n<p><strong>\u0643\u064a\u0641\u064a\u0629 \u0625\u0639\u0627\u062f\u0629 \u0627\u0644\u062a\u062f\u0648\u064a\u0631:<\/strong> Retirez votre pot de l\u2019emballage. Nos cartons sont 100% recyclables et peuvent \u00eatre \u00e9limin\u00e9s dans votre recyclage domestique. S\u00e9parez le couvercle et le pot, nettoyez et s\u00e9chez. Nos couvercles et pots sont 100% recyclables et peuvent \u00eatre \u00e9limin\u00e9s dans votre recyclage domestique.<\/p>\n<p><em><strong>\u0645\u0643\u0648\u0646\u0627\u062a:<\/strong> Aqua (Eau), Huile de Graine de Helianthus Annuus (Tournesol), Triglyc\u00e9ride Caprylique\/Caprique, Alcool C\u00e9t\u00e9arylique, St\u00e9arate de Glyc\u00e9ryle, Huile de Graine de Simmondsia Chinensis (Jojoba), Beurre de Butyrospermum Parkii (Karit\u00e9), Maltodextrine, Glyc\u00e9rine, Jus de Feuille d\u2019Aloe Barbadensis (Aloe Vera), Hyaluronate de Sodium, Extrait de Coenochloris Signiensis, L\u00e9cithine, Gomme Xanthane, Acide D\u00e9hydroac\u00e9tique, Glutamate de Sodium Stearoyl, Coco-Glucoside, Alcool de Noix de Coco, Extrait de Fleur de Lonicera Caprifolium (Ch\u00e8vrefeuille), Extrait de Fleur de Lonicera Japonica (Ch\u00e8vrefeuille), Alcool Benzylique, Tocoph\u00e9rol, Benzoate de Sodium, Acide Citrique.<\/em><\/p>","protected":false},"excerpt":{"rendered":"<p>Avantages Mettez fin \u00e0 la peau s\u00e8che avec notre Cr\u00e8me Visage Intensive Snow Algae! Cette cr\u00e8me intensive et ultra-nourrissante aide \u00e0 renouveler et reconstituer votre teint. Ciblant \u00e0 la fois les couches externes et profondes de la peau, cette formule riche aide \u00e0 vous garder jeune et prot\u00e9g\u00e9 des \u00e9l\u00e9ments. Checklist Soins de la Peau [&hellip;]<\/p>\n","protected":false},"featured_media":10524,"template":"","meta":{"om_disable_all_campaigns":false},"product_brand":[4357],"product_cat":[18,1186],"product_tag":[],"class_list":{"0":"post-10529","1":"product","2":"type-product","3":"status-publish","4":"has-post-thumbnail","6":"product_brand-qa-maroc-prix-para","7":"product_cat-beaute-sante","8":"product_cat-visage","10":"first","11":"outofstock","12":"taxable","13":"shipping-taxable","14":"purchasable","15":"product-type-simple"},"yoast_head":"<!-- This site is optimized with the Yoast SEO plugin v27.5 - https:\/\/yoast.com\/product\/yoast-seo-wordpress\/ -->\n<title>Q+A Snow Algae Intensive Face Cream - Maroc Prix<\/title>\n<meta name=\"description\" content=\"Q+A Snow Algae Intensive Face Cream\" \/>\n<meta name=\"robots\" content=\"index, follow, max-snippet:-1, max-image-preview:large, max-video-preview:-1\" \/>\n<link rel=\"canonical\" href=\"https:\/\/vitablanca.ma\/ar\/product-2\/qa-snow-algae-intensive-face-cream\/\" \/>\n<meta property=\"og:locale\" content=\"ar_AR\" \/>\n<meta property=\"og:type\" content=\"article\" \/>\n<meta property=\"og:title\" content=\"Q+A Snow Algae Intensive Face Cream - Maroc Prix\" \/>\n<meta property=\"og:description\" content=\"Q+A Snow Algae Intensive Face Cream\" \/>\n<meta property=\"og:url\" content=\"https:\/\/vitablanca.ma\/ar\/product-2\/qa-snow-algae-intensive-face-cream\/\" \/>\n<meta property=\"og:site_name\" content=\"Vitablanca.ma &ndash; Sant&eacute;, vitalit&eacute; et bien-&ecirc;tre pour tous les Marocains\" \/>\n<meta property=\"article:publisher\" content=\"https:\/\/www.facebook.com\/profile.php?id=61576678196717\" \/>\n<meta property=\"article:modified_time\" content=\"2026-03-19T13:19:59+00:00\" \/>\n<meta property=\"og:image\" content=\"https:\/\/vitablanca.ma\/wp-content\/uploads\/2025\/05\/SnowAlgaeJar_Carton_dfa1a4a8-f7d9-4a1a-81a1-1bd104d4c93c.jpg\" \/>\n\t<meta property=\"og:image:width\" content=\"2000\" \/>\n\t<meta property=\"og:image:height\" content=\"2000\" \/>\n\t<meta property=\"og:image:type\" content=\"image\/jpeg\" \/>\n<meta name=\"twitter:card\" content=\"summary_large_image\" \/>\n<meta name=\"twitter:label1\" content=\"\u0648\u0642\u062a \u0627\u0644\u0642\u0631\u0627\u0621\u0629 \u0627\u0644\u0645\u064f\u0642\u062f\u0651\u0631\" \/>\n\t<meta name=\"twitter:data1\" content=\"\u062f\u0642\u064a\u0642\u062a\u0627\u0646\" \/>\n<script type=\"application\/ld+json\" class=\"yoast-schema-graph\">{\"@context\":\"https:\\\/\\\/schema.org\",\"@graph\":[{\"@type\":[\"WebPage\",\"ItemPage\"],\"@id\":\"https:\\\/\\\/vitablanca.ma\\\/produit\\\/qa-snow-algae-intensive-face-cream\\\/\",\"url\":\"https:\\\/\\\/vitablanca.ma\\\/produit\\\/qa-snow-algae-intensive-face-cream\\\/\",\"name\":\"Q+A Snow Algae Intensive Face Cream - Maroc Prix\",\"isPartOf\":{\"@id\":\"https:\\\/\\\/vitablanca.ma\\\/#website\"},\"primaryImageOfPage\":{\"@id\":\"https:\\\/\\\/vitablanca.ma\\\/produit\\\/qa-snow-algae-intensive-face-cream\\\/#primaryimage\"},\"image\":{\"@id\":\"https:\\\/\\\/vitablanca.ma\\\/produit\\\/qa-snow-algae-intensive-face-cream\\\/#primaryimage\"},\"thumbnailUrl\":\"https:\\\/\\\/vitablanca.ma\\\/wp-content\\\/uploads\\\/2025\\\/05\\\/SnowAlgaeJar_Carton_dfa1a4a8-f7d9-4a1a-81a1-1bd104d4c93c.jpg\",\"datePublished\":\"2025-05-28T19:52:06+00:00\",\"dateModified\":\"2026-03-19T13:19:59+00:00\",\"description\":\"Q+A Snow Algae Intensive Face Cream\",\"breadcrumb\":{\"@id\":\"https:\\\/\\\/vitablanca.ma\\\/produit\\\/qa-snow-algae-intensive-face-cream\\\/#breadcrumb\"},\"inLanguage\":\"ar\",\"potentialAction\":[{\"@type\":\"ReadAction\",\"target\":[\"https:\\\/\\\/vitablanca.ma\\\/produit\\\/qa-snow-algae-intensive-face-cream\\\/\"]}]},{\"@type\":\"ImageObject\",\"inLanguage\":\"ar\",\"@id\":\"https:\\\/\\\/vitablanca.ma\\\/produit\\\/qa-snow-algae-intensive-face-cream\\\/#primaryimage\",\"url\":\"https:\\\/\\\/vitablanca.ma\\\/wp-content\\\/uploads\\\/2025\\\/05\\\/SnowAlgaeJar_Carton_dfa1a4a8-f7d9-4a1a-81a1-1bd104d4c93c.jpg\",\"contentUrl\":\"https:\\\/\\\/vitablanca.ma\\\/wp-content\\\/uploads\\\/2025\\\/05\\\/SnowAlgaeJar_Carton_dfa1a4a8-f7d9-4a1a-81a1-1bd104d4c93c.jpg\",\"width\":2000,\"height\":2000},{\"@type\":\"BreadcrumbList\",\"@id\":\"https:\\\/\\\/vitablanca.ma\\\/produit\\\/qa-snow-algae-intensive-face-cream\\\/#breadcrumb\",\"itemListElement\":[{\"@type\":\"ListItem\",\"position\":1,\"name\":\"Home\",\"item\":\"https:\\\/\\\/vitablanca.ma\\\/\"},{\"@type\":\"ListItem\",\"position\":2,\"name\":\"Tous Les Produits\",\"item\":\"https:\\\/\\\/vitablanca.ma\\\/tous-les-produits\\\/\"},{\"@type\":\"ListItem\",\"position\":3,\"name\":\"Q+A Snow Algae Intensive Face Cream\"}]},{\"@type\":\"WebSite\",\"@id\":\"https:\\\/\\\/vitablanca.ma\\\/#website\",\"url\":\"https:\\\/\\\/vitablanca.ma\\\/\",\"name\":\"VitaBlanca.ma | Compl\u00e9ments alimentaires, sant\u00e9 & beaut\u00e9 au Maroc\",\"description\":\"vendre vitamines et compl\u00e9ments premium des USA &amp; Canada, Nouvelle Z\u00e9lande,Maroc (NOW Foods, Solgar, Manuka). Livraison rapide partout au Maroc.\",\"publisher\":{\"@id\":\"https:\\\/\\\/vitablanca.ma\\\/#organization\"},\"alternateName\":\"VitaBlanca.ma\",\"potentialAction\":[{\"@type\":\"SearchAction\",\"target\":{\"@type\":\"EntryPoint\",\"urlTemplate\":\"https:\\\/\\\/vitablanca.ma\\\/?s={search_term_string}\"},\"query-input\":{\"@type\":\"PropertyValueSpecification\",\"valueRequired\":true,\"valueName\":\"search_term_string\"}}],\"inLanguage\":\"ar\"},{\"@type\":\"Organization\",\"@id\":\"https:\\\/\\\/vitablanca.ma\\\/#organization\",\"name\":\"VitaBlanca\",\"url\":\"https:\\\/\\\/vitablanca.ma\\\/\",\"logo\":{\"@type\":\"ImageObject\",\"inLanguage\":\"ar\",\"@id\":\"https:\\\/\\\/vitablanca.ma\\\/#\\\/schema\\\/logo\\\/image\\\/\",\"url\":\"https:\\\/\\\/vitablanca.ma\\\/wp-content\\\/uploads\\\/2025\\\/05\\\/cropped-vitablanca.png\",\"contentUrl\":\"https:\\\/\\\/vitablanca.ma\\\/wp-content\\\/uploads\\\/2025\\\/05\\\/cropped-vitablanca.png\",\"width\":360,\"height\":67,\"caption\":\"VitaBlanca\"},\"image\":{\"@id\":\"https:\\\/\\\/vitablanca.ma\\\/#\\\/schema\\\/logo\\\/image\\\/\"},\"sameAs\":[\"https:\\\/\\\/www.facebook.com\\\/profile.php?id=61576678196717\",\"https:\\\/\\\/www.tiktok.com\\\/@vitablanca.ma\",\"https:\\\/\\\/www.instagram.com\\\/vitablanca.ma\\\/\"]}]}<\/script>\n<!-- \/ Yoast SEO plugin. -->","yoast_head_json":{"title":"Q+A Snow Algae Intensive Face Cream - Maroc Prix","description":"Q+A Snow Algae Intensive Face Cream","robots":{"index":"index","follow":"follow","max-snippet":"max-snippet:-1","max-image-preview":"max-image-preview:large","max-video-preview":"max-video-preview:-1"},"canonical":"https:\/\/vitablanca.ma\/ar\/product-2\/qa-snow-algae-intensive-face-cream\/","og_locale":"ar_AR","og_type":"article","og_title":"Q+A Snow Algae Intensive Face Cream - Maroc Prix","og_description":"Q+A Snow Algae Intensive Face Cream","og_url":"https:\/\/vitablanca.ma\/ar\/product-2\/qa-snow-algae-intensive-face-cream\/","og_site_name":"Vitablanca.ma &ndash; Sant&eacute;, vitalit&eacute; et bien-&ecirc;tre pour tous les Marocains","article_publisher":"https:\/\/www.facebook.com\/profile.php?id=61576678196717","article_modified_time":"2026-03-19T13:19:59+00:00","og_image":[{"width":2000,"height":2000,"url":"https:\/\/vitablanca.ma\/wp-content\/uploads\/2025\/05\/SnowAlgaeJar_Carton_dfa1a4a8-f7d9-4a1a-81a1-1bd104d4c93c.jpg","type":"image\/jpeg"}],"twitter_card":"summary_large_image","twitter_misc":{"\u0648\u0642\u062a \u0627\u0644\u0642\u0631\u0627\u0621\u0629 \u0627\u0644\u0645\u064f\u0642\u062f\u0651\u0631":"\u062f\u0642\u064a\u0642\u062a\u0627\u0646"},"schema":{"@context":"https:\/\/schema.org","@graph":[{"@type":["WebPage","ItemPage"],"@id":"https:\/\/vitablanca.ma\/produit\/qa-snow-algae-intensive-face-cream\/","url":"https:\/\/vitablanca.ma\/produit\/qa-snow-algae-intensive-face-cream\/","name":"Q+A Snow Algae Intensive Face Cream - Maroc Prix","isPartOf":{"@id":"https:\/\/vitablanca.ma\/#website"},"primaryImageOfPage":{"@id":"https:\/\/vitablanca.ma\/produit\/qa-snow-algae-intensive-face-cream\/#primaryimage"},"image":{"@id":"https:\/\/vitablanca.ma\/produit\/qa-snow-algae-intensive-face-cream\/#primaryimage"},"thumbnailUrl":"https:\/\/vitablanca.ma\/wp-content\/uploads\/2025\/05\/SnowAlgaeJar_Carton_dfa1a4a8-f7d9-4a1a-81a1-1bd104d4c93c.jpg","datePublished":"2025-05-28T19:52:06+00:00","dateModified":"2026-03-19T13:19:59+00:00","description":"Q+A Snow Algae Intensive Face Cream","breadcrumb":{"@id":"https:\/\/vitablanca.ma\/produit\/qa-snow-algae-intensive-face-cream\/#breadcrumb"},"inLanguage":"ar","potentialAction":[{"@type":"ReadAction","target":["https:\/\/vitablanca.ma\/produit\/qa-snow-algae-intensive-face-cream\/"]}]},{"@type":"ImageObject","inLanguage":"ar","@id":"https:\/\/vitablanca.ma\/produit\/qa-snow-algae-intensive-face-cream\/#primaryimage","url":"https:\/\/vitablanca.ma\/wp-content\/uploads\/2025\/05\/SnowAlgaeJar_Carton_dfa1a4a8-f7d9-4a1a-81a1-1bd104d4c93c.jpg","contentUrl":"https:\/\/vitablanca.ma\/wp-content\/uploads\/2025\/05\/SnowAlgaeJar_Carton_dfa1a4a8-f7d9-4a1a-81a1-1bd104d4c93c.jpg","width":2000,"height":2000},{"@type":"BreadcrumbList","@id":"https:\/\/vitablanca.ma\/produit\/qa-snow-algae-intensive-face-cream\/#breadcrumb","itemListElement":[{"@type":"ListItem","position":1,"name":"Home","item":"https:\/\/vitablanca.ma\/"},{"@type":"ListItem","position":2,"name":"Tous Les Produits","item":"https:\/\/vitablanca.ma\/tous-les-produits\/"},{"@type":"ListItem","position":3,"name":"Q+A Snow Algae Intensive Face Cream"}]},{"@type":"WebSite","@id":"https:\/\/vitablanca.ma\/#website","url":"https:\/\/vitablanca.ma\/","name":"VitaBlanca.ma | \u0627\u0644\u0645\u0643\u0645\u0644\u0627\u062a \u0627\u0644\u063a\u0630\u0627\u0626\u064a\u0629\u060c \u0627\u0644\u0635\u062d\u0629 \u0648\u0627\u0644\u062c\u0645\u0627\u0644 \u0641\u064a \u0627\u0644\u0645\u063a\u0631\u0628","description":"\u0646\u0628\u064a\u0639 \u0641\u064a\u062a\u0627\u0645\u064a\u0646\u0627\u062a \u0648\u0645\u0643\u0645\u0644\u0627\u062a \u063a\u0630\u0627\u0626\u064a\u0629 \u0641\u0627\u062e\u0631\u0629 \u0645\u0646 \u0627\u0644\u0648\u0644\u0627\u064a\u0627\u062a \u0627\u0644\u0645\u062a\u062d\u062f\u0629 \u0627\u0644\u0623\u0645\u0631\u064a\u0643\u064a\u0629 \u0648\u0643\u0646\u062f\u0627 \u0648\u0646\u064a\u0648\u0632\u064a\u0644\u0646\u062f\u0627 \u0648\u0627\u0644\u0645\u063a\u0631\u0628 (\u0646\u0627\u0648 \u0641\u0648\u062f\u0632\u060c \u0633\u0648\u0644\u062c\u0627\u0631\u060c \u0645\u0627\u0646\u0648\u0643\u0627). \u062a\u0648\u0635\u064a\u0644 \u0633\u0631\u064a\u0639 \u0625\u0644\u0649 \u062c\u0645\u064a\u0639 \u0623\u0646\u062d\u0627\u0621 \u0627\u0644\u0645\u063a\u0631\u0628.","publisher":{"@id":"https:\/\/vitablanca.ma\/#organization"},"alternateName":"VitaBlanca.ma","potentialAction":[{"@type":"SearchAction","target":{"@type":"EntryPoint","urlTemplate":"https:\/\/vitablanca.ma\/?s={search_term_string}"},"query-input":{"@type":"PropertyValueSpecification","valueRequired":true,"valueName":"search_term_string"}}],"inLanguage":"ar"},{"@type":"Organization","@id":"https:\/\/vitablanca.ma\/#organization","name":"\u0641\u064a\u062a\u0627\u0628\u0644\u0627\u0646\u0643\u0627","url":"https:\/\/vitablanca.ma\/","logo":{"@type":"ImageObject","inLanguage":"ar","@id":"https:\/\/vitablanca.ma\/#\/schema\/logo\/image\/","url":"https:\/\/vitablanca.ma\/wp-content\/uploads\/2025\/05\/cropped-vitablanca.png","contentUrl":"https:\/\/vitablanca.ma\/wp-content\/uploads\/2025\/05\/cropped-vitablanca.png","width":360,"height":67,"caption":"VitaBlanca"},"image":{"@id":"https:\/\/vitablanca.ma\/#\/schema\/logo\/image\/"},"sameAs":["https:\/\/www.facebook.com\/profile.php?id=61576678196717","https:\/\/www.tiktok.com\/@vitablanca.ma","https:\/\/www.instagram.com\/vitablanca.ma\/"]}]}},"jetpack_sharing_enabled":true,"_links":{"self":[{"href":"https:\/\/vitablanca.ma\/ar\/wp-json\/wp\/v2\/product\/10529","targetHints":{"allow":["GET"]}}],"collection":[{"href":"https:\/\/vitablanca.ma\/ar\/wp-json\/wp\/v2\/product"}],"about":[{"href":"https:\/\/vitablanca.ma\/ar\/wp-json\/wp\/v2\/types\/product"}],"wp:featuredmedia":[{"embeddable":true,"href":"https:\/\/vitablanca.ma\/ar\/wp-json\/wp\/v2\/media\/10524"}],"wp:attachment":[{"href":"https:\/\/vitablanca.ma\/ar\/wp-json\/wp\/v2\/media?parent=10529"}],"wp:term":[{"taxonomy":"product_brand","embeddable":true,"href":"https:\/\/vitablanca.ma\/ar\/wp-json\/wp\/v2\/product_brand?post=10529"},{"taxonomy":"product_cat","embeddable":true,"href":"https:\/\/vitablanca.ma\/ar\/wp-json\/wp\/v2\/product_cat?post=10529"},{"taxonomy":"product_tag","embeddable":true,"href":"https:\/\/vitablanca.ma\/ar\/wp-json\/wp\/v2\/product_tag?post=10529"}],"curies":[{"name":"wp","href":"https:\/\/api.w.org\/{rel}","templated":true}]}}