{"id":10496,"date":"2025-05-28T19:50:26","date_gmt":"2025-05-28T19:50:26","guid":{"rendered":"https:\/\/vitablanca.ma\/product\/the-purest-solutions-matte-finish-sunscreen-for-oily-skin-50-spf-dry-touch-protection-mattifying-oil-control-moisturizer\/"},"modified":"2025-05-28T19:55:33","modified_gmt":"2025-05-28T19:55:33","slug":"the-purest-solutions-matte-finish-sunscreen-for-oily-skin-50-spf-dry-touch-protection-mattifying-oil-control-moisturizer","status":"publish","type":"product","link":"https:\/\/vitablanca.ma\/ar\/product-2\/the-purest-solutions-matte-finish-sunscreen-for-oily-skin-50-spf-dry-touch-protection-mattifying-oil-control-moisturizer\/","title":{"rendered":"The Purest Solutions Matte Finish Sunscreen For Oily Skin 50+ SPF Dry Touch Protection &#8211; Mattifying &amp; Oil-Control Moisturizer"},"content":{"rendered":"<p data-mce-fragment=\"1\">Notre protection solaire Purest Solutions \u00e0 fini mat pour peau grasse offre un protection contre les rayons UV et la lumi\u00e8re bleue gr\u00e2ce \u00e0 un contr\u00f4le de la s\u00e9cr\u00e9tion de s\u00e9bum. Sa protection Pa++++ d&rsquo;au minimum 8 heures prot\u00e8ge contre les rayons UVA. Ce produit sp\u00e9cialement formul\u00e9 pour les peaux grasses hydrate et rafra\u00eechit tous types de peau, notamment les peaux pr\u00e9sentant des boutons ou des acn\u00e9s.<\/p>","protected":false},"excerpt":{"rendered":"<p>Notre protection solaire Purest Solutions \u00e0 fini mat pour peau grasse offre un protection contre les rayons UV et la lumi\u00e8re bleue gr\u00e2ce \u00e0 un contr\u00f4le de la s\u00e9cr\u00e9tion de s\u00e9bum. Sa protection Pa++++ d&rsquo;au minimum 8 heures prot\u00e8ge contre les rayons UVA. Ce produit sp\u00e9cialement formul\u00e9 pour les peaux grasses hydrate et rafra\u00eechit tous [&hellip;]<\/p>\n","protected":false},"featured_media":10494,"template":"","meta":{"om_disable_all_campaigns":false},"product_brand":[],"product_cat":[18,15,1186],"product_tag":[],"class_list":{"0":"post-10496","1":"product","2":"type-product","3":"status-publish","4":"has-post-thumbnail","6":"product_cat-beaute-sante","7":"product_cat-beaute-sante-complements-alimentaires-soins-et-bien-etre-au-meilleur-prix","8":"product_cat-visage","10":"first","11":"instock","12":"taxable","13":"shipping-taxable","14":"purchasable","15":"product-type-simple"},"yoast_head":"<!-- This site is optimized with the Yoast SEO plugin v27.4 - https:\/\/yoast.com\/product\/yoast-seo-wordpress\/ -->\n<title>The Purest Solutions Matte Finish Sunscreen For Oily Skin 50+ SPF Dry Touch Protection - Mattifying &amp; Oil-Control Moisturizer - Maroc Prix<\/title>\n<meta name=\"description\" content=\"The Purest Solutions Matte Finish Sunscreen For Oily Skin 50+ SPF Dry Touch Protection - Mattifying &amp; Oil-Control Moisturizer\" \/>\n<meta name=\"robots\" content=\"index, follow, max-snippet:-1, max-image-preview:large, max-video-preview:-1\" \/>\n<link rel=\"canonical\" href=\"https:\/\/vitablanca.ma\/ar\/product-2\/the-purest-solutions-matte-finish-sunscreen-for-oily-skin-50-spf-dry-touch-protection-mattifying-oil-control-moisturizer\/\" \/>\n<meta property=\"og:locale\" content=\"ar_AR\" \/>\n<meta property=\"og:type\" content=\"article\" \/>\n<meta property=\"og:title\" content=\"The Purest Solutions Matte Finish Sunscreen For Oily Skin 50+ SPF Dry Touch Protection - Mattifying &amp; Oil-Control Moisturizer - Maroc Prix\" \/>\n<meta property=\"og:description\" content=\"The Purest Solutions Matte Finish Sunscreen For Oily Skin 50+ SPF Dry Touch Protection - Mattifying &amp; Oil-Control Moisturizer\" \/>\n<meta property=\"og:url\" content=\"https:\/\/vitablanca.ma\/ar\/product-2\/the-purest-solutions-matte-finish-sunscreen-for-oily-skin-50-spf-dry-touch-protection-mattifying-oil-control-moisturizer\/\" \/>\n<meta property=\"og:site_name\" content=\"Vitablanca.ma &ndash; Sant&eacute;, vitalit&eacute; et bien-&ecirc;tre pour tous les Marocains\" \/>\n<meta property=\"article:publisher\" content=\"https:\/\/www.facebook.com\/profile.php?id=61576678196717\" \/>\n<meta property=\"article:modified_time\" content=\"2025-05-28T19:55:33+00:00\" \/>\n<meta property=\"og:image\" content=\"https:\/\/vitablanca.ma\/wp-content\/uploads\/2025\/05\/1cf3a618-4b80-4720-b514-9442aef12f89.jpg\" \/>\n\t<meta property=\"og:image:width\" content=\"1080\" \/>\n\t<meta property=\"og:image:height\" content=\"1080\" \/>\n\t<meta property=\"og:image:type\" content=\"image\/jpeg\" \/>\n<meta name=\"twitter:card\" content=\"summary_large_image\" \/>\n<script type=\"application\/ld+json\" class=\"yoast-schema-graph\">{\"@context\":\"https:\\\/\\\/schema.org\",\"@graph\":[{\"@type\":[\"WebPage\",\"ItemPage\"],\"@id\":\"https:\\\/\\\/vitablanca.ma\\\/produit\\\/the-purest-solutions-matte-finish-sunscreen-for-oily-skin-50-spf-dry-touch-protection-mattifying-oil-control-moisturizer\\\/\",\"url\":\"https:\\\/\\\/vitablanca.ma\\\/produit\\\/the-purest-solutions-matte-finish-sunscreen-for-oily-skin-50-spf-dry-touch-protection-mattifying-oil-control-moisturizer\\\/\",\"name\":\"The Purest Solutions Matte Finish Sunscreen For Oily Skin 50+ SPF Dry Touch Protection - Mattifying &amp; Oil-Control Moisturizer - Maroc Prix\",\"isPartOf\":{\"@id\":\"https:\\\/\\\/vitablanca.ma\\\/#website\"},\"primaryImageOfPage\":{\"@id\":\"https:\\\/\\\/vitablanca.ma\\\/produit\\\/the-purest-solutions-matte-finish-sunscreen-for-oily-skin-50-spf-dry-touch-protection-mattifying-oil-control-moisturizer\\\/#primaryimage\"},\"image\":{\"@id\":\"https:\\\/\\\/vitablanca.ma\\\/produit\\\/the-purest-solutions-matte-finish-sunscreen-for-oily-skin-50-spf-dry-touch-protection-mattifying-oil-control-moisturizer\\\/#primaryimage\"},\"thumbnailUrl\":\"https:\\\/\\\/vitablanca.ma\\\/wp-content\\\/uploads\\\/2025\\\/05\\\/1cf3a618-4b80-4720-b514-9442aef12f89.jpg\",\"datePublished\":\"2025-05-28T19:50:26+00:00\",\"dateModified\":\"2025-05-28T19:55:33+00:00\",\"description\":\"The Purest Solutions Matte Finish Sunscreen For Oily Skin 50+ SPF Dry Touch Protection - Mattifying &amp; Oil-Control Moisturizer\",\"breadcrumb\":{\"@id\":\"https:\\\/\\\/vitablanca.ma\\\/produit\\\/the-purest-solutions-matte-finish-sunscreen-for-oily-skin-50-spf-dry-touch-protection-mattifying-oil-control-moisturizer\\\/#breadcrumb\"},\"inLanguage\":\"ar\",\"potentialAction\":[{\"@type\":\"ReadAction\",\"target\":[\"https:\\\/\\\/vitablanca.ma\\\/produit\\\/the-purest-solutions-matte-finish-sunscreen-for-oily-skin-50-spf-dry-touch-protection-mattifying-oil-control-moisturizer\\\/\"]}]},{\"@type\":\"ImageObject\",\"inLanguage\":\"ar\",\"@id\":\"https:\\\/\\\/vitablanca.ma\\\/produit\\\/the-purest-solutions-matte-finish-sunscreen-for-oily-skin-50-spf-dry-touch-protection-mattifying-oil-control-moisturizer\\\/#primaryimage\",\"url\":\"https:\\\/\\\/vitablanca.ma\\\/wp-content\\\/uploads\\\/2025\\\/05\\\/1cf3a618-4b80-4720-b514-9442aef12f89.jpg\",\"contentUrl\":\"https:\\\/\\\/vitablanca.ma\\\/wp-content\\\/uploads\\\/2025\\\/05\\\/1cf3a618-4b80-4720-b514-9442aef12f89.jpg\",\"width\":1080,\"height\":1080},{\"@type\":\"BreadcrumbList\",\"@id\":\"https:\\\/\\\/vitablanca.ma\\\/produit\\\/the-purest-solutions-matte-finish-sunscreen-for-oily-skin-50-spf-dry-touch-protection-mattifying-oil-control-moisturizer\\\/#breadcrumb\",\"itemListElement\":[{\"@type\":\"ListItem\",\"position\":1,\"name\":\"Home\",\"item\":\"https:\\\/\\\/vitablanca.ma\\\/\"},{\"@type\":\"ListItem\",\"position\":2,\"name\":\"Tous Les Produits\",\"item\":\"https:\\\/\\\/vitablanca.ma\\\/tous-les-produits\\\/\"},{\"@type\":\"ListItem\",\"position\":3,\"name\":\"The Purest Solutions Matte Finish Sunscreen For Oily Skin 50+ SPF Dry Touch Protection &#8211; Mattifying &amp; Oil-Control Moisturizer\"}]},{\"@type\":\"WebSite\",\"@id\":\"https:\\\/\\\/vitablanca.ma\\\/#website\",\"url\":\"https:\\\/\\\/vitablanca.ma\\\/\",\"name\":\"VitaBlanca.ma | Compl\u00e9ments alimentaires, sant\u00e9 & beaut\u00e9 au Maroc\",\"description\":\"vendre vitamines et compl\u00e9ments premium des USA &amp; Canada, Nouvelle Z\u00e9lande,Maroc (NOW Foods, Solgar, Manuka). Livraison rapide partout au Maroc.\",\"publisher\":{\"@id\":\"https:\\\/\\\/vitablanca.ma\\\/#organization\"},\"alternateName\":\"VitaBlanca.ma\",\"potentialAction\":[{\"@type\":\"SearchAction\",\"target\":{\"@type\":\"EntryPoint\",\"urlTemplate\":\"https:\\\/\\\/vitablanca.ma\\\/?s={search_term_string}\"},\"query-input\":{\"@type\":\"PropertyValueSpecification\",\"valueRequired\":true,\"valueName\":\"search_term_string\"}}],\"inLanguage\":\"ar\"},{\"@type\":\"Organization\",\"@id\":\"https:\\\/\\\/vitablanca.ma\\\/#organization\",\"name\":\"VitaBlanca\",\"url\":\"https:\\\/\\\/vitablanca.ma\\\/\",\"logo\":{\"@type\":\"ImageObject\",\"inLanguage\":\"ar\",\"@id\":\"https:\\\/\\\/vitablanca.ma\\\/#\\\/schema\\\/logo\\\/image\\\/\",\"url\":\"https:\\\/\\\/vitablanca.ma\\\/wp-content\\\/uploads\\\/2025\\\/05\\\/cropped-vitablanca.png\",\"contentUrl\":\"https:\\\/\\\/vitablanca.ma\\\/wp-content\\\/uploads\\\/2025\\\/05\\\/cropped-vitablanca.png\",\"width\":360,\"height\":67,\"caption\":\"VitaBlanca\"},\"image\":{\"@id\":\"https:\\\/\\\/vitablanca.ma\\\/#\\\/schema\\\/logo\\\/image\\\/\"},\"sameAs\":[\"https:\\\/\\\/www.facebook.com\\\/profile.php?id=61576678196717\",\"https:\\\/\\\/www.tiktok.com\\\/@vitablanca.ma\",\"https:\\\/\\\/www.instagram.com\\\/vitablanca.ma\\\/\"]}]}<\/script>\n<!-- \/ Yoast SEO plugin. -->","yoast_head_json":{"title":"The Purest Solutions Matte Finish Sunscreen For Oily Skin 50+ SPF Dry Touch Protection - Mattifying &amp; Oil-Control Moisturizer - Maroc Prix","description":"The Purest Solutions Matte Finish Sunscreen For Oily Skin 50+ SPF Dry Touch Protection - Mattifying &amp; Oil-Control Moisturizer","robots":{"index":"index","follow":"follow","max-snippet":"max-snippet:-1","max-image-preview":"max-image-preview:large","max-video-preview":"max-video-preview:-1"},"canonical":"https:\/\/vitablanca.ma\/ar\/product-2\/the-purest-solutions-matte-finish-sunscreen-for-oily-skin-50-spf-dry-touch-protection-mattifying-oil-control-moisturizer\/","og_locale":"ar_AR","og_type":"article","og_title":"The Purest Solutions Matte Finish Sunscreen For Oily Skin 50+ SPF Dry Touch Protection - Mattifying &amp; Oil-Control Moisturizer - Maroc Prix","og_description":"The Purest Solutions Matte Finish Sunscreen For Oily Skin 50+ SPF Dry Touch Protection - Mattifying &amp; Oil-Control Moisturizer","og_url":"https:\/\/vitablanca.ma\/ar\/product-2\/the-purest-solutions-matte-finish-sunscreen-for-oily-skin-50-spf-dry-touch-protection-mattifying-oil-control-moisturizer\/","og_site_name":"Vitablanca.ma &ndash; Sant&eacute;, vitalit&eacute; et bien-&ecirc;tre pour tous les Marocains","article_publisher":"https:\/\/www.facebook.com\/profile.php?id=61576678196717","article_modified_time":"2025-05-28T19:55:33+00:00","og_image":[{"width":1080,"height":1080,"url":"https:\/\/vitablanca.ma\/wp-content\/uploads\/2025\/05\/1cf3a618-4b80-4720-b514-9442aef12f89.jpg","type":"image\/jpeg"}],"twitter_card":"summary_large_image","schema":{"@context":"https:\/\/schema.org","@graph":[{"@type":["WebPage","ItemPage"],"@id":"https:\/\/vitablanca.ma\/produit\/the-purest-solutions-matte-finish-sunscreen-for-oily-skin-50-spf-dry-touch-protection-mattifying-oil-control-moisturizer\/","url":"https:\/\/vitablanca.ma\/produit\/the-purest-solutions-matte-finish-sunscreen-for-oily-skin-50-spf-dry-touch-protection-mattifying-oil-control-moisturizer\/","name":"The Purest Solutions Matte Finish Sunscreen For Oily Skin 50+ SPF Dry Touch Protection - Mattifying &amp; Oil-Control Moisturizer - Maroc Prix","isPartOf":{"@id":"https:\/\/vitablanca.ma\/#website"},"primaryImageOfPage":{"@id":"https:\/\/vitablanca.ma\/produit\/the-purest-solutions-matte-finish-sunscreen-for-oily-skin-50-spf-dry-touch-protection-mattifying-oil-control-moisturizer\/#primaryimage"},"image":{"@id":"https:\/\/vitablanca.ma\/produit\/the-purest-solutions-matte-finish-sunscreen-for-oily-skin-50-spf-dry-touch-protection-mattifying-oil-control-moisturizer\/#primaryimage"},"thumbnailUrl":"https:\/\/vitablanca.ma\/wp-content\/uploads\/2025\/05\/1cf3a618-4b80-4720-b514-9442aef12f89.jpg","datePublished":"2025-05-28T19:50:26+00:00","dateModified":"2025-05-28T19:55:33+00:00","description":"The Purest Solutions Matte Finish Sunscreen For Oily Skin 50+ SPF Dry Touch Protection - Mattifying &amp; Oil-Control Moisturizer","breadcrumb":{"@id":"https:\/\/vitablanca.ma\/produit\/the-purest-solutions-matte-finish-sunscreen-for-oily-skin-50-spf-dry-touch-protection-mattifying-oil-control-moisturizer\/#breadcrumb"},"inLanguage":"ar","potentialAction":[{"@type":"ReadAction","target":["https:\/\/vitablanca.ma\/produit\/the-purest-solutions-matte-finish-sunscreen-for-oily-skin-50-spf-dry-touch-protection-mattifying-oil-control-moisturizer\/"]}]},{"@type":"ImageObject","inLanguage":"ar","@id":"https:\/\/vitablanca.ma\/produit\/the-purest-solutions-matte-finish-sunscreen-for-oily-skin-50-spf-dry-touch-protection-mattifying-oil-control-moisturizer\/#primaryimage","url":"https:\/\/vitablanca.ma\/wp-content\/uploads\/2025\/05\/1cf3a618-4b80-4720-b514-9442aef12f89.jpg","contentUrl":"https:\/\/vitablanca.ma\/wp-content\/uploads\/2025\/05\/1cf3a618-4b80-4720-b514-9442aef12f89.jpg","width":1080,"height":1080},{"@type":"BreadcrumbList","@id":"https:\/\/vitablanca.ma\/produit\/the-purest-solutions-matte-finish-sunscreen-for-oily-skin-50-spf-dry-touch-protection-mattifying-oil-control-moisturizer\/#breadcrumb","itemListElement":[{"@type":"ListItem","position":1,"name":"Home","item":"https:\/\/vitablanca.ma\/"},{"@type":"ListItem","position":2,"name":"Tous Les Produits","item":"https:\/\/vitablanca.ma\/tous-les-produits\/"},{"@type":"ListItem","position":3,"name":"The Purest Solutions Matte Finish Sunscreen For Oily Skin 50+ SPF Dry Touch Protection &#8211; Mattifying &amp; Oil-Control Moisturizer"}]},{"@type":"WebSite","@id":"https:\/\/vitablanca.ma\/#website","url":"https:\/\/vitablanca.ma\/","name":"VitaBlanca.ma | \u0627\u0644\u0645\u0643\u0645\u0644\u0627\u062a \u0627\u0644\u063a\u0630\u0627\u0626\u064a\u0629\u060c \u0627\u0644\u0635\u062d\u0629 \u0648\u0627\u0644\u062c\u0645\u0627\u0644 \u0641\u064a \u0627\u0644\u0645\u063a\u0631\u0628","description":"\u0646\u0628\u064a\u0639 \u0641\u064a\u062a\u0627\u0645\u064a\u0646\u0627\u062a \u0648\u0645\u0643\u0645\u0644\u0627\u062a \u063a\u0630\u0627\u0626\u064a\u0629 \u0641\u0627\u062e\u0631\u0629 \u0645\u0646 \u0627\u0644\u0648\u0644\u0627\u064a\u0627\u062a \u0627\u0644\u0645\u062a\u062d\u062f\u0629 \u0627\u0644\u0623\u0645\u0631\u064a\u0643\u064a\u0629 \u0648\u0643\u0646\u062f\u0627 \u0648\u0646\u064a\u0648\u0632\u064a\u0644\u0646\u062f\u0627 \u0648\u0627\u0644\u0645\u063a\u0631\u0628 (\u0646\u0627\u0648 \u0641\u0648\u062f\u0632\u060c \u0633\u0648\u0644\u062c\u0627\u0631\u060c \u0645\u0627\u0646\u0648\u0643\u0627). \u062a\u0648\u0635\u064a\u0644 \u0633\u0631\u064a\u0639 \u0625\u0644\u0649 \u062c\u0645\u064a\u0639 \u0623\u0646\u062d\u0627\u0621 \u0627\u0644\u0645\u063a\u0631\u0628.","publisher":{"@id":"https:\/\/vitablanca.ma\/#organization"},"alternateName":"VitaBlanca.ma","potentialAction":[{"@type":"SearchAction","target":{"@type":"EntryPoint","urlTemplate":"https:\/\/vitablanca.ma\/?s={search_term_string}"},"query-input":{"@type":"PropertyValueSpecification","valueRequired":true,"valueName":"search_term_string"}}],"inLanguage":"ar"},{"@type":"Organization","@id":"https:\/\/vitablanca.ma\/#organization","name":"\u0641\u064a\u062a\u0627\u0628\u0644\u0627\u0646\u0643\u0627","url":"https:\/\/vitablanca.ma\/","logo":{"@type":"ImageObject","inLanguage":"ar","@id":"https:\/\/vitablanca.ma\/#\/schema\/logo\/image\/","url":"https:\/\/vitablanca.ma\/wp-content\/uploads\/2025\/05\/cropped-vitablanca.png","contentUrl":"https:\/\/vitablanca.ma\/wp-content\/uploads\/2025\/05\/cropped-vitablanca.png","width":360,"height":67,"caption":"VitaBlanca"},"image":{"@id":"https:\/\/vitablanca.ma\/#\/schema\/logo\/image\/"},"sameAs":["https:\/\/www.facebook.com\/profile.php?id=61576678196717","https:\/\/www.tiktok.com\/@vitablanca.ma","https:\/\/www.instagram.com\/vitablanca.ma\/"]}]}},"jetpack_sharing_enabled":true,"_links":{"self":[{"href":"https:\/\/vitablanca.ma\/ar\/wp-json\/wp\/v2\/product\/10496","targetHints":{"allow":["GET"]}}],"collection":[{"href":"https:\/\/vitablanca.ma\/ar\/wp-json\/wp\/v2\/product"}],"about":[{"href":"https:\/\/vitablanca.ma\/ar\/wp-json\/wp\/v2\/types\/product"}],"wp:featuredmedia":[{"embeddable":true,"href":"https:\/\/vitablanca.ma\/ar\/wp-json\/wp\/v2\/media\/10494"}],"wp:attachment":[{"href":"https:\/\/vitablanca.ma\/ar\/wp-json\/wp\/v2\/media?parent=10496"}],"wp:term":[{"taxonomy":"product_brand","embeddable":true,"href":"https:\/\/vitablanca.ma\/ar\/wp-json\/wp\/v2\/product_brand?post=10496"},{"taxonomy":"product_cat","embeddable":true,"href":"https:\/\/vitablanca.ma\/ar\/wp-json\/wp\/v2\/product_cat?post=10496"},{"taxonomy":"product_tag","embeddable":true,"href":"https:\/\/vitablanca.ma\/ar\/wp-json\/wp\/v2\/product_tag?post=10496"}],"curies":[{"name":"wp","href":"https:\/\/api.w.org\/{rel}","templated":true}]}}