{"id":10456,"date":"2025-05-28T19:49:15","date_gmt":"2025-05-28T19:49:15","guid":{"rendered":"https:\/\/vitablanca.ma\/product\/nuxe-huile-lactee-capillaire-protectrice-hydratante\/"},"modified":"2025-12-17T19:34:44","modified_gmt":"2025-12-17T19:34:44","slug":"nuxe-huile-lactee-capillaire-protectrice-hydratante","status":"publish","type":"product","link":"https:\/\/vitablanca.ma\/ar\/product-2\/nuxe-huile-lactee-capillaire-protectrice-hydratante\/","title":{"rendered":"\u0632\u064a\u062a \u0627\u0644\u0634\u0639\u0631 \u0627\u0644\u062d\u0644\u064a\u0628\u064a \u0627\u0644\u0645\u0631\u0637\u0628 \u0648\u0627\u0644\u0648\u0642\u0627\u0626\u064a \u0645\u0646 \u0646\u0648\u0643\u0633"},"content":{"rendered":"<p><span>Cette huile lact\u00e9e bi-phase prot\u00e8ge vos cheveux des rayons UV tout en leur apportant hydratation et brillance. Pr\u00e9serve des effets du sel et du chlore.<\/span><\/p>\n<p><span>Cette huile lact\u00e9e bi-phase prot\u00e8ge vos cheveux des rayons UV tout en leur apportant hydratation et brillance. Elle s\u2019utilise avant et pendant la baignade pour les pr\u00e9server des effets du sel et du chlore, tout en prot\u00e9geant votre couleur.<\/span><\/p>\n<p><span>Son parfum d\u2019\u00e9vasion aux notes d\u2019Orange douce, de Fleur de Tiar\u00e9 et de Vanille est une irr\u00e9sistible invitation \u00e0 profiter de l\u2019\u00e9t\u00e9.<\/span><\/p>\n<p><!-->--><\/p>","protected":false},"excerpt":{"rendered":"<p>Cette huile lact\u00e9e bi-phase prot\u00e8ge vos cheveux des rayons UV tout en leur apportant hydratation et brillance. Pr\u00e9serve des effets du sel et du chlore. Cette huile lact\u00e9e bi-phase prot\u00e8ge vos cheveux des rayons UV tout en leur apportant hydratation et brillance. Elle s\u2019utilise avant et pendant la baignade pour les pr\u00e9server des effets du [&hellip;]<\/p>\n","protected":false},"featured_media":10451,"template":"","meta":{"om_disable_all_campaigns":false},"product_brand":[5409],"product_cat":[18,1186],"product_tag":[],"class_list":{"0":"post-10456","1":"product","2":"type-product","3":"status-publish","4":"has-post-thumbnail","6":"product_brand-nuxe-maroc-prix","7":"product_cat-beaute-sante","8":"product_cat-visage","10":"first","11":"instock","12":"taxable","13":"shipping-taxable","14":"purchasable","15":"product-type-simple"},"yoast_head":"<!-- This site is optimized with the Yoast SEO plugin v27.5 - https:\/\/yoast.com\/product\/yoast-seo-wordpress\/ -->\n<title>NUXE HUILE LACT\u00c9E CAPILLAIRE PROTECTRICE HYDRATANTE - Maroc Prix<\/title>\n<meta name=\"description\" content=\"NUXE HUILE LACT\u00c9E CAPILLAIRE PROTECTRICE HYDRATANTE\" \/>\n<meta name=\"robots\" content=\"index, follow, max-snippet:-1, max-image-preview:large, max-video-preview:-1\" \/>\n<link rel=\"canonical\" href=\"https:\/\/vitablanca.ma\/ar\/product-2\/nuxe-huile-lactee-capillaire-protectrice-hydratante\/\" \/>\n<meta property=\"og:locale\" content=\"ar_AR\" \/>\n<meta property=\"og:type\" content=\"article\" \/>\n<meta property=\"og:title\" content=\"NUXE HUILE LACT\u00c9E CAPILLAIRE PROTECTRICE HYDRATANTE - Maroc Prix\" \/>\n<meta property=\"og:description\" content=\"NUXE HUILE LACT\u00c9E CAPILLAIRE PROTECTRICE HYDRATANTE\" \/>\n<meta property=\"og:url\" content=\"https:\/\/vitablanca.ma\/ar\/product-2\/nuxe-huile-lactee-capillaire-protectrice-hydratante\/\" \/>\n<meta property=\"og:site_name\" content=\"Vitablanca.ma &ndash; Sant&eacute;, vitalit&eacute; et bien-&ecirc;tre pour tous les Marocains\" \/>\n<meta property=\"article:publisher\" content=\"https:\/\/www.facebook.com\/profile.php?id=61576678196717\" \/>\n<meta property=\"article:modified_time\" content=\"2025-12-17T19:34:44+00:00\" \/>\n<meta property=\"og:image\" content=\"https:\/\/vitablanca.ma\/wp-content\/uploads\/2025\/05\/P0169019_P.jpg\" \/>\n\t<meta property=\"og:image:width\" content=\"1500\" \/>\n\t<meta property=\"og:image:height\" content=\"1500\" \/>\n\t<meta property=\"og:image:type\" content=\"image\/jpeg\" \/>\n<meta name=\"twitter:card\" content=\"summary_large_image\" \/>\n<script type=\"application\/ld+json\" class=\"yoast-schema-graph\">{\"@context\":\"https:\\\/\\\/schema.org\",\"@graph\":[{\"@type\":[\"WebPage\",\"ItemPage\"],\"@id\":\"https:\\\/\\\/vitablanca.ma\\\/produit\\\/nuxe-huile-lactee-capillaire-protectrice-hydratante\\\/\",\"url\":\"https:\\\/\\\/vitablanca.ma\\\/produit\\\/nuxe-huile-lactee-capillaire-protectrice-hydratante\\\/\",\"name\":\"NUXE HUILE LACT\u00c9E CAPILLAIRE PROTECTRICE HYDRATANTE - Maroc Prix\",\"isPartOf\":{\"@id\":\"https:\\\/\\\/vitablanca.ma\\\/#website\"},\"primaryImageOfPage\":{\"@id\":\"https:\\\/\\\/vitablanca.ma\\\/produit\\\/nuxe-huile-lactee-capillaire-protectrice-hydratante\\\/#primaryimage\"},\"image\":{\"@id\":\"https:\\\/\\\/vitablanca.ma\\\/produit\\\/nuxe-huile-lactee-capillaire-protectrice-hydratante\\\/#primaryimage\"},\"thumbnailUrl\":\"https:\\\/\\\/vitablanca.ma\\\/wp-content\\\/uploads\\\/2025\\\/05\\\/P0169019_P.jpg\",\"datePublished\":\"2025-05-28T19:49:15+00:00\",\"dateModified\":\"2025-12-17T19:34:44+00:00\",\"description\":\"NUXE HUILE LACT\u00c9E CAPILLAIRE PROTECTRICE HYDRATANTE\",\"breadcrumb\":{\"@id\":\"https:\\\/\\\/vitablanca.ma\\\/produit\\\/nuxe-huile-lactee-capillaire-protectrice-hydratante\\\/#breadcrumb\"},\"inLanguage\":\"ar\",\"potentialAction\":[{\"@type\":\"ReadAction\",\"target\":[\"https:\\\/\\\/vitablanca.ma\\\/produit\\\/nuxe-huile-lactee-capillaire-protectrice-hydratante\\\/\"]}]},{\"@type\":\"ImageObject\",\"inLanguage\":\"ar\",\"@id\":\"https:\\\/\\\/vitablanca.ma\\\/produit\\\/nuxe-huile-lactee-capillaire-protectrice-hydratante\\\/#primaryimage\",\"url\":\"https:\\\/\\\/vitablanca.ma\\\/wp-content\\\/uploads\\\/2025\\\/05\\\/P0169019_P.jpg\",\"contentUrl\":\"https:\\\/\\\/vitablanca.ma\\\/wp-content\\\/uploads\\\/2025\\\/05\\\/P0169019_P.jpg\",\"width\":1500,\"height\":1500},{\"@type\":\"BreadcrumbList\",\"@id\":\"https:\\\/\\\/vitablanca.ma\\\/produit\\\/nuxe-huile-lactee-capillaire-protectrice-hydratante\\\/#breadcrumb\",\"itemListElement\":[{\"@type\":\"ListItem\",\"position\":1,\"name\":\"Home\",\"item\":\"https:\\\/\\\/vitablanca.ma\\\/\"},{\"@type\":\"ListItem\",\"position\":2,\"name\":\"Tous Les Produits\",\"item\":\"https:\\\/\\\/vitablanca.ma\\\/tous-les-produits\\\/\"},{\"@type\":\"ListItem\",\"position\":3,\"name\":\"NUXE HUILE LACT\u00c9E CAPILLAIRE PROTECTRICE HYDRATANTE\"}]},{\"@type\":\"WebSite\",\"@id\":\"https:\\\/\\\/vitablanca.ma\\\/#website\",\"url\":\"https:\\\/\\\/vitablanca.ma\\\/\",\"name\":\"VitaBlanca.ma | Compl\u00e9ments alimentaires, sant\u00e9 & beaut\u00e9 au Maroc\",\"description\":\"vendre vitamines et compl\u00e9ments premium des USA &amp; Canada, Nouvelle Z\u00e9lande,Maroc (NOW Foods, Solgar, Manuka). Livraison rapide partout au Maroc.\",\"publisher\":{\"@id\":\"https:\\\/\\\/vitablanca.ma\\\/#organization\"},\"alternateName\":\"VitaBlanca.ma\",\"potentialAction\":[{\"@type\":\"SearchAction\",\"target\":{\"@type\":\"EntryPoint\",\"urlTemplate\":\"https:\\\/\\\/vitablanca.ma\\\/?s={search_term_string}\"},\"query-input\":{\"@type\":\"PropertyValueSpecification\",\"valueRequired\":true,\"valueName\":\"search_term_string\"}}],\"inLanguage\":\"ar\"},{\"@type\":\"Organization\",\"@id\":\"https:\\\/\\\/vitablanca.ma\\\/#organization\",\"name\":\"VitaBlanca\",\"url\":\"https:\\\/\\\/vitablanca.ma\\\/\",\"logo\":{\"@type\":\"ImageObject\",\"inLanguage\":\"ar\",\"@id\":\"https:\\\/\\\/vitablanca.ma\\\/#\\\/schema\\\/logo\\\/image\\\/\",\"url\":\"https:\\\/\\\/vitablanca.ma\\\/wp-content\\\/uploads\\\/2025\\\/05\\\/cropped-vitablanca.png\",\"contentUrl\":\"https:\\\/\\\/vitablanca.ma\\\/wp-content\\\/uploads\\\/2025\\\/05\\\/cropped-vitablanca.png\",\"width\":360,\"height\":67,\"caption\":\"VitaBlanca\"},\"image\":{\"@id\":\"https:\\\/\\\/vitablanca.ma\\\/#\\\/schema\\\/logo\\\/image\\\/\"},\"sameAs\":[\"https:\\\/\\\/www.facebook.com\\\/profile.php?id=61576678196717\",\"https:\\\/\\\/www.tiktok.com\\\/@vitablanca.ma\",\"https:\\\/\\\/www.instagram.com\\\/vitablanca.ma\\\/\"]}]}<\/script>\n<!-- \/ Yoast SEO plugin. -->","yoast_head_json":{"title":"NUXE HUILE LACT\u00c9E CAPILLAIRE PROTECTRICE HYDRATANTE - Maroc Prix","description":"\u0632\u064a\u062a \u0627\u0644\u0634\u0639\u0631 \u0627\u0644\u062d\u0644\u064a\u0628\u064a \u0627\u0644\u0645\u0631\u0637\u0628 \u0648\u0627\u0644\u0648\u0642\u0627\u0626\u064a \u0645\u0646 \u0646\u0648\u0643\u0633","robots":{"index":"index","follow":"follow","max-snippet":"max-snippet:-1","max-image-preview":"max-image-preview:large","max-video-preview":"max-video-preview:-1"},"canonical":"https:\/\/vitablanca.ma\/ar\/product-2\/nuxe-huile-lactee-capillaire-protectrice-hydratante\/","og_locale":"ar_AR","og_type":"article","og_title":"NUXE HUILE LACT\u00c9E CAPILLAIRE PROTECTRICE HYDRATANTE - Maroc Prix","og_description":"NUXE HUILE LACT\u00c9E CAPILLAIRE PROTECTRICE HYDRATANTE","og_url":"https:\/\/vitablanca.ma\/ar\/product-2\/nuxe-huile-lactee-capillaire-protectrice-hydratante\/","og_site_name":"Vitablanca.ma &ndash; Sant&eacute;, vitalit&eacute; et bien-&ecirc;tre pour tous les Marocains","article_publisher":"https:\/\/www.facebook.com\/profile.php?id=61576678196717","article_modified_time":"2025-12-17T19:34:44+00:00","og_image":[{"width":1500,"height":1500,"url":"https:\/\/vitablanca.ma\/wp-content\/uploads\/2025\/05\/P0169019_P.jpg","type":"image\/jpeg"}],"twitter_card":"summary_large_image","schema":{"@context":"https:\/\/schema.org","@graph":[{"@type":["WebPage","ItemPage"],"@id":"https:\/\/vitablanca.ma\/produit\/nuxe-huile-lactee-capillaire-protectrice-hydratante\/","url":"https:\/\/vitablanca.ma\/produit\/nuxe-huile-lactee-capillaire-protectrice-hydratante\/","name":"NUXE HUILE LACT\u00c9E CAPILLAIRE PROTECTRICE HYDRATANTE - Maroc Prix","isPartOf":{"@id":"https:\/\/vitablanca.ma\/#website"},"primaryImageOfPage":{"@id":"https:\/\/vitablanca.ma\/produit\/nuxe-huile-lactee-capillaire-protectrice-hydratante\/#primaryimage"},"image":{"@id":"https:\/\/vitablanca.ma\/produit\/nuxe-huile-lactee-capillaire-protectrice-hydratante\/#primaryimage"},"thumbnailUrl":"https:\/\/vitablanca.ma\/wp-content\/uploads\/2025\/05\/P0169019_P.jpg","datePublished":"2025-05-28T19:49:15+00:00","dateModified":"2025-12-17T19:34:44+00:00","description":"\u0632\u064a\u062a \u0627\u0644\u0634\u0639\u0631 \u0627\u0644\u062d\u0644\u064a\u0628\u064a \u0627\u0644\u0645\u0631\u0637\u0628 \u0648\u0627\u0644\u0648\u0642\u0627\u0626\u064a \u0645\u0646 \u0646\u0648\u0643\u0633","breadcrumb":{"@id":"https:\/\/vitablanca.ma\/produit\/nuxe-huile-lactee-capillaire-protectrice-hydratante\/#breadcrumb"},"inLanguage":"ar","potentialAction":[{"@type":"ReadAction","target":["https:\/\/vitablanca.ma\/produit\/nuxe-huile-lactee-capillaire-protectrice-hydratante\/"]}]},{"@type":"ImageObject","inLanguage":"ar","@id":"https:\/\/vitablanca.ma\/produit\/nuxe-huile-lactee-capillaire-protectrice-hydratante\/#primaryimage","url":"https:\/\/vitablanca.ma\/wp-content\/uploads\/2025\/05\/P0169019_P.jpg","contentUrl":"https:\/\/vitablanca.ma\/wp-content\/uploads\/2025\/05\/P0169019_P.jpg","width":1500,"height":1500},{"@type":"BreadcrumbList","@id":"https:\/\/vitablanca.ma\/produit\/nuxe-huile-lactee-capillaire-protectrice-hydratante\/#breadcrumb","itemListElement":[{"@type":"ListItem","position":1,"name":"Home","item":"https:\/\/vitablanca.ma\/"},{"@type":"ListItem","position":2,"name":"Tous Les Produits","item":"https:\/\/vitablanca.ma\/tous-les-produits\/"},{"@type":"ListItem","position":3,"name":"NUXE HUILE LACT\u00c9E CAPILLAIRE PROTECTRICE HYDRATANTE"}]},{"@type":"WebSite","@id":"https:\/\/vitablanca.ma\/#website","url":"https:\/\/vitablanca.ma\/","name":"VitaBlanca.ma | \u0627\u0644\u0645\u0643\u0645\u0644\u0627\u062a \u0627\u0644\u063a\u0630\u0627\u0626\u064a\u0629\u060c \u0627\u0644\u0635\u062d\u0629 \u0648\u0627\u0644\u062c\u0645\u0627\u0644 \u0641\u064a \u0627\u0644\u0645\u063a\u0631\u0628","description":"\u0646\u0628\u064a\u0639 \u0641\u064a\u062a\u0627\u0645\u064a\u0646\u0627\u062a \u0648\u0645\u0643\u0645\u0644\u0627\u062a \u063a\u0630\u0627\u0626\u064a\u0629 \u0641\u0627\u062e\u0631\u0629 \u0645\u0646 \u0627\u0644\u0648\u0644\u0627\u064a\u0627\u062a \u0627\u0644\u0645\u062a\u062d\u062f\u0629 \u0627\u0644\u0623\u0645\u0631\u064a\u0643\u064a\u0629 \u0648\u0643\u0646\u062f\u0627 \u0648\u0646\u064a\u0648\u0632\u064a\u0644\u0646\u062f\u0627 \u0648\u0627\u0644\u0645\u063a\u0631\u0628 (\u0646\u0627\u0648 \u0641\u0648\u062f\u0632\u060c \u0633\u0648\u0644\u062c\u0627\u0631\u060c \u0645\u0627\u0646\u0648\u0643\u0627). \u062a\u0648\u0635\u064a\u0644 \u0633\u0631\u064a\u0639 \u0625\u0644\u0649 \u062c\u0645\u064a\u0639 \u0623\u0646\u062d\u0627\u0621 \u0627\u0644\u0645\u063a\u0631\u0628.","publisher":{"@id":"https:\/\/vitablanca.ma\/#organization"},"alternateName":"VitaBlanca.ma","potentialAction":[{"@type":"SearchAction","target":{"@type":"EntryPoint","urlTemplate":"https:\/\/vitablanca.ma\/?s={search_term_string}"},"query-input":{"@type":"PropertyValueSpecification","valueRequired":true,"valueName":"search_term_string"}}],"inLanguage":"ar"},{"@type":"Organization","@id":"https:\/\/vitablanca.ma\/#organization","name":"\u0641\u064a\u062a\u0627\u0628\u0644\u0627\u0646\u0643\u0627","url":"https:\/\/vitablanca.ma\/","logo":{"@type":"ImageObject","inLanguage":"ar","@id":"https:\/\/vitablanca.ma\/#\/schema\/logo\/image\/","url":"https:\/\/vitablanca.ma\/wp-content\/uploads\/2025\/05\/cropped-vitablanca.png","contentUrl":"https:\/\/vitablanca.ma\/wp-content\/uploads\/2025\/05\/cropped-vitablanca.png","width":360,"height":67,"caption":"VitaBlanca"},"image":{"@id":"https:\/\/vitablanca.ma\/#\/schema\/logo\/image\/"},"sameAs":["https:\/\/www.facebook.com\/profile.php?id=61576678196717","https:\/\/www.tiktok.com\/@vitablanca.ma","https:\/\/www.instagram.com\/vitablanca.ma\/"]}]}},"jetpack_sharing_enabled":true,"_links":{"self":[{"href":"https:\/\/vitablanca.ma\/ar\/wp-json\/wp\/v2\/product\/10456","targetHints":{"allow":["GET"]}}],"collection":[{"href":"https:\/\/vitablanca.ma\/ar\/wp-json\/wp\/v2\/product"}],"about":[{"href":"https:\/\/vitablanca.ma\/ar\/wp-json\/wp\/v2\/types\/product"}],"wp:featuredmedia":[{"embeddable":true,"href":"https:\/\/vitablanca.ma\/ar\/wp-json\/wp\/v2\/media\/10451"}],"wp:attachment":[{"href":"https:\/\/vitablanca.ma\/ar\/wp-json\/wp\/v2\/media?parent=10456"}],"wp:term":[{"taxonomy":"product_brand","embeddable":true,"href":"https:\/\/vitablanca.ma\/ar\/wp-json\/wp\/v2\/product_brand?post=10456"},{"taxonomy":"product_cat","embeddable":true,"href":"https:\/\/vitablanca.ma\/ar\/wp-json\/wp\/v2\/product_cat?post=10456"},{"taxonomy":"product_tag","embeddable":true,"href":"https:\/\/vitablanca.ma\/ar\/wp-json\/wp\/v2\/product_tag?post=10456"}],"curies":[{"name":"wp","href":"https:\/\/api.w.org\/{rel}","templated":true}]}}