{"id":10441,"date":"2025-05-28T19:48:44","date_gmt":"2025-05-28T19:48:44","guid":{"rendered":"https:\/\/vitablanca.ma\/product\/nuxe-creme-riche-hydratante-48h-30ml-eau-micellaire-apaisante-3-en-1-50ml-offerte\/"},"modified":"2025-12-17T19:34:44","modified_gmt":"2025-12-17T19:34:44","slug":"nuxe-creme-riche-hydratante-48h-30ml-eau-micellaire-apaisante-3-en-1-50ml-offerte","status":"publish","type":"product","link":"https:\/\/vitablanca.ma\/ar\/product-2\/nuxe-creme-riche-hydratante-48h-30ml-eau-micellaire-apaisante-3-en-1-50ml-offerte\/","title":{"rendered":"Nuxe Cr\u00e8me Riche Hydratante 48H 30ml + Eau Micellaire Apaisante 3-en-1 50ml Offerte"},"content":{"rendered":"<p><strong>Cr\u00e8me Riche Hydratante 48h<\/strong><span>\u00a0: Fondez pour l\u2019hydratation gourmande. Une texture beurre extraordinaire qui fond instantan\u00e9ment avec la chaleur de la peau pour l\u2019envelopper de ses vertus nutritives.<\/span><\/p>\n<p><span>Enrichie en Lait V\u00e9g\u00e9tal, Huile d\u2019Amande Douce et en Beurres V\u00e9g\u00e9taux (Karit\u00e9 et Moringa), cette cr\u00e8me riche est id\u00e9ale pour les peaux s\u00e8ches. Elle booste l\u2019hydratation pendant 48h* et apporte nutrition \u00e0 la peau sans effet gras.<\/span><\/p>\n<p><span>Les sensations d\u2019inconforts et de tiraillements sont r\u00e9duites pour un apaisement imm\u00e9diat. La peau est plus fra\u00eeche, le teint est lumineux et \u00e9clatant.<\/span><\/p>\n<p><span>Sa formule respecte le microbiome cutan\u00e9, la peau est saine et pleine de vitalit\u00e9.<\/span><\/p>\n<p><span>La Cr\u00e8me Riche Hydratante 48h : un soin formul\u00e9 et fabriqu\u00e9 en France.<\/span><br \/><span>100%*** de femmes convaincues de son pouvoir hydratant, 100% de plaisir.<\/span><\/p>","protected":false},"excerpt":{"rendered":"<p>Cr\u00e8me Riche Hydratante 48h\u00a0: Fondez pour l\u2019hydratation gourmande. Une texture beurre extraordinaire qui fond instantan\u00e9ment avec la chaleur de la peau pour l\u2019envelopper de ses vertus nutritives. Enrichie en Lait V\u00e9g\u00e9tal, Huile d\u2019Amande Douce et en Beurres V\u00e9g\u00e9taux (Karit\u00e9 et Moringa), cette cr\u00e8me riche est id\u00e9ale pour les peaux s\u00e8ches. Elle booste l\u2019hydratation pendant 48h* [&hellip;]<\/p>\n","protected":false},"featured_media":10440,"template":"","meta":{"om_disable_all_campaigns":false},"product_brand":[5409],"product_cat":[18,1186],"product_tag":[],"class_list":{"0":"post-10441","1":"product","2":"type-product","3":"status-publish","4":"has-post-thumbnail","6":"product_brand-nuxe-maroc-prix","7":"product_cat-beaute-sante","8":"product_cat-visage","10":"first","11":"instock","12":"taxable","13":"shipping-taxable","14":"purchasable","15":"product-type-simple"},"yoast_head":"<!-- This site is optimized with the Yoast SEO plugin v27.5 - https:\/\/yoast.com\/product\/yoast-seo-wordpress\/ -->\n<title>Nuxe Cr\u00e8me Riche Hydratante 48H 30ml + Eau Micellaire Apaisante 3-en-1 50ml Offerte - Maroc Prix<\/title>\n<meta name=\"description\" content=\"Nuxe Cr\u00e8me Riche Hydratante 48H 30ml + Eau Micellaire Apaisante 3-en-1 50ml Offerte\" \/>\n<meta name=\"robots\" content=\"index, follow, max-snippet:-1, max-image-preview:large, max-video-preview:-1\" \/>\n<link rel=\"canonical\" href=\"https:\/\/vitablanca.ma\/ar\/product-2\/nuxe-creme-riche-hydratante-48h-30ml-eau-micellaire-apaisante-3-en-1-50ml-offerte\/\" \/>\n<meta property=\"og:locale\" content=\"ar_AR\" \/>\n<meta property=\"og:type\" content=\"article\" \/>\n<meta property=\"og:title\" content=\"Nuxe Cr\u00e8me Riche Hydratante 48H 30ml + Eau Micellaire Apaisante 3-en-1 50ml Offerte - Maroc Prix\" \/>\n<meta property=\"og:description\" content=\"Nuxe Cr\u00e8me Riche Hydratante 48H 30ml + Eau Micellaire Apaisante 3-en-1 50ml Offerte\" \/>\n<meta property=\"og:url\" content=\"https:\/\/vitablanca.ma\/ar\/product-2\/nuxe-creme-riche-hydratante-48h-30ml-eau-micellaire-apaisante-3-en-1-50ml-offerte\/\" \/>\n<meta property=\"og:site_name\" content=\"Vitablanca.ma &ndash; Sant&eacute;, vitalit&eacute; et bien-&ecirc;tre pour tous les Marocains\" \/>\n<meta property=\"article:publisher\" content=\"https:\/\/www.facebook.com\/profile.php?id=61576678196717\" \/>\n<meta property=\"article:modified_time\" content=\"2025-12-17T19:34:44+00:00\" \/>\n<meta property=\"og:image\" content=\"https:\/\/vitablanca.ma\/wp-content\/uploads\/2025\/05\/Nuxe_Cr_me_Riche_Hydratante_48H_30ml_Eau_Micellaire_Apaisante_3-en-1_50ml_Offerte.jpg\" \/>\n\t<meta property=\"og:image:width\" content=\"800\" \/>\n\t<meta property=\"og:image:height\" content=\"800\" \/>\n\t<meta property=\"og:image:type\" content=\"image\/jpeg\" \/>\n<meta name=\"twitter:card\" content=\"summary_large_image\" \/>\n<meta name=\"twitter:label1\" content=\"\u0648\u0642\u062a \u0627\u0644\u0642\u0631\u0627\u0621\u0629 \u0627\u0644\u0645\u064f\u0642\u062f\u0651\u0631\" \/>\n\t<meta name=\"twitter:data1\" content=\"\u062f\u0642\u064a\u0642\u0629 \u0648\u0627\u062d\u062f\u0629\" \/>\n<script type=\"application\/ld+json\" class=\"yoast-schema-graph\">{\"@context\":\"https:\\\/\\\/schema.org\",\"@graph\":[{\"@type\":[\"WebPage\",\"ItemPage\"],\"@id\":\"https:\\\/\\\/vitablanca.ma\\\/produit\\\/nuxe-creme-riche-hydratante-48h-30ml-eau-micellaire-apaisante-3-en-1-50ml-offerte\\\/\",\"url\":\"https:\\\/\\\/vitablanca.ma\\\/produit\\\/nuxe-creme-riche-hydratante-48h-30ml-eau-micellaire-apaisante-3-en-1-50ml-offerte\\\/\",\"name\":\"Nuxe Cr\u00e8me Riche Hydratante 48H 30ml + Eau Micellaire Apaisante 3-en-1 50ml Offerte - Maroc Prix\",\"isPartOf\":{\"@id\":\"https:\\\/\\\/vitablanca.ma\\\/#website\"},\"primaryImageOfPage\":{\"@id\":\"https:\\\/\\\/vitablanca.ma\\\/produit\\\/nuxe-creme-riche-hydratante-48h-30ml-eau-micellaire-apaisante-3-en-1-50ml-offerte\\\/#primaryimage\"},\"image\":{\"@id\":\"https:\\\/\\\/vitablanca.ma\\\/produit\\\/nuxe-creme-riche-hydratante-48h-30ml-eau-micellaire-apaisante-3-en-1-50ml-offerte\\\/#primaryimage\"},\"thumbnailUrl\":\"https:\\\/\\\/vitablanca.ma\\\/wp-content\\\/uploads\\\/2025\\\/05\\\/Nuxe_Cr_me_Riche_Hydratante_48H_30ml_Eau_Micellaire_Apaisante_3-en-1_50ml_Offerte.jpg\",\"datePublished\":\"2025-05-28T19:48:44+00:00\",\"dateModified\":\"2025-12-17T19:34:44+00:00\",\"description\":\"Nuxe Cr\u00e8me Riche Hydratante 48H 30ml + Eau Micellaire Apaisante 3-en-1 50ml Offerte\",\"breadcrumb\":{\"@id\":\"https:\\\/\\\/vitablanca.ma\\\/produit\\\/nuxe-creme-riche-hydratante-48h-30ml-eau-micellaire-apaisante-3-en-1-50ml-offerte\\\/#breadcrumb\"},\"inLanguage\":\"ar\",\"potentialAction\":[{\"@type\":\"ReadAction\",\"target\":[\"https:\\\/\\\/vitablanca.ma\\\/produit\\\/nuxe-creme-riche-hydratante-48h-30ml-eau-micellaire-apaisante-3-en-1-50ml-offerte\\\/\"]}]},{\"@type\":\"ImageObject\",\"inLanguage\":\"ar\",\"@id\":\"https:\\\/\\\/vitablanca.ma\\\/produit\\\/nuxe-creme-riche-hydratante-48h-30ml-eau-micellaire-apaisante-3-en-1-50ml-offerte\\\/#primaryimage\",\"url\":\"https:\\\/\\\/vitablanca.ma\\\/wp-content\\\/uploads\\\/2025\\\/05\\\/Nuxe_Cr_me_Riche_Hydratante_48H_30ml_Eau_Micellaire_Apaisante_3-en-1_50ml_Offerte.jpg\",\"contentUrl\":\"https:\\\/\\\/vitablanca.ma\\\/wp-content\\\/uploads\\\/2025\\\/05\\\/Nuxe_Cr_me_Riche_Hydratante_48H_30ml_Eau_Micellaire_Apaisante_3-en-1_50ml_Offerte.jpg\",\"width\":800,\"height\":800},{\"@type\":\"BreadcrumbList\",\"@id\":\"https:\\\/\\\/vitablanca.ma\\\/produit\\\/nuxe-creme-riche-hydratante-48h-30ml-eau-micellaire-apaisante-3-en-1-50ml-offerte\\\/#breadcrumb\",\"itemListElement\":[{\"@type\":\"ListItem\",\"position\":1,\"name\":\"Home\",\"item\":\"https:\\\/\\\/vitablanca.ma\\\/\"},{\"@type\":\"ListItem\",\"position\":2,\"name\":\"Tous Les Produits\",\"item\":\"https:\\\/\\\/vitablanca.ma\\\/tous-les-produits\\\/\"},{\"@type\":\"ListItem\",\"position\":3,\"name\":\"Nuxe Cr\u00e8me Riche Hydratante 48H 30ml + Eau Micellaire Apaisante 3-en-1 50ml Offerte\"}]},{\"@type\":\"WebSite\",\"@id\":\"https:\\\/\\\/vitablanca.ma\\\/#website\",\"url\":\"https:\\\/\\\/vitablanca.ma\\\/\",\"name\":\"VitaBlanca.ma | Compl\u00e9ments alimentaires, sant\u00e9 & beaut\u00e9 au Maroc\",\"description\":\"vendre vitamines et compl\u00e9ments premium des USA &amp; Canada, Nouvelle Z\u00e9lande,Maroc (NOW Foods, Solgar, Manuka). Livraison rapide partout au Maroc.\",\"publisher\":{\"@id\":\"https:\\\/\\\/vitablanca.ma\\\/#organization\"},\"alternateName\":\"VitaBlanca.ma\",\"potentialAction\":[{\"@type\":\"SearchAction\",\"target\":{\"@type\":\"EntryPoint\",\"urlTemplate\":\"https:\\\/\\\/vitablanca.ma\\\/?s={search_term_string}\"},\"query-input\":{\"@type\":\"PropertyValueSpecification\",\"valueRequired\":true,\"valueName\":\"search_term_string\"}}],\"inLanguage\":\"ar\"},{\"@type\":\"Organization\",\"@id\":\"https:\\\/\\\/vitablanca.ma\\\/#organization\",\"name\":\"VitaBlanca\",\"url\":\"https:\\\/\\\/vitablanca.ma\\\/\",\"logo\":{\"@type\":\"ImageObject\",\"inLanguage\":\"ar\",\"@id\":\"https:\\\/\\\/vitablanca.ma\\\/#\\\/schema\\\/logo\\\/image\\\/\",\"url\":\"https:\\\/\\\/vitablanca.ma\\\/wp-content\\\/uploads\\\/2025\\\/05\\\/cropped-vitablanca.png\",\"contentUrl\":\"https:\\\/\\\/vitablanca.ma\\\/wp-content\\\/uploads\\\/2025\\\/05\\\/cropped-vitablanca.png\",\"width\":360,\"height\":67,\"caption\":\"VitaBlanca\"},\"image\":{\"@id\":\"https:\\\/\\\/vitablanca.ma\\\/#\\\/schema\\\/logo\\\/image\\\/\"},\"sameAs\":[\"https:\\\/\\\/www.facebook.com\\\/profile.php?id=61576678196717\",\"https:\\\/\\\/www.tiktok.com\\\/@vitablanca.ma\",\"https:\\\/\\\/www.instagram.com\\\/vitablanca.ma\\\/\"]}]}<\/script>\n<!-- \/ Yoast SEO plugin. -->","yoast_head_json":{"title":"Nuxe Cr\u00e8me Riche Hydratante 48H 30ml + Eau Micellaire Apaisante 3-en-1 50ml Offerte - Maroc Prix","description":"Nuxe Cr\u00e8me Riche Hydratante 48H 30ml + Eau Micellaire Apaisante 3-en-1 50ml Offerte","robots":{"index":"index","follow":"follow","max-snippet":"max-snippet:-1","max-image-preview":"max-image-preview:large","max-video-preview":"max-video-preview:-1"},"canonical":"https:\/\/vitablanca.ma\/ar\/product-2\/nuxe-creme-riche-hydratante-48h-30ml-eau-micellaire-apaisante-3-en-1-50ml-offerte\/","og_locale":"ar_AR","og_type":"article","og_title":"Nuxe Cr\u00e8me Riche Hydratante 48H 30ml + Eau Micellaire Apaisante 3-en-1 50ml Offerte - Maroc Prix","og_description":"Nuxe Cr\u00e8me Riche Hydratante 48H 30ml + Eau Micellaire Apaisante 3-en-1 50ml Offerte","og_url":"https:\/\/vitablanca.ma\/ar\/product-2\/nuxe-creme-riche-hydratante-48h-30ml-eau-micellaire-apaisante-3-en-1-50ml-offerte\/","og_site_name":"Vitablanca.ma &ndash; Sant&eacute;, vitalit&eacute; et bien-&ecirc;tre pour tous les Marocains","article_publisher":"https:\/\/www.facebook.com\/profile.php?id=61576678196717","article_modified_time":"2025-12-17T19:34:44+00:00","og_image":[{"width":800,"height":800,"url":"https:\/\/vitablanca.ma\/wp-content\/uploads\/2025\/05\/Nuxe_Cr_me_Riche_Hydratante_48H_30ml_Eau_Micellaire_Apaisante_3-en-1_50ml_Offerte.jpg","type":"image\/jpeg"}],"twitter_card":"summary_large_image","twitter_misc":{"\u0648\u0642\u062a \u0627\u0644\u0642\u0631\u0627\u0621\u0629 \u0627\u0644\u0645\u064f\u0642\u062f\u0651\u0631":"\u062f\u0642\u064a\u0642\u0629 \u0648\u0627\u062d\u062f\u0629"},"schema":{"@context":"https:\/\/schema.org","@graph":[{"@type":["WebPage","ItemPage"],"@id":"https:\/\/vitablanca.ma\/produit\/nuxe-creme-riche-hydratante-48h-30ml-eau-micellaire-apaisante-3-en-1-50ml-offerte\/","url":"https:\/\/vitablanca.ma\/produit\/nuxe-creme-riche-hydratante-48h-30ml-eau-micellaire-apaisante-3-en-1-50ml-offerte\/","name":"Nuxe Cr\u00e8me Riche Hydratante 48H 30ml + Eau Micellaire Apaisante 3-en-1 50ml Offerte - Maroc Prix","isPartOf":{"@id":"https:\/\/vitablanca.ma\/#website"},"primaryImageOfPage":{"@id":"https:\/\/vitablanca.ma\/produit\/nuxe-creme-riche-hydratante-48h-30ml-eau-micellaire-apaisante-3-en-1-50ml-offerte\/#primaryimage"},"image":{"@id":"https:\/\/vitablanca.ma\/produit\/nuxe-creme-riche-hydratante-48h-30ml-eau-micellaire-apaisante-3-en-1-50ml-offerte\/#primaryimage"},"thumbnailUrl":"https:\/\/vitablanca.ma\/wp-content\/uploads\/2025\/05\/Nuxe_Cr_me_Riche_Hydratante_48H_30ml_Eau_Micellaire_Apaisante_3-en-1_50ml_Offerte.jpg","datePublished":"2025-05-28T19:48:44+00:00","dateModified":"2025-12-17T19:34:44+00:00","description":"Nuxe Cr\u00e8me Riche Hydratante 48H 30ml + Eau Micellaire Apaisante 3-en-1 50ml Offerte","breadcrumb":{"@id":"https:\/\/vitablanca.ma\/produit\/nuxe-creme-riche-hydratante-48h-30ml-eau-micellaire-apaisante-3-en-1-50ml-offerte\/#breadcrumb"},"inLanguage":"ar","potentialAction":[{"@type":"ReadAction","target":["https:\/\/vitablanca.ma\/produit\/nuxe-creme-riche-hydratante-48h-30ml-eau-micellaire-apaisante-3-en-1-50ml-offerte\/"]}]},{"@type":"ImageObject","inLanguage":"ar","@id":"https:\/\/vitablanca.ma\/produit\/nuxe-creme-riche-hydratante-48h-30ml-eau-micellaire-apaisante-3-en-1-50ml-offerte\/#primaryimage","url":"https:\/\/vitablanca.ma\/wp-content\/uploads\/2025\/05\/Nuxe_Cr_me_Riche_Hydratante_48H_30ml_Eau_Micellaire_Apaisante_3-en-1_50ml_Offerte.jpg","contentUrl":"https:\/\/vitablanca.ma\/wp-content\/uploads\/2025\/05\/Nuxe_Cr_me_Riche_Hydratante_48H_30ml_Eau_Micellaire_Apaisante_3-en-1_50ml_Offerte.jpg","width":800,"height":800},{"@type":"BreadcrumbList","@id":"https:\/\/vitablanca.ma\/produit\/nuxe-creme-riche-hydratante-48h-30ml-eau-micellaire-apaisante-3-en-1-50ml-offerte\/#breadcrumb","itemListElement":[{"@type":"ListItem","position":1,"name":"Home","item":"https:\/\/vitablanca.ma\/"},{"@type":"ListItem","position":2,"name":"Tous Les Produits","item":"https:\/\/vitablanca.ma\/tous-les-produits\/"},{"@type":"ListItem","position":3,"name":"Nuxe Cr\u00e8me Riche Hydratante 48H 30ml + Eau Micellaire Apaisante 3-en-1 50ml Offerte"}]},{"@type":"WebSite","@id":"https:\/\/vitablanca.ma\/#website","url":"https:\/\/vitablanca.ma\/","name":"VitaBlanca.ma | \u0627\u0644\u0645\u0643\u0645\u0644\u0627\u062a \u0627\u0644\u063a\u0630\u0627\u0626\u064a\u0629\u060c \u0627\u0644\u0635\u062d\u0629 \u0648\u0627\u0644\u062c\u0645\u0627\u0644 \u0641\u064a \u0627\u0644\u0645\u063a\u0631\u0628","description":"\u0646\u0628\u064a\u0639 \u0641\u064a\u062a\u0627\u0645\u064a\u0646\u0627\u062a \u0648\u0645\u0643\u0645\u0644\u0627\u062a \u063a\u0630\u0627\u0626\u064a\u0629 \u0641\u0627\u062e\u0631\u0629 \u0645\u0646 \u0627\u0644\u0648\u0644\u0627\u064a\u0627\u062a \u0627\u0644\u0645\u062a\u062d\u062f\u0629 \u0627\u0644\u0623\u0645\u0631\u064a\u0643\u064a\u0629 \u0648\u0643\u0646\u062f\u0627 \u0648\u0646\u064a\u0648\u0632\u064a\u0644\u0646\u062f\u0627 \u0648\u0627\u0644\u0645\u063a\u0631\u0628 (\u0646\u0627\u0648 \u0641\u0648\u062f\u0632\u060c \u0633\u0648\u0644\u062c\u0627\u0631\u060c \u0645\u0627\u0646\u0648\u0643\u0627). \u062a\u0648\u0635\u064a\u0644 \u0633\u0631\u064a\u0639 \u0625\u0644\u0649 \u062c\u0645\u064a\u0639 \u0623\u0646\u062d\u0627\u0621 \u0627\u0644\u0645\u063a\u0631\u0628.","publisher":{"@id":"https:\/\/vitablanca.ma\/#organization"},"alternateName":"VitaBlanca.ma","potentialAction":[{"@type":"SearchAction","target":{"@type":"EntryPoint","urlTemplate":"https:\/\/vitablanca.ma\/?s={search_term_string}"},"query-input":{"@type":"PropertyValueSpecification","valueRequired":true,"valueName":"search_term_string"}}],"inLanguage":"ar"},{"@type":"Organization","@id":"https:\/\/vitablanca.ma\/#organization","name":"\u0641\u064a\u062a\u0627\u0628\u0644\u0627\u0646\u0643\u0627","url":"https:\/\/vitablanca.ma\/","logo":{"@type":"ImageObject","inLanguage":"ar","@id":"https:\/\/vitablanca.ma\/#\/schema\/logo\/image\/","url":"https:\/\/vitablanca.ma\/wp-content\/uploads\/2025\/05\/cropped-vitablanca.png","contentUrl":"https:\/\/vitablanca.ma\/wp-content\/uploads\/2025\/05\/cropped-vitablanca.png","width":360,"height":67,"caption":"VitaBlanca"},"image":{"@id":"https:\/\/vitablanca.ma\/#\/schema\/logo\/image\/"},"sameAs":["https:\/\/www.facebook.com\/profile.php?id=61576678196717","https:\/\/www.tiktok.com\/@vitablanca.ma","https:\/\/www.instagram.com\/vitablanca.ma\/"]}]}},"jetpack_sharing_enabled":true,"_links":{"self":[{"href":"https:\/\/vitablanca.ma\/ar\/wp-json\/wp\/v2\/product\/10441","targetHints":{"allow":["GET"]}}],"collection":[{"href":"https:\/\/vitablanca.ma\/ar\/wp-json\/wp\/v2\/product"}],"about":[{"href":"https:\/\/vitablanca.ma\/ar\/wp-json\/wp\/v2\/types\/product"}],"wp:featuredmedia":[{"embeddable":true,"href":"https:\/\/vitablanca.ma\/ar\/wp-json\/wp\/v2\/media\/10440"}],"wp:attachment":[{"href":"https:\/\/vitablanca.ma\/ar\/wp-json\/wp\/v2\/media?parent=10441"}],"wp:term":[{"taxonomy":"product_brand","embeddable":true,"href":"https:\/\/vitablanca.ma\/ar\/wp-json\/wp\/v2\/product_brand?post=10441"},{"taxonomy":"product_cat","embeddable":true,"href":"https:\/\/vitablanca.ma\/ar\/wp-json\/wp\/v2\/product_cat?post=10441"},{"taxonomy":"product_tag","embeddable":true,"href":"https:\/\/vitablanca.ma\/ar\/wp-json\/wp\/v2\/product_tag?post=10441"}],"curies":[{"name":"wp","href":"https:\/\/api.w.org\/{rel}","templated":true}]}}