{"id":10437,"date":"2025-05-28T19:48:36","date_gmt":"2025-05-28T19:48:36","guid":{"rendered":"https:\/\/vitablanca.ma\/product\/nuxe-merveillance-lift-creme-bonne-mine-effet-liftant\/"},"modified":"2025-12-17T19:34:44","modified_gmt":"2025-12-17T19:34:44","slug":"nuxe-merveillance-lift-creme-bonne-mine-effet-liftant","status":"publish","type":"product","link":"https:\/\/vitablanca.ma\/ar\/product-2\/nuxe-merveillance-lift-creme-bonne-mine-effet-liftant\/","title":{"rendered":"\u0643\u0631\u064a\u0645 \u0646\u0648\u0643\u0633 \u0645\u064a\u0631\u0641\u064a\u0644\u0627\u0646\u0633 \u0644\u064a\u0641\u062a \u0644\u0625\u0634\u0631\u0627\u0642\u0629 \u0635\u062d\u064a\u0629 \u0648\u062a\u0623\u062b\u064a\u0631 \u0631\u0641\u0639"},"content":{"rendered":"<p>Illuminez votre teint avec la cr\u00e8me liftante Nuxe MERVEILLANCE LIFT ! Infus\u00e9 d\u2019huile de Micro-Algue ultra-corrective et subtilement color\u00e9 gr\u00e2ce \u00e0 un extrait v\u00e9g\u00e9tal de tomate, ce soin offre un effet tenseur et bonne mine instantan\u00e9. Votre peau devient plus ferme, lisse et lumineuse, pour une apparence plus jeune et radieuse. Enrichi d\u2019une texture fondante et d\u2019un agr\u00e9able parfum floral, ce soin combine efficacit\u00e9 anti-\u00e2ge et plaisir d\u2019application.<\/p>","protected":false},"excerpt":{"rendered":"<p>Illuminez votre teint avec la cr\u00e8me liftante Nuxe MERVEILLANCE LIFT ! Infus\u00e9 d\u2019huile de Micro-Algue ultra-corrective et subtilement color\u00e9 gr\u00e2ce \u00e0 un extrait v\u00e9g\u00e9tal de tomate, ce soin offre un effet tenseur et bonne mine instantan\u00e9. Votre peau devient plus ferme, lisse et lumineuse, pour une apparence plus jeune et radieuse. Enrichi d\u2019une texture fondante [&hellip;]<\/p>\n","protected":false},"featured_media":10433,"template":"","meta":{"om_disable_all_campaigns":false},"product_brand":[5409],"product_cat":[18,1186],"product_tag":[],"class_list":{"0":"post-10437","1":"product","2":"type-product","3":"status-publish","4":"has-post-thumbnail","6":"product_brand-nuxe-maroc-prix","7":"product_cat-beaute-sante","8":"product_cat-visage","10":"first","11":"instock","12":"taxable","13":"shipping-taxable","14":"purchasable","15":"product-type-simple"},"yoast_head":"<!-- This site is optimized with the Yoast SEO plugin v27.5 - https:\/\/yoast.com\/product\/yoast-seo-wordpress\/ -->\n<title>Nuxe MERVEILLANCE LIFT Cr\u00e8me Bonne Mine Effet Liftant - Maroc Prix<\/title>\n<meta name=\"description\" content=\"Nuxe MERVEILLANCE LIFT Cr\u00e8me Bonne Mine Effet Liftant\" \/>\n<meta name=\"robots\" content=\"index, follow, max-snippet:-1, max-image-preview:large, max-video-preview:-1\" \/>\n<link rel=\"canonical\" href=\"https:\/\/vitablanca.ma\/ar\/product-2\/nuxe-merveillance-lift-creme-bonne-mine-effet-liftant\/\" \/>\n<meta property=\"og:locale\" content=\"ar_AR\" \/>\n<meta property=\"og:type\" content=\"article\" \/>\n<meta property=\"og:title\" content=\"Nuxe MERVEILLANCE LIFT Cr\u00e8me Bonne Mine Effet Liftant - Maroc Prix\" \/>\n<meta property=\"og:description\" content=\"Nuxe MERVEILLANCE LIFT Cr\u00e8me Bonne Mine Effet Liftant\" \/>\n<meta property=\"og:url\" content=\"https:\/\/vitablanca.ma\/ar\/product-2\/nuxe-merveillance-lift-creme-bonne-mine-effet-liftant\/\" \/>\n<meta property=\"og:site_name\" content=\"Vitablanca.ma &ndash; Sant&eacute;, vitalit&eacute; et bien-&ecirc;tre pour tous les Marocains\" \/>\n<meta property=\"article:publisher\" content=\"https:\/\/www.facebook.com\/profile.php?id=61576678196717\" \/>\n<meta property=\"article:modified_time\" content=\"2025-12-17T19:34:44+00:00\" \/>\n<meta property=\"og:image\" content=\"https:\/\/vitablanca.ma\/wp-content\/uploads\/2025\/05\/3264680035234-VN065301-VIEW-2-FIRMING_RADIANCE_CREAM_50ML-2000X2000.jpg\" \/>\n\t<meta property=\"og:image:width\" content=\"800\" \/>\n\t<meta property=\"og:image:height\" content=\"800\" \/>\n\t<meta property=\"og:image:type\" content=\"image\/jpeg\" \/>\n<meta name=\"twitter:card\" content=\"summary_large_image\" \/>\n<script type=\"application\/ld+json\" class=\"yoast-schema-graph\">{\"@context\":\"https:\\\/\\\/schema.org\",\"@graph\":[{\"@type\":[\"WebPage\",\"ItemPage\"],\"@id\":\"https:\\\/\\\/vitablanca.ma\\\/produit\\\/nuxe-merveillance-lift-creme-bonne-mine-effet-liftant\\\/\",\"url\":\"https:\\\/\\\/vitablanca.ma\\\/produit\\\/nuxe-merveillance-lift-creme-bonne-mine-effet-liftant\\\/\",\"name\":\"Nuxe MERVEILLANCE LIFT Cr\u00e8me Bonne Mine Effet Liftant - Maroc Prix\",\"isPartOf\":{\"@id\":\"https:\\\/\\\/vitablanca.ma\\\/#website\"},\"primaryImageOfPage\":{\"@id\":\"https:\\\/\\\/vitablanca.ma\\\/produit\\\/nuxe-merveillance-lift-creme-bonne-mine-effet-liftant\\\/#primaryimage\"},\"image\":{\"@id\":\"https:\\\/\\\/vitablanca.ma\\\/produit\\\/nuxe-merveillance-lift-creme-bonne-mine-effet-liftant\\\/#primaryimage\"},\"thumbnailUrl\":\"https:\\\/\\\/vitablanca.ma\\\/wp-content\\\/uploads\\\/2025\\\/05\\\/3264680035234-VN065301-VIEW-2-FIRMING_RADIANCE_CREAM_50ML-2000X2000.jpg\",\"datePublished\":\"2025-05-28T19:48:36+00:00\",\"dateModified\":\"2025-12-17T19:34:44+00:00\",\"description\":\"Nuxe MERVEILLANCE LIFT Cr\u00e8me Bonne Mine Effet Liftant\",\"breadcrumb\":{\"@id\":\"https:\\\/\\\/vitablanca.ma\\\/produit\\\/nuxe-merveillance-lift-creme-bonne-mine-effet-liftant\\\/#breadcrumb\"},\"inLanguage\":\"ar\",\"potentialAction\":[{\"@type\":\"ReadAction\",\"target\":[\"https:\\\/\\\/vitablanca.ma\\\/produit\\\/nuxe-merveillance-lift-creme-bonne-mine-effet-liftant\\\/\"]}]},{\"@type\":\"ImageObject\",\"inLanguage\":\"ar\",\"@id\":\"https:\\\/\\\/vitablanca.ma\\\/produit\\\/nuxe-merveillance-lift-creme-bonne-mine-effet-liftant\\\/#primaryimage\",\"url\":\"https:\\\/\\\/vitablanca.ma\\\/wp-content\\\/uploads\\\/2025\\\/05\\\/3264680035234-VN065301-VIEW-2-FIRMING_RADIANCE_CREAM_50ML-2000X2000.jpg\",\"contentUrl\":\"https:\\\/\\\/vitablanca.ma\\\/wp-content\\\/uploads\\\/2025\\\/05\\\/3264680035234-VN065301-VIEW-2-FIRMING_RADIANCE_CREAM_50ML-2000X2000.jpg\",\"width\":800,\"height\":800},{\"@type\":\"BreadcrumbList\",\"@id\":\"https:\\\/\\\/vitablanca.ma\\\/produit\\\/nuxe-merveillance-lift-creme-bonne-mine-effet-liftant\\\/#breadcrumb\",\"itemListElement\":[{\"@type\":\"ListItem\",\"position\":1,\"name\":\"Home\",\"item\":\"https:\\\/\\\/vitablanca.ma\\\/\"},{\"@type\":\"ListItem\",\"position\":2,\"name\":\"Tous Les Produits\",\"item\":\"https:\\\/\\\/vitablanca.ma\\\/tous-les-produits\\\/\"},{\"@type\":\"ListItem\",\"position\":3,\"name\":\"Nuxe MERVEILLANCE LIFT Cr\u00e8me Bonne Mine Effet Liftant\"}]},{\"@type\":\"WebSite\",\"@id\":\"https:\\\/\\\/vitablanca.ma\\\/#website\",\"url\":\"https:\\\/\\\/vitablanca.ma\\\/\",\"name\":\"VitaBlanca.ma | Compl\u00e9ments alimentaires, sant\u00e9 & beaut\u00e9 au Maroc\",\"description\":\"vendre vitamines et compl\u00e9ments premium des USA &amp; Canada, Nouvelle Z\u00e9lande,Maroc (NOW Foods, Solgar, Manuka). Livraison rapide partout au Maroc.\",\"publisher\":{\"@id\":\"https:\\\/\\\/vitablanca.ma\\\/#organization\"},\"alternateName\":\"VitaBlanca.ma\",\"potentialAction\":[{\"@type\":\"SearchAction\",\"target\":{\"@type\":\"EntryPoint\",\"urlTemplate\":\"https:\\\/\\\/vitablanca.ma\\\/?s={search_term_string}\"},\"query-input\":{\"@type\":\"PropertyValueSpecification\",\"valueRequired\":true,\"valueName\":\"search_term_string\"}}],\"inLanguage\":\"ar\"},{\"@type\":\"Organization\",\"@id\":\"https:\\\/\\\/vitablanca.ma\\\/#organization\",\"name\":\"VitaBlanca\",\"url\":\"https:\\\/\\\/vitablanca.ma\\\/\",\"logo\":{\"@type\":\"ImageObject\",\"inLanguage\":\"ar\",\"@id\":\"https:\\\/\\\/vitablanca.ma\\\/#\\\/schema\\\/logo\\\/image\\\/\",\"url\":\"https:\\\/\\\/vitablanca.ma\\\/wp-content\\\/uploads\\\/2025\\\/05\\\/cropped-vitablanca.png\",\"contentUrl\":\"https:\\\/\\\/vitablanca.ma\\\/wp-content\\\/uploads\\\/2025\\\/05\\\/cropped-vitablanca.png\",\"width\":360,\"height\":67,\"caption\":\"VitaBlanca\"},\"image\":{\"@id\":\"https:\\\/\\\/vitablanca.ma\\\/#\\\/schema\\\/logo\\\/image\\\/\"},\"sameAs\":[\"https:\\\/\\\/www.facebook.com\\\/profile.php?id=61576678196717\",\"https:\\\/\\\/www.tiktok.com\\\/@vitablanca.ma\",\"https:\\\/\\\/www.instagram.com\\\/vitablanca.ma\\\/\"]}]}<\/script>\n<!-- \/ Yoast SEO plugin. -->","yoast_head_json":{"title":"\u0643\u0631\u064a\u0645 \u0646\u0648\u0643\u0633 \u0645\u064a\u0631\u0641\u064a\u0644\u0627\u0646\u0633 \u0644\u064a\u0641\u062a \u0644\u0625\u0634\u0631\u0627\u0642\u0629 \u0635\u062d\u064a\u0629 \u0648\u062a\u0623\u062b\u064a\u0631 \u0631\u0641\u0639 - \u0633\u0639\u0631 \u0627\u0644\u0645\u063a\u0631\u0628","description":"\u0643\u0631\u064a\u0645 \u0646\u0648\u0643\u0633 \u0645\u064a\u0631\u0641\u064a\u0644\u0627\u0646\u0633 \u0644\u064a\u0641\u062a \u0644\u0625\u0634\u0631\u0627\u0642\u0629 \u0635\u062d\u064a\u0629 \u0648\u062a\u0623\u062b\u064a\u0631 \u0631\u0641\u0639","robots":{"index":"index","follow":"follow","max-snippet":"max-snippet:-1","max-image-preview":"max-image-preview:large","max-video-preview":"max-video-preview:-1"},"canonical":"https:\/\/vitablanca.ma\/ar\/product-2\/nuxe-merveillance-lift-creme-bonne-mine-effet-liftant\/","og_locale":"ar_AR","og_type":"article","og_title":"Nuxe MERVEILLANCE LIFT Cr\u00e8me Bonne Mine Effet Liftant - Maroc Prix","og_description":"Nuxe MERVEILLANCE LIFT Cr\u00e8me Bonne Mine Effet Liftant","og_url":"https:\/\/vitablanca.ma\/ar\/product-2\/nuxe-merveillance-lift-creme-bonne-mine-effet-liftant\/","og_site_name":"Vitablanca.ma &ndash; Sant&eacute;, vitalit&eacute; et bien-&ecirc;tre pour tous les Marocains","article_publisher":"https:\/\/www.facebook.com\/profile.php?id=61576678196717","article_modified_time":"2025-12-17T19:34:44+00:00","og_image":[{"width":800,"height":800,"url":"https:\/\/vitablanca.ma\/wp-content\/uploads\/2025\/05\/3264680035234-VN065301-VIEW-2-FIRMING_RADIANCE_CREAM_50ML-2000X2000.jpg","type":"image\/jpeg"}],"twitter_card":"summary_large_image","schema":{"@context":"https:\/\/schema.org","@graph":[{"@type":["WebPage","ItemPage"],"@id":"https:\/\/vitablanca.ma\/produit\/nuxe-merveillance-lift-creme-bonne-mine-effet-liftant\/","url":"https:\/\/vitablanca.ma\/produit\/nuxe-merveillance-lift-creme-bonne-mine-effet-liftant\/","name":"\u0643\u0631\u064a\u0645 \u0646\u0648\u0643\u0633 \u0645\u064a\u0631\u0641\u064a\u0644\u0627\u0646\u0633 \u0644\u064a\u0641\u062a \u0644\u0625\u0634\u0631\u0627\u0642\u0629 \u0635\u062d\u064a\u0629 \u0648\u062a\u0623\u062b\u064a\u0631 \u0631\u0641\u0639 - \u0633\u0639\u0631 \u0627\u0644\u0645\u063a\u0631\u0628","isPartOf":{"@id":"https:\/\/vitablanca.ma\/#website"},"primaryImageOfPage":{"@id":"https:\/\/vitablanca.ma\/produit\/nuxe-merveillance-lift-creme-bonne-mine-effet-liftant\/#primaryimage"},"image":{"@id":"https:\/\/vitablanca.ma\/produit\/nuxe-merveillance-lift-creme-bonne-mine-effet-liftant\/#primaryimage"},"thumbnailUrl":"https:\/\/vitablanca.ma\/wp-content\/uploads\/2025\/05\/3264680035234-VN065301-VIEW-2-FIRMING_RADIANCE_CREAM_50ML-2000X2000.jpg","datePublished":"2025-05-28T19:48:36+00:00","dateModified":"2025-12-17T19:34:44+00:00","description":"\u0643\u0631\u064a\u0645 \u0646\u0648\u0643\u0633 \u0645\u064a\u0631\u0641\u064a\u0644\u0627\u0646\u0633 \u0644\u064a\u0641\u062a \u0644\u0625\u0634\u0631\u0627\u0642\u0629 \u0635\u062d\u064a\u0629 \u0648\u062a\u0623\u062b\u064a\u0631 \u0631\u0641\u0639","breadcrumb":{"@id":"https:\/\/vitablanca.ma\/produit\/nuxe-merveillance-lift-creme-bonne-mine-effet-liftant\/#breadcrumb"},"inLanguage":"ar","potentialAction":[{"@type":"ReadAction","target":["https:\/\/vitablanca.ma\/produit\/nuxe-merveillance-lift-creme-bonne-mine-effet-liftant\/"]}]},{"@type":"ImageObject","inLanguage":"ar","@id":"https:\/\/vitablanca.ma\/produit\/nuxe-merveillance-lift-creme-bonne-mine-effet-liftant\/#primaryimage","url":"https:\/\/vitablanca.ma\/wp-content\/uploads\/2025\/05\/3264680035234-VN065301-VIEW-2-FIRMING_RADIANCE_CREAM_50ML-2000X2000.jpg","contentUrl":"https:\/\/vitablanca.ma\/wp-content\/uploads\/2025\/05\/3264680035234-VN065301-VIEW-2-FIRMING_RADIANCE_CREAM_50ML-2000X2000.jpg","width":800,"height":800},{"@type":"BreadcrumbList","@id":"https:\/\/vitablanca.ma\/produit\/nuxe-merveillance-lift-creme-bonne-mine-effet-liftant\/#breadcrumb","itemListElement":[{"@type":"ListItem","position":1,"name":"Home","item":"https:\/\/vitablanca.ma\/"},{"@type":"ListItem","position":2,"name":"Tous Les Produits","item":"https:\/\/vitablanca.ma\/tous-les-produits\/"},{"@type":"ListItem","position":3,"name":"Nuxe MERVEILLANCE LIFT Cr\u00e8me Bonne Mine Effet Liftant"}]},{"@type":"WebSite","@id":"https:\/\/vitablanca.ma\/#website","url":"https:\/\/vitablanca.ma\/","name":"VitaBlanca.ma | \u0627\u0644\u0645\u0643\u0645\u0644\u0627\u062a \u0627\u0644\u063a\u0630\u0627\u0626\u064a\u0629\u060c \u0627\u0644\u0635\u062d\u0629 \u0648\u0627\u0644\u062c\u0645\u0627\u0644 \u0641\u064a \u0627\u0644\u0645\u063a\u0631\u0628","description":"\u0646\u0628\u064a\u0639 \u0641\u064a\u062a\u0627\u0645\u064a\u0646\u0627\u062a \u0648\u0645\u0643\u0645\u0644\u0627\u062a \u063a\u0630\u0627\u0626\u064a\u0629 \u0641\u0627\u062e\u0631\u0629 \u0645\u0646 \u0627\u0644\u0648\u0644\u0627\u064a\u0627\u062a \u0627\u0644\u0645\u062a\u062d\u062f\u0629 \u0627\u0644\u0623\u0645\u0631\u064a\u0643\u064a\u0629 \u0648\u0643\u0646\u062f\u0627 \u0648\u0646\u064a\u0648\u0632\u064a\u0644\u0646\u062f\u0627 \u0648\u0627\u0644\u0645\u063a\u0631\u0628 (\u0646\u0627\u0648 \u0641\u0648\u062f\u0632\u060c \u0633\u0648\u0644\u062c\u0627\u0631\u060c \u0645\u0627\u0646\u0648\u0643\u0627). \u062a\u0648\u0635\u064a\u0644 \u0633\u0631\u064a\u0639 \u0625\u0644\u0649 \u062c\u0645\u064a\u0639 \u0623\u0646\u062d\u0627\u0621 \u0627\u0644\u0645\u063a\u0631\u0628.","publisher":{"@id":"https:\/\/vitablanca.ma\/#organization"},"alternateName":"VitaBlanca.ma","potentialAction":[{"@type":"SearchAction","target":{"@type":"EntryPoint","urlTemplate":"https:\/\/vitablanca.ma\/?s={search_term_string}"},"query-input":{"@type":"PropertyValueSpecification","valueRequired":true,"valueName":"search_term_string"}}],"inLanguage":"ar"},{"@type":"Organization","@id":"https:\/\/vitablanca.ma\/#organization","name":"\u0641\u064a\u062a\u0627\u0628\u0644\u0627\u0646\u0643\u0627","url":"https:\/\/vitablanca.ma\/","logo":{"@type":"ImageObject","inLanguage":"ar","@id":"https:\/\/vitablanca.ma\/#\/schema\/logo\/image\/","url":"https:\/\/vitablanca.ma\/wp-content\/uploads\/2025\/05\/cropped-vitablanca.png","contentUrl":"https:\/\/vitablanca.ma\/wp-content\/uploads\/2025\/05\/cropped-vitablanca.png","width":360,"height":67,"caption":"VitaBlanca"},"image":{"@id":"https:\/\/vitablanca.ma\/#\/schema\/logo\/image\/"},"sameAs":["https:\/\/www.facebook.com\/profile.php?id=61576678196717","https:\/\/www.tiktok.com\/@vitablanca.ma","https:\/\/www.instagram.com\/vitablanca.ma\/"]}]}},"jetpack_sharing_enabled":true,"_links":{"self":[{"href":"https:\/\/vitablanca.ma\/ar\/wp-json\/wp\/v2\/product\/10437","targetHints":{"allow":["GET"]}}],"collection":[{"href":"https:\/\/vitablanca.ma\/ar\/wp-json\/wp\/v2\/product"}],"about":[{"href":"https:\/\/vitablanca.ma\/ar\/wp-json\/wp\/v2\/types\/product"}],"wp:featuredmedia":[{"embeddable":true,"href":"https:\/\/vitablanca.ma\/ar\/wp-json\/wp\/v2\/media\/10433"}],"wp:attachment":[{"href":"https:\/\/vitablanca.ma\/ar\/wp-json\/wp\/v2\/media?parent=10437"}],"wp:term":[{"taxonomy":"product_brand","embeddable":true,"href":"https:\/\/vitablanca.ma\/ar\/wp-json\/wp\/v2\/product_brand?post=10437"},{"taxonomy":"product_cat","embeddable":true,"href":"https:\/\/vitablanca.ma\/ar\/wp-json\/wp\/v2\/product_cat?post=10437"},{"taxonomy":"product_tag","embeddable":true,"href":"https:\/\/vitablanca.ma\/ar\/wp-json\/wp\/v2\/product_tag?post=10437"}],"curies":[{"name":"wp","href":"https:\/\/api.w.org\/{rel}","templated":true}]}}