{"id":10422,"date":"2025-05-28T19:47:24","date_gmt":"2025-05-28T19:47:24","guid":{"rendered":"https:\/\/vitablanca.ma\/product\/clinique-dramatically-different-moisturizing-lotion-125ml\/"},"modified":"2025-05-28T19:55:36","modified_gmt":"2025-05-28T19:55:36","slug":"clinique-dramatically-different-moisturizing-lotion-125ml","status":"publish","type":"product","link":"https:\/\/vitablanca.ma\/ar\/product-2\/clinique-dramatically-different-moisturizing-lotion-125ml\/","title":{"rendered":"\u0644\u0648\u0634\u0646 \u0645\u0631\u0637\u0628 \u062f\u0631\u0627\u0645\u0627\u062a\u064a\u0643\u064a \u062f\u064a\u0641\u0631\u0646\u062a \u0645\u0646 \u0643\u0644\u064a\u0646\u064a\u0643+ 125 \u0645\u0644"},"content":{"rendered":"<p>La lotion de Clinique Dramatically Different Moisturizing Lotion+ de 125 ml, d\u00e9velopp\u00e9e par des dermatologues, est le #1 hydratant pour le visage de Clinique. Cette lotion soyeuse et rapidement absorbante, enrichie d\u2019ur\u00e9e pure et de glyc\u00e9rine pure, renforce rapidement la barri\u00e8re cutan\u00e9e. Test\u00e9e par des dermatologues, hypoallerg\u00e9nique et 100% sans parfum.<\/p>","protected":false},"excerpt":{"rendered":"<p>La lotion de Clinique Dramatically Different Moisturizing Lotion+ de 125 ml, d\u00e9velopp\u00e9e par des dermatologues, est le #1 hydratant pour le visage de Clinique. Cette lotion soyeuse et rapidement absorbante, enrichie d\u2019ur\u00e9e pure et de glyc\u00e9rine pure, renforce rapidement la barri\u00e8re cutan\u00e9e. Test\u00e9e par des dermatologues, hypoallerg\u00e9nique et 100% sans parfum.<\/p>","protected":false},"featured_media":10419,"template":"","meta":{"om_disable_all_campaigns":false},"product_brand":[],"product_cat":[18,15,1186],"product_tag":[],"class_list":{"0":"post-10422","1":"product","2":"type-product","3":"status-publish","4":"has-post-thumbnail","6":"product_cat-beaute-sante","7":"product_cat-beaute-sante-complements-alimentaires-soins-et-bien-etre-au-meilleur-prix","8":"product_cat-visage","10":"first","11":"instock","12":"taxable","13":"shipping-taxable","14":"purchasable","15":"product-type-simple"},"yoast_head":"<!-- This site is optimized with the Yoast SEO plugin v27.5 - https:\/\/yoast.com\/product\/yoast-seo-wordpress\/ -->\n<title>Clinique Dramatically Different Moisturizing Lotion+ 125ml - Maroc Prix<\/title>\n<meta name=\"description\" content=\"Clinique Dramatically Different Moisturizing Lotion+ 125ml\" \/>\n<meta name=\"robots\" content=\"index, follow, max-snippet:-1, max-image-preview:large, max-video-preview:-1\" \/>\n<link rel=\"canonical\" href=\"https:\/\/vitablanca.ma\/ar\/product-2\/clinique-dramatically-different-moisturizing-lotion-125ml\/\" \/>\n<meta property=\"og:locale\" content=\"ar_AR\" \/>\n<meta property=\"og:type\" content=\"article\" \/>\n<meta property=\"og:title\" content=\"Clinique Dramatically Different Moisturizing Lotion+ 125ml - Maroc Prix\" \/>\n<meta property=\"og:description\" content=\"Clinique Dramatically Different Moisturizing Lotion+ 125ml\" \/>\n<meta property=\"og:url\" content=\"https:\/\/vitablanca.ma\/ar\/product-2\/clinique-dramatically-different-moisturizing-lotion-125ml\/\" \/>\n<meta property=\"og:site_name\" content=\"Vitablanca.ma &ndash; Sant&eacute;, vitalit&eacute; et bien-&ecirc;tre pour tous les Marocains\" \/>\n<meta property=\"article:publisher\" content=\"https:\/\/www.facebook.com\/profile.php?id=61576678196717\" \/>\n<meta property=\"article:modified_time\" content=\"2025-05-28T19:55:36+00:00\" \/>\n<meta property=\"og:image\" content=\"https:\/\/vitablanca.ma\/wp-content\/uploads\/2025\/05\/Clinique_Dramatically_Different_Moisturizing_Lotion_125ml.png\" \/>\n\t<meta property=\"og:image:width\" content=\"1620\" \/>\n\t<meta property=\"og:image:height\" content=\"1620\" \/>\n\t<meta property=\"og:image:type\" content=\"image\/png\" \/>\n<meta name=\"twitter:card\" content=\"summary_large_image\" \/>\n<script type=\"application\/ld+json\" class=\"yoast-schema-graph\">{\"@context\":\"https:\\\/\\\/schema.org\",\"@graph\":[{\"@type\":[\"WebPage\",\"ItemPage\"],\"@id\":\"https:\\\/\\\/vitablanca.ma\\\/produit\\\/clinique-dramatically-different-moisturizing-lotion-125ml\\\/\",\"url\":\"https:\\\/\\\/vitablanca.ma\\\/produit\\\/clinique-dramatically-different-moisturizing-lotion-125ml\\\/\",\"name\":\"Clinique Dramatically Different Moisturizing Lotion+ 125ml - Maroc Prix\",\"isPartOf\":{\"@id\":\"https:\\\/\\\/vitablanca.ma\\\/#website\"},\"primaryImageOfPage\":{\"@id\":\"https:\\\/\\\/vitablanca.ma\\\/produit\\\/clinique-dramatically-different-moisturizing-lotion-125ml\\\/#primaryimage\"},\"image\":{\"@id\":\"https:\\\/\\\/vitablanca.ma\\\/produit\\\/clinique-dramatically-different-moisturizing-lotion-125ml\\\/#primaryimage\"},\"thumbnailUrl\":\"https:\\\/\\\/vitablanca.ma\\\/wp-content\\\/uploads\\\/2025\\\/05\\\/Clinique_Dramatically_Different_Moisturizing_Lotion_125ml.png\",\"datePublished\":\"2025-05-28T19:47:24+00:00\",\"dateModified\":\"2025-05-28T19:55:36+00:00\",\"description\":\"Clinique Dramatically Different Moisturizing Lotion+ 125ml\",\"breadcrumb\":{\"@id\":\"https:\\\/\\\/vitablanca.ma\\\/produit\\\/clinique-dramatically-different-moisturizing-lotion-125ml\\\/#breadcrumb\"},\"inLanguage\":\"ar\",\"potentialAction\":[{\"@type\":\"ReadAction\",\"target\":[\"https:\\\/\\\/vitablanca.ma\\\/produit\\\/clinique-dramatically-different-moisturizing-lotion-125ml\\\/\"]}]},{\"@type\":\"ImageObject\",\"inLanguage\":\"ar\",\"@id\":\"https:\\\/\\\/vitablanca.ma\\\/produit\\\/clinique-dramatically-different-moisturizing-lotion-125ml\\\/#primaryimage\",\"url\":\"https:\\\/\\\/vitablanca.ma\\\/wp-content\\\/uploads\\\/2025\\\/05\\\/Clinique_Dramatically_Different_Moisturizing_Lotion_125ml.png\",\"contentUrl\":\"https:\\\/\\\/vitablanca.ma\\\/wp-content\\\/uploads\\\/2025\\\/05\\\/Clinique_Dramatically_Different_Moisturizing_Lotion_125ml.png\",\"width\":1620,\"height\":1620},{\"@type\":\"BreadcrumbList\",\"@id\":\"https:\\\/\\\/vitablanca.ma\\\/produit\\\/clinique-dramatically-different-moisturizing-lotion-125ml\\\/#breadcrumb\",\"itemListElement\":[{\"@type\":\"ListItem\",\"position\":1,\"name\":\"Home\",\"item\":\"https:\\\/\\\/vitablanca.ma\\\/\"},{\"@type\":\"ListItem\",\"position\":2,\"name\":\"Tous Les Produits\",\"item\":\"https:\\\/\\\/vitablanca.ma\\\/tous-les-produits\\\/\"},{\"@type\":\"ListItem\",\"position\":3,\"name\":\"Clinique Dramatically Different Moisturizing Lotion+ 125ml\"}]},{\"@type\":\"WebSite\",\"@id\":\"https:\\\/\\\/vitablanca.ma\\\/#website\",\"url\":\"https:\\\/\\\/vitablanca.ma\\\/\",\"name\":\"VitaBlanca.ma | Compl\u00e9ments alimentaires, sant\u00e9 & beaut\u00e9 au Maroc\",\"description\":\"vendre vitamines et compl\u00e9ments premium des USA &amp; Canada, Nouvelle Z\u00e9lande,Maroc (NOW Foods, Solgar, Manuka). Livraison rapide partout au Maroc.\",\"publisher\":{\"@id\":\"https:\\\/\\\/vitablanca.ma\\\/#organization\"},\"alternateName\":\"VitaBlanca.ma\",\"potentialAction\":[{\"@type\":\"SearchAction\",\"target\":{\"@type\":\"EntryPoint\",\"urlTemplate\":\"https:\\\/\\\/vitablanca.ma\\\/?s={search_term_string}\"},\"query-input\":{\"@type\":\"PropertyValueSpecification\",\"valueRequired\":true,\"valueName\":\"search_term_string\"}}],\"inLanguage\":\"ar\"},{\"@type\":\"Organization\",\"@id\":\"https:\\\/\\\/vitablanca.ma\\\/#organization\",\"name\":\"VitaBlanca\",\"url\":\"https:\\\/\\\/vitablanca.ma\\\/\",\"logo\":{\"@type\":\"ImageObject\",\"inLanguage\":\"ar\",\"@id\":\"https:\\\/\\\/vitablanca.ma\\\/#\\\/schema\\\/logo\\\/image\\\/\",\"url\":\"https:\\\/\\\/vitablanca.ma\\\/wp-content\\\/uploads\\\/2025\\\/05\\\/cropped-vitablanca.png\",\"contentUrl\":\"https:\\\/\\\/vitablanca.ma\\\/wp-content\\\/uploads\\\/2025\\\/05\\\/cropped-vitablanca.png\",\"width\":360,\"height\":67,\"caption\":\"VitaBlanca\"},\"image\":{\"@id\":\"https:\\\/\\\/vitablanca.ma\\\/#\\\/schema\\\/logo\\\/image\\\/\"},\"sameAs\":[\"https:\\\/\\\/www.facebook.com\\\/profile.php?id=61576678196717\",\"https:\\\/\\\/www.tiktok.com\\\/@vitablanca.ma\",\"https:\\\/\\\/www.instagram.com\\\/vitablanca.ma\\\/\"]}]}<\/script>\n<!-- \/ Yoast SEO plugin. -->","yoast_head_json":{"title":"Clinique Dramatically Different Moisturizing Lotion+ 125ml - Maroc Prix","description":"\u0644\u0648\u0634\u0646 \u0645\u0631\u0637\u0628 \u062f\u0631\u0627\u0645\u0627\u062a\u064a\u0643\u064a \u062f\u064a\u0641\u0631\u0646\u062a \u0645\u0646 \u0643\u0644\u064a\u0646\u064a\u0643+ 125 \u0645\u0644","robots":{"index":"index","follow":"follow","max-snippet":"max-snippet:-1","max-image-preview":"max-image-preview:large","max-video-preview":"max-video-preview:-1"},"canonical":"https:\/\/vitablanca.ma\/ar\/product-2\/clinique-dramatically-different-moisturizing-lotion-125ml\/","og_locale":"ar_AR","og_type":"article","og_title":"Clinique Dramatically Different Moisturizing Lotion+ 125ml - Maroc Prix","og_description":"Clinique Dramatically Different Moisturizing Lotion+ 125ml","og_url":"https:\/\/vitablanca.ma\/ar\/product-2\/clinique-dramatically-different-moisturizing-lotion-125ml\/","og_site_name":"Vitablanca.ma &ndash; Sant&eacute;, vitalit&eacute; et bien-&ecirc;tre pour tous les Marocains","article_publisher":"https:\/\/www.facebook.com\/profile.php?id=61576678196717","article_modified_time":"2025-05-28T19:55:36+00:00","og_image":[{"width":1620,"height":1620,"url":"https:\/\/vitablanca.ma\/wp-content\/uploads\/2025\/05\/Clinique_Dramatically_Different_Moisturizing_Lotion_125ml.png","type":"image\/png"}],"twitter_card":"summary_large_image","schema":{"@context":"https:\/\/schema.org","@graph":[{"@type":["WebPage","ItemPage"],"@id":"https:\/\/vitablanca.ma\/produit\/clinique-dramatically-different-moisturizing-lotion-125ml\/","url":"https:\/\/vitablanca.ma\/produit\/clinique-dramatically-different-moisturizing-lotion-125ml\/","name":"Clinique Dramatically Different Moisturizing Lotion+ 125ml - Maroc Prix","isPartOf":{"@id":"https:\/\/vitablanca.ma\/#website"},"primaryImageOfPage":{"@id":"https:\/\/vitablanca.ma\/produit\/clinique-dramatically-different-moisturizing-lotion-125ml\/#primaryimage"},"image":{"@id":"https:\/\/vitablanca.ma\/produit\/clinique-dramatically-different-moisturizing-lotion-125ml\/#primaryimage"},"thumbnailUrl":"https:\/\/vitablanca.ma\/wp-content\/uploads\/2025\/05\/Clinique_Dramatically_Different_Moisturizing_Lotion_125ml.png","datePublished":"2025-05-28T19:47:24+00:00","dateModified":"2025-05-28T19:55:36+00:00","description":"\u0644\u0648\u0634\u0646 \u0645\u0631\u0637\u0628 \u062f\u0631\u0627\u0645\u0627\u062a\u064a\u0643\u064a \u062f\u064a\u0641\u0631\u0646\u062a \u0645\u0646 \u0643\u0644\u064a\u0646\u064a\u0643+ 125 \u0645\u0644","breadcrumb":{"@id":"https:\/\/vitablanca.ma\/produit\/clinique-dramatically-different-moisturizing-lotion-125ml\/#breadcrumb"},"inLanguage":"ar","potentialAction":[{"@type":"ReadAction","target":["https:\/\/vitablanca.ma\/produit\/clinique-dramatically-different-moisturizing-lotion-125ml\/"]}]},{"@type":"ImageObject","inLanguage":"ar","@id":"https:\/\/vitablanca.ma\/produit\/clinique-dramatically-different-moisturizing-lotion-125ml\/#primaryimage","url":"https:\/\/vitablanca.ma\/wp-content\/uploads\/2025\/05\/Clinique_Dramatically_Different_Moisturizing_Lotion_125ml.png","contentUrl":"https:\/\/vitablanca.ma\/wp-content\/uploads\/2025\/05\/Clinique_Dramatically_Different_Moisturizing_Lotion_125ml.png","width":1620,"height":1620},{"@type":"BreadcrumbList","@id":"https:\/\/vitablanca.ma\/produit\/clinique-dramatically-different-moisturizing-lotion-125ml\/#breadcrumb","itemListElement":[{"@type":"ListItem","position":1,"name":"Home","item":"https:\/\/vitablanca.ma\/"},{"@type":"ListItem","position":2,"name":"Tous Les Produits","item":"https:\/\/vitablanca.ma\/tous-les-produits\/"},{"@type":"ListItem","position":3,"name":"Clinique Dramatically Different Moisturizing Lotion+ 125ml"}]},{"@type":"WebSite","@id":"https:\/\/vitablanca.ma\/#website","url":"https:\/\/vitablanca.ma\/","name":"VitaBlanca.ma | \u0627\u0644\u0645\u0643\u0645\u0644\u0627\u062a \u0627\u0644\u063a\u0630\u0627\u0626\u064a\u0629\u060c \u0627\u0644\u0635\u062d\u0629 \u0648\u0627\u0644\u062c\u0645\u0627\u0644 \u0641\u064a \u0627\u0644\u0645\u063a\u0631\u0628","description":"\u0646\u0628\u064a\u0639 \u0641\u064a\u062a\u0627\u0645\u064a\u0646\u0627\u062a \u0648\u0645\u0643\u0645\u0644\u0627\u062a \u063a\u0630\u0627\u0626\u064a\u0629 \u0641\u0627\u062e\u0631\u0629 \u0645\u0646 \u0627\u0644\u0648\u0644\u0627\u064a\u0627\u062a \u0627\u0644\u0645\u062a\u062d\u062f\u0629 \u0627\u0644\u0623\u0645\u0631\u064a\u0643\u064a\u0629 \u0648\u0643\u0646\u062f\u0627 \u0648\u0646\u064a\u0648\u0632\u064a\u0644\u0646\u062f\u0627 \u0648\u0627\u0644\u0645\u063a\u0631\u0628 (\u0646\u0627\u0648 \u0641\u0648\u062f\u0632\u060c \u0633\u0648\u0644\u062c\u0627\u0631\u060c \u0645\u0627\u0646\u0648\u0643\u0627). \u062a\u0648\u0635\u064a\u0644 \u0633\u0631\u064a\u0639 \u0625\u0644\u0649 \u062c\u0645\u064a\u0639 \u0623\u0646\u062d\u0627\u0621 \u0627\u0644\u0645\u063a\u0631\u0628.","publisher":{"@id":"https:\/\/vitablanca.ma\/#organization"},"alternateName":"VitaBlanca.ma","potentialAction":[{"@type":"SearchAction","target":{"@type":"EntryPoint","urlTemplate":"https:\/\/vitablanca.ma\/?s={search_term_string}"},"query-input":{"@type":"PropertyValueSpecification","valueRequired":true,"valueName":"search_term_string"}}],"inLanguage":"ar"},{"@type":"Organization","@id":"https:\/\/vitablanca.ma\/#organization","name":"\u0641\u064a\u062a\u0627\u0628\u0644\u0627\u0646\u0643\u0627","url":"https:\/\/vitablanca.ma\/","logo":{"@type":"ImageObject","inLanguage":"ar","@id":"https:\/\/vitablanca.ma\/#\/schema\/logo\/image\/","url":"https:\/\/vitablanca.ma\/wp-content\/uploads\/2025\/05\/cropped-vitablanca.png","contentUrl":"https:\/\/vitablanca.ma\/wp-content\/uploads\/2025\/05\/cropped-vitablanca.png","width":360,"height":67,"caption":"VitaBlanca"},"image":{"@id":"https:\/\/vitablanca.ma\/#\/schema\/logo\/image\/"},"sameAs":["https:\/\/www.facebook.com\/profile.php?id=61576678196717","https:\/\/www.tiktok.com\/@vitablanca.ma","https:\/\/www.instagram.com\/vitablanca.ma\/"]}]}},"jetpack_sharing_enabled":true,"_links":{"self":[{"href":"https:\/\/vitablanca.ma\/ar\/wp-json\/wp\/v2\/product\/10422","targetHints":{"allow":["GET"]}}],"collection":[{"href":"https:\/\/vitablanca.ma\/ar\/wp-json\/wp\/v2\/product"}],"about":[{"href":"https:\/\/vitablanca.ma\/ar\/wp-json\/wp\/v2\/types\/product"}],"wp:featuredmedia":[{"embeddable":true,"href":"https:\/\/vitablanca.ma\/ar\/wp-json\/wp\/v2\/media\/10419"}],"wp:attachment":[{"href":"https:\/\/vitablanca.ma\/ar\/wp-json\/wp\/v2\/media?parent=10422"}],"wp:term":[{"taxonomy":"product_brand","embeddable":true,"href":"https:\/\/vitablanca.ma\/ar\/wp-json\/wp\/v2\/product_brand?post=10422"},{"taxonomy":"product_cat","embeddable":true,"href":"https:\/\/vitablanca.ma\/ar\/wp-json\/wp\/v2\/product_cat?post=10422"},{"taxonomy":"product_tag","embeddable":true,"href":"https:\/\/vitablanca.ma\/ar\/wp-json\/wp\/v2\/product_tag?post=10422"}],"curies":[{"name":"wp","href":"https:\/\/api.w.org\/{rel}","templated":true}]}}