{"id":10394,"date":"2025-05-28T19:46:18","date_gmt":"2025-05-28T19:46:18","guid":{"rendered":"https:\/\/vitablanca.ma\/product\/estee-lauder-advanced-night-repair-serum-complexe-multi-reparation-synchronisee\/"},"modified":"2025-08-16T17:57:03","modified_gmt":"2025-08-16T17:57:03","slug":"estee-lauder-advanced-night-repair-serum-complexe-multi-reparation-synchronisee","status":"publish","type":"product","link":"https:\/\/vitablanca.ma\/ar\/product-2\/estee-lauder-advanced-night-repair-serum-complexe-multi-reparation-synchronisee\/","title":{"rendered":"Est\u00e9e Lauder &#8211; Advanced Night Repair S\u00e9rum Complexe Multi-R\u00e9paration Synchronis\u00e9e"},"content":{"rendered":"<p>S\u00e9rum Advanced Night Repair : r\u00e9veillez-vous chaque matin avec votre plus belle peau :<\/p>\n<p>Toutes les nuits:<\/p>\n<p>Pendant votre sommeil, le s\u00e9rum complexe multi-r\u00e9paration synchronis\u00e9e Advanced Night Repair aide votre peau \u00e0 stimuler son processus naturel de r\u00e9paration. Cette formule avanc\u00e9e dot\u00e9e de la technologie exclusive Chronolux (TM)Power Signal aide la peau \u00e0 stimuler sa production naturelle de nouvelles cellules fraiches et de collag\u00e8ne. La peau est plus ferme et plus rebondie. Les ridules sont visiblement att\u00e9nu\u00e9es.<br \/>\nDe plus, une forte concentration en acide hyaluronique aide la peau \u00e0 rester hydrat\u00e9e pendant 72 heures. L&rsquo;environnement est id\u00e9al pour optimiser le processus naturel de r\u00e9paration de la peau. Formule brevet\u00e9e jusqu&rsquo;en 2033.<\/p>\n<p>Tous les jours:<\/p>\n<p>Pendant la journ\u00e9e, ce s\u00e9rum surpuissant aide la peau \u00e0 se prot\u00e9ger des agressions ext\u00e9rieures. Cette nouvelle formule a d\u00e9montr\u00e9 sa capacit\u00e9 \u00e0 offrir une protection antioxydante de 8 heures : la peau parait plus jeune, plus longtemps.<br \/>\nRiche en antioxydants, ce s\u00e9rum prot\u00e8ge la peau des dommages caus\u00e9s par l&rsquo;environnement, comme la pollution (comme l&rsquo;ozone et les micropoussi\u00e8res), les radicaux libres g\u00e9n\u00e9r\u00e9s par les UV, la lumi\u00e8re bleue et les infrarouges.<\/p>","protected":false},"excerpt":{"rendered":"<p>S\u00e9rum Advanced Night Repair : r\u00e9veillez-vous chaque matin avec votre plus belle peau : Toutes les nuits: Pendant votre sommeil, le s\u00e9rum complexe multi-r\u00e9paration synchronis\u00e9e Advanced Night Repair aide votre peau \u00e0 stimuler son processus naturel de r\u00e9paration. Cette formule avanc\u00e9e dot\u00e9e de la technologie exclusive Chronolux (TM)Power Signal aide la peau \u00e0 stimuler sa [&hellip;]<\/p>\n","protected":false},"featured_media":10393,"template":"","meta":{"om_disable_all_campaigns":false},"product_brand":[],"product_cat":[18,1186],"product_tag":[],"class_list":{"0":"post-10394","1":"product","2":"type-product","3":"status-publish","4":"has-post-thumbnail","6":"product_cat-beaute-sante","7":"product_cat-visage","9":"first","10":"instock","11":"taxable","12":"shipping-taxable","13":"purchasable","14":"product-type-simple"},"yoast_head":"<!-- This site is optimized with the Yoast SEO plugin v27.3 - https:\/\/yoast.com\/product\/yoast-seo-wordpress\/ -->\n<title>Est\u00e9e Lauder - Advanced Night Repair S\u00e9rum Complexe Multi-R\u00e9paration Synchronis\u00e9e - Maroc Prix<\/title>\n<meta name=\"description\" content=\"Est\u00e9e Lauder - Advanced Night Repair S\u00e9rum Complexe Multi-R\u00e9paration Synchronis\u00e9e\" \/>\n<meta name=\"robots\" content=\"index, follow, max-snippet:-1, max-image-preview:large, max-video-preview:-1\" \/>\n<link rel=\"canonical\" href=\"https:\/\/vitablanca.ma\/ar\/product-2\/estee-lauder-advanced-night-repair-serum-complexe-multi-reparation-synchronisee\/\" \/>\n<meta property=\"og:locale\" content=\"ar_AR\" \/>\n<meta property=\"og:type\" content=\"article\" \/>\n<meta property=\"og:title\" content=\"Est\u00e9e Lauder - Advanced Night Repair S\u00e9rum Complexe Multi-R\u00e9paration Synchronis\u00e9e - Maroc Prix\" \/>\n<meta property=\"og:description\" content=\"Est\u00e9e Lauder - Advanced Night Repair S\u00e9rum Complexe Multi-R\u00e9paration Synchronis\u00e9e\" \/>\n<meta property=\"og:url\" content=\"https:\/\/vitablanca.ma\/ar\/product-2\/estee-lauder-advanced-night-repair-serum-complexe-multi-reparation-synchronisee\/\" \/>\n<meta property=\"og:site_name\" content=\"Vitablanca.ma &ndash; Sant&eacute;, vitalit&eacute; et bien-&ecirc;tre pour tous les Marocains\" \/>\n<meta property=\"article:publisher\" content=\"https:\/\/www.facebook.com\/profile.php?id=61576678196717\" \/>\n<meta property=\"article:modified_time\" content=\"2025-08-16T17:57:03+00:00\" \/>\n<meta property=\"og:image\" content=\"https:\/\/vitablanca.ma\/wp-content\/uploads\/2025\/05\/Estee-Lauder-advanced-night-repair_6ff645e2-f377-4731-8dbd-3f1b28569fc6.jpg\" \/>\n\t<meta property=\"og:image:width\" content=\"800\" \/>\n\t<meta property=\"og:image:height\" content=\"800\" \/>\n\t<meta property=\"og:image:type\" content=\"image\/jpeg\" \/>\n<meta name=\"twitter:card\" content=\"summary_large_image\" \/>\n<meta name=\"twitter:label1\" content=\"\u0648\u0642\u062a \u0627\u0644\u0642\u0631\u0627\u0621\u0629 \u0627\u0644\u0645\u064f\u0642\u062f\u0651\u0631\" \/>\n\t<meta name=\"twitter:data1\" content=\"\u062f\u0642\u064a\u0642\u0629 \u0648\u0627\u062d\u062f\u0629\" \/>\n<script type=\"application\/ld+json\" class=\"yoast-schema-graph\">{\"@context\":\"https:\\\/\\\/schema.org\",\"@graph\":[{\"@type\":[\"WebPage\",\"ItemPage\"],\"@id\":\"https:\\\/\\\/vitablanca.ma\\\/produit\\\/estee-lauder-advanced-night-repair-serum-complexe-multi-reparation-synchronisee\\\/\",\"url\":\"https:\\\/\\\/vitablanca.ma\\\/produit\\\/estee-lauder-advanced-night-repair-serum-complexe-multi-reparation-synchronisee\\\/\",\"name\":\"Est\u00e9e Lauder - Advanced Night Repair S\u00e9rum Complexe Multi-R\u00e9paration Synchronis\u00e9e - Maroc Prix\",\"isPartOf\":{\"@id\":\"https:\\\/\\\/vitablanca.ma\\\/#website\"},\"primaryImageOfPage\":{\"@id\":\"https:\\\/\\\/vitablanca.ma\\\/produit\\\/estee-lauder-advanced-night-repair-serum-complexe-multi-reparation-synchronisee\\\/#primaryimage\"},\"image\":{\"@id\":\"https:\\\/\\\/vitablanca.ma\\\/produit\\\/estee-lauder-advanced-night-repair-serum-complexe-multi-reparation-synchronisee\\\/#primaryimage\"},\"thumbnailUrl\":\"https:\\\/\\\/vitablanca.ma\\\/wp-content\\\/uploads\\\/2025\\\/05\\\/Estee-Lauder-advanced-night-repair_6ff645e2-f377-4731-8dbd-3f1b28569fc6.jpg\",\"datePublished\":\"2025-05-28T19:46:18+00:00\",\"dateModified\":\"2025-08-16T17:57:03+00:00\",\"description\":\"Est\u00e9e Lauder - Advanced Night Repair S\u00e9rum Complexe Multi-R\u00e9paration Synchronis\u00e9e\",\"breadcrumb\":{\"@id\":\"https:\\\/\\\/vitablanca.ma\\\/produit\\\/estee-lauder-advanced-night-repair-serum-complexe-multi-reparation-synchronisee\\\/#breadcrumb\"},\"inLanguage\":\"ar\",\"potentialAction\":[{\"@type\":\"ReadAction\",\"target\":[\"https:\\\/\\\/vitablanca.ma\\\/produit\\\/estee-lauder-advanced-night-repair-serum-complexe-multi-reparation-synchronisee\\\/\"]}]},{\"@type\":\"ImageObject\",\"inLanguage\":\"ar\",\"@id\":\"https:\\\/\\\/vitablanca.ma\\\/produit\\\/estee-lauder-advanced-night-repair-serum-complexe-multi-reparation-synchronisee\\\/#primaryimage\",\"url\":\"https:\\\/\\\/vitablanca.ma\\\/wp-content\\\/uploads\\\/2025\\\/05\\\/Estee-Lauder-advanced-night-repair_6ff645e2-f377-4731-8dbd-3f1b28569fc6.jpg\",\"contentUrl\":\"https:\\\/\\\/vitablanca.ma\\\/wp-content\\\/uploads\\\/2025\\\/05\\\/Estee-Lauder-advanced-night-repair_6ff645e2-f377-4731-8dbd-3f1b28569fc6.jpg\",\"width\":800,\"height\":800},{\"@type\":\"BreadcrumbList\",\"@id\":\"https:\\\/\\\/vitablanca.ma\\\/produit\\\/estee-lauder-advanced-night-repair-serum-complexe-multi-reparation-synchronisee\\\/#breadcrumb\",\"itemListElement\":[{\"@type\":\"ListItem\",\"position\":1,\"name\":\"Home\",\"item\":\"https:\\\/\\\/vitablanca.ma\\\/\"},{\"@type\":\"ListItem\",\"position\":2,\"name\":\"Tous Les Produits\",\"item\":\"https:\\\/\\\/vitablanca.ma\\\/tous-les-produits\\\/\"},{\"@type\":\"ListItem\",\"position\":3,\"name\":\"Est\u00e9e Lauder &#8211; Advanced Night Repair S\u00e9rum Complexe Multi-R\u00e9paration Synchronis\u00e9e\"}]},{\"@type\":\"WebSite\",\"@id\":\"https:\\\/\\\/vitablanca.ma\\\/#website\",\"url\":\"https:\\\/\\\/vitablanca.ma\\\/\",\"name\":\"VitaBlanca.ma | Compl\u00e9ments alimentaires, sant\u00e9 & beaut\u00e9 au Maroc\",\"description\":\"vendre vitamines et compl\u00e9ments premium des USA &amp; Canada, Nouvelle Z\u00e9lande,Maroc (NOW Foods, Solgar, Manuka). Livraison rapide partout au Maroc.\",\"publisher\":{\"@id\":\"https:\\\/\\\/vitablanca.ma\\\/#organization\"},\"alternateName\":\"VitaBlanca.ma\",\"potentialAction\":[{\"@type\":\"SearchAction\",\"target\":{\"@type\":\"EntryPoint\",\"urlTemplate\":\"https:\\\/\\\/vitablanca.ma\\\/?s={search_term_string}\"},\"query-input\":{\"@type\":\"PropertyValueSpecification\",\"valueRequired\":true,\"valueName\":\"search_term_string\"}}],\"inLanguage\":\"ar\"},{\"@type\":\"Organization\",\"@id\":\"https:\\\/\\\/vitablanca.ma\\\/#organization\",\"name\":\"VitaBlanca\",\"url\":\"https:\\\/\\\/vitablanca.ma\\\/\",\"logo\":{\"@type\":\"ImageObject\",\"inLanguage\":\"ar\",\"@id\":\"https:\\\/\\\/vitablanca.ma\\\/#\\\/schema\\\/logo\\\/image\\\/\",\"url\":\"https:\\\/\\\/vitablanca.ma\\\/wp-content\\\/uploads\\\/2025\\\/05\\\/cropped-vitablanca.png\",\"contentUrl\":\"https:\\\/\\\/vitablanca.ma\\\/wp-content\\\/uploads\\\/2025\\\/05\\\/cropped-vitablanca.png\",\"width\":360,\"height\":67,\"caption\":\"VitaBlanca\"},\"image\":{\"@id\":\"https:\\\/\\\/vitablanca.ma\\\/#\\\/schema\\\/logo\\\/image\\\/\"},\"sameAs\":[\"https:\\\/\\\/www.facebook.com\\\/profile.php?id=61576678196717\",\"https:\\\/\\\/www.tiktok.com\\\/@vitablanca.ma\",\"https:\\\/\\\/www.instagram.com\\\/vitablanca.ma\\\/\"]}]}<\/script>\n<!-- \/ Yoast SEO plugin. -->","yoast_head_json":{"title":"Est\u00e9e Lauder - Advanced Night Repair S\u00e9rum Complexe Multi-R\u00e9paration Synchronis\u00e9e - Maroc Prix","description":"\u0625\u0633\u062a\u064a \u0644\u0648\u062f\u0631 - \u0633\u064a\u0631\u0648\u0645 \u0644\u064a\u0644\u064a \u0645\u062a\u0637\u0648\u0631 \u0644\u0625\u0635\u0644\u0627\u062d \u0627\u0644\u0628\u0634\u0631\u0629 \u0645\u062a\u0639\u062f\u062f \u0627\u0644\u0625\u0635\u0644\u0627\u062d\u0627\u062a \u0627\u0644\u0645\u062a\u0632\u0627\u0645\u0646","robots":{"index":"index","follow":"follow","max-snippet":"max-snippet:-1","max-image-preview":"max-image-preview:large","max-video-preview":"max-video-preview:-1"},"canonical":"https:\/\/vitablanca.ma\/ar\/product-2\/estee-lauder-advanced-night-repair-serum-complexe-multi-reparation-synchronisee\/","og_locale":"ar_AR","og_type":"article","og_title":"Est\u00e9e Lauder - Advanced Night Repair S\u00e9rum Complexe Multi-R\u00e9paration Synchronis\u00e9e - Maroc Prix","og_description":"Est\u00e9e Lauder - Advanced Night Repair S\u00e9rum Complexe Multi-R\u00e9paration Synchronis\u00e9e","og_url":"https:\/\/vitablanca.ma\/ar\/product-2\/estee-lauder-advanced-night-repair-serum-complexe-multi-reparation-synchronisee\/","og_site_name":"Vitablanca.ma &ndash; Sant&eacute;, vitalit&eacute; et bien-&ecirc;tre pour tous les Marocains","article_publisher":"https:\/\/www.facebook.com\/profile.php?id=61576678196717","article_modified_time":"2025-08-16T17:57:03+00:00","og_image":[{"width":800,"height":800,"url":"https:\/\/vitablanca.ma\/wp-content\/uploads\/2025\/05\/Estee-Lauder-advanced-night-repair_6ff645e2-f377-4731-8dbd-3f1b28569fc6.jpg","type":"image\/jpeg"}],"twitter_card":"summary_large_image","twitter_misc":{"\u0648\u0642\u062a \u0627\u0644\u0642\u0631\u0627\u0621\u0629 \u0627\u0644\u0645\u064f\u0642\u062f\u0651\u0631":"\u062f\u0642\u064a\u0642\u0629 \u0648\u0627\u062d\u062f\u0629"},"schema":{"@context":"https:\/\/schema.org","@graph":[{"@type":["WebPage","ItemPage"],"@id":"https:\/\/vitablanca.ma\/produit\/estee-lauder-advanced-night-repair-serum-complexe-multi-reparation-synchronisee\/","url":"https:\/\/vitablanca.ma\/produit\/estee-lauder-advanced-night-repair-serum-complexe-multi-reparation-synchronisee\/","name":"Est\u00e9e Lauder - Advanced Night Repair S\u00e9rum Complexe Multi-R\u00e9paration Synchronis\u00e9e - Maroc Prix","isPartOf":{"@id":"https:\/\/vitablanca.ma\/#website"},"primaryImageOfPage":{"@id":"https:\/\/vitablanca.ma\/produit\/estee-lauder-advanced-night-repair-serum-complexe-multi-reparation-synchronisee\/#primaryimage"},"image":{"@id":"https:\/\/vitablanca.ma\/produit\/estee-lauder-advanced-night-repair-serum-complexe-multi-reparation-synchronisee\/#primaryimage"},"thumbnailUrl":"https:\/\/vitablanca.ma\/wp-content\/uploads\/2025\/05\/Estee-Lauder-advanced-night-repair_6ff645e2-f377-4731-8dbd-3f1b28569fc6.jpg","datePublished":"2025-05-28T19:46:18+00:00","dateModified":"2025-08-16T17:57:03+00:00","description":"\u0625\u0633\u062a\u064a \u0644\u0648\u062f\u0631 - \u0633\u064a\u0631\u0648\u0645 \u0644\u064a\u0644\u064a \u0645\u062a\u0637\u0648\u0631 \u0644\u0625\u0635\u0644\u0627\u062d \u0627\u0644\u0628\u0634\u0631\u0629 \u0645\u062a\u0639\u062f\u062f \u0627\u0644\u0625\u0635\u0644\u0627\u062d\u0627\u062a \u0627\u0644\u0645\u062a\u0632\u0627\u0645\u0646","breadcrumb":{"@id":"https:\/\/vitablanca.ma\/produit\/estee-lauder-advanced-night-repair-serum-complexe-multi-reparation-synchronisee\/#breadcrumb"},"inLanguage":"ar","potentialAction":[{"@type":"ReadAction","target":["https:\/\/vitablanca.ma\/produit\/estee-lauder-advanced-night-repair-serum-complexe-multi-reparation-synchronisee\/"]}]},{"@type":"ImageObject","inLanguage":"ar","@id":"https:\/\/vitablanca.ma\/produit\/estee-lauder-advanced-night-repair-serum-complexe-multi-reparation-synchronisee\/#primaryimage","url":"https:\/\/vitablanca.ma\/wp-content\/uploads\/2025\/05\/Estee-Lauder-advanced-night-repair_6ff645e2-f377-4731-8dbd-3f1b28569fc6.jpg","contentUrl":"https:\/\/vitablanca.ma\/wp-content\/uploads\/2025\/05\/Estee-Lauder-advanced-night-repair_6ff645e2-f377-4731-8dbd-3f1b28569fc6.jpg","width":800,"height":800},{"@type":"BreadcrumbList","@id":"https:\/\/vitablanca.ma\/produit\/estee-lauder-advanced-night-repair-serum-complexe-multi-reparation-synchronisee\/#breadcrumb","itemListElement":[{"@type":"ListItem","position":1,"name":"Home","item":"https:\/\/vitablanca.ma\/"},{"@type":"ListItem","position":2,"name":"Tous Les Produits","item":"https:\/\/vitablanca.ma\/tous-les-produits\/"},{"@type":"ListItem","position":3,"name":"Est\u00e9e Lauder &#8211; Advanced Night Repair S\u00e9rum Complexe Multi-R\u00e9paration Synchronis\u00e9e"}]},{"@type":"WebSite","@id":"https:\/\/vitablanca.ma\/#website","url":"https:\/\/vitablanca.ma\/","name":"VitaBlanca.ma | \u0627\u0644\u0645\u0643\u0645\u0644\u0627\u062a \u0627\u0644\u063a\u0630\u0627\u0626\u064a\u0629\u060c \u0627\u0644\u0635\u062d\u0629 \u0648\u0627\u0644\u062c\u0645\u0627\u0644 \u0641\u064a \u0627\u0644\u0645\u063a\u0631\u0628","description":"\u0646\u0628\u064a\u0639 \u0641\u064a\u062a\u0627\u0645\u064a\u0646\u0627\u062a \u0648\u0645\u0643\u0645\u0644\u0627\u062a \u063a\u0630\u0627\u0626\u064a\u0629 \u0641\u0627\u062e\u0631\u0629 \u0645\u0646 \u0627\u0644\u0648\u0644\u0627\u064a\u0627\u062a \u0627\u0644\u0645\u062a\u062d\u062f\u0629 \u0627\u0644\u0623\u0645\u0631\u064a\u0643\u064a\u0629 \u0648\u0643\u0646\u062f\u0627 \u0648\u0646\u064a\u0648\u0632\u064a\u0644\u0646\u062f\u0627 \u0648\u0627\u0644\u0645\u063a\u0631\u0628 (\u0646\u0627\u0648 \u0641\u0648\u062f\u0632\u060c \u0633\u0648\u0644\u062c\u0627\u0631\u060c \u0645\u0627\u0646\u0648\u0643\u0627). \u062a\u0648\u0635\u064a\u0644 \u0633\u0631\u064a\u0639 \u0625\u0644\u0649 \u062c\u0645\u064a\u0639 \u0623\u0646\u062d\u0627\u0621 \u0627\u0644\u0645\u063a\u0631\u0628.","publisher":{"@id":"https:\/\/vitablanca.ma\/#organization"},"alternateName":"VitaBlanca.ma","potentialAction":[{"@type":"SearchAction","target":{"@type":"EntryPoint","urlTemplate":"https:\/\/vitablanca.ma\/?s={search_term_string}"},"query-input":{"@type":"PropertyValueSpecification","valueRequired":true,"valueName":"search_term_string"}}],"inLanguage":"ar"},{"@type":"Organization","@id":"https:\/\/vitablanca.ma\/#organization","name":"\u0641\u064a\u062a\u0627\u0628\u0644\u0627\u0646\u0643\u0627","url":"https:\/\/vitablanca.ma\/","logo":{"@type":"ImageObject","inLanguage":"ar","@id":"https:\/\/vitablanca.ma\/#\/schema\/logo\/image\/","url":"https:\/\/vitablanca.ma\/wp-content\/uploads\/2025\/05\/cropped-vitablanca.png","contentUrl":"https:\/\/vitablanca.ma\/wp-content\/uploads\/2025\/05\/cropped-vitablanca.png","width":360,"height":67,"caption":"VitaBlanca"},"image":{"@id":"https:\/\/vitablanca.ma\/#\/schema\/logo\/image\/"},"sameAs":["https:\/\/www.facebook.com\/profile.php?id=61576678196717","https:\/\/www.tiktok.com\/@vitablanca.ma","https:\/\/www.instagram.com\/vitablanca.ma\/"]}]}},"jetpack_sharing_enabled":true,"_links":{"self":[{"href":"https:\/\/vitablanca.ma\/ar\/wp-json\/wp\/v2\/product\/10394","targetHints":{"allow":["GET"]}}],"collection":[{"href":"https:\/\/vitablanca.ma\/ar\/wp-json\/wp\/v2\/product"}],"about":[{"href":"https:\/\/vitablanca.ma\/ar\/wp-json\/wp\/v2\/types\/product"}],"wp:featuredmedia":[{"embeddable":true,"href":"https:\/\/vitablanca.ma\/ar\/wp-json\/wp\/v2\/media\/10393"}],"wp:attachment":[{"href":"https:\/\/vitablanca.ma\/ar\/wp-json\/wp\/v2\/media?parent=10394"}],"wp:term":[{"taxonomy":"product_brand","embeddable":true,"href":"https:\/\/vitablanca.ma\/ar\/wp-json\/wp\/v2\/product_brand?post=10394"},{"taxonomy":"product_cat","embeddable":true,"href":"https:\/\/vitablanca.ma\/ar\/wp-json\/wp\/v2\/product_cat?post=10394"},{"taxonomy":"product_tag","embeddable":true,"href":"https:\/\/vitablanca.ma\/ar\/wp-json\/wp\/v2\/product_tag?post=10394"}],"curies":[{"name":"wp","href":"https:\/\/api.w.org\/{rel}","templated":true}]}}