{"id":10387,"date":"2025-05-28T19:45:35","date_gmt":"2025-05-28T19:45:35","guid":{"rendered":"https:\/\/vitablanca.ma\/product\/lancome-genifique-creme-activatrice-de-jeunesse-testeur\/"},"modified":"2025-05-28T19:55:37","modified_gmt":"2025-05-28T19:55:37","slug":"lancome-genifique-creme-activatrice-de-jeunesse-testeur","status":"publish","type":"product","link":"https:\/\/vitablanca.ma\/ar\/product-2\/lancome-genifique-creme-activatrice-de-jeunesse-testeur\/","title":{"rendered":"\u0643\u0631\u064a\u0645 \u0644\u0627\u0646\u0643\u0648\u0645 \u062c\u064a\u0646\u064a\u0641\u064a\u0643 \u0627\u0644\u0645\u0646\u0634\u0637 \u0644\u0644\u0634\u0628\u0627\u0628"},"content":{"rendered":"<p>\u0643\u0631\u064a\u0645 \u0644\u0627\u0646\u0643\u0648\u0645 \u062c\u064a\u0646\u064a\u0641\u064a\u0643 \u0627\u0644\u0645\u0646\u0634\u0637 \u0644\u0644\u0634\u0628\u0627\u0628. \u0643\u0631\u064a\u0645 \u0646\u0647\u0627\u0631\u064a \u0645\u064f\u0646\u0634\u0650\u0651\u0637 \u0644\u0644\u0634\u0628\u0627\u0628\u060c \u0645\u0646\u0627\u0633\u0628 \u0644\u062c\u0645\u064a\u0639 \u0623\u0646\u0648\u0627\u0639 \u0627\u0644\u0628\u0634\u0631\u0629.<\/p>\n<div><\/div>\n<div>\u0627\u0633\u062a\u0648\u062d\u062a \u0645\u062e\u062a\u0628\u0631\u0627\u062a \u0644\u0627\u0646\u0643\u0648\u0645 \u0647\u0630\u0627 \u0627\u0644\u0643\u0631\u064a\u0645 \u0645\u0646 \u0633\u064a\u0631\u0648\u0645\u0647\u0627 \u0627\u0644\u0634\u0647\u064a\u0631. \u064a\u062a\u0645\u064a\u0632 \u0628\u0642\u0648\u0627\u0645 \u0645\u062e\u0645\u0644\u064a \u063a\u0646\u064a \u0628\u0645\u0643\u0648\u0646\u0627\u062a \u0641\u0639\u0627\u0644\u0629 \u0645\u064f\u0646\u0639\u0651\u0645\u0629.<\/div>\n<div><\/div>\n<div>\u064a\u064f\u0646\u0634\u0651\u0637 \u0645\u0638\u0647\u0631 \u0627\u0644\u0628\u0634\u0631\u0629 \u0627\u0644\u0634\u0628\u0627\u0628\u064a\u060c \u0641\u064a\u062a\u0631\u0643\u0647\u0627 \u0623\u0643\u062b\u0631 \u0646\u0639\u0648\u0645\u0629\u064b \u0648\u0625\u0634\u0631\u0627\u0642\u064b\u0627 \u0648\u0625\u0634\u0631\u0627\u0642\u064b\u0627. \u064a\u064f\u0636\u0641\u064a \u0647\u0630\u0627 \u0627\u0644\u0643\u0631\u064a\u0645 \u0634\u0639\u0648\u0631\u064b\u0627 \u0628\u0627\u0644\u0631\u0627\u062d\u0629 \u0648\u0627\u0644\u062d\u0645\u0627\u064a\u0629 \u0639\u0644\u0649 \u0627\u0644\u0628\u0634\u0631\u0629.<\/div>\n<div><\/div>\n<div>\u064a\u064f\u0646\u0635\u062d \u0628\u0627\u0633\u062a\u062e\u062f\u0627\u0645 \u0647\u0630\u0627 \u0627\u0644\u0645\u0646\u062a\u062c \u064a\u0648\u0645\u064a\u064b\u0627 \u0639\u0644\u0649 \u0627\u0644\u0628\u0634\u0631\u0629 \u0627\u0644\u0628\u0627\u0647\u062a\u0629\u060c \u0627\u0644\u062a\u064a \u062a\u0639\u0627\u0646\u064a \u0645\u0646 \u0627\u0644\u062e\u0637\u0648\u0637 \u0627\u0644\u062f\u0642\u064a\u0642\u0629 \u0648\u0627\u0644\u062a\u062c\u0627\u0639\u064a\u062f \u0648\u0627\u0644\u062a\u064a \u0641\u0642\u062f\u062a \u0645\u0631\u0648\u0646\u062a\u0647\u0627 \u0648\u0635\u0644\u0627\u0628\u062a\u0647\u0627.<\/div>","protected":false},"excerpt":{"rendered":"<p>G\u00c9NIFIQUE Cr\u00e8me Activatrice de Jeunesse de Lanc\u00f4me. Une cr\u00e8me de jour activatrice de jeunesse pour tous les types de peau. Les laboratoires Lanc\u00f4me s&rsquo;inspirent de son s\u00e9rum embl\u00e9matique pour pr\u00e9senter cette cr\u00e8me. Sa texture est velout\u00e9e et est enrichie des actifs de lissage. Active l&rsquo;apparence juv\u00e9nile de la peau, la laissant plus lisse, plus lumineuse [&hellip;]<\/p>\n","protected":false},"featured_media":10384,"template":"","meta":{"om_disable_all_campaigns":false},"product_brand":[],"product_cat":[18,15,1186],"product_tag":[],"class_list":{"0":"post-10387","1":"product","2":"type-product","3":"status-publish","4":"has-post-thumbnail","6":"product_cat-beaute-sante","7":"product_cat-beaute-sante-complements-alimentaires-soins-et-bien-etre-au-meilleur-prix","8":"product_cat-visage","10":"first","11":"instock","12":"taxable","13":"shipping-taxable","14":"purchasable","15":"product-type-simple"},"yoast_head":"<!-- This site is optimized with the Yoast SEO plugin v27.4 - https:\/\/yoast.com\/product\/yoast-seo-wordpress\/ -->\n<title>Lanc\u00f4me G\u00c9NIFIQUE cr\u00e8me activatrice de jeunesse TESTEUR - Maroc Prix<\/title>\n<meta name=\"description\" content=\"Lanc\u00f4me G\u00c9NIFIQUE cr\u00e8me activatrice de jeunesse TESTEUR\" \/>\n<meta name=\"robots\" content=\"index, follow, max-snippet:-1, max-image-preview:large, max-video-preview:-1\" \/>\n<link rel=\"canonical\" href=\"https:\/\/vitablanca.ma\/ar\/product-2\/lancome-genifique-creme-activatrice-de-jeunesse-testeur\/\" \/>\n<meta property=\"og:locale\" content=\"ar_AR\" \/>\n<meta property=\"og:type\" content=\"article\" \/>\n<meta property=\"og:title\" content=\"Lanc\u00f4me G\u00c9NIFIQUE cr\u00e8me activatrice de jeunesse TESTEUR - Maroc Prix\" \/>\n<meta property=\"og:description\" content=\"Lanc\u00f4me G\u00c9NIFIQUE cr\u00e8me activatrice de jeunesse TESTEUR\" \/>\n<meta property=\"og:url\" content=\"https:\/\/vitablanca.ma\/ar\/product-2\/lancome-genifique-creme-activatrice-de-jeunesse-testeur\/\" \/>\n<meta property=\"og:site_name\" content=\"Vitablanca.ma &ndash; Sant&eacute;, vitalit&eacute; et bien-&ecirc;tre pour tous les Marocains\" \/>\n<meta property=\"article:publisher\" content=\"https:\/\/www.facebook.com\/profile.php?id=61576678196717\" \/>\n<meta property=\"article:modified_time\" content=\"2025-05-28T19:55:37+00:00\" \/>\n<meta property=\"og:image\" content=\"https:\/\/vitablanca.ma\/wp-content\/uploads\/2025\/05\/193873_swatch.png\" \/>\n\t<meta property=\"og:image:width\" content=\"650\" \/>\n\t<meta property=\"og:image:height\" content=\"650\" \/>\n\t<meta property=\"og:image:type\" content=\"image\/png\" \/>\n<meta name=\"twitter:card\" content=\"summary_large_image\" \/>\n<meta name=\"twitter:label1\" content=\"\u0648\u0642\u062a \u0627\u0644\u0642\u0631\u0627\u0621\u0629 \u0627\u0644\u0645\u064f\u0642\u062f\u0651\u0631\" \/>\n\t<meta name=\"twitter:data1\" content=\"\u062f\u0642\u064a\u0642\u0629 \u0648\u0627\u062d\u062f\u0629\" \/>\n<script type=\"application\/ld+json\" class=\"yoast-schema-graph\">{\"@context\":\"https:\\\/\\\/schema.org\",\"@graph\":[{\"@type\":[\"WebPage\",\"ItemPage\"],\"@id\":\"https:\\\/\\\/vitablanca.ma\\\/produit\\\/lancome-genifique-creme-activatrice-de-jeunesse-testeur\\\/\",\"url\":\"https:\\\/\\\/vitablanca.ma\\\/produit\\\/lancome-genifique-creme-activatrice-de-jeunesse-testeur\\\/\",\"name\":\"Lanc\u00f4me G\u00c9NIFIQUE cr\u00e8me activatrice de jeunesse TESTEUR - Maroc Prix\",\"isPartOf\":{\"@id\":\"https:\\\/\\\/vitablanca.ma\\\/#website\"},\"primaryImageOfPage\":{\"@id\":\"https:\\\/\\\/vitablanca.ma\\\/produit\\\/lancome-genifique-creme-activatrice-de-jeunesse-testeur\\\/#primaryimage\"},\"image\":{\"@id\":\"https:\\\/\\\/vitablanca.ma\\\/produit\\\/lancome-genifique-creme-activatrice-de-jeunesse-testeur\\\/#primaryimage\"},\"thumbnailUrl\":\"https:\\\/\\\/vitablanca.ma\\\/wp-content\\\/uploads\\\/2025\\\/05\\\/193873_swatch.png\",\"datePublished\":\"2025-05-28T19:45:35+00:00\",\"dateModified\":\"2025-05-28T19:55:37+00:00\",\"description\":\"Lanc\u00f4me G\u00c9NIFIQUE cr\u00e8me activatrice de jeunesse TESTEUR\",\"breadcrumb\":{\"@id\":\"https:\\\/\\\/vitablanca.ma\\\/produit\\\/lancome-genifique-creme-activatrice-de-jeunesse-testeur\\\/#breadcrumb\"},\"inLanguage\":\"ar\",\"potentialAction\":[{\"@type\":\"ReadAction\",\"target\":[\"https:\\\/\\\/vitablanca.ma\\\/produit\\\/lancome-genifique-creme-activatrice-de-jeunesse-testeur\\\/\"]}]},{\"@type\":\"ImageObject\",\"inLanguage\":\"ar\",\"@id\":\"https:\\\/\\\/vitablanca.ma\\\/produit\\\/lancome-genifique-creme-activatrice-de-jeunesse-testeur\\\/#primaryimage\",\"url\":\"https:\\\/\\\/vitablanca.ma\\\/wp-content\\\/uploads\\\/2025\\\/05\\\/193873_swatch.png\",\"contentUrl\":\"https:\\\/\\\/vitablanca.ma\\\/wp-content\\\/uploads\\\/2025\\\/05\\\/193873_swatch.png\",\"width\":650,\"height\":650},{\"@type\":\"BreadcrumbList\",\"@id\":\"https:\\\/\\\/vitablanca.ma\\\/produit\\\/lancome-genifique-creme-activatrice-de-jeunesse-testeur\\\/#breadcrumb\",\"itemListElement\":[{\"@type\":\"ListItem\",\"position\":1,\"name\":\"Home\",\"item\":\"https:\\\/\\\/vitablanca.ma\\\/\"},{\"@type\":\"ListItem\",\"position\":2,\"name\":\"Tous Les Produits\",\"item\":\"https:\\\/\\\/vitablanca.ma\\\/tous-les-produits\\\/\"},{\"@type\":\"ListItem\",\"position\":3,\"name\":\"Lanc\u00f4me G\u00c9NIFIQUE cr\u00e8me activatrice de jeunesse TESTEUR\"}]},{\"@type\":\"WebSite\",\"@id\":\"https:\\\/\\\/vitablanca.ma\\\/#website\",\"url\":\"https:\\\/\\\/vitablanca.ma\\\/\",\"name\":\"VitaBlanca.ma | Compl\u00e9ments alimentaires, sant\u00e9 & beaut\u00e9 au Maroc\",\"description\":\"vendre vitamines et compl\u00e9ments premium des USA &amp; Canada, Nouvelle Z\u00e9lande,Maroc (NOW Foods, Solgar, Manuka). Livraison rapide partout au Maroc.\",\"publisher\":{\"@id\":\"https:\\\/\\\/vitablanca.ma\\\/#organization\"},\"alternateName\":\"VitaBlanca.ma\",\"potentialAction\":[{\"@type\":\"SearchAction\",\"target\":{\"@type\":\"EntryPoint\",\"urlTemplate\":\"https:\\\/\\\/vitablanca.ma\\\/?s={search_term_string}\"},\"query-input\":{\"@type\":\"PropertyValueSpecification\",\"valueRequired\":true,\"valueName\":\"search_term_string\"}}],\"inLanguage\":\"ar\"},{\"@type\":\"Organization\",\"@id\":\"https:\\\/\\\/vitablanca.ma\\\/#organization\",\"name\":\"VitaBlanca\",\"url\":\"https:\\\/\\\/vitablanca.ma\\\/\",\"logo\":{\"@type\":\"ImageObject\",\"inLanguage\":\"ar\",\"@id\":\"https:\\\/\\\/vitablanca.ma\\\/#\\\/schema\\\/logo\\\/image\\\/\",\"url\":\"https:\\\/\\\/vitablanca.ma\\\/wp-content\\\/uploads\\\/2025\\\/05\\\/cropped-vitablanca.png\",\"contentUrl\":\"https:\\\/\\\/vitablanca.ma\\\/wp-content\\\/uploads\\\/2025\\\/05\\\/cropped-vitablanca.png\",\"width\":360,\"height\":67,\"caption\":\"VitaBlanca\"},\"image\":{\"@id\":\"https:\\\/\\\/vitablanca.ma\\\/#\\\/schema\\\/logo\\\/image\\\/\"},\"sameAs\":[\"https:\\\/\\\/www.facebook.com\\\/profile.php?id=61576678196717\",\"https:\\\/\\\/www.tiktok.com\\\/@vitablanca.ma\",\"https:\\\/\\\/www.instagram.com\\\/vitablanca.ma\\\/\"]}]}<\/script>\n<!-- \/ Yoast SEO plugin. -->","yoast_head_json":{"title":"Lanc\u00f4me G\u00c9NIFIQUE \u0643\u0631\u064a\u0645 \u062a\u0646\u0634\u064a\u0637 \u0627\u0644\u0634\u0628\u0627\u0628 TESTER - \u0633\u0639\u0631 \u0627\u0644\u0645\u063a\u0631\u0628","description":"\u0643\u0631\u064a\u0645 \u0644\u0627\u0646\u0643\u0648\u0645 \u062c\u064a\u0646\u064a\u0641\u064a\u0643 \u0627\u0644\u0645\u0646\u0634\u0637 \u0644\u0644\u0634\u0628\u0627\u0628","robots":{"index":"index","follow":"follow","max-snippet":"max-snippet:-1","max-image-preview":"max-image-preview:large","max-video-preview":"max-video-preview:-1"},"canonical":"https:\/\/vitablanca.ma\/ar\/product-2\/lancome-genifique-creme-activatrice-de-jeunesse-testeur\/","og_locale":"ar_AR","og_type":"article","og_title":"Lanc\u00f4me G\u00c9NIFIQUE cr\u00e8me activatrice de jeunesse TESTEUR - Maroc Prix","og_description":"Lanc\u00f4me G\u00c9NIFIQUE cr\u00e8me activatrice de jeunesse TESTEUR","og_url":"https:\/\/vitablanca.ma\/ar\/product-2\/lancome-genifique-creme-activatrice-de-jeunesse-testeur\/","og_site_name":"Vitablanca.ma &ndash; Sant&eacute;, vitalit&eacute; et bien-&ecirc;tre pour tous les Marocains","article_publisher":"https:\/\/www.facebook.com\/profile.php?id=61576678196717","article_modified_time":"2025-05-28T19:55:37+00:00","og_image":[{"width":650,"height":650,"url":"https:\/\/vitablanca.ma\/wp-content\/uploads\/2025\/05\/193873_swatch.png","type":"image\/png"}],"twitter_card":"summary_large_image","twitter_misc":{"\u0648\u0642\u062a \u0627\u0644\u0642\u0631\u0627\u0621\u0629 \u0627\u0644\u0645\u064f\u0642\u062f\u0651\u0631":"\u062f\u0642\u064a\u0642\u0629 \u0648\u0627\u062d\u062f\u0629"},"schema":{"@context":"https:\/\/schema.org","@graph":[{"@type":["WebPage","ItemPage"],"@id":"https:\/\/vitablanca.ma\/produit\/lancome-genifique-creme-activatrice-de-jeunesse-testeur\/","url":"https:\/\/vitablanca.ma\/produit\/lancome-genifique-creme-activatrice-de-jeunesse-testeur\/","name":"Lanc\u00f4me G\u00c9NIFIQUE \u0643\u0631\u064a\u0645 \u062a\u0646\u0634\u064a\u0637 \u0627\u0644\u0634\u0628\u0627\u0628 TESTER - \u0633\u0639\u0631 \u0627\u0644\u0645\u063a\u0631\u0628","isPartOf":{"@id":"https:\/\/vitablanca.ma\/#website"},"primaryImageOfPage":{"@id":"https:\/\/vitablanca.ma\/produit\/lancome-genifique-creme-activatrice-de-jeunesse-testeur\/#primaryimage"},"image":{"@id":"https:\/\/vitablanca.ma\/produit\/lancome-genifique-creme-activatrice-de-jeunesse-testeur\/#primaryimage"},"thumbnailUrl":"https:\/\/vitablanca.ma\/wp-content\/uploads\/2025\/05\/193873_swatch.png","datePublished":"2025-05-28T19:45:35+00:00","dateModified":"2025-05-28T19:55:37+00:00","description":"\u0643\u0631\u064a\u0645 \u0644\u0627\u0646\u0643\u0648\u0645 \u062c\u064a\u0646\u064a\u0641\u064a\u0643 \u0627\u0644\u0645\u0646\u0634\u0637 \u0644\u0644\u0634\u0628\u0627\u0628","breadcrumb":{"@id":"https:\/\/vitablanca.ma\/produit\/lancome-genifique-creme-activatrice-de-jeunesse-testeur\/#breadcrumb"},"inLanguage":"ar","potentialAction":[{"@type":"ReadAction","target":["https:\/\/vitablanca.ma\/produit\/lancome-genifique-creme-activatrice-de-jeunesse-testeur\/"]}]},{"@type":"ImageObject","inLanguage":"ar","@id":"https:\/\/vitablanca.ma\/produit\/lancome-genifique-creme-activatrice-de-jeunesse-testeur\/#primaryimage","url":"https:\/\/vitablanca.ma\/wp-content\/uploads\/2025\/05\/193873_swatch.png","contentUrl":"https:\/\/vitablanca.ma\/wp-content\/uploads\/2025\/05\/193873_swatch.png","width":650,"height":650},{"@type":"BreadcrumbList","@id":"https:\/\/vitablanca.ma\/produit\/lancome-genifique-creme-activatrice-de-jeunesse-testeur\/#breadcrumb","itemListElement":[{"@type":"ListItem","position":1,"name":"Home","item":"https:\/\/vitablanca.ma\/"},{"@type":"ListItem","position":2,"name":"Tous Les Produits","item":"https:\/\/vitablanca.ma\/tous-les-produits\/"},{"@type":"ListItem","position":3,"name":"Lanc\u00f4me G\u00c9NIFIQUE cr\u00e8me activatrice de jeunesse TESTEUR"}]},{"@type":"WebSite","@id":"https:\/\/vitablanca.ma\/#website","url":"https:\/\/vitablanca.ma\/","name":"VitaBlanca.ma | \u0627\u0644\u0645\u0643\u0645\u0644\u0627\u062a \u0627\u0644\u063a\u0630\u0627\u0626\u064a\u0629\u060c \u0627\u0644\u0635\u062d\u0629 \u0648\u0627\u0644\u062c\u0645\u0627\u0644 \u0641\u064a \u0627\u0644\u0645\u063a\u0631\u0628","description":"\u0646\u0628\u064a\u0639 \u0641\u064a\u062a\u0627\u0645\u064a\u0646\u0627\u062a \u0648\u0645\u0643\u0645\u0644\u0627\u062a \u063a\u0630\u0627\u0626\u064a\u0629 \u0641\u0627\u062e\u0631\u0629 \u0645\u0646 \u0627\u0644\u0648\u0644\u0627\u064a\u0627\u062a \u0627\u0644\u0645\u062a\u062d\u062f\u0629 \u0627\u0644\u0623\u0645\u0631\u064a\u0643\u064a\u0629 \u0648\u0643\u0646\u062f\u0627 \u0648\u0646\u064a\u0648\u0632\u064a\u0644\u0646\u062f\u0627 \u0648\u0627\u0644\u0645\u063a\u0631\u0628 (\u0646\u0627\u0648 \u0641\u0648\u062f\u0632\u060c \u0633\u0648\u0644\u062c\u0627\u0631\u060c \u0645\u0627\u0646\u0648\u0643\u0627). \u062a\u0648\u0635\u064a\u0644 \u0633\u0631\u064a\u0639 \u0625\u0644\u0649 \u062c\u0645\u064a\u0639 \u0623\u0646\u062d\u0627\u0621 \u0627\u0644\u0645\u063a\u0631\u0628.","publisher":{"@id":"https:\/\/vitablanca.ma\/#organization"},"alternateName":"VitaBlanca.ma","potentialAction":[{"@type":"SearchAction","target":{"@type":"EntryPoint","urlTemplate":"https:\/\/vitablanca.ma\/?s={search_term_string}"},"query-input":{"@type":"PropertyValueSpecification","valueRequired":true,"valueName":"search_term_string"}}],"inLanguage":"ar"},{"@type":"Organization","@id":"https:\/\/vitablanca.ma\/#organization","name":"\u0641\u064a\u062a\u0627\u0628\u0644\u0627\u0646\u0643\u0627","url":"https:\/\/vitablanca.ma\/","logo":{"@type":"ImageObject","inLanguage":"ar","@id":"https:\/\/vitablanca.ma\/#\/schema\/logo\/image\/","url":"https:\/\/vitablanca.ma\/wp-content\/uploads\/2025\/05\/cropped-vitablanca.png","contentUrl":"https:\/\/vitablanca.ma\/wp-content\/uploads\/2025\/05\/cropped-vitablanca.png","width":360,"height":67,"caption":"VitaBlanca"},"image":{"@id":"https:\/\/vitablanca.ma\/#\/schema\/logo\/image\/"},"sameAs":["https:\/\/www.facebook.com\/profile.php?id=61576678196717","https:\/\/www.tiktok.com\/@vitablanca.ma","https:\/\/www.instagram.com\/vitablanca.ma\/"]}]}},"jetpack_sharing_enabled":true,"_links":{"self":[{"href":"https:\/\/vitablanca.ma\/ar\/wp-json\/wp\/v2\/product\/10387","targetHints":{"allow":["GET"]}}],"collection":[{"href":"https:\/\/vitablanca.ma\/ar\/wp-json\/wp\/v2\/product"}],"about":[{"href":"https:\/\/vitablanca.ma\/ar\/wp-json\/wp\/v2\/types\/product"}],"wp:featuredmedia":[{"embeddable":true,"href":"https:\/\/vitablanca.ma\/ar\/wp-json\/wp\/v2\/media\/10384"}],"wp:attachment":[{"href":"https:\/\/vitablanca.ma\/ar\/wp-json\/wp\/v2\/media?parent=10387"}],"wp:term":[{"taxonomy":"product_brand","embeddable":true,"href":"https:\/\/vitablanca.ma\/ar\/wp-json\/wp\/v2\/product_brand?post=10387"},{"taxonomy":"product_cat","embeddable":true,"href":"https:\/\/vitablanca.ma\/ar\/wp-json\/wp\/v2\/product_cat?post=10387"},{"taxonomy":"product_tag","embeddable":true,"href":"https:\/\/vitablanca.ma\/ar\/wp-json\/wp\/v2\/product_tag?post=10387"}],"curies":[{"name":"wp","href":"https:\/\/api.w.org\/{rel}","templated":true}]}}