{"id":10382,"date":"2025-05-28T19:45:07","date_gmt":"2025-05-28T19:45:07","guid":{"rendered":"https:\/\/vitablanca.ma\/product\/qa-squalane-spf-50-creme-solaire-hydratante-quotidienne\/"},"modified":"2026-03-19T13:19:59","modified_gmt":"2026-03-19T13:19:59","slug":"qa-squalane-spf-50-creme-solaire-hydratante-quotidienne","status":"publish","type":"product","link":"https:\/\/vitablanca.ma\/ar\/product-2\/qa-squalane-spf-50-creme-solaire-hydratante-quotidienne\/","title":{"rendered":"Q+A Squalane SPF 50 Cr\u00e8me Solaire Hydratante Quotidienne"},"content":{"rendered":"<h5 data-mce-fragment=\"1\">Description<\/h5>\n<div class=\"flex flex-grow flex-col max-w-full\">\n<div class=\"min-h-[20px] text-message flex flex-col items-start whitespace-pre-wrap break-words [.text-message+&amp;]:mt-5 juice:w-full juice:items-end overflow-x-auto gap-2\" dir=\"auto\" data-message-id=\"6dee435d-d402-410e-b427-3a28bd83be88\" data-message-author-role=\"assistant\">\n<div class=\"flex w-full flex-col gap-1 juice:empty:hidden juice:first:pt-[3px]\">\n<div class=\"markdown prose w-full break-words dark:prose-invert light\">\n<p>Cette cr\u00e8me solaire quotidienne \u00e0 absorption rapide et non collante prot\u00e8ge contre les effets n\u00e9fastes du soleil tout en nourrissant les peaux s\u00e8ches et sensibles. Sa formule l\u00e9g\u00e8re et respirante est confortable sur la peau tout en apportant une dose d&rsquo;hydratation.<\/p>\n<p>Enrichie en squalane naturel et en huile de graine de limnanthe adoucissante, cette formule min\u00e9rale hybride offre une protection \u00e0 large spectre contre les rayons UVA et UVB tout en hydratant intens\u00e9ment la peau terne pour un teint velout\u00e9. Une fois absorb\u00e9e, attendez-vous \u00e0 un teint prot\u00e9g\u00e9, hydrat\u00e9 et apais\u00e9.<\/p>\n<p>Protection \u00e0 large spectre SPF 50, PA ++++ contre les UVA et test\u00e9e dermatologiquement pour les peaux sensibles.<\/p>\n<\/p><\/div>\n<\/p><\/div>\n<\/p><\/div>\n<\/p><\/div>\n<p><span><br \/><\/span><\/p>\n<h3 data-mce-fragment=\"1\">Guide de soins de la peau<\/h3>\n<p data-mce-fragment=\"1\"><img decoding=\"async\" src=\"https:\/\/cdn.shopify.com\/s\/files\/1\/0716\/3133\/9815\/files\/FR-Squalane-SPF-Web-Checklist-_2.png?v=1716823791\" alt=\"\" data-mce-src=\"https:\/\/cdn.shopify.com\/s\/files\/1\/0716\/3133\/9815\/files\/FR-Squalane-SPF-Web-Checklist-_2.png?v=1716823791\"><\/p>\n<p data-mce-fragment=\"1\"><img decoding=\"async\" alt=\"\" src=\"https:\/\/cdn.shopify.com\/s\/files\/1\/0716\/3133\/9815\/files\/Capture_d_ecran_2024-05-27_a_17.32.38.png?v=1716823978\"><\/p>\n<p class=\"p1\" data-mce-fragment=\"1\"><span data-mce-fragment=\"1\"><br data-mce-fragment=\"1\"><strong>Comment utiliser la Cr\u00e8me Solaire Squalane ?<\/strong> Appliquez une quantit\u00e9 g\u00e9n\u00e9reuse chaque jour sur une peau propre. M\u00e9langez doucement sur le visage et le cou jusqu&rsquo;\u00e0 absorption compl\u00e8te. Utilisez comme derni\u00e8re \u00e9tape de votre routine de soins ou avant l&rsquo;application de maquillage. Appliquez au moins 15 minutes avant l&rsquo;exposition au soleil et r\u00e9appliquez apr\u00e8s avoir transpir\u00e9, nag\u00e9 ou vous \u00eatre essuy\u00e9.<br \/><\/span><\/p>\n<h5 data-mce-fragment=\"1\">Principaux ingr\u00e9dients<\/h5>\n<div class=\"flex flex-grow flex-col max-w-full\">\n<div data-message-author-role=\"assistant\" data-message-id=\"3e2e833d-6dfa-44d8-9b52-8b7b889086c2\" dir=\"auto\" class=\"min-h-[20px] text-message flex flex-col items-start whitespace-pre-wrap break-words [.text-message+&amp;]:mt-5 juice:w-full juice:items-end overflow-x-auto gap-2\">\n<div class=\"flex w-full flex-col gap-1 juice:empty:hidden juice:first:pt-[3px]\">\n<div class=\"markdown prose w-full break-words dark:prose-invert light\">\n<p><strong>Squalane Naturel \ud83c\udf3c<\/strong><\/p>\n<p>Cet ingr\u00e9dient 100 % naturel, d\u00e9riv\u00e9 de l&rsquo;olive, offre une hydratation intense et aide \u00e0 prot\u00e9ger contre la perte d&rsquo;humidit\u00e9 pour les peaux s\u00e8ches et fatigu\u00e9es. Rapidement absorb\u00e9 et non com\u00e9dog\u00e8ne, cet \u00e9mollient d&rsquo;origine v\u00e9g\u00e9tale laisse la peau douce au toucher.<\/p>\n<p><strong>Complexe de Sucre \ud83c\udf6c<\/strong><\/p>\n<p>Ce complexe am\u00e9liorant la peau offre une hydratation en 3D en faisant circuler l&rsquo;humidit\u00e9 \u00e0 travers les couches de la peau et en encourageant la production d&rsquo;Acide Hyaluronique. C&rsquo;est l&rsquo;ingr\u00e9dient parfait pour les peaux s\u00e8ches et d\u00e9shydrat\u00e9es qui ont besoin d&rsquo;un coup de pouce en hydratation.<\/p>\n<p><strong>Huile de Limnanthe \ud83e\uddd6\u200d\u2640\ufe0f<\/strong><\/p>\n<p>Cet \u00e9mollient naturel offre une hydratation profonde et des propri\u00e9t\u00e9s adoucissantes pour la peau, laissant votre peau douce, souple et lisse. Sa structure chimique similaire aux huiles naturelles de la peau assure une compatibilit\u00e9 avec tous les types de teint.<\/p>\n<p><strong>Filtres UV Hybrides Min\u00e9raux \ud83c\udf1e<\/strong><\/p>\n<p>Un m\u00e9lange de filtres min\u00e9raux et organiques travaille \u00e0 la fois pour refl\u00e9ter et absorber les rayons UV afin d&rsquo;aider \u00e0 pr\u00e9venir les dommages caus\u00e9s par le soleil \u00e0 la peau. Cette technologie d&rsquo;encapsulation de nouvelle g\u00e9n\u00e9ration maximise la performance des filtres UV maintenant un facteur de protection solaire \u00e9lev\u00e9 et une protection \u00e0 large spectre. Cela garantit une formule non grasse, l\u00e9g\u00e8re comme une plume, et rapidement absorb\u00e9e avec un effet de blanchiment minimal.<\/p>\n<\/p><\/div>\n<\/p><\/div>\n<\/p><\/div>\n<\/p><\/div>\n<p><\/p>\n<h5 data-mce-fragment=\"1\">Informations sur le produit<\/h5>\n<div class=\"flex flex-grow flex-col max-w-full\">\n<div data-message-author-role=\"assistant\" data-message-id=\"a59e8919-0542-40dd-9c06-183c3577b869\" dir=\"auto\" class=\"min-h-[20px] text-message flex flex-col items-start whitespace-pre-wrap break-words [.text-message+&amp;]:mt-5 juice:w-full juice:items-end overflow-x-auto gap-2\">\n<div class=\"flex w-full flex-col gap-1 juice:empty:hidden juice:first:pt-[3px]\">\n<div class=\"markdown prose w-full break-words dark:prose-invert light\">\n<p><strong>Taille : 50ml<\/strong><\/p>\n<p>Fabriqu\u00e9 au Royaume-Uni.<\/p>\n<p>Ce produit convient aux v\u00e9g\u00e9taliens. Les produits Q+A ne sont pas test\u00e9s sur les animaux et ne le seront jamais.<\/p>\n<p><strong>Comment recycler :<\/strong> Retirez votre tube de l&#8217;emballage. Nos emballages sont 100 % recyclables et peuvent \u00eatre jet\u00e9s dans votre recyclage domestique. S\u00e9parez le bouchon et le tube, nettoyez-les et s\u00e9chez-les. Nos bouchons et tubes sont 100 % recyclables et peuvent \u00eatre jet\u00e9s dans votre recyclage domestique.<\/p>\n<p><strong>Ingr\u00e9dients :<\/strong> Aqua (Water), Propanediol, Caprylic\/Capric Triglyceride, C12-15 Alkyl Benzoate, Titanium Dioxide, Stearic Acid, Xylitylglucoside, Diethylamino Hydroxybenzoyl Hexyl Benzoate, Cetyl Alcohol, Limnanthes Alba (Meadowfoam) Seed Oil, Sesamum Indicum (Sesame) Seed Oil, Squalane, Betaine, Allantoin, Arginine, Camellia Sinensis (Green Tea) Leaf Extract, Sesamum Indicum (Sesame) Seed Extract, Tocopherol, Lonicera Caprifolium (Honeysuckle) Flower Extract, Lonicera Japonica (Honeysuckle) Flower Extract, Helianthus Annuus (Sunflower) Seed Oil, Ethylhexyl Triazone, Bis-Ethylhexyloxyphenol Methoxyphenyl Triazine, Glycerin, Lecithin, Glucose, Carbomer, Hydrogenated Ethylhexyl Olivate, Jojoba Esters, Xylitol, Caprylyl Glycol, Anhydroxylitol, Hydrogenated Olive Oil Unsaponifiables, Polyhydroxystearic Acid, Hydroxyacetophenone, Phenoxyethanol, Citric Acid.<\/p>\n<\/p><\/div>\n<\/p><\/div>\n<\/p><\/div>\n<\/p><\/div>\n<p><\/p>\n","protected":false},"excerpt":{"rendered":"<p>Description Cette cr\u00e8me solaire quotidienne \u00e0 absorption rapide et non collante prot\u00e8ge contre les effets n\u00e9fastes du soleil tout en nourrissant les peaux s\u00e8ches et sensibles. Sa formule l\u00e9g\u00e8re et respirante est confortable sur la peau tout en apportant une dose d&rsquo;hydratation. Enrichie en squalane naturel et en huile de graine de limnanthe adoucissante, cette [&hellip;]<\/p>\n","protected":false},"featured_media":10346,"template":"","meta":{"om_disable_all_campaigns":false},"product_brand":[4357],"product_cat":[18,1186],"product_tag":[],"class_list":{"0":"post-10382","1":"product","2":"type-product","3":"status-publish","4":"has-post-thumbnail","6":"product_brand-qa-maroc-prix-para","7":"product_cat-beaute-sante","8":"product_cat-visage","10":"first","11":"outofstock","12":"taxable","13":"shipping-taxable","14":"purchasable","15":"product-type-simple"},"yoast_head":"<!-- This site is optimized with the Yoast SEO plugin v27.4 - https:\/\/yoast.com\/product\/yoast-seo-wordpress\/ -->\n<title>Q+A Squalane SPF 50 Cr\u00e8me Solaire Hydratante Quotidienne - Maroc Prix<\/title>\n<meta name=\"description\" content=\"Q+A Squalane SPF 50 Cr\u00e8me Solaire Hydratante Quotidienne\" \/>\n<meta name=\"robots\" content=\"index, follow, max-snippet:-1, max-image-preview:large, max-video-preview:-1\" \/>\n<link rel=\"canonical\" href=\"https:\/\/vitablanca.ma\/ar\/product-2\/qa-squalane-spf-50-creme-solaire-hydratante-quotidienne\/\" \/>\n<meta property=\"og:locale\" content=\"ar_AR\" \/>\n<meta property=\"og:type\" content=\"article\" \/>\n<meta property=\"og:title\" content=\"Q+A Squalane SPF 50 Cr\u00e8me Solaire Hydratante Quotidienne - Maroc Prix\" \/>\n<meta property=\"og:description\" content=\"Q+A Squalane SPF 50 Cr\u00e8me Solaire Hydratante Quotidienne\" \/>\n<meta property=\"og:url\" content=\"https:\/\/vitablanca.ma\/ar\/product-2\/qa-squalane-spf-50-creme-solaire-hydratante-quotidienne\/\" \/>\n<meta property=\"og:site_name\" content=\"Vitablanca.ma &ndash; Sant&eacute;, vitalit&eacute; et bien-&ecirc;tre pour tous les Marocains\" \/>\n<meta property=\"article:publisher\" content=\"https:\/\/www.facebook.com\/profile.php?id=61576678196717\" \/>\n<meta property=\"article:modified_time\" content=\"2026-03-19T13:19:59+00:00\" \/>\n<meta property=\"og:image\" content=\"https:\/\/vitablanca.ma\/wp-content\/uploads\/2025\/05\/Squalane-Suncream-CartonandTube.jpg\" \/>\n\t<meta property=\"og:image:width\" content=\"2000\" \/>\n\t<meta property=\"og:image:height\" content=\"2000\" \/>\n\t<meta property=\"og:image:type\" content=\"image\/jpeg\" \/>\n<meta name=\"twitter:card\" content=\"summary_large_image\" \/>\n<meta name=\"twitter:label1\" content=\"\u0648\u0642\u062a \u0627\u0644\u0642\u0631\u0627\u0621\u0629 \u0627\u0644\u0645\u064f\u0642\u062f\u0651\u0631\" \/>\n\t<meta name=\"twitter:data1\" content=\"3 \u062f\u0642\u0627\u0626\u0642\" \/>\n<script type=\"application\/ld+json\" class=\"yoast-schema-graph\">{\"@context\":\"https:\\\/\\\/schema.org\",\"@graph\":[{\"@type\":[\"WebPage\",\"ItemPage\"],\"@id\":\"https:\\\/\\\/vitablanca.ma\\\/produit\\\/qa-squalane-spf-50-creme-solaire-hydratante-quotidienne\\\/\",\"url\":\"https:\\\/\\\/vitablanca.ma\\\/produit\\\/qa-squalane-spf-50-creme-solaire-hydratante-quotidienne\\\/\",\"name\":\"Q+A Squalane SPF 50 Cr\u00e8me Solaire Hydratante Quotidienne - Maroc Prix\",\"isPartOf\":{\"@id\":\"https:\\\/\\\/vitablanca.ma\\\/#website\"},\"primaryImageOfPage\":{\"@id\":\"https:\\\/\\\/vitablanca.ma\\\/produit\\\/qa-squalane-spf-50-creme-solaire-hydratante-quotidienne\\\/#primaryimage\"},\"image\":{\"@id\":\"https:\\\/\\\/vitablanca.ma\\\/produit\\\/qa-squalane-spf-50-creme-solaire-hydratante-quotidienne\\\/#primaryimage\"},\"thumbnailUrl\":\"https:\\\/\\\/vitablanca.ma\\\/wp-content\\\/uploads\\\/2025\\\/05\\\/Squalane-Suncream-CartonandTube.jpg\",\"datePublished\":\"2025-05-28T19:45:07+00:00\",\"dateModified\":\"2026-03-19T13:19:59+00:00\",\"description\":\"Q+A Squalane SPF 50 Cr\u00e8me Solaire Hydratante Quotidienne\",\"breadcrumb\":{\"@id\":\"https:\\\/\\\/vitablanca.ma\\\/produit\\\/qa-squalane-spf-50-creme-solaire-hydratante-quotidienne\\\/#breadcrumb\"},\"inLanguage\":\"ar\",\"potentialAction\":[{\"@type\":\"ReadAction\",\"target\":[\"https:\\\/\\\/vitablanca.ma\\\/produit\\\/qa-squalane-spf-50-creme-solaire-hydratante-quotidienne\\\/\"]}]},{\"@type\":\"ImageObject\",\"inLanguage\":\"ar\",\"@id\":\"https:\\\/\\\/vitablanca.ma\\\/produit\\\/qa-squalane-spf-50-creme-solaire-hydratante-quotidienne\\\/#primaryimage\",\"url\":\"https:\\\/\\\/vitablanca.ma\\\/wp-content\\\/uploads\\\/2025\\\/05\\\/Squalane-Suncream-CartonandTube.jpg\",\"contentUrl\":\"https:\\\/\\\/vitablanca.ma\\\/wp-content\\\/uploads\\\/2025\\\/05\\\/Squalane-Suncream-CartonandTube.jpg\",\"width\":2000,\"height\":2000},{\"@type\":\"BreadcrumbList\",\"@id\":\"https:\\\/\\\/vitablanca.ma\\\/produit\\\/qa-squalane-spf-50-creme-solaire-hydratante-quotidienne\\\/#breadcrumb\",\"itemListElement\":[{\"@type\":\"ListItem\",\"position\":1,\"name\":\"Home\",\"item\":\"https:\\\/\\\/vitablanca.ma\\\/\"},{\"@type\":\"ListItem\",\"position\":2,\"name\":\"Tous Les Produits\",\"item\":\"https:\\\/\\\/vitablanca.ma\\\/tous-les-produits\\\/\"},{\"@type\":\"ListItem\",\"position\":3,\"name\":\"Q+A Squalane SPF 50 Cr\u00e8me Solaire Hydratante Quotidienne\"}]},{\"@type\":\"WebSite\",\"@id\":\"https:\\\/\\\/vitablanca.ma\\\/#website\",\"url\":\"https:\\\/\\\/vitablanca.ma\\\/\",\"name\":\"VitaBlanca.ma | Compl\u00e9ments alimentaires, sant\u00e9 & beaut\u00e9 au Maroc\",\"description\":\"vendre vitamines et compl\u00e9ments premium des USA &amp; Canada, Nouvelle Z\u00e9lande,Maroc (NOW Foods, Solgar, Manuka). Livraison rapide partout au Maroc.\",\"publisher\":{\"@id\":\"https:\\\/\\\/vitablanca.ma\\\/#organization\"},\"alternateName\":\"VitaBlanca.ma\",\"potentialAction\":[{\"@type\":\"SearchAction\",\"target\":{\"@type\":\"EntryPoint\",\"urlTemplate\":\"https:\\\/\\\/vitablanca.ma\\\/?s={search_term_string}\"},\"query-input\":{\"@type\":\"PropertyValueSpecification\",\"valueRequired\":true,\"valueName\":\"search_term_string\"}}],\"inLanguage\":\"ar\"},{\"@type\":\"Organization\",\"@id\":\"https:\\\/\\\/vitablanca.ma\\\/#organization\",\"name\":\"VitaBlanca\",\"url\":\"https:\\\/\\\/vitablanca.ma\\\/\",\"logo\":{\"@type\":\"ImageObject\",\"inLanguage\":\"ar\",\"@id\":\"https:\\\/\\\/vitablanca.ma\\\/#\\\/schema\\\/logo\\\/image\\\/\",\"url\":\"https:\\\/\\\/vitablanca.ma\\\/wp-content\\\/uploads\\\/2025\\\/05\\\/cropped-vitablanca.png\",\"contentUrl\":\"https:\\\/\\\/vitablanca.ma\\\/wp-content\\\/uploads\\\/2025\\\/05\\\/cropped-vitablanca.png\",\"width\":360,\"height\":67,\"caption\":\"VitaBlanca\"},\"image\":{\"@id\":\"https:\\\/\\\/vitablanca.ma\\\/#\\\/schema\\\/logo\\\/image\\\/\"},\"sameAs\":[\"https:\\\/\\\/www.facebook.com\\\/profile.php?id=61576678196717\",\"https:\\\/\\\/www.tiktok.com\\\/@vitablanca.ma\",\"https:\\\/\\\/www.instagram.com\\\/vitablanca.ma\\\/\"]}]}<\/script>\n<!-- \/ Yoast SEO plugin. -->","yoast_head_json":{"title":"Q+A Squalane SPF 50 Cr\u00e8me Solaire Hydratante Quotidienne - Maroc Prix","description":"Q+A Squalane SPF 50 Cr\u00e8me Solaire Hydratante Quotidienne","robots":{"index":"index","follow":"follow","max-snippet":"max-snippet:-1","max-image-preview":"max-image-preview:large","max-video-preview":"max-video-preview:-1"},"canonical":"https:\/\/vitablanca.ma\/ar\/product-2\/qa-squalane-spf-50-creme-solaire-hydratante-quotidienne\/","og_locale":"ar_AR","og_type":"article","og_title":"Q+A Squalane SPF 50 Cr\u00e8me Solaire Hydratante Quotidienne - Maroc Prix","og_description":"Q+A Squalane SPF 50 Cr\u00e8me Solaire Hydratante Quotidienne","og_url":"https:\/\/vitablanca.ma\/ar\/product-2\/qa-squalane-spf-50-creme-solaire-hydratante-quotidienne\/","og_site_name":"Vitablanca.ma &ndash; Sant&eacute;, vitalit&eacute; et bien-&ecirc;tre pour tous les Marocains","article_publisher":"https:\/\/www.facebook.com\/profile.php?id=61576678196717","article_modified_time":"2026-03-19T13:19:59+00:00","og_image":[{"width":2000,"height":2000,"url":"https:\/\/vitablanca.ma\/wp-content\/uploads\/2025\/05\/Squalane-Suncream-CartonandTube.jpg","type":"image\/jpeg"}],"twitter_card":"summary_large_image","twitter_misc":{"\u0648\u0642\u062a \u0627\u0644\u0642\u0631\u0627\u0621\u0629 \u0627\u0644\u0645\u064f\u0642\u062f\u0651\u0631":"3 \u062f\u0642\u0627\u0626\u0642"},"schema":{"@context":"https:\/\/schema.org","@graph":[{"@type":["WebPage","ItemPage"],"@id":"https:\/\/vitablanca.ma\/produit\/qa-squalane-spf-50-creme-solaire-hydratante-quotidienne\/","url":"https:\/\/vitablanca.ma\/produit\/qa-squalane-spf-50-creme-solaire-hydratante-quotidienne\/","name":"Q+A Squalane SPF 50 Cr\u00e8me Solaire Hydratante Quotidienne - Maroc Prix","isPartOf":{"@id":"https:\/\/vitablanca.ma\/#website"},"primaryImageOfPage":{"@id":"https:\/\/vitablanca.ma\/produit\/qa-squalane-spf-50-creme-solaire-hydratante-quotidienne\/#primaryimage"},"image":{"@id":"https:\/\/vitablanca.ma\/produit\/qa-squalane-spf-50-creme-solaire-hydratante-quotidienne\/#primaryimage"},"thumbnailUrl":"https:\/\/vitablanca.ma\/wp-content\/uploads\/2025\/05\/Squalane-Suncream-CartonandTube.jpg","datePublished":"2025-05-28T19:45:07+00:00","dateModified":"2026-03-19T13:19:59+00:00","description":"Q+A Squalane SPF 50 Cr\u00e8me Solaire Hydratante Quotidienne","breadcrumb":{"@id":"https:\/\/vitablanca.ma\/produit\/qa-squalane-spf-50-creme-solaire-hydratante-quotidienne\/#breadcrumb"},"inLanguage":"ar","potentialAction":[{"@type":"ReadAction","target":["https:\/\/vitablanca.ma\/produit\/qa-squalane-spf-50-creme-solaire-hydratante-quotidienne\/"]}]},{"@type":"ImageObject","inLanguage":"ar","@id":"https:\/\/vitablanca.ma\/produit\/qa-squalane-spf-50-creme-solaire-hydratante-quotidienne\/#primaryimage","url":"https:\/\/vitablanca.ma\/wp-content\/uploads\/2025\/05\/Squalane-Suncream-CartonandTube.jpg","contentUrl":"https:\/\/vitablanca.ma\/wp-content\/uploads\/2025\/05\/Squalane-Suncream-CartonandTube.jpg","width":2000,"height":2000},{"@type":"BreadcrumbList","@id":"https:\/\/vitablanca.ma\/produit\/qa-squalane-spf-50-creme-solaire-hydratante-quotidienne\/#breadcrumb","itemListElement":[{"@type":"ListItem","position":1,"name":"Home","item":"https:\/\/vitablanca.ma\/"},{"@type":"ListItem","position":2,"name":"Tous Les Produits","item":"https:\/\/vitablanca.ma\/tous-les-produits\/"},{"@type":"ListItem","position":3,"name":"Q+A Squalane SPF 50 Cr\u00e8me Solaire Hydratante Quotidienne"}]},{"@type":"WebSite","@id":"https:\/\/vitablanca.ma\/#website","url":"https:\/\/vitablanca.ma\/","name":"VitaBlanca.ma | \u0627\u0644\u0645\u0643\u0645\u0644\u0627\u062a \u0627\u0644\u063a\u0630\u0627\u0626\u064a\u0629\u060c \u0627\u0644\u0635\u062d\u0629 \u0648\u0627\u0644\u062c\u0645\u0627\u0644 \u0641\u064a \u0627\u0644\u0645\u063a\u0631\u0628","description":"\u0646\u0628\u064a\u0639 \u0641\u064a\u062a\u0627\u0645\u064a\u0646\u0627\u062a \u0648\u0645\u0643\u0645\u0644\u0627\u062a \u063a\u0630\u0627\u0626\u064a\u0629 \u0641\u0627\u062e\u0631\u0629 \u0645\u0646 \u0627\u0644\u0648\u0644\u0627\u064a\u0627\u062a \u0627\u0644\u0645\u062a\u062d\u062f\u0629 \u0627\u0644\u0623\u0645\u0631\u064a\u0643\u064a\u0629 \u0648\u0643\u0646\u062f\u0627 \u0648\u0646\u064a\u0648\u0632\u064a\u0644\u0646\u062f\u0627 \u0648\u0627\u0644\u0645\u063a\u0631\u0628 (\u0646\u0627\u0648 \u0641\u0648\u062f\u0632\u060c \u0633\u0648\u0644\u062c\u0627\u0631\u060c \u0645\u0627\u0646\u0648\u0643\u0627). \u062a\u0648\u0635\u064a\u0644 \u0633\u0631\u064a\u0639 \u0625\u0644\u0649 \u062c\u0645\u064a\u0639 \u0623\u0646\u062d\u0627\u0621 \u0627\u0644\u0645\u063a\u0631\u0628.","publisher":{"@id":"https:\/\/vitablanca.ma\/#organization"},"alternateName":"VitaBlanca.ma","potentialAction":[{"@type":"SearchAction","target":{"@type":"EntryPoint","urlTemplate":"https:\/\/vitablanca.ma\/?s={search_term_string}"},"query-input":{"@type":"PropertyValueSpecification","valueRequired":true,"valueName":"search_term_string"}}],"inLanguage":"ar"},{"@type":"Organization","@id":"https:\/\/vitablanca.ma\/#organization","name":"\u0641\u064a\u062a\u0627\u0628\u0644\u0627\u0646\u0643\u0627","url":"https:\/\/vitablanca.ma\/","logo":{"@type":"ImageObject","inLanguage":"ar","@id":"https:\/\/vitablanca.ma\/#\/schema\/logo\/image\/","url":"https:\/\/vitablanca.ma\/wp-content\/uploads\/2025\/05\/cropped-vitablanca.png","contentUrl":"https:\/\/vitablanca.ma\/wp-content\/uploads\/2025\/05\/cropped-vitablanca.png","width":360,"height":67,"caption":"VitaBlanca"},"image":{"@id":"https:\/\/vitablanca.ma\/#\/schema\/logo\/image\/"},"sameAs":["https:\/\/www.facebook.com\/profile.php?id=61576678196717","https:\/\/www.tiktok.com\/@vitablanca.ma","https:\/\/www.instagram.com\/vitablanca.ma\/"]}]}},"jetpack_sharing_enabled":true,"_links":{"self":[{"href":"https:\/\/vitablanca.ma\/ar\/wp-json\/wp\/v2\/product\/10382","targetHints":{"allow":["GET"]}}],"collection":[{"href":"https:\/\/vitablanca.ma\/ar\/wp-json\/wp\/v2\/product"}],"about":[{"href":"https:\/\/vitablanca.ma\/ar\/wp-json\/wp\/v2\/types\/product"}],"wp:featuredmedia":[{"embeddable":true,"href":"https:\/\/vitablanca.ma\/ar\/wp-json\/wp\/v2\/media\/10346"}],"wp:attachment":[{"href":"https:\/\/vitablanca.ma\/ar\/wp-json\/wp\/v2\/media?parent=10382"}],"wp:term":[{"taxonomy":"product_brand","embeddable":true,"href":"https:\/\/vitablanca.ma\/ar\/wp-json\/wp\/v2\/product_brand?post=10382"},{"taxonomy":"product_cat","embeddable":true,"href":"https:\/\/vitablanca.ma\/ar\/wp-json\/wp\/v2\/product_cat?post=10382"},{"taxonomy":"product_tag","embeddable":true,"href":"https:\/\/vitablanca.ma\/ar\/wp-json\/wp\/v2\/product_tag?post=10382"}],"curies":[{"name":"wp","href":"https:\/\/api.w.org\/{rel}","templated":true}]}}