{"id":10305,"date":"2025-05-28T19:40:24","date_gmt":"2025-05-28T19:40:24","guid":{"rendered":"https:\/\/vitablanca.ma\/product\/medicube-pdrn-pink-hyaluronic-moisturizing-cream-50ml\/"},"modified":"2025-05-28T19:55:41","modified_gmt":"2025-05-28T19:55:41","slug":"medicube-pdrn-pink-hyaluronic-moisturizing-cream-50ml","status":"publish","type":"product","link":"https:\/\/vitablanca.ma\/ar\/product-2\/medicube-pdrn-pink-hyaluronic-moisturizing-cream-50ml\/","title":{"rendered":"MEDICUBE &#8211; PDRN Pink Hyaluronic Moisturizing Cream &#8211; 50ml"},"content":{"rendered":"<p data-start=\"0\" data-end=\"54\" class=\"\"><strong data-start=\"0\" data-end=\"52\">Medicube PDRN Cr\u00e8me Hydratante Hyaluronique Rose<\/strong><\/p>\n<p data-start=\"56\" data-end=\"464\" class=\"\"><strong data-start=\"56\" data-end=\"74\">\u0645\u0642\u062f\u0645\u0629 :<\/strong><br data-start=\"74\" data-end=\"77\">D\u00e9couvrez la <strong data-start=\"90\" data-end=\"142\">cr\u00e8me hydratante hyaluronique rose Medicube PDRN<\/strong>, une solution polyvalente con\u00e7ue pour att\u00e9nuer les imperfections tenaces, unifier le teint et renforcer la barri\u00e8re cutan\u00e9e. Gr\u00e2ce \u00e0 sa formule enrichie en <strong data-start=\"299\" data-end=\"317\">PDRN de saumon<\/strong>, en <strong data-start=\"322\" data-end=\"337\">\u0627\u0644\u0646\u064a\u0627\u0633\u064a\u0646\u0627\u0645\u064a\u062f<\/strong> \u0648\u0641\u064a <strong data-start=\"344\" data-end=\"379\">10 couches d\u2019acide hyaluronique<\/strong>, cette cr\u00e8me hydrate en profondeur tout en apportant \u00e9clat et souplesse \u00e0 la peau.<\/p>\n<p data-start=\"466\" data-end=\"494\" class=\"\"><strong data-start=\"466\" data-end=\"492\">\u0641\u0648\u0627\u0626\u062f \u0627\u0644\u0645\u0646\u062a\u062c:<\/strong><\/p>\n<ul data-start=\"495\" data-end=\"826\">\n<li data-start=\"495\" data-end=\"546\" class=\"\">\n<p data-start=\"497\" data-end=\"546\" class=\"\"><strong data-start=\"497\" data-end=\"525\">R\u00e9duit les imperfections<\/strong> et unifie le teint<\/p>\n<\/li>\n<li data-start=\"547\" data-end=\"616\" class=\"\">\n<p data-start=\"549\" data-end=\"616\" class=\"\"><strong data-start=\"549\" data-end=\"562\">\u00c9claircit<\/strong> la peau gr\u00e2ce au PDRN de saumon et \u00e0 la niacinamide<\/p>\n<\/li>\n<li data-start=\"617\" data-end=\"681\" class=\"\">\n<p data-start=\"619\" data-end=\"681\" class=\"\"><strong data-start=\"619\" data-end=\"642\">Hydrate intens\u00e9ment<\/strong> avec 10 couches d\u2019acide hyaluronique<\/p>\n<\/li>\n<li data-start=\"682\" data-end=\"748\" class=\"\">\n<p data-start=\"684\" data-end=\"748\" class=\"\"><strong data-start=\"684\" data-end=\"716\">\u064a\u0642\u0648\u064a \u062d\u0627\u062c\u0632 \u0627\u0644\u062c\u0644\u062f<\/strong> pour une peau plus r\u00e9sistante<\/p>\n<\/li>\n<li data-start=\"749\" data-end=\"826\" class=\"\">\n<p data-start=\"751\" data-end=\"826\" class=\"\"><strong data-start=\"751\" data-end=\"783\">\u0645\u0644\u0645\u0633 \u062e\u0641\u064a\u0641 \u0648\u063a\u064a\u0631 \u062f\u0647\u0646\u064a<\/strong>, id\u00e9ale pour une utilisation quotidienne<\/p>\n<\/li>\n<\/ul>\n<p data-start=\"828\" data-end=\"854\" class=\"\"><strong data-start=\"828\" data-end=\"852\">\u062a\u0641\u0627\u0635\u064a\u0644 \u0627\u0644\u0645\u0646\u062a\u062c:<\/strong><\/p>\n<ul data-start=\"855\" data-end=\"1013\">\n<li data-start=\"855\" data-end=\"880\" class=\"\">\n<p data-start=\"857\" data-end=\"880\" class=\"\"><strong data-start=\"857\" data-end=\"869\">\u0645\u0627\u0631\u0643\u0629 :<\/strong> Medicube<\/p>\n<\/li>\n<li data-start=\"881\" data-end=\"923\" class=\"\">\n<p data-start=\"883\" data-end=\"923\" class=\"\"><strong data-start=\"883\" data-end=\"904\">\u0646\u0648\u0639 \u0627\u0644\u0645\u0646\u062a\u062c:<\/strong> Cr\u00e8me hydratante<\/p>\n<\/li>\n<li data-start=\"924\" data-end=\"954\" class=\"\">\n<p data-start=\"926\" data-end=\"954\" class=\"\"><strong data-start=\"926\" data-end=\"937\">\u064a\u062a\u0631\u0627\u0648\u062d :<\/strong> \u0627\u0644\u0648\u062c\u0647<\/p>\n<\/li>\n<li data-start=\"955\" data-end=\"1013\" class=\"\">\n<p data-start=\"957\" data-end=\"1013\" class=\"\"><strong data-start=\"957\" data-end=\"973\">\u0633\u0639\u0629:<\/strong> \u00c0 pr\u00e9ciser selon le format disponible<\/p>\n<\/li>\n<\/ul>\n<p data-start=\"1015\" data-end=\"1036\" class=\"\"><strong data-start=\"1015\" data-end=\"1034\">\u0637\u0631\u064a\u0642\u0629 \u0627\u0644\u0627\u0633\u062a\u062e\u062f\u0627\u0645:<\/strong><\/p>\n<ol data-start=\"1037\" data-end=\"1214\" data-is-last-node=\"\" data-is-only-node=\"\">\n<li data-start=\"1037\" data-end=\"1105\" class=\"\">\n<p data-start=\"1040\" data-end=\"1105\" class=\"\">Appliquer une quantit\u00e9 suffisante sur une peau propre et s\u00e8che.<\/p>\n<\/li>\n<li data-start=\"1106\" data-end=\"1159\" class=\"\">\n<p data-start=\"1109\" data-end=\"1159\" class=\"\">Masser d\u00e9licatement jusqu&rsquo;\u00e0 absorption compl\u00e8te.<\/p>\n<\/li>\n<li data-start=\"1160\" data-end=\"1214\" class=\"\">\n<p data-start=\"1163\" data-end=\"1214\" class=\"\">Utiliser matin et soir pour des r\u00e9sultats optimaux.<\/p>\n<\/li>\n<\/ol>","protected":false},"excerpt":{"rendered":"<p>Medicube PDRN Cr\u00e8me Hydratante Hyaluronique Rose Introduction :D\u00e9couvrez la cr\u00e8me hydratante hyaluronique rose Medicube PDRN, une solution polyvalente con\u00e7ue pour att\u00e9nuer les imperfections tenaces, unifier le teint et renforcer la barri\u00e8re cutan\u00e9e. Gr\u00e2ce \u00e0 sa formule enrichie en PDRN de saumon, en niacinamide et en 10 couches d\u2019acide hyaluronique, cette cr\u00e8me hydrate en profondeur tout [&hellip;]<\/p>\n","protected":false},"featured_media":10299,"template":"","meta":{"om_disable_all_campaigns":false},"product_brand":[],"product_cat":[18,15,1186],"product_tag":[],"class_list":{"0":"post-10305","1":"product","2":"type-product","3":"status-publish","4":"has-post-thumbnail","6":"product_cat-beaute-sante","7":"product_cat-beaute-sante-complements-alimentaires-soins-et-bien-etre-au-meilleur-prix","8":"product_cat-visage","10":"first","11":"instock","12":"taxable","13":"shipping-taxable","14":"purchasable","15":"product-type-simple"},"yoast_head":"<!-- This site is optimized with the Yoast SEO plugin v27.3 - https:\/\/yoast.com\/product\/yoast-seo-wordpress\/ -->\n<title>MEDICUBE - PDRN Pink Hyaluronic Moisturizing Cream - 50ml - Maroc Prix<\/title>\n<meta name=\"description\" content=\"MEDICUBE - PDRN Pink Hyaluronic Moisturizing Cream - 50ml\" \/>\n<meta name=\"robots\" content=\"index, follow, max-snippet:-1, max-image-preview:large, max-video-preview:-1\" \/>\n<link rel=\"canonical\" href=\"https:\/\/vitablanca.ma\/ar\/product-2\/medicube-pdrn-pink-hyaluronic-moisturizing-cream-50ml\/\" \/>\n<meta property=\"og:locale\" content=\"ar_AR\" \/>\n<meta property=\"og:type\" content=\"article\" \/>\n<meta property=\"og:title\" content=\"MEDICUBE - PDRN Pink Hyaluronic Moisturizing Cream - 50ml - Maroc Prix\" \/>\n<meta property=\"og:description\" content=\"MEDICUBE - PDRN Pink Hyaluronic Moisturizing Cream - 50ml\" \/>\n<meta property=\"og:url\" content=\"https:\/\/vitablanca.ma\/ar\/product-2\/medicube-pdrn-pink-hyaluronic-moisturizing-cream-50ml\/\" \/>\n<meta property=\"og:site_name\" content=\"Vitablanca.ma &ndash; Sant&eacute;, vitalit&eacute; et bien-&ecirc;tre pour tous les Marocains\" \/>\n<meta property=\"article:publisher\" content=\"https:\/\/www.facebook.com\/profile.php?id=61576678196717\" \/>\n<meta property=\"article:modified_time\" content=\"2025-05-28T19:55:41+00:00\" \/>\n<meta property=\"og:image\" content=\"https:\/\/vitablanca.ma\/wp-content\/uploads\/2025\/05\/IMG-7554_565731d4-be66-49c7-ae4b-f629094d86a2.jpg\" \/>\n\t<meta property=\"og:image:width\" content=\"1000\" \/>\n\t<meta property=\"og:image:height\" content=\"1000\" \/>\n\t<meta property=\"og:image:type\" content=\"image\/jpeg\" \/>\n<meta name=\"twitter:card\" content=\"summary_large_image\" \/>\n<meta name=\"twitter:label1\" content=\"\u0648\u0642\u062a \u0627\u0644\u0642\u0631\u0627\u0621\u0629 \u0627\u0644\u0645\u064f\u0642\u062f\u0651\u0631\" \/>\n\t<meta name=\"twitter:data1\" content=\"\u062f\u0642\u064a\u0642\u0629 \u0648\u0627\u062d\u062f\u0629\" \/>\n<script type=\"application\/ld+json\" class=\"yoast-schema-graph\">{\"@context\":\"https:\\\/\\\/schema.org\",\"@graph\":[{\"@type\":[\"WebPage\",\"ItemPage\"],\"@id\":\"https:\\\/\\\/vitablanca.ma\\\/produit\\\/medicube-pdrn-pink-hyaluronic-moisturizing-cream-50ml\\\/\",\"url\":\"https:\\\/\\\/vitablanca.ma\\\/produit\\\/medicube-pdrn-pink-hyaluronic-moisturizing-cream-50ml\\\/\",\"name\":\"MEDICUBE - PDRN Pink Hyaluronic Moisturizing Cream - 50ml - Maroc Prix\",\"isPartOf\":{\"@id\":\"https:\\\/\\\/vitablanca.ma\\\/#website\"},\"primaryImageOfPage\":{\"@id\":\"https:\\\/\\\/vitablanca.ma\\\/produit\\\/medicube-pdrn-pink-hyaluronic-moisturizing-cream-50ml\\\/#primaryimage\"},\"image\":{\"@id\":\"https:\\\/\\\/vitablanca.ma\\\/produit\\\/medicube-pdrn-pink-hyaluronic-moisturizing-cream-50ml\\\/#primaryimage\"},\"thumbnailUrl\":\"https:\\\/\\\/vitablanca.ma\\\/wp-content\\\/uploads\\\/2025\\\/05\\\/IMG-7554_565731d4-be66-49c7-ae4b-f629094d86a2.jpg\",\"datePublished\":\"2025-05-28T19:40:24+00:00\",\"dateModified\":\"2025-05-28T19:55:41+00:00\",\"description\":\"MEDICUBE - PDRN Pink Hyaluronic Moisturizing Cream - 50ml\",\"breadcrumb\":{\"@id\":\"https:\\\/\\\/vitablanca.ma\\\/produit\\\/medicube-pdrn-pink-hyaluronic-moisturizing-cream-50ml\\\/#breadcrumb\"},\"inLanguage\":\"ar\",\"potentialAction\":[{\"@type\":\"ReadAction\",\"target\":[\"https:\\\/\\\/vitablanca.ma\\\/produit\\\/medicube-pdrn-pink-hyaluronic-moisturizing-cream-50ml\\\/\"]}]},{\"@type\":\"ImageObject\",\"inLanguage\":\"ar\",\"@id\":\"https:\\\/\\\/vitablanca.ma\\\/produit\\\/medicube-pdrn-pink-hyaluronic-moisturizing-cream-50ml\\\/#primaryimage\",\"url\":\"https:\\\/\\\/vitablanca.ma\\\/wp-content\\\/uploads\\\/2025\\\/05\\\/IMG-7554_565731d4-be66-49c7-ae4b-f629094d86a2.jpg\",\"contentUrl\":\"https:\\\/\\\/vitablanca.ma\\\/wp-content\\\/uploads\\\/2025\\\/05\\\/IMG-7554_565731d4-be66-49c7-ae4b-f629094d86a2.jpg\",\"width\":1000,\"height\":1000},{\"@type\":\"BreadcrumbList\",\"@id\":\"https:\\\/\\\/vitablanca.ma\\\/produit\\\/medicube-pdrn-pink-hyaluronic-moisturizing-cream-50ml\\\/#breadcrumb\",\"itemListElement\":[{\"@type\":\"ListItem\",\"position\":1,\"name\":\"Home\",\"item\":\"https:\\\/\\\/vitablanca.ma\\\/\"},{\"@type\":\"ListItem\",\"position\":2,\"name\":\"Tous Les Produits\",\"item\":\"https:\\\/\\\/vitablanca.ma\\\/tous-les-produits\\\/\"},{\"@type\":\"ListItem\",\"position\":3,\"name\":\"MEDICUBE &#8211; PDRN Pink Hyaluronic Moisturizing Cream &#8211; 50ml\"}]},{\"@type\":\"WebSite\",\"@id\":\"https:\\\/\\\/vitablanca.ma\\\/#website\",\"url\":\"https:\\\/\\\/vitablanca.ma\\\/\",\"name\":\"VitaBlanca.ma | Compl\u00e9ments alimentaires, sant\u00e9 & beaut\u00e9 au Maroc\",\"description\":\"vendre vitamines et compl\u00e9ments premium des USA &amp; Canada, Nouvelle Z\u00e9lande,Maroc (NOW Foods, Solgar, Manuka). Livraison rapide partout au Maroc.\",\"publisher\":{\"@id\":\"https:\\\/\\\/vitablanca.ma\\\/#organization\"},\"alternateName\":\"VitaBlanca.ma\",\"potentialAction\":[{\"@type\":\"SearchAction\",\"target\":{\"@type\":\"EntryPoint\",\"urlTemplate\":\"https:\\\/\\\/vitablanca.ma\\\/?s={search_term_string}\"},\"query-input\":{\"@type\":\"PropertyValueSpecification\",\"valueRequired\":true,\"valueName\":\"search_term_string\"}}],\"inLanguage\":\"ar\"},{\"@type\":\"Organization\",\"@id\":\"https:\\\/\\\/vitablanca.ma\\\/#organization\",\"name\":\"VitaBlanca\",\"url\":\"https:\\\/\\\/vitablanca.ma\\\/\",\"logo\":{\"@type\":\"ImageObject\",\"inLanguage\":\"ar\",\"@id\":\"https:\\\/\\\/vitablanca.ma\\\/#\\\/schema\\\/logo\\\/image\\\/\",\"url\":\"https:\\\/\\\/vitablanca.ma\\\/wp-content\\\/uploads\\\/2025\\\/05\\\/cropped-vitablanca.png\",\"contentUrl\":\"https:\\\/\\\/vitablanca.ma\\\/wp-content\\\/uploads\\\/2025\\\/05\\\/cropped-vitablanca.png\",\"width\":360,\"height\":67,\"caption\":\"VitaBlanca\"},\"image\":{\"@id\":\"https:\\\/\\\/vitablanca.ma\\\/#\\\/schema\\\/logo\\\/image\\\/\"},\"sameAs\":[\"https:\\\/\\\/www.facebook.com\\\/profile.php?id=61576678196717\",\"https:\\\/\\\/www.tiktok.com\\\/@vitablanca.ma\",\"https:\\\/\\\/www.instagram.com\\\/vitablanca.ma\\\/\"]}]}<\/script>\n<!-- \/ Yoast SEO plugin. -->","yoast_head_json":{"title":"MEDICUBE - PDRN Pink Hyaluronic Moisturizing Cream - 50ml - Maroc Prix","description":"MEDICUBE - PDRN Pink Hyaluronic Moisturizing Cream - 50ml","robots":{"index":"index","follow":"follow","max-snippet":"max-snippet:-1","max-image-preview":"max-image-preview:large","max-video-preview":"max-video-preview:-1"},"canonical":"https:\/\/vitablanca.ma\/ar\/product-2\/medicube-pdrn-pink-hyaluronic-moisturizing-cream-50ml\/","og_locale":"ar_AR","og_type":"article","og_title":"MEDICUBE - PDRN Pink Hyaluronic Moisturizing Cream - 50ml - Maroc Prix","og_description":"MEDICUBE - PDRN Pink Hyaluronic Moisturizing Cream - 50ml","og_url":"https:\/\/vitablanca.ma\/ar\/product-2\/medicube-pdrn-pink-hyaluronic-moisturizing-cream-50ml\/","og_site_name":"Vitablanca.ma &ndash; Sant&eacute;, vitalit&eacute; et bien-&ecirc;tre pour tous les Marocains","article_publisher":"https:\/\/www.facebook.com\/profile.php?id=61576678196717","article_modified_time":"2025-05-28T19:55:41+00:00","og_image":[{"width":1000,"height":1000,"url":"https:\/\/vitablanca.ma\/wp-content\/uploads\/2025\/05\/IMG-7554_565731d4-be66-49c7-ae4b-f629094d86a2.jpg","type":"image\/jpeg"}],"twitter_card":"summary_large_image","twitter_misc":{"\u0648\u0642\u062a \u0627\u0644\u0642\u0631\u0627\u0621\u0629 \u0627\u0644\u0645\u064f\u0642\u062f\u0651\u0631":"\u062f\u0642\u064a\u0642\u0629 \u0648\u0627\u062d\u062f\u0629"},"schema":{"@context":"https:\/\/schema.org","@graph":[{"@type":["WebPage","ItemPage"],"@id":"https:\/\/vitablanca.ma\/produit\/medicube-pdrn-pink-hyaluronic-moisturizing-cream-50ml\/","url":"https:\/\/vitablanca.ma\/produit\/medicube-pdrn-pink-hyaluronic-moisturizing-cream-50ml\/","name":"MEDICUBE - PDRN Pink Hyaluronic Moisturizing Cream - 50ml - Maroc Prix","isPartOf":{"@id":"https:\/\/vitablanca.ma\/#website"},"primaryImageOfPage":{"@id":"https:\/\/vitablanca.ma\/produit\/medicube-pdrn-pink-hyaluronic-moisturizing-cream-50ml\/#primaryimage"},"image":{"@id":"https:\/\/vitablanca.ma\/produit\/medicube-pdrn-pink-hyaluronic-moisturizing-cream-50ml\/#primaryimage"},"thumbnailUrl":"https:\/\/vitablanca.ma\/wp-content\/uploads\/2025\/05\/IMG-7554_565731d4-be66-49c7-ae4b-f629094d86a2.jpg","datePublished":"2025-05-28T19:40:24+00:00","dateModified":"2025-05-28T19:55:41+00:00","description":"MEDICUBE - PDRN Pink Hyaluronic Moisturizing Cream - 50ml","breadcrumb":{"@id":"https:\/\/vitablanca.ma\/produit\/medicube-pdrn-pink-hyaluronic-moisturizing-cream-50ml\/#breadcrumb"},"inLanguage":"ar","potentialAction":[{"@type":"ReadAction","target":["https:\/\/vitablanca.ma\/produit\/medicube-pdrn-pink-hyaluronic-moisturizing-cream-50ml\/"]}]},{"@type":"ImageObject","inLanguage":"ar","@id":"https:\/\/vitablanca.ma\/produit\/medicube-pdrn-pink-hyaluronic-moisturizing-cream-50ml\/#primaryimage","url":"https:\/\/vitablanca.ma\/wp-content\/uploads\/2025\/05\/IMG-7554_565731d4-be66-49c7-ae4b-f629094d86a2.jpg","contentUrl":"https:\/\/vitablanca.ma\/wp-content\/uploads\/2025\/05\/IMG-7554_565731d4-be66-49c7-ae4b-f629094d86a2.jpg","width":1000,"height":1000},{"@type":"BreadcrumbList","@id":"https:\/\/vitablanca.ma\/produit\/medicube-pdrn-pink-hyaluronic-moisturizing-cream-50ml\/#breadcrumb","itemListElement":[{"@type":"ListItem","position":1,"name":"Home","item":"https:\/\/vitablanca.ma\/"},{"@type":"ListItem","position":2,"name":"Tous Les Produits","item":"https:\/\/vitablanca.ma\/tous-les-produits\/"},{"@type":"ListItem","position":3,"name":"MEDICUBE &#8211; PDRN Pink Hyaluronic Moisturizing Cream &#8211; 50ml"}]},{"@type":"WebSite","@id":"https:\/\/vitablanca.ma\/#website","url":"https:\/\/vitablanca.ma\/","name":"VitaBlanca.ma | \u0627\u0644\u0645\u0643\u0645\u0644\u0627\u062a \u0627\u0644\u063a\u0630\u0627\u0626\u064a\u0629\u060c \u0627\u0644\u0635\u062d\u0629 \u0648\u0627\u0644\u062c\u0645\u0627\u0644 \u0641\u064a \u0627\u0644\u0645\u063a\u0631\u0628","description":"\u0646\u0628\u064a\u0639 \u0641\u064a\u062a\u0627\u0645\u064a\u0646\u0627\u062a \u0648\u0645\u0643\u0645\u0644\u0627\u062a \u063a\u0630\u0627\u0626\u064a\u0629 \u0641\u0627\u062e\u0631\u0629 \u0645\u0646 \u0627\u0644\u0648\u0644\u0627\u064a\u0627\u062a \u0627\u0644\u0645\u062a\u062d\u062f\u0629 \u0627\u0644\u0623\u0645\u0631\u064a\u0643\u064a\u0629 \u0648\u0643\u0646\u062f\u0627 \u0648\u0646\u064a\u0648\u0632\u064a\u0644\u0646\u062f\u0627 \u0648\u0627\u0644\u0645\u063a\u0631\u0628 (\u0646\u0627\u0648 \u0641\u0648\u062f\u0632\u060c \u0633\u0648\u0644\u062c\u0627\u0631\u060c \u0645\u0627\u0646\u0648\u0643\u0627). \u062a\u0648\u0635\u064a\u0644 \u0633\u0631\u064a\u0639 \u0625\u0644\u0649 \u062c\u0645\u064a\u0639 \u0623\u0646\u062d\u0627\u0621 \u0627\u0644\u0645\u063a\u0631\u0628.","publisher":{"@id":"https:\/\/vitablanca.ma\/#organization"},"alternateName":"VitaBlanca.ma","potentialAction":[{"@type":"SearchAction","target":{"@type":"EntryPoint","urlTemplate":"https:\/\/vitablanca.ma\/?s={search_term_string}"},"query-input":{"@type":"PropertyValueSpecification","valueRequired":true,"valueName":"search_term_string"}}],"inLanguage":"ar"},{"@type":"Organization","@id":"https:\/\/vitablanca.ma\/#organization","name":"\u0641\u064a\u062a\u0627\u0628\u0644\u0627\u0646\u0643\u0627","url":"https:\/\/vitablanca.ma\/","logo":{"@type":"ImageObject","inLanguage":"ar","@id":"https:\/\/vitablanca.ma\/#\/schema\/logo\/image\/","url":"https:\/\/vitablanca.ma\/wp-content\/uploads\/2025\/05\/cropped-vitablanca.png","contentUrl":"https:\/\/vitablanca.ma\/wp-content\/uploads\/2025\/05\/cropped-vitablanca.png","width":360,"height":67,"caption":"VitaBlanca"},"image":{"@id":"https:\/\/vitablanca.ma\/#\/schema\/logo\/image\/"},"sameAs":["https:\/\/www.facebook.com\/profile.php?id=61576678196717","https:\/\/www.tiktok.com\/@vitablanca.ma","https:\/\/www.instagram.com\/vitablanca.ma\/"]}]}},"jetpack_sharing_enabled":true,"_links":{"self":[{"href":"https:\/\/vitablanca.ma\/ar\/wp-json\/wp\/v2\/product\/10305","targetHints":{"allow":["GET"]}}],"collection":[{"href":"https:\/\/vitablanca.ma\/ar\/wp-json\/wp\/v2\/product"}],"about":[{"href":"https:\/\/vitablanca.ma\/ar\/wp-json\/wp\/v2\/types\/product"}],"wp:featuredmedia":[{"embeddable":true,"href":"https:\/\/vitablanca.ma\/ar\/wp-json\/wp\/v2\/media\/10299"}],"wp:attachment":[{"href":"https:\/\/vitablanca.ma\/ar\/wp-json\/wp\/v2\/media?parent=10305"}],"wp:term":[{"taxonomy":"product_brand","embeddable":true,"href":"https:\/\/vitablanca.ma\/ar\/wp-json\/wp\/v2\/product_brand?post=10305"},{"taxonomy":"product_cat","embeddable":true,"href":"https:\/\/vitablanca.ma\/ar\/wp-json\/wp\/v2\/product_cat?post=10305"},{"taxonomy":"product_tag","embeddable":true,"href":"https:\/\/vitablanca.ma\/ar\/wp-json\/wp\/v2\/product_tag?post=10305"}],"curies":[{"name":"wp","href":"https:\/\/api.w.org\/{rel}","templated":true}]}}