{"id":10301,"date":"2025-05-28T19:40:18","date_gmt":"2025-05-28T19:40:18","guid":{"rendered":"https:\/\/vitablanca.ma\/product\/eucerin-hyaluron-filler-soin-de-jour-peau-seche-spf-15-photoaging-control-teinte-spf-50-50ml-offert\/"},"modified":"2026-01-21T23:25:23","modified_gmt":"2026-01-21T23:25:23","slug":"eucerin-hyaluron-filler-soin-de-jour-peau-seche-spf-15-photoaging-control-teinte-spf-50-50ml-offert","status":"publish","type":"product","link":"https:\/\/vitablanca.ma\/ar\/product-2\/eucerin-hyaluron-filler-soin-de-jour-peau-seche-spf-15-photoaging-control-teinte-spf-50-50ml-offert\/","title":{"rendered":"EUCERIN HYALURON-FILLER Soin de Jour Peau S\u00e8che SPF 15 = Photoaging Control Teint\u00e9 Spf 50-50ml OFFERT"},"content":{"rendered":"<div class=\"woocommerce-product-details__short-description\">\n<h4 data-end=\"353\" data-start=\"269\"><strong data-end=\"353\" data-start=\"273\">EUCERIN Hyaluron-Filler +3x Effect \u2013 Soin de Jour SPF 15 Peaux S\u00e8ches | 50ml<\/strong><\/h4>\n<p>EUCERIN HYALURON-FILLER Soin de Jour Peau S\u00e8che SPF 15 = Photoaging Control 50ml OFFERT d\u2019Eucerin est le geste anti-\u00e2ge essentiel pour les peaux s\u00e8ches. Gr\u00e2ce \u00e0 sa formule enrichie en actifs dermatologiques, il agit en profondeur pour lisser les rides, redonner du volume \u00e0 la peau et pr\u00e9venir les signes visibles du vieillissement cutan\u00e9.<\/p>\n<p data-end=\"761\" data-start=\"688\" class=\"\">\u00a0<strong data-end=\"759\" data-start=\"691\">Une formule triple action pour une peau visiblement plus jeune :\u00a0EUCERIN HYALURON-FILLER Soin<\/strong><\/p>\n<ol data-end=\"1153\" data-start=\"762\">\n<li data-end=\"926\" data-start=\"762\" class=\"\">\n<p data-end=\"926\" data-start=\"765\" class=\"\"><strong data-end=\"775\" data-start=\"765\">Comble<\/strong>\u00a0les rides : l\u2019Acide Hyaluronique de haut et bas poids mol\u00e9culaire hydrate intens\u00e9ment et repulpe les couches superficielles et profondes de la peau.<\/p>\n<\/li>\n<li data-end=\"1038\" data-start=\"927\" class=\"\">\n<p data-end=\"1038\" data-start=\"930\" class=\"\"><strong data-end=\"941\" data-start=\"930\">Stimule<\/strong>\u00a0la production naturelle d\u2019acide hyaluronique gr\u00e2ce \u00e0 la\u00a0<strong data-end=\"1010\" data-start=\"998\">Saponine<\/strong>, un puissant antioxydant.<\/p>\n<\/li>\n<li data-end=\"1153\" data-start=\"1039\" class=\"\">\n<p data-end=\"1153\" data-start=\"1042\" class=\"\"><strong data-end=\"1053\" data-start=\"1042\">\u0645\u062d\u0645\u064a<\/strong>\u00a0l\u2019acide hyaluronique d\u00e9j\u00e0 pr\u00e9sent dans la peau en ralentissant sa d\u00e9gradation avec\u00a0<strong data-end=\"1152\" data-start=\"1137\">l\u2019Enoxolone<\/strong>.<\/p>\n<\/li>\n<\/ol>\n<p data-end=\"1344\" data-start=\"1155\" class=\"\">\u00a0<strong data-end=\"1210\" data-start=\"1158\">Protection solaire int\u00e9gr\u00e9e SPF 15 &amp; filtres UVA<\/strong>\u00a0: ce soin aide \u00e0 pr\u00e9venir le photovieillissement et freine l\u2019apparition de rides provoqu\u00e9es par les rayons UV et les radicaux libres.<\/p>\n<p data-end=\"1476\" data-start=\"1346\" class=\"\"><span>\u00a0<\/span>R\u00e9sultat : une peau plus souple, repulp\u00e9e, hydrat\u00e9e en profondeur, avec des rides visiblement r\u00e9duites, m\u00eame les plus marqu\u00e9es.<\/p>\n<h3 data-end=\"1517\" data-start=\"1483\" class=\"\"><strong data-end=\"1515\" data-start=\"1487\">Conseils d\u2019utilisation : EUCERIN HYALURON-FILLER Soin<\/strong><\/h3>\n<p data-end=\"1712\" data-start=\"1518\" class=\"\">Chaque matin, appliquez une noisette de produit sur le visage, le cou et le d\u00e9collet\u00e9 pr\u00e9alablement nettoy\u00e9s. Faites p\u00e9n\u00e9trer par de l\u00e9gers massages circulaires. \u00c9vitez le contact avec les yeux.<\/p>\n<h3 data-end=\"1768\" data-start=\"1719\" class=\"\"><strong data-end=\"1766\" data-start=\"1723\">Formule INCI (principaux ingr\u00e9dients) :<\/strong><\/h3>\n<p data-end=\"2035\" data-start=\"1769\" class=\"\">Aqua, Glycerin, Sodium Hyaluronate (Acide Hyaluronique), Glycine Soja Germ Extract (Saponine), Glycyrrhetinic Acid (Enoxolone), filtres UV, Beurre de Karit\u00e9, Mica, Silica\u2026<br data-end=\"1943\" data-start=\"1940\"><em data-end=\"2035\" data-start=\"1943\">Liste compl\u00e8te \u00e0 consulter sur l\u2019emballage du produit. Ne pas conserver au-dessus de 25\u00b0C.<\/em><\/p>\n<h3 data-end=\"2109\" data-start=\"2042\" class=\"\"><strong data-end=\"2107\" data-start=\"2046\">Pourquoi int\u00e9grer un soin de jour anti-\u00e2ge \u00e0 sa routine ?<\/strong><\/h3>\n<p data-end=\"2565\" data-start=\"2110\" class=\"\">Un soin de jour anti-\u00e2ge ne se contente pas de traiter les signes de l\u2019\u00e2ge d\u00e9j\u00e0 pr\u00e9sents : il aide aussi \u00e0 les pr\u00e9venir. Gr\u00e2ce \u00e0 des actifs comme l\u2019acide hyaluronique, les antioxydants ou les filtres solaires, il lutte contre les agressions ext\u00e9rieures (UV, pollution, stress oxydatif) qui acc\u00e9l\u00e8rent le vieillissement cutan\u00e9. En plus de repulper et lisser la peau, il am\u00e9liore l\u2019\u00e9lasticit\u00e9, att\u00e9nue les taches pigmentaires et redonne de l\u2019\u00e9clat au teint.\u00a0EUCERIN HYALURON-FILLEEEUCERIN HYALURON-FILLER SoinUCERIN HYALURON-FILLER SoinR Soin<\/p>\n<p data-end=\"2708\" data-start=\"2572\" class=\"\"><strong data-end=\"2629\" data-start=\"2572\">Test\u00e9 dermatologiquement \u2013 Convient aux peaux s\u00e8ches.<\/strong><br data-end=\"2632\" data-start=\"2629\"><strong data-end=\"2708\" data-start=\"2632\">Une peau plus lisse, plus ferme, visiblement plus jeune jour apr\u00e8s jour.<\/strong><\/p>\n<\/div>","protected":false},"excerpt":{"rendered":"<p>EUCERIN Hyaluron-Filler +3x Effect \u2013 Soin de Jour SPF 15 Peaux S\u00e8ches | 50ml EUCERIN HYALURON-FILLER Soin de Jour Peau S\u00e8che SPF 15 = Photoaging Control 50ml OFFERT d\u2019Eucerin est le geste anti-\u00e2ge essentiel pour les peaux s\u00e8ches. Gr\u00e2ce \u00e0 sa formule enrichie en actifs dermatologiques, il agit en profondeur pour lisser les rides, redonner [&hellip;]<\/p>\n","protected":false},"featured_media":10291,"template":"","meta":{"om_disable_all_campaigns":false},"product_brand":[5994],"product_cat":[18,15,1186],"product_tag":[],"class_list":{"0":"post-10301","1":"product","2":"type-product","3":"status-publish","4":"has-post-thumbnail","6":"product_brand-eucerin-maroc-prix","7":"product_cat-beaute-sante","8":"product_cat-beaute-sante-complements-alimentaires-soins-et-bien-etre-au-meilleur-prix","9":"product_cat-visage","11":"first","12":"instock","13":"taxable","14":"shipping-taxable","15":"purchasable","16":"product-type-simple"},"yoast_head":"<!-- This site is optimized with the Yoast SEO plugin v27.3 - https:\/\/yoast.com\/product\/yoast-seo-wordpress\/ -->\n<title>EUCERIN HYALURON-FILLER Soin de Jour Peau S\u00e8che SPF 15 = Photoaging Control Teint\u00e9 Spf 50-50ml OFFERT - Maroc Prix<\/title>\n<meta name=\"description\" content=\"EUCERIN HYALURON-FILLER Soin de Jour Peau S\u00e8che SPF 15 = Photoaging Control Teint\u00e9 Spf 50-50ml OFFERT\" \/>\n<meta name=\"robots\" content=\"index, follow, max-snippet:-1, max-image-preview:large, max-video-preview:-1\" \/>\n<link rel=\"canonical\" href=\"https:\/\/vitablanca.ma\/ar\/product-2\/eucerin-hyaluron-filler-soin-de-jour-peau-seche-spf-15-photoaging-control-teinte-spf-50-50ml-offert\/\" \/>\n<meta property=\"og:locale\" content=\"ar_AR\" \/>\n<meta property=\"og:type\" content=\"article\" \/>\n<meta property=\"og:title\" content=\"EUCERIN HYALURON-FILLER Soin de Jour Peau S\u00e8che SPF 15 = Photoaging Control Teint\u00e9 Spf 50-50ml OFFERT - Maroc Prix\" \/>\n<meta property=\"og:description\" content=\"EUCERIN HYALURON-FILLER Soin de Jour Peau S\u00e8che SPF 15 = Photoaging Control Teint\u00e9 Spf 50-50ml OFFERT\" \/>\n<meta property=\"og:url\" content=\"https:\/\/vitablanca.ma\/ar\/product-2\/eucerin-hyaluron-filler-soin-de-jour-peau-seche-spf-15-photoaging-control-teinte-spf-50-50ml-offert\/\" \/>\n<meta property=\"og:site_name\" content=\"Vitablanca.ma &ndash; Sant&eacute;, vitalit&eacute; et bien-&ecirc;tre pour tous les Marocains\" \/>\n<meta property=\"article:publisher\" content=\"https:\/\/www.facebook.com\/profile.php?id=61576678196717\" \/>\n<meta property=\"article:modified_time\" content=\"2026-01-21T23:25:23+00:00\" \/>\n<meta property=\"og:image\" content=\"https:\/\/vitablanca.ma\/wp-content\/uploads\/2025\/05\/Post-Hy-Fi-Jour-Photoaging-Control-Teinte_u.jpg\" \/>\n\t<meta property=\"og:image:width\" content=\"2000\" \/>\n\t<meta property=\"og:image:height\" content=\"2000\" \/>\n\t<meta property=\"og:image:type\" content=\"image\/jpeg\" \/>\n<meta name=\"twitter:card\" content=\"summary_large_image\" \/>\n<meta name=\"twitter:label1\" content=\"\u0648\u0642\u062a \u0627\u0644\u0642\u0631\u0627\u0621\u0629 \u0627\u0644\u0645\u064f\u0642\u062f\u0651\u0631\" \/>\n\t<meta name=\"twitter:data1\" content=\"\u062f\u0642\u064a\u0642\u062a\u0627\u0646\" \/>\n<script type=\"application\/ld+json\" class=\"yoast-schema-graph\">{\"@context\":\"https:\\\/\\\/schema.org\",\"@graph\":[{\"@type\":[\"WebPage\",\"ItemPage\"],\"@id\":\"https:\\\/\\\/vitablanca.ma\\\/produit\\\/eucerin-hyaluron-filler-soin-de-jour-peau-seche-spf-15-photoaging-control-teinte-spf-50-50ml-offert\\\/\",\"url\":\"https:\\\/\\\/vitablanca.ma\\\/produit\\\/eucerin-hyaluron-filler-soin-de-jour-peau-seche-spf-15-photoaging-control-teinte-spf-50-50ml-offert\\\/\",\"name\":\"EUCERIN HYALURON-FILLER Soin de Jour Peau S\u00e8che SPF 15 = Photoaging Control Teint\u00e9 Spf 50-50ml OFFERT - Maroc Prix\",\"isPartOf\":{\"@id\":\"https:\\\/\\\/vitablanca.ma\\\/#website\"},\"primaryImageOfPage\":{\"@id\":\"https:\\\/\\\/vitablanca.ma\\\/produit\\\/eucerin-hyaluron-filler-soin-de-jour-peau-seche-spf-15-photoaging-control-teinte-spf-50-50ml-offert\\\/#primaryimage\"},\"image\":{\"@id\":\"https:\\\/\\\/vitablanca.ma\\\/produit\\\/eucerin-hyaluron-filler-soin-de-jour-peau-seche-spf-15-photoaging-control-teinte-spf-50-50ml-offert\\\/#primaryimage\"},\"thumbnailUrl\":\"https:\\\/\\\/vitablanca.ma\\\/wp-content\\\/uploads\\\/2025\\\/05\\\/Post-Hy-Fi-Jour-Photoaging-Control-Teinte_u.jpg\",\"datePublished\":\"2025-05-28T19:40:18+00:00\",\"dateModified\":\"2026-01-21T23:25:23+00:00\",\"description\":\"EUCERIN HYALURON-FILLER Soin de Jour Peau S\u00e8che SPF 15 = Photoaging Control Teint\u00e9 Spf 50-50ml OFFERT\",\"breadcrumb\":{\"@id\":\"https:\\\/\\\/vitablanca.ma\\\/produit\\\/eucerin-hyaluron-filler-soin-de-jour-peau-seche-spf-15-photoaging-control-teinte-spf-50-50ml-offert\\\/#breadcrumb\"},\"inLanguage\":\"ar\",\"potentialAction\":[{\"@type\":\"ReadAction\",\"target\":[\"https:\\\/\\\/vitablanca.ma\\\/produit\\\/eucerin-hyaluron-filler-soin-de-jour-peau-seche-spf-15-photoaging-control-teinte-spf-50-50ml-offert\\\/\"]}]},{\"@type\":\"ImageObject\",\"inLanguage\":\"ar\",\"@id\":\"https:\\\/\\\/vitablanca.ma\\\/produit\\\/eucerin-hyaluron-filler-soin-de-jour-peau-seche-spf-15-photoaging-control-teinte-spf-50-50ml-offert\\\/#primaryimage\",\"url\":\"https:\\\/\\\/vitablanca.ma\\\/wp-content\\\/uploads\\\/2025\\\/05\\\/Post-Hy-Fi-Jour-Photoaging-Control-Teinte_u.jpg\",\"contentUrl\":\"https:\\\/\\\/vitablanca.ma\\\/wp-content\\\/uploads\\\/2025\\\/05\\\/Post-Hy-Fi-Jour-Photoaging-Control-Teinte_u.jpg\",\"width\":2000,\"height\":2000},{\"@type\":\"BreadcrumbList\",\"@id\":\"https:\\\/\\\/vitablanca.ma\\\/produit\\\/eucerin-hyaluron-filler-soin-de-jour-peau-seche-spf-15-photoaging-control-teinte-spf-50-50ml-offert\\\/#breadcrumb\",\"itemListElement\":[{\"@type\":\"ListItem\",\"position\":1,\"name\":\"Home\",\"item\":\"https:\\\/\\\/vitablanca.ma\\\/\"},{\"@type\":\"ListItem\",\"position\":2,\"name\":\"Tous Les Produits\",\"item\":\"https:\\\/\\\/vitablanca.ma\\\/tous-les-produits\\\/\"},{\"@type\":\"ListItem\",\"position\":3,\"name\":\"EUCERIN HYALURON-FILLER Soin de Jour Peau S\u00e8che SPF 15 = Photoaging Control Teint\u00e9 Spf 50-50ml OFFERT\"}]},{\"@type\":\"WebSite\",\"@id\":\"https:\\\/\\\/vitablanca.ma\\\/#website\",\"url\":\"https:\\\/\\\/vitablanca.ma\\\/\",\"name\":\"VitaBlanca.ma | Compl\u00e9ments alimentaires, sant\u00e9 & beaut\u00e9 au Maroc\",\"description\":\"vendre vitamines et compl\u00e9ments premium des USA &amp; Canada, Nouvelle Z\u00e9lande,Maroc (NOW Foods, Solgar, Manuka). Livraison rapide partout au Maroc.\",\"publisher\":{\"@id\":\"https:\\\/\\\/vitablanca.ma\\\/#organization\"},\"alternateName\":\"VitaBlanca.ma\",\"potentialAction\":[{\"@type\":\"SearchAction\",\"target\":{\"@type\":\"EntryPoint\",\"urlTemplate\":\"https:\\\/\\\/vitablanca.ma\\\/?s={search_term_string}\"},\"query-input\":{\"@type\":\"PropertyValueSpecification\",\"valueRequired\":true,\"valueName\":\"search_term_string\"}}],\"inLanguage\":\"ar\"},{\"@type\":\"Organization\",\"@id\":\"https:\\\/\\\/vitablanca.ma\\\/#organization\",\"name\":\"VitaBlanca\",\"url\":\"https:\\\/\\\/vitablanca.ma\\\/\",\"logo\":{\"@type\":\"ImageObject\",\"inLanguage\":\"ar\",\"@id\":\"https:\\\/\\\/vitablanca.ma\\\/#\\\/schema\\\/logo\\\/image\\\/\",\"url\":\"https:\\\/\\\/vitablanca.ma\\\/wp-content\\\/uploads\\\/2025\\\/05\\\/cropped-vitablanca.png\",\"contentUrl\":\"https:\\\/\\\/vitablanca.ma\\\/wp-content\\\/uploads\\\/2025\\\/05\\\/cropped-vitablanca.png\",\"width\":360,\"height\":67,\"caption\":\"VitaBlanca\"},\"image\":{\"@id\":\"https:\\\/\\\/vitablanca.ma\\\/#\\\/schema\\\/logo\\\/image\\\/\"},\"sameAs\":[\"https:\\\/\\\/www.facebook.com\\\/profile.php?id=61576678196717\",\"https:\\\/\\\/www.tiktok.com\\\/@vitablanca.ma\",\"https:\\\/\\\/www.instagram.com\\\/vitablanca.ma\\\/\"]}]}<\/script>\n<!-- \/ Yoast SEO plugin. -->","yoast_head_json":{"title":"EUCERIN HYALURON-FILLER Soin de Jour Peau S\u00e8che SPF 15 = Photoaging Control Teint\u00e9 Spf 50-50ml OFFERT - Maroc Prix","description":"EUCERIN HYALURON-FILLER Soin de Jour Peau S\u00e8che SPF 15 = Photoaging Control Teint\u00e9 Spf 50-50ml OFFERT","robots":{"index":"index","follow":"follow","max-snippet":"max-snippet:-1","max-image-preview":"max-image-preview:large","max-video-preview":"max-video-preview:-1"},"canonical":"https:\/\/vitablanca.ma\/ar\/product-2\/eucerin-hyaluron-filler-soin-de-jour-peau-seche-spf-15-photoaging-control-teinte-spf-50-50ml-offert\/","og_locale":"ar_AR","og_type":"article","og_title":"EUCERIN HYALURON-FILLER Soin de Jour Peau S\u00e8che SPF 15 = Photoaging Control Teint\u00e9 Spf 50-50ml OFFERT - Maroc Prix","og_description":"EUCERIN HYALURON-FILLER Soin de Jour Peau S\u00e8che SPF 15 = Photoaging Control Teint\u00e9 Spf 50-50ml OFFERT","og_url":"https:\/\/vitablanca.ma\/ar\/product-2\/eucerin-hyaluron-filler-soin-de-jour-peau-seche-spf-15-photoaging-control-teinte-spf-50-50ml-offert\/","og_site_name":"Vitablanca.ma &ndash; Sant&eacute;, vitalit&eacute; et bien-&ecirc;tre pour tous les Marocains","article_publisher":"https:\/\/www.facebook.com\/profile.php?id=61576678196717","article_modified_time":"2026-01-21T23:25:23+00:00","og_image":[{"width":2000,"height":2000,"url":"https:\/\/vitablanca.ma\/wp-content\/uploads\/2025\/05\/Post-Hy-Fi-Jour-Photoaging-Control-Teinte_u.jpg","type":"image\/jpeg"}],"twitter_card":"summary_large_image","twitter_misc":{"\u0648\u0642\u062a \u0627\u0644\u0642\u0631\u0627\u0621\u0629 \u0627\u0644\u0645\u064f\u0642\u062f\u0651\u0631":"\u062f\u0642\u064a\u0642\u062a\u0627\u0646"},"schema":{"@context":"https:\/\/schema.org","@graph":[{"@type":["WebPage","ItemPage"],"@id":"https:\/\/vitablanca.ma\/produit\/eucerin-hyaluron-filler-soin-de-jour-peau-seche-spf-15-photoaging-control-teinte-spf-50-50ml-offert\/","url":"https:\/\/vitablanca.ma\/produit\/eucerin-hyaluron-filler-soin-de-jour-peau-seche-spf-15-photoaging-control-teinte-spf-50-50ml-offert\/","name":"EUCERIN HYALURON-FILLER Soin de Jour Peau S\u00e8che SPF 15 = Photoaging Control Teint\u00e9 Spf 50-50ml OFFERT - Maroc Prix","isPartOf":{"@id":"https:\/\/vitablanca.ma\/#website"},"primaryImageOfPage":{"@id":"https:\/\/vitablanca.ma\/produit\/eucerin-hyaluron-filler-soin-de-jour-peau-seche-spf-15-photoaging-control-teinte-spf-50-50ml-offert\/#primaryimage"},"image":{"@id":"https:\/\/vitablanca.ma\/produit\/eucerin-hyaluron-filler-soin-de-jour-peau-seche-spf-15-photoaging-control-teinte-spf-50-50ml-offert\/#primaryimage"},"thumbnailUrl":"https:\/\/vitablanca.ma\/wp-content\/uploads\/2025\/05\/Post-Hy-Fi-Jour-Photoaging-Control-Teinte_u.jpg","datePublished":"2025-05-28T19:40:18+00:00","dateModified":"2026-01-21T23:25:23+00:00","description":"EUCERIN HYALURON-FILLER Soin de Jour Peau S\u00e8che SPF 15 = Photoaging Control Teint\u00e9 Spf 50-50ml OFFERT","breadcrumb":{"@id":"https:\/\/vitablanca.ma\/produit\/eucerin-hyaluron-filler-soin-de-jour-peau-seche-spf-15-photoaging-control-teinte-spf-50-50ml-offert\/#breadcrumb"},"inLanguage":"ar","potentialAction":[{"@type":"ReadAction","target":["https:\/\/vitablanca.ma\/produit\/eucerin-hyaluron-filler-soin-de-jour-peau-seche-spf-15-photoaging-control-teinte-spf-50-50ml-offert\/"]}]},{"@type":"ImageObject","inLanguage":"ar","@id":"https:\/\/vitablanca.ma\/produit\/eucerin-hyaluron-filler-soin-de-jour-peau-seche-spf-15-photoaging-control-teinte-spf-50-50ml-offert\/#primaryimage","url":"https:\/\/vitablanca.ma\/wp-content\/uploads\/2025\/05\/Post-Hy-Fi-Jour-Photoaging-Control-Teinte_u.jpg","contentUrl":"https:\/\/vitablanca.ma\/wp-content\/uploads\/2025\/05\/Post-Hy-Fi-Jour-Photoaging-Control-Teinte_u.jpg","width":2000,"height":2000},{"@type":"BreadcrumbList","@id":"https:\/\/vitablanca.ma\/produit\/eucerin-hyaluron-filler-soin-de-jour-peau-seche-spf-15-photoaging-control-teinte-spf-50-50ml-offert\/#breadcrumb","itemListElement":[{"@type":"ListItem","position":1,"name":"Home","item":"https:\/\/vitablanca.ma\/"},{"@type":"ListItem","position":2,"name":"Tous Les Produits","item":"https:\/\/vitablanca.ma\/tous-les-produits\/"},{"@type":"ListItem","position":3,"name":"EUCERIN HYALURON-FILLER Soin de Jour Peau S\u00e8che SPF 15 = Photoaging Control Teint\u00e9 Spf 50-50ml OFFERT"}]},{"@type":"WebSite","@id":"https:\/\/vitablanca.ma\/#website","url":"https:\/\/vitablanca.ma\/","name":"VitaBlanca.ma | \u0627\u0644\u0645\u0643\u0645\u0644\u0627\u062a \u0627\u0644\u063a\u0630\u0627\u0626\u064a\u0629\u060c \u0627\u0644\u0635\u062d\u0629 \u0648\u0627\u0644\u062c\u0645\u0627\u0644 \u0641\u064a \u0627\u0644\u0645\u063a\u0631\u0628","description":"\u0646\u0628\u064a\u0639 \u0641\u064a\u062a\u0627\u0645\u064a\u0646\u0627\u062a \u0648\u0645\u0643\u0645\u0644\u0627\u062a \u063a\u0630\u0627\u0626\u064a\u0629 \u0641\u0627\u062e\u0631\u0629 \u0645\u0646 \u0627\u0644\u0648\u0644\u0627\u064a\u0627\u062a \u0627\u0644\u0645\u062a\u062d\u062f\u0629 \u0627\u0644\u0623\u0645\u0631\u064a\u0643\u064a\u0629 \u0648\u0643\u0646\u062f\u0627 \u0648\u0646\u064a\u0648\u0632\u064a\u0644\u0646\u062f\u0627 \u0648\u0627\u0644\u0645\u063a\u0631\u0628 (\u0646\u0627\u0648 \u0641\u0648\u062f\u0632\u060c \u0633\u0648\u0644\u062c\u0627\u0631\u060c \u0645\u0627\u0646\u0648\u0643\u0627). \u062a\u0648\u0635\u064a\u0644 \u0633\u0631\u064a\u0639 \u0625\u0644\u0649 \u062c\u0645\u064a\u0639 \u0623\u0646\u062d\u0627\u0621 \u0627\u0644\u0645\u063a\u0631\u0628.","publisher":{"@id":"https:\/\/vitablanca.ma\/#organization"},"alternateName":"VitaBlanca.ma","potentialAction":[{"@type":"SearchAction","target":{"@type":"EntryPoint","urlTemplate":"https:\/\/vitablanca.ma\/?s={search_term_string}"},"query-input":{"@type":"PropertyValueSpecification","valueRequired":true,"valueName":"search_term_string"}}],"inLanguage":"ar"},{"@type":"Organization","@id":"https:\/\/vitablanca.ma\/#organization","name":"\u0641\u064a\u062a\u0627\u0628\u0644\u0627\u0646\u0643\u0627","url":"https:\/\/vitablanca.ma\/","logo":{"@type":"ImageObject","inLanguage":"ar","@id":"https:\/\/vitablanca.ma\/#\/schema\/logo\/image\/","url":"https:\/\/vitablanca.ma\/wp-content\/uploads\/2025\/05\/cropped-vitablanca.png","contentUrl":"https:\/\/vitablanca.ma\/wp-content\/uploads\/2025\/05\/cropped-vitablanca.png","width":360,"height":67,"caption":"VitaBlanca"},"image":{"@id":"https:\/\/vitablanca.ma\/#\/schema\/logo\/image\/"},"sameAs":["https:\/\/www.facebook.com\/profile.php?id=61576678196717","https:\/\/www.tiktok.com\/@vitablanca.ma","https:\/\/www.instagram.com\/vitablanca.ma\/"]}]}},"jetpack_sharing_enabled":true,"_links":{"self":[{"href":"https:\/\/vitablanca.ma\/ar\/wp-json\/wp\/v2\/product\/10301","targetHints":{"allow":["GET"]}}],"collection":[{"href":"https:\/\/vitablanca.ma\/ar\/wp-json\/wp\/v2\/product"}],"about":[{"href":"https:\/\/vitablanca.ma\/ar\/wp-json\/wp\/v2\/types\/product"}],"wp:featuredmedia":[{"embeddable":true,"href":"https:\/\/vitablanca.ma\/ar\/wp-json\/wp\/v2\/media\/10291"}],"wp:attachment":[{"href":"https:\/\/vitablanca.ma\/ar\/wp-json\/wp\/v2\/media?parent=10301"}],"wp:term":[{"taxonomy":"product_brand","embeddable":true,"href":"https:\/\/vitablanca.ma\/ar\/wp-json\/wp\/v2\/product_brand?post=10301"},{"taxonomy":"product_cat","embeddable":true,"href":"https:\/\/vitablanca.ma\/ar\/wp-json\/wp\/v2\/product_cat?post=10301"},{"taxonomy":"product_tag","embeddable":true,"href":"https:\/\/vitablanca.ma\/ar\/wp-json\/wp\/v2\/product_tag?post=10301"}],"curies":[{"name":"wp","href":"https:\/\/api.w.org\/{rel}","templated":true}]}}