{"id":10284,"date":"2025-05-28T19:37:57","date_gmt":"2025-05-28T19:37:57","guid":{"rendered":"https:\/\/vitablanca.ma\/product\/embryolisse-pack-lait-creme-concentre-masque-hydratation-intense\/"},"modified":"2025-05-28T19:55:42","modified_gmt":"2025-05-28T19:55:42","slug":"embryolisse-pack-lait-creme-concentre-masque-hydratation-intense","status":"publish","type":"product","link":"https:\/\/vitablanca.ma\/ar\/product-2\/embryolisse-pack-lait-creme-concentre-masque-hydratation-intense\/","title":{"rendered":"\u0645\u062c\u0645\u0648\u0639\u0629 \u0625\u0645\u0628\u0631\u064a\u0648\u0644\u064a\u0633 - \u0643\u0631\u064a\u0645 \u062d\u0644\u064a\u0628 \u0645\u0631\u0643\u0632 + \u0642\u0646\u0627\u0639 \u062a\u0631\u0637\u064a\u0628 \u0645\u0643\u062b\u0641"},"content":{"rendered":"<p><span>EMBRYOLISSE Pack Lait Creme Concentr\u00e9 + Masque Hydratation Intense: obtenez une hydratation intense et une peau plus douce dans un seul pack. Notre cr\u00e8me multi-fonctionnelle et notre masque hydratant contiennent des actifs naturels pour une peau plus saine et prot\u00e9g\u00e9e. Son m\u00e9lange unique de beurre de karit\u00e9, d\u2019extrait de baobab et d\u2019acide hyaluronique agit pour redonner \u00e0 votre peau une hydratation compl\u00e8te et une douceur \u00e9tonnante.<\/span><\/p>","protected":false},"excerpt":{"rendered":"<p>EMBRYOLISSE Pack Lait Creme Concentr\u00e9 + Masque Hydratation Intense: obtenez une hydratation intense et une peau plus douce dans un seul pack. Notre cr\u00e8me multi-fonctionnelle et notre masque hydratant contiennent des actifs naturels pour une peau plus saine et prot\u00e9g\u00e9e. Son m\u00e9lange unique de beurre de karit\u00e9, d\u2019extrait de baobab et d\u2019acide hyaluronique agit pour [&hellip;]<\/p>\n","protected":false},"featured_media":10283,"template":"","meta":{"om_disable_all_campaigns":false},"product_brand":[],"product_cat":[18,15,1186],"product_tag":[],"class_list":{"0":"post-10284","1":"product","2":"type-product","3":"status-publish","4":"has-post-thumbnail","6":"product_cat-beaute-sante","7":"product_cat-beaute-sante-complements-alimentaires-soins-et-bien-etre-au-meilleur-prix","8":"product_cat-visage","10":"first","11":"instock","12":"sale","13":"taxable","14":"shipping-taxable","15":"purchasable","16":"product-type-simple"},"yoast_head":"<!-- This site is optimized with the Yoast SEO plugin v27.5 - https:\/\/yoast.com\/product\/yoast-seo-wordpress\/ -->\n<title>EMBRYOLISSE PACK LAIT CREME CONCENTRE + MASQUE HYDRATATION INTENSE - Maroc Prix<\/title>\n<meta name=\"description\" content=\"EMBRYOLISSE PACK LAIT CREME CONCENTRE + MASQUE HYDRATATION INTENSE\" \/>\n<meta name=\"robots\" content=\"index, follow, max-snippet:-1, max-image-preview:large, max-video-preview:-1\" \/>\n<link rel=\"canonical\" href=\"https:\/\/vitablanca.ma\/ar\/product-2\/embryolisse-pack-lait-creme-concentre-masque-hydratation-intense\/\" \/>\n<meta property=\"og:locale\" content=\"ar_AR\" \/>\n<meta property=\"og:type\" content=\"article\" \/>\n<meta property=\"og:title\" content=\"EMBRYOLISSE PACK LAIT CREME CONCENTRE + MASQUE HYDRATATION INTENSE - Maroc Prix\" \/>\n<meta property=\"og:description\" content=\"EMBRYOLISSE PACK LAIT CREME CONCENTRE + MASQUE HYDRATATION INTENSE\" \/>\n<meta property=\"og:url\" content=\"https:\/\/vitablanca.ma\/ar\/product-2\/embryolisse-pack-lait-creme-concentre-masque-hydratation-intense\/\" \/>\n<meta property=\"og:site_name\" content=\"Vitablanca.ma &ndash; Sant&eacute;, vitalit&eacute; et bien-&ecirc;tre pour tous les Marocains\" \/>\n<meta property=\"article:publisher\" content=\"https:\/\/www.facebook.com\/profile.php?id=61576678196717\" \/>\n<meta property=\"article:modified_time\" content=\"2025-05-28T19:55:42+00:00\" \/>\n<meta property=\"og:image\" content=\"https:\/\/vitablanca.ma\/wp-content\/uploads\/2025\/05\/3336B769-25A4-4F77-B15B-321894D1F266.jpg\" \/>\n\t<meta property=\"og:image:width\" content=\"1290\" \/>\n\t<meta property=\"og:image:height\" content=\"1212\" \/>\n\t<meta property=\"og:image:type\" content=\"image\/jpeg\" \/>\n<meta name=\"twitter:card\" content=\"summary_large_image\" \/>\n<script type=\"application\/ld+json\" class=\"yoast-schema-graph\">{\"@context\":\"https:\\\/\\\/schema.org\",\"@graph\":[{\"@type\":[\"WebPage\",\"ItemPage\"],\"@id\":\"https:\\\/\\\/vitablanca.ma\\\/produit\\\/embryolisse-pack-lait-creme-concentre-masque-hydratation-intense\\\/\",\"url\":\"https:\\\/\\\/vitablanca.ma\\\/produit\\\/embryolisse-pack-lait-creme-concentre-masque-hydratation-intense\\\/\",\"name\":\"EMBRYOLISSE PACK LAIT CREME CONCENTRE + MASQUE HYDRATATION INTENSE - Maroc Prix\",\"isPartOf\":{\"@id\":\"https:\\\/\\\/vitablanca.ma\\\/#website\"},\"primaryImageOfPage\":{\"@id\":\"https:\\\/\\\/vitablanca.ma\\\/produit\\\/embryolisse-pack-lait-creme-concentre-masque-hydratation-intense\\\/#primaryimage\"},\"image\":{\"@id\":\"https:\\\/\\\/vitablanca.ma\\\/produit\\\/embryolisse-pack-lait-creme-concentre-masque-hydratation-intense\\\/#primaryimage\"},\"thumbnailUrl\":\"https:\\\/\\\/vitablanca.ma\\\/wp-content\\\/uploads\\\/2025\\\/05\\\/3336B769-25A4-4F77-B15B-321894D1F266.jpg\",\"datePublished\":\"2025-05-28T19:37:57+00:00\",\"dateModified\":\"2025-05-28T19:55:42+00:00\",\"description\":\"EMBRYOLISSE PACK LAIT CREME CONCENTRE + MASQUE HYDRATATION INTENSE\",\"breadcrumb\":{\"@id\":\"https:\\\/\\\/vitablanca.ma\\\/produit\\\/embryolisse-pack-lait-creme-concentre-masque-hydratation-intense\\\/#breadcrumb\"},\"inLanguage\":\"ar\",\"potentialAction\":[{\"@type\":\"ReadAction\",\"target\":[\"https:\\\/\\\/vitablanca.ma\\\/produit\\\/embryolisse-pack-lait-creme-concentre-masque-hydratation-intense\\\/\"]}]},{\"@type\":\"ImageObject\",\"inLanguage\":\"ar\",\"@id\":\"https:\\\/\\\/vitablanca.ma\\\/produit\\\/embryolisse-pack-lait-creme-concentre-masque-hydratation-intense\\\/#primaryimage\",\"url\":\"https:\\\/\\\/vitablanca.ma\\\/wp-content\\\/uploads\\\/2025\\\/05\\\/3336B769-25A4-4F77-B15B-321894D1F266.jpg\",\"contentUrl\":\"https:\\\/\\\/vitablanca.ma\\\/wp-content\\\/uploads\\\/2025\\\/05\\\/3336B769-25A4-4F77-B15B-321894D1F266.jpg\",\"width\":1290,\"height\":1212},{\"@type\":\"BreadcrumbList\",\"@id\":\"https:\\\/\\\/vitablanca.ma\\\/produit\\\/embryolisse-pack-lait-creme-concentre-masque-hydratation-intense\\\/#breadcrumb\",\"itemListElement\":[{\"@type\":\"ListItem\",\"position\":1,\"name\":\"Home\",\"item\":\"https:\\\/\\\/vitablanca.ma\\\/\"},{\"@type\":\"ListItem\",\"position\":2,\"name\":\"Tous Les Produits\",\"item\":\"https:\\\/\\\/vitablanca.ma\\\/tous-les-produits\\\/\"},{\"@type\":\"ListItem\",\"position\":3,\"name\":\"EMBRYOLISSE PACK LAIT CREME CONCENTRE + MASQUE HYDRATATION INTENSE\"}]},{\"@type\":\"WebSite\",\"@id\":\"https:\\\/\\\/vitablanca.ma\\\/#website\",\"url\":\"https:\\\/\\\/vitablanca.ma\\\/\",\"name\":\"VitaBlanca.ma | Compl\u00e9ments alimentaires, sant\u00e9 & beaut\u00e9 au Maroc\",\"description\":\"vendre vitamines et compl\u00e9ments premium des USA &amp; Canada, Nouvelle Z\u00e9lande,Maroc (NOW Foods, Solgar, Manuka). Livraison rapide partout au Maroc.\",\"publisher\":{\"@id\":\"https:\\\/\\\/vitablanca.ma\\\/#organization\"},\"alternateName\":\"VitaBlanca.ma\",\"potentialAction\":[{\"@type\":\"SearchAction\",\"target\":{\"@type\":\"EntryPoint\",\"urlTemplate\":\"https:\\\/\\\/vitablanca.ma\\\/?s={search_term_string}\"},\"query-input\":{\"@type\":\"PropertyValueSpecification\",\"valueRequired\":true,\"valueName\":\"search_term_string\"}}],\"inLanguage\":\"ar\"},{\"@type\":\"Organization\",\"@id\":\"https:\\\/\\\/vitablanca.ma\\\/#organization\",\"name\":\"VitaBlanca\",\"url\":\"https:\\\/\\\/vitablanca.ma\\\/\",\"logo\":{\"@type\":\"ImageObject\",\"inLanguage\":\"ar\",\"@id\":\"https:\\\/\\\/vitablanca.ma\\\/#\\\/schema\\\/logo\\\/image\\\/\",\"url\":\"https:\\\/\\\/vitablanca.ma\\\/wp-content\\\/uploads\\\/2025\\\/05\\\/cropped-vitablanca.png\",\"contentUrl\":\"https:\\\/\\\/vitablanca.ma\\\/wp-content\\\/uploads\\\/2025\\\/05\\\/cropped-vitablanca.png\",\"width\":360,\"height\":67,\"caption\":\"VitaBlanca\"},\"image\":{\"@id\":\"https:\\\/\\\/vitablanca.ma\\\/#\\\/schema\\\/logo\\\/image\\\/\"},\"sameAs\":[\"https:\\\/\\\/www.facebook.com\\\/profile.php?id=61576678196717\",\"https:\\\/\\\/www.tiktok.com\\\/@vitablanca.ma\",\"https:\\\/\\\/www.instagram.com\\\/vitablanca.ma\\\/\"]}]}<\/script>\n<!-- \/ Yoast SEO plugin. -->","yoast_head_json":{"title":"EMBRYOLISSE PACK LAIT CREME CONCENTRE + MASQUE HYDRATATION INTENSE - Maroc Prix","description":"\u0645\u062c\u0645\u0648\u0639\u0629 \u0625\u0645\u0628\u0631\u064a\u0648\u0644\u064a\u0633 - \u0643\u0631\u064a\u0645 \u062d\u0644\u064a\u0628 \u0645\u0631\u0643\u0632 + \u0642\u0646\u0627\u0639 \u062a\u0631\u0637\u064a\u0628 \u0645\u0643\u062b\u0641","robots":{"index":"index","follow":"follow","max-snippet":"max-snippet:-1","max-image-preview":"max-image-preview:large","max-video-preview":"max-video-preview:-1"},"canonical":"https:\/\/vitablanca.ma\/ar\/product-2\/embryolisse-pack-lait-creme-concentre-masque-hydratation-intense\/","og_locale":"ar_AR","og_type":"article","og_title":"EMBRYOLISSE PACK LAIT CREME CONCENTRE + MASQUE HYDRATATION INTENSE - Maroc Prix","og_description":"EMBRYOLISSE PACK LAIT CREME CONCENTRE + MASQUE HYDRATATION INTENSE","og_url":"https:\/\/vitablanca.ma\/ar\/product-2\/embryolisse-pack-lait-creme-concentre-masque-hydratation-intense\/","og_site_name":"Vitablanca.ma &ndash; Sant&eacute;, vitalit&eacute; et bien-&ecirc;tre pour tous les Marocains","article_publisher":"https:\/\/www.facebook.com\/profile.php?id=61576678196717","article_modified_time":"2025-05-28T19:55:42+00:00","og_image":[{"width":1290,"height":1212,"url":"https:\/\/vitablanca.ma\/wp-content\/uploads\/2025\/05\/3336B769-25A4-4F77-B15B-321894D1F266.jpg","type":"image\/jpeg"}],"twitter_card":"summary_large_image","schema":{"@context":"https:\/\/schema.org","@graph":[{"@type":["WebPage","ItemPage"],"@id":"https:\/\/vitablanca.ma\/produit\/embryolisse-pack-lait-creme-concentre-masque-hydratation-intense\/","url":"https:\/\/vitablanca.ma\/produit\/embryolisse-pack-lait-creme-concentre-masque-hydratation-intense\/","name":"EMBRYOLISSE PACK LAIT CREME CONCENTRE + MASQUE HYDRATATION INTENSE - Maroc Prix","isPartOf":{"@id":"https:\/\/vitablanca.ma\/#website"},"primaryImageOfPage":{"@id":"https:\/\/vitablanca.ma\/produit\/embryolisse-pack-lait-creme-concentre-masque-hydratation-intense\/#primaryimage"},"image":{"@id":"https:\/\/vitablanca.ma\/produit\/embryolisse-pack-lait-creme-concentre-masque-hydratation-intense\/#primaryimage"},"thumbnailUrl":"https:\/\/vitablanca.ma\/wp-content\/uploads\/2025\/05\/3336B769-25A4-4F77-B15B-321894D1F266.jpg","datePublished":"2025-05-28T19:37:57+00:00","dateModified":"2025-05-28T19:55:42+00:00","description":"\u0645\u062c\u0645\u0648\u0639\u0629 \u0625\u0645\u0628\u0631\u064a\u0648\u0644\u064a\u0633 - \u0643\u0631\u064a\u0645 \u062d\u0644\u064a\u0628 \u0645\u0631\u0643\u0632 + \u0642\u0646\u0627\u0639 \u062a\u0631\u0637\u064a\u0628 \u0645\u0643\u062b\u0641","breadcrumb":{"@id":"https:\/\/vitablanca.ma\/produit\/embryolisse-pack-lait-creme-concentre-masque-hydratation-intense\/#breadcrumb"},"inLanguage":"ar","potentialAction":[{"@type":"ReadAction","target":["https:\/\/vitablanca.ma\/produit\/embryolisse-pack-lait-creme-concentre-masque-hydratation-intense\/"]}]},{"@type":"ImageObject","inLanguage":"ar","@id":"https:\/\/vitablanca.ma\/produit\/embryolisse-pack-lait-creme-concentre-masque-hydratation-intense\/#primaryimage","url":"https:\/\/vitablanca.ma\/wp-content\/uploads\/2025\/05\/3336B769-25A4-4F77-B15B-321894D1F266.jpg","contentUrl":"https:\/\/vitablanca.ma\/wp-content\/uploads\/2025\/05\/3336B769-25A4-4F77-B15B-321894D1F266.jpg","width":1290,"height":1212},{"@type":"BreadcrumbList","@id":"https:\/\/vitablanca.ma\/produit\/embryolisse-pack-lait-creme-concentre-masque-hydratation-intense\/#breadcrumb","itemListElement":[{"@type":"ListItem","position":1,"name":"Home","item":"https:\/\/vitablanca.ma\/"},{"@type":"ListItem","position":2,"name":"Tous Les Produits","item":"https:\/\/vitablanca.ma\/tous-les-produits\/"},{"@type":"ListItem","position":3,"name":"EMBRYOLISSE PACK LAIT CREME CONCENTRE + MASQUE HYDRATATION INTENSE"}]},{"@type":"WebSite","@id":"https:\/\/vitablanca.ma\/#website","url":"https:\/\/vitablanca.ma\/","name":"VitaBlanca.ma | \u0627\u0644\u0645\u0643\u0645\u0644\u0627\u062a \u0627\u0644\u063a\u0630\u0627\u0626\u064a\u0629\u060c \u0627\u0644\u0635\u062d\u0629 \u0648\u0627\u0644\u062c\u0645\u0627\u0644 \u0641\u064a \u0627\u0644\u0645\u063a\u0631\u0628","description":"\u0646\u0628\u064a\u0639 \u0641\u064a\u062a\u0627\u0645\u064a\u0646\u0627\u062a \u0648\u0645\u0643\u0645\u0644\u0627\u062a \u063a\u0630\u0627\u0626\u064a\u0629 \u0641\u0627\u062e\u0631\u0629 \u0645\u0646 \u0627\u0644\u0648\u0644\u0627\u064a\u0627\u062a \u0627\u0644\u0645\u062a\u062d\u062f\u0629 \u0627\u0644\u0623\u0645\u0631\u064a\u0643\u064a\u0629 \u0648\u0643\u0646\u062f\u0627 \u0648\u0646\u064a\u0648\u0632\u064a\u0644\u0646\u062f\u0627 \u0648\u0627\u0644\u0645\u063a\u0631\u0628 (\u0646\u0627\u0648 \u0641\u0648\u062f\u0632\u060c \u0633\u0648\u0644\u062c\u0627\u0631\u060c \u0645\u0627\u0646\u0648\u0643\u0627). \u062a\u0648\u0635\u064a\u0644 \u0633\u0631\u064a\u0639 \u0625\u0644\u0649 \u062c\u0645\u064a\u0639 \u0623\u0646\u062d\u0627\u0621 \u0627\u0644\u0645\u063a\u0631\u0628.","publisher":{"@id":"https:\/\/vitablanca.ma\/#organization"},"alternateName":"VitaBlanca.ma","potentialAction":[{"@type":"SearchAction","target":{"@type":"EntryPoint","urlTemplate":"https:\/\/vitablanca.ma\/?s={search_term_string}"},"query-input":{"@type":"PropertyValueSpecification","valueRequired":true,"valueName":"search_term_string"}}],"inLanguage":"ar"},{"@type":"Organization","@id":"https:\/\/vitablanca.ma\/#organization","name":"\u0641\u064a\u062a\u0627\u0628\u0644\u0627\u0646\u0643\u0627","url":"https:\/\/vitablanca.ma\/","logo":{"@type":"ImageObject","inLanguage":"ar","@id":"https:\/\/vitablanca.ma\/#\/schema\/logo\/image\/","url":"https:\/\/vitablanca.ma\/wp-content\/uploads\/2025\/05\/cropped-vitablanca.png","contentUrl":"https:\/\/vitablanca.ma\/wp-content\/uploads\/2025\/05\/cropped-vitablanca.png","width":360,"height":67,"caption":"VitaBlanca"},"image":{"@id":"https:\/\/vitablanca.ma\/#\/schema\/logo\/image\/"},"sameAs":["https:\/\/www.facebook.com\/profile.php?id=61576678196717","https:\/\/www.tiktok.com\/@vitablanca.ma","https:\/\/www.instagram.com\/vitablanca.ma\/"]}]}},"jetpack_sharing_enabled":true,"_links":{"self":[{"href":"https:\/\/vitablanca.ma\/ar\/wp-json\/wp\/v2\/product\/10284","targetHints":{"allow":["GET"]}}],"collection":[{"href":"https:\/\/vitablanca.ma\/ar\/wp-json\/wp\/v2\/product"}],"about":[{"href":"https:\/\/vitablanca.ma\/ar\/wp-json\/wp\/v2\/types\/product"}],"wp:featuredmedia":[{"embeddable":true,"href":"https:\/\/vitablanca.ma\/ar\/wp-json\/wp\/v2\/media\/10283"}],"wp:attachment":[{"href":"https:\/\/vitablanca.ma\/ar\/wp-json\/wp\/v2\/media?parent=10284"}],"wp:term":[{"taxonomy":"product_brand","embeddable":true,"href":"https:\/\/vitablanca.ma\/ar\/wp-json\/wp\/v2\/product_brand?post=10284"},{"taxonomy":"product_cat","embeddable":true,"href":"https:\/\/vitablanca.ma\/ar\/wp-json\/wp\/v2\/product_cat?post=10284"},{"taxonomy":"product_tag","embeddable":true,"href":"https:\/\/vitablanca.ma\/ar\/wp-json\/wp\/v2\/product_tag?post=10284"}],"curies":[{"name":"wp","href":"https:\/\/api.w.org\/{rel}","templated":true}]}}