{"id":10269,"date":"2025-05-28T19:37:28","date_gmt":"2025-05-28T19:37:28","guid":{"rendered":"https:\/\/vitablanca.ma\/product\/medicube-creme-age-r-glutathione-glow-capsule-50ml\/"},"modified":"2025-05-28T19:55:43","modified_gmt":"2025-05-28T19:55:43","slug":"medicube-creme-age-r-glutathione-glow-capsule-50ml","status":"publish","type":"product","link":"https:\/\/vitablanca.ma\/ar\/product-2\/medicube-creme-age-r-glutathione-glow-capsule-50ml\/","title":{"rendered":"MEDICUBE &#8211; Creme AGE-R Glutathione Glow Capsule, 50ml"},"content":{"rendered":"<p><strong>CE QUE C\u2019EST<\/strong><br \/>Soin \u00e9claircissant doux cor\u00e9en<br \/>Cr\u00e8me Capsule Glow Glutathione \/ Poids net : 1,69 fl. oz. \/ 50 ml<br \/>Voici notre cr\u00e8me capsule glow sp\u00e9cialement formul\u00e9e pour un \u00e9claircissement doux de la peau. Cette cr\u00e8me am\u00e9liore l\u2019\u00e9clat de la peau et apporte un \u00e9clat instantan\u00e9.<\/p>\n<p><strong>Pourquoi choisir une formulation en capsule ?<\/strong><br \/>Les capsules glow dans la formule sont absorb\u00e9es profond\u00e9ment dans la peau, offrant un effet lumineux imm\u00e9diat. Gr\u00e2ce \u00e0 la technologie cor\u00e9enne avanc\u00e9e, le glutathion, souvent difficile \u00e0 manipuler, est encapsul\u00e9 dans des capsules de phospholipides qui imitent la structure de la peau, garantissant une absorption et une efficacit\u00e9 maximales.<\/p>\n<p><strong>Qu\u2019est-ce que le Glutathion ?<\/strong><br \/>Le glutathion est largement reconnu en Cor\u00e9e comme un ingr\u00e9dient efficace pour \u00e9claircir la peau. Il est particuli\u00e8rement b\u00e9n\u00e9fique pour les peaux sensibles ou ternes. En Cor\u00e9e, le glutathion est \u00e9galement appr\u00e9ci\u00e9 pour ses bienfaits anti-\u00e2ge et protecteurs. Lorsqu\u2019il est int\u00e9gr\u00e9 dans des produits de soin de la peau gr\u00e2ce \u00e0 une technologie avanc\u00e9e, le glutathion garantit une absorption et une efficacit\u00e9 maximales. Cela en fait un ingr\u00e9dient pris\u00e9 pour obtenir une peau \u00e9clatante et jeune.<\/p>\n<p><strong>INGR\u00c9DIENTS CL\u00c9S<\/strong><\/p>\n<ul>\n<li>\n<strong>Glutathion<\/strong><br \/>Le glutathion pur, un puissant antioxydant, cible efficacement les pr\u00e9occupations de taches et les irr\u00e9gularit\u00e9s du teint. Il aide \u00e0 r\u00e9duire les irritations et les rougeurs, contribuant ainsi \u00e0 un teint plus clair et uniforme. En \u00e9liminant la ternissure, le glutathion favorise \u00e9galement un \u00e9clat sain et lumineux.<\/li>\n<li>\n<strong>\u0627\u0644\u0646\u064a\u0627\u0633\u064a\u0646\u0627\u0645\u064a\u062f<\/strong><br \/>La niacinamide am\u00e9liore la texture de la peau, la rendant plus douce et plus saine. Elle renforce la barri\u00e8re cutan\u00e9e, r\u00e9duisant la perte d\u2019humidit\u00e9 et am\u00e9liore l\u2019hydratation pour une peau plus lisse et plus souple au fil du temps.<\/li>\n<li>\n<strong>Peptide<\/strong><br \/>Les peptides renforcent la fermet\u00e9 de la peau en stimulant la production de collag\u00e8ne, ce qui donne un teint plus r\u00e9sistant. En renfor\u00e7ant la barri\u00e8re cutan\u00e9e, les peptides retiennent l\u2019humidit\u00e9 et prot\u00e8gent contre les agressions environnementales, favorisant une peau plus douce et plus lisse.<\/li>\n<li>\n<strong>Hydro-C\u00e9ramide<\/strong><br \/>Les hydro-c\u00e9ramides contribuent au processus de renouvellement de la peau. Ils aident \u00e0 renforcer la fonction naturelle de la barri\u00e8re cutan\u00e9e, apaisent la peau irrit\u00e9e et favorisent une meilleure condition globale de la peau.<\/li>\n<\/ul>\n<p><strong>R\u00c9SULTATS D\u2019\u00c9TUDE<\/strong><br \/>R\u00e9sultats d\u2019un rapport d\u2019auto-\u00e9valuation<\/p>\n<ul>\n<li>\u00c9clat de la peau : Am\u00e9lior\u00e9 de 37,8 %.<\/li>\n<li>Zone des pores : Diminu\u00e9e de 15,3 %.<\/li>\n<li>Hydratation de la surface : Am\u00e9lior\u00e9e de 17,4 %.<\/li>\n<li>Am\u00e9lioration de l\u2019\u00e9clat : Am\u00e9lior\u00e9e de 1,51 %.<\/li>\n<li>Densit\u00e9 de la peau des joues : Am\u00e9lior\u00e9e de 3,2 %.<\/li>\n<li>Affaissement du front : Diminu\u00e9 de 3,13 %.<\/li>\n<li>Affaissement des rides du sourire : Diminu\u00e9 de 2,13 %.<\/li>\n<\/ul>\n<ul>\n<li>Extrait du rapport d\u2019essai clinique sur la Cr\u00e8me Capsule Glow Glutathione de Medicube. Les r\u00e9sultats individuels peuvent varier.<\/li>\n<\/ul>\n<p><strong>\u0643\u064a\u0641\u064a\u0629 \u0627\u0644\u0627\u0633\u062a\u062e\u062f\u0627\u0645<\/strong><br \/>Apr\u00e8s le nettoyage, appliquez une quantit\u00e9 mod\u00e9r\u00e9e de la cr\u00e8me capsule glow glutathione sur votre visage.<br \/>Tapotez ou massez doucement. Veuillez presser et faire absorber les capsules de glutathion avec vos mains.<br \/>Laissez le produit \u00eatre compl\u00e8tement absorb\u00e9 par votre peau avant d\u2019appliquer votre maquillage.<\/p>\n<p>\u2714 Pour un \u00e9clat et un \u00e9claircissement maximaux<br \/>Avec le Booster Pro, vous pouvez am\u00e9liorer l\u2019effet \u00e9claircissant et obtenir une peau extr\u00eamement saine et \u00e9clatante.<\/p>\n<ol>\n<li>Apr\u00e8s le nettoyage, utilisez le mode Air Shot sur peau s\u00e8che.<\/li>\n<li>Appliquez le s\u00e9rum Glow Glutathione, puis activez le mode Booster pour une absorption maximale.<\/li>\n<li>Appliquez la cr\u00e8me capsule glutathione et utilisez le mode Microcurrent pour renforcer son efficacit\u00e9.<\/li>\n<li>Terminez votre routine de soin avec le mode Derma Shot pour une touche finale de nutrition.<\/li>\n<\/ol>","protected":false},"excerpt":{"rendered":"<p>CE QUE C\u2019ESTSoin \u00e9claircissant doux cor\u00e9enCr\u00e8me Capsule Glow Glutathione \/ Poids net : 1,69 fl. oz. \/ 50 mlVoici notre cr\u00e8me capsule glow sp\u00e9cialement formul\u00e9e pour un \u00e9claircissement doux de la peau. Cette cr\u00e8me am\u00e9liore l\u2019\u00e9clat de la peau et apporte un \u00e9clat instantan\u00e9. Pourquoi choisir une formulation en capsule ?Les capsules glow dans la [&hellip;]<\/p>\n","protected":false},"featured_media":10263,"template":"","meta":{"om_disable_all_campaigns":false},"product_brand":[],"product_cat":[18,15,1186],"product_tag":[],"class_list":{"0":"post-10269","1":"product","2":"type-product","3":"status-publish","4":"has-post-thumbnail","6":"product_cat-beaute-sante","7":"product_cat-beaute-sante-complements-alimentaires-soins-et-bien-etre-au-meilleur-prix","8":"product_cat-visage","10":"first","11":"instock","12":"taxable","13":"shipping-taxable","14":"purchasable","15":"product-type-simple"},"yoast_head":"<!-- This site is optimized with the Yoast SEO plugin v27.5 - https:\/\/yoast.com\/product\/yoast-seo-wordpress\/ -->\n<title>MEDICUBE - Creme AGE-R Glutathione Glow Capsule, 50ml - Maroc Prix<\/title>\n<meta name=\"description\" content=\"MEDICUBE - Creme AGE-R Glutathione Glow Capsule, 50ml\" \/>\n<meta name=\"robots\" content=\"index, follow, max-snippet:-1, max-image-preview:large, max-video-preview:-1\" \/>\n<link rel=\"canonical\" href=\"https:\/\/vitablanca.ma\/ar\/product-2\/medicube-creme-age-r-glutathione-glow-capsule-50ml\/\" \/>\n<meta property=\"og:locale\" content=\"ar_AR\" \/>\n<meta property=\"og:type\" content=\"article\" \/>\n<meta property=\"og:title\" content=\"MEDICUBE - Creme AGE-R Glutathione Glow Capsule, 50ml - Maroc Prix\" \/>\n<meta property=\"og:description\" content=\"MEDICUBE - Creme AGE-R Glutathione Glow Capsule, 50ml\" \/>\n<meta property=\"og:url\" content=\"https:\/\/vitablanca.ma\/ar\/product-2\/medicube-creme-age-r-glutathione-glow-capsule-50ml\/\" \/>\n<meta property=\"og:site_name\" content=\"Vitablanca.ma &ndash; Sant&eacute;, vitalit&eacute; et bien-&ecirc;tre pour tous les Marocains\" \/>\n<meta property=\"article:publisher\" content=\"https:\/\/www.facebook.com\/profile.php?id=61576678196717\" \/>\n<meta property=\"article:modified_time\" content=\"2025-05-28T19:55:43+00:00\" \/>\n<meta property=\"og:image\" content=\"https:\/\/vitablanca.ma\/wp-content\/uploads\/2025\/05\/SG_glutathionecream_th1.jpg\" \/>\n\t<meta property=\"og:image:width\" content=\"1080\" \/>\n\t<meta property=\"og:image:height\" content=\"1080\" \/>\n\t<meta property=\"og:image:type\" content=\"image\/jpeg\" \/>\n<meta name=\"twitter:card\" content=\"summary_large_image\" \/>\n<meta name=\"twitter:label1\" content=\"\u0648\u0642\u062a \u0627\u0644\u0642\u0631\u0627\u0621\u0629 \u0627\u0644\u0645\u064f\u0642\u062f\u0651\u0631\" \/>\n\t<meta name=\"twitter:data1\" content=\"3 \u062f\u0642\u0627\u0626\u0642\" \/>\n<script type=\"application\/ld+json\" class=\"yoast-schema-graph\">{\"@context\":\"https:\\\/\\\/schema.org\",\"@graph\":[{\"@type\":[\"WebPage\",\"ItemPage\"],\"@id\":\"https:\\\/\\\/vitablanca.ma\\\/produit\\\/medicube-creme-age-r-glutathione-glow-capsule-50ml\\\/\",\"url\":\"https:\\\/\\\/vitablanca.ma\\\/produit\\\/medicube-creme-age-r-glutathione-glow-capsule-50ml\\\/\",\"name\":\"MEDICUBE - Creme AGE-R Glutathione Glow Capsule, 50ml - Maroc Prix\",\"isPartOf\":{\"@id\":\"https:\\\/\\\/vitablanca.ma\\\/#website\"},\"primaryImageOfPage\":{\"@id\":\"https:\\\/\\\/vitablanca.ma\\\/produit\\\/medicube-creme-age-r-glutathione-glow-capsule-50ml\\\/#primaryimage\"},\"image\":{\"@id\":\"https:\\\/\\\/vitablanca.ma\\\/produit\\\/medicube-creme-age-r-glutathione-glow-capsule-50ml\\\/#primaryimage\"},\"thumbnailUrl\":\"https:\\\/\\\/vitablanca.ma\\\/wp-content\\\/uploads\\\/2025\\\/05\\\/SG_glutathionecream_th1.jpg\",\"datePublished\":\"2025-05-28T19:37:28+00:00\",\"dateModified\":\"2025-05-28T19:55:43+00:00\",\"description\":\"MEDICUBE - Creme AGE-R Glutathione Glow Capsule, 50ml\",\"breadcrumb\":{\"@id\":\"https:\\\/\\\/vitablanca.ma\\\/produit\\\/medicube-creme-age-r-glutathione-glow-capsule-50ml\\\/#breadcrumb\"},\"inLanguage\":\"ar\",\"potentialAction\":[{\"@type\":\"ReadAction\",\"target\":[\"https:\\\/\\\/vitablanca.ma\\\/produit\\\/medicube-creme-age-r-glutathione-glow-capsule-50ml\\\/\"]}]},{\"@type\":\"ImageObject\",\"inLanguage\":\"ar\",\"@id\":\"https:\\\/\\\/vitablanca.ma\\\/produit\\\/medicube-creme-age-r-glutathione-glow-capsule-50ml\\\/#primaryimage\",\"url\":\"https:\\\/\\\/vitablanca.ma\\\/wp-content\\\/uploads\\\/2025\\\/05\\\/SG_glutathionecream_th1.jpg\",\"contentUrl\":\"https:\\\/\\\/vitablanca.ma\\\/wp-content\\\/uploads\\\/2025\\\/05\\\/SG_glutathionecream_th1.jpg\",\"width\":1080,\"height\":1080},{\"@type\":\"BreadcrumbList\",\"@id\":\"https:\\\/\\\/vitablanca.ma\\\/produit\\\/medicube-creme-age-r-glutathione-glow-capsule-50ml\\\/#breadcrumb\",\"itemListElement\":[{\"@type\":\"ListItem\",\"position\":1,\"name\":\"Home\",\"item\":\"https:\\\/\\\/vitablanca.ma\\\/\"},{\"@type\":\"ListItem\",\"position\":2,\"name\":\"Tous Les Produits\",\"item\":\"https:\\\/\\\/vitablanca.ma\\\/tous-les-produits\\\/\"},{\"@type\":\"ListItem\",\"position\":3,\"name\":\"MEDICUBE &#8211; Creme AGE-R Glutathione Glow Capsule, 50ml\"}]},{\"@type\":\"WebSite\",\"@id\":\"https:\\\/\\\/vitablanca.ma\\\/#website\",\"url\":\"https:\\\/\\\/vitablanca.ma\\\/\",\"name\":\"VitaBlanca.ma | Compl\u00e9ments alimentaires, sant\u00e9 & beaut\u00e9 au Maroc\",\"description\":\"vendre vitamines et compl\u00e9ments premium des USA &amp; Canada, Nouvelle Z\u00e9lande,Maroc (NOW Foods, Solgar, Manuka). Livraison rapide partout au Maroc.\",\"publisher\":{\"@id\":\"https:\\\/\\\/vitablanca.ma\\\/#organization\"},\"alternateName\":\"VitaBlanca.ma\",\"potentialAction\":[{\"@type\":\"SearchAction\",\"target\":{\"@type\":\"EntryPoint\",\"urlTemplate\":\"https:\\\/\\\/vitablanca.ma\\\/?s={search_term_string}\"},\"query-input\":{\"@type\":\"PropertyValueSpecification\",\"valueRequired\":true,\"valueName\":\"search_term_string\"}}],\"inLanguage\":\"ar\"},{\"@type\":\"Organization\",\"@id\":\"https:\\\/\\\/vitablanca.ma\\\/#organization\",\"name\":\"VitaBlanca\",\"url\":\"https:\\\/\\\/vitablanca.ma\\\/\",\"logo\":{\"@type\":\"ImageObject\",\"inLanguage\":\"ar\",\"@id\":\"https:\\\/\\\/vitablanca.ma\\\/#\\\/schema\\\/logo\\\/image\\\/\",\"url\":\"https:\\\/\\\/vitablanca.ma\\\/wp-content\\\/uploads\\\/2025\\\/05\\\/cropped-vitablanca.png\",\"contentUrl\":\"https:\\\/\\\/vitablanca.ma\\\/wp-content\\\/uploads\\\/2025\\\/05\\\/cropped-vitablanca.png\",\"width\":360,\"height\":67,\"caption\":\"VitaBlanca\"},\"image\":{\"@id\":\"https:\\\/\\\/vitablanca.ma\\\/#\\\/schema\\\/logo\\\/image\\\/\"},\"sameAs\":[\"https:\\\/\\\/www.facebook.com\\\/profile.php?id=61576678196717\",\"https:\\\/\\\/www.tiktok.com\\\/@vitablanca.ma\",\"https:\\\/\\\/www.instagram.com\\\/vitablanca.ma\\\/\"]}]}<\/script>\n<!-- \/ Yoast SEO plugin. -->","yoast_head_json":{"title":"MEDICUBE - Creme AGE-R Glutathione Glow Capsule, 50ml - Maroc Prix","description":"MEDICUBE - \u0643\u0631\u064a\u0645 AGE-R Glutathione Glow Capsule\u060c 50 \u0645\u0644","robots":{"index":"index","follow":"follow","max-snippet":"max-snippet:-1","max-image-preview":"max-image-preview:large","max-video-preview":"max-video-preview:-1"},"canonical":"https:\/\/vitablanca.ma\/ar\/product-2\/medicube-creme-age-r-glutathione-glow-capsule-50ml\/","og_locale":"ar_AR","og_type":"article","og_title":"MEDICUBE - Creme AGE-R Glutathione Glow Capsule, 50ml - Maroc Prix","og_description":"MEDICUBE - Creme AGE-R Glutathione Glow Capsule, 50ml","og_url":"https:\/\/vitablanca.ma\/ar\/product-2\/medicube-creme-age-r-glutathione-glow-capsule-50ml\/","og_site_name":"Vitablanca.ma &ndash; Sant&eacute;, vitalit&eacute; et bien-&ecirc;tre pour tous les Marocains","article_publisher":"https:\/\/www.facebook.com\/profile.php?id=61576678196717","article_modified_time":"2025-05-28T19:55:43+00:00","og_image":[{"width":1080,"height":1080,"url":"https:\/\/vitablanca.ma\/wp-content\/uploads\/2025\/05\/SG_glutathionecream_th1.jpg","type":"image\/jpeg"}],"twitter_card":"summary_large_image","twitter_misc":{"\u0648\u0642\u062a \u0627\u0644\u0642\u0631\u0627\u0621\u0629 \u0627\u0644\u0645\u064f\u0642\u062f\u0651\u0631":"3 \u062f\u0642\u0627\u0626\u0642"},"schema":{"@context":"https:\/\/schema.org","@graph":[{"@type":["WebPage","ItemPage"],"@id":"https:\/\/vitablanca.ma\/produit\/medicube-creme-age-r-glutathione-glow-capsule-50ml\/","url":"https:\/\/vitablanca.ma\/produit\/medicube-creme-age-r-glutathione-glow-capsule-50ml\/","name":"MEDICUBE - Creme AGE-R Glutathione Glow Capsule, 50ml - Maroc Prix","isPartOf":{"@id":"https:\/\/vitablanca.ma\/#website"},"primaryImageOfPage":{"@id":"https:\/\/vitablanca.ma\/produit\/medicube-creme-age-r-glutathione-glow-capsule-50ml\/#primaryimage"},"image":{"@id":"https:\/\/vitablanca.ma\/produit\/medicube-creme-age-r-glutathione-glow-capsule-50ml\/#primaryimage"},"thumbnailUrl":"https:\/\/vitablanca.ma\/wp-content\/uploads\/2025\/05\/SG_glutathionecream_th1.jpg","datePublished":"2025-05-28T19:37:28+00:00","dateModified":"2025-05-28T19:55:43+00:00","description":"MEDICUBE - \u0643\u0631\u064a\u0645 AGE-R Glutathione Glow Capsule\u060c 50 \u0645\u0644","breadcrumb":{"@id":"https:\/\/vitablanca.ma\/produit\/medicube-creme-age-r-glutathione-glow-capsule-50ml\/#breadcrumb"},"inLanguage":"ar","potentialAction":[{"@type":"ReadAction","target":["https:\/\/vitablanca.ma\/produit\/medicube-creme-age-r-glutathione-glow-capsule-50ml\/"]}]},{"@type":"ImageObject","inLanguage":"ar","@id":"https:\/\/vitablanca.ma\/produit\/medicube-creme-age-r-glutathione-glow-capsule-50ml\/#primaryimage","url":"https:\/\/vitablanca.ma\/wp-content\/uploads\/2025\/05\/SG_glutathionecream_th1.jpg","contentUrl":"https:\/\/vitablanca.ma\/wp-content\/uploads\/2025\/05\/SG_glutathionecream_th1.jpg","width":1080,"height":1080},{"@type":"BreadcrumbList","@id":"https:\/\/vitablanca.ma\/produit\/medicube-creme-age-r-glutathione-glow-capsule-50ml\/#breadcrumb","itemListElement":[{"@type":"ListItem","position":1,"name":"Home","item":"https:\/\/vitablanca.ma\/"},{"@type":"ListItem","position":2,"name":"Tous Les Produits","item":"https:\/\/vitablanca.ma\/tous-les-produits\/"},{"@type":"ListItem","position":3,"name":"MEDICUBE &#8211; Creme AGE-R Glutathione Glow Capsule, 50ml"}]},{"@type":"WebSite","@id":"https:\/\/vitablanca.ma\/#website","url":"https:\/\/vitablanca.ma\/","name":"VitaBlanca.ma | \u0627\u0644\u0645\u0643\u0645\u0644\u0627\u062a \u0627\u0644\u063a\u0630\u0627\u0626\u064a\u0629\u060c \u0627\u0644\u0635\u062d\u0629 \u0648\u0627\u0644\u062c\u0645\u0627\u0644 \u0641\u064a \u0627\u0644\u0645\u063a\u0631\u0628","description":"\u0646\u0628\u064a\u0639 \u0641\u064a\u062a\u0627\u0645\u064a\u0646\u0627\u062a \u0648\u0645\u0643\u0645\u0644\u0627\u062a \u063a\u0630\u0627\u0626\u064a\u0629 \u0641\u0627\u062e\u0631\u0629 \u0645\u0646 \u0627\u0644\u0648\u0644\u0627\u064a\u0627\u062a \u0627\u0644\u0645\u062a\u062d\u062f\u0629 \u0627\u0644\u0623\u0645\u0631\u064a\u0643\u064a\u0629 \u0648\u0643\u0646\u062f\u0627 \u0648\u0646\u064a\u0648\u0632\u064a\u0644\u0646\u062f\u0627 \u0648\u0627\u0644\u0645\u063a\u0631\u0628 (\u0646\u0627\u0648 \u0641\u0648\u062f\u0632\u060c \u0633\u0648\u0644\u062c\u0627\u0631\u060c \u0645\u0627\u0646\u0648\u0643\u0627). \u062a\u0648\u0635\u064a\u0644 \u0633\u0631\u064a\u0639 \u0625\u0644\u0649 \u062c\u0645\u064a\u0639 \u0623\u0646\u062d\u0627\u0621 \u0627\u0644\u0645\u063a\u0631\u0628.","publisher":{"@id":"https:\/\/vitablanca.ma\/#organization"},"alternateName":"VitaBlanca.ma","potentialAction":[{"@type":"SearchAction","target":{"@type":"EntryPoint","urlTemplate":"https:\/\/vitablanca.ma\/?s={search_term_string}"},"query-input":{"@type":"PropertyValueSpecification","valueRequired":true,"valueName":"search_term_string"}}],"inLanguage":"ar"},{"@type":"Organization","@id":"https:\/\/vitablanca.ma\/#organization","name":"\u0641\u064a\u062a\u0627\u0628\u0644\u0627\u0646\u0643\u0627","url":"https:\/\/vitablanca.ma\/","logo":{"@type":"ImageObject","inLanguage":"ar","@id":"https:\/\/vitablanca.ma\/#\/schema\/logo\/image\/","url":"https:\/\/vitablanca.ma\/wp-content\/uploads\/2025\/05\/cropped-vitablanca.png","contentUrl":"https:\/\/vitablanca.ma\/wp-content\/uploads\/2025\/05\/cropped-vitablanca.png","width":360,"height":67,"caption":"VitaBlanca"},"image":{"@id":"https:\/\/vitablanca.ma\/#\/schema\/logo\/image\/"},"sameAs":["https:\/\/www.facebook.com\/profile.php?id=61576678196717","https:\/\/www.tiktok.com\/@vitablanca.ma","https:\/\/www.instagram.com\/vitablanca.ma\/"]}]}},"jetpack_sharing_enabled":true,"_links":{"self":[{"href":"https:\/\/vitablanca.ma\/ar\/wp-json\/wp\/v2\/product\/10269","targetHints":{"allow":["GET"]}}],"collection":[{"href":"https:\/\/vitablanca.ma\/ar\/wp-json\/wp\/v2\/product"}],"about":[{"href":"https:\/\/vitablanca.ma\/ar\/wp-json\/wp\/v2\/types\/product"}],"wp:featuredmedia":[{"embeddable":true,"href":"https:\/\/vitablanca.ma\/ar\/wp-json\/wp\/v2\/media\/10263"}],"wp:attachment":[{"href":"https:\/\/vitablanca.ma\/ar\/wp-json\/wp\/v2\/media?parent=10269"}],"wp:term":[{"taxonomy":"product_brand","embeddable":true,"href":"https:\/\/vitablanca.ma\/ar\/wp-json\/wp\/v2\/product_brand?post=10269"},{"taxonomy":"product_cat","embeddable":true,"href":"https:\/\/vitablanca.ma\/ar\/wp-json\/wp\/v2\/product_cat?post=10269"},{"taxonomy":"product_tag","embeddable":true,"href":"https:\/\/vitablanca.ma\/ar\/wp-json\/wp\/v2\/product_tag?post=10269"}],"curies":[{"name":"wp","href":"https:\/\/api.w.org\/{rel}","templated":true}]}}