{"id":10248,"date":"2025-05-28T19:36:50","date_gmt":"2025-05-28T19:36:50","guid":{"rendered":"https:\/\/vitablanca.ma\/product\/dr-jart-cicapair-soin-traitement-correcteur-de-couleur-visage-a-lherbe-du-tigre\/"},"modified":"2025-05-28T19:55:44","modified_gmt":"2025-05-28T19:55:44","slug":"dr-jart-cicapair-soin-traitement-correcteur-de-couleur-visage-a-lherbe-du-tigre","status":"publish","type":"product","link":"https:\/\/vitablanca.ma\/ar\/product-2\/dr-jart-cicapair-soin-traitement-correcteur-de-couleur-visage-a-lherbe-du-tigre\/","title":{"rendered":"\u062f\u0643\u062a\u0648\u0631 \u062c\u0627\u0631\u062a+ - \u0639\u0644\u0627\u062c \u0633\u064a\u0643\u0627\u0628\u064a\u0631 \u0644\u062a\u0635\u062d\u064a\u062d \u0644\u0648\u0646 \u0627\u0644\u0648\u062c\u0647 \u0628\u0627\u0633\u062a\u062e\u062f\u0627\u0645 \u0639\u0634\u0628\u0629 \u0627\u0644\u0646\u0645\u0631"},"content":{"rendered":"<p>\u064a\u062a\u062d\u0648\u0644 \u0644\u0648\u0646 \u0643\u0631\u064a\u0645 \u0627\u0644\u0639\u0644\u0627\u062c \u0647\u0630\u0627 \u0645\u0646 \u0627\u0644\u0623\u062e\u0636\u0631 \u0625\u0644\u0649 \u0627\u0644\u0628\u064a\u062c \u0644\u062a\u0642\u0644\u064a\u0644 \u0627\u0644\u0627\u062d\u0645\u0631\u0627\u0631 \u0648\u062a\u0648\u062d\u064a\u062f \u0644\u0648\u0646 \u0627\u0644\u0628\u0634\u0631\u0629. \u0639\u0644\u0627\u062c \u0634\u0627\u0645\u0644 \u064a\u063a\u0637\u064a \u0627\u0644\u0639\u064a\u0648\u0628\u060c \u0648\u064a\u0642\u0644\u0644 \u0645\u0646 \u0638\u0647\u0648\u0631 \u0627\u0644\u0627\u062d\u0645\u0631\u0627\u0631\u060c \u0648\u064a\u0647\u062f\u0626 \u0627\u0644\u0628\u0634\u0631\u0629 \u0627\u0644\u062d\u0633\u0627\u0633\u0629 \u0628\u0641\u0636\u0644 \u0642\u0648\u0629 \u0646\u0628\u062a\u0629 \u0633\u0646\u062a\u064a\u0644\u0627 \u0622\u0633\u064a\u0627\u062a\u064a\u0643\u0627 \u0627\u0644\u0645\u0647\u062f\u0626\u0629. \u064a\u062d\u062a\u0648\u064a \u0647\u0630\u0627 \u0627\u0644\u0643\u0631\u064a\u0645 \u0627\u0644\u0639\u0644\u0627\u062c\u064a \u0627\u0644\u0634\u0627\u0645\u0644 \u0639\u0644\u0649 \u0643\u0628\u0633\u0648\u0644\u0629 \u0644\u062a\u0635\u062d\u064a\u062d \u0627\u0644\u0644\u0648\u0646 \u0644\u062a\u063a\u0637\u064a\u0629 \u0627\u0644\u0639\u064a\u0648\u0628 \u0648\u0627\u0644\u0627\u062d\u0645\u0631\u0627\u0631\u060c \u0645\u0639 \u0645\u0646\u062d \u0627\u0644\u0628\u0634\u0631\u0629 \u0627\u0644\u0645\u062a\u0639\u0628\u0629 \u0628\u0634\u0631\u0629 \u0645\u0634\u0631\u0642\u0629.<br \/>\n\u062a\u062d\u062a\u0648\u064a \u0627\u0644\u062a\u0631\u0643\u064a\u0628\u0629 \u0639\u0644\u0649 \u0639\u0634\u0628\u0629 \u0627\u0644\u0646\u0645\u0631 (\u0633\u0646\u062a\u064a\u0644\u0627 \u0627\u0633\u064a\u0627\u062a\u064a\u0643\u0627) \u0627\u0644\u062a\u064a \u062a\u0633\u0627\u0639\u062f \u0639\u0644\u0649 \u062a\u0647\u062f\u0626\u0629 \u0627\u0644\u0627\u062d\u0645\u0631\u0627\u0631 \u0623\u0648 \u0627\u0644\u0634\u062f \u0623\u0648 \u0627\u0644\u0627\u0646\u0632\u0639\u0627\u062c \u0641\u064a \u0627\u0644\u0628\u0634\u0631\u0629 \u0627\u0644\u062d\u0633\u0627\u0633\u0629.<\/p>","protected":false},"excerpt":{"rendered":"<p>Cette cr\u00e8me soin passe d&rsquo;une teinte verte \u00e0 beige pour att\u00e9nuer les rougeurs et unifier le teint. Un traitement soin tout-en-un qui couvre les imperfections, r\u00e9duit l&rsquo;apparence des rougeurs et apaise les peaux sensibles gr\u00e2ce au pouvoir apaisant de la Centella Asiatica. Ce soin sous forme de cr\u00e8me tout-en-un comprend une capsule correctrice de couleur [&hellip;]<\/p>\n","protected":false},"featured_media":10247,"template":"","meta":{"om_disable_all_campaigns":false},"product_brand":[],"product_cat":[18,15,1186],"product_tag":[],"class_list":{"0":"post-10248","1":"product","2":"type-product","3":"status-publish","4":"has-post-thumbnail","6":"product_cat-beaute-sante","7":"product_cat-beaute-sante-complements-alimentaires-soins-et-bien-etre-au-meilleur-prix","8":"product_cat-visage","10":"first","11":"instock","12":"taxable","13":"shipping-taxable","14":"purchasable","15":"product-type-simple"},"yoast_head":"<!-- This site is optimized with the Yoast SEO plugin v27.3 - https:\/\/yoast.com\/product\/yoast-seo-wordpress\/ -->\n<title>Dr.Jart+ - Cicapair Soin Traitement Correcteur De Couleur Visage \u00c0 L&#039;herbe Du Tigre - Maroc Prix<\/title>\n<meta name=\"description\" content=\"Dr.Jart+ - Cicapair Soin Traitement Correcteur De Couleur Visage \u00c0 L&#039;herbe Du Tigre\" \/>\n<meta name=\"robots\" content=\"index, follow, max-snippet:-1, max-image-preview:large, max-video-preview:-1\" \/>\n<link rel=\"canonical\" href=\"https:\/\/vitablanca.ma\/ar\/product-2\/dr-jart-cicapair-soin-traitement-correcteur-de-couleur-visage-a-lherbe-du-tigre\/\" \/>\n<meta property=\"og:locale\" content=\"ar_AR\" \/>\n<meta property=\"og:type\" content=\"article\" \/>\n<meta property=\"og:title\" content=\"Dr.Jart+ - Cicapair Soin Traitement Correcteur De Couleur Visage \u00c0 L&#039;herbe Du Tigre - Maroc Prix\" \/>\n<meta property=\"og:description\" content=\"Dr.Jart+ - Cicapair Soin Traitement Correcteur De Couleur Visage \u00c0 L&#039;herbe Du Tigre\" \/>\n<meta property=\"og:url\" content=\"https:\/\/vitablanca.ma\/ar\/product-2\/dr-jart-cicapair-soin-traitement-correcteur-de-couleur-visage-a-lherbe-du-tigre\/\" \/>\n<meta property=\"og:site_name\" content=\"Vitablanca.ma &ndash; Sant&eacute;, vitalit&eacute; et bien-&ecirc;tre pour tous les Marocains\" \/>\n<meta property=\"article:publisher\" content=\"https:\/\/www.facebook.com\/profile.php?id=61576678196717\" \/>\n<meta property=\"article:modified_time\" content=\"2025-05-28T19:55:44+00:00\" \/>\n<meta property=\"og:image\" content=\"https:\/\/vitablanca.ma\/wp-content\/uploads\/2025\/05\/dr-jart-cicapair-tiger-grass-color-correcting-treatment.jpg\" \/>\n\t<meta property=\"og:image:width\" content=\"800\" \/>\n\t<meta property=\"og:image:height\" content=\"800\" \/>\n\t<meta property=\"og:image:type\" content=\"image\/jpeg\" \/>\n<meta name=\"twitter:card\" content=\"summary_large_image\" \/>\n<script type=\"application\/ld+json\" class=\"yoast-schema-graph\">{\"@context\":\"https:\\\/\\\/schema.org\",\"@graph\":[{\"@type\":[\"WebPage\",\"ItemPage\"],\"@id\":\"https:\\\/\\\/vitablanca.ma\\\/produit\\\/dr-jart-cicapair-soin-traitement-correcteur-de-couleur-visage-a-lherbe-du-tigre\\\/\",\"url\":\"https:\\\/\\\/vitablanca.ma\\\/produit\\\/dr-jart-cicapair-soin-traitement-correcteur-de-couleur-visage-a-lherbe-du-tigre\\\/\",\"name\":\"Dr.Jart+ - Cicapair Soin Traitement Correcteur De Couleur Visage \u00c0 L'herbe Du Tigre - Maroc Prix\",\"isPartOf\":{\"@id\":\"https:\\\/\\\/vitablanca.ma\\\/#website\"},\"primaryImageOfPage\":{\"@id\":\"https:\\\/\\\/vitablanca.ma\\\/produit\\\/dr-jart-cicapair-soin-traitement-correcteur-de-couleur-visage-a-lherbe-du-tigre\\\/#primaryimage\"},\"image\":{\"@id\":\"https:\\\/\\\/vitablanca.ma\\\/produit\\\/dr-jart-cicapair-soin-traitement-correcteur-de-couleur-visage-a-lherbe-du-tigre\\\/#primaryimage\"},\"thumbnailUrl\":\"https:\\\/\\\/vitablanca.ma\\\/wp-content\\\/uploads\\\/2025\\\/05\\\/dr-jart-cicapair-tiger-grass-color-correcting-treatment.jpg\",\"datePublished\":\"2025-05-28T19:36:50+00:00\",\"dateModified\":\"2025-05-28T19:55:44+00:00\",\"description\":\"Dr.Jart+ - Cicapair Soin Traitement Correcteur De Couleur Visage \u00c0 L'herbe Du Tigre\",\"breadcrumb\":{\"@id\":\"https:\\\/\\\/vitablanca.ma\\\/produit\\\/dr-jart-cicapair-soin-traitement-correcteur-de-couleur-visage-a-lherbe-du-tigre\\\/#breadcrumb\"},\"inLanguage\":\"ar\",\"potentialAction\":[{\"@type\":\"ReadAction\",\"target\":[\"https:\\\/\\\/vitablanca.ma\\\/produit\\\/dr-jart-cicapair-soin-traitement-correcteur-de-couleur-visage-a-lherbe-du-tigre\\\/\"]}]},{\"@type\":\"ImageObject\",\"inLanguage\":\"ar\",\"@id\":\"https:\\\/\\\/vitablanca.ma\\\/produit\\\/dr-jart-cicapair-soin-traitement-correcteur-de-couleur-visage-a-lherbe-du-tigre\\\/#primaryimage\",\"url\":\"https:\\\/\\\/vitablanca.ma\\\/wp-content\\\/uploads\\\/2025\\\/05\\\/dr-jart-cicapair-tiger-grass-color-correcting-treatment.jpg\",\"contentUrl\":\"https:\\\/\\\/vitablanca.ma\\\/wp-content\\\/uploads\\\/2025\\\/05\\\/dr-jart-cicapair-tiger-grass-color-correcting-treatment.jpg\",\"width\":800,\"height\":800},{\"@type\":\"BreadcrumbList\",\"@id\":\"https:\\\/\\\/vitablanca.ma\\\/produit\\\/dr-jart-cicapair-soin-traitement-correcteur-de-couleur-visage-a-lherbe-du-tigre\\\/#breadcrumb\",\"itemListElement\":[{\"@type\":\"ListItem\",\"position\":1,\"name\":\"Home\",\"item\":\"https:\\\/\\\/vitablanca.ma\\\/\"},{\"@type\":\"ListItem\",\"position\":2,\"name\":\"Tous Les Produits\",\"item\":\"https:\\\/\\\/vitablanca.ma\\\/tous-les-produits\\\/\"},{\"@type\":\"ListItem\",\"position\":3,\"name\":\"Dr.Jart+ &#8211; Cicapair Soin Traitement Correcteur De Couleur Visage \u00c0 L&#8217;herbe Du Tigre\"}]},{\"@type\":\"WebSite\",\"@id\":\"https:\\\/\\\/vitablanca.ma\\\/#website\",\"url\":\"https:\\\/\\\/vitablanca.ma\\\/\",\"name\":\"VitaBlanca.ma | Compl\u00e9ments alimentaires, sant\u00e9 & beaut\u00e9 au Maroc\",\"description\":\"vendre vitamines et compl\u00e9ments premium des USA &amp; Canada, Nouvelle Z\u00e9lande,Maroc (NOW Foods, Solgar, Manuka). Livraison rapide partout au Maroc.\",\"publisher\":{\"@id\":\"https:\\\/\\\/vitablanca.ma\\\/#organization\"},\"alternateName\":\"VitaBlanca.ma\",\"potentialAction\":[{\"@type\":\"SearchAction\",\"target\":{\"@type\":\"EntryPoint\",\"urlTemplate\":\"https:\\\/\\\/vitablanca.ma\\\/?s={search_term_string}\"},\"query-input\":{\"@type\":\"PropertyValueSpecification\",\"valueRequired\":true,\"valueName\":\"search_term_string\"}}],\"inLanguage\":\"ar\"},{\"@type\":\"Organization\",\"@id\":\"https:\\\/\\\/vitablanca.ma\\\/#organization\",\"name\":\"VitaBlanca\",\"url\":\"https:\\\/\\\/vitablanca.ma\\\/\",\"logo\":{\"@type\":\"ImageObject\",\"inLanguage\":\"ar\",\"@id\":\"https:\\\/\\\/vitablanca.ma\\\/#\\\/schema\\\/logo\\\/image\\\/\",\"url\":\"https:\\\/\\\/vitablanca.ma\\\/wp-content\\\/uploads\\\/2025\\\/05\\\/cropped-vitablanca.png\",\"contentUrl\":\"https:\\\/\\\/vitablanca.ma\\\/wp-content\\\/uploads\\\/2025\\\/05\\\/cropped-vitablanca.png\",\"width\":360,\"height\":67,\"caption\":\"VitaBlanca\"},\"image\":{\"@id\":\"https:\\\/\\\/vitablanca.ma\\\/#\\\/schema\\\/logo\\\/image\\\/\"},\"sameAs\":[\"https:\\\/\\\/www.facebook.com\\\/profile.php?id=61576678196717\",\"https:\\\/\\\/www.tiktok.com\\\/@vitablanca.ma\",\"https:\\\/\\\/www.instagram.com\\\/vitablanca.ma\\\/\"]}]}<\/script>\n<!-- \/ Yoast SEO plugin. -->","yoast_head_json":{"title":"\u062f\u0643\u062a\u0648\u0631 \u062c\u0627\u0631\u062a+ - \u0639\u0644\u0627\u062c \u0633\u064a\u0643\u0627\u0628\u064a\u0631 \u0644\u062a\u0635\u062d\u064a\u062d \u0644\u0648\u0646 \u0627\u0644\u0648\u062c\u0647 \u0628\u062e\u0644\u0627\u0635\u0629 \u0639\u0634\u0628\u0629 \u0627\u0644\u0646\u0645\u0631 - \u0633\u0639\u0631 \u0627\u0644\u0645\u063a\u0631\u0628","description":"\u062f\u0643\u062a\u0648\u0631 \u062c\u0627\u0631\u062a+ - \u0639\u0644\u0627\u062c \u0633\u064a\u0643\u0627\u0628\u064a\u0631 \u0644\u062a\u0635\u062d\u064a\u062d \u0644\u0648\u0646 \u0627\u0644\u0648\u062c\u0647 \u0628\u0627\u0633\u062a\u062e\u062f\u0627\u0645 \u0639\u0634\u0628\u0629 \u0627\u0644\u0646\u0645\u0631","robots":{"index":"index","follow":"follow","max-snippet":"max-snippet:-1","max-image-preview":"max-image-preview:large","max-video-preview":"max-video-preview:-1"},"canonical":"https:\/\/vitablanca.ma\/ar\/product-2\/dr-jart-cicapair-soin-traitement-correcteur-de-couleur-visage-a-lherbe-du-tigre\/","og_locale":"ar_AR","og_type":"article","og_title":"Dr.Jart+ - Cicapair Soin Traitement Correcteur De Couleur Visage \u00c0 L'herbe Du Tigre - Maroc Prix","og_description":"Dr.Jart+ - Cicapair Soin Traitement Correcteur De Couleur Visage \u00c0 L'herbe Du Tigre","og_url":"https:\/\/vitablanca.ma\/ar\/product-2\/dr-jart-cicapair-soin-traitement-correcteur-de-couleur-visage-a-lherbe-du-tigre\/","og_site_name":"Vitablanca.ma &ndash; Sant&eacute;, vitalit&eacute; et bien-&ecirc;tre pour tous les Marocains","article_publisher":"https:\/\/www.facebook.com\/profile.php?id=61576678196717","article_modified_time":"2025-05-28T19:55:44+00:00","og_image":[{"width":800,"height":800,"url":"https:\/\/vitablanca.ma\/wp-content\/uploads\/2025\/05\/dr-jart-cicapair-tiger-grass-color-correcting-treatment.jpg","type":"image\/jpeg"}],"twitter_card":"summary_large_image","schema":{"@context":"https:\/\/schema.org","@graph":[{"@type":["WebPage","ItemPage"],"@id":"https:\/\/vitablanca.ma\/produit\/dr-jart-cicapair-soin-traitement-correcteur-de-couleur-visage-a-lherbe-du-tigre\/","url":"https:\/\/vitablanca.ma\/produit\/dr-jart-cicapair-soin-traitement-correcteur-de-couleur-visage-a-lherbe-du-tigre\/","name":"\u062f\u0643\u062a\u0648\u0631 \u062c\u0627\u0631\u062a+ - \u0639\u0644\u0627\u062c \u0633\u064a\u0643\u0627\u0628\u064a\u0631 \u0644\u062a\u0635\u062d\u064a\u062d \u0644\u0648\u0646 \u0627\u0644\u0648\u062c\u0647 \u0628\u062e\u0644\u0627\u0635\u0629 \u0639\u0634\u0628\u0629 \u0627\u0644\u0646\u0645\u0631 - \u0633\u0639\u0631 \u0627\u0644\u0645\u063a\u0631\u0628","isPartOf":{"@id":"https:\/\/vitablanca.ma\/#website"},"primaryImageOfPage":{"@id":"https:\/\/vitablanca.ma\/produit\/dr-jart-cicapair-soin-traitement-correcteur-de-couleur-visage-a-lherbe-du-tigre\/#primaryimage"},"image":{"@id":"https:\/\/vitablanca.ma\/produit\/dr-jart-cicapair-soin-traitement-correcteur-de-couleur-visage-a-lherbe-du-tigre\/#primaryimage"},"thumbnailUrl":"https:\/\/vitablanca.ma\/wp-content\/uploads\/2025\/05\/dr-jart-cicapair-tiger-grass-color-correcting-treatment.jpg","datePublished":"2025-05-28T19:36:50+00:00","dateModified":"2025-05-28T19:55:44+00:00","description":"\u062f\u0643\u062a\u0648\u0631 \u062c\u0627\u0631\u062a+ - \u0639\u0644\u0627\u062c \u0633\u064a\u0643\u0627\u0628\u064a\u0631 \u0644\u062a\u0635\u062d\u064a\u062d \u0644\u0648\u0646 \u0627\u0644\u0648\u062c\u0647 \u0628\u0627\u0633\u062a\u062e\u062f\u0627\u0645 \u0639\u0634\u0628\u0629 \u0627\u0644\u0646\u0645\u0631","breadcrumb":{"@id":"https:\/\/vitablanca.ma\/produit\/dr-jart-cicapair-soin-traitement-correcteur-de-couleur-visage-a-lherbe-du-tigre\/#breadcrumb"},"inLanguage":"ar","potentialAction":[{"@type":"ReadAction","target":["https:\/\/vitablanca.ma\/produit\/dr-jart-cicapair-soin-traitement-correcteur-de-couleur-visage-a-lherbe-du-tigre\/"]}]},{"@type":"ImageObject","inLanguage":"ar","@id":"https:\/\/vitablanca.ma\/produit\/dr-jart-cicapair-soin-traitement-correcteur-de-couleur-visage-a-lherbe-du-tigre\/#primaryimage","url":"https:\/\/vitablanca.ma\/wp-content\/uploads\/2025\/05\/dr-jart-cicapair-tiger-grass-color-correcting-treatment.jpg","contentUrl":"https:\/\/vitablanca.ma\/wp-content\/uploads\/2025\/05\/dr-jart-cicapair-tiger-grass-color-correcting-treatment.jpg","width":800,"height":800},{"@type":"BreadcrumbList","@id":"https:\/\/vitablanca.ma\/produit\/dr-jart-cicapair-soin-traitement-correcteur-de-couleur-visage-a-lherbe-du-tigre\/#breadcrumb","itemListElement":[{"@type":"ListItem","position":1,"name":"Home","item":"https:\/\/vitablanca.ma\/"},{"@type":"ListItem","position":2,"name":"Tous Les Produits","item":"https:\/\/vitablanca.ma\/tous-les-produits\/"},{"@type":"ListItem","position":3,"name":"Dr.Jart+ &#8211; Cicapair Soin Traitement Correcteur De Couleur Visage \u00c0 L&#8217;herbe Du Tigre"}]},{"@type":"WebSite","@id":"https:\/\/vitablanca.ma\/#website","url":"https:\/\/vitablanca.ma\/","name":"VitaBlanca.ma | \u0627\u0644\u0645\u0643\u0645\u0644\u0627\u062a \u0627\u0644\u063a\u0630\u0627\u0626\u064a\u0629\u060c \u0627\u0644\u0635\u062d\u0629 \u0648\u0627\u0644\u062c\u0645\u0627\u0644 \u0641\u064a \u0627\u0644\u0645\u063a\u0631\u0628","description":"\u0646\u0628\u064a\u0639 \u0641\u064a\u062a\u0627\u0645\u064a\u0646\u0627\u062a \u0648\u0645\u0643\u0645\u0644\u0627\u062a \u063a\u0630\u0627\u0626\u064a\u0629 \u0641\u0627\u062e\u0631\u0629 \u0645\u0646 \u0627\u0644\u0648\u0644\u0627\u064a\u0627\u062a \u0627\u0644\u0645\u062a\u062d\u062f\u0629 \u0627\u0644\u0623\u0645\u0631\u064a\u0643\u064a\u0629 \u0648\u0643\u0646\u062f\u0627 \u0648\u0646\u064a\u0648\u0632\u064a\u0644\u0646\u062f\u0627 \u0648\u0627\u0644\u0645\u063a\u0631\u0628 (\u0646\u0627\u0648 \u0641\u0648\u062f\u0632\u060c \u0633\u0648\u0644\u062c\u0627\u0631\u060c \u0645\u0627\u0646\u0648\u0643\u0627). \u062a\u0648\u0635\u064a\u0644 \u0633\u0631\u064a\u0639 \u0625\u0644\u0649 \u062c\u0645\u064a\u0639 \u0623\u0646\u062d\u0627\u0621 \u0627\u0644\u0645\u063a\u0631\u0628.","publisher":{"@id":"https:\/\/vitablanca.ma\/#organization"},"alternateName":"VitaBlanca.ma","potentialAction":[{"@type":"SearchAction","target":{"@type":"EntryPoint","urlTemplate":"https:\/\/vitablanca.ma\/?s={search_term_string}"},"query-input":{"@type":"PropertyValueSpecification","valueRequired":true,"valueName":"search_term_string"}}],"inLanguage":"ar"},{"@type":"Organization","@id":"https:\/\/vitablanca.ma\/#organization","name":"\u0641\u064a\u062a\u0627\u0628\u0644\u0627\u0646\u0643\u0627","url":"https:\/\/vitablanca.ma\/","logo":{"@type":"ImageObject","inLanguage":"ar","@id":"https:\/\/vitablanca.ma\/#\/schema\/logo\/image\/","url":"https:\/\/vitablanca.ma\/wp-content\/uploads\/2025\/05\/cropped-vitablanca.png","contentUrl":"https:\/\/vitablanca.ma\/wp-content\/uploads\/2025\/05\/cropped-vitablanca.png","width":360,"height":67,"caption":"VitaBlanca"},"image":{"@id":"https:\/\/vitablanca.ma\/#\/schema\/logo\/image\/"},"sameAs":["https:\/\/www.facebook.com\/profile.php?id=61576678196717","https:\/\/www.tiktok.com\/@vitablanca.ma","https:\/\/www.instagram.com\/vitablanca.ma\/"]}]}},"jetpack_sharing_enabled":true,"_links":{"self":[{"href":"https:\/\/vitablanca.ma\/ar\/wp-json\/wp\/v2\/product\/10248","targetHints":{"allow":["GET"]}}],"collection":[{"href":"https:\/\/vitablanca.ma\/ar\/wp-json\/wp\/v2\/product"}],"about":[{"href":"https:\/\/vitablanca.ma\/ar\/wp-json\/wp\/v2\/types\/product"}],"wp:featuredmedia":[{"embeddable":true,"href":"https:\/\/vitablanca.ma\/ar\/wp-json\/wp\/v2\/media\/10247"}],"wp:attachment":[{"href":"https:\/\/vitablanca.ma\/ar\/wp-json\/wp\/v2\/media?parent=10248"}],"wp:term":[{"taxonomy":"product_brand","embeddable":true,"href":"https:\/\/vitablanca.ma\/ar\/wp-json\/wp\/v2\/product_brand?post=10248"},{"taxonomy":"product_cat","embeddable":true,"href":"https:\/\/vitablanca.ma\/ar\/wp-json\/wp\/v2\/product_cat?post=10248"},{"taxonomy":"product_tag","embeddable":true,"href":"https:\/\/vitablanca.ma\/ar\/wp-json\/wp\/v2\/product_tag?post=10248"}],"curies":[{"name":"wp","href":"https:\/\/api.w.org\/{rel}","templated":true}]}}