{"id":10240,"date":"2025-05-28T19:36:38","date_gmt":"2025-05-28T19:36:38","guid":{"rendered":"https:\/\/vitablanca.ma\/product\/qa-collagen-face-cream\/"},"modified":"2026-03-19T13:20:00","modified_gmt":"2026-03-19T13:20:00","slug":"qa-collagen-face-cream","status":"publish","type":"product","link":"https:\/\/vitablanca.ma\/ar\/product-2\/qa-collagen-face-cream\/","title":{"rendered":"\u0643\u0631\u064a\u0645 \u0627\u0644\u0643\u0648\u0644\u0627\u062c\u064a\u0646 \u0644\u0644\u0648\u062c\u0647 - \u0623\u0633\u0626\u0644\u0629 \u0648\u0623\u062c\u0648\u0628\u0629"},"content":{"rendered":"<h5>\u0641\u0648\u0627\u0626\u062f<\/h5>\n<p>Saviez-vous que le collag\u00e8ne peut \u00eatre d\u00e9riv\u00e9 naturellement des algues ? La formule v\u00e9g\u00e9tarienne unique de notre Cr\u00e8me au Collag\u00e8ne aide \u00e0 pr\u00e9venir les rides et am\u00e9liore la fermet\u00e9, la souplesse et l&rsquo;\u00e9lasticit\u00e9 de la peau.<\/p>\n<h3>Liste de soins de la peau<\/h3>\n<div style=\"text-align: left\"><img decoding=\"async\" src=\"https:\/\/cdn.shopify.com\/s\/files\/1\/0091\/3699\/6403\/files\/Collagen_Check_List_copy_9d86f3e8-41fd-419b-a167-0d183f40dd7d_1024x1024.jpg?v=1639726214\" alt=\"Cr\u00e8me pour le Visage au Collag\u00e8ne Q+A\" style=\"float: none\"><\/div>\n<div class=\"\">\n<div class=\"\" id=\"\">\n<ul class=\"g-product--badges-grid\">\n<li class=\"g-product--badges--item\">\n<div class=\"g-product--badges--icon\"><img decoding=\"async\" height=\"48\" width=\"48\" alt=\"Badge Naturel\" src=\"https:\/\/www.qandaskin.com\/cdn\/shop\/files\/Natural_c788c8a6-2a53-45d7-94a8-3da6a9974df8.svg?v=1694434640\"><\/div>\n<div class=\"g-product--badges--label\">98.5% Naturel<\/div>\n<\/li>\n<li class=\"g-product--badges--item\">\n<div class=\"g-product--badges--icon\"><img decoding=\"async\" height=\"48\" width=\"48\" alt=\"Badge Sans Cruaut\u00e9\" src=\"https:\/\/www.qandaskin.com\/cdn\/shop\/files\/Cruelty-Free.svg?v=1694429273\"><\/div>\n<div class=\"g-product--badges--label\">Sans Cruaut\u00e9<\/div>\n<\/li>\n<li class=\"g-product--badges--item\">\n<div class=\"g-product--badges--icon\"><img decoding=\"async\" height=\"48\" width=\"48\" alt=\"Badge Sans Alcool\" src=\"https:\/\/www.qandaskin.com\/cdn\/shop\/files\/alcohol_free.svg?v=1694430243\"><\/div>\n<div class=\"g-product--badges--label\">Sans Alcool<\/div>\n<\/li>\n<li class=\"g-product--badges--item\">\n<div class=\"g-product--badges--icon\"><img loading=\"lazy\" decoding=\"async\" height=\"48\" width=\"48\" alt=\"Badge Sans Parfum\" src=\"https:\/\/www.qandaskin.com\/cdn\/shop\/files\/fragfree.svg?v=1694430746\"><\/div>\n<div class=\"g-product--badges--label\">Sans Parfum<\/div>\n<\/li>\n<li class=\"g-product--badges--item\">\n<div class=\"g-product--badges--icon\"><img loading=\"lazy\" decoding=\"async\" height=\"48\" width=\"48\" alt=\"Badge V\u00e9gan\" src=\"https:\/\/www.qandaskin.com\/cdn\/shop\/files\/VeganFriendly.svg?v=1694430913\"><\/div>\n<div class=\"g-product--badges--label\">V\u00e9gan<\/div>\n<\/li>\n<\/ul>\n<\/div>\n<\/div>\n<p><strong>Comment utiliser la Cr\u00e8me au Collag\u00e8ne ?<\/strong> Appliquez uniform\u00e9ment sur une peau propre. Peut \u00eatre utilis\u00e9e comme cr\u00e8me de jour ou de nuit.<\/p>\n<h5>\u0627\u0644\u0645\u0643\u0648\u0646\u0627\u062a \u0627\u0644\u0631\u0626\u064a\u0633\u064a\u0629<\/h5>\n<h3>Collag\u00e8ne d&rsquo;Algues \ud83e\udda0<\/h3>\n<p>Le Peptide de Collag\u00e8ne d\u00e9riv\u00e9 des algues est une alternative 100% naturelle au collag\u00e8ne souvent d\u00e9riv\u00e9 d&rsquo;animaux. Naturel ne signifie pas moins efficace : cette alternative hydratante est con\u00e7ue pour donner \u00e0 la peau un aspect plus rebondi et cr\u00e9er un teint jeune !<\/p>\n<h3>Magnesium PCA \ud83e\uddb8\u200d\u2640\ufe0f<\/h3>\n<p>Le Magnesium PCA est un ingr\u00e9dient aux nombreuses superpuissances ! Avec des propri\u00e9t\u00e9s anti-fatigue et \u00e9nergisantes pour la peau, cet ingr\u00e9dient peut r\u00e9volutionner votre routine de soins. C&rsquo;est pourquoi il est un ingr\u00e9dient cl\u00e9 dans de nombreux produits Q+A.<\/p>\n<h3>Beurre de Karit\u00e9 \ud83c\udf30<\/h3>\n<p>Le Beurre de Karit\u00e9 nourrit profond\u00e9ment votre peau, hydratant m\u00eame les peaux les plus s\u00e8ches. La haute concentration en acides gras naturels en fait un excellent adoucissant pour la peau.<\/p>\n<h5>\u0645\u0639\u0644\u0648\u0645\u0627\u062a \u0627\u0644\u0645\u0646\u062a\u062c<\/h5>\n<p><strong>\u0645\u0642\u0627\u0633 :<\/strong> 50g<\/p>\n<p>\u0635\u064f\u0646\u0639 \u0641\u064a \u0627\u0644\u0645\u0645\u0644\u0643\u0629 \u0627\u0644\u0645\u062a\u062d\u062f\u0629.<\/p>\n<p>Ce produit convient aux v\u00e9g\u00e9tariens. Les produits Q+A ne sont pas test\u00e9s sur les animaux, et ne le seront jamais.<\/p>\n<p><strong>\u0643\u064a\u0641\u064a\u0629 \u0625\u0639\u0627\u062f\u0629 \u0627\u0644\u062a\u062f\u0648\u064a\u0631:<\/strong> Retirez votre pot de l&#8217;emballage. Nos emballages sont 100% recyclables et peuvent \u00eatre jet\u00e9s dans votre recyclage domestique. S\u00e9parez le couvercle et le pot, nettoyez et s\u00e9chez. Nos couvercles et pots sont 100% recyclables et peuvent \u00eatre jet\u00e9s dans votre recyclage domestique.<\/p>\n<p><em><strong>\u0645\u0643\u0648\u0646\u0627\u062a :<\/strong> Aqua (Eau), Helianthus Annuus (Tournesol) Seed Oil, Butyrospermum Parkii (Beurre de Karit\u00e9), Glyceryl Stearate, Theobroma Cacao (Beurre de Cacao), Cera Alba (Cire d&rsquo;Abeille), Glyc\u00e9rine, Sodium Stearoyl Glutamate, Sucrose Stearate, Collag\u00e8ne, Tripeptide-29, Acide Lactique, Magnesium PCA, Lonicera Caprifolium (Extrait de Fleur de Ch\u00e8vrefeuille), Lonicera Japonica (Extrait de Fleur de Ch\u00e8vrefeuille), Linum Usitatissimum (Huile de Graine de Lin), Zingiber Officinale (Extrait de Racine de Gingembre), Olea Europaea (Huile de Fruit d&rsquo;Olive), Coco-Glucoside, Benzyl Alcohol, Coconut Alcohol, Aloe Barbadensis (Poudre de Jus de Feuille d&rsquo;Aloe Vera), Tocoph\u00e9rol, Dehydroacetic Acid, Sodium Hyaluronate, Leuconostoc\/Radish Root Ferment Filtrate, Sodium Ascorbyl Phosphate, Gomme Xanthane, Acide Citrique.<\/em><\/p>","protected":false},"excerpt":{"rendered":"<p>B\u00e9n\u00e9fices Saviez-vous que le collag\u00e8ne peut \u00eatre d\u00e9riv\u00e9 naturellement des algues ? La formule v\u00e9g\u00e9tarienne unique de notre Cr\u00e8me au Collag\u00e8ne aide \u00e0 pr\u00e9venir les rides et am\u00e9liore la fermet\u00e9, la souplesse et l&rsquo;\u00e9lasticit\u00e9 de la peau. Liste de soins de la peau 98.5% Naturel Sans Cruaut\u00e9 Sans Alcool Sans Parfum V\u00e9gan Comment utiliser la [&hellip;]<\/p>\n","protected":false},"featured_media":10235,"template":"","meta":{"om_disable_all_campaigns":false},"product_brand":[4357],"product_cat":[18,1186],"product_tag":[],"class_list":{"0":"post-10240","1":"product","2":"type-product","3":"status-publish","4":"has-post-thumbnail","6":"product_brand-qa-maroc-prix-para","7":"product_cat-beaute-sante","8":"product_cat-visage","10":"first","11":"outofstock","12":"taxable","13":"shipping-taxable","14":"purchasable","15":"product-type-simple"},"yoast_head":"<!-- This site is optimized with the Yoast SEO plugin v27.4 - https:\/\/yoast.com\/product\/yoast-seo-wordpress\/ -->\n<title>Q+A Collagen Face Cream - Maroc Prix<\/title>\n<meta name=\"description\" content=\"Q+A Collagen Face Cream\" \/>\n<meta name=\"robots\" content=\"index, follow, max-snippet:-1, max-image-preview:large, max-video-preview:-1\" \/>\n<link rel=\"canonical\" href=\"https:\/\/vitablanca.ma\/ar\/product-2\/qa-collagen-face-cream\/\" \/>\n<meta property=\"og:locale\" content=\"ar_AR\" \/>\n<meta property=\"og:type\" content=\"article\" \/>\n<meta property=\"og:title\" content=\"Q+A Collagen Face Cream - Maroc Prix\" \/>\n<meta property=\"og:description\" content=\"Q+A Collagen Face Cream\" \/>\n<meta property=\"og:url\" content=\"https:\/\/vitablanca.ma\/ar\/product-2\/qa-collagen-face-cream\/\" \/>\n<meta property=\"og:site_name\" content=\"Vitablanca.ma &ndash; Sant&eacute;, vitalit&eacute; et bien-&ecirc;tre pour tous les Marocains\" \/>\n<meta property=\"article:publisher\" content=\"https:\/\/www.facebook.com\/profile.php?id=61576678196717\" \/>\n<meta property=\"article:modified_time\" content=\"2026-03-19T13:20:00+00:00\" \/>\n<meta property=\"og:image\" content=\"https:\/\/vitablanca.ma\/wp-content\/uploads\/2025\/05\/CollagenJar_Carton.jpg\" \/>\n\t<meta property=\"og:image:width\" content=\"2000\" \/>\n\t<meta property=\"og:image:height\" content=\"2000\" \/>\n\t<meta property=\"og:image:type\" content=\"image\/jpeg\" \/>\n<meta name=\"twitter:card\" content=\"summary_large_image\" \/>\n<meta name=\"twitter:label1\" content=\"\u0648\u0642\u062a \u0627\u0644\u0642\u0631\u0627\u0621\u0629 \u0627\u0644\u0645\u064f\u0642\u062f\u0651\u0631\" \/>\n\t<meta name=\"twitter:data1\" content=\"\u062f\u0642\u064a\u0642\u062a\u0627\u0646\" \/>\n<script type=\"application\/ld+json\" class=\"yoast-schema-graph\">{\"@context\":\"https:\\\/\\\/schema.org\",\"@graph\":[{\"@type\":[\"WebPage\",\"ItemPage\"],\"@id\":\"https:\\\/\\\/vitablanca.ma\\\/produit\\\/qa-collagen-face-cream\\\/\",\"url\":\"https:\\\/\\\/vitablanca.ma\\\/produit\\\/qa-collagen-face-cream\\\/\",\"name\":\"Q+A Collagen Face Cream - Maroc Prix\",\"isPartOf\":{\"@id\":\"https:\\\/\\\/vitablanca.ma\\\/#website\"},\"primaryImageOfPage\":{\"@id\":\"https:\\\/\\\/vitablanca.ma\\\/produit\\\/qa-collagen-face-cream\\\/#primaryimage\"},\"image\":{\"@id\":\"https:\\\/\\\/vitablanca.ma\\\/produit\\\/qa-collagen-face-cream\\\/#primaryimage\"},\"thumbnailUrl\":\"https:\\\/\\\/vitablanca.ma\\\/wp-content\\\/uploads\\\/2025\\\/05\\\/CollagenJar_Carton.jpg\",\"datePublished\":\"2025-05-28T19:36:38+00:00\",\"dateModified\":\"2026-03-19T13:20:00+00:00\",\"description\":\"Q+A Collagen Face Cream\",\"breadcrumb\":{\"@id\":\"https:\\\/\\\/vitablanca.ma\\\/produit\\\/qa-collagen-face-cream\\\/#breadcrumb\"},\"inLanguage\":\"ar\",\"potentialAction\":[{\"@type\":\"ReadAction\",\"target\":[\"https:\\\/\\\/vitablanca.ma\\\/produit\\\/qa-collagen-face-cream\\\/\"]}]},{\"@type\":\"ImageObject\",\"inLanguage\":\"ar\",\"@id\":\"https:\\\/\\\/vitablanca.ma\\\/produit\\\/qa-collagen-face-cream\\\/#primaryimage\",\"url\":\"https:\\\/\\\/vitablanca.ma\\\/wp-content\\\/uploads\\\/2025\\\/05\\\/CollagenJar_Carton.jpg\",\"contentUrl\":\"https:\\\/\\\/vitablanca.ma\\\/wp-content\\\/uploads\\\/2025\\\/05\\\/CollagenJar_Carton.jpg\",\"width\":2000,\"height\":2000},{\"@type\":\"BreadcrumbList\",\"@id\":\"https:\\\/\\\/vitablanca.ma\\\/produit\\\/qa-collagen-face-cream\\\/#breadcrumb\",\"itemListElement\":[{\"@type\":\"ListItem\",\"position\":1,\"name\":\"Home\",\"item\":\"https:\\\/\\\/vitablanca.ma\\\/\"},{\"@type\":\"ListItem\",\"position\":2,\"name\":\"Tous Les Produits\",\"item\":\"https:\\\/\\\/vitablanca.ma\\\/tous-les-produits\\\/\"},{\"@type\":\"ListItem\",\"position\":3,\"name\":\"Q+A Collagen Face Cream\"}]},{\"@type\":\"WebSite\",\"@id\":\"https:\\\/\\\/vitablanca.ma\\\/#website\",\"url\":\"https:\\\/\\\/vitablanca.ma\\\/\",\"name\":\"VitaBlanca.ma | Compl\u00e9ments alimentaires, sant\u00e9 & beaut\u00e9 au Maroc\",\"description\":\"vendre vitamines et compl\u00e9ments premium des USA &amp; Canada, Nouvelle Z\u00e9lande,Maroc (NOW Foods, Solgar, Manuka). Livraison rapide partout au Maroc.\",\"publisher\":{\"@id\":\"https:\\\/\\\/vitablanca.ma\\\/#organization\"},\"alternateName\":\"VitaBlanca.ma\",\"potentialAction\":[{\"@type\":\"SearchAction\",\"target\":{\"@type\":\"EntryPoint\",\"urlTemplate\":\"https:\\\/\\\/vitablanca.ma\\\/?s={search_term_string}\"},\"query-input\":{\"@type\":\"PropertyValueSpecification\",\"valueRequired\":true,\"valueName\":\"search_term_string\"}}],\"inLanguage\":\"ar\"},{\"@type\":\"Organization\",\"@id\":\"https:\\\/\\\/vitablanca.ma\\\/#organization\",\"name\":\"VitaBlanca\",\"url\":\"https:\\\/\\\/vitablanca.ma\\\/\",\"logo\":{\"@type\":\"ImageObject\",\"inLanguage\":\"ar\",\"@id\":\"https:\\\/\\\/vitablanca.ma\\\/#\\\/schema\\\/logo\\\/image\\\/\",\"url\":\"https:\\\/\\\/vitablanca.ma\\\/wp-content\\\/uploads\\\/2025\\\/05\\\/cropped-vitablanca.png\",\"contentUrl\":\"https:\\\/\\\/vitablanca.ma\\\/wp-content\\\/uploads\\\/2025\\\/05\\\/cropped-vitablanca.png\",\"width\":360,\"height\":67,\"caption\":\"VitaBlanca\"},\"image\":{\"@id\":\"https:\\\/\\\/vitablanca.ma\\\/#\\\/schema\\\/logo\\\/image\\\/\"},\"sameAs\":[\"https:\\\/\\\/www.facebook.com\\\/profile.php?id=61576678196717\",\"https:\\\/\\\/www.tiktok.com\\\/@vitablanca.ma\",\"https:\\\/\\\/www.instagram.com\\\/vitablanca.ma\\\/\"]}]}<\/script>\n<!-- \/ Yoast SEO plugin. -->","yoast_head_json":{"title":"Q+A Collagen Face Cream - Maroc Prix","description":"\u0643\u0631\u064a\u0645 \u0627\u0644\u0643\u0648\u0644\u0627\u062c\u064a\u0646 \u0644\u0644\u0648\u062c\u0647 - \u0623\u0633\u0626\u0644\u0629 \u0648\u0623\u062c\u0648\u0628\u0629","robots":{"index":"index","follow":"follow","max-snippet":"max-snippet:-1","max-image-preview":"max-image-preview:large","max-video-preview":"max-video-preview:-1"},"canonical":"https:\/\/vitablanca.ma\/ar\/product-2\/qa-collagen-face-cream\/","og_locale":"ar_AR","og_type":"article","og_title":"Q+A Collagen Face Cream - Maroc Prix","og_description":"Q+A Collagen Face Cream","og_url":"https:\/\/vitablanca.ma\/ar\/product-2\/qa-collagen-face-cream\/","og_site_name":"Vitablanca.ma &ndash; Sant&eacute;, vitalit&eacute; et bien-&ecirc;tre pour tous les Marocains","article_publisher":"https:\/\/www.facebook.com\/profile.php?id=61576678196717","article_modified_time":"2026-03-19T13:20:00+00:00","og_image":[{"width":2000,"height":2000,"url":"https:\/\/vitablanca.ma\/wp-content\/uploads\/2025\/05\/CollagenJar_Carton.jpg","type":"image\/jpeg"}],"twitter_card":"summary_large_image","twitter_misc":{"\u0648\u0642\u062a \u0627\u0644\u0642\u0631\u0627\u0621\u0629 \u0627\u0644\u0645\u064f\u0642\u062f\u0651\u0631":"\u062f\u0642\u064a\u0642\u062a\u0627\u0646"},"schema":{"@context":"https:\/\/schema.org","@graph":[{"@type":["WebPage","ItemPage"],"@id":"https:\/\/vitablanca.ma\/produit\/qa-collagen-face-cream\/","url":"https:\/\/vitablanca.ma\/produit\/qa-collagen-face-cream\/","name":"Q+A Collagen Face Cream - Maroc Prix","isPartOf":{"@id":"https:\/\/vitablanca.ma\/#website"},"primaryImageOfPage":{"@id":"https:\/\/vitablanca.ma\/produit\/qa-collagen-face-cream\/#primaryimage"},"image":{"@id":"https:\/\/vitablanca.ma\/produit\/qa-collagen-face-cream\/#primaryimage"},"thumbnailUrl":"https:\/\/vitablanca.ma\/wp-content\/uploads\/2025\/05\/CollagenJar_Carton.jpg","datePublished":"2025-05-28T19:36:38+00:00","dateModified":"2026-03-19T13:20:00+00:00","description":"\u0643\u0631\u064a\u0645 \u0627\u0644\u0643\u0648\u0644\u0627\u062c\u064a\u0646 \u0644\u0644\u0648\u062c\u0647 - \u0623\u0633\u0626\u0644\u0629 \u0648\u0623\u062c\u0648\u0628\u0629","breadcrumb":{"@id":"https:\/\/vitablanca.ma\/produit\/qa-collagen-face-cream\/#breadcrumb"},"inLanguage":"ar","potentialAction":[{"@type":"ReadAction","target":["https:\/\/vitablanca.ma\/produit\/qa-collagen-face-cream\/"]}]},{"@type":"ImageObject","inLanguage":"ar","@id":"https:\/\/vitablanca.ma\/produit\/qa-collagen-face-cream\/#primaryimage","url":"https:\/\/vitablanca.ma\/wp-content\/uploads\/2025\/05\/CollagenJar_Carton.jpg","contentUrl":"https:\/\/vitablanca.ma\/wp-content\/uploads\/2025\/05\/CollagenJar_Carton.jpg","width":2000,"height":2000},{"@type":"BreadcrumbList","@id":"https:\/\/vitablanca.ma\/produit\/qa-collagen-face-cream\/#breadcrumb","itemListElement":[{"@type":"ListItem","position":1,"name":"Home","item":"https:\/\/vitablanca.ma\/"},{"@type":"ListItem","position":2,"name":"Tous Les Produits","item":"https:\/\/vitablanca.ma\/tous-les-produits\/"},{"@type":"ListItem","position":3,"name":"Q+A Collagen Face Cream"}]},{"@type":"WebSite","@id":"https:\/\/vitablanca.ma\/#website","url":"https:\/\/vitablanca.ma\/","name":"VitaBlanca.ma | \u0627\u0644\u0645\u0643\u0645\u0644\u0627\u062a \u0627\u0644\u063a\u0630\u0627\u0626\u064a\u0629\u060c \u0627\u0644\u0635\u062d\u0629 \u0648\u0627\u0644\u062c\u0645\u0627\u0644 \u0641\u064a \u0627\u0644\u0645\u063a\u0631\u0628","description":"\u0646\u0628\u064a\u0639 \u0641\u064a\u062a\u0627\u0645\u064a\u0646\u0627\u062a \u0648\u0645\u0643\u0645\u0644\u0627\u062a \u063a\u0630\u0627\u0626\u064a\u0629 \u0641\u0627\u062e\u0631\u0629 \u0645\u0646 \u0627\u0644\u0648\u0644\u0627\u064a\u0627\u062a \u0627\u0644\u0645\u062a\u062d\u062f\u0629 \u0627\u0644\u0623\u0645\u0631\u064a\u0643\u064a\u0629 \u0648\u0643\u0646\u062f\u0627 \u0648\u0646\u064a\u0648\u0632\u064a\u0644\u0646\u062f\u0627 \u0648\u0627\u0644\u0645\u063a\u0631\u0628 (\u0646\u0627\u0648 \u0641\u0648\u062f\u0632\u060c \u0633\u0648\u0644\u062c\u0627\u0631\u060c \u0645\u0627\u0646\u0648\u0643\u0627). \u062a\u0648\u0635\u064a\u0644 \u0633\u0631\u064a\u0639 \u0625\u0644\u0649 \u062c\u0645\u064a\u0639 \u0623\u0646\u062d\u0627\u0621 \u0627\u0644\u0645\u063a\u0631\u0628.","publisher":{"@id":"https:\/\/vitablanca.ma\/#organization"},"alternateName":"VitaBlanca.ma","potentialAction":[{"@type":"SearchAction","target":{"@type":"EntryPoint","urlTemplate":"https:\/\/vitablanca.ma\/?s={search_term_string}"},"query-input":{"@type":"PropertyValueSpecification","valueRequired":true,"valueName":"search_term_string"}}],"inLanguage":"ar"},{"@type":"Organization","@id":"https:\/\/vitablanca.ma\/#organization","name":"\u0641\u064a\u062a\u0627\u0628\u0644\u0627\u0646\u0643\u0627","url":"https:\/\/vitablanca.ma\/","logo":{"@type":"ImageObject","inLanguage":"ar","@id":"https:\/\/vitablanca.ma\/#\/schema\/logo\/image\/","url":"https:\/\/vitablanca.ma\/wp-content\/uploads\/2025\/05\/cropped-vitablanca.png","contentUrl":"https:\/\/vitablanca.ma\/wp-content\/uploads\/2025\/05\/cropped-vitablanca.png","width":360,"height":67,"caption":"VitaBlanca"},"image":{"@id":"https:\/\/vitablanca.ma\/#\/schema\/logo\/image\/"},"sameAs":["https:\/\/www.facebook.com\/profile.php?id=61576678196717","https:\/\/www.tiktok.com\/@vitablanca.ma","https:\/\/www.instagram.com\/vitablanca.ma\/"]}]}},"jetpack_sharing_enabled":true,"_links":{"self":[{"href":"https:\/\/vitablanca.ma\/ar\/wp-json\/wp\/v2\/product\/10240","targetHints":{"allow":["GET"]}}],"collection":[{"href":"https:\/\/vitablanca.ma\/ar\/wp-json\/wp\/v2\/product"}],"about":[{"href":"https:\/\/vitablanca.ma\/ar\/wp-json\/wp\/v2\/types\/product"}],"wp:featuredmedia":[{"embeddable":true,"href":"https:\/\/vitablanca.ma\/ar\/wp-json\/wp\/v2\/media\/10235"}],"wp:attachment":[{"href":"https:\/\/vitablanca.ma\/ar\/wp-json\/wp\/v2\/media?parent=10240"}],"wp:term":[{"taxonomy":"product_brand","embeddable":true,"href":"https:\/\/vitablanca.ma\/ar\/wp-json\/wp\/v2\/product_brand?post=10240"},{"taxonomy":"product_cat","embeddable":true,"href":"https:\/\/vitablanca.ma\/ar\/wp-json\/wp\/v2\/product_cat?post=10240"},{"taxonomy":"product_tag","embeddable":true,"href":"https:\/\/vitablanca.ma\/ar\/wp-json\/wp\/v2\/product_tag?post=10240"}],"curies":[{"name":"wp","href":"https:\/\/api.w.org\/{rel}","templated":true}]}}