{"id":10225,"date":"2025-05-28T19:36:03","date_gmt":"2025-05-28T19:36:03","guid":{"rendered":"https:\/\/vitablanca.ma\/product\/uriage-bariesun-creme-hydratante-sans-parfum-spf50\/"},"modified":"2025-05-28T19:55:45","modified_gmt":"2025-05-28T19:55:45","slug":"uriage-bariesun-creme-hydratante-sans-parfum-spf50","status":"publish","type":"product","link":"https:\/\/vitablanca.ma\/ar\/product-2\/uriage-bariesun-creme-hydratante-sans-parfum-spf50\/","title":{"rendered":"\u0643\u0631\u064a\u0645 \u0645\u0631\u0637\u0628 \u064a\u0648\u0631\u064a\u0627\u062c \u0628\u0627\u0631\u064a\u0633\u0646 \u062e\u0627\u0644\u064a \u0645\u0646 \u0627\u0644\u0639\u0637\u0648\u0631 \u0628\u0639\u0627\u0645\u0644 \u062d\u0645\u0627\u064a\u0629 \u0645\u0646 \u0627\u0644\u0634\u0645\u0633 50+"},"content":{"rendered":"<p>Gr\u00e2ce \u00e0 un complexe filtrant tr\u00e8s performant, la cr\u00e8me apporte une tr\u00e8s haute protection contre les UVA, les UVB et pr\u00e9vient du dess\u00e8chement cutan\u00e9. Sa texture l\u00e9g\u00e8re, non grasse et r\u00e9sistante \u00e0 l\u2019eau, garantit un plaisir d\u2019utilisation renouvel\u00e9 \u00e0 chaque application. Ce soin tr\u00e8s fluide garantit une haute s\u00e9curit\u00e9, une grande tol\u00e9rance et p\u00e9n\u00e8tre rapidement.<\/p>\n<p>Prot\u00e8ge contre les UV<\/p>\n<p>Son complexe de filtres assure une tr\u00e8s haute protection contre les UV. Ce soin garantit une photostabilit\u00e9 prouv\u00e9e et une large couverture UVB-UVA.<\/p>\n<p>Pr\u00e9vient du dess\u00e8chement cutan\u00e9<\/p>\n<p>Enrichi en Aquaspongines et en Eau Thermale d\u2019Uriage, la cr\u00e8me assure une protection intense contre la d\u00e9shydratation.<\/p>\n<p>\u0637\u0631\u064a\u0642\u0629 \u0627\u0644\u0627\u0633\u062a\u062e\u062f\u0627\u0645:<\/p>\n<p>Avant l\u2019exposition, appliquer une dose g\u00e9n\u00e9reuse et homog\u00e8ne pour bien couvrir la zone expos\u00e9e au soleil. Renouveler l\u2019application fr\u00e9quemment, surtout apr\u00e8s avoir transpir\u00e9, nag\u00e9 ou s\u2019\u00eatre essuy\u00e9. M\u00eame bien prot\u00e9g\u00e9, r\u00e9duire au maximum l\u2019exposition. Ne pas exposer les b\u00e9b\u00e9s et les jeunes enfants directement au soleil.<\/p>","protected":false},"excerpt":{"rendered":"<p>Gr\u00e2ce \u00e0 un complexe filtrant tr\u00e8s performant, la cr\u00e8me apporte une tr\u00e8s haute protection contre les UVA, les UVB et pr\u00e9vient du dess\u00e8chement cutan\u00e9. Sa texture l\u00e9g\u00e8re, non grasse et r\u00e9sistante \u00e0 l\u2019eau, garantit un plaisir d\u2019utilisation renouvel\u00e9 \u00e0 chaque application. Ce soin tr\u00e8s fluide garantit une haute s\u00e9curit\u00e9, une grande tol\u00e9rance et p\u00e9n\u00e8tre rapidement. [&hellip;]<\/p>\n","protected":false},"featured_media":10223,"template":"","meta":{"om_disable_all_campaigns":false},"product_brand":[],"product_cat":[18,15,1186],"product_tag":[],"class_list":{"0":"post-10225","1":"product","2":"type-product","3":"status-publish","4":"has-post-thumbnail","6":"product_cat-beaute-sante","7":"product_cat-beaute-sante-complements-alimentaires-soins-et-bien-etre-au-meilleur-prix","8":"product_cat-visage","10":"first","11":"instock","12":"taxable","13":"shipping-taxable","14":"purchasable","15":"product-type-simple"},"yoast_head":"<!-- This site is optimized with the Yoast SEO plugin v27.3 - https:\/\/yoast.com\/product\/yoast-seo-wordpress\/ -->\n<title>Uriage BARI\u00c9SUN CR\u00c8ME HYDRATANTE SANS PARFUM SPF50+ - Maroc Prix<\/title>\n<meta name=\"description\" content=\"Uriage BARI\u00c9SUN CR\u00c8ME HYDRATANTE SANS PARFUM SPF50+\" \/>\n<meta name=\"robots\" content=\"index, follow, max-snippet:-1, max-image-preview:large, max-video-preview:-1\" \/>\n<link rel=\"canonical\" href=\"https:\/\/vitablanca.ma\/ar\/product-2\/uriage-bariesun-creme-hydratante-sans-parfum-spf50\/\" \/>\n<meta property=\"og:locale\" content=\"ar_AR\" \/>\n<meta property=\"og:type\" content=\"article\" \/>\n<meta property=\"og:title\" content=\"Uriage BARI\u00c9SUN CR\u00c8ME HYDRATANTE SANS PARFUM SPF50+ - Maroc Prix\" \/>\n<meta property=\"og:description\" content=\"Uriage BARI\u00c9SUN CR\u00c8ME HYDRATANTE SANS PARFUM SPF50+\" \/>\n<meta property=\"og:url\" content=\"https:\/\/vitablanca.ma\/ar\/product-2\/uriage-bariesun-creme-hydratante-sans-parfum-spf50\/\" \/>\n<meta property=\"og:site_name\" content=\"Vitablanca.ma &ndash; Sant&eacute;, vitalit&eacute; et bien-&ecirc;tre pour tous les Marocains\" \/>\n<meta property=\"article:publisher\" content=\"https:\/\/www.facebook.com\/profile.php?id=61576678196717\" \/>\n<meta property=\"article:modified_time\" content=\"2025-05-28T19:55:45+00:00\" \/>\n<meta property=\"og:image\" content=\"https:\/\/vitablanca.ma\/wp-content\/uploads\/2025\/05\/Uriage_BARI_SUN_CR_ME_HYDRATANTE_SANS_PARFUM_SPF50.png\" \/>\n\t<meta property=\"og:image:width\" content=\"837\" \/>\n\t<meta property=\"og:image:height\" content=\"786\" \/>\n\t<meta property=\"og:image:type\" content=\"image\/png\" \/>\n<meta name=\"twitter:card\" content=\"summary_large_image\" \/>\n<meta name=\"twitter:label1\" content=\"\u0648\u0642\u062a \u0627\u0644\u0642\u0631\u0627\u0621\u0629 \u0627\u0644\u0645\u064f\u0642\u062f\u0651\u0631\" \/>\n\t<meta name=\"twitter:data1\" content=\"\u062f\u0642\u064a\u0642\u0629 \u0648\u0627\u062d\u062f\u0629\" \/>\n<script type=\"application\/ld+json\" class=\"yoast-schema-graph\">{\"@context\":\"https:\\\/\\\/schema.org\",\"@graph\":[{\"@type\":[\"WebPage\",\"ItemPage\"],\"@id\":\"https:\\\/\\\/vitablanca.ma\\\/produit\\\/uriage-bariesun-creme-hydratante-sans-parfum-spf50\\\/\",\"url\":\"https:\\\/\\\/vitablanca.ma\\\/produit\\\/uriage-bariesun-creme-hydratante-sans-parfum-spf50\\\/\",\"name\":\"Uriage BARI\u00c9SUN CR\u00c8ME HYDRATANTE SANS PARFUM SPF50+ - Maroc Prix\",\"isPartOf\":{\"@id\":\"https:\\\/\\\/vitablanca.ma\\\/#website\"},\"primaryImageOfPage\":{\"@id\":\"https:\\\/\\\/vitablanca.ma\\\/produit\\\/uriage-bariesun-creme-hydratante-sans-parfum-spf50\\\/#primaryimage\"},\"image\":{\"@id\":\"https:\\\/\\\/vitablanca.ma\\\/produit\\\/uriage-bariesun-creme-hydratante-sans-parfum-spf50\\\/#primaryimage\"},\"thumbnailUrl\":\"https:\\\/\\\/vitablanca.ma\\\/wp-content\\\/uploads\\\/2025\\\/05\\\/Uriage_BARI_SUN_CR_ME_HYDRATANTE_SANS_PARFUM_SPF50.png\",\"datePublished\":\"2025-05-28T19:36:03+00:00\",\"dateModified\":\"2025-05-28T19:55:45+00:00\",\"description\":\"Uriage BARI\u00c9SUN CR\u00c8ME HYDRATANTE SANS PARFUM SPF50+\",\"breadcrumb\":{\"@id\":\"https:\\\/\\\/vitablanca.ma\\\/produit\\\/uriage-bariesun-creme-hydratante-sans-parfum-spf50\\\/#breadcrumb\"},\"inLanguage\":\"ar\",\"potentialAction\":[{\"@type\":\"ReadAction\",\"target\":[\"https:\\\/\\\/vitablanca.ma\\\/produit\\\/uriage-bariesun-creme-hydratante-sans-parfum-spf50\\\/\"]}]},{\"@type\":\"ImageObject\",\"inLanguage\":\"ar\",\"@id\":\"https:\\\/\\\/vitablanca.ma\\\/produit\\\/uriage-bariesun-creme-hydratante-sans-parfum-spf50\\\/#primaryimage\",\"url\":\"https:\\\/\\\/vitablanca.ma\\\/wp-content\\\/uploads\\\/2025\\\/05\\\/Uriage_BARI_SUN_CR_ME_HYDRATANTE_SANS_PARFUM_SPF50.png\",\"contentUrl\":\"https:\\\/\\\/vitablanca.ma\\\/wp-content\\\/uploads\\\/2025\\\/05\\\/Uriage_BARI_SUN_CR_ME_HYDRATANTE_SANS_PARFUM_SPF50.png\",\"width\":837,\"height\":786},{\"@type\":\"BreadcrumbList\",\"@id\":\"https:\\\/\\\/vitablanca.ma\\\/produit\\\/uriage-bariesun-creme-hydratante-sans-parfum-spf50\\\/#breadcrumb\",\"itemListElement\":[{\"@type\":\"ListItem\",\"position\":1,\"name\":\"Home\",\"item\":\"https:\\\/\\\/vitablanca.ma\\\/\"},{\"@type\":\"ListItem\",\"position\":2,\"name\":\"Tous Les Produits\",\"item\":\"https:\\\/\\\/vitablanca.ma\\\/tous-les-produits\\\/\"},{\"@type\":\"ListItem\",\"position\":3,\"name\":\"Uriage BARI\u00c9SUN CR\u00c8ME HYDRATANTE SANS PARFUM SPF50+\"}]},{\"@type\":\"WebSite\",\"@id\":\"https:\\\/\\\/vitablanca.ma\\\/#website\",\"url\":\"https:\\\/\\\/vitablanca.ma\\\/\",\"name\":\"VitaBlanca.ma | Compl\u00e9ments alimentaires, sant\u00e9 & beaut\u00e9 au Maroc\",\"description\":\"vendre vitamines et compl\u00e9ments premium des USA &amp; Canada, Nouvelle Z\u00e9lande,Maroc (NOW Foods, Solgar, Manuka). Livraison rapide partout au Maroc.\",\"publisher\":{\"@id\":\"https:\\\/\\\/vitablanca.ma\\\/#organization\"},\"alternateName\":\"VitaBlanca.ma\",\"potentialAction\":[{\"@type\":\"SearchAction\",\"target\":{\"@type\":\"EntryPoint\",\"urlTemplate\":\"https:\\\/\\\/vitablanca.ma\\\/?s={search_term_string}\"},\"query-input\":{\"@type\":\"PropertyValueSpecification\",\"valueRequired\":true,\"valueName\":\"search_term_string\"}}],\"inLanguage\":\"ar\"},{\"@type\":\"Organization\",\"@id\":\"https:\\\/\\\/vitablanca.ma\\\/#organization\",\"name\":\"VitaBlanca\",\"url\":\"https:\\\/\\\/vitablanca.ma\\\/\",\"logo\":{\"@type\":\"ImageObject\",\"inLanguage\":\"ar\",\"@id\":\"https:\\\/\\\/vitablanca.ma\\\/#\\\/schema\\\/logo\\\/image\\\/\",\"url\":\"https:\\\/\\\/vitablanca.ma\\\/wp-content\\\/uploads\\\/2025\\\/05\\\/cropped-vitablanca.png\",\"contentUrl\":\"https:\\\/\\\/vitablanca.ma\\\/wp-content\\\/uploads\\\/2025\\\/05\\\/cropped-vitablanca.png\",\"width\":360,\"height\":67,\"caption\":\"VitaBlanca\"},\"image\":{\"@id\":\"https:\\\/\\\/vitablanca.ma\\\/#\\\/schema\\\/logo\\\/image\\\/\"},\"sameAs\":[\"https:\\\/\\\/www.facebook.com\\\/profile.php?id=61576678196717\",\"https:\\\/\\\/www.tiktok.com\\\/@vitablanca.ma\",\"https:\\\/\\\/www.instagram.com\\\/vitablanca.ma\\\/\"]}]}<\/script>\n<!-- \/ Yoast SEO plugin. -->","yoast_head_json":{"title":"Uriage BARI\u00c9SUN CR\u00c8ME HYDRATANTE SANS PARFUM SPF50+ - Maroc Prix","description":"\u0643\u0631\u064a\u0645 \u0645\u0631\u0637\u0628 \u064a\u0648\u0631\u064a\u0627\u062c \u0628\u0627\u0631\u064a\u0633\u0646 \u062e\u0627\u0644\u064a \u0645\u0646 \u0627\u0644\u0639\u0637\u0648\u0631 \u0628\u0639\u0627\u0645\u0644 \u062d\u0645\u0627\u064a\u0629 \u0645\u0646 \u0627\u0644\u0634\u0645\u0633 50+","robots":{"index":"index","follow":"follow","max-snippet":"max-snippet:-1","max-image-preview":"max-image-preview:large","max-video-preview":"max-video-preview:-1"},"canonical":"https:\/\/vitablanca.ma\/ar\/product-2\/uriage-bariesun-creme-hydratante-sans-parfum-spf50\/","og_locale":"ar_AR","og_type":"article","og_title":"Uriage BARI\u00c9SUN CR\u00c8ME HYDRATANTE SANS PARFUM SPF50+ - Maroc Prix","og_description":"Uriage BARI\u00c9SUN CR\u00c8ME HYDRATANTE SANS PARFUM SPF50+","og_url":"https:\/\/vitablanca.ma\/ar\/product-2\/uriage-bariesun-creme-hydratante-sans-parfum-spf50\/","og_site_name":"Vitablanca.ma &ndash; Sant&eacute;, vitalit&eacute; et bien-&ecirc;tre pour tous les Marocains","article_publisher":"https:\/\/www.facebook.com\/profile.php?id=61576678196717","article_modified_time":"2025-05-28T19:55:45+00:00","og_image":[{"width":837,"height":786,"url":"https:\/\/vitablanca.ma\/wp-content\/uploads\/2025\/05\/Uriage_BARI_SUN_CR_ME_HYDRATANTE_SANS_PARFUM_SPF50.png","type":"image\/png"}],"twitter_card":"summary_large_image","twitter_misc":{"\u0648\u0642\u062a \u0627\u0644\u0642\u0631\u0627\u0621\u0629 \u0627\u0644\u0645\u064f\u0642\u062f\u0651\u0631":"\u062f\u0642\u064a\u0642\u0629 \u0648\u0627\u062d\u062f\u0629"},"schema":{"@context":"https:\/\/schema.org","@graph":[{"@type":["WebPage","ItemPage"],"@id":"https:\/\/vitablanca.ma\/produit\/uriage-bariesun-creme-hydratante-sans-parfum-spf50\/","url":"https:\/\/vitablanca.ma\/produit\/uriage-bariesun-creme-hydratante-sans-parfum-spf50\/","name":"Uriage BARI\u00c9SUN CR\u00c8ME HYDRATANTE SANS PARFUM SPF50+ - Maroc Prix","isPartOf":{"@id":"https:\/\/vitablanca.ma\/#website"},"primaryImageOfPage":{"@id":"https:\/\/vitablanca.ma\/produit\/uriage-bariesun-creme-hydratante-sans-parfum-spf50\/#primaryimage"},"image":{"@id":"https:\/\/vitablanca.ma\/produit\/uriage-bariesun-creme-hydratante-sans-parfum-spf50\/#primaryimage"},"thumbnailUrl":"https:\/\/vitablanca.ma\/wp-content\/uploads\/2025\/05\/Uriage_BARI_SUN_CR_ME_HYDRATANTE_SANS_PARFUM_SPF50.png","datePublished":"2025-05-28T19:36:03+00:00","dateModified":"2025-05-28T19:55:45+00:00","description":"\u0643\u0631\u064a\u0645 \u0645\u0631\u0637\u0628 \u064a\u0648\u0631\u064a\u0627\u062c \u0628\u0627\u0631\u064a\u0633\u0646 \u062e\u0627\u0644\u064a \u0645\u0646 \u0627\u0644\u0639\u0637\u0648\u0631 \u0628\u0639\u0627\u0645\u0644 \u062d\u0645\u0627\u064a\u0629 \u0645\u0646 \u0627\u0644\u0634\u0645\u0633 50+","breadcrumb":{"@id":"https:\/\/vitablanca.ma\/produit\/uriage-bariesun-creme-hydratante-sans-parfum-spf50\/#breadcrumb"},"inLanguage":"ar","potentialAction":[{"@type":"ReadAction","target":["https:\/\/vitablanca.ma\/produit\/uriage-bariesun-creme-hydratante-sans-parfum-spf50\/"]}]},{"@type":"ImageObject","inLanguage":"ar","@id":"https:\/\/vitablanca.ma\/produit\/uriage-bariesun-creme-hydratante-sans-parfum-spf50\/#primaryimage","url":"https:\/\/vitablanca.ma\/wp-content\/uploads\/2025\/05\/Uriage_BARI_SUN_CR_ME_HYDRATANTE_SANS_PARFUM_SPF50.png","contentUrl":"https:\/\/vitablanca.ma\/wp-content\/uploads\/2025\/05\/Uriage_BARI_SUN_CR_ME_HYDRATANTE_SANS_PARFUM_SPF50.png","width":837,"height":786},{"@type":"BreadcrumbList","@id":"https:\/\/vitablanca.ma\/produit\/uriage-bariesun-creme-hydratante-sans-parfum-spf50\/#breadcrumb","itemListElement":[{"@type":"ListItem","position":1,"name":"Home","item":"https:\/\/vitablanca.ma\/"},{"@type":"ListItem","position":2,"name":"Tous Les Produits","item":"https:\/\/vitablanca.ma\/tous-les-produits\/"},{"@type":"ListItem","position":3,"name":"Uriage BARI\u00c9SUN CR\u00c8ME HYDRATANTE SANS PARFUM SPF50+"}]},{"@type":"WebSite","@id":"https:\/\/vitablanca.ma\/#website","url":"https:\/\/vitablanca.ma\/","name":"VitaBlanca.ma | \u0627\u0644\u0645\u0643\u0645\u0644\u0627\u062a \u0627\u0644\u063a\u0630\u0627\u0626\u064a\u0629\u060c \u0627\u0644\u0635\u062d\u0629 \u0648\u0627\u0644\u062c\u0645\u0627\u0644 \u0641\u064a \u0627\u0644\u0645\u063a\u0631\u0628","description":"\u0646\u0628\u064a\u0639 \u0641\u064a\u062a\u0627\u0645\u064a\u0646\u0627\u062a \u0648\u0645\u0643\u0645\u0644\u0627\u062a \u063a\u0630\u0627\u0626\u064a\u0629 \u0641\u0627\u062e\u0631\u0629 \u0645\u0646 \u0627\u0644\u0648\u0644\u0627\u064a\u0627\u062a \u0627\u0644\u0645\u062a\u062d\u062f\u0629 \u0627\u0644\u0623\u0645\u0631\u064a\u0643\u064a\u0629 \u0648\u0643\u0646\u062f\u0627 \u0648\u0646\u064a\u0648\u0632\u064a\u0644\u0646\u062f\u0627 \u0648\u0627\u0644\u0645\u063a\u0631\u0628 (\u0646\u0627\u0648 \u0641\u0648\u062f\u0632\u060c \u0633\u0648\u0644\u062c\u0627\u0631\u060c \u0645\u0627\u0646\u0648\u0643\u0627). \u062a\u0648\u0635\u064a\u0644 \u0633\u0631\u064a\u0639 \u0625\u0644\u0649 \u062c\u0645\u064a\u0639 \u0623\u0646\u062d\u0627\u0621 \u0627\u0644\u0645\u063a\u0631\u0628.","publisher":{"@id":"https:\/\/vitablanca.ma\/#organization"},"alternateName":"VitaBlanca.ma","potentialAction":[{"@type":"SearchAction","target":{"@type":"EntryPoint","urlTemplate":"https:\/\/vitablanca.ma\/?s={search_term_string}"},"query-input":{"@type":"PropertyValueSpecification","valueRequired":true,"valueName":"search_term_string"}}],"inLanguage":"ar"},{"@type":"Organization","@id":"https:\/\/vitablanca.ma\/#organization","name":"\u0641\u064a\u062a\u0627\u0628\u0644\u0627\u0646\u0643\u0627","url":"https:\/\/vitablanca.ma\/","logo":{"@type":"ImageObject","inLanguage":"ar","@id":"https:\/\/vitablanca.ma\/#\/schema\/logo\/image\/","url":"https:\/\/vitablanca.ma\/wp-content\/uploads\/2025\/05\/cropped-vitablanca.png","contentUrl":"https:\/\/vitablanca.ma\/wp-content\/uploads\/2025\/05\/cropped-vitablanca.png","width":360,"height":67,"caption":"VitaBlanca"},"image":{"@id":"https:\/\/vitablanca.ma\/#\/schema\/logo\/image\/"},"sameAs":["https:\/\/www.facebook.com\/profile.php?id=61576678196717","https:\/\/www.tiktok.com\/@vitablanca.ma","https:\/\/www.instagram.com\/vitablanca.ma\/"]}]}},"jetpack_sharing_enabled":true,"_links":{"self":[{"href":"https:\/\/vitablanca.ma\/ar\/wp-json\/wp\/v2\/product\/10225","targetHints":{"allow":["GET"]}}],"collection":[{"href":"https:\/\/vitablanca.ma\/ar\/wp-json\/wp\/v2\/product"}],"about":[{"href":"https:\/\/vitablanca.ma\/ar\/wp-json\/wp\/v2\/types\/product"}],"wp:featuredmedia":[{"embeddable":true,"href":"https:\/\/vitablanca.ma\/ar\/wp-json\/wp\/v2\/media\/10223"}],"wp:attachment":[{"href":"https:\/\/vitablanca.ma\/ar\/wp-json\/wp\/v2\/media?parent=10225"}],"wp:term":[{"taxonomy":"product_brand","embeddable":true,"href":"https:\/\/vitablanca.ma\/ar\/wp-json\/wp\/v2\/product_brand?post=10225"},{"taxonomy":"product_cat","embeddable":true,"href":"https:\/\/vitablanca.ma\/ar\/wp-json\/wp\/v2\/product_cat?post=10225"},{"taxonomy":"product_tag","embeddable":true,"href":"https:\/\/vitablanca.ma\/ar\/wp-json\/wp\/v2\/product_tag?post=10225"}],"curies":[{"name":"wp","href":"https:\/\/api.w.org\/{rel}","templated":true}]}}